{"id":6226,"date":"2021-02-22T15:16:32","date_gmt":"2021-02-22T14:16:32","guid":{"rendered":"https:\/\/nueva.elmejorjamon.es\/producto\/atum-light-em-conserva-frito-viuda-de-domingo-gueenaga-180g-esc\/"},"modified":"2025-01-15T11:14:53","modified_gmt":"2025-01-15T10:14:53","slug":"atum-marinado-em-conserva-frito-viuda-de-domingo-gueenaga-180g-esc","status":"publish","type":"product","link":"https:\/\/elmejorjamon.es\/pt\/producto\/atum-marinado-em-conserva-frito-viuda-de-domingo-gueenaga-180g-esc\/","title":{"rendered":"Atum marinado em conserva levemente frito em lata da Viuda de Domingo G\u00fcenaga 180g esc."},"content":{"rendered":"<p>Atum marinado em conserva levemente frito em lata da Viuda de Domingo G\u00fcenaga 180g esc.<\/p>\n<p>pode com abertura f\u00e1cil<\/p>\n<p>Ingredientes: Atum light (Peixe), vinagre, \u00f3leo vegetal e sal.<\/p>\n","protected":false},"excerpt":{"rendered":"<p>Atum marinado em conserva levemente frito em lata da Viuda de Domingo G\u00fcenaga 180g esc.<\/p>\n","protected":false},"featured_media":6204,"comment_status":"open","ping_status":"closed","template":"","meta":{"_et_pb_use_builder":"","_et_pb_old_content":"","_et_gb_content_width":"","_sitemap_exclude":false,"_sitemap_priority":"","_sitemap_frequency":""},"product_brand":[],"product_cat":[804,795,798,834],"product_tag":[],"class_list":{"0":"post-6226","1":"product","2":"type-product","3":"status-publish","4":"has-post-thumbnail","6":"product_cat-atum-pt-pt","7":"product_cat-comecar","8":"product_cat-enlatados","9":"product_cat-todos-os-produtos-pt-pt","10":"product_shipping_class-normal-pt","11":"pa_opciones-1-peca","12":"pa_opciones-caixainteirade48unidades-pt","14":"first","15":"instock","16":"shipping-taxable","17":"purchasable","18":"product-type-variable","19":"has-default-attributes"},"yoast_head":"<!-- This site is optimized with the Yoast SEO plugin v27.2 - https:\/\/yoast.com\/product\/yoast-seo-wordpress\/ -->\n<title>Atum marinado em conserva levemente frito em lata da Viuda de Domingo G\u00fcenaga 180g esc. - El Mejor Jam\u00f3n<\/title>\n<meta name=\"robots\" content=\"index, follow, max-snippet:-1, max-image-preview:large, max-video-preview:-1\" \/>\n<link rel=\"canonical\" href=\"https:\/\/elmejorjamon.es\/pt\/producto\/atum-marinado-em-conserva-frito-viuda-de-domingo-gueenaga-180g-esc\/\" \/>\n<meta property=\"og:locale\" content=\"pt_PT\" \/>\n<meta property=\"og:type\" content=\"article\" \/>\n<meta property=\"og:title\" content=\"Atum marinado em conserva levemente frito em lata da Viuda de Domingo G\u00fcenaga 180g esc. - El Mejor Jam\u00f3n\" \/>\n<meta property=\"og:description\" content=\"Atum marinado em conserva levemente frito em lata da Viuda de Domingo G\u00fcenaga 180g esc.\" \/>\n<meta property=\"og:url\" content=\"https:\/\/elmejorjamon.es\/pt\/producto\/atum-marinado-em-conserva-frito-viuda-de-domingo-gueenaga-180g-esc\/\" \/>\n<meta property=\"og:site_name\" content=\"El Mejor Jam\u00f3n\" \/>\n<meta property=\"article:publisher\" content=\"https:\/\/www.facebook.com\/elmejorjamonweb\" \/>\n<meta property=\"article:modified_time\" content=\"2025-01-15T10:14:53+00:00\" \/>\n<meta property=\"og:image\" content=\"https:\/\/elmejorjamon.es\/wp-content\/uploads\/2021\/02\/1848-thickbox_default-Atun-claro-frito-escabeche-Viuda-de-Domingo-Guenaga-180g-esc.jpg\" \/>\n\t<meta property=\"og:image:width\" content=\"1100\" \/>\n\t<meta property=\"og:image:height\" content=\"1422\" \/>\n\t<meta property=\"og:image:type\" content=\"image\/jpeg\" \/>\n<meta name=\"twitter:card\" content=\"summary_large_image\" \/>\n<meta name=\"twitter:site\" content=\"@elmejorjamonweb\" \/>\n<meta name=\"twitter:label1\" content=\"Tempo estimado de leitura\" \/>\n\t<meta name=\"twitter:data1\" content=\"1 minuto\" \/>\n<script type=\"application\/ld+json\" class=\"yoast-schema-graph\">{\"@context\":\"https:\/\/schema.org\",\"@graph\":[{\"@type\":\"WebPage\",\"@id\":\"https:\/\/elmejorjamon.es\/pt\/producto\/atum-marinado-em-conserva-frito-viuda-de-domingo-gueenaga-180g-esc\/\",\"url\":\"https:\/\/elmejorjamon.es\/pt\/producto\/atum-marinado-em-conserva-frito-viuda-de-domingo-gueenaga-180g-esc\/\",\"name\":\"Atum marinado em conserva levemente frito em lata da Viuda de Domingo G\u00fcenaga 180g esc. - El Mejor Jam\u00f3n\",\"isPartOf\":{\"@id\":\"https:\/\/elmejorjamon.es\/#website\"},\"primaryImageOfPage\":{\"@id\":\"https:\/\/elmejorjamon.es\/pt\/producto\/atum-marinado-em-conserva-frito-viuda-de-domingo-gueenaga-180g-esc\/#primaryimage\"},\"image\":{\"@id\":\"https:\/\/elmejorjamon.es\/pt\/producto\/atum-marinado-em-conserva-frito-viuda-de-domingo-gueenaga-180g-esc\/#primaryimage\"},\"thumbnailUrl\":\"https:\/\/elmejorjamon.es\/wp-content\/uploads\/2021\/02\/1848-thickbox_default-Atun-claro-frito-escabeche-Viuda-de-Domingo-Guenaga-180g-esc.jpg\",\"datePublished\":\"2021-02-22T14:16:32+00:00\",\"dateModified\":\"2025-01-15T10:14:53+00:00\",\"breadcrumb\":{\"@id\":\"https:\/\/elmejorjamon.es\/pt\/producto\/atum-marinado-em-conserva-frito-viuda-de-domingo-gueenaga-180g-esc\/#breadcrumb\"},\"inLanguage\":\"pt-PT\",\"potentialAction\":[{\"@type\":\"ReadAction\",\"target\":[\"https:\/\/elmejorjamon.es\/pt\/producto\/atum-marinado-em-conserva-frito-viuda-de-domingo-gueenaga-180g-esc\/\"]}]},{\"@type\":\"ImageObject\",\"inLanguage\":\"pt-PT\",\"@id\":\"https:\/\/elmejorjamon.es\/pt\/producto\/atum-marinado-em-conserva-frito-viuda-de-domingo-gueenaga-180g-esc\/#primaryimage\",\"url\":\"https:\/\/elmejorjamon.es\/wp-content\/uploads\/2021\/02\/1848-thickbox_default-Atun-claro-frito-escabeche-Viuda-de-Domingo-Guenaga-180g-esc.jpg\",\"contentUrl\":\"https:\/\/elmejorjamon.es\/wp-content\/uploads\/2021\/02\/1848-thickbox_default-Atun-claro-frito-escabeche-Viuda-de-Domingo-Guenaga-180g-esc.jpg\",\"width\":1100,\"height\":1422},{\"@type\":\"BreadcrumbList\",\"@id\":\"https:\/\/elmejorjamon.es\/pt\/producto\/atum-marinado-em-conserva-frito-viuda-de-domingo-gueenaga-180g-esc\/#breadcrumb\",\"itemListElement\":[{\"@type\":\"ListItem\",\"position\":1,\"name\":\"Portada\",\"item\":\"https:\/\/elmejorjamon.es\/pt\/\"},{\"@type\":\"ListItem\",\"position\":2,\"name\":\"In\u00edcio r\u00e1pido\",\"item\":\"https:\/\/elmejorjamon.es\/pt\/\"},{\"@type\":\"ListItem\",\"position\":3,\"name\":\"Atum marinado em conserva levemente frito em lata da Viuda de Domingo G\u00fcenaga 180g esc.\"}]},{\"@type\":\"WebSite\",\"@id\":\"https:\/\/elmejorjamon.es\/#website\",\"url\":\"https:\/\/elmejorjamon.es\/\",\"name\":\"El Mejor Jam\u00f3n\",\"description\":\"Comprar jamones y embutidos a buen precio\",\"publisher\":{\"@id\":\"https:\/\/elmejorjamon.es\/#organization\"},\"potentialAction\":[{\"@type\":\"SearchAction\",\"target\":{\"@type\":\"EntryPoint\",\"urlTemplate\":\"https:\/\/elmejorjamon.es\/?s={search_term_string}\"},\"query-input\":{\"@type\":\"PropertyValueSpecification\",\"valueRequired\":true,\"valueName\":\"search_term_string\"}}],\"inLanguage\":\"pt-PT\"},{\"@type\":\"Organization\",\"@id\":\"https:\/\/elmejorjamon.es\/#organization\",\"name\":\"El Mejor Jam\u00f3n\",\"url\":\"https:\/\/elmejorjamon.es\/\",\"logo\":{\"@type\":\"ImageObject\",\"inLanguage\":\"pt-PT\",\"@id\":\"https:\/\/elmejorjamon.es\/#\/schema\/logo\/image\/\",\"url\":\"https:\/\/elmejorjamon.es\/wp-content\/uploads\/2025\/01\/logocorreos.png\",\"contentUrl\":\"https:\/\/elmejorjamon.es\/wp-content\/uploads\/2025\/01\/logocorreos.png\",\"width\":277,\"height\":200,\"caption\":\"El Mejor Jam\u00f3n\"},\"image\":{\"@id\":\"https:\/\/elmejorjamon.es\/#\/schema\/logo\/image\/\"},\"sameAs\":[\"https:\/\/www.facebook.com\/elmejorjamonweb\",\"https:\/\/x.com\/elmejorjamonweb\",\"https:\/\/www.instagram.com\/elmejorjamonweb\/\"]}]}<\/script>\n<!-- \/ Yoast SEO plugin. -->","yoast_head_json":{"title":"Atum marinado em conserva levemente frito em lata da Viuda de Domingo G\u00fcenaga 180g esc. - El Mejor Jam\u00f3n","robots":{"index":"index","follow":"follow","max-snippet":"max-snippet:-1","max-image-preview":"max-image-preview:large","max-video-preview":"max-video-preview:-1"},"canonical":"https:\/\/elmejorjamon.es\/pt\/producto\/atum-marinado-em-conserva-frito-viuda-de-domingo-gueenaga-180g-esc\/","og_locale":"pt_PT","og_type":"article","og_title":"Atum marinado em conserva levemente frito em lata da Viuda de Domingo G\u00fcenaga 180g esc. - El Mejor Jam\u00f3n","og_description":"Atum marinado em conserva levemente frito em lata da Viuda de Domingo G\u00fcenaga 180g esc.","og_url":"https:\/\/elmejorjamon.es\/pt\/producto\/atum-marinado-em-conserva-frito-viuda-de-domingo-gueenaga-180g-esc\/","og_site_name":"El Mejor Jam\u00f3n","article_publisher":"https:\/\/www.facebook.com\/elmejorjamonweb","article_modified_time":"2025-01-15T10:14:53+00:00","og_image":[{"width":1100,"height":1422,"url":"https:\/\/elmejorjamon.es\/wp-content\/uploads\/2021\/02\/1848-thickbox_default-Atun-claro-frito-escabeche-Viuda-de-Domingo-Guenaga-180g-esc.jpg","type":"image\/jpeg"}],"twitter_card":"summary_large_image","twitter_site":"@elmejorjamonweb","twitter_misc":{"Tempo estimado de leitura":"1 minuto"},"schema":{"@context":"https:\/\/schema.org","@graph":[{"@type":"WebPage","@id":"https:\/\/elmejorjamon.es\/pt\/producto\/atum-marinado-em-conserva-frito-viuda-de-domingo-gueenaga-180g-esc\/","url":"https:\/\/elmejorjamon.es\/pt\/producto\/atum-marinado-em-conserva-frito-viuda-de-domingo-gueenaga-180g-esc\/","name":"Atum marinado em conserva levemente frito em lata da Viuda de Domingo G\u00fcenaga 180g esc. - El Mejor Jam\u00f3n","isPartOf":{"@id":"https:\/\/elmejorjamon.es\/#website"},"primaryImageOfPage":{"@id":"https:\/\/elmejorjamon.es\/pt\/producto\/atum-marinado-em-conserva-frito-viuda-de-domingo-gueenaga-180g-esc\/#primaryimage"},"image":{"@id":"https:\/\/elmejorjamon.es\/pt\/producto\/atum-marinado-em-conserva-frito-viuda-de-domingo-gueenaga-180g-esc\/#primaryimage"},"thumbnailUrl":"https:\/\/elmejorjamon.es\/wp-content\/uploads\/2021\/02\/1848-thickbox_default-Atun-claro-frito-escabeche-Viuda-de-Domingo-Guenaga-180g-esc.jpg","datePublished":"2021-02-22T14:16:32+00:00","dateModified":"2025-01-15T10:14:53+00:00","breadcrumb":{"@id":"https:\/\/elmejorjamon.es\/pt\/producto\/atum-marinado-em-conserva-frito-viuda-de-domingo-gueenaga-180g-esc\/#breadcrumb"},"inLanguage":"pt-PT","potentialAction":[{"@type":"ReadAction","target":["https:\/\/elmejorjamon.es\/pt\/producto\/atum-marinado-em-conserva-frito-viuda-de-domingo-gueenaga-180g-esc\/"]}]},{"@type":"ImageObject","inLanguage":"pt-PT","@id":"https:\/\/elmejorjamon.es\/pt\/producto\/atum-marinado-em-conserva-frito-viuda-de-domingo-gueenaga-180g-esc\/#primaryimage","url":"https:\/\/elmejorjamon.es\/wp-content\/uploads\/2021\/02\/1848-thickbox_default-Atun-claro-frito-escabeche-Viuda-de-Domingo-Guenaga-180g-esc.jpg","contentUrl":"https:\/\/elmejorjamon.es\/wp-content\/uploads\/2021\/02\/1848-thickbox_default-Atun-claro-frito-escabeche-Viuda-de-Domingo-Guenaga-180g-esc.jpg","width":1100,"height":1422},{"@type":"BreadcrumbList","@id":"https:\/\/elmejorjamon.es\/pt\/producto\/atum-marinado-em-conserva-frito-viuda-de-domingo-gueenaga-180g-esc\/#breadcrumb","itemListElement":[{"@type":"ListItem","position":1,"name":"Portada","item":"https:\/\/elmejorjamon.es\/pt\/"},{"@type":"ListItem","position":2,"name":"In\u00edcio r\u00e1pido","item":"https:\/\/elmejorjamon.es\/pt\/"},{"@type":"ListItem","position":3,"name":"Atum marinado em conserva levemente frito em lata da Viuda de Domingo G\u00fcenaga 180g esc."}]},{"@type":"WebSite","@id":"https:\/\/elmejorjamon.es\/#website","url":"https:\/\/elmejorjamon.es\/","name":"El Mejor Jam\u00f3n","description":"Comprar jamones y embutidos a buen precio","publisher":{"@id":"https:\/\/elmejorjamon.es\/#organization"},"potentialAction":[{"@type":"SearchAction","target":{"@type":"EntryPoint","urlTemplate":"https:\/\/elmejorjamon.es\/?s={search_term_string}"},"query-input":{"@type":"PropertyValueSpecification","valueRequired":true,"valueName":"search_term_string"}}],"inLanguage":"pt-PT"},{"@type":"Organization","@id":"https:\/\/elmejorjamon.es\/#organization","name":"El Mejor Jam\u00f3n","url":"https:\/\/elmejorjamon.es\/","logo":{"@type":"ImageObject","inLanguage":"pt-PT","@id":"https:\/\/elmejorjamon.es\/#\/schema\/logo\/image\/","url":"https:\/\/elmejorjamon.es\/wp-content\/uploads\/2025\/01\/logocorreos.png","contentUrl":"https:\/\/elmejorjamon.es\/wp-content\/uploads\/2025\/01\/logocorreos.png","width":277,"height":200,"caption":"El Mejor Jam\u00f3n"},"image":{"@id":"https:\/\/elmejorjamon.es\/#\/schema\/logo\/image\/"},"sameAs":["https:\/\/www.facebook.com\/elmejorjamonweb","https:\/\/x.com\/elmejorjamonweb","https:\/\/www.instagram.com\/elmejorjamonweb\/"]}]}},"_links":{"self":[{"href":"https:\/\/elmejorjamon.es\/pt\/wp-json\/wp\/v2\/product\/6226","targetHints":{"allow":["GET"]}}],"collection":[{"href":"https:\/\/elmejorjamon.es\/pt\/wp-json\/wp\/v2\/product"}],"about":[{"href":"https:\/\/elmejorjamon.es\/pt\/wp-json\/wp\/v2\/types\/product"}],"replies":[{"embeddable":true,"href":"https:\/\/elmejorjamon.es\/pt\/wp-json\/wp\/v2\/comments?post=6226"}],"wp:featuredmedia":[{"embeddable":true,"href":"https:\/\/elmejorjamon.es\/pt\/wp-json\/wp\/v2\/media\/6204"}],"wp:attachment":[{"href":"https:\/\/elmejorjamon.es\/pt\/wp-json\/wp\/v2\/media?parent=6226"}],"wp:term":[{"taxonomy":"product_brand","embeddable":true,"href":"https:\/\/elmejorjamon.es\/pt\/wp-json\/wp\/v2\/product_brand?post=6226"},{"taxonomy":"product_cat","embeddable":true,"href":"https:\/\/elmejorjamon.es\/pt\/wp-json\/wp\/v2\/product_cat?post=6226"},{"taxonomy":"product_tag","embeddable":true,"href":"https:\/\/elmejorjamon.es\/pt\/wp-json\/wp\/v2\/product_tag?post=6226"}],"curies":[{"name":"wp","href":"https:\/\/api.w.org\/{rel}","templated":true}]}}