{"id":4518,"date":"2018-06-04T13:54:57","date_gmt":"2018-06-04T12:54:57","guid":{"rendered":"https:\/\/nueva.elmejorjamon.es\/producto\/anchovas-codesa-serie-limitada-8-filetes-115-g\/"},"modified":"2026-03-16T09:51:03","modified_gmt":"2026-03-16T08:51:03","slug":"anchovas-codesa-serie-limitada-8-filetes-115-g","status":"publish","type":"product","link":"https:\/\/elmejorjamon.es\/pt\/producto\/anchovas-codesa-serie-limitada-8-filetes-115-g\/","title":{"rendered":"Anchovas Codesa s\u00e9rie limitada 8 filetes 115 g."},"content":{"rendered":"<p>Anchovas Codesa s\u00e9rie limitada 8 filetes 115 g.<br \/>\nA S\u00e9rie Limitada \u00e9 elaborada com a sele\u00e7\u00e3o dos MAIORES CALIBREES de Bocarte \/ boquer\u00f3n selecionados nas capturas da ALBA adquiridas nos portos mar\u00edtimos do Golfo da Biscaia nos meses de abril e maio, momento em que o Bocarte \/ Boquer\u00f3n atinge sua m\u00e1xima qualidade para a elabora\u00e7\u00e3o da Salga, que ser\u00e1 curada na adega por uma m\u00e9dia de um ano. Mais tarde, \u00e9 elaborado em filetes apetitosos de forma totalmente artesanal, onde apenas algumas m\u00e3os experientes do fil\u00e9 da Cant\u00e1bria poder\u00e3o mim\u00e1-las e elabor\u00e1-las em pequenas PRODU\u00c7\u00d5ES LIMITADAS, onde a QUALIDADE M\u00c1XIMA prevalecer\u00e1 sobre a quantidade. Finalmente, eles ser\u00e3o adotados por um dos melhores fabricantes de ouro para o melhor \u00f3leo do mundo em 2012, 2013 e 2015, que far\u00e1 uma combina\u00e7\u00e3o perfeita para os paladares mais exigentes.<\/p>\n","protected":false},"excerpt":{"rendered":"<p>Anchovas Codesa s\u00e9rie limitada 8 filetes 115 g.<\/p>\n","protected":false},"featured_media":19775,"comment_status":"open","ping_status":"closed","template":"","meta":{"_et_pb_use_builder":"","_et_pb_old_content":"","_et_gb_content_width":"","_sitemap_exclude":false,"_sitemap_priority":"","_sitemap_frequency":""},"product_brand":[],"product_cat":[803,795,834],"product_tag":[],"class_list":{"0":"post-4518","1":"product","2":"type-product","3":"status-publish","4":"has-post-thumbnail","6":"product_cat-anchovas-pt-pt","7":"product_cat-comecar","8":"product_cat-todos-os-produtos-pt-pt","9":"product_shipping_class-normal-pt","11":"first","12":"outofstock","13":"shipping-taxable","14":"purchasable","15":"product-type-simple"},"yoast_head":"<!-- This site is optimized with the Yoast SEO plugin v27.6 - https:\/\/yoast.com\/product\/yoast-seo-wordpress\/ -->\n<title>Anchovas Codesa s\u00e9rie limitada 8 filetes 115 g. - El Mejor Jam\u00f3n<\/title>\n<meta name=\"robots\" content=\"index, follow, max-snippet:-1, max-image-preview:large, max-video-preview:-1\" \/>\n<link rel=\"canonical\" href=\"https:\/\/elmejorjamon.es\/pt\/producto\/anchovas-codesa-serie-limitada-8-filetes-115-g\/\" \/>\n<meta property=\"og:locale\" content=\"pt_PT\" \/>\n<meta property=\"og:type\" content=\"article\" \/>\n<meta property=\"og:title\" content=\"Anchovas Codesa s\u00e9rie limitada 8 filetes 115 g. - El Mejor Jam\u00f3n\" \/>\n<meta property=\"og:description\" content=\"Anchovas Codesa s\u00e9rie limitada 8 filetes 115 g.\" \/>\n<meta property=\"og:url\" content=\"https:\/\/elmejorjamon.es\/pt\/producto\/anchovas-codesa-serie-limitada-8-filetes-115-g\/\" \/>\n<meta property=\"og:site_name\" content=\"El Mejor Jam\u00f3n\" \/>\n<meta property=\"article:publisher\" content=\"https:\/\/www.facebook.com\/elmejorjamonweb\" \/>\n<meta property=\"article:modified_time\" content=\"2026-03-16T08:51:03+00:00\" \/>\n<meta property=\"og:image\" content=\"https:\/\/elmejorjamon.es\/wp-content\/uploads\/2018\/06\/1854-thickbox_default-Anchoas-Codesa-serie-limitada-8-filetes-115-g.-especial-Hosteleria.jpg\" \/>\n\t<meta property=\"og:image:width\" content=\"1100\" \/>\n\t<meta property=\"og:image:height\" content=\"1422\" \/>\n\t<meta property=\"og:image:type\" content=\"image\/jpeg\" \/>\n<meta name=\"twitter:card\" content=\"summary_large_image\" \/>\n<meta name=\"twitter:site\" content=\"@elmejorjamonweb\" \/>\n<meta name=\"twitter:label1\" content=\"Tempo estimado de leitura\" \/>\n\t<meta name=\"twitter:data1\" content=\"1 minuto\" \/>\n<script type=\"application\/ld+json\" class=\"yoast-schema-graph\">{\"@context\":\"https:\\\/\\\/schema.org\",\"@graph\":[{\"@type\":\"WebPage\",\"@id\":\"https:\\\/\\\/elmejorjamon.es\\\/pt\\\/producto\\\/anchovas-codesa-serie-limitada-8-filetes-115-g\\\/\",\"url\":\"https:\\\/\\\/elmejorjamon.es\\\/pt\\\/producto\\\/anchovas-codesa-serie-limitada-8-filetes-115-g\\\/\",\"name\":\"Anchovas Codesa s\u00e9rie limitada 8 filetes 115 g. - El Mejor Jam\u00f3n\",\"isPartOf\":{\"@id\":\"https:\\\/\\\/elmejorjamon.es\\\/#website\"},\"primaryImageOfPage\":{\"@id\":\"https:\\\/\\\/elmejorjamon.es\\\/pt\\\/producto\\\/anchovas-codesa-serie-limitada-8-filetes-115-g\\\/#primaryimage\"},\"image\":{\"@id\":\"https:\\\/\\\/elmejorjamon.es\\\/pt\\\/producto\\\/anchovas-codesa-serie-limitada-8-filetes-115-g\\\/#primaryimage\"},\"thumbnailUrl\":\"https:\\\/\\\/elmejorjamon.es\\\/wp-content\\\/uploads\\\/2018\\\/06\\\/CODESA8FILETES.jpg\",\"datePublished\":\"2018-06-04T12:54:57+00:00\",\"dateModified\":\"2026-03-16T08:51:03+00:00\",\"breadcrumb\":{\"@id\":\"https:\\\/\\\/elmejorjamon.es\\\/pt\\\/producto\\\/anchovas-codesa-serie-limitada-8-filetes-115-g\\\/#breadcrumb\"},\"inLanguage\":\"pt-PT\",\"potentialAction\":[{\"@type\":\"ReadAction\",\"target\":[\"https:\\\/\\\/elmejorjamon.es\\\/pt\\\/producto\\\/anchovas-codesa-serie-limitada-8-filetes-115-g\\\/\"]}]},{\"@type\":\"ImageObject\",\"inLanguage\":\"pt-PT\",\"@id\":\"https:\\\/\\\/elmejorjamon.es\\\/pt\\\/producto\\\/anchovas-codesa-serie-limitada-8-filetes-115-g\\\/#primaryimage\",\"url\":\"https:\\\/\\\/elmejorjamon.es\\\/wp-content\\\/uploads\\\/2018\\\/06\\\/CODESA8FILETES.jpg\",\"contentUrl\":\"https:\\\/\\\/elmejorjamon.es\\\/wp-content\\\/uploads\\\/2018\\\/06\\\/CODESA8FILETES.jpg\",\"width\":819,\"height\":544},{\"@type\":\"BreadcrumbList\",\"@id\":\"https:\\\/\\\/elmejorjamon.es\\\/pt\\\/producto\\\/anchovas-codesa-serie-limitada-8-filetes-115-g\\\/#breadcrumb\",\"itemListElement\":[{\"@type\":\"ListItem\",\"position\":1,\"name\":\"Portada\",\"item\":\"https:\\\/\\\/elmejorjamon.es\\\/pt\\\/\"},{\"@type\":\"ListItem\",\"position\":2,\"name\":\"In\u00edcio r\u00e1pido\",\"item\":\"https:\\\/\\\/elmejorjamon.es\\\/pt\\\/\"},{\"@type\":\"ListItem\",\"position\":3,\"name\":\"Anchovas Codesa s\u00e9rie limitada 8 filetes 115 g.\"}]},{\"@type\":\"WebSite\",\"@id\":\"https:\\\/\\\/elmejorjamon.es\\\/#website\",\"url\":\"https:\\\/\\\/elmejorjamon.es\\\/\",\"name\":\"El Mejor Jam\u00f3n\",\"description\":\"Comprar jamones y embutidos a buen precio\",\"publisher\":{\"@id\":\"https:\\\/\\\/elmejorjamon.es\\\/#organization\"},\"potentialAction\":[{\"@type\":\"SearchAction\",\"target\":{\"@type\":\"EntryPoint\",\"urlTemplate\":\"https:\\\/\\\/elmejorjamon.es\\\/?s={search_term_string}\"},\"query-input\":{\"@type\":\"PropertyValueSpecification\",\"valueRequired\":true,\"valueName\":\"search_term_string\"}}],\"inLanguage\":\"pt-PT\"},{\"@type\":\"Organization\",\"@id\":\"https:\\\/\\\/elmejorjamon.es\\\/#organization\",\"name\":\"El Mejor Jam\u00f3n\",\"url\":\"https:\\\/\\\/elmejorjamon.es\\\/\",\"logo\":{\"@type\":\"ImageObject\",\"inLanguage\":\"pt-PT\",\"@id\":\"https:\\\/\\\/elmejorjamon.es\\\/#\\\/schema\\\/logo\\\/image\\\/\",\"url\":\"https:\\\/\\\/elmejorjamon.es\\\/wp-content\\\/uploads\\\/2025\\\/01\\\/logocorreos.png\",\"contentUrl\":\"https:\\\/\\\/elmejorjamon.es\\\/wp-content\\\/uploads\\\/2025\\\/01\\\/logocorreos.png\",\"width\":277,\"height\":200,\"caption\":\"El Mejor Jam\u00f3n\"},\"image\":{\"@id\":\"https:\\\/\\\/elmejorjamon.es\\\/#\\\/schema\\\/logo\\\/image\\\/\"},\"sameAs\":[\"https:\\\/\\\/www.facebook.com\\\/elmejorjamonweb\",\"https:\\\/\\\/x.com\\\/elmejorjamonweb\",\"https:\\\/\\\/www.instagram.com\\\/elmejorjamonweb\\\/\"]}]}<\/script>\n<!-- \/ Yoast SEO plugin. -->","yoast_head_json":{"title":"Anchovas Codesa s\u00e9rie limitada 8 filetes 115 g. - El Mejor Jam\u00f3n","robots":{"index":"index","follow":"follow","max-snippet":"max-snippet:-1","max-image-preview":"max-image-preview:large","max-video-preview":"max-video-preview:-1"},"canonical":"https:\/\/elmejorjamon.es\/pt\/producto\/anchovas-codesa-serie-limitada-8-filetes-115-g\/","og_locale":"pt_PT","og_type":"article","og_title":"Anchovas Codesa s\u00e9rie limitada 8 filetes 115 g. - El Mejor Jam\u00f3n","og_description":"Anchovas Codesa s\u00e9rie limitada 8 filetes 115 g.","og_url":"https:\/\/elmejorjamon.es\/pt\/producto\/anchovas-codesa-serie-limitada-8-filetes-115-g\/","og_site_name":"El Mejor Jam\u00f3n","article_publisher":"https:\/\/www.facebook.com\/elmejorjamonweb","article_modified_time":"2026-03-16T08:51:03+00:00","og_image":[{"width":1100,"height":1422,"url":"https:\/\/elmejorjamon.es\/wp-content\/uploads\/2018\/06\/1854-thickbox_default-Anchoas-Codesa-serie-limitada-8-filetes-115-g.-especial-Hosteleria.jpg","type":"image\/jpeg"}],"twitter_card":"summary_large_image","twitter_site":"@elmejorjamonweb","twitter_misc":{"Tempo estimado de leitura":"1 minuto"},"schema":{"@context":"https:\/\/schema.org","@graph":[{"@type":"WebPage","@id":"https:\/\/elmejorjamon.es\/pt\/producto\/anchovas-codesa-serie-limitada-8-filetes-115-g\/","url":"https:\/\/elmejorjamon.es\/pt\/producto\/anchovas-codesa-serie-limitada-8-filetes-115-g\/","name":"Anchovas Codesa s\u00e9rie limitada 8 filetes 115 g. - El Mejor Jam\u00f3n","isPartOf":{"@id":"https:\/\/elmejorjamon.es\/#website"},"primaryImageOfPage":{"@id":"https:\/\/elmejorjamon.es\/pt\/producto\/anchovas-codesa-serie-limitada-8-filetes-115-g\/#primaryimage"},"image":{"@id":"https:\/\/elmejorjamon.es\/pt\/producto\/anchovas-codesa-serie-limitada-8-filetes-115-g\/#primaryimage"},"thumbnailUrl":"https:\/\/elmejorjamon.es\/wp-content\/uploads\/2018\/06\/CODESA8FILETES.jpg","datePublished":"2018-06-04T12:54:57+00:00","dateModified":"2026-03-16T08:51:03+00:00","breadcrumb":{"@id":"https:\/\/elmejorjamon.es\/pt\/producto\/anchovas-codesa-serie-limitada-8-filetes-115-g\/#breadcrumb"},"inLanguage":"pt-PT","potentialAction":[{"@type":"ReadAction","target":["https:\/\/elmejorjamon.es\/pt\/producto\/anchovas-codesa-serie-limitada-8-filetes-115-g\/"]}]},{"@type":"ImageObject","inLanguage":"pt-PT","@id":"https:\/\/elmejorjamon.es\/pt\/producto\/anchovas-codesa-serie-limitada-8-filetes-115-g\/#primaryimage","url":"https:\/\/elmejorjamon.es\/wp-content\/uploads\/2018\/06\/CODESA8FILETES.jpg","contentUrl":"https:\/\/elmejorjamon.es\/wp-content\/uploads\/2018\/06\/CODESA8FILETES.jpg","width":819,"height":544},{"@type":"BreadcrumbList","@id":"https:\/\/elmejorjamon.es\/pt\/producto\/anchovas-codesa-serie-limitada-8-filetes-115-g\/#breadcrumb","itemListElement":[{"@type":"ListItem","position":1,"name":"Portada","item":"https:\/\/elmejorjamon.es\/pt\/"},{"@type":"ListItem","position":2,"name":"In\u00edcio r\u00e1pido","item":"https:\/\/elmejorjamon.es\/pt\/"},{"@type":"ListItem","position":3,"name":"Anchovas Codesa s\u00e9rie limitada 8 filetes 115 g."}]},{"@type":"WebSite","@id":"https:\/\/elmejorjamon.es\/#website","url":"https:\/\/elmejorjamon.es\/","name":"El Mejor Jam\u00f3n","description":"Comprar jamones y embutidos a buen precio","publisher":{"@id":"https:\/\/elmejorjamon.es\/#organization"},"potentialAction":[{"@type":"SearchAction","target":{"@type":"EntryPoint","urlTemplate":"https:\/\/elmejorjamon.es\/?s={search_term_string}"},"query-input":{"@type":"PropertyValueSpecification","valueRequired":true,"valueName":"search_term_string"}}],"inLanguage":"pt-PT"},{"@type":"Organization","@id":"https:\/\/elmejorjamon.es\/#organization","name":"El Mejor Jam\u00f3n","url":"https:\/\/elmejorjamon.es\/","logo":{"@type":"ImageObject","inLanguage":"pt-PT","@id":"https:\/\/elmejorjamon.es\/#\/schema\/logo\/image\/","url":"https:\/\/elmejorjamon.es\/wp-content\/uploads\/2025\/01\/logocorreos.png","contentUrl":"https:\/\/elmejorjamon.es\/wp-content\/uploads\/2025\/01\/logocorreos.png","width":277,"height":200,"caption":"El Mejor Jam\u00f3n"},"image":{"@id":"https:\/\/elmejorjamon.es\/#\/schema\/logo\/image\/"},"sameAs":["https:\/\/www.facebook.com\/elmejorjamonweb","https:\/\/x.com\/elmejorjamonweb","https:\/\/www.instagram.com\/elmejorjamonweb\/"]}]}},"_links":{"self":[{"href":"https:\/\/elmejorjamon.es\/pt\/wp-json\/wp\/v2\/product\/4518","targetHints":{"allow":["GET"]}}],"collection":[{"href":"https:\/\/elmejorjamon.es\/pt\/wp-json\/wp\/v2\/product"}],"about":[{"href":"https:\/\/elmejorjamon.es\/pt\/wp-json\/wp\/v2\/types\/product"}],"replies":[{"embeddable":true,"href":"https:\/\/elmejorjamon.es\/pt\/wp-json\/wp\/v2\/comments?post=4518"}],"wp:featuredmedia":[{"embeddable":true,"href":"https:\/\/elmejorjamon.es\/pt\/wp-json\/wp\/v2\/media\/19775"}],"wp:attachment":[{"href":"https:\/\/elmejorjamon.es\/pt\/wp-json\/wp\/v2\/media?parent=4518"}],"wp:term":[{"taxonomy":"product_brand","embeddable":true,"href":"https:\/\/elmejorjamon.es\/pt\/wp-json\/wp\/v2\/product_brand?post=4518"},{"taxonomy":"product_cat","embeddable":true,"href":"https:\/\/elmejorjamon.es\/pt\/wp-json\/wp\/v2\/product_cat?post=4518"},{"taxonomy":"product_tag","embeddable":true,"href":"https:\/\/elmejorjamon.es\/pt\/wp-json\/wp\/v2\/product_tag?post=4518"}],"curies":[{"name":"wp","href":"https:\/\/api.w.org\/{rel}","templated":true}]}}