{"id":3544,"date":"2017-10-15T19:32:35","date_gmt":"2017-10-15T17:32:35","guid":{"rendered":"https:\/\/nueva.elmejorjamon.es\/producto\/codesa-anchovies-gold-series-710-bifes\/"},"modified":"2025-01-15T11:23:01","modified_gmt":"2025-01-15T10:23:01","slug":"codesa-anchovies-gold-series-710-bifes","status":"publish","type":"product","link":"https:\/\/elmejorjamon.es\/pt\/producto\/codesa-anchovies-gold-series-710-bifes\/","title":{"rendered":"Codesa Anchovies Gold Series 7\/10 bifes."},"content":{"rendered":"<p>Codesa Anchovies Gold Series 7\/10 bifes.<\/p>\n<p>A S\u00e9rie Ouro \u00e9 feita com Bocarte \/ Boquer\u00f3n da pesca CERCO adquirida nos portos de pesca do Mar Cant\u00e1brico nos meses de abril e maio, onde selecionamos os melhores itens para seu tamanho e frescor, depois de sermos curados em SAL MARINHO durante em m\u00e9dia um ano na vin\u00edcola e tem seu ponto \u00f3timo de cura, nossos fitoterapeutas elaboram de forma artesanal os filetes apetitosos que ser\u00e3o finalmente cobertos por AO de primeira qualidade em uma ampla gama de formatos de ALTA QUALIDADE.<\/p>\n","protected":false},"excerpt":{"rendered":"<p>Anchoas Codesa Serie Oro 7\/10 filetes.<\/p>\n","protected":false},"featured_media":3522,"comment_status":"open","ping_status":"closed","template":"","meta":{"_et_pb_use_builder":"","_et_pb_old_content":"","_et_gb_content_width":"","_sitemap_exclude":false,"_sitemap_priority":"","_sitemap_frequency":""},"product_brand":[],"product_cat":[803,795,798,834],"product_tag":[],"class_list":{"0":"post-3544","1":"product","2":"type-product","3":"status-publish","4":"has-post-thumbnail","6":"product_cat-anchovas-pt-pt","7":"product_cat-comecar","8":"product_cat-enlatados","9":"product_cat-todos-os-produtos-pt-pt","10":"product_shipping_class-normal-pt","11":"pa_opciones-1-peca","12":"pa_opciones-caixa-completa-24-pecas","14":"first","15":"instock","16":"shipping-taxable","17":"purchasable","18":"product-type-variable","19":"has-default-attributes"},"yoast_head":"<!-- This site is optimized with the Yoast SEO plugin v27.2 - https:\/\/yoast.com\/product\/yoast-seo-wordpress\/ -->\n<title>Codesa Anchovies Gold Series 7\/10 bifes. - El Mejor Jam\u00f3n<\/title>\n<meta name=\"robots\" content=\"index, follow, max-snippet:-1, max-image-preview:large, max-video-preview:-1\" \/>\n<link rel=\"canonical\" href=\"https:\/\/elmejorjamon.es\/producto\/anchoas-codesa-serie-oro-710-filetes\/\" \/>\n<meta property=\"og:locale\" content=\"pt_PT\" \/>\n<meta property=\"og:type\" content=\"article\" \/>\n<meta property=\"og:title\" content=\"Codesa Anchovies Gold Series 7\/10 bifes. - El Mejor Jam\u00f3n\" \/>\n<meta property=\"og:description\" content=\"Anchoas Codesa Serie Oro 7\/10 filetes.\" \/>\n<meta property=\"og:url\" content=\"https:\/\/elmejorjamon.es\/producto\/anchoas-codesa-serie-oro-710-filetes\/\" \/>\n<meta property=\"og:site_name\" content=\"El Mejor Jam\u00f3n\" \/>\n<meta property=\"article:publisher\" content=\"https:\/\/www.facebook.com\/elmejorjamonweb\" \/>\n<meta property=\"article:modified_time\" content=\"2025-01-15T10:23:01+00:00\" \/>\n<meta property=\"og:image\" content=\"https:\/\/elmejorjamon.es\/wp-content\/uploads\/2017\/10\/2633-thickbox_default-Anchoas-Codesa-Serie-Oro-810-filetes.jpg\" \/>\n\t<meta property=\"og:image:width\" content=\"1100\" \/>\n\t<meta property=\"og:image:height\" content=\"1422\" \/>\n\t<meta property=\"og:image:type\" content=\"image\/jpeg\" \/>\n<meta name=\"twitter:card\" content=\"summary_large_image\" \/>\n<meta name=\"twitter:site\" content=\"@elmejorjamonweb\" \/>\n<meta name=\"twitter:label1\" content=\"Tempo estimado de leitura\" \/>\n\t<meta name=\"twitter:data1\" content=\"1 minuto\" \/>\n<script type=\"application\/ld+json\" class=\"yoast-schema-graph\">{\"@context\":\"https:\/\/schema.org\",\"@graph\":[{\"@type\":\"WebPage\",\"@id\":\"https:\/\/elmejorjamon.es\/producto\/anchoas-codesa-serie-oro-710-filetes\/\",\"url\":\"https:\/\/elmejorjamon.es\/producto\/anchoas-codesa-serie-oro-710-filetes\/\",\"name\":\"Codesa Anchovies Gold Series 7\/10 bifes. - El Mejor Jam\u00f3n\",\"isPartOf\":{\"@id\":\"https:\/\/elmejorjamon.es\/#website\"},\"primaryImageOfPage\":{\"@id\":\"https:\/\/elmejorjamon.es\/producto\/anchoas-codesa-serie-oro-710-filetes\/#primaryimage\"},\"image\":{\"@id\":\"https:\/\/elmejorjamon.es\/producto\/anchoas-codesa-serie-oro-710-filetes\/#primaryimage\"},\"thumbnailUrl\":\"https:\/\/elmejorjamon.es\/wp-content\/uploads\/2017\/10\/2633-thickbox_default-Anchoas-Codesa-Serie-Oro-810-filetes.jpg\",\"datePublished\":\"2017-10-15T17:32:35+00:00\",\"dateModified\":\"2025-01-15T10:23:01+00:00\",\"breadcrumb\":{\"@id\":\"https:\/\/elmejorjamon.es\/producto\/anchoas-codesa-serie-oro-710-filetes\/#breadcrumb\"},\"inLanguage\":\"pt-PT\",\"potentialAction\":[{\"@type\":\"ReadAction\",\"target\":[\"https:\/\/elmejorjamon.es\/producto\/anchoas-codesa-serie-oro-710-filetes\/\"]}]},{\"@type\":\"ImageObject\",\"inLanguage\":\"pt-PT\",\"@id\":\"https:\/\/elmejorjamon.es\/producto\/anchoas-codesa-serie-oro-710-filetes\/#primaryimage\",\"url\":\"https:\/\/elmejorjamon.es\/wp-content\/uploads\/2017\/10\/2633-thickbox_default-Anchoas-Codesa-Serie-Oro-810-filetes.jpg\",\"contentUrl\":\"https:\/\/elmejorjamon.es\/wp-content\/uploads\/2017\/10\/2633-thickbox_default-Anchoas-Codesa-Serie-Oro-810-filetes.jpg\",\"width\":1100,\"height\":1422},{\"@type\":\"BreadcrumbList\",\"@id\":\"https:\/\/elmejorjamon.es\/producto\/anchoas-codesa-serie-oro-710-filetes\/#breadcrumb\",\"itemListElement\":[{\"@type\":\"ListItem\",\"position\":1,\"name\":\"Portada\",\"item\":\"https:\/\/elmejorjamon.es\/pt\/\"},{\"@type\":\"ListItem\",\"position\":2,\"name\":\"In\u00edcio r\u00e1pido\",\"item\":\"https:\/\/elmejorjamon.es\/pt\/\"},{\"@type\":\"ListItem\",\"position\":3,\"name\":\"Codesa Anchovies Gold Series 7\/10 bifes.\"}]},{\"@type\":\"WebSite\",\"@id\":\"https:\/\/elmejorjamon.es\/#website\",\"url\":\"https:\/\/elmejorjamon.es\/\",\"name\":\"El Mejor Jam\u00f3n\",\"description\":\"Comprar jamones y embutidos a buen precio\",\"publisher\":{\"@id\":\"https:\/\/elmejorjamon.es\/#organization\"},\"potentialAction\":[{\"@type\":\"SearchAction\",\"target\":{\"@type\":\"EntryPoint\",\"urlTemplate\":\"https:\/\/elmejorjamon.es\/?s={search_term_string}\"},\"query-input\":{\"@type\":\"PropertyValueSpecification\",\"valueRequired\":true,\"valueName\":\"search_term_string\"}}],\"inLanguage\":\"pt-PT\"},{\"@type\":\"Organization\",\"@id\":\"https:\/\/elmejorjamon.es\/#organization\",\"name\":\"El Mejor Jam\u00f3n\",\"url\":\"https:\/\/elmejorjamon.es\/\",\"logo\":{\"@type\":\"ImageObject\",\"inLanguage\":\"pt-PT\",\"@id\":\"https:\/\/elmejorjamon.es\/#\/schema\/logo\/image\/\",\"url\":\"https:\/\/elmejorjamon.es\/wp-content\/uploads\/2025\/01\/logocorreos.png\",\"contentUrl\":\"https:\/\/elmejorjamon.es\/wp-content\/uploads\/2025\/01\/logocorreos.png\",\"width\":277,\"height\":200,\"caption\":\"El Mejor Jam\u00f3n\"},\"image\":{\"@id\":\"https:\/\/elmejorjamon.es\/#\/schema\/logo\/image\/\"},\"sameAs\":[\"https:\/\/www.facebook.com\/elmejorjamonweb\",\"https:\/\/x.com\/elmejorjamonweb\",\"https:\/\/www.instagram.com\/elmejorjamonweb\/\"]}]}<\/script>\n<!-- \/ Yoast SEO plugin. -->","yoast_head_json":{"title":"Codesa Anchovies Gold Series 7\/10 bifes. - El Mejor Jam\u00f3n","robots":{"index":"index","follow":"follow","max-snippet":"max-snippet:-1","max-image-preview":"max-image-preview:large","max-video-preview":"max-video-preview:-1"},"canonical":"https:\/\/elmejorjamon.es\/producto\/anchoas-codesa-serie-oro-710-filetes\/","og_locale":"pt_PT","og_type":"article","og_title":"Codesa Anchovies Gold Series 7\/10 bifes. - El Mejor Jam\u00f3n","og_description":"Anchoas Codesa Serie Oro 7\/10 filetes.","og_url":"https:\/\/elmejorjamon.es\/producto\/anchoas-codesa-serie-oro-710-filetes\/","og_site_name":"El Mejor Jam\u00f3n","article_publisher":"https:\/\/www.facebook.com\/elmejorjamonweb","article_modified_time":"2025-01-15T10:23:01+00:00","og_image":[{"width":1100,"height":1422,"url":"https:\/\/elmejorjamon.es\/wp-content\/uploads\/2017\/10\/2633-thickbox_default-Anchoas-Codesa-Serie-Oro-810-filetes.jpg","type":"image\/jpeg"}],"twitter_card":"summary_large_image","twitter_site":"@elmejorjamonweb","twitter_misc":{"Tempo estimado de leitura":"1 minuto"},"schema":{"@context":"https:\/\/schema.org","@graph":[{"@type":"WebPage","@id":"https:\/\/elmejorjamon.es\/producto\/anchoas-codesa-serie-oro-710-filetes\/","url":"https:\/\/elmejorjamon.es\/producto\/anchoas-codesa-serie-oro-710-filetes\/","name":"Codesa Anchovies Gold Series 7\/10 bifes. - El Mejor Jam\u00f3n","isPartOf":{"@id":"https:\/\/elmejorjamon.es\/#website"},"primaryImageOfPage":{"@id":"https:\/\/elmejorjamon.es\/producto\/anchoas-codesa-serie-oro-710-filetes\/#primaryimage"},"image":{"@id":"https:\/\/elmejorjamon.es\/producto\/anchoas-codesa-serie-oro-710-filetes\/#primaryimage"},"thumbnailUrl":"https:\/\/elmejorjamon.es\/wp-content\/uploads\/2017\/10\/2633-thickbox_default-Anchoas-Codesa-Serie-Oro-810-filetes.jpg","datePublished":"2017-10-15T17:32:35+00:00","dateModified":"2025-01-15T10:23:01+00:00","breadcrumb":{"@id":"https:\/\/elmejorjamon.es\/producto\/anchoas-codesa-serie-oro-710-filetes\/#breadcrumb"},"inLanguage":"pt-PT","potentialAction":[{"@type":"ReadAction","target":["https:\/\/elmejorjamon.es\/producto\/anchoas-codesa-serie-oro-710-filetes\/"]}]},{"@type":"ImageObject","inLanguage":"pt-PT","@id":"https:\/\/elmejorjamon.es\/producto\/anchoas-codesa-serie-oro-710-filetes\/#primaryimage","url":"https:\/\/elmejorjamon.es\/wp-content\/uploads\/2017\/10\/2633-thickbox_default-Anchoas-Codesa-Serie-Oro-810-filetes.jpg","contentUrl":"https:\/\/elmejorjamon.es\/wp-content\/uploads\/2017\/10\/2633-thickbox_default-Anchoas-Codesa-Serie-Oro-810-filetes.jpg","width":1100,"height":1422},{"@type":"BreadcrumbList","@id":"https:\/\/elmejorjamon.es\/producto\/anchoas-codesa-serie-oro-710-filetes\/#breadcrumb","itemListElement":[{"@type":"ListItem","position":1,"name":"Portada","item":"https:\/\/elmejorjamon.es\/pt\/"},{"@type":"ListItem","position":2,"name":"In\u00edcio r\u00e1pido","item":"https:\/\/elmejorjamon.es\/pt\/"},{"@type":"ListItem","position":3,"name":"Codesa Anchovies Gold Series 7\/10 bifes."}]},{"@type":"WebSite","@id":"https:\/\/elmejorjamon.es\/#website","url":"https:\/\/elmejorjamon.es\/","name":"El Mejor Jam\u00f3n","description":"Comprar jamones y embutidos a buen precio","publisher":{"@id":"https:\/\/elmejorjamon.es\/#organization"},"potentialAction":[{"@type":"SearchAction","target":{"@type":"EntryPoint","urlTemplate":"https:\/\/elmejorjamon.es\/?s={search_term_string}"},"query-input":{"@type":"PropertyValueSpecification","valueRequired":true,"valueName":"search_term_string"}}],"inLanguage":"pt-PT"},{"@type":"Organization","@id":"https:\/\/elmejorjamon.es\/#organization","name":"El Mejor Jam\u00f3n","url":"https:\/\/elmejorjamon.es\/","logo":{"@type":"ImageObject","inLanguage":"pt-PT","@id":"https:\/\/elmejorjamon.es\/#\/schema\/logo\/image\/","url":"https:\/\/elmejorjamon.es\/wp-content\/uploads\/2025\/01\/logocorreos.png","contentUrl":"https:\/\/elmejorjamon.es\/wp-content\/uploads\/2025\/01\/logocorreos.png","width":277,"height":200,"caption":"El Mejor Jam\u00f3n"},"image":{"@id":"https:\/\/elmejorjamon.es\/#\/schema\/logo\/image\/"},"sameAs":["https:\/\/www.facebook.com\/elmejorjamonweb","https:\/\/x.com\/elmejorjamonweb","https:\/\/www.instagram.com\/elmejorjamonweb\/"]}]}},"_links":{"self":[{"href":"https:\/\/elmejorjamon.es\/pt\/wp-json\/wp\/v2\/product\/3544","targetHints":{"allow":["GET"]}}],"collection":[{"href":"https:\/\/elmejorjamon.es\/pt\/wp-json\/wp\/v2\/product"}],"about":[{"href":"https:\/\/elmejorjamon.es\/pt\/wp-json\/wp\/v2\/types\/product"}],"replies":[{"embeddable":true,"href":"https:\/\/elmejorjamon.es\/pt\/wp-json\/wp\/v2\/comments?post=3544"}],"wp:featuredmedia":[{"embeddable":true,"href":"https:\/\/elmejorjamon.es\/pt\/wp-json\/wp\/v2\/media\/3522"}],"wp:attachment":[{"href":"https:\/\/elmejorjamon.es\/pt\/wp-json\/wp\/v2\/media?parent=3544"}],"wp:term":[{"taxonomy":"product_brand","embeddable":true,"href":"https:\/\/elmejorjamon.es\/pt\/wp-json\/wp\/v2\/product_brand?post=3544"},{"taxonomy":"product_cat","embeddable":true,"href":"https:\/\/elmejorjamon.es\/pt\/wp-json\/wp\/v2\/product_cat?post=3544"},{"taxonomy":"product_tag","embeddable":true,"href":"https:\/\/elmejorjamon.es\/pt\/wp-json\/wp\/v2\/product_tag?post=3544"}],"curies":[{"name":"wp","href":"https:\/\/api.w.org\/{rel}","templated":true}]}}