{"id":3436,"date":"2017-09-18T23:19:07","date_gmt":"2017-09-18T22:19:07","guid":{"rendered":"https:\/\/nueva.elmejorjamon.es\/producto\/milho-com-presunto-yantar-de-pepe\/"},"modified":"2025-10-28T13:52:32","modified_gmt":"2025-10-28T12:52:32","slug":"milho-com-presunto-yantar-de-pepe","status":"publish","type":"product","link":"https:\/\/elmejorjamon.es\/pt\/producto\/milho-com-presunto-yantar-de-pepe\/","title":{"rendered":"Milho com presunto Yantar de Pepe"},"content":{"rendered":"<p>Delicioso prato preparado de tripas com presunto, com o sabor tradicional desta receita asturiana. Apenas aquecer e consumir. Apresenta\u00e7\u00e3o alum\u00ednio 380 grs.<\/p>\n<p>Ap\u00f3s abertura, consumir na totalidade.<\/p>\n","protected":false},"excerpt":{"rendered":"<p>Callos con jamon de Yantar de Pepe<\/p>\n","protected":false},"featured_media":3402,"comment_status":"open","ping_status":"closed","template":"","meta":{"_et_pb_use_builder":"","_et_pb_old_content":"","_et_gb_content_width":"","_sitemap_exclude":false,"_sitemap_priority":"","_sitemap_frequency":""},"product_brand":[],"product_cat":[795,830,834],"product_tag":[],"class_list":{"0":"post-3436","1":"product","2":"type-product","3":"status-publish","4":"has-post-thumbnail","6":"product_cat-comecar","7":"product_cat-pratos-preparados","8":"product_cat-todos-os-produtos-pt-pt","9":"product_shipping_class-normal-pt","10":"pa_opciones-1-peca","11":"pa_opciones-caixa-de-8-unidades","13":"first","14":"instock","15":"shipping-taxable","16":"purchasable","17":"product-type-variable","18":"has-default-attributes"},"yoast_head":"<!-- This site is optimized with the Yoast SEO plugin v27.2 - https:\/\/yoast.com\/product\/yoast-seo-wordpress\/ -->\n<title>Milho com presunto Yantar de Pepe - El Mejor Jam\u00f3n<\/title>\n<meta name=\"robots\" content=\"index, follow, max-snippet:-1, max-image-preview:large, max-video-preview:-1\" \/>\n<link rel=\"canonical\" href=\"https:\/\/elmejorjamon.es\/pt\/producto\/milho-com-presunto-yantar-de-pepe\/\" \/>\n<meta property=\"og:locale\" content=\"pt_PT\" \/>\n<meta property=\"og:type\" content=\"article\" \/>\n<meta property=\"og:title\" content=\"Milho com presunto Yantar de Pepe - El Mejor Jam\u00f3n\" \/>\n<meta property=\"og:description\" content=\"Callos con jamon de Yantar de Pepe\" \/>\n<meta property=\"og:url\" content=\"https:\/\/elmejorjamon.es\/pt\/producto\/milho-com-presunto-yantar-de-pepe\/\" \/>\n<meta property=\"og:site_name\" content=\"El Mejor Jam\u00f3n\" \/>\n<meta property=\"article:publisher\" content=\"https:\/\/www.facebook.com\/elmejorjamonweb\" \/>\n<meta property=\"article:modified_time\" content=\"2025-10-28T12:52:32+00:00\" \/>\n<meta property=\"og:image\" content=\"https:\/\/elmejorjamon.es\/wp-content\/uploads\/2017\/09\/830-thickbox_default-Callos-con-jamon-de-Yantar-de-Pepe.jpg\" \/>\n\t<meta property=\"og:image:width\" content=\"1100\" \/>\n\t<meta property=\"og:image:height\" content=\"1422\" \/>\n\t<meta property=\"og:image:type\" content=\"image\/jpeg\" \/>\n<meta name=\"twitter:card\" content=\"summary_large_image\" \/>\n<meta name=\"twitter:site\" content=\"@elmejorjamonweb\" \/>\n<meta name=\"twitter:label1\" content=\"Tempo estimado de leitura\" \/>\n\t<meta name=\"twitter:data1\" content=\"1 minuto\" \/>\n<script type=\"application\/ld+json\" class=\"yoast-schema-graph\">{\"@context\":\"https:\/\/schema.org\",\"@graph\":[{\"@type\":\"WebPage\",\"@id\":\"https:\/\/elmejorjamon.es\/pt\/producto\/milho-com-presunto-yantar-de-pepe\/\",\"url\":\"https:\/\/elmejorjamon.es\/pt\/producto\/milho-com-presunto-yantar-de-pepe\/\",\"name\":\"Milho com presunto Yantar de Pepe - El Mejor Jam\u00f3n\",\"isPartOf\":{\"@id\":\"https:\/\/elmejorjamon.es\/#website\"},\"primaryImageOfPage\":{\"@id\":\"https:\/\/elmejorjamon.es\/pt\/producto\/milho-com-presunto-yantar-de-pepe\/#primaryimage\"},\"image\":{\"@id\":\"https:\/\/elmejorjamon.es\/pt\/producto\/milho-com-presunto-yantar-de-pepe\/#primaryimage\"},\"thumbnailUrl\":\"https:\/\/elmejorjamon.es\/wp-content\/uploads\/2017\/09\/830-thickbox_default-Callos-con-jamon-de-Yantar-de-Pepe.jpg\",\"datePublished\":\"2017-09-18T22:19:07+00:00\",\"dateModified\":\"2025-10-28T12:52:32+00:00\",\"breadcrumb\":{\"@id\":\"https:\/\/elmejorjamon.es\/pt\/producto\/milho-com-presunto-yantar-de-pepe\/#breadcrumb\"},\"inLanguage\":\"pt-PT\",\"potentialAction\":[{\"@type\":\"ReadAction\",\"target\":[\"https:\/\/elmejorjamon.es\/pt\/producto\/milho-com-presunto-yantar-de-pepe\/\"]}]},{\"@type\":\"ImageObject\",\"inLanguage\":\"pt-PT\",\"@id\":\"https:\/\/elmejorjamon.es\/pt\/producto\/milho-com-presunto-yantar-de-pepe\/#primaryimage\",\"url\":\"https:\/\/elmejorjamon.es\/wp-content\/uploads\/2017\/09\/830-thickbox_default-Callos-con-jamon-de-Yantar-de-Pepe.jpg\",\"contentUrl\":\"https:\/\/elmejorjamon.es\/wp-content\/uploads\/2017\/09\/830-thickbox_default-Callos-con-jamon-de-Yantar-de-Pepe.jpg\",\"width\":1100,\"height\":1422},{\"@type\":\"BreadcrumbList\",\"@id\":\"https:\/\/elmejorjamon.es\/pt\/producto\/milho-com-presunto-yantar-de-pepe\/#breadcrumb\",\"itemListElement\":[{\"@type\":\"ListItem\",\"position\":1,\"name\":\"Portada\",\"item\":\"https:\/\/elmejorjamon.es\/pt\/\"},{\"@type\":\"ListItem\",\"position\":2,\"name\":\"In\u00edcio r\u00e1pido\",\"item\":\"https:\/\/elmejorjamon.es\/pt\/\"},{\"@type\":\"ListItem\",\"position\":3,\"name\":\"Milho com presunto Yantar de Pepe\"}]},{\"@type\":\"WebSite\",\"@id\":\"https:\/\/elmejorjamon.es\/#website\",\"url\":\"https:\/\/elmejorjamon.es\/\",\"name\":\"El Mejor Jam\u00f3n\",\"description\":\"Comprar jamones y embutidos a buen precio\",\"publisher\":{\"@id\":\"https:\/\/elmejorjamon.es\/#organization\"},\"potentialAction\":[{\"@type\":\"SearchAction\",\"target\":{\"@type\":\"EntryPoint\",\"urlTemplate\":\"https:\/\/elmejorjamon.es\/?s={search_term_string}\"},\"query-input\":{\"@type\":\"PropertyValueSpecification\",\"valueRequired\":true,\"valueName\":\"search_term_string\"}}],\"inLanguage\":\"pt-PT\"},{\"@type\":\"Organization\",\"@id\":\"https:\/\/elmejorjamon.es\/#organization\",\"name\":\"El Mejor Jam\u00f3n\",\"url\":\"https:\/\/elmejorjamon.es\/\",\"logo\":{\"@type\":\"ImageObject\",\"inLanguage\":\"pt-PT\",\"@id\":\"https:\/\/elmejorjamon.es\/#\/schema\/logo\/image\/\",\"url\":\"https:\/\/elmejorjamon.es\/wp-content\/uploads\/2025\/01\/logocorreos.png\",\"contentUrl\":\"https:\/\/elmejorjamon.es\/wp-content\/uploads\/2025\/01\/logocorreos.png\",\"width\":277,\"height\":200,\"caption\":\"El Mejor Jam\u00f3n\"},\"image\":{\"@id\":\"https:\/\/elmejorjamon.es\/#\/schema\/logo\/image\/\"},\"sameAs\":[\"https:\/\/www.facebook.com\/elmejorjamonweb\",\"https:\/\/x.com\/elmejorjamonweb\",\"https:\/\/www.instagram.com\/elmejorjamonweb\/\"]}]}<\/script>\n<!-- \/ Yoast SEO plugin. -->","yoast_head_json":{"title":"Milho com presunto Yantar de Pepe - El Mejor Jam\u00f3n","robots":{"index":"index","follow":"follow","max-snippet":"max-snippet:-1","max-image-preview":"max-image-preview:large","max-video-preview":"max-video-preview:-1"},"canonical":"https:\/\/elmejorjamon.es\/pt\/producto\/milho-com-presunto-yantar-de-pepe\/","og_locale":"pt_PT","og_type":"article","og_title":"Milho com presunto Yantar de Pepe - El Mejor Jam\u00f3n","og_description":"Callos con jamon de Yantar de Pepe","og_url":"https:\/\/elmejorjamon.es\/pt\/producto\/milho-com-presunto-yantar-de-pepe\/","og_site_name":"El Mejor Jam\u00f3n","article_publisher":"https:\/\/www.facebook.com\/elmejorjamonweb","article_modified_time":"2025-10-28T12:52:32+00:00","og_image":[{"width":1100,"height":1422,"url":"https:\/\/elmejorjamon.es\/wp-content\/uploads\/2017\/09\/830-thickbox_default-Callos-con-jamon-de-Yantar-de-Pepe.jpg","type":"image\/jpeg"}],"twitter_card":"summary_large_image","twitter_site":"@elmejorjamonweb","twitter_misc":{"Tempo estimado de leitura":"1 minuto"},"schema":{"@context":"https:\/\/schema.org","@graph":[{"@type":"WebPage","@id":"https:\/\/elmejorjamon.es\/pt\/producto\/milho-com-presunto-yantar-de-pepe\/","url":"https:\/\/elmejorjamon.es\/pt\/producto\/milho-com-presunto-yantar-de-pepe\/","name":"Milho com presunto Yantar de Pepe - El Mejor Jam\u00f3n","isPartOf":{"@id":"https:\/\/elmejorjamon.es\/#website"},"primaryImageOfPage":{"@id":"https:\/\/elmejorjamon.es\/pt\/producto\/milho-com-presunto-yantar-de-pepe\/#primaryimage"},"image":{"@id":"https:\/\/elmejorjamon.es\/pt\/producto\/milho-com-presunto-yantar-de-pepe\/#primaryimage"},"thumbnailUrl":"https:\/\/elmejorjamon.es\/wp-content\/uploads\/2017\/09\/830-thickbox_default-Callos-con-jamon-de-Yantar-de-Pepe.jpg","datePublished":"2017-09-18T22:19:07+00:00","dateModified":"2025-10-28T12:52:32+00:00","breadcrumb":{"@id":"https:\/\/elmejorjamon.es\/pt\/producto\/milho-com-presunto-yantar-de-pepe\/#breadcrumb"},"inLanguage":"pt-PT","potentialAction":[{"@type":"ReadAction","target":["https:\/\/elmejorjamon.es\/pt\/producto\/milho-com-presunto-yantar-de-pepe\/"]}]},{"@type":"ImageObject","inLanguage":"pt-PT","@id":"https:\/\/elmejorjamon.es\/pt\/producto\/milho-com-presunto-yantar-de-pepe\/#primaryimage","url":"https:\/\/elmejorjamon.es\/wp-content\/uploads\/2017\/09\/830-thickbox_default-Callos-con-jamon-de-Yantar-de-Pepe.jpg","contentUrl":"https:\/\/elmejorjamon.es\/wp-content\/uploads\/2017\/09\/830-thickbox_default-Callos-con-jamon-de-Yantar-de-Pepe.jpg","width":1100,"height":1422},{"@type":"BreadcrumbList","@id":"https:\/\/elmejorjamon.es\/pt\/producto\/milho-com-presunto-yantar-de-pepe\/#breadcrumb","itemListElement":[{"@type":"ListItem","position":1,"name":"Portada","item":"https:\/\/elmejorjamon.es\/pt\/"},{"@type":"ListItem","position":2,"name":"In\u00edcio r\u00e1pido","item":"https:\/\/elmejorjamon.es\/pt\/"},{"@type":"ListItem","position":3,"name":"Milho com presunto Yantar de Pepe"}]},{"@type":"WebSite","@id":"https:\/\/elmejorjamon.es\/#website","url":"https:\/\/elmejorjamon.es\/","name":"El Mejor Jam\u00f3n","description":"Comprar jamones y embutidos a buen precio","publisher":{"@id":"https:\/\/elmejorjamon.es\/#organization"},"potentialAction":[{"@type":"SearchAction","target":{"@type":"EntryPoint","urlTemplate":"https:\/\/elmejorjamon.es\/?s={search_term_string}"},"query-input":{"@type":"PropertyValueSpecification","valueRequired":true,"valueName":"search_term_string"}}],"inLanguage":"pt-PT"},{"@type":"Organization","@id":"https:\/\/elmejorjamon.es\/#organization","name":"El Mejor Jam\u00f3n","url":"https:\/\/elmejorjamon.es\/","logo":{"@type":"ImageObject","inLanguage":"pt-PT","@id":"https:\/\/elmejorjamon.es\/#\/schema\/logo\/image\/","url":"https:\/\/elmejorjamon.es\/wp-content\/uploads\/2025\/01\/logocorreos.png","contentUrl":"https:\/\/elmejorjamon.es\/wp-content\/uploads\/2025\/01\/logocorreos.png","width":277,"height":200,"caption":"El Mejor Jam\u00f3n"},"image":{"@id":"https:\/\/elmejorjamon.es\/#\/schema\/logo\/image\/"},"sameAs":["https:\/\/www.facebook.com\/elmejorjamonweb","https:\/\/x.com\/elmejorjamonweb","https:\/\/www.instagram.com\/elmejorjamonweb\/"]}]}},"_links":{"self":[{"href":"https:\/\/elmejorjamon.es\/pt\/wp-json\/wp\/v2\/product\/3436","targetHints":{"allow":["GET"]}}],"collection":[{"href":"https:\/\/elmejorjamon.es\/pt\/wp-json\/wp\/v2\/product"}],"about":[{"href":"https:\/\/elmejorjamon.es\/pt\/wp-json\/wp\/v2\/types\/product"}],"replies":[{"embeddable":true,"href":"https:\/\/elmejorjamon.es\/pt\/wp-json\/wp\/v2\/comments?post=3436"}],"wp:featuredmedia":[{"embeddable":true,"href":"https:\/\/elmejorjamon.es\/pt\/wp-json\/wp\/v2\/media\/3402"}],"wp:attachment":[{"href":"https:\/\/elmejorjamon.es\/pt\/wp-json\/wp\/v2\/media?parent=3436"}],"wp:term":[{"taxonomy":"product_brand","embeddable":true,"href":"https:\/\/elmejorjamon.es\/pt\/wp-json\/wp\/v2\/product_brand?post=3436"},{"taxonomy":"product_cat","embeddable":true,"href":"https:\/\/elmejorjamon.es\/pt\/wp-json\/wp\/v2\/product_cat?post=3436"},{"taxonomy":"product_tag","embeddable":true,"href":"https:\/\/elmejorjamon.es\/pt\/wp-json\/wp\/v2\/product_tag?post=3436"}],"curies":[{"name":"wp","href":"https:\/\/api.w.org\/{rel}","templated":true}]}}