{"id":252,"date":"2025-09-19T09:06:36","date_gmt":"2025-09-19T07:06:36","guid":{"rendered":"https:\/\/nueva.elmejorjamon.es\/?post_type=product&#038;p=252"},"modified":"2025-09-19T09:06:42","modified_gmt":"2025-09-19T07:06:42","slug":"presunto-iberico-bolota-monteparra-do-de-75-kg-aprox-guijuelo","status":"publish","type":"product","link":"https:\/\/elmejorjamon.es\/pt\/producto\/presunto-iberico-bolota-monteparra-do-de-75-kg-aprox-guijuelo\/","title":{"rendered":"Presunto iberico Bolota Monteparra D.O. de Guijuelo"},"content":{"rendered":"<p>O presunto Iberico de Bolota D.O. \u00c9 o resultado de um longo processo que come\u00e7a nos mesmos prados onde os porcos ib\u00e9ricos cuidadosamente selecionados por nossos especialistas vagam livremente, consumindo as bolotas que conferir\u00e3o uma grande parte de suas caracter\u00edsticas organol\u00e9pticas. Mais tarde, j\u00e1 nas instala\u00e7\u00f5es, os membros posteriores do porco ib\u00e9rico alimentado com bolotas s\u00e3o submetidos \u00e0 a\u00e7\u00e3o do sal e depois a um lento processo de secagem e amadurecimento na vin\u00edcola que lhes confere seu car\u00e1ter especial. No final do processo, suas propriedades nutricionais, de sabor e textura destacam sua origem e comida, resultando em nossa produ\u00e7\u00e3o, uma das mais reconhecidas em Guijuelo. A sua qualidade tamb\u00e9m \u00e9 garantida por um rigoroso processo de an\u00e1lise pelo Conselho Regulador da Denomina\u00e7\u00e3o de Origem de Guijuelo, que certifica tanto sua adequa\u00e7\u00e3o gen\u00e9tica quanto sua dieta baseada em Bolota. Tempo m\u00e9dio de cura: 36 meses a partir da salga. Corrida: Certificado por uma entidade de inspe\u00e7\u00e3o. Alimentos: Certificado por uma entidade de certifica\u00e7\u00e3o. Fator de alimenta\u00e7\u00e3o: Grama e Bolota.<\/p>\n","protected":false},"excerpt":{"rendered":"<p>Presunto iberico Bolota Monteparra D.O. de Guijuelo<\/p>\n","protected":false},"featured_media":198,"comment_status":"open","ping_status":"closed","template":"","meta":{"_et_pb_use_builder":"","_et_pb_old_content":"","_et_gb_content_width":"","_sitemap_exclude":false,"_sitemap_priority":"","_sitemap_frequency":""},"product_brand":[],"product_cat":[795,844,834],"product_tag":[],"class_list":{"0":"post-252","1":"product","2":"type-product","3":"status-publish","4":"has-post-thumbnail","6":"product_cat-comecar","7":"product_cat-presuntos-ibericos-pt-pt","8":"product_cat-todos-os-produtos-pt-pt","9":"product_shipping_class-normal-pt","10":"pa_opciones-desossado-e-embalado-no-vacuo-59-e-59-e","11":"pa_opciones-faca-cortada-e-embalada-em-saquetas-60-e-60-e","12":"pa_opciones-peca-inteira","13":"pa_peso-7-75-kg","14":"pa_peso-8_8_5kg-pt","15":"pa_peso-8kgaprox-pt","16":"pa_peso-aprox-85-kg-pt","18":"first","19":"instock","20":"shipping-taxable","21":"purchasable","22":"product-type-variable","23":"has-default-attributes"},"yoast_head":"<!-- This site is optimized with the Yoast SEO plugin v27.4 - https:\/\/yoast.com\/product\/yoast-seo-wordpress\/ -->\n<title>Presunto iberico Bolota Monteparra D.O. de Guijuelo - El Mejor Jam\u00f3n<\/title>\n<meta name=\"robots\" content=\"index, follow, max-snippet:-1, max-image-preview:large, max-video-preview:-1\" \/>\n<link rel=\"canonical\" href=\"https:\/\/elmejorjamon.es\/pt\/producto\/presunto-iberico-bolota-monteparra-do-de-75-kg-aprox-guijuelo\/\" \/>\n<meta property=\"og:locale\" content=\"pt_PT\" \/>\n<meta property=\"og:type\" content=\"article\" \/>\n<meta property=\"og:title\" content=\"Presunto iberico Bolota Monteparra D.O. de Guijuelo - El Mejor Jam\u00f3n\" \/>\n<meta property=\"og:description\" content=\"Presunto iberico Bolota Monteparra D.O. de Guijuelo\" \/>\n<meta property=\"og:url\" content=\"https:\/\/elmejorjamon.es\/pt\/producto\/presunto-iberico-bolota-monteparra-do-de-75-kg-aprox-guijuelo\/\" \/>\n<meta property=\"og:site_name\" content=\"El Mejor Jam\u00f3n\" \/>\n<meta property=\"article:publisher\" content=\"https:\/\/www.facebook.com\/elmejorjamonweb\" \/>\n<meta property=\"article:modified_time\" content=\"2025-09-19T07:06:42+00:00\" \/>\n<meta property=\"og:image\" content=\"https:\/\/elmejorjamon.es\/wp-content\/uploads\/2007\/11\/1761-thickbox_default-Jamon-de-Bellota-75berico-Monteparra-D.O.-Guijuelo.jpg\" \/>\n\t<meta property=\"og:image:width\" content=\"1100\" \/>\n\t<meta property=\"og:image:height\" content=\"1422\" \/>\n\t<meta property=\"og:image:type\" content=\"image\/jpeg\" \/>\n<meta name=\"twitter:card\" content=\"summary_large_image\" \/>\n<meta name=\"twitter:site\" content=\"@elmejorjamonweb\" \/>\n<meta name=\"twitter:label1\" content=\"Tempo estimado de leitura\" \/>\n\t<meta name=\"twitter:data1\" content=\"1 minuto\" \/>\n<script type=\"application\/ld+json\" class=\"yoast-schema-graph\">{\"@context\":\"https:\\\/\\\/schema.org\",\"@graph\":[{\"@type\":\"WebPage\",\"@id\":\"https:\\\/\\\/elmejorjamon.es\\\/pt\\\/producto\\\/presunto-iberico-bolota-monteparra-do-de-75-kg-aprox-guijuelo\\\/\",\"url\":\"https:\\\/\\\/elmejorjamon.es\\\/pt\\\/producto\\\/presunto-iberico-bolota-monteparra-do-de-75-kg-aprox-guijuelo\\\/\",\"name\":\"Presunto iberico Bolota Monteparra D.O. de Guijuelo - El Mejor Jam\u00f3n\",\"isPartOf\":{\"@id\":\"https:\\\/\\\/elmejorjamon.es\\\/#website\"},\"primaryImageOfPage\":{\"@id\":\"https:\\\/\\\/elmejorjamon.es\\\/pt\\\/producto\\\/presunto-iberico-bolota-monteparra-do-de-75-kg-aprox-guijuelo\\\/#primaryimage\"},\"image\":{\"@id\":\"https:\\\/\\\/elmejorjamon.es\\\/pt\\\/producto\\\/presunto-iberico-bolota-monteparra-do-de-75-kg-aprox-guijuelo\\\/#primaryimage\"},\"thumbnailUrl\":\"https:\\\/\\\/elmejorjamon.es\\\/wp-content\\\/uploads\\\/2007\\\/11\\\/1761-thickbox_default-Jamon-de-Bellota-75berico-Monteparra-D.O.-Guijuelo.jpg\",\"datePublished\":\"2025-09-19T07:06:36+00:00\",\"dateModified\":\"2025-09-19T07:06:42+00:00\",\"breadcrumb\":{\"@id\":\"https:\\\/\\\/elmejorjamon.es\\\/pt\\\/producto\\\/presunto-iberico-bolota-monteparra-do-de-75-kg-aprox-guijuelo\\\/#breadcrumb\"},\"inLanguage\":\"pt-PT\",\"potentialAction\":[{\"@type\":\"ReadAction\",\"target\":[\"https:\\\/\\\/elmejorjamon.es\\\/pt\\\/producto\\\/presunto-iberico-bolota-monteparra-do-de-75-kg-aprox-guijuelo\\\/\"]}]},{\"@type\":\"ImageObject\",\"inLanguage\":\"pt-PT\",\"@id\":\"https:\\\/\\\/elmejorjamon.es\\\/pt\\\/producto\\\/presunto-iberico-bolota-monteparra-do-de-75-kg-aprox-guijuelo\\\/#primaryimage\",\"url\":\"https:\\\/\\\/elmejorjamon.es\\\/wp-content\\\/uploads\\\/2007\\\/11\\\/1761-thickbox_default-Jamon-de-Bellota-75berico-Monteparra-D.O.-Guijuelo.jpg\",\"contentUrl\":\"https:\\\/\\\/elmejorjamon.es\\\/wp-content\\\/uploads\\\/2007\\\/11\\\/1761-thickbox_default-Jamon-de-Bellota-75berico-Monteparra-D.O.-Guijuelo.jpg\",\"width\":1100,\"height\":1422},{\"@type\":\"BreadcrumbList\",\"@id\":\"https:\\\/\\\/elmejorjamon.es\\\/pt\\\/producto\\\/presunto-iberico-bolota-monteparra-do-de-75-kg-aprox-guijuelo\\\/#breadcrumb\",\"itemListElement\":[{\"@type\":\"ListItem\",\"position\":1,\"name\":\"Portada\",\"item\":\"https:\\\/\\\/elmejorjamon.es\\\/pt\\\/\"},{\"@type\":\"ListItem\",\"position\":2,\"name\":\"In\u00edcio r\u00e1pido\",\"item\":\"https:\\\/\\\/elmejorjamon.es\\\/pt\\\/\"},{\"@type\":\"ListItem\",\"position\":3,\"name\":\"Presunto iberico Bolota Monteparra D.O. de Guijuelo\"}]},{\"@type\":\"WebSite\",\"@id\":\"https:\\\/\\\/elmejorjamon.es\\\/#website\",\"url\":\"https:\\\/\\\/elmejorjamon.es\\\/\",\"name\":\"El Mejor Jam\u00f3n\",\"description\":\"Comprar jamones y embutidos a buen precio\",\"publisher\":{\"@id\":\"https:\\\/\\\/elmejorjamon.es\\\/#organization\"},\"potentialAction\":[{\"@type\":\"SearchAction\",\"target\":{\"@type\":\"EntryPoint\",\"urlTemplate\":\"https:\\\/\\\/elmejorjamon.es\\\/?s={search_term_string}\"},\"query-input\":{\"@type\":\"PropertyValueSpecification\",\"valueRequired\":true,\"valueName\":\"search_term_string\"}}],\"inLanguage\":\"pt-PT\"},{\"@type\":\"Organization\",\"@id\":\"https:\\\/\\\/elmejorjamon.es\\\/#organization\",\"name\":\"El Mejor Jam\u00f3n\",\"url\":\"https:\\\/\\\/elmejorjamon.es\\\/\",\"logo\":{\"@type\":\"ImageObject\",\"inLanguage\":\"pt-PT\",\"@id\":\"https:\\\/\\\/elmejorjamon.es\\\/#\\\/schema\\\/logo\\\/image\\\/\",\"url\":\"https:\\\/\\\/elmejorjamon.es\\\/wp-content\\\/uploads\\\/2025\\\/01\\\/logocorreos.png\",\"contentUrl\":\"https:\\\/\\\/elmejorjamon.es\\\/wp-content\\\/uploads\\\/2025\\\/01\\\/logocorreos.png\",\"width\":277,\"height\":200,\"caption\":\"El Mejor Jam\u00f3n\"},\"image\":{\"@id\":\"https:\\\/\\\/elmejorjamon.es\\\/#\\\/schema\\\/logo\\\/image\\\/\"},\"sameAs\":[\"https:\\\/\\\/www.facebook.com\\\/elmejorjamonweb\",\"https:\\\/\\\/x.com\\\/elmejorjamonweb\",\"https:\\\/\\\/www.instagram.com\\\/elmejorjamonweb\\\/\"]}]}<\/script>\n<!-- \/ Yoast SEO plugin. -->","yoast_head_json":{"title":"Presunto iberico Bolota Monteparra D.O. de Guijuelo - El Mejor Jam\u00f3n","robots":{"index":"index","follow":"follow","max-snippet":"max-snippet:-1","max-image-preview":"max-image-preview:large","max-video-preview":"max-video-preview:-1"},"canonical":"https:\/\/elmejorjamon.es\/pt\/producto\/presunto-iberico-bolota-monteparra-do-de-75-kg-aprox-guijuelo\/","og_locale":"pt_PT","og_type":"article","og_title":"Presunto iberico Bolota Monteparra D.O. de Guijuelo - El Mejor Jam\u00f3n","og_description":"Presunto iberico Bolota Monteparra D.O. de Guijuelo","og_url":"https:\/\/elmejorjamon.es\/pt\/producto\/presunto-iberico-bolota-monteparra-do-de-75-kg-aprox-guijuelo\/","og_site_name":"El Mejor Jam\u00f3n","article_publisher":"https:\/\/www.facebook.com\/elmejorjamonweb","article_modified_time":"2025-09-19T07:06:42+00:00","og_image":[{"width":1100,"height":1422,"url":"https:\/\/elmejorjamon.es\/wp-content\/uploads\/2007\/11\/1761-thickbox_default-Jamon-de-Bellota-75berico-Monteparra-D.O.-Guijuelo.jpg","type":"image\/jpeg"}],"twitter_card":"summary_large_image","twitter_site":"@elmejorjamonweb","twitter_misc":{"Tempo estimado de leitura":"1 minuto"},"schema":{"@context":"https:\/\/schema.org","@graph":[{"@type":"WebPage","@id":"https:\/\/elmejorjamon.es\/pt\/producto\/presunto-iberico-bolota-monteparra-do-de-75-kg-aprox-guijuelo\/","url":"https:\/\/elmejorjamon.es\/pt\/producto\/presunto-iberico-bolota-monteparra-do-de-75-kg-aprox-guijuelo\/","name":"Presunto iberico Bolota Monteparra D.O. de Guijuelo - El Mejor Jam\u00f3n","isPartOf":{"@id":"https:\/\/elmejorjamon.es\/#website"},"primaryImageOfPage":{"@id":"https:\/\/elmejorjamon.es\/pt\/producto\/presunto-iberico-bolota-monteparra-do-de-75-kg-aprox-guijuelo\/#primaryimage"},"image":{"@id":"https:\/\/elmejorjamon.es\/pt\/producto\/presunto-iberico-bolota-monteparra-do-de-75-kg-aprox-guijuelo\/#primaryimage"},"thumbnailUrl":"https:\/\/elmejorjamon.es\/wp-content\/uploads\/2007\/11\/1761-thickbox_default-Jamon-de-Bellota-75berico-Monteparra-D.O.-Guijuelo.jpg","datePublished":"2025-09-19T07:06:36+00:00","dateModified":"2025-09-19T07:06:42+00:00","breadcrumb":{"@id":"https:\/\/elmejorjamon.es\/pt\/producto\/presunto-iberico-bolota-monteparra-do-de-75-kg-aprox-guijuelo\/#breadcrumb"},"inLanguage":"pt-PT","potentialAction":[{"@type":"ReadAction","target":["https:\/\/elmejorjamon.es\/pt\/producto\/presunto-iberico-bolota-monteparra-do-de-75-kg-aprox-guijuelo\/"]}]},{"@type":"ImageObject","inLanguage":"pt-PT","@id":"https:\/\/elmejorjamon.es\/pt\/producto\/presunto-iberico-bolota-monteparra-do-de-75-kg-aprox-guijuelo\/#primaryimage","url":"https:\/\/elmejorjamon.es\/wp-content\/uploads\/2007\/11\/1761-thickbox_default-Jamon-de-Bellota-75berico-Monteparra-D.O.-Guijuelo.jpg","contentUrl":"https:\/\/elmejorjamon.es\/wp-content\/uploads\/2007\/11\/1761-thickbox_default-Jamon-de-Bellota-75berico-Monteparra-D.O.-Guijuelo.jpg","width":1100,"height":1422},{"@type":"BreadcrumbList","@id":"https:\/\/elmejorjamon.es\/pt\/producto\/presunto-iberico-bolota-monteparra-do-de-75-kg-aprox-guijuelo\/#breadcrumb","itemListElement":[{"@type":"ListItem","position":1,"name":"Portada","item":"https:\/\/elmejorjamon.es\/pt\/"},{"@type":"ListItem","position":2,"name":"In\u00edcio r\u00e1pido","item":"https:\/\/elmejorjamon.es\/pt\/"},{"@type":"ListItem","position":3,"name":"Presunto iberico Bolota Monteparra D.O. de Guijuelo"}]},{"@type":"WebSite","@id":"https:\/\/elmejorjamon.es\/#website","url":"https:\/\/elmejorjamon.es\/","name":"El Mejor Jam\u00f3n","description":"Comprar jamones y embutidos a buen precio","publisher":{"@id":"https:\/\/elmejorjamon.es\/#organization"},"potentialAction":[{"@type":"SearchAction","target":{"@type":"EntryPoint","urlTemplate":"https:\/\/elmejorjamon.es\/?s={search_term_string}"},"query-input":{"@type":"PropertyValueSpecification","valueRequired":true,"valueName":"search_term_string"}}],"inLanguage":"pt-PT"},{"@type":"Organization","@id":"https:\/\/elmejorjamon.es\/#organization","name":"El Mejor Jam\u00f3n","url":"https:\/\/elmejorjamon.es\/","logo":{"@type":"ImageObject","inLanguage":"pt-PT","@id":"https:\/\/elmejorjamon.es\/#\/schema\/logo\/image\/","url":"https:\/\/elmejorjamon.es\/wp-content\/uploads\/2025\/01\/logocorreos.png","contentUrl":"https:\/\/elmejorjamon.es\/wp-content\/uploads\/2025\/01\/logocorreos.png","width":277,"height":200,"caption":"El Mejor Jam\u00f3n"},"image":{"@id":"https:\/\/elmejorjamon.es\/#\/schema\/logo\/image\/"},"sameAs":["https:\/\/www.facebook.com\/elmejorjamonweb","https:\/\/x.com\/elmejorjamonweb","https:\/\/www.instagram.com\/elmejorjamonweb\/"]}]}},"_links":{"self":[{"href":"https:\/\/elmejorjamon.es\/pt\/wp-json\/wp\/v2\/product\/252","targetHints":{"allow":["GET"]}}],"collection":[{"href":"https:\/\/elmejorjamon.es\/pt\/wp-json\/wp\/v2\/product"}],"about":[{"href":"https:\/\/elmejorjamon.es\/pt\/wp-json\/wp\/v2\/types\/product"}],"replies":[{"embeddable":true,"href":"https:\/\/elmejorjamon.es\/pt\/wp-json\/wp\/v2\/comments?post=252"}],"wp:featuredmedia":[{"embeddable":true,"href":"https:\/\/elmejorjamon.es\/pt\/wp-json\/wp\/v2\/media\/198"}],"wp:attachment":[{"href":"https:\/\/elmejorjamon.es\/pt\/wp-json\/wp\/v2\/media?parent=252"}],"wp:term":[{"taxonomy":"product_brand","embeddable":true,"href":"https:\/\/elmejorjamon.es\/pt\/wp-json\/wp\/v2\/product_brand?post=252"},{"taxonomy":"product_cat","embeddable":true,"href":"https:\/\/elmejorjamon.es\/pt\/wp-json\/wp\/v2\/product_cat?post=252"},{"taxonomy":"product_tag","embeddable":true,"href":"https:\/\/elmejorjamon.es\/pt\/wp-json\/wp\/v2\/product_tag?post=252"}],"curies":[{"name":"wp","href":"https:\/\/api.w.org\/{rel}","templated":true}]}}