{"id":2448,"date":"2013-01-21T23:44:42","date_gmt":"2013-01-21T22:44:42","guid":{"rendered":"https:\/\/nueva.elmejorjamon.es\/producto\/migalhas-de-bacalhau-salgados-tipo-ling-2-kg\/"},"modified":"2025-01-13T11:15:16","modified_gmt":"2025-01-13T10:15:16","slug":"pedacos-de-pescada-salgada-2-kg","status":"publish","type":"product","link":"https:\/\/elmejorjamon.es\/pt\/producto\/pedacos-de-pescada-salgada-2-kg\/","title":{"rendered":"Peda\u00e7os de pescada salgada tipo ling 2 kg."},"content":{"rendered":"<p>Peda\u00e7os de pescada salgados tipo ling 2 kg. \u00c9 necess\u00e1rio dessalinizar o produto antes de consumi-lo. Para dessalinizar o bacalhau, a primeira coisa a fazer \u00e9 remover a camada de sal que cobre com um pano \u00famido ou sob a torneira, com um gotejamento de \u00e1gua. As por\u00e7\u00f5es de bacalhau devem ter a mesma espessura. Se forem diferentes, \u00e9 melhor separ\u00e1-los em outro recipiente. Coloque o bacalhau com a pele em um recipiente com \u00e1gua fria e abundante (m\u00ednimo tr\u00eas partes de \u00e1gua por cada parte do bacalhau) na geladeira, entre 6 e 8 \u00baC por 4 dias. Se dessalinho a uma temperatura mais baixa, o processo vai durar mais tempo. Se for feito a uma temperatura mais alta, a carne perder\u00e1 consist\u00eancia. Durante os pr\u00f3ximos dois dias, mude a \u00e1gua apenas uma vez por dia, mantendo o recipiente na geladeira. Recomenda-se experimentar o ponto de sal, que \u00e9 provar. Deixe escorrer, secar com um pano antes de cozinhar e voc\u00ea est\u00e1 pronto.<\/p>\n","protected":false},"excerpt":{"rendered":"<p>Peda\u00e7os de pescada salgada 2 kg. tipo ling 2 kg.<\/p>\n","protected":false},"featured_media":2431,"comment_status":"open","ping_status":"closed","template":"","meta":{"_et_pb_use_builder":"","_et_pb_old_content":"","_et_gb_content_width":"","_sitemap_exclude":false,"_sitemap_priority":"","_sitemap_frequency":""},"product_brand":[],"product_cat":[795,832,834],"product_tag":[],"class_list":{"0":"post-2448","1":"product","2":"type-product","3":"status-publish","4":"has-post-thumbnail","6":"product_cat-comecar","7":"product_cat-salgado","8":"product_cat-todos-os-produtos-pt-pt","9":"product_shipping_class-normal-pt","11":"first","12":"instock","13":"shipping-taxable","14":"purchasable","15":"product-type-simple"},"yoast_head":"<!-- This site is optimized with the Yoast SEO plugin v27.4 - https:\/\/yoast.com\/product\/yoast-seo-wordpress\/ -->\n<title>Peda\u00e7os de pescada salgada tipo ling 2 kg. - El Mejor Jam\u00f3n<\/title>\n<meta name=\"robots\" content=\"index, follow, max-snippet:-1, max-image-preview:large, max-video-preview:-1\" \/>\n<link rel=\"canonical\" href=\"https:\/\/elmejorjamon.es\/pt\/producto\/pedacos-de-pescada-salgada-2-kg\/\" \/>\n<meta property=\"og:locale\" content=\"pt_PT\" \/>\n<meta property=\"og:type\" content=\"article\" \/>\n<meta property=\"og:title\" content=\"Peda\u00e7os de pescada salgada tipo ling 2 kg. - El Mejor Jam\u00f3n\" \/>\n<meta property=\"og:description\" content=\"Peda\u00e7os de pescada salgada 2 kg. tipo ling 2 kg.\" \/>\n<meta property=\"og:url\" content=\"https:\/\/elmejorjamon.es\/pt\/producto\/pedacos-de-pescada-salgada-2-kg\/\" \/>\n<meta property=\"og:site_name\" content=\"El Mejor Jam\u00f3n\" \/>\n<meta property=\"article:publisher\" content=\"https:\/\/www.facebook.com\/elmejorjamonweb\" \/>\n<meta property=\"article:modified_time\" content=\"2025-01-13T10:15:16+00:00\" \/>\n<meta property=\"og:image\" content=\"https:\/\/elmejorjamon.es\/wp-content\/uploads\/2013\/01\/1037-thickbox_default-Migas-de-bacalao-salado-tipo-ling-5-kg.jpg\" \/>\n\t<meta property=\"og:image:width\" content=\"1100\" \/>\n\t<meta property=\"og:image:height\" content=\"1422\" \/>\n\t<meta property=\"og:image:type\" content=\"image\/jpeg\" \/>\n<meta name=\"twitter:card\" content=\"summary_large_image\" \/>\n<meta name=\"twitter:site\" content=\"@elmejorjamonweb\" \/>\n<meta name=\"twitter:label1\" content=\"Tempo estimado de leitura\" \/>\n\t<meta name=\"twitter:data1\" content=\"1 minuto\" \/>\n<script type=\"application\/ld+json\" class=\"yoast-schema-graph\">{\"@context\":\"https:\\\/\\\/schema.org\",\"@graph\":[{\"@type\":\"WebPage\",\"@id\":\"https:\\\/\\\/elmejorjamon.es\\\/pt\\\/producto\\\/pedacos-de-pescada-salgada-2-kg\\\/\",\"url\":\"https:\\\/\\\/elmejorjamon.es\\\/pt\\\/producto\\\/pedacos-de-pescada-salgada-2-kg\\\/\",\"name\":\"Peda\u00e7os de pescada salgada tipo ling 2 kg. - El Mejor Jam\u00f3n\",\"isPartOf\":{\"@id\":\"https:\\\/\\\/elmejorjamon.es\\\/#website\"},\"primaryImageOfPage\":{\"@id\":\"https:\\\/\\\/elmejorjamon.es\\\/pt\\\/producto\\\/pedacos-de-pescada-salgada-2-kg\\\/#primaryimage\"},\"image\":{\"@id\":\"https:\\\/\\\/elmejorjamon.es\\\/pt\\\/producto\\\/pedacos-de-pescada-salgada-2-kg\\\/#primaryimage\"},\"thumbnailUrl\":\"https:\\\/\\\/elmejorjamon.es\\\/wp-content\\\/uploads\\\/2013\\\/01\\\/1037-thickbox_default-Migas-de-bacalao-salado-tipo-ling-5-kg.jpg\",\"datePublished\":\"2013-01-21T22:44:42+00:00\",\"dateModified\":\"2025-01-13T10:15:16+00:00\",\"breadcrumb\":{\"@id\":\"https:\\\/\\\/elmejorjamon.es\\\/pt\\\/producto\\\/pedacos-de-pescada-salgada-2-kg\\\/#breadcrumb\"},\"inLanguage\":\"pt-PT\",\"potentialAction\":[{\"@type\":\"ReadAction\",\"target\":[\"https:\\\/\\\/elmejorjamon.es\\\/pt\\\/producto\\\/pedacos-de-pescada-salgada-2-kg\\\/\"]}]},{\"@type\":\"ImageObject\",\"inLanguage\":\"pt-PT\",\"@id\":\"https:\\\/\\\/elmejorjamon.es\\\/pt\\\/producto\\\/pedacos-de-pescada-salgada-2-kg\\\/#primaryimage\",\"url\":\"https:\\\/\\\/elmejorjamon.es\\\/wp-content\\\/uploads\\\/2013\\\/01\\\/1037-thickbox_default-Migas-de-bacalao-salado-tipo-ling-5-kg.jpg\",\"contentUrl\":\"https:\\\/\\\/elmejorjamon.es\\\/wp-content\\\/uploads\\\/2013\\\/01\\\/1037-thickbox_default-Migas-de-bacalao-salado-tipo-ling-5-kg.jpg\",\"width\":1100,\"height\":1422,\"caption\":\"Migas de bacalao salado tipo ling 5 kg.\"},{\"@type\":\"BreadcrumbList\",\"@id\":\"https:\\\/\\\/elmejorjamon.es\\\/pt\\\/producto\\\/pedacos-de-pescada-salgada-2-kg\\\/#breadcrumb\",\"itemListElement\":[{\"@type\":\"ListItem\",\"position\":1,\"name\":\"Portada\",\"item\":\"https:\\\/\\\/elmejorjamon.es\\\/pt\\\/\"},{\"@type\":\"ListItem\",\"position\":2,\"name\":\"In\u00edcio r\u00e1pido\",\"item\":\"https:\\\/\\\/elmejorjamon.es\\\/pt\\\/\"},{\"@type\":\"ListItem\",\"position\":3,\"name\":\"Peda\u00e7os de pescada salgada tipo ling 2 kg.\"}]},{\"@type\":\"WebSite\",\"@id\":\"https:\\\/\\\/elmejorjamon.es\\\/#website\",\"url\":\"https:\\\/\\\/elmejorjamon.es\\\/\",\"name\":\"El Mejor Jam\u00f3n\",\"description\":\"Comprar jamones y embutidos a buen precio\",\"publisher\":{\"@id\":\"https:\\\/\\\/elmejorjamon.es\\\/#organization\"},\"potentialAction\":[{\"@type\":\"SearchAction\",\"target\":{\"@type\":\"EntryPoint\",\"urlTemplate\":\"https:\\\/\\\/elmejorjamon.es\\\/?s={search_term_string}\"},\"query-input\":{\"@type\":\"PropertyValueSpecification\",\"valueRequired\":true,\"valueName\":\"search_term_string\"}}],\"inLanguage\":\"pt-PT\"},{\"@type\":\"Organization\",\"@id\":\"https:\\\/\\\/elmejorjamon.es\\\/#organization\",\"name\":\"El Mejor Jam\u00f3n\",\"url\":\"https:\\\/\\\/elmejorjamon.es\\\/\",\"logo\":{\"@type\":\"ImageObject\",\"inLanguage\":\"pt-PT\",\"@id\":\"https:\\\/\\\/elmejorjamon.es\\\/#\\\/schema\\\/logo\\\/image\\\/\",\"url\":\"https:\\\/\\\/elmejorjamon.es\\\/wp-content\\\/uploads\\\/2025\\\/01\\\/logocorreos.png\",\"contentUrl\":\"https:\\\/\\\/elmejorjamon.es\\\/wp-content\\\/uploads\\\/2025\\\/01\\\/logocorreos.png\",\"width\":277,\"height\":200,\"caption\":\"El Mejor Jam\u00f3n\"},\"image\":{\"@id\":\"https:\\\/\\\/elmejorjamon.es\\\/#\\\/schema\\\/logo\\\/image\\\/\"},\"sameAs\":[\"https:\\\/\\\/www.facebook.com\\\/elmejorjamonweb\",\"https:\\\/\\\/x.com\\\/elmejorjamonweb\",\"https:\\\/\\\/www.instagram.com\\\/elmejorjamonweb\\\/\"]}]}<\/script>\n<!-- \/ Yoast SEO plugin. -->","yoast_head_json":{"title":"Peda\u00e7os de pescada salgada tipo ling 2 kg. - El Mejor Jam\u00f3n","robots":{"index":"index","follow":"follow","max-snippet":"max-snippet:-1","max-image-preview":"max-image-preview:large","max-video-preview":"max-video-preview:-1"},"canonical":"https:\/\/elmejorjamon.es\/pt\/producto\/pedacos-de-pescada-salgada-2-kg\/","og_locale":"pt_PT","og_type":"article","og_title":"Peda\u00e7os de pescada salgada tipo ling 2 kg. - El Mejor Jam\u00f3n","og_description":"Peda\u00e7os de pescada salgada 2 kg. tipo ling 2 kg.","og_url":"https:\/\/elmejorjamon.es\/pt\/producto\/pedacos-de-pescada-salgada-2-kg\/","og_site_name":"El Mejor Jam\u00f3n","article_publisher":"https:\/\/www.facebook.com\/elmejorjamonweb","article_modified_time":"2025-01-13T10:15:16+00:00","og_image":[{"width":1100,"height":1422,"url":"https:\/\/elmejorjamon.es\/wp-content\/uploads\/2013\/01\/1037-thickbox_default-Migas-de-bacalao-salado-tipo-ling-5-kg.jpg","type":"image\/jpeg"}],"twitter_card":"summary_large_image","twitter_site":"@elmejorjamonweb","twitter_misc":{"Tempo estimado de leitura":"1 minuto"},"schema":{"@context":"https:\/\/schema.org","@graph":[{"@type":"WebPage","@id":"https:\/\/elmejorjamon.es\/pt\/producto\/pedacos-de-pescada-salgada-2-kg\/","url":"https:\/\/elmejorjamon.es\/pt\/producto\/pedacos-de-pescada-salgada-2-kg\/","name":"Peda\u00e7os de pescada salgada tipo ling 2 kg. - El Mejor Jam\u00f3n","isPartOf":{"@id":"https:\/\/elmejorjamon.es\/#website"},"primaryImageOfPage":{"@id":"https:\/\/elmejorjamon.es\/pt\/producto\/pedacos-de-pescada-salgada-2-kg\/#primaryimage"},"image":{"@id":"https:\/\/elmejorjamon.es\/pt\/producto\/pedacos-de-pescada-salgada-2-kg\/#primaryimage"},"thumbnailUrl":"https:\/\/elmejorjamon.es\/wp-content\/uploads\/2013\/01\/1037-thickbox_default-Migas-de-bacalao-salado-tipo-ling-5-kg.jpg","datePublished":"2013-01-21T22:44:42+00:00","dateModified":"2025-01-13T10:15:16+00:00","breadcrumb":{"@id":"https:\/\/elmejorjamon.es\/pt\/producto\/pedacos-de-pescada-salgada-2-kg\/#breadcrumb"},"inLanguage":"pt-PT","potentialAction":[{"@type":"ReadAction","target":["https:\/\/elmejorjamon.es\/pt\/producto\/pedacos-de-pescada-salgada-2-kg\/"]}]},{"@type":"ImageObject","inLanguage":"pt-PT","@id":"https:\/\/elmejorjamon.es\/pt\/producto\/pedacos-de-pescada-salgada-2-kg\/#primaryimage","url":"https:\/\/elmejorjamon.es\/wp-content\/uploads\/2013\/01\/1037-thickbox_default-Migas-de-bacalao-salado-tipo-ling-5-kg.jpg","contentUrl":"https:\/\/elmejorjamon.es\/wp-content\/uploads\/2013\/01\/1037-thickbox_default-Migas-de-bacalao-salado-tipo-ling-5-kg.jpg","width":1100,"height":1422,"caption":"Migas de bacalao salado tipo ling 5 kg."},{"@type":"BreadcrumbList","@id":"https:\/\/elmejorjamon.es\/pt\/producto\/pedacos-de-pescada-salgada-2-kg\/#breadcrumb","itemListElement":[{"@type":"ListItem","position":1,"name":"Portada","item":"https:\/\/elmejorjamon.es\/pt\/"},{"@type":"ListItem","position":2,"name":"In\u00edcio r\u00e1pido","item":"https:\/\/elmejorjamon.es\/pt\/"},{"@type":"ListItem","position":3,"name":"Peda\u00e7os de pescada salgada tipo ling 2 kg."}]},{"@type":"WebSite","@id":"https:\/\/elmejorjamon.es\/#website","url":"https:\/\/elmejorjamon.es\/","name":"El Mejor Jam\u00f3n","description":"Comprar jamones y embutidos a buen precio","publisher":{"@id":"https:\/\/elmejorjamon.es\/#organization"},"potentialAction":[{"@type":"SearchAction","target":{"@type":"EntryPoint","urlTemplate":"https:\/\/elmejorjamon.es\/?s={search_term_string}"},"query-input":{"@type":"PropertyValueSpecification","valueRequired":true,"valueName":"search_term_string"}}],"inLanguage":"pt-PT"},{"@type":"Organization","@id":"https:\/\/elmejorjamon.es\/#organization","name":"El Mejor Jam\u00f3n","url":"https:\/\/elmejorjamon.es\/","logo":{"@type":"ImageObject","inLanguage":"pt-PT","@id":"https:\/\/elmejorjamon.es\/#\/schema\/logo\/image\/","url":"https:\/\/elmejorjamon.es\/wp-content\/uploads\/2025\/01\/logocorreos.png","contentUrl":"https:\/\/elmejorjamon.es\/wp-content\/uploads\/2025\/01\/logocorreos.png","width":277,"height":200,"caption":"El Mejor Jam\u00f3n"},"image":{"@id":"https:\/\/elmejorjamon.es\/#\/schema\/logo\/image\/"},"sameAs":["https:\/\/www.facebook.com\/elmejorjamonweb","https:\/\/x.com\/elmejorjamonweb","https:\/\/www.instagram.com\/elmejorjamonweb\/"]}]}},"_links":{"self":[{"href":"https:\/\/elmejorjamon.es\/pt\/wp-json\/wp\/v2\/product\/2448","targetHints":{"allow":["GET"]}}],"collection":[{"href":"https:\/\/elmejorjamon.es\/pt\/wp-json\/wp\/v2\/product"}],"about":[{"href":"https:\/\/elmejorjamon.es\/pt\/wp-json\/wp\/v2\/types\/product"}],"replies":[{"embeddable":true,"href":"https:\/\/elmejorjamon.es\/pt\/wp-json\/wp\/v2\/comments?post=2448"}],"wp:featuredmedia":[{"embeddable":true,"href":"https:\/\/elmejorjamon.es\/pt\/wp-json\/wp\/v2\/media\/2431"}],"wp:attachment":[{"href":"https:\/\/elmejorjamon.es\/pt\/wp-json\/wp\/v2\/media?parent=2448"}],"wp:term":[{"taxonomy":"product_brand","embeddable":true,"href":"https:\/\/elmejorjamon.es\/pt\/wp-json\/wp\/v2\/product_brand?post=2448"},{"taxonomy":"product_cat","embeddable":true,"href":"https:\/\/elmejorjamon.es\/pt\/wp-json\/wp\/v2\/product_cat?post=2448"},{"taxonomy":"product_tag","embeddable":true,"href":"https:\/\/elmejorjamon.es\/pt\/wp-json\/wp\/v2\/product_tag?post=2448"}],"curies":[{"name":"wp","href":"https:\/\/api.w.org\/{rel}","templated":true}]}}