{"id":22230,"date":"2026-04-21T10:43:56","date_gmt":"2026-04-21T08:43:56","guid":{"rendered":"https:\/\/elmejorjamon.es\/?post_type=product&#038;p=22230"},"modified":"2026-04-21T11:10:17","modified_gmt":"2026-04-21T09:10:17","slug":"presunto-cruz-reserva-serrano-e-duroc","status":"publish","type":"product","link":"https:\/\/elmejorjamon.es\/pt\/producto\/presunto-cruz-reserva-serrano-e-duroc\/","title":{"rendered":"Presunto Cruz Reserva Serrano e Duroc"},"content":{"rendered":"<p>O nosso Presunto Serrano Reserva \u00e9 uma j\u00f3ia gastron\u00f3mica elaborada com 50% de porcos brancos Duroc. Curado meticulosamente durante mais de 12 meses, combina tradi\u00e7\u00e3o e qualidade em cada fatia. O seu aroma perfumado e textura untuosa fazem dele a estrela de qualquer mesa. Selecionamos cuidadosamente cada pe\u00e7a e maturamo-la em condi\u00e7\u00f5es ideais para preservar as suas caracter\u00edsticas. Um corte brilhante e preciso com um final persistente, perfeito para ser apreciado sozinho ou numa t\u00e1bua de charcutaria. O sabor cl\u00e1ssico que nunca desilude.<\/p>\n<p>O nosso Presunto Serrano Reserva \u00e9 um produto de carne curada requintado, maturado durante mais de 12 meses. Durante este per\u00edodo, o presunto desenvolve uma gordura derretida e um aroma perfumado que equilibra o salgado, o umami e uma subtil do\u00e7ura natural. A fatia revela uma cor vermelha intensa ou ligeiramente mogno, com fibras finas e um brilho uniforme que prenuncia a sua textura sedosa e final longo.<\/p>\n<p>Para apreciar plenamente o seu sabor, recomendamos deixar o presunto atingir a temperatura ambiente antes de o fatiar e servi-lo em fatias finas, que permitem apreciar todo o seu espectro arom\u00e1tico. Ideal para t\u00e1buas de charcutaria, acompanhamentos simples e pratos sofisticados do dia-a-dia.<\/p>\n<p>\u2022 Especifica\u00e7\u00f5es t\u00e9cnicas<br \/>\n\u2013 Formato: Inteiro<br \/>\n\u2013 Peso: 7,5-8 kg<\/p>\n<p>\u2022 Armazenamento e assist\u00eancia<br \/>\n\u2013 Armazenamento: Pendure ou coloque num suporte para presunto num local fresco e seco; proteja a superf\u00edcie de corte.<\/p>\n<p>\u2013 Servi\u00e7o: Deixe atingir a temperatura ambiente durante 20 a 30 minutos antes de fatiar e corte finamente; evite a luz direta e o calor.<\/p>\n","protected":false},"excerpt":{"rendered":"<p>Presunto Cruz Reserva Serrano e Duroc<\/p>\n","protected":false},"featured_media":22278,"comment_status":"open","ping_status":"closed","template":"","meta":{"_et_pb_use_builder":"","_et_pb_old_content":"","_et_gb_content_width":"","_sitemap_exclude":false,"_sitemap_priority":"","_sitemap_frequency":""},"product_brand":[],"product_cat":[795,828,834],"product_tag":[],"class_list":{"0":"post-22230","1":"product","2":"type-product","3":"status-publish","4":"has-post-thumbnail","6":"product_cat-comecar","7":"product_cat-presuntos-de-adega","8":"product_cat-todos-os-produtos-pt-pt","9":"product_shipping_class-normal-pt","10":"pa_opciones-desossado-e-embalado-no-vacuo-59-e-59-e","11":"pa_opciones-faca-cortada-e-embalada-em-saquetas-60-e-60-e","12":"pa_opciones-peca-inteira","13":"pa_peso-75-8-kg","15":"first","16":"instock","17":"shipping-taxable","18":"purchasable","19":"product-type-variable","20":"has-default-attributes"},"yoast_head":"<!-- This site is optimized with the Yoast SEO plugin v27.4 - https:\/\/yoast.com\/product\/yoast-seo-wordpress\/ -->\n<title>Compra Presunto Cruz Reserva Serrano e Duroc - El Mejor Jam\u00f3n<\/title>\n<meta name=\"description\" content=\"O nosso Presunto Serrano Reserva \u00e9 um produto de carne curada requintado, maturado durante mais de 12 meses. Peso: 7,5-8 kg Ideal para t\u00e1buas de charcutaria\" \/>\n<meta name=\"robots\" content=\"index, follow, max-snippet:-1, max-image-preview:large, max-video-preview:-1\" \/>\n<link rel=\"canonical\" href=\"https:\/\/elmejorjamon.es\/pt\/producto\/presunto-cruz-reserva-serrano-e-duroc\/\" \/>\n<meta property=\"og:locale\" content=\"pt_PT\" \/>\n<meta property=\"og:type\" content=\"article\" \/>\n<meta property=\"og:title\" content=\"Compra Presunto Cruz Reserva Serrano e Duroc - El Mejor Jam\u00f3n\" \/>\n<meta property=\"og:description\" content=\"O nosso Presunto Serrano Reserva \u00e9 um produto de carne curada requintado, maturado durante mais de 12 meses. Peso: 7,5-8 kg Ideal para t\u00e1buas de charcutaria\" \/>\n<meta property=\"og:url\" content=\"https:\/\/elmejorjamon.es\/pt\/producto\/presunto-cruz-reserva-serrano-e-duroc\/\" \/>\n<meta property=\"og:site_name\" content=\"El Mejor Jam\u00f3n\" \/>\n<meta property=\"article:publisher\" content=\"https:\/\/www.facebook.com\/elmejorjamonweb\" \/>\n<meta property=\"article:modified_time\" content=\"2026-04-21T09:10:17+00:00\" \/>\n<meta property=\"og:image\" content=\"https:\/\/elmejorjamon.es\/wp-content\/uploads\/2026\/04\/Gregoriocruzreserva.jpg\" \/>\n\t<meta property=\"og:image:width\" content=\"668\" \/>\n\t<meta property=\"og:image:height\" content=\"1000\" \/>\n\t<meta property=\"og:image:type\" content=\"image\/jpeg\" \/>\n<meta name=\"twitter:card\" content=\"summary_large_image\" \/>\n<meta name=\"twitter:site\" content=\"@elmejorjamonweb\" \/>\n<meta name=\"twitter:label1\" content=\"Tempo estimado de leitura\" \/>\n\t<meta name=\"twitter:data1\" content=\"2 minuto\" \/>\n<script type=\"application\/ld+json\" class=\"yoast-schema-graph\">{\"@context\":\"https:\\\/\\\/schema.org\",\"@graph\":[{\"@type\":\"WebPage\",\"@id\":\"https:\\\/\\\/elmejorjamon.es\\\/pt\\\/producto\\\/presunto-cruz-reserva-serrano-e-duroc\\\/\",\"url\":\"https:\\\/\\\/elmejorjamon.es\\\/pt\\\/producto\\\/presunto-cruz-reserva-serrano-e-duroc\\\/\",\"name\":\"Compra Presunto Cruz Reserva Serrano e Duroc - El Mejor Jam\u00f3n\",\"isPartOf\":{\"@id\":\"https:\\\/\\\/elmejorjamon.es\\\/#website\"},\"primaryImageOfPage\":{\"@id\":\"https:\\\/\\\/elmejorjamon.es\\\/pt\\\/producto\\\/presunto-cruz-reserva-serrano-e-duroc\\\/#primaryimage\"},\"image\":{\"@id\":\"https:\\\/\\\/elmejorjamon.es\\\/pt\\\/producto\\\/presunto-cruz-reserva-serrano-e-duroc\\\/#primaryimage\"},\"thumbnailUrl\":\"https:\\\/\\\/elmejorjamon.es\\\/wp-content\\\/uploads\\\/2026\\\/04\\\/Gregoriocruzreserva.jpg\",\"datePublished\":\"2026-04-21T08:43:56+00:00\",\"dateModified\":\"2026-04-21T09:10:17+00:00\",\"description\":\"O nosso Presunto Serrano Reserva \u00e9 um produto de carne curada requintado, maturado durante mais de 12 meses. Peso: 7,5-8 kg Ideal para t\u00e1buas de charcutaria\",\"breadcrumb\":{\"@id\":\"https:\\\/\\\/elmejorjamon.es\\\/pt\\\/producto\\\/presunto-cruz-reserva-serrano-e-duroc\\\/#breadcrumb\"},\"inLanguage\":\"pt-PT\",\"potentialAction\":[{\"@type\":\"ReadAction\",\"target\":[\"https:\\\/\\\/elmejorjamon.es\\\/pt\\\/producto\\\/presunto-cruz-reserva-serrano-e-duroc\\\/\"]}]},{\"@type\":\"ImageObject\",\"inLanguage\":\"pt-PT\",\"@id\":\"https:\\\/\\\/elmejorjamon.es\\\/pt\\\/producto\\\/presunto-cruz-reserva-serrano-e-duroc\\\/#primaryimage\",\"url\":\"https:\\\/\\\/elmejorjamon.es\\\/wp-content\\\/uploads\\\/2026\\\/04\\\/Gregoriocruzreserva.jpg\",\"contentUrl\":\"https:\\\/\\\/elmejorjamon.es\\\/wp-content\\\/uploads\\\/2026\\\/04\\\/Gregoriocruzreserva.jpg\",\"width\":668,\"height\":1000},{\"@type\":\"BreadcrumbList\",\"@id\":\"https:\\\/\\\/elmejorjamon.es\\\/pt\\\/producto\\\/presunto-cruz-reserva-serrano-e-duroc\\\/#breadcrumb\",\"itemListElement\":[{\"@type\":\"ListItem\",\"position\":1,\"name\":\"Portada\",\"item\":\"https:\\\/\\\/elmejorjamon.es\\\/pt\\\/\"},{\"@type\":\"ListItem\",\"position\":2,\"name\":\"In\u00edcio r\u00e1pido\",\"item\":\"https:\\\/\\\/elmejorjamon.es\\\/pt\\\/\"},{\"@type\":\"ListItem\",\"position\":3,\"name\":\"Presunto Cruz Reserva Serrano e Duroc\"}]},{\"@type\":\"WebSite\",\"@id\":\"https:\\\/\\\/elmejorjamon.es\\\/#website\",\"url\":\"https:\\\/\\\/elmejorjamon.es\\\/\",\"name\":\"El Mejor Jam\u00f3n\",\"description\":\"Comprar jamones y embutidos a buen precio\",\"publisher\":{\"@id\":\"https:\\\/\\\/elmejorjamon.es\\\/#organization\"},\"potentialAction\":[{\"@type\":\"SearchAction\",\"target\":{\"@type\":\"EntryPoint\",\"urlTemplate\":\"https:\\\/\\\/elmejorjamon.es\\\/?s={search_term_string}\"},\"query-input\":{\"@type\":\"PropertyValueSpecification\",\"valueRequired\":true,\"valueName\":\"search_term_string\"}}],\"inLanguage\":\"pt-PT\"},{\"@type\":\"Organization\",\"@id\":\"https:\\\/\\\/elmejorjamon.es\\\/#organization\",\"name\":\"El Mejor Jam\u00f3n\",\"url\":\"https:\\\/\\\/elmejorjamon.es\\\/\",\"logo\":{\"@type\":\"ImageObject\",\"inLanguage\":\"pt-PT\",\"@id\":\"https:\\\/\\\/elmejorjamon.es\\\/#\\\/schema\\\/logo\\\/image\\\/\",\"url\":\"https:\\\/\\\/elmejorjamon.es\\\/wp-content\\\/uploads\\\/2025\\\/01\\\/logocorreos.png\",\"contentUrl\":\"https:\\\/\\\/elmejorjamon.es\\\/wp-content\\\/uploads\\\/2025\\\/01\\\/logocorreos.png\",\"width\":277,\"height\":200,\"caption\":\"El Mejor Jam\u00f3n\"},\"image\":{\"@id\":\"https:\\\/\\\/elmejorjamon.es\\\/#\\\/schema\\\/logo\\\/image\\\/\"},\"sameAs\":[\"https:\\\/\\\/www.facebook.com\\\/elmejorjamonweb\",\"https:\\\/\\\/x.com\\\/elmejorjamonweb\",\"https:\\\/\\\/www.instagram.com\\\/elmejorjamonweb\\\/\"]}]}<\/script>\n<!-- \/ Yoast SEO plugin. -->","yoast_head_json":{"title":"Compra Presunto Cruz Reserva Serrano e Duroc - El Mejor Jam\u00f3n","description":"O nosso Presunto Serrano Reserva \u00e9 um produto de carne curada requintado, maturado durante mais de 12 meses. Peso: 7,5-8 kg Ideal para t\u00e1buas de charcutaria","robots":{"index":"index","follow":"follow","max-snippet":"max-snippet:-1","max-image-preview":"max-image-preview:large","max-video-preview":"max-video-preview:-1"},"canonical":"https:\/\/elmejorjamon.es\/pt\/producto\/presunto-cruz-reserva-serrano-e-duroc\/","og_locale":"pt_PT","og_type":"article","og_title":"Compra Presunto Cruz Reserva Serrano e Duroc - El Mejor Jam\u00f3n","og_description":"O nosso Presunto Serrano Reserva \u00e9 um produto de carne curada requintado, maturado durante mais de 12 meses. Peso: 7,5-8 kg Ideal para t\u00e1buas de charcutaria","og_url":"https:\/\/elmejorjamon.es\/pt\/producto\/presunto-cruz-reserva-serrano-e-duroc\/","og_site_name":"El Mejor Jam\u00f3n","article_publisher":"https:\/\/www.facebook.com\/elmejorjamonweb","article_modified_time":"2026-04-21T09:10:17+00:00","og_image":[{"width":668,"height":1000,"url":"https:\/\/elmejorjamon.es\/wp-content\/uploads\/2026\/04\/Gregoriocruzreserva.jpg","type":"image\/jpeg"}],"twitter_card":"summary_large_image","twitter_site":"@elmejorjamonweb","twitter_misc":{"Tempo estimado de leitura":"2 minuto"},"schema":{"@context":"https:\/\/schema.org","@graph":[{"@type":"WebPage","@id":"https:\/\/elmejorjamon.es\/pt\/producto\/presunto-cruz-reserva-serrano-e-duroc\/","url":"https:\/\/elmejorjamon.es\/pt\/producto\/presunto-cruz-reserva-serrano-e-duroc\/","name":"Compra Presunto Cruz Reserva Serrano e Duroc - El Mejor Jam\u00f3n","isPartOf":{"@id":"https:\/\/elmejorjamon.es\/#website"},"primaryImageOfPage":{"@id":"https:\/\/elmejorjamon.es\/pt\/producto\/presunto-cruz-reserva-serrano-e-duroc\/#primaryimage"},"image":{"@id":"https:\/\/elmejorjamon.es\/pt\/producto\/presunto-cruz-reserva-serrano-e-duroc\/#primaryimage"},"thumbnailUrl":"https:\/\/elmejorjamon.es\/wp-content\/uploads\/2026\/04\/Gregoriocruzreserva.jpg","datePublished":"2026-04-21T08:43:56+00:00","dateModified":"2026-04-21T09:10:17+00:00","description":"O nosso Presunto Serrano Reserva \u00e9 um produto de carne curada requintado, maturado durante mais de 12 meses. Peso: 7,5-8 kg Ideal para t\u00e1buas de charcutaria","breadcrumb":{"@id":"https:\/\/elmejorjamon.es\/pt\/producto\/presunto-cruz-reserva-serrano-e-duroc\/#breadcrumb"},"inLanguage":"pt-PT","potentialAction":[{"@type":"ReadAction","target":["https:\/\/elmejorjamon.es\/pt\/producto\/presunto-cruz-reserva-serrano-e-duroc\/"]}]},{"@type":"ImageObject","inLanguage":"pt-PT","@id":"https:\/\/elmejorjamon.es\/pt\/producto\/presunto-cruz-reserva-serrano-e-duroc\/#primaryimage","url":"https:\/\/elmejorjamon.es\/wp-content\/uploads\/2026\/04\/Gregoriocruzreserva.jpg","contentUrl":"https:\/\/elmejorjamon.es\/wp-content\/uploads\/2026\/04\/Gregoriocruzreserva.jpg","width":668,"height":1000},{"@type":"BreadcrumbList","@id":"https:\/\/elmejorjamon.es\/pt\/producto\/presunto-cruz-reserva-serrano-e-duroc\/#breadcrumb","itemListElement":[{"@type":"ListItem","position":1,"name":"Portada","item":"https:\/\/elmejorjamon.es\/pt\/"},{"@type":"ListItem","position":2,"name":"In\u00edcio r\u00e1pido","item":"https:\/\/elmejorjamon.es\/pt\/"},{"@type":"ListItem","position":3,"name":"Presunto Cruz Reserva Serrano e Duroc"}]},{"@type":"WebSite","@id":"https:\/\/elmejorjamon.es\/#website","url":"https:\/\/elmejorjamon.es\/","name":"El Mejor Jam\u00f3n","description":"Comprar jamones y embutidos a buen precio","publisher":{"@id":"https:\/\/elmejorjamon.es\/#organization"},"potentialAction":[{"@type":"SearchAction","target":{"@type":"EntryPoint","urlTemplate":"https:\/\/elmejorjamon.es\/?s={search_term_string}"},"query-input":{"@type":"PropertyValueSpecification","valueRequired":true,"valueName":"search_term_string"}}],"inLanguage":"pt-PT"},{"@type":"Organization","@id":"https:\/\/elmejorjamon.es\/#organization","name":"El Mejor Jam\u00f3n","url":"https:\/\/elmejorjamon.es\/","logo":{"@type":"ImageObject","inLanguage":"pt-PT","@id":"https:\/\/elmejorjamon.es\/#\/schema\/logo\/image\/","url":"https:\/\/elmejorjamon.es\/wp-content\/uploads\/2025\/01\/logocorreos.png","contentUrl":"https:\/\/elmejorjamon.es\/wp-content\/uploads\/2025\/01\/logocorreos.png","width":277,"height":200,"caption":"El Mejor Jam\u00f3n"},"image":{"@id":"https:\/\/elmejorjamon.es\/#\/schema\/logo\/image\/"},"sameAs":["https:\/\/www.facebook.com\/elmejorjamonweb","https:\/\/x.com\/elmejorjamonweb","https:\/\/www.instagram.com\/elmejorjamonweb\/"]}]}},"_links":{"self":[{"href":"https:\/\/elmejorjamon.es\/pt\/wp-json\/wp\/v2\/product\/22230","targetHints":{"allow":["GET"]}}],"collection":[{"href":"https:\/\/elmejorjamon.es\/pt\/wp-json\/wp\/v2\/product"}],"about":[{"href":"https:\/\/elmejorjamon.es\/pt\/wp-json\/wp\/v2\/types\/product"}],"replies":[{"embeddable":true,"href":"https:\/\/elmejorjamon.es\/pt\/wp-json\/wp\/v2\/comments?post=22230"}],"wp:featuredmedia":[{"embeddable":true,"href":"https:\/\/elmejorjamon.es\/pt\/wp-json\/wp\/v2\/media\/22278"}],"wp:attachment":[{"href":"https:\/\/elmejorjamon.es\/pt\/wp-json\/wp\/v2\/media?parent=22230"}],"wp:term":[{"taxonomy":"product_brand","embeddable":true,"href":"https:\/\/elmejorjamon.es\/pt\/wp-json\/wp\/v2\/product_brand?post=22230"},{"taxonomy":"product_cat","embeddable":true,"href":"https:\/\/elmejorjamon.es\/pt\/wp-json\/wp\/v2\/product_cat?post=22230"},{"taxonomy":"product_tag","embeddable":true,"href":"https:\/\/elmejorjamon.es\/pt\/wp-json\/wp\/v2\/product_tag?post=22230"}],"curies":[{"name":"wp","href":"https:\/\/api.w.org\/{rel}","templated":true}]}}