{"id":22168,"date":"2026-04-10T12:51:40","date_gmt":"2026-04-10T10:51:40","guid":{"rendered":"https:\/\/elmejorjamon.es\/?post_type=product&#038;p=22168"},"modified":"2026-04-10T13:17:41","modified_gmt":"2026-04-10T11:17:41","slug":"azeite-virgem-extra-pago-francisco-gomez-de-autor-500-ml","status":"publish","type":"product","link":"https:\/\/elmejorjamon.es\/pt\/producto\/azeite-virgem-extra-pago-francisco-gomez-de-autor-500-ml\/","title":{"rendered":"Azeite virgem extra Pago Francisco Gomez de autor 500 ml."},"content":{"rendered":"<p>HARMONIZA\u00c7\u00c3O<br \/>\nAzeite Virgem Extra Gourmet Excepcional. Ideal para real\u00e7ar saladas gourmet, peixe branco, carpaccio e queijos frescos. Perfeito para ser apreciado puro em p\u00e3o artesanal ou como toque final em pratos de alta gastronomia.<\/p>\n<p>VARIEDADES: Picual &#8211; Lecciana &#8211; Chiquitita<br \/>\nPRODU\u00c7\u00c3O:<br \/>\nNOTAS DE DEGUSTA\u00c7\u00c3O<\/p>\n<p>Brilhante e luminoso, com uma intensa cor verde-dourada, refletindo a sua frescura e alta qualidade. A sua densidade m\u00e9dia-alta confere uma presen\u00e7a marcante no copo e no paladar.<\/p>\n<p>Um nariz expressivo e elegante com frutado verde m\u00e9dio, onde se destacam notas frescas de erva acabada de cortar, banana, am\u00eandoa, alcachofra e nozes verdes. Notam-se subtis nuances de tomate, banana e ma\u00e7\u00e3, com um fundo ligeiramente picante que acrescenta complexidade e profundidade.<\/p>\n<p>Na boca apresenta uma entrada aveludada, evoluindo para um amargor m\u00e9dio equilibrado e persistente, com um toque picante caracter\u00edstico da variedade Picual e refor\u00e7ado pela personalidade \u00fanica das variedades Chiquitita e Lecciana (trigo verde e erva tenra). O seu final \u00e9 longo, deixando notas de noz e folha de tomate.<\/p>\n","protected":false},"excerpt":{"rendered":"<p>Azeite virgem extra ecol\u00f3gico org\u00e2nico Pago Francisco Gomez de autor 500 ml.<\/p>\n","protected":false},"featured_media":22174,"comment_status":"open","ping_status":"closed","template":"","meta":{"_et_pb_use_builder":"","_et_pb_old_content":"","_et_gb_content_width":"","_sitemap_exclude":false,"_sitemap_priority":"","_sitemap_frequency":""},"product_brand":[],"product_cat":[795,815,834],"product_tag":[],"class_list":{"0":"post-22168","1":"product","2":"type-product","3":"status-publish","4":"has-post-thumbnail","6":"product_cat-comecar","7":"product_cat-oleos","8":"product_cat-todos-os-produtos-pt-pt","9":"product_shipping_class-normal-pt","11":"first","12":"instock","13":"shipping-taxable","14":"purchasable","15":"product-type-simple"},"yoast_head":"<!-- This site is optimized with the Yoast SEO plugin v27.4 - https:\/\/yoast.com\/product\/yoast-seo-wordpress\/ -->\n<title>Azeite virgem extra Pago Francisco Gomez de autor 500 ml. - El Mejor Jam\u00f3n<\/title>\n<meta name=\"description\" content=\"Azeite Virgem Extra Gourmet. Ideal para real\u00e7ar saladas gourmet, peixe branco, carpaccio e queijos frescos. Perfeito para ser apreciado puro em p\u00e3o\" \/>\n<meta name=\"robots\" content=\"index, follow, max-snippet:-1, max-image-preview:large, max-video-preview:-1\" \/>\n<link rel=\"canonical\" href=\"https:\/\/elmejorjamon.es\/pt\/producto\/azeite-virgem-extra-pago-francisco-gomez-de-autor-500-ml\/\" \/>\n<meta property=\"og:locale\" content=\"pt_PT\" \/>\n<meta property=\"og:type\" content=\"article\" \/>\n<meta property=\"og:title\" content=\"Azeite virgem extra Pago Francisco Gomez de autor 500 ml. - El Mejor Jam\u00f3n\" \/>\n<meta property=\"og:description\" content=\"Azeite Virgem Extra Gourmet. Ideal para real\u00e7ar saladas gourmet, peixe branco, carpaccio e queijos frescos. Perfeito para ser apreciado puro em p\u00e3o\" \/>\n<meta property=\"og:url\" content=\"https:\/\/elmejorjamon.es\/pt\/producto\/azeite-virgem-extra-pago-francisco-gomez-de-autor-500-ml\/\" \/>\n<meta property=\"og:site_name\" content=\"El Mejor Jam\u00f3n\" \/>\n<meta property=\"article:publisher\" content=\"https:\/\/www.facebook.com\/elmejorjamonweb\" \/>\n<meta property=\"article:modified_time\" content=\"2026-04-10T11:17:41+00:00\" \/>\n<meta property=\"og:image\" content=\"https:\/\/elmejorjamon.es\/wp-content\/uploads\/2026\/04\/pago_can.jpg\" \/>\n\t<meta property=\"og:image:width\" content=\"450\" \/>\n\t<meta property=\"og:image:height\" content=\"900\" \/>\n\t<meta property=\"og:image:type\" content=\"image\/jpeg\" \/>\n<meta name=\"twitter:card\" content=\"summary_large_image\" \/>\n<meta name=\"twitter:site\" content=\"@elmejorjamonweb\" \/>\n<meta name=\"twitter:label1\" content=\"Tempo estimado de leitura\" \/>\n\t<meta name=\"twitter:data1\" content=\"1 minuto\" \/>\n<script type=\"application\/ld+json\" class=\"yoast-schema-graph\">{\"@context\":\"https:\\\/\\\/schema.org\",\"@graph\":[{\"@type\":\"WebPage\",\"@id\":\"https:\\\/\\\/elmejorjamon.es\\\/pt\\\/producto\\\/azeite-virgem-extra-pago-francisco-gomez-de-autor-500-ml\\\/\",\"url\":\"https:\\\/\\\/elmejorjamon.es\\\/pt\\\/producto\\\/azeite-virgem-extra-pago-francisco-gomez-de-autor-500-ml\\\/\",\"name\":\"Azeite virgem extra Pago Francisco Gomez de autor 500 ml. - El Mejor Jam\u00f3n\",\"isPartOf\":{\"@id\":\"https:\\\/\\\/elmejorjamon.es\\\/#website\"},\"primaryImageOfPage\":{\"@id\":\"https:\\\/\\\/elmejorjamon.es\\\/pt\\\/producto\\\/azeite-virgem-extra-pago-francisco-gomez-de-autor-500-ml\\\/#primaryimage\"},\"image\":{\"@id\":\"https:\\\/\\\/elmejorjamon.es\\\/pt\\\/producto\\\/azeite-virgem-extra-pago-francisco-gomez-de-autor-500-ml\\\/#primaryimage\"},\"thumbnailUrl\":\"https:\\\/\\\/elmejorjamon.es\\\/wp-content\\\/uploads\\\/2026\\\/04\\\/pago_can.jpg\",\"datePublished\":\"2026-04-10T10:51:40+00:00\",\"dateModified\":\"2026-04-10T11:17:41+00:00\",\"description\":\"Azeite Virgem Extra Gourmet. Ideal para real\u00e7ar saladas gourmet, peixe branco, carpaccio e queijos frescos. Perfeito para ser apreciado puro em p\u00e3o\",\"breadcrumb\":{\"@id\":\"https:\\\/\\\/elmejorjamon.es\\\/pt\\\/producto\\\/azeite-virgem-extra-pago-francisco-gomez-de-autor-500-ml\\\/#breadcrumb\"},\"inLanguage\":\"pt-PT\",\"potentialAction\":[{\"@type\":\"ReadAction\",\"target\":[\"https:\\\/\\\/elmejorjamon.es\\\/pt\\\/producto\\\/azeite-virgem-extra-pago-francisco-gomez-de-autor-500-ml\\\/\"]}]},{\"@type\":\"ImageObject\",\"inLanguage\":\"pt-PT\",\"@id\":\"https:\\\/\\\/elmejorjamon.es\\\/pt\\\/producto\\\/azeite-virgem-extra-pago-francisco-gomez-de-autor-500-ml\\\/#primaryimage\",\"url\":\"https:\\\/\\\/elmejorjamon.es\\\/wp-content\\\/uploads\\\/2026\\\/04\\\/pago_can.jpg\",\"contentUrl\":\"https:\\\/\\\/elmejorjamon.es\\\/wp-content\\\/uploads\\\/2026\\\/04\\\/pago_can.jpg\",\"width\":450,\"height\":900},{\"@type\":\"BreadcrumbList\",\"@id\":\"https:\\\/\\\/elmejorjamon.es\\\/pt\\\/producto\\\/azeite-virgem-extra-pago-francisco-gomez-de-autor-500-ml\\\/#breadcrumb\",\"itemListElement\":[{\"@type\":\"ListItem\",\"position\":1,\"name\":\"Portada\",\"item\":\"https:\\\/\\\/elmejorjamon.es\\\/pt\\\/\"},{\"@type\":\"ListItem\",\"position\":2,\"name\":\"In\u00edcio r\u00e1pido\",\"item\":\"https:\\\/\\\/elmejorjamon.es\\\/pt\\\/\"},{\"@type\":\"ListItem\",\"position\":3,\"name\":\"Azeite virgem extra Pago Francisco Gomez de autor 500 ml.\"}]},{\"@type\":\"WebSite\",\"@id\":\"https:\\\/\\\/elmejorjamon.es\\\/#website\",\"url\":\"https:\\\/\\\/elmejorjamon.es\\\/\",\"name\":\"El Mejor Jam\u00f3n\",\"description\":\"Comprar jamones y embutidos a buen precio\",\"publisher\":{\"@id\":\"https:\\\/\\\/elmejorjamon.es\\\/#organization\"},\"potentialAction\":[{\"@type\":\"SearchAction\",\"target\":{\"@type\":\"EntryPoint\",\"urlTemplate\":\"https:\\\/\\\/elmejorjamon.es\\\/?s={search_term_string}\"},\"query-input\":{\"@type\":\"PropertyValueSpecification\",\"valueRequired\":true,\"valueName\":\"search_term_string\"}}],\"inLanguage\":\"pt-PT\"},{\"@type\":\"Organization\",\"@id\":\"https:\\\/\\\/elmejorjamon.es\\\/#organization\",\"name\":\"El Mejor Jam\u00f3n\",\"url\":\"https:\\\/\\\/elmejorjamon.es\\\/\",\"logo\":{\"@type\":\"ImageObject\",\"inLanguage\":\"pt-PT\",\"@id\":\"https:\\\/\\\/elmejorjamon.es\\\/#\\\/schema\\\/logo\\\/image\\\/\",\"url\":\"https:\\\/\\\/elmejorjamon.es\\\/wp-content\\\/uploads\\\/2025\\\/01\\\/logocorreos.png\",\"contentUrl\":\"https:\\\/\\\/elmejorjamon.es\\\/wp-content\\\/uploads\\\/2025\\\/01\\\/logocorreos.png\",\"width\":277,\"height\":200,\"caption\":\"El Mejor Jam\u00f3n\"},\"image\":{\"@id\":\"https:\\\/\\\/elmejorjamon.es\\\/#\\\/schema\\\/logo\\\/image\\\/\"},\"sameAs\":[\"https:\\\/\\\/www.facebook.com\\\/elmejorjamonweb\",\"https:\\\/\\\/x.com\\\/elmejorjamonweb\",\"https:\\\/\\\/www.instagram.com\\\/elmejorjamonweb\\\/\"]}]}<\/script>\n<!-- \/ Yoast SEO plugin. -->","yoast_head_json":{"title":"Azeite virgem extra Pago Francisco Gomez de autor 500 ml. - El Mejor Jam\u00f3n","description":"Azeite Virgem Extra Gourmet. Ideal para real\u00e7ar saladas gourmet, peixe branco, carpaccio e queijos frescos. Perfeito para ser apreciado puro em p\u00e3o","robots":{"index":"index","follow":"follow","max-snippet":"max-snippet:-1","max-image-preview":"max-image-preview:large","max-video-preview":"max-video-preview:-1"},"canonical":"https:\/\/elmejorjamon.es\/pt\/producto\/azeite-virgem-extra-pago-francisco-gomez-de-autor-500-ml\/","og_locale":"pt_PT","og_type":"article","og_title":"Azeite virgem extra Pago Francisco Gomez de autor 500 ml. - El Mejor Jam\u00f3n","og_description":"Azeite Virgem Extra Gourmet. Ideal para real\u00e7ar saladas gourmet, peixe branco, carpaccio e queijos frescos. Perfeito para ser apreciado puro em p\u00e3o","og_url":"https:\/\/elmejorjamon.es\/pt\/producto\/azeite-virgem-extra-pago-francisco-gomez-de-autor-500-ml\/","og_site_name":"El Mejor Jam\u00f3n","article_publisher":"https:\/\/www.facebook.com\/elmejorjamonweb","article_modified_time":"2026-04-10T11:17:41+00:00","og_image":[{"width":450,"height":900,"url":"https:\/\/elmejorjamon.es\/wp-content\/uploads\/2026\/04\/pago_can.jpg","type":"image\/jpeg"}],"twitter_card":"summary_large_image","twitter_site":"@elmejorjamonweb","twitter_misc":{"Tempo estimado de leitura":"1 minuto"},"schema":{"@context":"https:\/\/schema.org","@graph":[{"@type":"WebPage","@id":"https:\/\/elmejorjamon.es\/pt\/producto\/azeite-virgem-extra-pago-francisco-gomez-de-autor-500-ml\/","url":"https:\/\/elmejorjamon.es\/pt\/producto\/azeite-virgem-extra-pago-francisco-gomez-de-autor-500-ml\/","name":"Azeite virgem extra Pago Francisco Gomez de autor 500 ml. - El Mejor Jam\u00f3n","isPartOf":{"@id":"https:\/\/elmejorjamon.es\/#website"},"primaryImageOfPage":{"@id":"https:\/\/elmejorjamon.es\/pt\/producto\/azeite-virgem-extra-pago-francisco-gomez-de-autor-500-ml\/#primaryimage"},"image":{"@id":"https:\/\/elmejorjamon.es\/pt\/producto\/azeite-virgem-extra-pago-francisco-gomez-de-autor-500-ml\/#primaryimage"},"thumbnailUrl":"https:\/\/elmejorjamon.es\/wp-content\/uploads\/2026\/04\/pago_can.jpg","datePublished":"2026-04-10T10:51:40+00:00","dateModified":"2026-04-10T11:17:41+00:00","description":"Azeite Virgem Extra Gourmet. Ideal para real\u00e7ar saladas gourmet, peixe branco, carpaccio e queijos frescos. Perfeito para ser apreciado puro em p\u00e3o","breadcrumb":{"@id":"https:\/\/elmejorjamon.es\/pt\/producto\/azeite-virgem-extra-pago-francisco-gomez-de-autor-500-ml\/#breadcrumb"},"inLanguage":"pt-PT","potentialAction":[{"@type":"ReadAction","target":["https:\/\/elmejorjamon.es\/pt\/producto\/azeite-virgem-extra-pago-francisco-gomez-de-autor-500-ml\/"]}]},{"@type":"ImageObject","inLanguage":"pt-PT","@id":"https:\/\/elmejorjamon.es\/pt\/producto\/azeite-virgem-extra-pago-francisco-gomez-de-autor-500-ml\/#primaryimage","url":"https:\/\/elmejorjamon.es\/wp-content\/uploads\/2026\/04\/pago_can.jpg","contentUrl":"https:\/\/elmejorjamon.es\/wp-content\/uploads\/2026\/04\/pago_can.jpg","width":450,"height":900},{"@type":"BreadcrumbList","@id":"https:\/\/elmejorjamon.es\/pt\/producto\/azeite-virgem-extra-pago-francisco-gomez-de-autor-500-ml\/#breadcrumb","itemListElement":[{"@type":"ListItem","position":1,"name":"Portada","item":"https:\/\/elmejorjamon.es\/pt\/"},{"@type":"ListItem","position":2,"name":"In\u00edcio r\u00e1pido","item":"https:\/\/elmejorjamon.es\/pt\/"},{"@type":"ListItem","position":3,"name":"Azeite virgem extra Pago Francisco Gomez de autor 500 ml."}]},{"@type":"WebSite","@id":"https:\/\/elmejorjamon.es\/#website","url":"https:\/\/elmejorjamon.es\/","name":"El Mejor Jam\u00f3n","description":"Comprar jamones y embutidos a buen precio","publisher":{"@id":"https:\/\/elmejorjamon.es\/#organization"},"potentialAction":[{"@type":"SearchAction","target":{"@type":"EntryPoint","urlTemplate":"https:\/\/elmejorjamon.es\/?s={search_term_string}"},"query-input":{"@type":"PropertyValueSpecification","valueRequired":true,"valueName":"search_term_string"}}],"inLanguage":"pt-PT"},{"@type":"Organization","@id":"https:\/\/elmejorjamon.es\/#organization","name":"El Mejor Jam\u00f3n","url":"https:\/\/elmejorjamon.es\/","logo":{"@type":"ImageObject","inLanguage":"pt-PT","@id":"https:\/\/elmejorjamon.es\/#\/schema\/logo\/image\/","url":"https:\/\/elmejorjamon.es\/wp-content\/uploads\/2025\/01\/logocorreos.png","contentUrl":"https:\/\/elmejorjamon.es\/wp-content\/uploads\/2025\/01\/logocorreos.png","width":277,"height":200,"caption":"El Mejor Jam\u00f3n"},"image":{"@id":"https:\/\/elmejorjamon.es\/#\/schema\/logo\/image\/"},"sameAs":["https:\/\/www.facebook.com\/elmejorjamonweb","https:\/\/x.com\/elmejorjamonweb","https:\/\/www.instagram.com\/elmejorjamonweb\/"]}]}},"_links":{"self":[{"href":"https:\/\/elmejorjamon.es\/pt\/wp-json\/wp\/v2\/product\/22168","targetHints":{"allow":["GET"]}}],"collection":[{"href":"https:\/\/elmejorjamon.es\/pt\/wp-json\/wp\/v2\/product"}],"about":[{"href":"https:\/\/elmejorjamon.es\/pt\/wp-json\/wp\/v2\/types\/product"}],"replies":[{"embeddable":true,"href":"https:\/\/elmejorjamon.es\/pt\/wp-json\/wp\/v2\/comments?post=22168"}],"wp:featuredmedia":[{"embeddable":true,"href":"https:\/\/elmejorjamon.es\/pt\/wp-json\/wp\/v2\/media\/22174"}],"wp:attachment":[{"href":"https:\/\/elmejorjamon.es\/pt\/wp-json\/wp\/v2\/media?parent=22168"}],"wp:term":[{"taxonomy":"product_brand","embeddable":true,"href":"https:\/\/elmejorjamon.es\/pt\/wp-json\/wp\/v2\/product_brand?post=22168"},{"taxonomy":"product_cat","embeddable":true,"href":"https:\/\/elmejorjamon.es\/pt\/wp-json\/wp\/v2\/product_cat?post=22168"},{"taxonomy":"product_tag","embeddable":true,"href":"https:\/\/elmejorjamon.es\/pt\/wp-json\/wp\/v2\/product_tag?post=22168"}],"curies":[{"name":"wp","href":"https:\/\/api.w.org\/{rel}","templated":true}]}}