{"id":21588,"date":"2026-01-23T10:29:02","date_gmt":"2026-01-23T09:29:02","guid":{"rendered":"https:\/\/elmejorjamon.es\/?post_type=product&#038;p=21588"},"modified":"2026-01-23T11:33:48","modified_gmt":"2026-01-23T10:33:48","slug":"anchovas-cantabricas-em-azeite-la-castrena-45-uni","status":"publish","type":"product","link":"https:\/\/elmejorjamon.es\/pt\/producto\/anchovas-cantabricas-em-azeite-la-castrena-45-uni\/","title":{"rendered":"Anchovas cant\u00e1bricas em azeite La Castre\u00f1a 45 uni."},"content":{"rendered":"<p>Cuba com 45 filetes grandes de anchova cant\u00e1brica.<\/p>\n<p>Ingredientes: Anchovas (Engraulis encrasicolus) (peixe), azeite e sal.<\/p>\n","protected":false},"excerpt":{"rendered":"<p>Anchovas da Cant\u00e1bria em La Castre\u00f1a azeite RR-120 10-12 filetes<\/p>\n","protected":false},"featured_media":21600,"comment_status":"open","ping_status":"closed","template":"","meta":{"_et_pb_use_builder":"off","_et_pb_old_content":"Cuba com 45 filetes grandes de anchova cant\u00e1brica.\r\n\r\nIngredientes: Anchovas (Engraulis encrasicolus) (peixe), azeite e sal.","_et_gb_content_width":"","_sitemap_exclude":false,"_sitemap_priority":"","_sitemap_frequency":""},"product_brand":[],"product_cat":[803,795,798,834],"product_tag":[],"class_list":{"0":"post-21588","1":"product","2":"type-product","3":"status-publish","4":"has-post-thumbnail","6":"product_cat-anchovas-pt-pt","7":"product_cat-comecar","8":"product_cat-enlatados","9":"product_cat-todos-os-produtos-pt-pt","10":"product_shipping_class-normal-pt","12":"first","13":"instock","14":"shipping-taxable","15":"purchasable","16":"product-type-simple"},"yoast_head":"<!-- This site is optimized with the Yoast SEO plugin v27.4 - https:\/\/yoast.com\/product\/yoast-seo-wordpress\/ -->\n<title>Compra Anchovas cant\u00e1bricas em azeite La Castre\u00f1a 45 uni. - El Mejor Jam\u00f3n<\/title>\n<meta name=\"description\" content=\"Ingredientes: Anchovas (Engraulis encrasicolus) (peixe), azeite e sal. Pote com 45 filetes grandes.\" \/>\n<meta name=\"robots\" content=\"index, follow, max-snippet:-1, max-image-preview:large, max-video-preview:-1\" \/>\n<link rel=\"canonical\" href=\"https:\/\/elmejorjamon.es\/pt\/producto\/anchovas-cantabricas-em-azeite-la-castrena-45-uni\/\" \/>\n<meta property=\"og:locale\" content=\"pt_PT\" \/>\n<meta property=\"og:type\" content=\"article\" \/>\n<meta property=\"og:title\" content=\"Compra Anchovas cant\u00e1bricas em azeite La Castre\u00f1a 45 uni. - El Mejor Jam\u00f3n\" \/>\n<meta property=\"og:description\" content=\"Ingredientes: Anchovas (Engraulis encrasicolus) (peixe), azeite e sal. Pote com 45 filetes grandes.\" \/>\n<meta property=\"og:url\" content=\"https:\/\/elmejorjamon.es\/pt\/producto\/anchovas-cantabricas-em-azeite-la-castrena-45-uni\/\" \/>\n<meta property=\"og:site_name\" content=\"El Mejor Jam\u00f3n\" \/>\n<meta property=\"article:publisher\" content=\"https:\/\/www.facebook.com\/elmejorjamonweb\" \/>\n<meta property=\"article:modified_time\" content=\"2026-01-23T10:33:48+00:00\" \/>\n<meta property=\"og:image\" content=\"https:\/\/elmejorjamon.es\/wp-content\/uploads\/2026\/01\/CANTABRICOCASTRENA.jpg\" \/>\n\t<meta property=\"og:image:width\" content=\"637\" \/>\n\t<meta property=\"og:image:height\" content=\"950\" \/>\n\t<meta property=\"og:image:type\" content=\"image\/jpeg\" \/>\n<meta name=\"twitter:card\" content=\"summary_large_image\" \/>\n<meta name=\"twitter:site\" content=\"@elmejorjamonweb\" \/>\n<meta name=\"twitter:label1\" content=\"Tempo estimado de leitura\" \/>\n\t<meta name=\"twitter:data1\" content=\"1 minuto\" \/>\n<script type=\"application\/ld+json\" class=\"yoast-schema-graph\">{\"@context\":\"https:\\\/\\\/schema.org\",\"@graph\":[{\"@type\":\"WebPage\",\"@id\":\"https:\\\/\\\/elmejorjamon.es\\\/pt\\\/producto\\\/anchovas-cantabricas-em-azeite-la-castrena-45-uni\\\/\",\"url\":\"https:\\\/\\\/elmejorjamon.es\\\/pt\\\/producto\\\/anchovas-cantabricas-em-azeite-la-castrena-45-uni\\\/\",\"name\":\"Compra Anchovas cant\u00e1bricas em azeite La Castre\u00f1a 45 uni. - El Mejor Jam\u00f3n\",\"isPartOf\":{\"@id\":\"https:\\\/\\\/elmejorjamon.es\\\/#website\"},\"primaryImageOfPage\":{\"@id\":\"https:\\\/\\\/elmejorjamon.es\\\/pt\\\/producto\\\/anchovas-cantabricas-em-azeite-la-castrena-45-uni\\\/#primaryimage\"},\"image\":{\"@id\":\"https:\\\/\\\/elmejorjamon.es\\\/pt\\\/producto\\\/anchovas-cantabricas-em-azeite-la-castrena-45-uni\\\/#primaryimage\"},\"thumbnailUrl\":\"https:\\\/\\\/elmejorjamon.es\\\/wp-content\\\/uploads\\\/2026\\\/01\\\/CANTABRICOCASTRENA.jpg\",\"datePublished\":\"2026-01-23T09:29:02+00:00\",\"dateModified\":\"2026-01-23T10:33:48+00:00\",\"description\":\"Ingredientes: Anchovas (Engraulis encrasicolus) (peixe), azeite e sal. Pote com 45 filetes grandes.\",\"breadcrumb\":{\"@id\":\"https:\\\/\\\/elmejorjamon.es\\\/pt\\\/producto\\\/anchovas-cantabricas-em-azeite-la-castrena-45-uni\\\/#breadcrumb\"},\"inLanguage\":\"pt-PT\",\"potentialAction\":[{\"@type\":\"ReadAction\",\"target\":[\"https:\\\/\\\/elmejorjamon.es\\\/pt\\\/producto\\\/anchovas-cantabricas-em-azeite-la-castrena-45-uni\\\/\"]}]},{\"@type\":\"ImageObject\",\"inLanguage\":\"pt-PT\",\"@id\":\"https:\\\/\\\/elmejorjamon.es\\\/pt\\\/producto\\\/anchovas-cantabricas-em-azeite-la-castrena-45-uni\\\/#primaryimage\",\"url\":\"https:\\\/\\\/elmejorjamon.es\\\/wp-content\\\/uploads\\\/2026\\\/01\\\/CANTABRICOCASTRENA.jpg\",\"contentUrl\":\"https:\\\/\\\/elmejorjamon.es\\\/wp-content\\\/uploads\\\/2026\\\/01\\\/CANTABRICOCASTRENA.jpg\",\"width\":637,\"height\":950},{\"@type\":\"BreadcrumbList\",\"@id\":\"https:\\\/\\\/elmejorjamon.es\\\/pt\\\/producto\\\/anchovas-cantabricas-em-azeite-la-castrena-45-uni\\\/#breadcrumb\",\"itemListElement\":[{\"@type\":\"ListItem\",\"position\":1,\"name\":\"Portada\",\"item\":\"https:\\\/\\\/elmejorjamon.es\\\/pt\\\/\"},{\"@type\":\"ListItem\",\"position\":2,\"name\":\"In\u00edcio r\u00e1pido\",\"item\":\"https:\\\/\\\/elmejorjamon.es\\\/pt\\\/\"},{\"@type\":\"ListItem\",\"position\":3,\"name\":\"Anchovas cant\u00e1bricas em azeite La Castre\u00f1a 45 uni.\"}]},{\"@type\":\"WebSite\",\"@id\":\"https:\\\/\\\/elmejorjamon.es\\\/#website\",\"url\":\"https:\\\/\\\/elmejorjamon.es\\\/\",\"name\":\"El Mejor Jam\u00f3n\",\"description\":\"Comprar jamones y embutidos a buen precio\",\"publisher\":{\"@id\":\"https:\\\/\\\/elmejorjamon.es\\\/#organization\"},\"potentialAction\":[{\"@type\":\"SearchAction\",\"target\":{\"@type\":\"EntryPoint\",\"urlTemplate\":\"https:\\\/\\\/elmejorjamon.es\\\/?s={search_term_string}\"},\"query-input\":{\"@type\":\"PropertyValueSpecification\",\"valueRequired\":true,\"valueName\":\"search_term_string\"}}],\"inLanguage\":\"pt-PT\"},{\"@type\":\"Organization\",\"@id\":\"https:\\\/\\\/elmejorjamon.es\\\/#organization\",\"name\":\"El Mejor Jam\u00f3n\",\"url\":\"https:\\\/\\\/elmejorjamon.es\\\/\",\"logo\":{\"@type\":\"ImageObject\",\"inLanguage\":\"pt-PT\",\"@id\":\"https:\\\/\\\/elmejorjamon.es\\\/#\\\/schema\\\/logo\\\/image\\\/\",\"url\":\"https:\\\/\\\/elmejorjamon.es\\\/wp-content\\\/uploads\\\/2025\\\/01\\\/logocorreos.png\",\"contentUrl\":\"https:\\\/\\\/elmejorjamon.es\\\/wp-content\\\/uploads\\\/2025\\\/01\\\/logocorreos.png\",\"width\":277,\"height\":200,\"caption\":\"El Mejor Jam\u00f3n\"},\"image\":{\"@id\":\"https:\\\/\\\/elmejorjamon.es\\\/#\\\/schema\\\/logo\\\/image\\\/\"},\"sameAs\":[\"https:\\\/\\\/www.facebook.com\\\/elmejorjamonweb\",\"https:\\\/\\\/x.com\\\/elmejorjamonweb\",\"https:\\\/\\\/www.instagram.com\\\/elmejorjamonweb\\\/\"]}]}<\/script>\n<!-- \/ Yoast SEO plugin. -->","yoast_head_json":{"title":"Compra Anchovas cant\u00e1bricas em azeite La Castre\u00f1a 45 uni. - El Mejor Jam\u00f3n","description":"Ingredientes: Anchovas (Engraulis encrasicolus) (peixe), azeite e sal. Pote com 45 filetes grandes.","robots":{"index":"index","follow":"follow","max-snippet":"max-snippet:-1","max-image-preview":"max-image-preview:large","max-video-preview":"max-video-preview:-1"},"canonical":"https:\/\/elmejorjamon.es\/pt\/producto\/anchovas-cantabricas-em-azeite-la-castrena-45-uni\/","og_locale":"pt_PT","og_type":"article","og_title":"Compra Anchovas cant\u00e1bricas em azeite La Castre\u00f1a 45 uni. - El Mejor Jam\u00f3n","og_description":"Ingredientes: Anchovas (Engraulis encrasicolus) (peixe), azeite e sal. Pote com 45 filetes grandes.","og_url":"https:\/\/elmejorjamon.es\/pt\/producto\/anchovas-cantabricas-em-azeite-la-castrena-45-uni\/","og_site_name":"El Mejor Jam\u00f3n","article_publisher":"https:\/\/www.facebook.com\/elmejorjamonweb","article_modified_time":"2026-01-23T10:33:48+00:00","og_image":[{"width":637,"height":950,"url":"https:\/\/elmejorjamon.es\/wp-content\/uploads\/2026\/01\/CANTABRICOCASTRENA.jpg","type":"image\/jpeg"}],"twitter_card":"summary_large_image","twitter_site":"@elmejorjamonweb","twitter_misc":{"Tempo estimado de leitura":"1 minuto"},"schema":{"@context":"https:\/\/schema.org","@graph":[{"@type":"WebPage","@id":"https:\/\/elmejorjamon.es\/pt\/producto\/anchovas-cantabricas-em-azeite-la-castrena-45-uni\/","url":"https:\/\/elmejorjamon.es\/pt\/producto\/anchovas-cantabricas-em-azeite-la-castrena-45-uni\/","name":"Compra Anchovas cant\u00e1bricas em azeite La Castre\u00f1a 45 uni. - El Mejor Jam\u00f3n","isPartOf":{"@id":"https:\/\/elmejorjamon.es\/#website"},"primaryImageOfPage":{"@id":"https:\/\/elmejorjamon.es\/pt\/producto\/anchovas-cantabricas-em-azeite-la-castrena-45-uni\/#primaryimage"},"image":{"@id":"https:\/\/elmejorjamon.es\/pt\/producto\/anchovas-cantabricas-em-azeite-la-castrena-45-uni\/#primaryimage"},"thumbnailUrl":"https:\/\/elmejorjamon.es\/wp-content\/uploads\/2026\/01\/CANTABRICOCASTRENA.jpg","datePublished":"2026-01-23T09:29:02+00:00","dateModified":"2026-01-23T10:33:48+00:00","description":"Ingredientes: Anchovas (Engraulis encrasicolus) (peixe), azeite e sal. Pote com 45 filetes grandes.","breadcrumb":{"@id":"https:\/\/elmejorjamon.es\/pt\/producto\/anchovas-cantabricas-em-azeite-la-castrena-45-uni\/#breadcrumb"},"inLanguage":"pt-PT","potentialAction":[{"@type":"ReadAction","target":["https:\/\/elmejorjamon.es\/pt\/producto\/anchovas-cantabricas-em-azeite-la-castrena-45-uni\/"]}]},{"@type":"ImageObject","inLanguage":"pt-PT","@id":"https:\/\/elmejorjamon.es\/pt\/producto\/anchovas-cantabricas-em-azeite-la-castrena-45-uni\/#primaryimage","url":"https:\/\/elmejorjamon.es\/wp-content\/uploads\/2026\/01\/CANTABRICOCASTRENA.jpg","contentUrl":"https:\/\/elmejorjamon.es\/wp-content\/uploads\/2026\/01\/CANTABRICOCASTRENA.jpg","width":637,"height":950},{"@type":"BreadcrumbList","@id":"https:\/\/elmejorjamon.es\/pt\/producto\/anchovas-cantabricas-em-azeite-la-castrena-45-uni\/#breadcrumb","itemListElement":[{"@type":"ListItem","position":1,"name":"Portada","item":"https:\/\/elmejorjamon.es\/pt\/"},{"@type":"ListItem","position":2,"name":"In\u00edcio r\u00e1pido","item":"https:\/\/elmejorjamon.es\/pt\/"},{"@type":"ListItem","position":3,"name":"Anchovas cant\u00e1bricas em azeite La Castre\u00f1a 45 uni."}]},{"@type":"WebSite","@id":"https:\/\/elmejorjamon.es\/#website","url":"https:\/\/elmejorjamon.es\/","name":"El Mejor Jam\u00f3n","description":"Comprar jamones y embutidos a buen precio","publisher":{"@id":"https:\/\/elmejorjamon.es\/#organization"},"potentialAction":[{"@type":"SearchAction","target":{"@type":"EntryPoint","urlTemplate":"https:\/\/elmejorjamon.es\/?s={search_term_string}"},"query-input":{"@type":"PropertyValueSpecification","valueRequired":true,"valueName":"search_term_string"}}],"inLanguage":"pt-PT"},{"@type":"Organization","@id":"https:\/\/elmejorjamon.es\/#organization","name":"El Mejor Jam\u00f3n","url":"https:\/\/elmejorjamon.es\/","logo":{"@type":"ImageObject","inLanguage":"pt-PT","@id":"https:\/\/elmejorjamon.es\/#\/schema\/logo\/image\/","url":"https:\/\/elmejorjamon.es\/wp-content\/uploads\/2025\/01\/logocorreos.png","contentUrl":"https:\/\/elmejorjamon.es\/wp-content\/uploads\/2025\/01\/logocorreos.png","width":277,"height":200,"caption":"El Mejor Jam\u00f3n"},"image":{"@id":"https:\/\/elmejorjamon.es\/#\/schema\/logo\/image\/"},"sameAs":["https:\/\/www.facebook.com\/elmejorjamonweb","https:\/\/x.com\/elmejorjamonweb","https:\/\/www.instagram.com\/elmejorjamonweb\/"]}]}},"_links":{"self":[{"href":"https:\/\/elmejorjamon.es\/pt\/wp-json\/wp\/v2\/product\/21588","targetHints":{"allow":["GET"]}}],"collection":[{"href":"https:\/\/elmejorjamon.es\/pt\/wp-json\/wp\/v2\/product"}],"about":[{"href":"https:\/\/elmejorjamon.es\/pt\/wp-json\/wp\/v2\/types\/product"}],"replies":[{"embeddable":true,"href":"https:\/\/elmejorjamon.es\/pt\/wp-json\/wp\/v2\/comments?post=21588"}],"wp:featuredmedia":[{"embeddable":true,"href":"https:\/\/elmejorjamon.es\/pt\/wp-json\/wp\/v2\/media\/21600"}],"wp:attachment":[{"href":"https:\/\/elmejorjamon.es\/pt\/wp-json\/wp\/v2\/media?parent=21588"}],"wp:term":[{"taxonomy":"product_brand","embeddable":true,"href":"https:\/\/elmejorjamon.es\/pt\/wp-json\/wp\/v2\/product_brand?post=21588"},{"taxonomy":"product_cat","embeddable":true,"href":"https:\/\/elmejorjamon.es\/pt\/wp-json\/wp\/v2\/product_cat?post=21588"},{"taxonomy":"product_tag","embeddable":true,"href":"https:\/\/elmejorjamon.es\/pt\/wp-json\/wp\/v2\/product_tag?post=21588"}],"curies":[{"name":"wp","href":"https:\/\/api.w.org\/{rel}","templated":true}]}}