{"id":21015,"date":"2025-11-12T13:55:44","date_gmt":"2025-11-12T12:55:44","guid":{"rendered":"https:\/\/elmejorjamon.es\/?post_type=product&#038;p=21015"},"modified":"2025-11-12T14:21:06","modified_gmt":"2025-11-12T13:21:06","slug":"mexilhoes-marinados-em-conserva-picantes-13-18-cabo-de-penas","status":"publish","type":"product","link":"https:\/\/elmejorjamon.es\/pt\/producto\/mexilhoes-marinados-em-conserva-picantes-13-18-cabo-de-penas\/","title":{"rendered":"Mexilh\u00f5es marinados em conserva picantes 13\/18 Cabo de Pe\u00f1as"},"content":{"rendered":"<p>Mexilh\u00f5es marinados em conserva picantes 13\/18 Cabo de Pe\u00f1as OL-120<\/p>\n<ul>\n<li>PESO L\u00cdQUIDO: 111g<\/li>\n<li>PESO DRENADO: 69g<\/li>\n<\/ul>\n<p>Mexilh\u00f5es em conserva feitos de forma tradicional, cozidos a vapor e temperados com a nossa receita original de pickles para que mantenham todo o seu sabor e elevado valor nutricional. Mexilh\u00f5es criados em jangadas e selecionados na origem.<\/p>\n<p>Preservamos mexilh\u00f5es requintados criados em jangadas e selecionados na fonte. Preparamo-los de forma tradicional, cozinhando-os a vapor e temperando-os com a nossa receita original de molho em conserva, preservando todo o seu sabor e elevado valor nutricional.<\/p>\n<h4 class=\"section-title mt-h4\">Ingredientes<\/h4>\n<p>Mexilh\u00f5es (Moluscos), \u00f3leo de girassol, vinagre de vinho, especiarias e sal.<\/p>\n<h4 class=\"section-title mt-h4\">Elementos Diferenciais<\/h4>\n<ul class=\"ul-list\">\n<li>Mexilh\u00f5es criados em jangadas e selecionados na origem.<\/li>\n<li>Confecionado de forma tradicional.<\/li>\n<li>Receita original.<\/li>\n<li>Rico em \u00f3mega 3.<\/li>\n<li>Fonte natural de ferro.<\/li>\n<\/ul>\n<table class=\"table table-sm table-bordered\">\n<thead>\n<tr>\n<th>Informa\u00e7\u00e3o nutricional<\/th>\n<th>por 100g de peso l\u00edquido<\/th>\n<th>por 100g de peso escorrido<\/th>\n<\/tr>\n<\/thead>\n<tbody>\n<tr>\n<td class=\"unit\">Valor energ\u00e9tico<\/td>\n<td class=\"value\">998kJ \/ 240kcal<\/td>\n<td>691kJ \/ 165kcal<\/td>\n<\/tr>\n<tr>\n<td class=\"parent_unit\">Gorduras<\/td>\n<td class=\"parent_value\">19,2g<\/td>\n<td>8,3g<\/td>\n<\/tr>\n<tr>\n<td class=\"child_unit\">dos quais saturados<\/td>\n<td class=\"child_value\">2,3g<\/td>\n<td class=\"child_value\">1,3g<\/td>\n<\/tr>\n<tr>\n<td class=\"parent_unit\">Hidratos de Carbono<\/td>\n<td class=\"parent_value\">3,2g<\/td>\n<td>4,3g<\/td>\n<\/tr>\n<tr>\n<td class=\"child_unit\">dos quais a\u00e7\u00facares<\/td>\n<td class=\"child_value\">0,0g<\/td>\n<td class=\"child_value\">0,0g<\/td>\n<\/tr>\n<tr>\n<td class=\"unit\">Proteinas<\/td>\n<td class=\"value\">13,7g<\/td>\n<td>18,3g<\/td>\n<\/tr>\n<tr>\n<td class=\"unit\">Sal<\/td>\n<td class=\"value\">1,0g<\/td>\n<td>1,2g<\/td>\n<\/tr>\n<tr>\n<td class=\"unit\">Riboflavina<\/td>\n<td class=\"value\"><\/td>\n<td>0,22 mg (16% *VNR)<\/td>\n<\/tr>\n<tr>\n<td class=\"unit\">Vitamina B12<\/td>\n<td class=\"value\"><\/td>\n<td>13,2 \u00b5g (528% *VNR)<\/td>\n<\/tr>\n<tr>\n<td class=\"unit\">Ferro<\/td>\n<td class=\"value\"><\/td>\n<td>3,7 mg (26% *VNR)<\/td>\n<\/tr>\n<\/tbody>\n<\/table>\n<p>*VNR: Valores de Refer\u00eancia de Nutrientes.<\/p>\n","protected":false},"excerpt":{"rendered":"<p>Mexilh\u00f5es marinados em conserva picantes 13\/18 Cabo de Pe\u00f1as OL-120<\/p>\n","protected":false},"featured_media":21023,"comment_status":"open","ping_status":"closed","template":"","meta":{"_et_pb_use_builder":"","_et_pb_old_content":"","_et_gb_content_width":"","_sitemap_exclude":false,"_sitemap_priority":"","_sitemap_frequency":""},"product_brand":[],"product_cat":[795,798,799,834],"product_tag":[],"class_list":{"0":"post-21015","1":"product","2":"type-product","3":"status-publish","4":"has-post-thumbnail","6":"product_cat-comecar","7":"product_cat-enlatados","8":"product_cat-mexilhoes-marinados","9":"product_cat-todos-os-produtos-pt-pt","10":"product_shipping_class-normal-pt","11":"pa_opciones-1-peca","12":"pa_opciones-caixa-25-unidades","14":"first","15":"instock","16":"shipping-taxable","17":"purchasable","18":"product-type-variable","19":"has-default-attributes"},"yoast_head":"<!-- This site is optimized with the Yoast SEO plugin v27.2 - https:\/\/yoast.com\/product\/yoast-seo-wordpress\/ -->\n<title>Comprar Mexilh\u00f5es marinados em conserva 8\/12 Cabo de Pe\u00f1as<\/title>\n<meta name=\"description\" content=\"Preservamos mexilh\u00f5es requintados criados em jangadas Ingredientes: Mexilh\u00f5es (Moluscos), \u00f3leo de girassol, vinagre de vinho, especiarias e sal.\" \/>\n<meta name=\"robots\" content=\"index, follow, max-snippet:-1, max-image-preview:large, max-video-preview:-1\" \/>\n<link rel=\"canonical\" href=\"https:\/\/elmejorjamon.es\/pt\/producto\/mexilhoes-marinados-em-conserva-picantes-13-18-cabo-de-penas\/\" \/>\n<meta property=\"og:locale\" content=\"pt_PT\" \/>\n<meta property=\"og:type\" content=\"article\" \/>\n<meta property=\"og:title\" content=\"Comprar Mexilh\u00f5es marinados em conserva 8\/12 Cabo de Pe\u00f1as\" \/>\n<meta property=\"og:description\" content=\"Preservamos mexilh\u00f5es requintados criados em jangadas Ingredientes: Mexilh\u00f5es (Moluscos), \u00f3leo de girassol, vinagre de vinho, especiarias e sal.\" \/>\n<meta property=\"og:url\" content=\"https:\/\/elmejorjamon.es\/pt\/producto\/mexilhoes-marinados-em-conserva-picantes-13-18-cabo-de-penas\/\" \/>\n<meta property=\"og:site_name\" content=\"El Mejor Jam\u00f3n\" \/>\n<meta property=\"article:publisher\" content=\"https:\/\/www.facebook.com\/elmejorjamonweb\" \/>\n<meta property=\"article:modified_time\" content=\"2025-11-12T13:21:06+00:00\" \/>\n<meta property=\"og:image\" content=\"https:\/\/elmejorjamon.es\/wp-content\/uploads\/2025\/11\/mejillones-en-escabechePICANTE-1318-ol-120.jpg\" \/>\n\t<meta property=\"og:image:width\" content=\"900\" \/>\n\t<meta property=\"og:image:height\" content=\"544\" \/>\n\t<meta property=\"og:image:type\" content=\"image\/jpeg\" \/>\n<meta name=\"twitter:card\" content=\"summary_large_image\" \/>\n<meta name=\"twitter:site\" content=\"@elmejorjamonweb\" \/>\n<meta name=\"twitter:label1\" content=\"Tempo estimado de leitura\" \/>\n\t<meta name=\"twitter:data1\" content=\"2 minuto\" \/>\n<script type=\"application\/ld+json\" class=\"yoast-schema-graph\">{\"@context\":\"https:\/\/schema.org\",\"@graph\":[{\"@type\":\"WebPage\",\"@id\":\"https:\/\/elmejorjamon.es\/pt\/producto\/mexilhoes-marinados-em-conserva-picantes-13-18-cabo-de-penas\/\",\"url\":\"https:\/\/elmejorjamon.es\/pt\/producto\/mexilhoes-marinados-em-conserva-picantes-13-18-cabo-de-penas\/\",\"name\":\"Comprar Mexilh\u00f5es marinados em conserva 8\/12 Cabo de Pe\u00f1as\",\"isPartOf\":{\"@id\":\"https:\/\/elmejorjamon.es\/#website\"},\"primaryImageOfPage\":{\"@id\":\"https:\/\/elmejorjamon.es\/pt\/producto\/mexilhoes-marinados-em-conserva-picantes-13-18-cabo-de-penas\/#primaryimage\"},\"image\":{\"@id\":\"https:\/\/elmejorjamon.es\/pt\/producto\/mexilhoes-marinados-em-conserva-picantes-13-18-cabo-de-penas\/#primaryimage\"},\"thumbnailUrl\":\"https:\/\/elmejorjamon.es\/wp-content\/uploads\/2025\/11\/mejillones-en-escabechePICANTE-1318-ol-120.jpg\",\"datePublished\":\"2025-11-12T12:55:44+00:00\",\"dateModified\":\"2025-11-12T13:21:06+00:00\",\"description\":\"Preservamos mexilh\u00f5es requintados criados em jangadas Ingredientes: Mexilh\u00f5es (Moluscos), \u00f3leo de girassol, vinagre de vinho, especiarias e sal.\",\"breadcrumb\":{\"@id\":\"https:\/\/elmejorjamon.es\/pt\/producto\/mexilhoes-marinados-em-conserva-picantes-13-18-cabo-de-penas\/#breadcrumb\"},\"inLanguage\":\"pt-PT\",\"potentialAction\":[{\"@type\":\"ReadAction\",\"target\":[\"https:\/\/elmejorjamon.es\/pt\/producto\/mexilhoes-marinados-em-conserva-picantes-13-18-cabo-de-penas\/\"]}]},{\"@type\":\"ImageObject\",\"inLanguage\":\"pt-PT\",\"@id\":\"https:\/\/elmejorjamon.es\/pt\/producto\/mexilhoes-marinados-em-conserva-picantes-13-18-cabo-de-penas\/#primaryimage\",\"url\":\"https:\/\/elmejorjamon.es\/wp-content\/uploads\/2025\/11\/mejillones-en-escabechePICANTE-1318-ol-120.jpg\",\"contentUrl\":\"https:\/\/elmejorjamon.es\/wp-content\/uploads\/2025\/11\/mejillones-en-escabechePICANTE-1318-ol-120.jpg\",\"width\":900,\"height\":544},{\"@type\":\"BreadcrumbList\",\"@id\":\"https:\/\/elmejorjamon.es\/pt\/producto\/mexilhoes-marinados-em-conserva-picantes-13-18-cabo-de-penas\/#breadcrumb\",\"itemListElement\":[{\"@type\":\"ListItem\",\"position\":1,\"name\":\"Portada\",\"item\":\"https:\/\/elmejorjamon.es\/pt\/\"},{\"@type\":\"ListItem\",\"position\":2,\"name\":\"In\u00edcio r\u00e1pido\",\"item\":\"https:\/\/elmejorjamon.es\/pt\/\"},{\"@type\":\"ListItem\",\"position\":3,\"name\":\"Mexilh\u00f5es marinados em conserva picantes 13\/18 Cabo de Pe\u00f1as\"}]},{\"@type\":\"WebSite\",\"@id\":\"https:\/\/elmejorjamon.es\/#website\",\"url\":\"https:\/\/elmejorjamon.es\/\",\"name\":\"El Mejor Jam\u00f3n\",\"description\":\"Comprar jamones y embutidos a buen precio\",\"publisher\":{\"@id\":\"https:\/\/elmejorjamon.es\/#organization\"},\"potentialAction\":[{\"@type\":\"SearchAction\",\"target\":{\"@type\":\"EntryPoint\",\"urlTemplate\":\"https:\/\/elmejorjamon.es\/?s={search_term_string}\"},\"query-input\":{\"@type\":\"PropertyValueSpecification\",\"valueRequired\":true,\"valueName\":\"search_term_string\"}}],\"inLanguage\":\"pt-PT\"},{\"@type\":\"Organization\",\"@id\":\"https:\/\/elmejorjamon.es\/#organization\",\"name\":\"El Mejor Jam\u00f3n\",\"url\":\"https:\/\/elmejorjamon.es\/\",\"logo\":{\"@type\":\"ImageObject\",\"inLanguage\":\"pt-PT\",\"@id\":\"https:\/\/elmejorjamon.es\/#\/schema\/logo\/image\/\",\"url\":\"https:\/\/elmejorjamon.es\/wp-content\/uploads\/2025\/01\/logocorreos.png\",\"contentUrl\":\"https:\/\/elmejorjamon.es\/wp-content\/uploads\/2025\/01\/logocorreos.png\",\"width\":277,\"height\":200,\"caption\":\"El Mejor Jam\u00f3n\"},\"image\":{\"@id\":\"https:\/\/elmejorjamon.es\/#\/schema\/logo\/image\/\"},\"sameAs\":[\"https:\/\/www.facebook.com\/elmejorjamonweb\",\"https:\/\/x.com\/elmejorjamonweb\",\"https:\/\/www.instagram.com\/elmejorjamonweb\/\"]}]}<\/script>\n<!-- \/ Yoast SEO plugin. -->","yoast_head_json":{"title":"Comprar Mexilh\u00f5es marinados em conserva 8\/12 Cabo de Pe\u00f1as","description":"Preservamos mexilh\u00f5es requintados criados em jangadas Ingredientes: Mexilh\u00f5es (Moluscos), \u00f3leo de girassol, vinagre de vinho, especiarias e sal.","robots":{"index":"index","follow":"follow","max-snippet":"max-snippet:-1","max-image-preview":"max-image-preview:large","max-video-preview":"max-video-preview:-1"},"canonical":"https:\/\/elmejorjamon.es\/pt\/producto\/mexilhoes-marinados-em-conserva-picantes-13-18-cabo-de-penas\/","og_locale":"pt_PT","og_type":"article","og_title":"Comprar Mexilh\u00f5es marinados em conserva 8\/12 Cabo de Pe\u00f1as","og_description":"Preservamos mexilh\u00f5es requintados criados em jangadas Ingredientes: Mexilh\u00f5es (Moluscos), \u00f3leo de girassol, vinagre de vinho, especiarias e sal.","og_url":"https:\/\/elmejorjamon.es\/pt\/producto\/mexilhoes-marinados-em-conserva-picantes-13-18-cabo-de-penas\/","og_site_name":"El Mejor Jam\u00f3n","article_publisher":"https:\/\/www.facebook.com\/elmejorjamonweb","article_modified_time":"2025-11-12T13:21:06+00:00","og_image":[{"width":900,"height":544,"url":"https:\/\/elmejorjamon.es\/wp-content\/uploads\/2025\/11\/mejillones-en-escabechePICANTE-1318-ol-120.jpg","type":"image\/jpeg"}],"twitter_card":"summary_large_image","twitter_site":"@elmejorjamonweb","twitter_misc":{"Tempo estimado de leitura":"2 minuto"},"schema":{"@context":"https:\/\/schema.org","@graph":[{"@type":"WebPage","@id":"https:\/\/elmejorjamon.es\/pt\/producto\/mexilhoes-marinados-em-conserva-picantes-13-18-cabo-de-penas\/","url":"https:\/\/elmejorjamon.es\/pt\/producto\/mexilhoes-marinados-em-conserva-picantes-13-18-cabo-de-penas\/","name":"Comprar Mexilh\u00f5es marinados em conserva 8\/12 Cabo de Pe\u00f1as","isPartOf":{"@id":"https:\/\/elmejorjamon.es\/#website"},"primaryImageOfPage":{"@id":"https:\/\/elmejorjamon.es\/pt\/producto\/mexilhoes-marinados-em-conserva-picantes-13-18-cabo-de-penas\/#primaryimage"},"image":{"@id":"https:\/\/elmejorjamon.es\/pt\/producto\/mexilhoes-marinados-em-conserva-picantes-13-18-cabo-de-penas\/#primaryimage"},"thumbnailUrl":"https:\/\/elmejorjamon.es\/wp-content\/uploads\/2025\/11\/mejillones-en-escabechePICANTE-1318-ol-120.jpg","datePublished":"2025-11-12T12:55:44+00:00","dateModified":"2025-11-12T13:21:06+00:00","description":"Preservamos mexilh\u00f5es requintados criados em jangadas Ingredientes: Mexilh\u00f5es (Moluscos), \u00f3leo de girassol, vinagre de vinho, especiarias e sal.","breadcrumb":{"@id":"https:\/\/elmejorjamon.es\/pt\/producto\/mexilhoes-marinados-em-conserva-picantes-13-18-cabo-de-penas\/#breadcrumb"},"inLanguage":"pt-PT","potentialAction":[{"@type":"ReadAction","target":["https:\/\/elmejorjamon.es\/pt\/producto\/mexilhoes-marinados-em-conserva-picantes-13-18-cabo-de-penas\/"]}]},{"@type":"ImageObject","inLanguage":"pt-PT","@id":"https:\/\/elmejorjamon.es\/pt\/producto\/mexilhoes-marinados-em-conserva-picantes-13-18-cabo-de-penas\/#primaryimage","url":"https:\/\/elmejorjamon.es\/wp-content\/uploads\/2025\/11\/mejillones-en-escabechePICANTE-1318-ol-120.jpg","contentUrl":"https:\/\/elmejorjamon.es\/wp-content\/uploads\/2025\/11\/mejillones-en-escabechePICANTE-1318-ol-120.jpg","width":900,"height":544},{"@type":"BreadcrumbList","@id":"https:\/\/elmejorjamon.es\/pt\/producto\/mexilhoes-marinados-em-conserva-picantes-13-18-cabo-de-penas\/#breadcrumb","itemListElement":[{"@type":"ListItem","position":1,"name":"Portada","item":"https:\/\/elmejorjamon.es\/pt\/"},{"@type":"ListItem","position":2,"name":"In\u00edcio r\u00e1pido","item":"https:\/\/elmejorjamon.es\/pt\/"},{"@type":"ListItem","position":3,"name":"Mexilh\u00f5es marinados em conserva picantes 13\/18 Cabo de Pe\u00f1as"}]},{"@type":"WebSite","@id":"https:\/\/elmejorjamon.es\/#website","url":"https:\/\/elmejorjamon.es\/","name":"El Mejor Jam\u00f3n","description":"Comprar jamones y embutidos a buen precio","publisher":{"@id":"https:\/\/elmejorjamon.es\/#organization"},"potentialAction":[{"@type":"SearchAction","target":{"@type":"EntryPoint","urlTemplate":"https:\/\/elmejorjamon.es\/?s={search_term_string}"},"query-input":{"@type":"PropertyValueSpecification","valueRequired":true,"valueName":"search_term_string"}}],"inLanguage":"pt-PT"},{"@type":"Organization","@id":"https:\/\/elmejorjamon.es\/#organization","name":"El Mejor Jam\u00f3n","url":"https:\/\/elmejorjamon.es\/","logo":{"@type":"ImageObject","inLanguage":"pt-PT","@id":"https:\/\/elmejorjamon.es\/#\/schema\/logo\/image\/","url":"https:\/\/elmejorjamon.es\/wp-content\/uploads\/2025\/01\/logocorreos.png","contentUrl":"https:\/\/elmejorjamon.es\/wp-content\/uploads\/2025\/01\/logocorreos.png","width":277,"height":200,"caption":"El Mejor Jam\u00f3n"},"image":{"@id":"https:\/\/elmejorjamon.es\/#\/schema\/logo\/image\/"},"sameAs":["https:\/\/www.facebook.com\/elmejorjamonweb","https:\/\/x.com\/elmejorjamonweb","https:\/\/www.instagram.com\/elmejorjamonweb\/"]}]}},"_links":{"self":[{"href":"https:\/\/elmejorjamon.es\/pt\/wp-json\/wp\/v2\/product\/21015","targetHints":{"allow":["GET"]}}],"collection":[{"href":"https:\/\/elmejorjamon.es\/pt\/wp-json\/wp\/v2\/product"}],"about":[{"href":"https:\/\/elmejorjamon.es\/pt\/wp-json\/wp\/v2\/types\/product"}],"replies":[{"embeddable":true,"href":"https:\/\/elmejorjamon.es\/pt\/wp-json\/wp\/v2\/comments?post=21015"}],"wp:featuredmedia":[{"embeddable":true,"href":"https:\/\/elmejorjamon.es\/pt\/wp-json\/wp\/v2\/media\/21023"}],"wp:attachment":[{"href":"https:\/\/elmejorjamon.es\/pt\/wp-json\/wp\/v2\/media?parent=21015"}],"wp:term":[{"taxonomy":"product_brand","embeddable":true,"href":"https:\/\/elmejorjamon.es\/pt\/wp-json\/wp\/v2\/product_brand?post=21015"},{"taxonomy":"product_cat","embeddable":true,"href":"https:\/\/elmejorjamon.es\/pt\/wp-json\/wp\/v2\/product_cat?post=21015"},{"taxonomy":"product_tag","embeddable":true,"href":"https:\/\/elmejorjamon.es\/pt\/wp-json\/wp\/v2\/product_tag?post=21015"}],"curies":[{"name":"wp","href":"https:\/\/api.w.org\/{rel}","templated":true}]}}