{"id":20847,"date":"2025-11-07T13:17:56","date_gmt":"2025-11-07T12:17:56","guid":{"rendered":"https:\/\/elmejorjamon.es\/?post_type=product&#038;p=20847"},"modified":"2025-11-07T13:18:02","modified_gmt":"2025-11-07T12:18:02","slug":"pernas-de-frango-cozidas-em-cerveja-la-alacena","status":"publish","type":"product","link":"https:\/\/elmejorjamon.es\/pt\/producto\/pernas-de-frango-cozidas-em-cerveja-la-alacena\/","title":{"rendered":"Pernas de Frango Cozidas em Cerveja &#8220;La Alacena&#8221;"},"content":{"rendered":"<p>Pernas de Frango Cozidas em Cerveja &#8220;La Alacena&#8221;<\/p>\n<p>Prato pronto a aquecer.<br \/>Conservar em local fresco e seco. Ap\u00f3s abertura, manter refrigerado e consumir no prazo de 5 dias. <\/p>\n<p>Sem aditivos. Produto natural, sem conservantes nem corantes. Artesanal. Produto gourmet.   <\/p>\n<p>Recomenda-se aquecer em banho-maria ou no micro-ondas (para micro-ondas, verta o conte\u00fado para um recipiente adequado e aque\u00e7a durante 3 a 4 minutos).<\/p>\n<p>Peso l\u00edquido 480g | Peso drenado 315g<\/p>\n<p>Cont\u00e9m cereais e gl\u00faten.<\/p>\n<p>Informa\u00e7\u00e3o Nutricional<\/p>\n<p>Valores m\u00e9dios aproximados por 100 g: <\/p>\n<p>Energia: 407kcal \/ 1701kJ<br \/>\nGordura bruta: 25,40g<br \/>\nGordura saturada: 1,75g<br \/>\nHidratos de carbono: 19,40g<br \/>\nA\u00e7\u00facares: 2,74g<br \/>\nProte\u00edna: 25,10g<br \/>\nSal: 2,02g<\/p>\n<p>Ingredientes: Pernas de frango (65%), \u00f3leo vegetal (\u00f3leo de girassol), cebola, cerveja (\u00e1gua, malte, l\u00fapulo, cevada e levedura), alho e sal.<br \/>Alerg\u00e9nios: Cont\u00e9m cereais e gl\u00faten.<br \/>As pernas de frango estufadas em cerveja s\u00e3o uma op\u00e7\u00e3o deliciosa para qualquer ocasi\u00e3o. Com um peso l\u00edquido de 480 gramas, este prato \u00e9 perfeito para partilhar numa refei\u00e7\u00e3o em fam\u00edlia ou para saborear individualmente. <\/p>\n<p>A combina\u00e7\u00e3o da carne suculenta do frango com o sabor \u00fanico da cerveja cria uma explos\u00e3o de sabores em cada dentada. As coxas de frango s\u00e3o cozinhadas lentamente em molho de cerveja, o que real\u00e7a o seu sabor e as torna irresist\u00edveis. <\/p>\n<p>Preparar coxas de frango cozidas em cerveja \u00e9 muito simples. Basta aquec\u00ea-las no forno durante alguns minutos e estar\u00e3o prontas a servir. Pode acompanh\u00e1-las com uma salada fresca, arroz branco ou batatas assadas para completar a refei\u00e7\u00e3o perfeita.  <\/p>\n<p>Seja para um jantar especial ou para uma refei\u00e7\u00e3o r\u00e1pida durante a semana, as coxas de frango cozinhadas em cerveja s\u00e3o uma excelente escolha. O seu sabor \u00fanico e a sua f\u00e1cil prepara\u00e7\u00e3o tornam-nas uma op\u00e7\u00e3o perfeita para qualquer ocasi\u00e3o. N\u00e3o espere mais e experimente estas deliciosas coxas de frango cozinhadas em cerveja!  <\/p>\n","protected":false},"excerpt":{"rendered":"<p>Pernas de Frango Cozidas em Cerveja &#8220;La Alacena&#8221;<\/p>\n","protected":false},"featured_media":20836,"comment_status":"open","ping_status":"closed","template":"","meta":{"_et_pb_use_builder":"","_et_pb_old_content":"","_et_gb_content_width":"","_sitemap_exclude":false,"_sitemap_priority":"","_sitemap_frequency":""},"product_brand":[],"product_cat":[795,798,808,907,830,834],"product_tag":[],"class_list":{"0":"post-20847","1":"product","2":"type-product","3":"status-publish","4":"has-post-thumbnail","6":"product_cat-comecar","7":"product_cat-enlatados","8":"product_cat-gourmet-pt-pt","9":"product_cat-ofertas-pt","10":"product_cat-pratos-preparados","11":"product_cat-todos-os-produtos-pt-pt","12":"product_shipping_class-normal-pt","14":"first","15":"instock","16":"sale","17":"shipping-taxable","18":"purchasable","19":"product-type-simple"},"yoast_head":"<!-- This site is optimized with the Yoast SEO plugin v27.6 - https:\/\/yoast.com\/product\/yoast-seo-wordpress\/ -->\n<title>Compra Pernas de Frango Cozidas em Cerveja &quot;La Alacena&quot; - El Mejor Jam\u00f3n<\/title>\n<meta name=\"description\" content=\"Prontas a aquecer e servir. Sem aditivos. Produto natural, sem conservantes nem corantes artificiais. Feito artesanalmente.\" \/>\n<meta name=\"robots\" content=\"index, follow, max-snippet:-1, max-image-preview:large, max-video-preview:-1\" \/>\n<link rel=\"canonical\" href=\"https:\/\/elmejorjamon.es\/pt\/producto\/pernas-de-frango-cozidas-em-cerveja-la-alacena\/\" \/>\n<meta property=\"og:locale\" content=\"pt_PT\" \/>\n<meta property=\"og:type\" content=\"article\" \/>\n<meta property=\"og:title\" content=\"Compra Pernas de Frango Cozidas em Cerveja &quot;La Alacena&quot; - El Mejor Jam\u00f3n\" \/>\n<meta property=\"og:description\" content=\"Prontas a aquecer e servir. Sem aditivos. Produto natural, sem conservantes nem corantes artificiais. Feito artesanalmente.\" \/>\n<meta property=\"og:url\" content=\"https:\/\/elmejorjamon.es\/pt\/producto\/pernas-de-frango-cozidas-em-cerveja-la-alacena\/\" \/>\n<meta property=\"og:site_name\" content=\"El Mejor Jam\u00f3n\" \/>\n<meta property=\"article:publisher\" content=\"https:\/\/www.facebook.com\/elmejorjamonweb\" \/>\n<meta property=\"article:modified_time\" content=\"2025-11-07T12:18:02+00:00\" \/>\n<meta property=\"og:image\" content=\"https:\/\/elmejorjamon.es\/wp-content\/uploads\/2025\/11\/JAMONCITOSCERVEZA.jpg\" \/>\n\t<meta property=\"og:image:width\" content=\"1000\" \/>\n\t<meta property=\"og:image:height\" content=\"782\" \/>\n\t<meta property=\"og:image:type\" content=\"image\/jpeg\" \/>\n<meta name=\"twitter:card\" content=\"summary_large_image\" \/>\n<meta name=\"twitter:site\" content=\"@elmejorjamonweb\" \/>\n<meta name=\"twitter:label1\" content=\"Tempo estimado de leitura\" \/>\n\t<meta name=\"twitter:data1\" content=\"2 minuto\" \/>\n<script type=\"application\/ld+json\" class=\"yoast-schema-graph\">{\"@context\":\"https:\\\/\\\/schema.org\",\"@graph\":[{\"@type\":\"WebPage\",\"@id\":\"https:\\\/\\\/elmejorjamon.es\\\/pt\\\/producto\\\/pernas-de-frango-cozidas-em-cerveja-la-alacena\\\/\",\"url\":\"https:\\\/\\\/elmejorjamon.es\\\/pt\\\/producto\\\/pernas-de-frango-cozidas-em-cerveja-la-alacena\\\/\",\"name\":\"Compra Pernas de Frango Cozidas em Cerveja \\\"La Alacena\\\" - El Mejor Jam\u00f3n\",\"isPartOf\":{\"@id\":\"https:\\\/\\\/elmejorjamon.es\\\/#website\"},\"primaryImageOfPage\":{\"@id\":\"https:\\\/\\\/elmejorjamon.es\\\/pt\\\/producto\\\/pernas-de-frango-cozidas-em-cerveja-la-alacena\\\/#primaryimage\"},\"image\":{\"@id\":\"https:\\\/\\\/elmejorjamon.es\\\/pt\\\/producto\\\/pernas-de-frango-cozidas-em-cerveja-la-alacena\\\/#primaryimage\"},\"thumbnailUrl\":\"https:\\\/\\\/elmejorjamon.es\\\/wp-content\\\/uploads\\\/2025\\\/11\\\/JAMONCITOSCERVEZA.jpg\",\"datePublished\":\"2025-11-07T12:17:56+00:00\",\"dateModified\":\"2025-11-07T12:18:02+00:00\",\"description\":\"Prontas a aquecer e servir. Sem aditivos. Produto natural, sem conservantes nem corantes artificiais. Feito artesanalmente.\",\"breadcrumb\":{\"@id\":\"https:\\\/\\\/elmejorjamon.es\\\/pt\\\/producto\\\/pernas-de-frango-cozidas-em-cerveja-la-alacena\\\/#breadcrumb\"},\"inLanguage\":\"pt-PT\",\"potentialAction\":[{\"@type\":\"ReadAction\",\"target\":[\"https:\\\/\\\/elmejorjamon.es\\\/pt\\\/producto\\\/pernas-de-frango-cozidas-em-cerveja-la-alacena\\\/\"]}]},{\"@type\":\"ImageObject\",\"inLanguage\":\"pt-PT\",\"@id\":\"https:\\\/\\\/elmejorjamon.es\\\/pt\\\/producto\\\/pernas-de-frango-cozidas-em-cerveja-la-alacena\\\/#primaryimage\",\"url\":\"https:\\\/\\\/elmejorjamon.es\\\/wp-content\\\/uploads\\\/2025\\\/11\\\/JAMONCITOSCERVEZA.jpg\",\"contentUrl\":\"https:\\\/\\\/elmejorjamon.es\\\/wp-content\\\/uploads\\\/2025\\\/11\\\/JAMONCITOSCERVEZA.jpg\",\"width\":1000,\"height\":782},{\"@type\":\"BreadcrumbList\",\"@id\":\"https:\\\/\\\/elmejorjamon.es\\\/pt\\\/producto\\\/pernas-de-frango-cozidas-em-cerveja-la-alacena\\\/#breadcrumb\",\"itemListElement\":[{\"@type\":\"ListItem\",\"position\":1,\"name\":\"Portada\",\"item\":\"https:\\\/\\\/elmejorjamon.es\\\/pt\\\/\"},{\"@type\":\"ListItem\",\"position\":2,\"name\":\"In\u00edcio r\u00e1pido\",\"item\":\"https:\\\/\\\/elmejorjamon.es\\\/pt\\\/\"},{\"@type\":\"ListItem\",\"position\":3,\"name\":\"Pernas de Frango Cozidas em Cerveja &#8220;La Alacena&#8221;\"}]},{\"@type\":\"WebSite\",\"@id\":\"https:\\\/\\\/elmejorjamon.es\\\/#website\",\"url\":\"https:\\\/\\\/elmejorjamon.es\\\/\",\"name\":\"El Mejor Jam\u00f3n\",\"description\":\"Comprar jamones y embutidos a buen precio\",\"publisher\":{\"@id\":\"https:\\\/\\\/elmejorjamon.es\\\/#organization\"},\"potentialAction\":[{\"@type\":\"SearchAction\",\"target\":{\"@type\":\"EntryPoint\",\"urlTemplate\":\"https:\\\/\\\/elmejorjamon.es\\\/?s={search_term_string}\"},\"query-input\":{\"@type\":\"PropertyValueSpecification\",\"valueRequired\":true,\"valueName\":\"search_term_string\"}}],\"inLanguage\":\"pt-PT\"},{\"@type\":\"Organization\",\"@id\":\"https:\\\/\\\/elmejorjamon.es\\\/#organization\",\"name\":\"El Mejor Jam\u00f3n\",\"url\":\"https:\\\/\\\/elmejorjamon.es\\\/\",\"logo\":{\"@type\":\"ImageObject\",\"inLanguage\":\"pt-PT\",\"@id\":\"https:\\\/\\\/elmejorjamon.es\\\/#\\\/schema\\\/logo\\\/image\\\/\",\"url\":\"https:\\\/\\\/elmejorjamon.es\\\/wp-content\\\/uploads\\\/2025\\\/01\\\/logocorreos.png\",\"contentUrl\":\"https:\\\/\\\/elmejorjamon.es\\\/wp-content\\\/uploads\\\/2025\\\/01\\\/logocorreos.png\",\"width\":277,\"height\":200,\"caption\":\"El Mejor Jam\u00f3n\"},\"image\":{\"@id\":\"https:\\\/\\\/elmejorjamon.es\\\/#\\\/schema\\\/logo\\\/image\\\/\"},\"sameAs\":[\"https:\\\/\\\/www.facebook.com\\\/elmejorjamonweb\",\"https:\\\/\\\/x.com\\\/elmejorjamonweb\",\"https:\\\/\\\/www.instagram.com\\\/elmejorjamonweb\\\/\"]}]}<\/script>\n<!-- \/ Yoast SEO plugin. -->","yoast_head_json":{"title":"Compra Pernas de Frango Cozidas em Cerveja \"La Alacena\" - El Mejor Jam\u00f3n","description":"Prontas a aquecer e servir. Sem aditivos. Produto natural, sem conservantes nem corantes artificiais. Feito artesanalmente.","robots":{"index":"index","follow":"follow","max-snippet":"max-snippet:-1","max-image-preview":"max-image-preview:large","max-video-preview":"max-video-preview:-1"},"canonical":"https:\/\/elmejorjamon.es\/pt\/producto\/pernas-de-frango-cozidas-em-cerveja-la-alacena\/","og_locale":"pt_PT","og_type":"article","og_title":"Compra Pernas de Frango Cozidas em Cerveja \"La Alacena\" - El Mejor Jam\u00f3n","og_description":"Prontas a aquecer e servir. Sem aditivos. Produto natural, sem conservantes nem corantes artificiais. Feito artesanalmente.","og_url":"https:\/\/elmejorjamon.es\/pt\/producto\/pernas-de-frango-cozidas-em-cerveja-la-alacena\/","og_site_name":"El Mejor Jam\u00f3n","article_publisher":"https:\/\/www.facebook.com\/elmejorjamonweb","article_modified_time":"2025-11-07T12:18:02+00:00","og_image":[{"width":1000,"height":782,"url":"https:\/\/elmejorjamon.es\/wp-content\/uploads\/2025\/11\/JAMONCITOSCERVEZA.jpg","type":"image\/jpeg"}],"twitter_card":"summary_large_image","twitter_site":"@elmejorjamonweb","twitter_misc":{"Tempo estimado de leitura":"2 minuto"},"schema":{"@context":"https:\/\/schema.org","@graph":[{"@type":"WebPage","@id":"https:\/\/elmejorjamon.es\/pt\/producto\/pernas-de-frango-cozidas-em-cerveja-la-alacena\/","url":"https:\/\/elmejorjamon.es\/pt\/producto\/pernas-de-frango-cozidas-em-cerveja-la-alacena\/","name":"Compra Pernas de Frango Cozidas em Cerveja \"La Alacena\" - El Mejor Jam\u00f3n","isPartOf":{"@id":"https:\/\/elmejorjamon.es\/#website"},"primaryImageOfPage":{"@id":"https:\/\/elmejorjamon.es\/pt\/producto\/pernas-de-frango-cozidas-em-cerveja-la-alacena\/#primaryimage"},"image":{"@id":"https:\/\/elmejorjamon.es\/pt\/producto\/pernas-de-frango-cozidas-em-cerveja-la-alacena\/#primaryimage"},"thumbnailUrl":"https:\/\/elmejorjamon.es\/wp-content\/uploads\/2025\/11\/JAMONCITOSCERVEZA.jpg","datePublished":"2025-11-07T12:17:56+00:00","dateModified":"2025-11-07T12:18:02+00:00","description":"Prontas a aquecer e servir. Sem aditivos. Produto natural, sem conservantes nem corantes artificiais. Feito artesanalmente.","breadcrumb":{"@id":"https:\/\/elmejorjamon.es\/pt\/producto\/pernas-de-frango-cozidas-em-cerveja-la-alacena\/#breadcrumb"},"inLanguage":"pt-PT","potentialAction":[{"@type":"ReadAction","target":["https:\/\/elmejorjamon.es\/pt\/producto\/pernas-de-frango-cozidas-em-cerveja-la-alacena\/"]}]},{"@type":"ImageObject","inLanguage":"pt-PT","@id":"https:\/\/elmejorjamon.es\/pt\/producto\/pernas-de-frango-cozidas-em-cerveja-la-alacena\/#primaryimage","url":"https:\/\/elmejorjamon.es\/wp-content\/uploads\/2025\/11\/JAMONCITOSCERVEZA.jpg","contentUrl":"https:\/\/elmejorjamon.es\/wp-content\/uploads\/2025\/11\/JAMONCITOSCERVEZA.jpg","width":1000,"height":782},{"@type":"BreadcrumbList","@id":"https:\/\/elmejorjamon.es\/pt\/producto\/pernas-de-frango-cozidas-em-cerveja-la-alacena\/#breadcrumb","itemListElement":[{"@type":"ListItem","position":1,"name":"Portada","item":"https:\/\/elmejorjamon.es\/pt\/"},{"@type":"ListItem","position":2,"name":"In\u00edcio r\u00e1pido","item":"https:\/\/elmejorjamon.es\/pt\/"},{"@type":"ListItem","position":3,"name":"Pernas de Frango Cozidas em Cerveja &#8220;La Alacena&#8221;"}]},{"@type":"WebSite","@id":"https:\/\/elmejorjamon.es\/#website","url":"https:\/\/elmejorjamon.es\/","name":"El Mejor Jam\u00f3n","description":"Comprar jamones y embutidos a buen precio","publisher":{"@id":"https:\/\/elmejorjamon.es\/#organization"},"potentialAction":[{"@type":"SearchAction","target":{"@type":"EntryPoint","urlTemplate":"https:\/\/elmejorjamon.es\/?s={search_term_string}"},"query-input":{"@type":"PropertyValueSpecification","valueRequired":true,"valueName":"search_term_string"}}],"inLanguage":"pt-PT"},{"@type":"Organization","@id":"https:\/\/elmejorjamon.es\/#organization","name":"El Mejor Jam\u00f3n","url":"https:\/\/elmejorjamon.es\/","logo":{"@type":"ImageObject","inLanguage":"pt-PT","@id":"https:\/\/elmejorjamon.es\/#\/schema\/logo\/image\/","url":"https:\/\/elmejorjamon.es\/wp-content\/uploads\/2025\/01\/logocorreos.png","contentUrl":"https:\/\/elmejorjamon.es\/wp-content\/uploads\/2025\/01\/logocorreos.png","width":277,"height":200,"caption":"El Mejor Jam\u00f3n"},"image":{"@id":"https:\/\/elmejorjamon.es\/#\/schema\/logo\/image\/"},"sameAs":["https:\/\/www.facebook.com\/elmejorjamonweb","https:\/\/x.com\/elmejorjamonweb","https:\/\/www.instagram.com\/elmejorjamonweb\/"]}]}},"_links":{"self":[{"href":"https:\/\/elmejorjamon.es\/pt\/wp-json\/wp\/v2\/product\/20847","targetHints":{"allow":["GET"]}}],"collection":[{"href":"https:\/\/elmejorjamon.es\/pt\/wp-json\/wp\/v2\/product"}],"about":[{"href":"https:\/\/elmejorjamon.es\/pt\/wp-json\/wp\/v2\/types\/product"}],"replies":[{"embeddable":true,"href":"https:\/\/elmejorjamon.es\/pt\/wp-json\/wp\/v2\/comments?post=20847"}],"wp:featuredmedia":[{"embeddable":true,"href":"https:\/\/elmejorjamon.es\/pt\/wp-json\/wp\/v2\/media\/20836"}],"wp:attachment":[{"href":"https:\/\/elmejorjamon.es\/pt\/wp-json\/wp\/v2\/media?parent=20847"}],"wp:term":[{"taxonomy":"product_brand","embeddable":true,"href":"https:\/\/elmejorjamon.es\/pt\/wp-json\/wp\/v2\/product_brand?post=20847"},{"taxonomy":"product_cat","embeddable":true,"href":"https:\/\/elmejorjamon.es\/pt\/wp-json\/wp\/v2\/product_cat?post=20847"},{"taxonomy":"product_tag","embeddable":true,"href":"https:\/\/elmejorjamon.es\/pt\/wp-json\/wp\/v2\/product_tag?post=20847"}],"curies":[{"name":"wp","href":"https:\/\/api.w.org\/{rel}","templated":true}]}}