{"id":180,"date":"2007-11-26T15:34:53","date_gmt":"2007-11-26T14:34:53","guid":{"rendered":"https:\/\/nueva.elmejorjamon.es\/producto\/presunto-iberico-de-bolota-5j-100-iberico\/"},"modified":"2024-12-26T09:06:36","modified_gmt":"2024-12-26T08:06:36","slug":"presunto-iberico-de-bolota-5j-100-iberico","status":"publish","type":"product","link":"https:\/\/elmejorjamon.es\/pt\/producto\/presunto-iberico-de-bolota-5j-100-iberico\/","title":{"rendered":"Presunto ib\u00e9rico de bolota 5J 100% iberico"},"content":{"rendered":"<p>Presunto Iberico de Bolota 5J. A grande maioria dos criadores trabalha com porcos ib\u00e9ricos de ra\u00e7a mista, fruto da uni\u00e3o entre porcos de pura ra\u00e7a ib\u00e9rica e porcos de ra\u00e7as europeias. Eles s\u00e3o selecionados por sua maior produtividade, mas geram sabores e aromas diferentes dos do porco ib\u00e9rico 100%. Cinco Jotas seleciona apenas esp\u00e9cimes de ra\u00e7a ib\u00e9rica pura e tem uma equipe de veterin\u00e1rios e t\u00e9cnicos agr\u00edcolas dedicados exclusivamente ao estudo, cuidado e controle do animal: o porco ib\u00e9rico 100%. A rotulagem negra endossa o produto como 100% Iberico de Bellota e, portanto, tamb\u00e9m \u00e9 garantia de excel\u00eancia e qualidade. Somente os produtos marcados com o r\u00f3tulo preto podem ser chamados de pata preta.<\/p>\n","protected":false},"excerpt":{"rendered":"<p>Presunto ib\u00e9rico de bolota 5J 100% iberico<\/p>\n","protected":false},"featured_media":16436,"comment_status":"open","ping_status":"closed","template":"","meta":{"_et_pb_use_builder":"","_et_pb_old_content":"","_et_gb_content_width":"","_sitemap_exclude":false,"_sitemap_priority":"","_sitemap_frequency":""},"product_brand":[],"product_cat":[795,844,834],"product_tag":[],"class_list":{"0":"post-180","1":"product","2":"type-product","3":"status-publish","4":"has-post-thumbnail","6":"product_cat-comecar","7":"product_cat-presuntos-ibericos-pt-pt","8":"product_cat-todos-os-produtos-pt-pt","9":"product_shipping_class-normal-pt","10":"pa_opciones-desossado-e-embalado-no-vacuo-59-e-59-e","11":"pa_opciones-faca-cortada-e-embalada-em-saquetas-60-e-60-e","12":"pa_opciones-peca-inteira","13":"pa_peso-7-75-kg","14":"pa_peso-75-8-kg","15":"pa_peso-8_8_5kg-pt","16":"pa_peso-85-9-kg","18":"first","19":"instock","20":"shipping-taxable","21":"purchasable","22":"product-type-variable","23":"has-default-attributes"},"yoast_head":"<!-- This site is optimized with the Yoast SEO plugin v27.2 - https:\/\/yoast.com\/product\/yoast-seo-wordpress\/ -->\n<title>Presunto ib\u00e9rico de bolota 5J 100% iberico - El Mejor Jam\u00f3n<\/title>\n<meta name=\"robots\" content=\"index, follow, max-snippet:-1, max-image-preview:large, max-video-preview:-1\" \/>\n<link rel=\"canonical\" href=\"https:\/\/elmejorjamon.es\/pt\/producto\/presunto-iberico-de-bolota-5j-100-iberico\/\" \/>\n<meta property=\"og:locale\" content=\"pt_PT\" \/>\n<meta property=\"og:type\" content=\"article\" \/>\n<meta property=\"og:title\" content=\"Presunto ib\u00e9rico de bolota 5J 100% iberico - El Mejor Jam\u00f3n\" \/>\n<meta property=\"og:description\" content=\"Presunto ib\u00e9rico de bolota 5J 100% iberico\" \/>\n<meta property=\"og:url\" content=\"https:\/\/elmejorjamon.es\/pt\/producto\/presunto-iberico-de-bolota-5j-100-iberico\/\" \/>\n<meta property=\"og:site_name\" content=\"El Mejor Jam\u00f3n\" \/>\n<meta property=\"article:publisher\" content=\"https:\/\/www.facebook.com\/elmejorjamonweb\" \/>\n<meta property=\"article:modified_time\" content=\"2024-12-26T08:06:36+00:00\" \/>\n<meta property=\"og:image\" content=\"https:\/\/elmejorjamon.es\/wp-content\/uploads\/2007\/11\/2639-thickbox_default-Jamon-de-bellota-100berico-Cinco-Jotas.jpg\" \/>\n\t<meta property=\"og:image:width\" content=\"1100\" \/>\n\t<meta property=\"og:image:height\" content=\"1422\" \/>\n\t<meta property=\"og:image:type\" content=\"image\/jpeg\" \/>\n<meta name=\"twitter:card\" content=\"summary_large_image\" \/>\n<meta name=\"twitter:site\" content=\"@elmejorjamonweb\" \/>\n<meta name=\"twitter:label1\" content=\"Tempo estimado de leitura\" \/>\n\t<meta name=\"twitter:data1\" content=\"1 minuto\" \/>\n<script type=\"application\/ld+json\" class=\"yoast-schema-graph\">{\"@context\":\"https:\/\/schema.org\",\"@graph\":[{\"@type\":\"WebPage\",\"@id\":\"https:\/\/elmejorjamon.es\/pt\/producto\/presunto-iberico-de-bolota-5j-100-iberico\/\",\"url\":\"https:\/\/elmejorjamon.es\/pt\/producto\/presunto-iberico-de-bolota-5j-100-iberico\/\",\"name\":\"Presunto ib\u00e9rico de bolota 5J 100% iberico - El Mejor Jam\u00f3n\",\"isPartOf\":{\"@id\":\"https:\/\/elmejorjamon.es\/#website\"},\"primaryImageOfPage\":{\"@id\":\"https:\/\/elmejorjamon.es\/pt\/producto\/presunto-iberico-de-bolota-5j-100-iberico\/#primaryimage\"},\"image\":{\"@id\":\"https:\/\/elmejorjamon.es\/pt\/producto\/presunto-iberico-de-bolota-5j-100-iberico\/#primaryimage\"},\"thumbnailUrl\":\"https:\/\/elmejorjamon.es\/wp-content\/uploads\/2007\/11\/2639-thickbox_default-Jamon-de-bellota-100berico-Cinco-Jotas.jpg\",\"datePublished\":\"2007-11-26T14:34:53+00:00\",\"dateModified\":\"2024-12-26T08:06:36+00:00\",\"breadcrumb\":{\"@id\":\"https:\/\/elmejorjamon.es\/pt\/producto\/presunto-iberico-de-bolota-5j-100-iberico\/#breadcrumb\"},\"inLanguage\":\"pt-PT\",\"potentialAction\":[{\"@type\":\"ReadAction\",\"target\":[\"https:\/\/elmejorjamon.es\/pt\/producto\/presunto-iberico-de-bolota-5j-100-iberico\/\"]}]},{\"@type\":\"ImageObject\",\"inLanguage\":\"pt-PT\",\"@id\":\"https:\/\/elmejorjamon.es\/pt\/producto\/presunto-iberico-de-bolota-5j-100-iberico\/#primaryimage\",\"url\":\"https:\/\/elmejorjamon.es\/wp-content\/uploads\/2007\/11\/2639-thickbox_default-Jamon-de-bellota-100berico-Cinco-Jotas.jpg\",\"contentUrl\":\"https:\/\/elmejorjamon.es\/wp-content\/uploads\/2007\/11\/2639-thickbox_default-Jamon-de-bellota-100berico-Cinco-Jotas.jpg\",\"width\":1100,\"height\":1422},{\"@type\":\"BreadcrumbList\",\"@id\":\"https:\/\/elmejorjamon.es\/pt\/producto\/presunto-iberico-de-bolota-5j-100-iberico\/#breadcrumb\",\"itemListElement\":[{\"@type\":\"ListItem\",\"position\":1,\"name\":\"Portada\",\"item\":\"https:\/\/elmejorjamon.es\/pt\/\"},{\"@type\":\"ListItem\",\"position\":2,\"name\":\"In\u00edcio r\u00e1pido\",\"item\":\"https:\/\/elmejorjamon.es\/pt\/\"},{\"@type\":\"ListItem\",\"position\":3,\"name\":\"Presunto ib\u00e9rico de bolota 5J 100% iberico\"}]},{\"@type\":\"WebSite\",\"@id\":\"https:\/\/elmejorjamon.es\/#website\",\"url\":\"https:\/\/elmejorjamon.es\/\",\"name\":\"El Mejor Jam\u00f3n\",\"description\":\"Comprar jamones y embutidos a buen precio\",\"publisher\":{\"@id\":\"https:\/\/elmejorjamon.es\/#organization\"},\"potentialAction\":[{\"@type\":\"SearchAction\",\"target\":{\"@type\":\"EntryPoint\",\"urlTemplate\":\"https:\/\/elmejorjamon.es\/?s={search_term_string}\"},\"query-input\":{\"@type\":\"PropertyValueSpecification\",\"valueRequired\":true,\"valueName\":\"search_term_string\"}}],\"inLanguage\":\"pt-PT\"},{\"@type\":\"Organization\",\"@id\":\"https:\/\/elmejorjamon.es\/#organization\",\"name\":\"El Mejor Jam\u00f3n\",\"url\":\"https:\/\/elmejorjamon.es\/\",\"logo\":{\"@type\":\"ImageObject\",\"inLanguage\":\"pt-PT\",\"@id\":\"https:\/\/elmejorjamon.es\/#\/schema\/logo\/image\/\",\"url\":\"https:\/\/elmejorjamon.es\/wp-content\/uploads\/2025\/01\/logocorreos.png\",\"contentUrl\":\"https:\/\/elmejorjamon.es\/wp-content\/uploads\/2025\/01\/logocorreos.png\",\"width\":277,\"height\":200,\"caption\":\"El Mejor Jam\u00f3n\"},\"image\":{\"@id\":\"https:\/\/elmejorjamon.es\/#\/schema\/logo\/image\/\"},\"sameAs\":[\"https:\/\/www.facebook.com\/elmejorjamonweb\",\"https:\/\/x.com\/elmejorjamonweb\",\"https:\/\/www.instagram.com\/elmejorjamonweb\/\"]}]}<\/script>\n<!-- \/ Yoast SEO plugin. -->","yoast_head_json":{"title":"Presunto ib\u00e9rico de bolota 5J 100% iberico - El Mejor Jam\u00f3n","robots":{"index":"index","follow":"follow","max-snippet":"max-snippet:-1","max-image-preview":"max-image-preview:large","max-video-preview":"max-video-preview:-1"},"canonical":"https:\/\/elmejorjamon.es\/pt\/producto\/presunto-iberico-de-bolota-5j-100-iberico\/","og_locale":"pt_PT","og_type":"article","og_title":"Presunto ib\u00e9rico de bolota 5J 100% iberico - El Mejor Jam\u00f3n","og_description":"Presunto ib\u00e9rico de bolota 5J 100% iberico","og_url":"https:\/\/elmejorjamon.es\/pt\/producto\/presunto-iberico-de-bolota-5j-100-iberico\/","og_site_name":"El Mejor Jam\u00f3n","article_publisher":"https:\/\/www.facebook.com\/elmejorjamonweb","article_modified_time":"2024-12-26T08:06:36+00:00","og_image":[{"width":1100,"height":1422,"url":"https:\/\/elmejorjamon.es\/wp-content\/uploads\/2007\/11\/2639-thickbox_default-Jamon-de-bellota-100berico-Cinco-Jotas.jpg","type":"image\/jpeg"}],"twitter_card":"summary_large_image","twitter_site":"@elmejorjamonweb","twitter_misc":{"Tempo estimado de leitura":"1 minuto"},"schema":{"@context":"https:\/\/schema.org","@graph":[{"@type":"WebPage","@id":"https:\/\/elmejorjamon.es\/pt\/producto\/presunto-iberico-de-bolota-5j-100-iberico\/","url":"https:\/\/elmejorjamon.es\/pt\/producto\/presunto-iberico-de-bolota-5j-100-iberico\/","name":"Presunto ib\u00e9rico de bolota 5J 100% iberico - El Mejor Jam\u00f3n","isPartOf":{"@id":"https:\/\/elmejorjamon.es\/#website"},"primaryImageOfPage":{"@id":"https:\/\/elmejorjamon.es\/pt\/producto\/presunto-iberico-de-bolota-5j-100-iberico\/#primaryimage"},"image":{"@id":"https:\/\/elmejorjamon.es\/pt\/producto\/presunto-iberico-de-bolota-5j-100-iberico\/#primaryimage"},"thumbnailUrl":"https:\/\/elmejorjamon.es\/wp-content\/uploads\/2007\/11\/2639-thickbox_default-Jamon-de-bellota-100berico-Cinco-Jotas.jpg","datePublished":"2007-11-26T14:34:53+00:00","dateModified":"2024-12-26T08:06:36+00:00","breadcrumb":{"@id":"https:\/\/elmejorjamon.es\/pt\/producto\/presunto-iberico-de-bolota-5j-100-iberico\/#breadcrumb"},"inLanguage":"pt-PT","potentialAction":[{"@type":"ReadAction","target":["https:\/\/elmejorjamon.es\/pt\/producto\/presunto-iberico-de-bolota-5j-100-iberico\/"]}]},{"@type":"ImageObject","inLanguage":"pt-PT","@id":"https:\/\/elmejorjamon.es\/pt\/producto\/presunto-iberico-de-bolota-5j-100-iberico\/#primaryimage","url":"https:\/\/elmejorjamon.es\/wp-content\/uploads\/2007\/11\/2639-thickbox_default-Jamon-de-bellota-100berico-Cinco-Jotas.jpg","contentUrl":"https:\/\/elmejorjamon.es\/wp-content\/uploads\/2007\/11\/2639-thickbox_default-Jamon-de-bellota-100berico-Cinco-Jotas.jpg","width":1100,"height":1422},{"@type":"BreadcrumbList","@id":"https:\/\/elmejorjamon.es\/pt\/producto\/presunto-iberico-de-bolota-5j-100-iberico\/#breadcrumb","itemListElement":[{"@type":"ListItem","position":1,"name":"Portada","item":"https:\/\/elmejorjamon.es\/pt\/"},{"@type":"ListItem","position":2,"name":"In\u00edcio r\u00e1pido","item":"https:\/\/elmejorjamon.es\/pt\/"},{"@type":"ListItem","position":3,"name":"Presunto ib\u00e9rico de bolota 5J 100% iberico"}]},{"@type":"WebSite","@id":"https:\/\/elmejorjamon.es\/#website","url":"https:\/\/elmejorjamon.es\/","name":"El Mejor Jam\u00f3n","description":"Comprar jamones y embutidos a buen precio","publisher":{"@id":"https:\/\/elmejorjamon.es\/#organization"},"potentialAction":[{"@type":"SearchAction","target":{"@type":"EntryPoint","urlTemplate":"https:\/\/elmejorjamon.es\/?s={search_term_string}"},"query-input":{"@type":"PropertyValueSpecification","valueRequired":true,"valueName":"search_term_string"}}],"inLanguage":"pt-PT"},{"@type":"Organization","@id":"https:\/\/elmejorjamon.es\/#organization","name":"El Mejor Jam\u00f3n","url":"https:\/\/elmejorjamon.es\/","logo":{"@type":"ImageObject","inLanguage":"pt-PT","@id":"https:\/\/elmejorjamon.es\/#\/schema\/logo\/image\/","url":"https:\/\/elmejorjamon.es\/wp-content\/uploads\/2025\/01\/logocorreos.png","contentUrl":"https:\/\/elmejorjamon.es\/wp-content\/uploads\/2025\/01\/logocorreos.png","width":277,"height":200,"caption":"El Mejor Jam\u00f3n"},"image":{"@id":"https:\/\/elmejorjamon.es\/#\/schema\/logo\/image\/"},"sameAs":["https:\/\/www.facebook.com\/elmejorjamonweb","https:\/\/x.com\/elmejorjamonweb","https:\/\/www.instagram.com\/elmejorjamonweb\/"]}]}},"_links":{"self":[{"href":"https:\/\/elmejorjamon.es\/pt\/wp-json\/wp\/v2\/product\/180","targetHints":{"allow":["GET"]}}],"collection":[{"href":"https:\/\/elmejorjamon.es\/pt\/wp-json\/wp\/v2\/product"}],"about":[{"href":"https:\/\/elmejorjamon.es\/pt\/wp-json\/wp\/v2\/types\/product"}],"replies":[{"embeddable":true,"href":"https:\/\/elmejorjamon.es\/pt\/wp-json\/wp\/v2\/comments?post=180"}],"wp:featuredmedia":[{"embeddable":true,"href":"https:\/\/elmejorjamon.es\/pt\/wp-json\/wp\/v2\/media\/16436"}],"wp:attachment":[{"href":"https:\/\/elmejorjamon.es\/pt\/wp-json\/wp\/v2\/media?parent=180"}],"wp:term":[{"taxonomy":"product_brand","embeddable":true,"href":"https:\/\/elmejorjamon.es\/pt\/wp-json\/wp\/v2\/product_brand?post=180"},{"taxonomy":"product_cat","embeddable":true,"href":"https:\/\/elmejorjamon.es\/pt\/wp-json\/wp\/v2\/product_cat?post=180"},{"taxonomy":"product_tag","embeddable":true,"href":"https:\/\/elmejorjamon.es\/pt\/wp-json\/wp\/v2\/product_tag?post=180"}],"curies":[{"name":"wp","href":"https:\/\/api.w.org\/{rel}","templated":true}]}}