{"id":1728,"date":"2025-06-13T12:02:32","date_gmt":"2025-06-13T10:02:32","guid":{"rendered":"https:\/\/nueva.elmejorjamon.es\/?post_type=product&#038;p=1728"},"modified":"2025-06-13T12:02:40","modified_gmt":"2025-06-13T10:02:40","slug":"coracoes-de-alcachofra-la-orquidea-14-16-frutos","status":"publish","type":"product","link":"https:\/\/elmejorjamon.es\/pt\/producto\/coracoes-de-alcachofra-la-orquidea-14-16-frutos\/","title":{"rendered":"Cora\u00e7\u00f5es de Alcachofra La Orquidea 14\/16 frutos."},"content":{"rendered":"<p>Cora\u00e7\u00f5es de Alcachofra La Orquidea 14\/16 frutos.<br \/>\nPeso l\u00edquido: 390 g.<\/p>\n<p>Peso l\u00edquido escorrido: 240 g.<\/p>\n<p>Ingredientes: Cora\u00e7\u00f5es de alcachofra, \u00e1gua, sal e acidulante: \u00e1cido c\u00edtrico.<\/p>\n<p>Valores nutricionais por 100 g.<\/p>\n<p>Energia 133 kJ\/31 kcal<\/p>\n<p>Gorduras 0 g<\/p>\n<p>das quais saturadas 0 g<\/p>\n<p>Hidratos de carbono 6 g<\/p>\n<p>dos quais a\u00e7\u00facares 0,95 g<\/p>\n<p>Prote\u00ednas 1,4 g<\/p>\n<p>Sal 0,43 g<\/p>\n","protected":false},"excerpt":{"rendered":"<p>Cora\u00e7\u00f5es de Alcachofra La Orquidea 14\/16 frutos.<\/p>\n","protected":false},"featured_media":19355,"comment_status":"open","ping_status":"closed","template":"","meta":{"_et_pb_use_builder":"","_et_pb_old_content":"","_et_gb_content_width":"","_sitemap_exclude":false,"_sitemap_priority":"","_sitemap_frequency":""},"product_brand":[],"product_cat":[813,795,798,834,811],"product_tag":[],"class_list":{"0":"post-1728","1":"product","2":"type-product","3":"status-publish","4":"has-post-thumbnail","6":"product_cat-alcachofras-pt-pt","7":"product_cat-comecar","8":"product_cat-enlatados","9":"product_cat-todos-os-produtos-pt-pt","10":"product_cat-vegetais","11":"product_shipping_class-normal-pt","12":"pa_opciones-1-peca","13":"pa_opciones-caixa-de-12-unidades","15":"first","16":"instock","17":"shipping-taxable","18":"purchasable","19":"product-type-variable","20":"has-default-attributes"},"yoast_head":"<!-- This site is optimized with the Yoast SEO plugin v27.4 - https:\/\/yoast.com\/product\/yoast-seo-wordpress\/ -->\n<title>Compre Cora\u00e7\u00f5es de Alcachofra La Orquidea 14\/16 frutos. - El Mejor Jam\u00f3n<\/title>\n<meta name=\"description\" content=\"Cora\u00e7\u00f5es de alcachofra da horta murciana, \u00f3timo sabor, \u00f3timos crus ou em salada, mais uma deliciosa adi\u00e7\u00e3o \u00e0 sua mesa.\" \/>\n<meta name=\"robots\" content=\"index, follow, max-snippet:-1, max-image-preview:large, max-video-preview:-1\" \/>\n<link rel=\"canonical\" href=\"https:\/\/elmejorjamon.es\/pt\/producto\/coracoes-de-alcachofra-la-orquidea-14-16-frutos\/\" \/>\n<meta property=\"og:locale\" content=\"pt_PT\" \/>\n<meta property=\"og:type\" content=\"article\" \/>\n<meta property=\"og:title\" content=\"Compre Cora\u00e7\u00f5es de Alcachofra La Orquidea 14\/16 frutos. - El Mejor Jam\u00f3n\" \/>\n<meta property=\"og:description\" content=\"Cora\u00e7\u00f5es de alcachofra da horta murciana, \u00f3timo sabor, \u00f3timos crus ou em salada, mais uma deliciosa adi\u00e7\u00e3o \u00e0 sua mesa.\" \/>\n<meta property=\"og:url\" content=\"https:\/\/elmejorjamon.es\/pt\/producto\/coracoes-de-alcachofra-la-orquidea-14-16-frutos\/\" \/>\n<meta property=\"og:site_name\" content=\"El Mejor Jam\u00f3n\" \/>\n<meta property=\"article:publisher\" content=\"https:\/\/www.facebook.com\/elmejorjamonweb\" \/>\n<meta property=\"article:modified_time\" content=\"2025-06-13T10:02:40+00:00\" \/>\n<meta property=\"og:image\" content=\"https:\/\/elmejorjamon.es\/wp-content\/uploads\/2025\/02\/alcachofa14161.jpg\" \/>\n\t<meta property=\"og:image:width\" content=\"477\" \/>\n\t<meta property=\"og:image:height\" content=\"850\" \/>\n\t<meta property=\"og:image:type\" content=\"image\/jpeg\" \/>\n<meta name=\"twitter:card\" content=\"summary_large_image\" \/>\n<meta name=\"twitter:site\" content=\"@elmejorjamonweb\" \/>\n<meta name=\"twitter:label1\" content=\"Tempo estimado de leitura\" \/>\n\t<meta name=\"twitter:data1\" content=\"1 minuto\" \/>\n<script type=\"application\/ld+json\" class=\"yoast-schema-graph\">{\"@context\":\"https:\\\/\\\/schema.org\",\"@graph\":[{\"@type\":\"WebPage\",\"@id\":\"https:\\\/\\\/elmejorjamon.es\\\/pt\\\/producto\\\/coracoes-de-alcachofra-la-orquidea-14-16-frutos\\\/\",\"url\":\"https:\\\/\\\/elmejorjamon.es\\\/pt\\\/producto\\\/coracoes-de-alcachofra-la-orquidea-14-16-frutos\\\/\",\"name\":\"Compre Cora\u00e7\u00f5es de Alcachofra La Orquidea 14\\\/16 frutos. - El Mejor Jam\u00f3n\",\"isPartOf\":{\"@id\":\"https:\\\/\\\/elmejorjamon.es\\\/#website\"},\"primaryImageOfPage\":{\"@id\":\"https:\\\/\\\/elmejorjamon.es\\\/pt\\\/producto\\\/coracoes-de-alcachofra-la-orquidea-14-16-frutos\\\/#primaryimage\"},\"image\":{\"@id\":\"https:\\\/\\\/elmejorjamon.es\\\/pt\\\/producto\\\/coracoes-de-alcachofra-la-orquidea-14-16-frutos\\\/#primaryimage\"},\"thumbnailUrl\":\"https:\\\/\\\/elmejorjamon.es\\\/wp-content\\\/uploads\\\/2025\\\/02\\\/alcachofa14161.jpg\",\"datePublished\":\"2025-06-13T10:02:32+00:00\",\"dateModified\":\"2025-06-13T10:02:40+00:00\",\"description\":\"Cora\u00e7\u00f5es de alcachofra da horta murciana, \u00f3timo sabor, \u00f3timos crus ou em salada, mais uma deliciosa adi\u00e7\u00e3o \u00e0 sua mesa.\",\"breadcrumb\":{\"@id\":\"https:\\\/\\\/elmejorjamon.es\\\/pt\\\/producto\\\/coracoes-de-alcachofra-la-orquidea-14-16-frutos\\\/#breadcrumb\"},\"inLanguage\":\"pt-PT\",\"potentialAction\":[{\"@type\":\"ReadAction\",\"target\":[\"https:\\\/\\\/elmejorjamon.es\\\/pt\\\/producto\\\/coracoes-de-alcachofra-la-orquidea-14-16-frutos\\\/\"]}]},{\"@type\":\"ImageObject\",\"inLanguage\":\"pt-PT\",\"@id\":\"https:\\\/\\\/elmejorjamon.es\\\/pt\\\/producto\\\/coracoes-de-alcachofra-la-orquidea-14-16-frutos\\\/#primaryimage\",\"url\":\"https:\\\/\\\/elmejorjamon.es\\\/wp-content\\\/uploads\\\/2025\\\/02\\\/alcachofa14161.jpg\",\"contentUrl\":\"https:\\\/\\\/elmejorjamon.es\\\/wp-content\\\/uploads\\\/2025\\\/02\\\/alcachofa14161.jpg\",\"width\":477,\"height\":850},{\"@type\":\"BreadcrumbList\",\"@id\":\"https:\\\/\\\/elmejorjamon.es\\\/pt\\\/producto\\\/coracoes-de-alcachofra-la-orquidea-14-16-frutos\\\/#breadcrumb\",\"itemListElement\":[{\"@type\":\"ListItem\",\"position\":1,\"name\":\"Portada\",\"item\":\"https:\\\/\\\/elmejorjamon.es\\\/pt\\\/\"},{\"@type\":\"ListItem\",\"position\":2,\"name\":\"In\u00edcio r\u00e1pido\",\"item\":\"https:\\\/\\\/elmejorjamon.es\\\/pt\\\/\"},{\"@type\":\"ListItem\",\"position\":3,\"name\":\"Cora\u00e7\u00f5es de Alcachofra La Orquidea 14\\\/16 frutos.\"}]},{\"@type\":\"WebSite\",\"@id\":\"https:\\\/\\\/elmejorjamon.es\\\/#website\",\"url\":\"https:\\\/\\\/elmejorjamon.es\\\/\",\"name\":\"El Mejor Jam\u00f3n\",\"description\":\"Comprar jamones y embutidos a buen precio\",\"publisher\":{\"@id\":\"https:\\\/\\\/elmejorjamon.es\\\/#organization\"},\"potentialAction\":[{\"@type\":\"SearchAction\",\"target\":{\"@type\":\"EntryPoint\",\"urlTemplate\":\"https:\\\/\\\/elmejorjamon.es\\\/?s={search_term_string}\"},\"query-input\":{\"@type\":\"PropertyValueSpecification\",\"valueRequired\":true,\"valueName\":\"search_term_string\"}}],\"inLanguage\":\"pt-PT\"},{\"@type\":\"Organization\",\"@id\":\"https:\\\/\\\/elmejorjamon.es\\\/#organization\",\"name\":\"El Mejor Jam\u00f3n\",\"url\":\"https:\\\/\\\/elmejorjamon.es\\\/\",\"logo\":{\"@type\":\"ImageObject\",\"inLanguage\":\"pt-PT\",\"@id\":\"https:\\\/\\\/elmejorjamon.es\\\/#\\\/schema\\\/logo\\\/image\\\/\",\"url\":\"https:\\\/\\\/elmejorjamon.es\\\/wp-content\\\/uploads\\\/2025\\\/01\\\/logocorreos.png\",\"contentUrl\":\"https:\\\/\\\/elmejorjamon.es\\\/wp-content\\\/uploads\\\/2025\\\/01\\\/logocorreos.png\",\"width\":277,\"height\":200,\"caption\":\"El Mejor Jam\u00f3n\"},\"image\":{\"@id\":\"https:\\\/\\\/elmejorjamon.es\\\/#\\\/schema\\\/logo\\\/image\\\/\"},\"sameAs\":[\"https:\\\/\\\/www.facebook.com\\\/elmejorjamonweb\",\"https:\\\/\\\/x.com\\\/elmejorjamonweb\",\"https:\\\/\\\/www.instagram.com\\\/elmejorjamonweb\\\/\"]}]}<\/script>\n<!-- \/ Yoast SEO plugin. -->","yoast_head_json":{"title":"Compre Cora\u00e7\u00f5es de Alcachofra La Orquidea 14\/16 frutos. - El Mejor Jam\u00f3n","description":"Cora\u00e7\u00f5es de alcachofra da horta murciana, \u00f3timo sabor, \u00f3timos crus ou em salada, mais uma deliciosa adi\u00e7\u00e3o \u00e0 sua mesa.","robots":{"index":"index","follow":"follow","max-snippet":"max-snippet:-1","max-image-preview":"max-image-preview:large","max-video-preview":"max-video-preview:-1"},"canonical":"https:\/\/elmejorjamon.es\/pt\/producto\/coracoes-de-alcachofra-la-orquidea-14-16-frutos\/","og_locale":"pt_PT","og_type":"article","og_title":"Compre Cora\u00e7\u00f5es de Alcachofra La Orquidea 14\/16 frutos. - El Mejor Jam\u00f3n","og_description":"Cora\u00e7\u00f5es de alcachofra da horta murciana, \u00f3timo sabor, \u00f3timos crus ou em salada, mais uma deliciosa adi\u00e7\u00e3o \u00e0 sua mesa.","og_url":"https:\/\/elmejorjamon.es\/pt\/producto\/coracoes-de-alcachofra-la-orquidea-14-16-frutos\/","og_site_name":"El Mejor Jam\u00f3n","article_publisher":"https:\/\/www.facebook.com\/elmejorjamonweb","article_modified_time":"2025-06-13T10:02:40+00:00","og_image":[{"width":477,"height":850,"url":"https:\/\/elmejorjamon.es\/wp-content\/uploads\/2025\/02\/alcachofa14161.jpg","type":"image\/jpeg"}],"twitter_card":"summary_large_image","twitter_site":"@elmejorjamonweb","twitter_misc":{"Tempo estimado de leitura":"1 minuto"},"schema":{"@context":"https:\/\/schema.org","@graph":[{"@type":"WebPage","@id":"https:\/\/elmejorjamon.es\/pt\/producto\/coracoes-de-alcachofra-la-orquidea-14-16-frutos\/","url":"https:\/\/elmejorjamon.es\/pt\/producto\/coracoes-de-alcachofra-la-orquidea-14-16-frutos\/","name":"Compre Cora\u00e7\u00f5es de Alcachofra La Orquidea 14\/16 frutos. - El Mejor Jam\u00f3n","isPartOf":{"@id":"https:\/\/elmejorjamon.es\/#website"},"primaryImageOfPage":{"@id":"https:\/\/elmejorjamon.es\/pt\/producto\/coracoes-de-alcachofra-la-orquidea-14-16-frutos\/#primaryimage"},"image":{"@id":"https:\/\/elmejorjamon.es\/pt\/producto\/coracoes-de-alcachofra-la-orquidea-14-16-frutos\/#primaryimage"},"thumbnailUrl":"https:\/\/elmejorjamon.es\/wp-content\/uploads\/2025\/02\/alcachofa14161.jpg","datePublished":"2025-06-13T10:02:32+00:00","dateModified":"2025-06-13T10:02:40+00:00","description":"Cora\u00e7\u00f5es de alcachofra da horta murciana, \u00f3timo sabor, \u00f3timos crus ou em salada, mais uma deliciosa adi\u00e7\u00e3o \u00e0 sua mesa.","breadcrumb":{"@id":"https:\/\/elmejorjamon.es\/pt\/producto\/coracoes-de-alcachofra-la-orquidea-14-16-frutos\/#breadcrumb"},"inLanguage":"pt-PT","potentialAction":[{"@type":"ReadAction","target":["https:\/\/elmejorjamon.es\/pt\/producto\/coracoes-de-alcachofra-la-orquidea-14-16-frutos\/"]}]},{"@type":"ImageObject","inLanguage":"pt-PT","@id":"https:\/\/elmejorjamon.es\/pt\/producto\/coracoes-de-alcachofra-la-orquidea-14-16-frutos\/#primaryimage","url":"https:\/\/elmejorjamon.es\/wp-content\/uploads\/2025\/02\/alcachofa14161.jpg","contentUrl":"https:\/\/elmejorjamon.es\/wp-content\/uploads\/2025\/02\/alcachofa14161.jpg","width":477,"height":850},{"@type":"BreadcrumbList","@id":"https:\/\/elmejorjamon.es\/pt\/producto\/coracoes-de-alcachofra-la-orquidea-14-16-frutos\/#breadcrumb","itemListElement":[{"@type":"ListItem","position":1,"name":"Portada","item":"https:\/\/elmejorjamon.es\/pt\/"},{"@type":"ListItem","position":2,"name":"In\u00edcio r\u00e1pido","item":"https:\/\/elmejorjamon.es\/pt\/"},{"@type":"ListItem","position":3,"name":"Cora\u00e7\u00f5es de Alcachofra La Orquidea 14\/16 frutos."}]},{"@type":"WebSite","@id":"https:\/\/elmejorjamon.es\/#website","url":"https:\/\/elmejorjamon.es\/","name":"El Mejor Jam\u00f3n","description":"Comprar jamones y embutidos a buen precio","publisher":{"@id":"https:\/\/elmejorjamon.es\/#organization"},"potentialAction":[{"@type":"SearchAction","target":{"@type":"EntryPoint","urlTemplate":"https:\/\/elmejorjamon.es\/?s={search_term_string}"},"query-input":{"@type":"PropertyValueSpecification","valueRequired":true,"valueName":"search_term_string"}}],"inLanguage":"pt-PT"},{"@type":"Organization","@id":"https:\/\/elmejorjamon.es\/#organization","name":"El Mejor Jam\u00f3n","url":"https:\/\/elmejorjamon.es\/","logo":{"@type":"ImageObject","inLanguage":"pt-PT","@id":"https:\/\/elmejorjamon.es\/#\/schema\/logo\/image\/","url":"https:\/\/elmejorjamon.es\/wp-content\/uploads\/2025\/01\/logocorreos.png","contentUrl":"https:\/\/elmejorjamon.es\/wp-content\/uploads\/2025\/01\/logocorreos.png","width":277,"height":200,"caption":"El Mejor Jam\u00f3n"},"image":{"@id":"https:\/\/elmejorjamon.es\/#\/schema\/logo\/image\/"},"sameAs":["https:\/\/www.facebook.com\/elmejorjamonweb","https:\/\/x.com\/elmejorjamonweb","https:\/\/www.instagram.com\/elmejorjamonweb\/"]}]}},"_links":{"self":[{"href":"https:\/\/elmejorjamon.es\/pt\/wp-json\/wp\/v2\/product\/1728","targetHints":{"allow":["GET"]}}],"collection":[{"href":"https:\/\/elmejorjamon.es\/pt\/wp-json\/wp\/v2\/product"}],"about":[{"href":"https:\/\/elmejorjamon.es\/pt\/wp-json\/wp\/v2\/types\/product"}],"replies":[{"embeddable":true,"href":"https:\/\/elmejorjamon.es\/pt\/wp-json\/wp\/v2\/comments?post=1728"}],"wp:featuredmedia":[{"embeddable":true,"href":"https:\/\/elmejorjamon.es\/pt\/wp-json\/wp\/v2\/media\/19355"}],"wp:attachment":[{"href":"https:\/\/elmejorjamon.es\/pt\/wp-json\/wp\/v2\/media?parent=1728"}],"wp:term":[{"taxonomy":"product_brand","embeddable":true,"href":"https:\/\/elmejorjamon.es\/pt\/wp-json\/wp\/v2\/product_brand?post=1728"},{"taxonomy":"product_cat","embeddable":true,"href":"https:\/\/elmejorjamon.es\/pt\/wp-json\/wp\/v2\/product_cat?post=1728"},{"taxonomy":"product_tag","embeddable":true,"href":"https:\/\/elmejorjamon.es\/pt\/wp-json\/wp\/v2\/product_tag?post=1728"}],"curies":[{"name":"wp","href":"https:\/\/api.w.org\/{rel}","templated":true}]}}