{"id":1530,"date":"2011-01-28T07:51:57","date_gmt":"2011-01-28T06:51:57","guid":{"rendered":"https:\/\/nueva.elmejorjamon.es\/producto\/pao-de-bola-edam-chapeu-alto-semi-curado-1800-kg\/"},"modified":"2025-01-13T08:59:12","modified_gmt":"2025-01-13T07:59:12","slug":"quiejo-de-bola-edam-chapeu-alto-semi-curado-1800-kg","status":"publish","type":"product","link":"https:\/\/elmejorjamon.es\/pt\/producto\/quiejo-de-bola-edam-chapeu-alto-semi-curado-1800-kg\/","title":{"rendered":"Queijo de bola Edam Chap\u00e9u alto semi-curado 1,600 kg."},"content":{"rendered":"<p>\u00c9 um queijo de leite de vaca pasteurizado parcialmente desfimado com um teor de gordura relativamente baixo. Seu aroma \u00e9 ligeiramente picante e seu sabor \u00e9 simples, com um sabor salgado que permanece no palato. Os benef\u00edcios do chap\u00e9u Queso de Bola Cup s\u00e3o v\u00e1rios: alta quantidade de prote\u00ednas: permite que o queijo \u00e9 recomendado especialmente para o desenvolvimento muscular. Tamb\u00e9m \u00e9 recomendado durante a inf\u00e2ncia, adolesc\u00eancia e gravidez, pois nessas etapas, \u00e9 necess\u00e1rio um maior contributo de prote\u00ednas. grande quantidade de c\u00e1lcio: permite que seja um bom alimento para ossos e altamente recomendado durante a gravidez, pois nestes est\u00e1gios nosso corpo o consome em maior medida. Alto conte\u00fado de zinco: permite que o queijo facilite a assimila\u00e7\u00e3o e armazenamento de insulina em nosso corpo. Rico em f\u00f3sforo: permite manter nossos ossos e dentes saud\u00e1veis, bem como uma pele equilibrada, pois ajuda a manter sua PH natural.<\/p>\n","protected":false},"excerpt":{"rendered":"<p>Queijo de bola Edam Chap\u00e9u alto semi-curado 1,600 kg.<\/p>\n","protected":false},"featured_media":1507,"comment_status":"open","ping_status":"closed","template":"","meta":{"_et_pb_use_builder":"","_et_pb_old_content":"","_et_gb_content_width":"","_sitemap_exclude":false,"_sitemap_priority":"","_sitemap_frequency":""},"product_brand":[],"product_cat":[795,831,834],"product_tag":[],"class_list":{"0":"post-1530","1":"product","2":"type-product","3":"status-publish","4":"has-post-thumbnail","6":"product_cat-comecar","7":"product_cat-queijos","8":"product_cat-todos-os-produtos-pt-pt","9":"product_shipping_class-normal-pt","11":"first","12":"instock","13":"shipping-taxable","14":"purchasable","15":"product-type-simple"},"yoast_head":"<!-- This site is optimized with the Yoast SEO plugin v27.4 - https:\/\/yoast.com\/product\/yoast-seo-wordpress\/ -->\n<title>Queijo de bola Edam Chap\u00e9u alto semi-curado 1,600 kg. - El Mejor Jam\u00f3n<\/title>\n<meta name=\"robots\" content=\"index, follow, max-snippet:-1, max-image-preview:large, max-video-preview:-1\" \/>\n<link rel=\"canonical\" href=\"https:\/\/elmejorjamon.es\/pt\/producto\/quiejo-de-bola-edam-chapeu-alto-semi-curado-1800-kg\/\" \/>\n<meta property=\"og:locale\" content=\"pt_PT\" \/>\n<meta property=\"og:type\" content=\"article\" \/>\n<meta property=\"og:title\" content=\"Queijo de bola Edam Chap\u00e9u alto semi-curado 1,600 kg. - El Mejor Jam\u00f3n\" \/>\n<meta property=\"og:description\" content=\"Queijo de bola Edam Chap\u00e9u alto semi-curado 1,600 kg.\" \/>\n<meta property=\"og:url\" content=\"https:\/\/elmejorjamon.es\/pt\/producto\/quiejo-de-bola-edam-chapeu-alto-semi-curado-1800-kg\/\" \/>\n<meta property=\"og:site_name\" content=\"El Mejor Jam\u00f3n\" \/>\n<meta property=\"article:publisher\" content=\"https:\/\/www.facebook.com\/elmejorjamonweb\" \/>\n<meta property=\"article:modified_time\" content=\"2025-01-13T07:59:12+00:00\" \/>\n<meta property=\"og:image\" content=\"https:\/\/elmejorjamon.es\/wp-content\/uploads\/2011\/01\/1236-thickbox_default-Queso-bola-edam-Semicurado-Sombrero-de-copa-1800-kg.jpg\" \/>\n\t<meta property=\"og:image:width\" content=\"1100\" \/>\n\t<meta property=\"og:image:height\" content=\"1422\" \/>\n\t<meta property=\"og:image:type\" content=\"image\/jpeg\" \/>\n<meta name=\"twitter:card\" content=\"summary_large_image\" \/>\n<meta name=\"twitter:site\" content=\"@elmejorjamonweb\" \/>\n<meta name=\"twitter:label1\" content=\"Tempo estimado de leitura\" \/>\n\t<meta name=\"twitter:data1\" content=\"1 minuto\" \/>\n<script type=\"application\/ld+json\" class=\"yoast-schema-graph\">{\"@context\":\"https:\\\/\\\/schema.org\",\"@graph\":[{\"@type\":\"WebPage\",\"@id\":\"https:\\\/\\\/elmejorjamon.es\\\/pt\\\/producto\\\/quiejo-de-bola-edam-chapeu-alto-semi-curado-1800-kg\\\/\",\"url\":\"https:\\\/\\\/elmejorjamon.es\\\/pt\\\/producto\\\/quiejo-de-bola-edam-chapeu-alto-semi-curado-1800-kg\\\/\",\"name\":\"Queijo de bola Edam Chap\u00e9u alto semi-curado 1,600 kg. - El Mejor Jam\u00f3n\",\"isPartOf\":{\"@id\":\"https:\\\/\\\/elmejorjamon.es\\\/#website\"},\"primaryImageOfPage\":{\"@id\":\"https:\\\/\\\/elmejorjamon.es\\\/pt\\\/producto\\\/quiejo-de-bola-edam-chapeu-alto-semi-curado-1800-kg\\\/#primaryimage\"},\"image\":{\"@id\":\"https:\\\/\\\/elmejorjamon.es\\\/pt\\\/producto\\\/quiejo-de-bola-edam-chapeu-alto-semi-curado-1800-kg\\\/#primaryimage\"},\"thumbnailUrl\":\"https:\\\/\\\/elmejorjamon.es\\\/wp-content\\\/uploads\\\/2011\\\/01\\\/1236-thickbox_default-Queso-bola-edam-Semicurado-Sombrero-de-copa-1800-kg.jpg\",\"datePublished\":\"2011-01-28T06:51:57+00:00\",\"dateModified\":\"2025-01-13T07:59:12+00:00\",\"breadcrumb\":{\"@id\":\"https:\\\/\\\/elmejorjamon.es\\\/pt\\\/producto\\\/quiejo-de-bola-edam-chapeu-alto-semi-curado-1800-kg\\\/#breadcrumb\"},\"inLanguage\":\"pt-PT\",\"potentialAction\":[{\"@type\":\"ReadAction\",\"target\":[\"https:\\\/\\\/elmejorjamon.es\\\/pt\\\/producto\\\/quiejo-de-bola-edam-chapeu-alto-semi-curado-1800-kg\\\/\"]}]},{\"@type\":\"ImageObject\",\"inLanguage\":\"pt-PT\",\"@id\":\"https:\\\/\\\/elmejorjamon.es\\\/pt\\\/producto\\\/quiejo-de-bola-edam-chapeu-alto-semi-curado-1800-kg\\\/#primaryimage\",\"url\":\"https:\\\/\\\/elmejorjamon.es\\\/wp-content\\\/uploads\\\/2011\\\/01\\\/1236-thickbox_default-Queso-bola-edam-Semicurado-Sombrero-de-copa-1800-kg.jpg\",\"contentUrl\":\"https:\\\/\\\/elmejorjamon.es\\\/wp-content\\\/uploads\\\/2011\\\/01\\\/1236-thickbox_default-Queso-bola-edam-Semicurado-Sombrero-de-copa-1800-kg.jpg\",\"width\":1100,\"height\":1422,\"caption\":\"Queso bola edam Semicurado Sombrero de copa 1,800 kg.\"},{\"@type\":\"BreadcrumbList\",\"@id\":\"https:\\\/\\\/elmejorjamon.es\\\/pt\\\/producto\\\/quiejo-de-bola-edam-chapeu-alto-semi-curado-1800-kg\\\/#breadcrumb\",\"itemListElement\":[{\"@type\":\"ListItem\",\"position\":1,\"name\":\"Portada\",\"item\":\"https:\\\/\\\/elmejorjamon.es\\\/pt\\\/\"},{\"@type\":\"ListItem\",\"position\":2,\"name\":\"In\u00edcio r\u00e1pido\",\"item\":\"https:\\\/\\\/elmejorjamon.es\\\/pt\\\/\"},{\"@type\":\"ListItem\",\"position\":3,\"name\":\"Queijo de bola Edam Chap\u00e9u alto semi-curado 1,600 kg.\"}]},{\"@type\":\"WebSite\",\"@id\":\"https:\\\/\\\/elmejorjamon.es\\\/#website\",\"url\":\"https:\\\/\\\/elmejorjamon.es\\\/\",\"name\":\"El Mejor Jam\u00f3n\",\"description\":\"Comprar jamones y embutidos a buen precio\",\"publisher\":{\"@id\":\"https:\\\/\\\/elmejorjamon.es\\\/#organization\"},\"potentialAction\":[{\"@type\":\"SearchAction\",\"target\":{\"@type\":\"EntryPoint\",\"urlTemplate\":\"https:\\\/\\\/elmejorjamon.es\\\/?s={search_term_string}\"},\"query-input\":{\"@type\":\"PropertyValueSpecification\",\"valueRequired\":true,\"valueName\":\"search_term_string\"}}],\"inLanguage\":\"pt-PT\"},{\"@type\":\"Organization\",\"@id\":\"https:\\\/\\\/elmejorjamon.es\\\/#organization\",\"name\":\"El Mejor Jam\u00f3n\",\"url\":\"https:\\\/\\\/elmejorjamon.es\\\/\",\"logo\":{\"@type\":\"ImageObject\",\"inLanguage\":\"pt-PT\",\"@id\":\"https:\\\/\\\/elmejorjamon.es\\\/#\\\/schema\\\/logo\\\/image\\\/\",\"url\":\"https:\\\/\\\/elmejorjamon.es\\\/wp-content\\\/uploads\\\/2025\\\/01\\\/logocorreos.png\",\"contentUrl\":\"https:\\\/\\\/elmejorjamon.es\\\/wp-content\\\/uploads\\\/2025\\\/01\\\/logocorreos.png\",\"width\":277,\"height\":200,\"caption\":\"El Mejor Jam\u00f3n\"},\"image\":{\"@id\":\"https:\\\/\\\/elmejorjamon.es\\\/#\\\/schema\\\/logo\\\/image\\\/\"},\"sameAs\":[\"https:\\\/\\\/www.facebook.com\\\/elmejorjamonweb\",\"https:\\\/\\\/x.com\\\/elmejorjamonweb\",\"https:\\\/\\\/www.instagram.com\\\/elmejorjamonweb\\\/\"]}]}<\/script>\n<!-- \/ Yoast SEO plugin. -->","yoast_head_json":{"title":"Queijo de bola Edam Chap\u00e9u alto semi-curado 1,600 kg. - El Mejor Jam\u00f3n","robots":{"index":"index","follow":"follow","max-snippet":"max-snippet:-1","max-image-preview":"max-image-preview:large","max-video-preview":"max-video-preview:-1"},"canonical":"https:\/\/elmejorjamon.es\/pt\/producto\/quiejo-de-bola-edam-chapeu-alto-semi-curado-1800-kg\/","og_locale":"pt_PT","og_type":"article","og_title":"Queijo de bola Edam Chap\u00e9u alto semi-curado 1,600 kg. - El Mejor Jam\u00f3n","og_description":"Queijo de bola Edam Chap\u00e9u alto semi-curado 1,600 kg.","og_url":"https:\/\/elmejorjamon.es\/pt\/producto\/quiejo-de-bola-edam-chapeu-alto-semi-curado-1800-kg\/","og_site_name":"El Mejor Jam\u00f3n","article_publisher":"https:\/\/www.facebook.com\/elmejorjamonweb","article_modified_time":"2025-01-13T07:59:12+00:00","og_image":[{"width":1100,"height":1422,"url":"https:\/\/elmejorjamon.es\/wp-content\/uploads\/2011\/01\/1236-thickbox_default-Queso-bola-edam-Semicurado-Sombrero-de-copa-1800-kg.jpg","type":"image\/jpeg"}],"twitter_card":"summary_large_image","twitter_site":"@elmejorjamonweb","twitter_misc":{"Tempo estimado de leitura":"1 minuto"},"schema":{"@context":"https:\/\/schema.org","@graph":[{"@type":"WebPage","@id":"https:\/\/elmejorjamon.es\/pt\/producto\/quiejo-de-bola-edam-chapeu-alto-semi-curado-1800-kg\/","url":"https:\/\/elmejorjamon.es\/pt\/producto\/quiejo-de-bola-edam-chapeu-alto-semi-curado-1800-kg\/","name":"Queijo de bola Edam Chap\u00e9u alto semi-curado 1,600 kg. - El Mejor Jam\u00f3n","isPartOf":{"@id":"https:\/\/elmejorjamon.es\/#website"},"primaryImageOfPage":{"@id":"https:\/\/elmejorjamon.es\/pt\/producto\/quiejo-de-bola-edam-chapeu-alto-semi-curado-1800-kg\/#primaryimage"},"image":{"@id":"https:\/\/elmejorjamon.es\/pt\/producto\/quiejo-de-bola-edam-chapeu-alto-semi-curado-1800-kg\/#primaryimage"},"thumbnailUrl":"https:\/\/elmejorjamon.es\/wp-content\/uploads\/2011\/01\/1236-thickbox_default-Queso-bola-edam-Semicurado-Sombrero-de-copa-1800-kg.jpg","datePublished":"2011-01-28T06:51:57+00:00","dateModified":"2025-01-13T07:59:12+00:00","breadcrumb":{"@id":"https:\/\/elmejorjamon.es\/pt\/producto\/quiejo-de-bola-edam-chapeu-alto-semi-curado-1800-kg\/#breadcrumb"},"inLanguage":"pt-PT","potentialAction":[{"@type":"ReadAction","target":["https:\/\/elmejorjamon.es\/pt\/producto\/quiejo-de-bola-edam-chapeu-alto-semi-curado-1800-kg\/"]}]},{"@type":"ImageObject","inLanguage":"pt-PT","@id":"https:\/\/elmejorjamon.es\/pt\/producto\/quiejo-de-bola-edam-chapeu-alto-semi-curado-1800-kg\/#primaryimage","url":"https:\/\/elmejorjamon.es\/wp-content\/uploads\/2011\/01\/1236-thickbox_default-Queso-bola-edam-Semicurado-Sombrero-de-copa-1800-kg.jpg","contentUrl":"https:\/\/elmejorjamon.es\/wp-content\/uploads\/2011\/01\/1236-thickbox_default-Queso-bola-edam-Semicurado-Sombrero-de-copa-1800-kg.jpg","width":1100,"height":1422,"caption":"Queso bola edam Semicurado Sombrero de copa 1,800 kg."},{"@type":"BreadcrumbList","@id":"https:\/\/elmejorjamon.es\/pt\/producto\/quiejo-de-bola-edam-chapeu-alto-semi-curado-1800-kg\/#breadcrumb","itemListElement":[{"@type":"ListItem","position":1,"name":"Portada","item":"https:\/\/elmejorjamon.es\/pt\/"},{"@type":"ListItem","position":2,"name":"In\u00edcio r\u00e1pido","item":"https:\/\/elmejorjamon.es\/pt\/"},{"@type":"ListItem","position":3,"name":"Queijo de bola Edam Chap\u00e9u alto semi-curado 1,600 kg."}]},{"@type":"WebSite","@id":"https:\/\/elmejorjamon.es\/#website","url":"https:\/\/elmejorjamon.es\/","name":"El Mejor Jam\u00f3n","description":"Comprar jamones y embutidos a buen precio","publisher":{"@id":"https:\/\/elmejorjamon.es\/#organization"},"potentialAction":[{"@type":"SearchAction","target":{"@type":"EntryPoint","urlTemplate":"https:\/\/elmejorjamon.es\/?s={search_term_string}"},"query-input":{"@type":"PropertyValueSpecification","valueRequired":true,"valueName":"search_term_string"}}],"inLanguage":"pt-PT"},{"@type":"Organization","@id":"https:\/\/elmejorjamon.es\/#organization","name":"El Mejor Jam\u00f3n","url":"https:\/\/elmejorjamon.es\/","logo":{"@type":"ImageObject","inLanguage":"pt-PT","@id":"https:\/\/elmejorjamon.es\/#\/schema\/logo\/image\/","url":"https:\/\/elmejorjamon.es\/wp-content\/uploads\/2025\/01\/logocorreos.png","contentUrl":"https:\/\/elmejorjamon.es\/wp-content\/uploads\/2025\/01\/logocorreos.png","width":277,"height":200,"caption":"El Mejor Jam\u00f3n"},"image":{"@id":"https:\/\/elmejorjamon.es\/#\/schema\/logo\/image\/"},"sameAs":["https:\/\/www.facebook.com\/elmejorjamonweb","https:\/\/x.com\/elmejorjamonweb","https:\/\/www.instagram.com\/elmejorjamonweb\/"]}]}},"_links":{"self":[{"href":"https:\/\/elmejorjamon.es\/pt\/wp-json\/wp\/v2\/product\/1530","targetHints":{"allow":["GET"]}}],"collection":[{"href":"https:\/\/elmejorjamon.es\/pt\/wp-json\/wp\/v2\/product"}],"about":[{"href":"https:\/\/elmejorjamon.es\/pt\/wp-json\/wp\/v2\/types\/product"}],"replies":[{"embeddable":true,"href":"https:\/\/elmejorjamon.es\/pt\/wp-json\/wp\/v2\/comments?post=1530"}],"wp:featuredmedia":[{"embeddable":true,"href":"https:\/\/elmejorjamon.es\/pt\/wp-json\/wp\/v2\/media\/1507"}],"wp:attachment":[{"href":"https:\/\/elmejorjamon.es\/pt\/wp-json\/wp\/v2\/media?parent=1530"}],"wp:term":[{"taxonomy":"product_brand","embeddable":true,"href":"https:\/\/elmejorjamon.es\/pt\/wp-json\/wp\/v2\/product_brand?post=1530"},{"taxonomy":"product_cat","embeddable":true,"href":"https:\/\/elmejorjamon.es\/pt\/wp-json\/wp\/v2\/product_cat?post=1530"},{"taxonomy":"product_tag","embeddable":true,"href":"https:\/\/elmejorjamon.es\/pt\/wp-json\/wp\/v2\/product_tag?post=1530"}],"curies":[{"name":"wp","href":"https:\/\/api.w.org\/{rel}","templated":true}]}}