{"id":14851,"date":"2020-12-23T12:10:24","date_gmt":"2020-12-23T11:10:24","guid":{"rendered":"https:\/\/nueva.elmejorjamon.es\/producto\/presunto-iberico-de-monteparra-50-de-galinhas-criadas-ao-ar-livre\/"},"modified":"2020-12-23T12:10:24","modified_gmt":"2020-12-23T11:10:24","slug":"presunto-iberico-de-monteparra-50-de-galinhas-criadas-ao-ar-livre","status":"publish","type":"product","link":"https:\/\/elmejorjamon.es\/pt\/producto\/presunto-iberico-de-monteparra-50-de-galinhas-criadas-ao-ar-livre\/","title":{"rendered":"Presunto ib\u00e9rico de Monteparra 50% de galinhas criadas ao ar livre"},"content":{"rendered":"<p style=\"margin-top:0px;margin-bottom:0.8rem;color:#777777;font-family:Karla, sans-serif;font-size:14px;background-color:#ffffff;\">Porcos criados ao ar livre alimentados com ra\u00e7\u00e3o de alta qualidade e tamb\u00e9m alimentados com pasto e algumas bolotas na \u00e9poca, perna muito fina e gordura marmorizada, presunto muito suculento e doce.<\/p>\n<p style=\"margin-top:0px;margin-bottom:0px;color:#777777;font-family:Karla, sans-serif;font-size:14px;background-color:#ffffff;\">Curado h\u00e1 mais de 36 meses.<\/p>\n<p style=\"margin-top:0px;margin-bottom:0px;color:#777777;font-family:Karla, sans-serif;font-size:14px;background-color:#ffffff;\">\n<p style=\"margin-top:0px;margin-bottom:0px;color:#777777;font-family:Karla, sans-serif;font-size:14px;background-color:#ffffff;\"><span style=\"color:#777777;font-family:Karla, sans-serif;\"><span style=\"font-size:14px;\">Criado em sistema extensivo. Os porcos neste sistema s\u00e3o integrados no meio natural, permanecendo livres em todas as fases da sua vida. <\/span><\/span><\/p>\n","protected":false},"excerpt":{"rendered":"<p>Presunto ib\u00e9rico de Monteparra 50% de galinhas criadas ao ar livre<\/p>\n","protected":false},"featured_media":6096,"comment_status":"open","ping_status":"closed","template":"","meta":{"_et_pb_use_builder":"","_et_pb_old_content":"","_et_gb_content_width":"","_sitemap_exclude":false,"_sitemap_priority":"","_sitemap_frequency":""},"product_brand":[],"product_cat":[795,844,834],"product_tag":[],"class_list":{"0":"post-14851","1":"product","2":"type-product","3":"status-publish","4":"has-post-thumbnail","6":"product_cat-comecar","7":"product_cat-presuntos-ibericos-pt-pt","8":"product_cat-todos-os-produtos-pt-pt","9":"product_shipping_class-normal-pt","10":"pa_opciones-desossado-e-embalado-no-vacuo-59-e-59-e","11":"pa_opciones-faca-cortada-e-embalada-em-saquetas-60-e-60-e","12":"pa_opciones-peca-inteira","13":"pa_peso-75-8-kg","14":"pa_peso-85-9-kg","15":"pa_peso-aprox-85-kg-pt","17":"first","18":"instock","19":"shipping-taxable","20":"purchasable","21":"product-type-variable","22":"has-default-attributes"},"yoast_head":"<!-- This site is optimized with the Yoast SEO plugin v27.4 - https:\/\/yoast.com\/product\/yoast-seo-wordpress\/ -->\n<title>Presunto ib\u00e9rico de Monteparra 50% de galinhas criadas ao ar livre - El Mejor Jam\u00f3n<\/title>\n<meta name=\"robots\" content=\"index, follow, max-snippet:-1, max-image-preview:large, max-video-preview:-1\" \/>\n<link rel=\"canonical\" href=\"https:\/\/elmejorjamon.es\/pt\/producto\/presunto-iberico-de-monteparra-50-de-galinhas-criadas-ao-ar-livre\/\" \/>\n<meta property=\"og:locale\" content=\"pt_PT\" \/>\n<meta property=\"og:type\" content=\"article\" \/>\n<meta property=\"og:title\" content=\"Presunto ib\u00e9rico de Monteparra 50% de galinhas criadas ao ar livre - El Mejor Jam\u00f3n\" \/>\n<meta property=\"og:description\" content=\"Presunto ib\u00e9rico de Monteparra 50% de galinhas criadas ao ar livre\" \/>\n<meta property=\"og:url\" content=\"https:\/\/elmejorjamon.es\/pt\/producto\/presunto-iberico-de-monteparra-50-de-galinhas-criadas-ao-ar-livre\/\" \/>\n<meta property=\"og:site_name\" content=\"El Mejor Jam\u00f3n\" \/>\n<meta property=\"article:publisher\" content=\"https:\/\/www.facebook.com\/elmejorjamonweb\" \/>\n<meta property=\"og:image\" content=\"https:\/\/elmejorjamon.es\/wp-content\/uploads\/2020\/12\/1818-thickbox_default-Jamon-de-cebo-de-campo-50berico-Monteparra.jpg\" \/>\n\t<meta property=\"og:image:width\" content=\"1100\" \/>\n\t<meta property=\"og:image:height\" content=\"1422\" \/>\n\t<meta property=\"og:image:type\" content=\"image\/jpeg\" \/>\n<meta name=\"twitter:card\" content=\"summary_large_image\" \/>\n<meta name=\"twitter:site\" content=\"@elmejorjamonweb\" \/>\n<script type=\"application\/ld+json\" class=\"yoast-schema-graph\">{\"@context\":\"https:\\\/\\\/schema.org\",\"@graph\":[{\"@type\":\"WebPage\",\"@id\":\"https:\\\/\\\/elmejorjamon.es\\\/pt\\\/producto\\\/presunto-iberico-de-monteparra-50-de-galinhas-criadas-ao-ar-livre\\\/\",\"url\":\"https:\\\/\\\/elmejorjamon.es\\\/pt\\\/producto\\\/presunto-iberico-de-monteparra-50-de-galinhas-criadas-ao-ar-livre\\\/\",\"name\":\"Presunto ib\u00e9rico de Monteparra 50% de galinhas criadas ao ar livre - El Mejor Jam\u00f3n\",\"isPartOf\":{\"@id\":\"https:\\\/\\\/elmejorjamon.es\\\/#website\"},\"primaryImageOfPage\":{\"@id\":\"https:\\\/\\\/elmejorjamon.es\\\/pt\\\/producto\\\/presunto-iberico-de-monteparra-50-de-galinhas-criadas-ao-ar-livre\\\/#primaryimage\"},\"image\":{\"@id\":\"https:\\\/\\\/elmejorjamon.es\\\/pt\\\/producto\\\/presunto-iberico-de-monteparra-50-de-galinhas-criadas-ao-ar-livre\\\/#primaryimage\"},\"thumbnailUrl\":\"https:\\\/\\\/elmejorjamon.es\\\/wp-content\\\/uploads\\\/2020\\\/12\\\/1818-thickbox_default-Jamon-de-cebo-de-campo-50berico-Monteparra.jpg\",\"datePublished\":\"2020-12-23T11:10:24+00:00\",\"breadcrumb\":{\"@id\":\"https:\\\/\\\/elmejorjamon.es\\\/pt\\\/producto\\\/presunto-iberico-de-monteparra-50-de-galinhas-criadas-ao-ar-livre\\\/#breadcrumb\"},\"inLanguage\":\"pt-PT\",\"potentialAction\":[{\"@type\":\"ReadAction\",\"target\":[\"https:\\\/\\\/elmejorjamon.es\\\/pt\\\/producto\\\/presunto-iberico-de-monteparra-50-de-galinhas-criadas-ao-ar-livre\\\/\"]}]},{\"@type\":\"ImageObject\",\"inLanguage\":\"pt-PT\",\"@id\":\"https:\\\/\\\/elmejorjamon.es\\\/pt\\\/producto\\\/presunto-iberico-de-monteparra-50-de-galinhas-criadas-ao-ar-livre\\\/#primaryimage\",\"url\":\"https:\\\/\\\/elmejorjamon.es\\\/wp-content\\\/uploads\\\/2020\\\/12\\\/1818-thickbox_default-Jamon-de-cebo-de-campo-50berico-Monteparra.jpg\",\"contentUrl\":\"https:\\\/\\\/elmejorjamon.es\\\/wp-content\\\/uploads\\\/2020\\\/12\\\/1818-thickbox_default-Jamon-de-cebo-de-campo-50berico-Monteparra.jpg\",\"width\":1100,\"height\":1422,\"caption\":\"Presunto ib\u00e9rico de Monteparra 50% de galinhas criadas ao ar livre\"},{\"@type\":\"BreadcrumbList\",\"@id\":\"https:\\\/\\\/elmejorjamon.es\\\/pt\\\/producto\\\/presunto-iberico-de-monteparra-50-de-galinhas-criadas-ao-ar-livre\\\/#breadcrumb\",\"itemListElement\":[{\"@type\":\"ListItem\",\"position\":1,\"name\":\"Portada\",\"item\":\"https:\\\/\\\/elmejorjamon.es\\\/pt\\\/\"},{\"@type\":\"ListItem\",\"position\":2,\"name\":\"In\u00edcio r\u00e1pido\",\"item\":\"https:\\\/\\\/elmejorjamon.es\\\/pt\\\/\"},{\"@type\":\"ListItem\",\"position\":3,\"name\":\"Presunto ib\u00e9rico de Monteparra 50% de galinhas criadas ao ar livre\"}]},{\"@type\":\"WebSite\",\"@id\":\"https:\\\/\\\/elmejorjamon.es\\\/#website\",\"url\":\"https:\\\/\\\/elmejorjamon.es\\\/\",\"name\":\"El Mejor Jam\u00f3n\",\"description\":\"Comprar jamones y embutidos a buen precio\",\"publisher\":{\"@id\":\"https:\\\/\\\/elmejorjamon.es\\\/#organization\"},\"potentialAction\":[{\"@type\":\"SearchAction\",\"target\":{\"@type\":\"EntryPoint\",\"urlTemplate\":\"https:\\\/\\\/elmejorjamon.es\\\/?s={search_term_string}\"},\"query-input\":{\"@type\":\"PropertyValueSpecification\",\"valueRequired\":true,\"valueName\":\"search_term_string\"}}],\"inLanguage\":\"pt-PT\"},{\"@type\":\"Organization\",\"@id\":\"https:\\\/\\\/elmejorjamon.es\\\/#organization\",\"name\":\"El Mejor Jam\u00f3n\",\"url\":\"https:\\\/\\\/elmejorjamon.es\\\/\",\"logo\":{\"@type\":\"ImageObject\",\"inLanguage\":\"pt-PT\",\"@id\":\"https:\\\/\\\/elmejorjamon.es\\\/#\\\/schema\\\/logo\\\/image\\\/\",\"url\":\"https:\\\/\\\/elmejorjamon.es\\\/wp-content\\\/uploads\\\/2025\\\/01\\\/logocorreos.png\",\"contentUrl\":\"https:\\\/\\\/elmejorjamon.es\\\/wp-content\\\/uploads\\\/2025\\\/01\\\/logocorreos.png\",\"width\":277,\"height\":200,\"caption\":\"El Mejor Jam\u00f3n\"},\"image\":{\"@id\":\"https:\\\/\\\/elmejorjamon.es\\\/#\\\/schema\\\/logo\\\/image\\\/\"},\"sameAs\":[\"https:\\\/\\\/www.facebook.com\\\/elmejorjamonweb\",\"https:\\\/\\\/x.com\\\/elmejorjamonweb\",\"https:\\\/\\\/www.instagram.com\\\/elmejorjamonweb\\\/\"]}]}<\/script>\n<!-- \/ Yoast SEO plugin. -->","yoast_head_json":{"title":"Presunto ib\u00e9rico de Monteparra 50% de galinhas criadas ao ar livre - El Mejor Jam\u00f3n","robots":{"index":"index","follow":"follow","max-snippet":"max-snippet:-1","max-image-preview":"max-image-preview:large","max-video-preview":"max-video-preview:-1"},"canonical":"https:\/\/elmejorjamon.es\/pt\/producto\/presunto-iberico-de-monteparra-50-de-galinhas-criadas-ao-ar-livre\/","og_locale":"pt_PT","og_type":"article","og_title":"Presunto ib\u00e9rico de Monteparra 50% de galinhas criadas ao ar livre - El Mejor Jam\u00f3n","og_description":"Presunto ib\u00e9rico de Monteparra 50% de galinhas criadas ao ar livre","og_url":"https:\/\/elmejorjamon.es\/pt\/producto\/presunto-iberico-de-monteparra-50-de-galinhas-criadas-ao-ar-livre\/","og_site_name":"El Mejor Jam\u00f3n","article_publisher":"https:\/\/www.facebook.com\/elmejorjamonweb","og_image":[{"width":1100,"height":1422,"url":"https:\/\/elmejorjamon.es\/wp-content\/uploads\/2020\/12\/1818-thickbox_default-Jamon-de-cebo-de-campo-50berico-Monteparra.jpg","type":"image\/jpeg"}],"twitter_card":"summary_large_image","twitter_site":"@elmejorjamonweb","schema":{"@context":"https:\/\/schema.org","@graph":[{"@type":"WebPage","@id":"https:\/\/elmejorjamon.es\/pt\/producto\/presunto-iberico-de-monteparra-50-de-galinhas-criadas-ao-ar-livre\/","url":"https:\/\/elmejorjamon.es\/pt\/producto\/presunto-iberico-de-monteparra-50-de-galinhas-criadas-ao-ar-livre\/","name":"Presunto ib\u00e9rico de Monteparra 50% de galinhas criadas ao ar livre - El Mejor Jam\u00f3n","isPartOf":{"@id":"https:\/\/elmejorjamon.es\/#website"},"primaryImageOfPage":{"@id":"https:\/\/elmejorjamon.es\/pt\/producto\/presunto-iberico-de-monteparra-50-de-galinhas-criadas-ao-ar-livre\/#primaryimage"},"image":{"@id":"https:\/\/elmejorjamon.es\/pt\/producto\/presunto-iberico-de-monteparra-50-de-galinhas-criadas-ao-ar-livre\/#primaryimage"},"thumbnailUrl":"https:\/\/elmejorjamon.es\/wp-content\/uploads\/2020\/12\/1818-thickbox_default-Jamon-de-cebo-de-campo-50berico-Monteparra.jpg","datePublished":"2020-12-23T11:10:24+00:00","breadcrumb":{"@id":"https:\/\/elmejorjamon.es\/pt\/producto\/presunto-iberico-de-monteparra-50-de-galinhas-criadas-ao-ar-livre\/#breadcrumb"},"inLanguage":"pt-PT","potentialAction":[{"@type":"ReadAction","target":["https:\/\/elmejorjamon.es\/pt\/producto\/presunto-iberico-de-monteparra-50-de-galinhas-criadas-ao-ar-livre\/"]}]},{"@type":"ImageObject","inLanguage":"pt-PT","@id":"https:\/\/elmejorjamon.es\/pt\/producto\/presunto-iberico-de-monteparra-50-de-galinhas-criadas-ao-ar-livre\/#primaryimage","url":"https:\/\/elmejorjamon.es\/wp-content\/uploads\/2020\/12\/1818-thickbox_default-Jamon-de-cebo-de-campo-50berico-Monteparra.jpg","contentUrl":"https:\/\/elmejorjamon.es\/wp-content\/uploads\/2020\/12\/1818-thickbox_default-Jamon-de-cebo-de-campo-50berico-Monteparra.jpg","width":1100,"height":1422,"caption":"Presunto ib\u00e9rico de Monteparra 50% de galinhas criadas ao ar livre"},{"@type":"BreadcrumbList","@id":"https:\/\/elmejorjamon.es\/pt\/producto\/presunto-iberico-de-monteparra-50-de-galinhas-criadas-ao-ar-livre\/#breadcrumb","itemListElement":[{"@type":"ListItem","position":1,"name":"Portada","item":"https:\/\/elmejorjamon.es\/pt\/"},{"@type":"ListItem","position":2,"name":"In\u00edcio r\u00e1pido","item":"https:\/\/elmejorjamon.es\/pt\/"},{"@type":"ListItem","position":3,"name":"Presunto ib\u00e9rico de Monteparra 50% de galinhas criadas ao ar livre"}]},{"@type":"WebSite","@id":"https:\/\/elmejorjamon.es\/#website","url":"https:\/\/elmejorjamon.es\/","name":"El Mejor Jam\u00f3n","description":"Comprar jamones y embutidos a buen precio","publisher":{"@id":"https:\/\/elmejorjamon.es\/#organization"},"potentialAction":[{"@type":"SearchAction","target":{"@type":"EntryPoint","urlTemplate":"https:\/\/elmejorjamon.es\/?s={search_term_string}"},"query-input":{"@type":"PropertyValueSpecification","valueRequired":true,"valueName":"search_term_string"}}],"inLanguage":"pt-PT"},{"@type":"Organization","@id":"https:\/\/elmejorjamon.es\/#organization","name":"El Mejor Jam\u00f3n","url":"https:\/\/elmejorjamon.es\/","logo":{"@type":"ImageObject","inLanguage":"pt-PT","@id":"https:\/\/elmejorjamon.es\/#\/schema\/logo\/image\/","url":"https:\/\/elmejorjamon.es\/wp-content\/uploads\/2025\/01\/logocorreos.png","contentUrl":"https:\/\/elmejorjamon.es\/wp-content\/uploads\/2025\/01\/logocorreos.png","width":277,"height":200,"caption":"El Mejor Jam\u00f3n"},"image":{"@id":"https:\/\/elmejorjamon.es\/#\/schema\/logo\/image\/"},"sameAs":["https:\/\/www.facebook.com\/elmejorjamonweb","https:\/\/x.com\/elmejorjamonweb","https:\/\/www.instagram.com\/elmejorjamonweb\/"]}]}},"_links":{"self":[{"href":"https:\/\/elmejorjamon.es\/pt\/wp-json\/wp\/v2\/product\/14851","targetHints":{"allow":["GET"]}}],"collection":[{"href":"https:\/\/elmejorjamon.es\/pt\/wp-json\/wp\/v2\/product"}],"about":[{"href":"https:\/\/elmejorjamon.es\/pt\/wp-json\/wp\/v2\/types\/product"}],"replies":[{"embeddable":true,"href":"https:\/\/elmejorjamon.es\/pt\/wp-json\/wp\/v2\/comments?post=14851"}],"wp:featuredmedia":[{"embeddable":true,"href":"https:\/\/elmejorjamon.es\/pt\/wp-json\/wp\/v2\/media\/6096"}],"wp:attachment":[{"href":"https:\/\/elmejorjamon.es\/pt\/wp-json\/wp\/v2\/media?parent=14851"}],"wp:term":[{"taxonomy":"product_brand","embeddable":true,"href":"https:\/\/elmejorjamon.es\/pt\/wp-json\/wp\/v2\/product_brand?post=14851"},{"taxonomy":"product_cat","embeddable":true,"href":"https:\/\/elmejorjamon.es\/pt\/wp-json\/wp\/v2\/product_cat?post=14851"},{"taxonomy":"product_tag","embeddable":true,"href":"https:\/\/elmejorjamon.es\/pt\/wp-json\/wp\/v2\/product_tag?post=14851"}],"curies":[{"name":"wp","href":"https:\/\/api.w.org\/{rel}","templated":true}]}}