{"id":14809,"date":"2023-11-14T10:58:38","date_gmt":"2023-11-14T09:58:38","guid":{"rendered":"https:\/\/nueva.elmejorjamon.es\/producto\/champanhe-laurent-perrier-la-cuvee-brut-75-cl\/"},"modified":"2023-11-14T10:58:38","modified_gmt":"2023-11-14T09:58:38","slug":"champanhe-laurent-perrier-la-cuvee-brut-75-cl","status":"publish","type":"product","link":"https:\/\/elmejorjamon.es\/pt\/producto\/champanhe-laurent-perrier-la-cuvee-brut-75-cl\/","title":{"rendered":"Champanhe Laurent-Perrier La Cuv\u00e9e Brut 75 cl."},"content":{"rendered":"<p>Variedade de uva: 50% Chardonnay, 35% Pinot Noir, 15% Meunier.<\/p>\n<\/p>\n<p>Teor alco\u00f3lico: 12\u00ba.<\/p>\n<\/p>\n<p>Este vinho fresco e puro \u00e9 ideal como aperitivo ou para acompanhar as melhores aves e peixes.<\/p>\n","protected":false},"excerpt":{"rendered":"<p>Champanhe Laurent-Perrier La Cuv\u00e9e Brut 75 cl.<\/p>\n","protected":false},"featured_media":9540,"comment_status":"open","ping_status":"closed","template":"","meta":{"_et_pb_use_builder":"","_et_pb_old_content":"","_et_gb_content_width":"","_sitemap_exclude":false,"_sitemap_priority":"","_sitemap_frequency":""},"product_brand":[],"product_cat":[816,818,795,834],"product_tag":[],"class_list":{"0":"post-14809","1":"product","2":"type-product","3":"status-publish","4":"has-post-thumbnail","6":"product_cat-bebidas-pt-pt","7":"product_cat-champagne-pt-pt","8":"product_cat-comecar","9":"product_cat-todos-os-produtos-pt-pt","10":"product_shipping_class-normal-pt","12":"first","13":"instock","14":"shipping-taxable","15":"purchasable","16":"product-type-simple"},"yoast_head":"<!-- This site is optimized with the Yoast SEO plugin v27.2 - https:\/\/yoast.com\/product\/yoast-seo-wordpress\/ -->\n<title>Champanhe Laurent-Perrier La Cuv\u00e9e Brut 75 cl. - El Mejor Jam\u00f3n<\/title>\n<meta name=\"robots\" content=\"index, follow, max-snippet:-1, max-image-preview:large, max-video-preview:-1\" \/>\n<link rel=\"canonical\" href=\"https:\/\/elmejorjamon.es\/pt\/producto\/champanhe-laurent-perrier-la-cuvee-brut-75-cl\/\" \/>\n<meta property=\"og:locale\" content=\"pt_PT\" \/>\n<meta property=\"og:type\" content=\"article\" \/>\n<meta property=\"og:title\" content=\"Champanhe Laurent-Perrier La Cuv\u00e9e Brut 75 cl. - El Mejor Jam\u00f3n\" \/>\n<meta property=\"og:description\" content=\"Champanhe Laurent-Perrier La Cuv\u00e9e Brut 75 cl.\" \/>\n<meta property=\"og:url\" content=\"https:\/\/elmejorjamon.es\/pt\/producto\/champanhe-laurent-perrier-la-cuvee-brut-75-cl\/\" \/>\n<meta property=\"og:site_name\" content=\"El Mejor Jam\u00f3n\" \/>\n<meta property=\"article:publisher\" content=\"https:\/\/www.facebook.com\/elmejorjamonweb\" \/>\n<meta property=\"og:image\" content=\"https:\/\/elmejorjamon.es\/wp-content\/uploads\/2023\/11\/2531-thickbox_default-Champagne-Laurent-Perrier-La-Cuvee-Brut-75-cl.jpg\" \/>\n\t<meta property=\"og:image:width\" content=\"1100\" \/>\n\t<meta property=\"og:image:height\" content=\"1422\" \/>\n\t<meta property=\"og:image:type\" content=\"image\/jpeg\" \/>\n<meta name=\"twitter:card\" content=\"summary_large_image\" \/>\n<meta name=\"twitter:site\" content=\"@elmejorjamonweb\" \/>\n<script type=\"application\/ld+json\" class=\"yoast-schema-graph\">{\"@context\":\"https:\/\/schema.org\",\"@graph\":[{\"@type\":\"WebPage\",\"@id\":\"https:\/\/elmejorjamon.es\/pt\/producto\/champanhe-laurent-perrier-la-cuvee-brut-75-cl\/\",\"url\":\"https:\/\/elmejorjamon.es\/pt\/producto\/champanhe-laurent-perrier-la-cuvee-brut-75-cl\/\",\"name\":\"Champanhe Laurent-Perrier La Cuv\u00e9e Brut 75 cl. - El Mejor Jam\u00f3n\",\"isPartOf\":{\"@id\":\"https:\/\/elmejorjamon.es\/#website\"},\"primaryImageOfPage\":{\"@id\":\"https:\/\/elmejorjamon.es\/pt\/producto\/champanhe-laurent-perrier-la-cuvee-brut-75-cl\/#primaryimage\"},\"image\":{\"@id\":\"https:\/\/elmejorjamon.es\/pt\/producto\/champanhe-laurent-perrier-la-cuvee-brut-75-cl\/#primaryimage\"},\"thumbnailUrl\":\"https:\/\/elmejorjamon.es\/wp-content\/uploads\/2023\/11\/2531-thickbox_default-Champagne-Laurent-Perrier-La-Cuvee-Brut-75-cl.jpg\",\"datePublished\":\"2023-11-14T09:58:38+00:00\",\"breadcrumb\":{\"@id\":\"https:\/\/elmejorjamon.es\/pt\/producto\/champanhe-laurent-perrier-la-cuvee-brut-75-cl\/#breadcrumb\"},\"inLanguage\":\"pt-PT\",\"potentialAction\":[{\"@type\":\"ReadAction\",\"target\":[\"https:\/\/elmejorjamon.es\/pt\/producto\/champanhe-laurent-perrier-la-cuvee-brut-75-cl\/\"]}]},{\"@type\":\"ImageObject\",\"inLanguage\":\"pt-PT\",\"@id\":\"https:\/\/elmejorjamon.es\/pt\/producto\/champanhe-laurent-perrier-la-cuvee-brut-75-cl\/#primaryimage\",\"url\":\"https:\/\/elmejorjamon.es\/wp-content\/uploads\/2023\/11\/2531-thickbox_default-Champagne-Laurent-Perrier-La-Cuvee-Brut-75-cl.jpg\",\"contentUrl\":\"https:\/\/elmejorjamon.es\/wp-content\/uploads\/2023\/11\/2531-thickbox_default-Champagne-Laurent-Perrier-La-Cuvee-Brut-75-cl.jpg\",\"width\":1100,\"height\":1422,\"caption\":\"Champanhe Laurent-Perrier La Cuv\u00e9e Brut 75 cl.\"},{\"@type\":\"BreadcrumbList\",\"@id\":\"https:\/\/elmejorjamon.es\/pt\/producto\/champanhe-laurent-perrier-la-cuvee-brut-75-cl\/#breadcrumb\",\"itemListElement\":[{\"@type\":\"ListItem\",\"position\":1,\"name\":\"Portada\",\"item\":\"https:\/\/elmejorjamon.es\/pt\/\"},{\"@type\":\"ListItem\",\"position\":2,\"name\":\"In\u00edcio r\u00e1pido\",\"item\":\"https:\/\/elmejorjamon.es\/pt\/\"},{\"@type\":\"ListItem\",\"position\":3,\"name\":\"Champanhe Laurent-Perrier La Cuv\u00e9e Brut 75 cl.\"}]},{\"@type\":\"WebSite\",\"@id\":\"https:\/\/elmejorjamon.es\/#website\",\"url\":\"https:\/\/elmejorjamon.es\/\",\"name\":\"El Mejor Jam\u00f3n\",\"description\":\"Comprar jamones y embutidos a buen precio\",\"publisher\":{\"@id\":\"https:\/\/elmejorjamon.es\/#organization\"},\"potentialAction\":[{\"@type\":\"SearchAction\",\"target\":{\"@type\":\"EntryPoint\",\"urlTemplate\":\"https:\/\/elmejorjamon.es\/?s={search_term_string}\"},\"query-input\":{\"@type\":\"PropertyValueSpecification\",\"valueRequired\":true,\"valueName\":\"search_term_string\"}}],\"inLanguage\":\"pt-PT\"},{\"@type\":\"Organization\",\"@id\":\"https:\/\/elmejorjamon.es\/#organization\",\"name\":\"El Mejor Jam\u00f3n\",\"url\":\"https:\/\/elmejorjamon.es\/\",\"logo\":{\"@type\":\"ImageObject\",\"inLanguage\":\"pt-PT\",\"@id\":\"https:\/\/elmejorjamon.es\/#\/schema\/logo\/image\/\",\"url\":\"https:\/\/elmejorjamon.es\/wp-content\/uploads\/2025\/01\/logocorreos.png\",\"contentUrl\":\"https:\/\/elmejorjamon.es\/wp-content\/uploads\/2025\/01\/logocorreos.png\",\"width\":277,\"height\":200,\"caption\":\"El Mejor Jam\u00f3n\"},\"image\":{\"@id\":\"https:\/\/elmejorjamon.es\/#\/schema\/logo\/image\/\"},\"sameAs\":[\"https:\/\/www.facebook.com\/elmejorjamonweb\",\"https:\/\/x.com\/elmejorjamonweb\",\"https:\/\/www.instagram.com\/elmejorjamonweb\/\"]}]}<\/script>\n<!-- \/ Yoast SEO plugin. -->","yoast_head_json":{"title":"Champanhe Laurent-Perrier La Cuv\u00e9e Brut 75 cl. - El Mejor Jam\u00f3n","robots":{"index":"index","follow":"follow","max-snippet":"max-snippet:-1","max-image-preview":"max-image-preview:large","max-video-preview":"max-video-preview:-1"},"canonical":"https:\/\/elmejorjamon.es\/pt\/producto\/champanhe-laurent-perrier-la-cuvee-brut-75-cl\/","og_locale":"pt_PT","og_type":"article","og_title":"Champanhe Laurent-Perrier La Cuv\u00e9e Brut 75 cl. - El Mejor Jam\u00f3n","og_description":"Champanhe Laurent-Perrier La Cuv\u00e9e Brut 75 cl.","og_url":"https:\/\/elmejorjamon.es\/pt\/producto\/champanhe-laurent-perrier-la-cuvee-brut-75-cl\/","og_site_name":"El Mejor Jam\u00f3n","article_publisher":"https:\/\/www.facebook.com\/elmejorjamonweb","og_image":[{"width":1100,"height":1422,"url":"https:\/\/elmejorjamon.es\/wp-content\/uploads\/2023\/11\/2531-thickbox_default-Champagne-Laurent-Perrier-La-Cuvee-Brut-75-cl.jpg","type":"image\/jpeg"}],"twitter_card":"summary_large_image","twitter_site":"@elmejorjamonweb","schema":{"@context":"https:\/\/schema.org","@graph":[{"@type":"WebPage","@id":"https:\/\/elmejorjamon.es\/pt\/producto\/champanhe-laurent-perrier-la-cuvee-brut-75-cl\/","url":"https:\/\/elmejorjamon.es\/pt\/producto\/champanhe-laurent-perrier-la-cuvee-brut-75-cl\/","name":"Champanhe Laurent-Perrier La Cuv\u00e9e Brut 75 cl. - El Mejor Jam\u00f3n","isPartOf":{"@id":"https:\/\/elmejorjamon.es\/#website"},"primaryImageOfPage":{"@id":"https:\/\/elmejorjamon.es\/pt\/producto\/champanhe-laurent-perrier-la-cuvee-brut-75-cl\/#primaryimage"},"image":{"@id":"https:\/\/elmejorjamon.es\/pt\/producto\/champanhe-laurent-perrier-la-cuvee-brut-75-cl\/#primaryimage"},"thumbnailUrl":"https:\/\/elmejorjamon.es\/wp-content\/uploads\/2023\/11\/2531-thickbox_default-Champagne-Laurent-Perrier-La-Cuvee-Brut-75-cl.jpg","datePublished":"2023-11-14T09:58:38+00:00","breadcrumb":{"@id":"https:\/\/elmejorjamon.es\/pt\/producto\/champanhe-laurent-perrier-la-cuvee-brut-75-cl\/#breadcrumb"},"inLanguage":"pt-PT","potentialAction":[{"@type":"ReadAction","target":["https:\/\/elmejorjamon.es\/pt\/producto\/champanhe-laurent-perrier-la-cuvee-brut-75-cl\/"]}]},{"@type":"ImageObject","inLanguage":"pt-PT","@id":"https:\/\/elmejorjamon.es\/pt\/producto\/champanhe-laurent-perrier-la-cuvee-brut-75-cl\/#primaryimage","url":"https:\/\/elmejorjamon.es\/wp-content\/uploads\/2023\/11\/2531-thickbox_default-Champagne-Laurent-Perrier-La-Cuvee-Brut-75-cl.jpg","contentUrl":"https:\/\/elmejorjamon.es\/wp-content\/uploads\/2023\/11\/2531-thickbox_default-Champagne-Laurent-Perrier-La-Cuvee-Brut-75-cl.jpg","width":1100,"height":1422,"caption":"Champanhe Laurent-Perrier La Cuv\u00e9e Brut 75 cl."},{"@type":"BreadcrumbList","@id":"https:\/\/elmejorjamon.es\/pt\/producto\/champanhe-laurent-perrier-la-cuvee-brut-75-cl\/#breadcrumb","itemListElement":[{"@type":"ListItem","position":1,"name":"Portada","item":"https:\/\/elmejorjamon.es\/pt\/"},{"@type":"ListItem","position":2,"name":"In\u00edcio r\u00e1pido","item":"https:\/\/elmejorjamon.es\/pt\/"},{"@type":"ListItem","position":3,"name":"Champanhe Laurent-Perrier La Cuv\u00e9e Brut 75 cl."}]},{"@type":"WebSite","@id":"https:\/\/elmejorjamon.es\/#website","url":"https:\/\/elmejorjamon.es\/","name":"El Mejor Jam\u00f3n","description":"Comprar jamones y embutidos a buen precio","publisher":{"@id":"https:\/\/elmejorjamon.es\/#organization"},"potentialAction":[{"@type":"SearchAction","target":{"@type":"EntryPoint","urlTemplate":"https:\/\/elmejorjamon.es\/?s={search_term_string}"},"query-input":{"@type":"PropertyValueSpecification","valueRequired":true,"valueName":"search_term_string"}}],"inLanguage":"pt-PT"},{"@type":"Organization","@id":"https:\/\/elmejorjamon.es\/#organization","name":"El Mejor Jam\u00f3n","url":"https:\/\/elmejorjamon.es\/","logo":{"@type":"ImageObject","inLanguage":"pt-PT","@id":"https:\/\/elmejorjamon.es\/#\/schema\/logo\/image\/","url":"https:\/\/elmejorjamon.es\/wp-content\/uploads\/2025\/01\/logocorreos.png","contentUrl":"https:\/\/elmejorjamon.es\/wp-content\/uploads\/2025\/01\/logocorreos.png","width":277,"height":200,"caption":"El Mejor Jam\u00f3n"},"image":{"@id":"https:\/\/elmejorjamon.es\/#\/schema\/logo\/image\/"},"sameAs":["https:\/\/www.facebook.com\/elmejorjamonweb","https:\/\/x.com\/elmejorjamonweb","https:\/\/www.instagram.com\/elmejorjamonweb\/"]}]}},"_links":{"self":[{"href":"https:\/\/elmejorjamon.es\/pt\/wp-json\/wp\/v2\/product\/14809","targetHints":{"allow":["GET"]}}],"collection":[{"href":"https:\/\/elmejorjamon.es\/pt\/wp-json\/wp\/v2\/product"}],"about":[{"href":"https:\/\/elmejorjamon.es\/pt\/wp-json\/wp\/v2\/types\/product"}],"replies":[{"embeddable":true,"href":"https:\/\/elmejorjamon.es\/pt\/wp-json\/wp\/v2\/comments?post=14809"}],"wp:featuredmedia":[{"embeddable":true,"href":"https:\/\/elmejorjamon.es\/pt\/wp-json\/wp\/v2\/media\/9540"}],"wp:attachment":[{"href":"https:\/\/elmejorjamon.es\/pt\/wp-json\/wp\/v2\/media?parent=14809"}],"wp:term":[{"taxonomy":"product_brand","embeddable":true,"href":"https:\/\/elmejorjamon.es\/pt\/wp-json\/wp\/v2\/product_brand?post=14809"},{"taxonomy":"product_cat","embeddable":true,"href":"https:\/\/elmejorjamon.es\/pt\/wp-json\/wp\/v2\/product_cat?post=14809"},{"taxonomy":"product_tag","embeddable":true,"href":"https:\/\/elmejorjamon.es\/pt\/wp-json\/wp\/v2\/product_tag?post=14809"}],"curies":[{"name":"wp","href":"https:\/\/api.w.org\/{rel}","templated":true}]}}