{"id":14807,"date":"2023-11-14T08:38:12","date_gmt":"2023-11-14T07:38:12","guid":{"rendered":"https:\/\/nueva.elmejorjamon.es\/producto\/champanhe-taittinger-brut-reserve-75cl\/"},"modified":"2023-11-14T08:38:12","modified_gmt":"2023-11-14T07:38:12","slug":"champanhe-taittinger-brut-reserve-75cl","status":"publish","type":"product","link":"https:\/\/elmejorjamon.es\/pt\/producto\/champanhe-taittinger-brut-reserve-75cl\/","title":{"rendered":"Champanhe Taittinger Brut R\u00e9serve 75cl"},"content":{"rendered":"<p>Taittinger Brut R\u00e9serve \u00e9 uma mistura de Chardonnay, Pinot Noir e Pinot Meunier de 35 vinhas e colheitas diferentes, amadurecidas na perfei\u00e7\u00e3o.<\/p>\n<\/p>\n<p>Esta elevada propor\u00e7\u00e3o de Chardonnay e um envelhecimento m\u00ednimo de 3 anos em caves onde atinge o seu pico de maturidade arom\u00e1tica, fazem do Taittinger Brut R\u00e9serve um champanhe delicado e equilibrado, conhecido em todo o mundo pela sua sempre excelente qualidade.<\/p>\n<\/p>\n<p>TAITTINGER BRUT R\u00c9SERVE NOTA DE PROVA<\/p>\n<p>O Taittinger Brut R\u00e9serve \u00e9 de cor amarela dourada. Apresenta bolhas finas e uma espuma discreta e persistente. <\/p>\n<\/p>\n<p>O nariz \u00e9 aberto e expressivo, oferecendo aromas de fruta e brioche. Notas de p\u00eassego, flores brancas e baunilha. <\/p>\n<\/p>\n<p>Na boca \u00e9 vivo, fresco e harmonioso. \u00c9 um vinho delicado com sabores de fruta doce e mel. <\/p>\n","protected":false},"excerpt":{"rendered":"<p>Champanhe Taittinger Brut R\u00e9serve 75cl<\/p>\n","protected":false},"featured_media":9528,"comment_status":"open","ping_status":"closed","template":"","meta":{"_et_pb_use_builder":"","_et_pb_old_content":"","_et_gb_content_width":"","_sitemap_exclude":false,"_sitemap_priority":"","_sitemap_frequency":""},"product_brand":[],"product_cat":[816,818,795,834],"product_tag":[],"class_list":{"0":"post-14807","1":"product","2":"type-product","3":"status-publish","4":"has-post-thumbnail","6":"product_cat-bebidas-pt-pt","7":"product_cat-champagne-pt-pt","8":"product_cat-comecar","9":"product_cat-todos-os-produtos-pt-pt","10":"product_shipping_class-normal-pt","12":"first","13":"instock","14":"shipping-taxable","15":"purchasable","16":"product-type-simple"},"yoast_head":"<!-- This site is optimized with the Yoast SEO plugin v27.2 - https:\/\/yoast.com\/product\/yoast-seo-wordpress\/ -->\n<title>Champanhe Taittinger Brut R\u00e9serve 75cl - El Mejor Jam\u00f3n<\/title>\n<meta name=\"robots\" content=\"index, follow, max-snippet:-1, max-image-preview:large, max-video-preview:-1\" \/>\n<link rel=\"canonical\" href=\"https:\/\/elmejorjamon.es\/producto\/champagne-taittinger-brut-reserve-75cl\/\" \/>\n<meta property=\"og:locale\" content=\"pt_PT\" \/>\n<meta property=\"og:type\" content=\"article\" \/>\n<meta property=\"og:title\" content=\"Champanhe Taittinger Brut R\u00e9serve 75cl - El Mejor Jam\u00f3n\" \/>\n<meta property=\"og:description\" content=\"Champanhe Taittinger Brut R\u00e9serve 75cl\" \/>\n<meta property=\"og:url\" content=\"https:\/\/elmejorjamon.es\/producto\/champagne-taittinger-brut-reserve-75cl\/\" \/>\n<meta property=\"og:site_name\" content=\"El Mejor Jam\u00f3n\" \/>\n<meta property=\"article:publisher\" content=\"https:\/\/www.facebook.com\/elmejorjamonweb\" \/>\n<meta property=\"og:image\" content=\"https:\/\/elmejorjamon.es\/wp-content\/uploads\/2023\/11\/2530-thickbox_default-Champagne-Taittinger-Brut-Reserve-75cl.jpg\" \/>\n\t<meta property=\"og:image:width\" content=\"1100\" \/>\n\t<meta property=\"og:image:height\" content=\"1422\" \/>\n\t<meta property=\"og:image:type\" content=\"image\/jpeg\" \/>\n<meta name=\"twitter:card\" content=\"summary_large_image\" \/>\n<meta name=\"twitter:site\" content=\"@elmejorjamonweb\" \/>\n<meta name=\"twitter:label1\" content=\"Tempo estimado de leitura\" \/>\n\t<meta name=\"twitter:data1\" content=\"1 minuto\" \/>\n<script type=\"application\/ld+json\" class=\"yoast-schema-graph\">{\"@context\":\"https:\/\/schema.org\",\"@graph\":[{\"@type\":\"WebPage\",\"@id\":\"https:\/\/elmejorjamon.es\/producto\/champagne-taittinger-brut-reserve-75cl\/\",\"url\":\"https:\/\/elmejorjamon.es\/producto\/champagne-taittinger-brut-reserve-75cl\/\",\"name\":\"Champanhe Taittinger Brut R\u00e9serve 75cl - El Mejor Jam\u00f3n\",\"isPartOf\":{\"@id\":\"https:\/\/elmejorjamon.es\/#website\"},\"primaryImageOfPage\":{\"@id\":\"https:\/\/elmejorjamon.es\/producto\/champagne-taittinger-brut-reserve-75cl\/#primaryimage\"},\"image\":{\"@id\":\"https:\/\/elmejorjamon.es\/producto\/champagne-taittinger-brut-reserve-75cl\/#primaryimage\"},\"thumbnailUrl\":\"https:\/\/elmejorjamon.es\/wp-content\/uploads\/2023\/11\/2530-thickbox_default-Champagne-Taittinger-Brut-Reserve-75cl.jpg\",\"datePublished\":\"2023-11-14T07:38:12+00:00\",\"breadcrumb\":{\"@id\":\"https:\/\/elmejorjamon.es\/producto\/champagne-taittinger-brut-reserve-75cl\/#breadcrumb\"},\"inLanguage\":\"pt-PT\",\"potentialAction\":[{\"@type\":\"ReadAction\",\"target\":[\"https:\/\/elmejorjamon.es\/producto\/champagne-taittinger-brut-reserve-75cl\/\"]}]},{\"@type\":\"ImageObject\",\"inLanguage\":\"pt-PT\",\"@id\":\"https:\/\/elmejorjamon.es\/producto\/champagne-taittinger-brut-reserve-75cl\/#primaryimage\",\"url\":\"https:\/\/elmejorjamon.es\/wp-content\/uploads\/2023\/11\/2530-thickbox_default-Champagne-Taittinger-Brut-Reserve-75cl.jpg\",\"contentUrl\":\"https:\/\/elmejorjamon.es\/wp-content\/uploads\/2023\/11\/2530-thickbox_default-Champagne-Taittinger-Brut-Reserve-75cl.jpg\",\"width\":1100,\"height\":1422,\"caption\":\"Champanhe Taittinger Brut R\u00e9serve 75cl\"},{\"@type\":\"BreadcrumbList\",\"@id\":\"https:\/\/elmejorjamon.es\/producto\/champagne-taittinger-brut-reserve-75cl\/#breadcrumb\",\"itemListElement\":[{\"@type\":\"ListItem\",\"position\":1,\"name\":\"Portada\",\"item\":\"https:\/\/elmejorjamon.es\/pt\/\"},{\"@type\":\"ListItem\",\"position\":2,\"name\":\"In\u00edcio r\u00e1pido\",\"item\":\"https:\/\/elmejorjamon.es\/pt\/\"},{\"@type\":\"ListItem\",\"position\":3,\"name\":\"Champanhe Taittinger Brut R\u00e9serve 75cl\"}]},{\"@type\":\"WebSite\",\"@id\":\"https:\/\/elmejorjamon.es\/#website\",\"url\":\"https:\/\/elmejorjamon.es\/\",\"name\":\"El Mejor Jam\u00f3n\",\"description\":\"Comprar jamones y embutidos a buen precio\",\"publisher\":{\"@id\":\"https:\/\/elmejorjamon.es\/#organization\"},\"potentialAction\":[{\"@type\":\"SearchAction\",\"target\":{\"@type\":\"EntryPoint\",\"urlTemplate\":\"https:\/\/elmejorjamon.es\/?s={search_term_string}\"},\"query-input\":{\"@type\":\"PropertyValueSpecification\",\"valueRequired\":true,\"valueName\":\"search_term_string\"}}],\"inLanguage\":\"pt-PT\"},{\"@type\":\"Organization\",\"@id\":\"https:\/\/elmejorjamon.es\/#organization\",\"name\":\"El Mejor Jam\u00f3n\",\"url\":\"https:\/\/elmejorjamon.es\/\",\"logo\":{\"@type\":\"ImageObject\",\"inLanguage\":\"pt-PT\",\"@id\":\"https:\/\/elmejorjamon.es\/#\/schema\/logo\/image\/\",\"url\":\"https:\/\/elmejorjamon.es\/wp-content\/uploads\/2025\/01\/logocorreos.png\",\"contentUrl\":\"https:\/\/elmejorjamon.es\/wp-content\/uploads\/2025\/01\/logocorreos.png\",\"width\":277,\"height\":200,\"caption\":\"El Mejor Jam\u00f3n\"},\"image\":{\"@id\":\"https:\/\/elmejorjamon.es\/#\/schema\/logo\/image\/\"},\"sameAs\":[\"https:\/\/www.facebook.com\/elmejorjamonweb\",\"https:\/\/x.com\/elmejorjamonweb\",\"https:\/\/www.instagram.com\/elmejorjamonweb\/\"]}]}<\/script>\n<!-- \/ Yoast SEO plugin. -->","yoast_head_json":{"title":"Champanhe Taittinger Brut R\u00e9serve 75cl - El Mejor Jam\u00f3n","robots":{"index":"index","follow":"follow","max-snippet":"max-snippet:-1","max-image-preview":"max-image-preview:large","max-video-preview":"max-video-preview:-1"},"canonical":"https:\/\/elmejorjamon.es\/producto\/champagne-taittinger-brut-reserve-75cl\/","og_locale":"pt_PT","og_type":"article","og_title":"Champanhe Taittinger Brut R\u00e9serve 75cl - El Mejor Jam\u00f3n","og_description":"Champanhe Taittinger Brut R\u00e9serve 75cl","og_url":"https:\/\/elmejorjamon.es\/producto\/champagne-taittinger-brut-reserve-75cl\/","og_site_name":"El Mejor Jam\u00f3n","article_publisher":"https:\/\/www.facebook.com\/elmejorjamonweb","og_image":[{"width":1100,"height":1422,"url":"https:\/\/elmejorjamon.es\/wp-content\/uploads\/2023\/11\/2530-thickbox_default-Champagne-Taittinger-Brut-Reserve-75cl.jpg","type":"image\/jpeg"}],"twitter_card":"summary_large_image","twitter_site":"@elmejorjamonweb","twitter_misc":{"Tempo estimado de leitura":"1 minuto"},"schema":{"@context":"https:\/\/schema.org","@graph":[{"@type":"WebPage","@id":"https:\/\/elmejorjamon.es\/producto\/champagne-taittinger-brut-reserve-75cl\/","url":"https:\/\/elmejorjamon.es\/producto\/champagne-taittinger-brut-reserve-75cl\/","name":"Champanhe Taittinger Brut R\u00e9serve 75cl - El Mejor Jam\u00f3n","isPartOf":{"@id":"https:\/\/elmejorjamon.es\/#website"},"primaryImageOfPage":{"@id":"https:\/\/elmejorjamon.es\/producto\/champagne-taittinger-brut-reserve-75cl\/#primaryimage"},"image":{"@id":"https:\/\/elmejorjamon.es\/producto\/champagne-taittinger-brut-reserve-75cl\/#primaryimage"},"thumbnailUrl":"https:\/\/elmejorjamon.es\/wp-content\/uploads\/2023\/11\/2530-thickbox_default-Champagne-Taittinger-Brut-Reserve-75cl.jpg","datePublished":"2023-11-14T07:38:12+00:00","breadcrumb":{"@id":"https:\/\/elmejorjamon.es\/producto\/champagne-taittinger-brut-reserve-75cl\/#breadcrumb"},"inLanguage":"pt-PT","potentialAction":[{"@type":"ReadAction","target":["https:\/\/elmejorjamon.es\/producto\/champagne-taittinger-brut-reserve-75cl\/"]}]},{"@type":"ImageObject","inLanguage":"pt-PT","@id":"https:\/\/elmejorjamon.es\/producto\/champagne-taittinger-brut-reserve-75cl\/#primaryimage","url":"https:\/\/elmejorjamon.es\/wp-content\/uploads\/2023\/11\/2530-thickbox_default-Champagne-Taittinger-Brut-Reserve-75cl.jpg","contentUrl":"https:\/\/elmejorjamon.es\/wp-content\/uploads\/2023\/11\/2530-thickbox_default-Champagne-Taittinger-Brut-Reserve-75cl.jpg","width":1100,"height":1422,"caption":"Champanhe Taittinger Brut R\u00e9serve 75cl"},{"@type":"BreadcrumbList","@id":"https:\/\/elmejorjamon.es\/producto\/champagne-taittinger-brut-reserve-75cl\/#breadcrumb","itemListElement":[{"@type":"ListItem","position":1,"name":"Portada","item":"https:\/\/elmejorjamon.es\/pt\/"},{"@type":"ListItem","position":2,"name":"In\u00edcio r\u00e1pido","item":"https:\/\/elmejorjamon.es\/pt\/"},{"@type":"ListItem","position":3,"name":"Champanhe Taittinger Brut R\u00e9serve 75cl"}]},{"@type":"WebSite","@id":"https:\/\/elmejorjamon.es\/#website","url":"https:\/\/elmejorjamon.es\/","name":"El Mejor Jam\u00f3n","description":"Comprar jamones y embutidos a buen precio","publisher":{"@id":"https:\/\/elmejorjamon.es\/#organization"},"potentialAction":[{"@type":"SearchAction","target":{"@type":"EntryPoint","urlTemplate":"https:\/\/elmejorjamon.es\/?s={search_term_string}"},"query-input":{"@type":"PropertyValueSpecification","valueRequired":true,"valueName":"search_term_string"}}],"inLanguage":"pt-PT"},{"@type":"Organization","@id":"https:\/\/elmejorjamon.es\/#organization","name":"El Mejor Jam\u00f3n","url":"https:\/\/elmejorjamon.es\/","logo":{"@type":"ImageObject","inLanguage":"pt-PT","@id":"https:\/\/elmejorjamon.es\/#\/schema\/logo\/image\/","url":"https:\/\/elmejorjamon.es\/wp-content\/uploads\/2025\/01\/logocorreos.png","contentUrl":"https:\/\/elmejorjamon.es\/wp-content\/uploads\/2025\/01\/logocorreos.png","width":277,"height":200,"caption":"El Mejor Jam\u00f3n"},"image":{"@id":"https:\/\/elmejorjamon.es\/#\/schema\/logo\/image\/"},"sameAs":["https:\/\/www.facebook.com\/elmejorjamonweb","https:\/\/x.com\/elmejorjamonweb","https:\/\/www.instagram.com\/elmejorjamonweb\/"]}]}},"_links":{"self":[{"href":"https:\/\/elmejorjamon.es\/pt\/wp-json\/wp\/v2\/product\/14807","targetHints":{"allow":["GET"]}}],"collection":[{"href":"https:\/\/elmejorjamon.es\/pt\/wp-json\/wp\/v2\/product"}],"about":[{"href":"https:\/\/elmejorjamon.es\/pt\/wp-json\/wp\/v2\/types\/product"}],"replies":[{"embeddable":true,"href":"https:\/\/elmejorjamon.es\/pt\/wp-json\/wp\/v2\/comments?post=14807"}],"wp:featuredmedia":[{"embeddable":true,"href":"https:\/\/elmejorjamon.es\/pt\/wp-json\/wp\/v2\/media\/9528"}],"wp:attachment":[{"href":"https:\/\/elmejorjamon.es\/pt\/wp-json\/wp\/v2\/media?parent=14807"}],"wp:term":[{"taxonomy":"product_brand","embeddable":true,"href":"https:\/\/elmejorjamon.es\/pt\/wp-json\/wp\/v2\/product_brand?post=14807"},{"taxonomy":"product_cat","embeddable":true,"href":"https:\/\/elmejorjamon.es\/pt\/wp-json\/wp\/v2\/product_cat?post=14807"},{"taxonomy":"product_tag","embeddable":true,"href":"https:\/\/elmejorjamon.es\/pt\/wp-json\/wp\/v2\/product_tag?post=14807"}],"curies":[{"name":"wp","href":"https:\/\/api.w.org\/{rel}","templated":true}]}}