{"id":14762,"date":"2023-01-25T12:51:11","date_gmt":"2023-01-25T11:51:11","guid":{"rendered":"https:\/\/nueva.elmejorjamon.es\/producto\/vinho-tino-palos-de-viento-variedade-monastrell\/"},"modified":"2025-09-29T09:08:47","modified_gmt":"2025-09-29T07:08:47","slug":"vinho-tino-palos-de-viento-variedade-monastrell","status":"publish","type":"product","link":"https:\/\/elmejorjamon.es\/pt\/producto\/vinho-tino-palos-de-viento-variedade-monastrell\/","title":{"rendered":"Vinho Tino Palos de viento Variedade Monastrell"},"content":{"rendered":"<p>Vino de Paraje.<\/p>\n<p>Localiza\u00e7\u00e3o: Ca\u00f1ada de la Le\u00f1a, nordeste da<\/p>\n<p>prov\u00edncia de M\u00farcia.<\/p>\n<p>Casta: Monastrell<\/p>\n<p>Vintage: 2019<\/p>\n<p>Produ\u00e7\u00e3o: 1.970 garrafas.<\/p>\n<p>Vinho varietal com certifica\u00e7\u00e3o de colheita e<\/p>\n<p>variedade.<\/p>\n<p>VITICULTURA<\/p>\n<p>Cultivo de sequeiro, agricultura biol\u00f3gica, forma\u00e7\u00e3o<\/p>\n<p>num copo.<\/p>\n<p>Ano de planta\u00e7\u00e3o do Monastrell: entre 1980-1990.<\/p>\n<p>Solos calc\u00e1rios, cascalho \u00e0 superf\u00edcie,<\/p>\n<p>granulometria franco-argilosa.<\/p>\n<p>Localiza-te: Encostas de montanha, 650 m. de altitude.<\/p>\n<p>Virado a norte, clima mediterr\u00e2nico.<\/p>\n<p>Poda e colheita: Manual.<\/p>\n<p>ELABORA\u00c7\u00c3O<\/p>\n<p>Sele\u00e7\u00e3o manual no quadro antes da entrada no<\/p>\n<p>desenga\u00e7ador.<\/p>\n<p>Carregamento manual das uvas nos dep\u00f3sitos<\/p>\n<p>fermenta\u00e7\u00e3o.<\/p>\n<p>Fermenta\u00e7\u00e3o em cubas de a\u00e7o inoxid\u00e1vel de 1.500 l.<\/p>\n<p>com controlo de frio.<\/p>\n<p>Bombagem manual di\u00e1ria e bombagem<\/p>\n<p>durante a macera\u00e7\u00e3o.<\/p>\n<p>Est\u00e1gio misto: 330 l e 500 l de carvalho 8 meses<\/p>\n<p>descansa em inox.<\/p>\n<p>Data de engarrafamento: fevereiro de 2021<\/p>\n<p>APRESENTA\u00c7\u00c3O<\/p>\n<p>Garrafa Prestige Bordeaux 0,75 l<\/p>\n<p>Rolha de corti\u00e7a natural.<\/p>\n<p>Caixas: 6 unidades.<\/p>\n<p>AN\u00c1LISE NO ENGARRAFAMENTO<\/p>\n<p>PH= 3,60<\/p>\n<p>Teor alco\u00f3lico por volume: 15% vol.<\/p>\n<p>Acidez total (tart\u00e1rica) = 5,10 g\/l<\/p>\n<p>Temperatura de servi\u00e7o: 12-14\u00baC<\/p>\n","protected":false},"excerpt":{"rendered":"<p>Vinho Tino Palos de viento Variedade Monastrell<\/p>\n","protected":false},"featured_media":8742,"comment_status":"open","ping_status":"closed","template":"","meta":{"_et_pb_use_builder":"","_et_pb_old_content":"","_et_gb_content_width":"","_sitemap_exclude":false,"_sitemap_priority":"","_sitemap_frequency":""},"product_brand":[],"product_cat":[816,795,834,821],"product_tag":[],"class_list":{"0":"post-14762","1":"product","2":"type-product","3":"status-publish","4":"has-post-thumbnail","6":"product_cat-bebidas-pt-pt","7":"product_cat-comecar","8":"product_cat-todos-os-produtos-pt-pt","9":"product_cat-vinho-pt-pt","10":"product_shipping_class-normal-pt","11":"pa_opciones-1-peca","12":"pa_opciones-caixa-de-6","14":"first","15":"instock","16":"shipping-taxable","17":"purchasable","18":"product-type-variable","19":"has-default-attributes"},"yoast_head":"<!-- This site is optimized with the Yoast SEO plugin v27.4 - https:\/\/yoast.com\/product\/yoast-seo-wordpress\/ -->\n<title>Vinho Tino Palos de viento Variedade Monastrell - El Mejor Jam\u00f3n<\/title>\n<meta name=\"robots\" content=\"index, follow, max-snippet:-1, max-image-preview:large, max-video-preview:-1\" \/>\n<link rel=\"canonical\" href=\"https:\/\/elmejorjamon.es\/pt\/producto\/vinho-tino-palos-de-viento-variedade-monastrell\/\" \/>\n<meta property=\"og:locale\" content=\"pt_PT\" \/>\n<meta property=\"og:type\" content=\"article\" \/>\n<meta property=\"og:title\" content=\"Vinho Tino Palos de viento Variedade Monastrell - El Mejor Jam\u00f3n\" \/>\n<meta property=\"og:description\" content=\"Vinho Tino Palos de viento Variedade Monastrell\" \/>\n<meta property=\"og:url\" content=\"https:\/\/elmejorjamon.es\/pt\/producto\/vinho-tino-palos-de-viento-variedade-monastrell\/\" \/>\n<meta property=\"og:site_name\" content=\"El Mejor Jam\u00f3n\" \/>\n<meta property=\"article:publisher\" content=\"https:\/\/www.facebook.com\/elmejorjamonweb\" \/>\n<meta property=\"article:modified_time\" content=\"2025-09-29T07:08:47+00:00\" \/>\n<meta property=\"og:image\" content=\"https:\/\/elmejorjamon.es\/wp-content\/uploads\/2023\/01\/2348-thickbox_default-Vino-tino-Palos-de-viento-variedad-Monastrell.jpg\" \/>\n\t<meta property=\"og:image:width\" content=\"1100\" \/>\n\t<meta property=\"og:image:height\" content=\"1422\" \/>\n\t<meta property=\"og:image:type\" content=\"image\/jpeg\" \/>\n<meta name=\"twitter:card\" content=\"summary_large_image\" \/>\n<meta name=\"twitter:site\" content=\"@elmejorjamonweb\" \/>\n<meta name=\"twitter:label1\" content=\"Tempo estimado de leitura\" \/>\n\t<meta name=\"twitter:data1\" content=\"1 minuto\" \/>\n<script type=\"application\/ld+json\" class=\"yoast-schema-graph\">{\"@context\":\"https:\\\/\\\/schema.org\",\"@graph\":[{\"@type\":\"WebPage\",\"@id\":\"https:\\\/\\\/elmejorjamon.es\\\/pt\\\/producto\\\/vinho-tino-palos-de-viento-variedade-monastrell\\\/\",\"url\":\"https:\\\/\\\/elmejorjamon.es\\\/pt\\\/producto\\\/vinho-tino-palos-de-viento-variedade-monastrell\\\/\",\"name\":\"Vinho Tino Palos de viento Variedade Monastrell - El Mejor Jam\u00f3n\",\"isPartOf\":{\"@id\":\"https:\\\/\\\/elmejorjamon.es\\\/#website\"},\"primaryImageOfPage\":{\"@id\":\"https:\\\/\\\/elmejorjamon.es\\\/pt\\\/producto\\\/vinho-tino-palos-de-viento-variedade-monastrell\\\/#primaryimage\"},\"image\":{\"@id\":\"https:\\\/\\\/elmejorjamon.es\\\/pt\\\/producto\\\/vinho-tino-palos-de-viento-variedade-monastrell\\\/#primaryimage\"},\"thumbnailUrl\":\"https:\\\/\\\/elmejorjamon.es\\\/wp-content\\\/uploads\\\/2023\\\/01\\\/2348-thickbox_default-Vino-tino-Palos-de-viento-variedad-Monastrell.jpg\",\"datePublished\":\"2023-01-25T11:51:11+00:00\",\"dateModified\":\"2025-09-29T07:08:47+00:00\",\"breadcrumb\":{\"@id\":\"https:\\\/\\\/elmejorjamon.es\\\/pt\\\/producto\\\/vinho-tino-palos-de-viento-variedade-monastrell\\\/#breadcrumb\"},\"inLanguage\":\"pt-PT\",\"potentialAction\":[{\"@type\":\"ReadAction\",\"target\":[\"https:\\\/\\\/elmejorjamon.es\\\/pt\\\/producto\\\/vinho-tino-palos-de-viento-variedade-monastrell\\\/\"]}]},{\"@type\":\"ImageObject\",\"inLanguage\":\"pt-PT\",\"@id\":\"https:\\\/\\\/elmejorjamon.es\\\/pt\\\/producto\\\/vinho-tino-palos-de-viento-variedade-monastrell\\\/#primaryimage\",\"url\":\"https:\\\/\\\/elmejorjamon.es\\\/wp-content\\\/uploads\\\/2023\\\/01\\\/2348-thickbox_default-Vino-tino-Palos-de-viento-variedad-Monastrell.jpg\",\"contentUrl\":\"https:\\\/\\\/elmejorjamon.es\\\/wp-content\\\/uploads\\\/2023\\\/01\\\/2348-thickbox_default-Vino-tino-Palos-de-viento-variedad-Monastrell.jpg\",\"width\":1100,\"height\":1422,\"caption\":\"Vinho Tino Palos de viento Variedade Monastrell\"},{\"@type\":\"BreadcrumbList\",\"@id\":\"https:\\\/\\\/elmejorjamon.es\\\/pt\\\/producto\\\/vinho-tino-palos-de-viento-variedade-monastrell\\\/#breadcrumb\",\"itemListElement\":[{\"@type\":\"ListItem\",\"position\":1,\"name\":\"Portada\",\"item\":\"https:\\\/\\\/elmejorjamon.es\\\/pt\\\/\"},{\"@type\":\"ListItem\",\"position\":2,\"name\":\"In\u00edcio r\u00e1pido\",\"item\":\"https:\\\/\\\/elmejorjamon.es\\\/pt\\\/\"},{\"@type\":\"ListItem\",\"position\":3,\"name\":\"Vinho Tino Palos de viento Variedade Monastrell\"}]},{\"@type\":\"WebSite\",\"@id\":\"https:\\\/\\\/elmejorjamon.es\\\/#website\",\"url\":\"https:\\\/\\\/elmejorjamon.es\\\/\",\"name\":\"El Mejor Jam\u00f3n\",\"description\":\"Comprar jamones y embutidos a buen precio\",\"publisher\":{\"@id\":\"https:\\\/\\\/elmejorjamon.es\\\/#organization\"},\"potentialAction\":[{\"@type\":\"SearchAction\",\"target\":{\"@type\":\"EntryPoint\",\"urlTemplate\":\"https:\\\/\\\/elmejorjamon.es\\\/?s={search_term_string}\"},\"query-input\":{\"@type\":\"PropertyValueSpecification\",\"valueRequired\":true,\"valueName\":\"search_term_string\"}}],\"inLanguage\":\"pt-PT\"},{\"@type\":\"Organization\",\"@id\":\"https:\\\/\\\/elmejorjamon.es\\\/#organization\",\"name\":\"El Mejor Jam\u00f3n\",\"url\":\"https:\\\/\\\/elmejorjamon.es\\\/\",\"logo\":{\"@type\":\"ImageObject\",\"inLanguage\":\"pt-PT\",\"@id\":\"https:\\\/\\\/elmejorjamon.es\\\/#\\\/schema\\\/logo\\\/image\\\/\",\"url\":\"https:\\\/\\\/elmejorjamon.es\\\/wp-content\\\/uploads\\\/2025\\\/01\\\/logocorreos.png\",\"contentUrl\":\"https:\\\/\\\/elmejorjamon.es\\\/wp-content\\\/uploads\\\/2025\\\/01\\\/logocorreos.png\",\"width\":277,\"height\":200,\"caption\":\"El Mejor Jam\u00f3n\"},\"image\":{\"@id\":\"https:\\\/\\\/elmejorjamon.es\\\/#\\\/schema\\\/logo\\\/image\\\/\"},\"sameAs\":[\"https:\\\/\\\/www.facebook.com\\\/elmejorjamonweb\",\"https:\\\/\\\/x.com\\\/elmejorjamonweb\",\"https:\\\/\\\/www.instagram.com\\\/elmejorjamonweb\\\/\"]}]}<\/script>\n<!-- \/ Yoast SEO plugin. -->","yoast_head_json":{"title":"Vinho Tino Palos de viento Variedade Monastrell - El Mejor Jam\u00f3n","robots":{"index":"index","follow":"follow","max-snippet":"max-snippet:-1","max-image-preview":"max-image-preview:large","max-video-preview":"max-video-preview:-1"},"canonical":"https:\/\/elmejorjamon.es\/pt\/producto\/vinho-tino-palos-de-viento-variedade-monastrell\/","og_locale":"pt_PT","og_type":"article","og_title":"Vinho Tino Palos de viento Variedade Monastrell - El Mejor Jam\u00f3n","og_description":"Vinho Tino Palos de viento Variedade Monastrell","og_url":"https:\/\/elmejorjamon.es\/pt\/producto\/vinho-tino-palos-de-viento-variedade-monastrell\/","og_site_name":"El Mejor Jam\u00f3n","article_publisher":"https:\/\/www.facebook.com\/elmejorjamonweb","article_modified_time":"2025-09-29T07:08:47+00:00","og_image":[{"width":1100,"height":1422,"url":"https:\/\/elmejorjamon.es\/wp-content\/uploads\/2023\/01\/2348-thickbox_default-Vino-tino-Palos-de-viento-variedad-Monastrell.jpg","type":"image\/jpeg"}],"twitter_card":"summary_large_image","twitter_site":"@elmejorjamonweb","twitter_misc":{"Tempo estimado de leitura":"1 minuto"},"schema":{"@context":"https:\/\/schema.org","@graph":[{"@type":"WebPage","@id":"https:\/\/elmejorjamon.es\/pt\/producto\/vinho-tino-palos-de-viento-variedade-monastrell\/","url":"https:\/\/elmejorjamon.es\/pt\/producto\/vinho-tino-palos-de-viento-variedade-monastrell\/","name":"Vinho Tino Palos de viento Variedade Monastrell - El Mejor Jam\u00f3n","isPartOf":{"@id":"https:\/\/elmejorjamon.es\/#website"},"primaryImageOfPage":{"@id":"https:\/\/elmejorjamon.es\/pt\/producto\/vinho-tino-palos-de-viento-variedade-monastrell\/#primaryimage"},"image":{"@id":"https:\/\/elmejorjamon.es\/pt\/producto\/vinho-tino-palos-de-viento-variedade-monastrell\/#primaryimage"},"thumbnailUrl":"https:\/\/elmejorjamon.es\/wp-content\/uploads\/2023\/01\/2348-thickbox_default-Vino-tino-Palos-de-viento-variedad-Monastrell.jpg","datePublished":"2023-01-25T11:51:11+00:00","dateModified":"2025-09-29T07:08:47+00:00","breadcrumb":{"@id":"https:\/\/elmejorjamon.es\/pt\/producto\/vinho-tino-palos-de-viento-variedade-monastrell\/#breadcrumb"},"inLanguage":"pt-PT","potentialAction":[{"@type":"ReadAction","target":["https:\/\/elmejorjamon.es\/pt\/producto\/vinho-tino-palos-de-viento-variedade-monastrell\/"]}]},{"@type":"ImageObject","inLanguage":"pt-PT","@id":"https:\/\/elmejorjamon.es\/pt\/producto\/vinho-tino-palos-de-viento-variedade-monastrell\/#primaryimage","url":"https:\/\/elmejorjamon.es\/wp-content\/uploads\/2023\/01\/2348-thickbox_default-Vino-tino-Palos-de-viento-variedad-Monastrell.jpg","contentUrl":"https:\/\/elmejorjamon.es\/wp-content\/uploads\/2023\/01\/2348-thickbox_default-Vino-tino-Palos-de-viento-variedad-Monastrell.jpg","width":1100,"height":1422,"caption":"Vinho Tino Palos de viento Variedade Monastrell"},{"@type":"BreadcrumbList","@id":"https:\/\/elmejorjamon.es\/pt\/producto\/vinho-tino-palos-de-viento-variedade-monastrell\/#breadcrumb","itemListElement":[{"@type":"ListItem","position":1,"name":"Portada","item":"https:\/\/elmejorjamon.es\/pt\/"},{"@type":"ListItem","position":2,"name":"In\u00edcio r\u00e1pido","item":"https:\/\/elmejorjamon.es\/pt\/"},{"@type":"ListItem","position":3,"name":"Vinho Tino Palos de viento Variedade Monastrell"}]},{"@type":"WebSite","@id":"https:\/\/elmejorjamon.es\/#website","url":"https:\/\/elmejorjamon.es\/","name":"El Mejor Jam\u00f3n","description":"Comprar jamones y embutidos a buen precio","publisher":{"@id":"https:\/\/elmejorjamon.es\/#organization"},"potentialAction":[{"@type":"SearchAction","target":{"@type":"EntryPoint","urlTemplate":"https:\/\/elmejorjamon.es\/?s={search_term_string}"},"query-input":{"@type":"PropertyValueSpecification","valueRequired":true,"valueName":"search_term_string"}}],"inLanguage":"pt-PT"},{"@type":"Organization","@id":"https:\/\/elmejorjamon.es\/#organization","name":"El Mejor Jam\u00f3n","url":"https:\/\/elmejorjamon.es\/","logo":{"@type":"ImageObject","inLanguage":"pt-PT","@id":"https:\/\/elmejorjamon.es\/#\/schema\/logo\/image\/","url":"https:\/\/elmejorjamon.es\/wp-content\/uploads\/2025\/01\/logocorreos.png","contentUrl":"https:\/\/elmejorjamon.es\/wp-content\/uploads\/2025\/01\/logocorreos.png","width":277,"height":200,"caption":"El Mejor Jam\u00f3n"},"image":{"@id":"https:\/\/elmejorjamon.es\/#\/schema\/logo\/image\/"},"sameAs":["https:\/\/www.facebook.com\/elmejorjamonweb","https:\/\/x.com\/elmejorjamonweb","https:\/\/www.instagram.com\/elmejorjamonweb\/"]}]}},"_links":{"self":[{"href":"https:\/\/elmejorjamon.es\/pt\/wp-json\/wp\/v2\/product\/14762","targetHints":{"allow":["GET"]}}],"collection":[{"href":"https:\/\/elmejorjamon.es\/pt\/wp-json\/wp\/v2\/product"}],"about":[{"href":"https:\/\/elmejorjamon.es\/pt\/wp-json\/wp\/v2\/types\/product"}],"replies":[{"embeddable":true,"href":"https:\/\/elmejorjamon.es\/pt\/wp-json\/wp\/v2\/comments?post=14762"}],"wp:featuredmedia":[{"embeddable":true,"href":"https:\/\/elmejorjamon.es\/pt\/wp-json\/wp\/v2\/media\/8742"}],"wp:attachment":[{"href":"https:\/\/elmejorjamon.es\/pt\/wp-json\/wp\/v2\/media?parent=14762"}],"wp:term":[{"taxonomy":"product_brand","embeddable":true,"href":"https:\/\/elmejorjamon.es\/pt\/wp-json\/wp\/v2\/product_brand?post=14762"},{"taxonomy":"product_cat","embeddable":true,"href":"https:\/\/elmejorjamon.es\/pt\/wp-json\/wp\/v2\/product_cat?post=14762"},{"taxonomy":"product_tag","embeddable":true,"href":"https:\/\/elmejorjamon.es\/pt\/wp-json\/wp\/v2\/product_tag?post=14762"}],"curies":[{"name":"wp","href":"https:\/\/api.w.org\/{rel}","templated":true}]}}