{"id":9155,"date":"2023-07-05T11:53:22","date_gmt":"2023-07-05T10:53:22","guid":{"rendered":"https:\/\/nueva.elmejorjamon.es\/producto\/vino-fondillon-quo-vadis-solera-1972-2\/"},"modified":"2025-06-16T10:11:14","modified_gmt":"2025-06-16T08:11:14","slug":"vino-fondillon-quo-vadis-solera-1972-2","status":"publish","type":"product","link":"https:\/\/elmejorjamon.es\/it\/producto\/vino-fondillon-quo-vadis-solera-1972-2\/","title":{"rendered":"Vino Fondillon Quo Vadis Solera 1972"},"content":{"rendered":"<p>Vino Fondillon Quo Vadis Solera 1972<\/p>\n<\/p>\n<p>Vino generoso, unico al mondo, dalla personalit\u00e0 straordinaria e peculiare. Vino storico dall&#8217;inizio del XIII secolo, \u00e8 stato il primo vino con un proprio nome, esclusivo dei re e consumato dai grandi personaggi della storia. Ha anche viaggiato nelle prime spedizioni in giro per il mondo come quelle di Juan Sebasti\u00e1n Elcano.<\/p>\n<p>Il fondill\u00f3n Alicante, il nostro gioiello pi\u00f9 prezioso. Incluso tra i Cinque Vini di Lusso dichiarati dall&#8217;UE.<\/p>\n<p>ACCOPPIAMENTO<\/p>\n<p>Dolci, puro cioccolato e frutta secca, ideali per il dopo pasto.<\/p>\n<p>NOTE DI CATA<\/p>\n<\/p>\n<p>Colore ambra e mogano.<\/p>\n<\/p>\n<p>Al naso presenta aromi di noci, confettura di fichi e cuoio.<\/p>\n<\/p>\n<p>Potente al palato, \u00e8 strutturato e ha un lungo retrogusto.<\/p>\n<p>SERVIZIO: Si consiglia di servirlo intorno ai 16\u00baC.<\/p>\n<p>LAC. VOL.: 16,0%<\/p>\n<p>DENOMINAZIONE D&#8217;ORIGINE: Alicante<\/p>\n<p>INVECCHIAMENTO: Invecchiamento di Soleras<\/p>\n<p>VARIET\u00c0: 100% Monastrell stramature<\/p>\n<p>VIGNETO:<\/p>\n<p>PAVIMENTO:<\/p>\n<p>VINTAGE \u25be:<\/p>\n<p>PREPARAZIONE: Viene prodotto solo in annate di qualit\u00e0 eccezionale da uve troppo maturate nel vigneto della variet\u00e0 Monastrell. Sono vigneti molto vecchi accarezzati dall&#8217;aria calda del Mare Nostrum e allevati da pi\u00f9 di 30 anni con il tradizionale sistema delle soleras. Si caratterizza per l&#8217;elevata gradazione alcolica, derivante dallo zucchero presente nell&#8217;uva stessa durante la maturazione nella stessa pianta. \u00c8 totalmente naturale, senza zuccheri aggiunti.<\/p>\n","protected":false},"excerpt":{"rendered":"<p>Vino Fondillon Quo Vadis Solera 1972<\/p>\n","protected":false},"featured_media":20527,"comment_status":"open","ping_status":"closed","template":"","meta":{"_et_pb_use_builder":"","_et_pb_old_content":"","_et_gb_content_width":"","_sitemap_exclude":false,"_sitemap_priority":"","_sitemap_frequency":""},"product_brand":[],"product_cat":[97,133,25,49,145],"product_tag":[],"class_list":{"0":"post-9155","1":"product","2":"type-product","3":"status-publish","4":"has-post-thumbnail","6":"product_cat-bebidas-it","7":"product_cat-gamma-trivium","8":"product_cat-home-it","9":"product_cat-tutti-i-prodotti","10":"product_cat-vino-it","11":"product_shipping_class-normal-it","13":"first","14":"instock","15":"shipping-taxable","16":"purchasable","17":"product-type-simple"},"yoast_head":"<!-- This site is optimized with the Yoast SEO plugin v27.4 - https:\/\/yoast.com\/product\/yoast-seo-wordpress\/ -->\n<title>Vino Fondillon Quo Vadis Solera 1972 - El Mejor Jam\u00f3n<\/title>\n<meta name=\"robots\" content=\"index, follow, max-snippet:-1, max-image-preview:large, max-video-preview:-1\" \/>\n<link rel=\"canonical\" href=\"https:\/\/elmejorjamon.es\/it\/producto\/vino-fondillon-quo-vadis-solera-1972-2\/\" \/>\n<meta property=\"og:locale\" content=\"it_IT\" \/>\n<meta property=\"og:type\" content=\"article\" \/>\n<meta property=\"og:title\" content=\"Vino Fondillon Quo Vadis Solera 1972 - El Mejor Jam\u00f3n\" \/>\n<meta property=\"og:description\" content=\"Vino Fondillon Quo Vadis Solera 1972\" \/>\n<meta property=\"og:url\" content=\"https:\/\/elmejorjamon.es\/it\/producto\/vino-fondillon-quo-vadis-solera-1972-2\/\" \/>\n<meta property=\"og:site_name\" content=\"El Mejor Jam\u00f3n\" \/>\n<meta property=\"article:publisher\" content=\"https:\/\/www.facebook.com\/elmejorjamonweb\" \/>\n<meta property=\"article:modified_time\" content=\"2025-06-16T08:11:14+00:00\" \/>\n<meta property=\"og:image\" content=\"https:\/\/elmejorjamon.es\/wp-content\/uploads\/2023\/07\/fondillonFN-2.jpg\" \/>\n\t<meta property=\"og:image:width\" content=\"500\" \/>\n\t<meta property=\"og:image:height\" content=\"1000\" \/>\n\t<meta property=\"og:image:type\" content=\"image\/jpeg\" \/>\n<meta name=\"twitter:card\" content=\"summary_large_image\" \/>\n<meta name=\"twitter:site\" content=\"@elmejorjamonweb\" \/>\n<meta name=\"twitter:label1\" content=\"Tempo di lettura stimato\" \/>\n\t<meta name=\"twitter:data1\" content=\"1 minuto\" \/>\n<script type=\"application\/ld+json\" class=\"yoast-schema-graph\">{\"@context\":\"https:\\\/\\\/schema.org\",\"@graph\":[{\"@type\":\"WebPage\",\"@id\":\"https:\\\/\\\/elmejorjamon.es\\\/it\\\/producto\\\/vino-fondillon-quo-vadis-solera-1972-2\\\/\",\"url\":\"https:\\\/\\\/elmejorjamon.es\\\/it\\\/producto\\\/vino-fondillon-quo-vadis-solera-1972-2\\\/\",\"name\":\"Vino Fondillon Quo Vadis Solera 1972 - El Mejor Jam\u00f3n\",\"isPartOf\":{\"@id\":\"https:\\\/\\\/elmejorjamon.es\\\/#website\"},\"primaryImageOfPage\":{\"@id\":\"https:\\\/\\\/elmejorjamon.es\\\/it\\\/producto\\\/vino-fondillon-quo-vadis-solera-1972-2\\\/#primaryimage\"},\"image\":{\"@id\":\"https:\\\/\\\/elmejorjamon.es\\\/it\\\/producto\\\/vino-fondillon-quo-vadis-solera-1972-2\\\/#primaryimage\"},\"thumbnailUrl\":\"https:\\\/\\\/elmejorjamon.es\\\/wp-content\\\/uploads\\\/2023\\\/07\\\/fondillonFN-2.jpg\",\"datePublished\":\"2023-07-05T10:53:22+00:00\",\"dateModified\":\"2025-06-16T08:11:14+00:00\",\"breadcrumb\":{\"@id\":\"https:\\\/\\\/elmejorjamon.es\\\/it\\\/producto\\\/vino-fondillon-quo-vadis-solera-1972-2\\\/#breadcrumb\"},\"inLanguage\":\"it-IT\",\"potentialAction\":[{\"@type\":\"ReadAction\",\"target\":[\"https:\\\/\\\/elmejorjamon.es\\\/it\\\/producto\\\/vino-fondillon-quo-vadis-solera-1972-2\\\/\"]}]},{\"@type\":\"ImageObject\",\"inLanguage\":\"it-IT\",\"@id\":\"https:\\\/\\\/elmejorjamon.es\\\/it\\\/producto\\\/vino-fondillon-quo-vadis-solera-1972-2\\\/#primaryimage\",\"url\":\"https:\\\/\\\/elmejorjamon.es\\\/wp-content\\\/uploads\\\/2023\\\/07\\\/fondillonFN-2.jpg\",\"contentUrl\":\"https:\\\/\\\/elmejorjamon.es\\\/wp-content\\\/uploads\\\/2023\\\/07\\\/fondillonFN-2.jpg\",\"width\":500,\"height\":1000},{\"@type\":\"BreadcrumbList\",\"@id\":\"https:\\\/\\\/elmejorjamon.es\\\/it\\\/producto\\\/vino-fondillon-quo-vadis-solera-1972-2\\\/#breadcrumb\",\"itemListElement\":[{\"@type\":\"ListItem\",\"position\":1,\"name\":\"Portada\",\"item\":\"https:\\\/\\\/elmejorjamon.es\\\/it\\\/\"},{\"@type\":\"ListItem\",\"position\":2,\"name\":\"Avvio rapido\",\"item\":\"https:\\\/\\\/elmejorjamon.es\\\/it\\\/\"},{\"@type\":\"ListItem\",\"position\":3,\"name\":\"Vino Fondillon Quo Vadis Solera 1972\"}]},{\"@type\":\"WebSite\",\"@id\":\"https:\\\/\\\/elmejorjamon.es\\\/#website\",\"url\":\"https:\\\/\\\/elmejorjamon.es\\\/\",\"name\":\"El Mejor Jam\u00f3n\",\"description\":\"Comprar jamones y embutidos a buen precio\",\"publisher\":{\"@id\":\"https:\\\/\\\/elmejorjamon.es\\\/#organization\"},\"potentialAction\":[{\"@type\":\"SearchAction\",\"target\":{\"@type\":\"EntryPoint\",\"urlTemplate\":\"https:\\\/\\\/elmejorjamon.es\\\/?s={search_term_string}\"},\"query-input\":{\"@type\":\"PropertyValueSpecification\",\"valueRequired\":true,\"valueName\":\"search_term_string\"}}],\"inLanguage\":\"it-IT\"},{\"@type\":\"Organization\",\"@id\":\"https:\\\/\\\/elmejorjamon.es\\\/#organization\",\"name\":\"El Mejor Jam\u00f3n\",\"url\":\"https:\\\/\\\/elmejorjamon.es\\\/\",\"logo\":{\"@type\":\"ImageObject\",\"inLanguage\":\"it-IT\",\"@id\":\"https:\\\/\\\/elmejorjamon.es\\\/#\\\/schema\\\/logo\\\/image\\\/\",\"url\":\"https:\\\/\\\/elmejorjamon.es\\\/wp-content\\\/uploads\\\/2025\\\/01\\\/logocorreos.png\",\"contentUrl\":\"https:\\\/\\\/elmejorjamon.es\\\/wp-content\\\/uploads\\\/2025\\\/01\\\/logocorreos.png\",\"width\":277,\"height\":200,\"caption\":\"El Mejor Jam\u00f3n\"},\"image\":{\"@id\":\"https:\\\/\\\/elmejorjamon.es\\\/#\\\/schema\\\/logo\\\/image\\\/\"},\"sameAs\":[\"https:\\\/\\\/www.facebook.com\\\/elmejorjamonweb\",\"https:\\\/\\\/x.com\\\/elmejorjamonweb\",\"https:\\\/\\\/www.instagram.com\\\/elmejorjamonweb\\\/\"]}]}<\/script>\n<!-- \/ Yoast SEO plugin. -->","yoast_head_json":{"title":"Vino Fondillon Quo Vadis Solera 1972 - El Mejor Jam\u00f3n","robots":{"index":"index","follow":"follow","max-snippet":"max-snippet:-1","max-image-preview":"max-image-preview:large","max-video-preview":"max-video-preview:-1"},"canonical":"https:\/\/elmejorjamon.es\/it\/producto\/vino-fondillon-quo-vadis-solera-1972-2\/","og_locale":"it_IT","og_type":"article","og_title":"Vino Fondillon Quo Vadis Solera 1972 - El Mejor Jam\u00f3n","og_description":"Vino Fondillon Quo Vadis Solera 1972","og_url":"https:\/\/elmejorjamon.es\/it\/producto\/vino-fondillon-quo-vadis-solera-1972-2\/","og_site_name":"El Mejor Jam\u00f3n","article_publisher":"https:\/\/www.facebook.com\/elmejorjamonweb","article_modified_time":"2025-06-16T08:11:14+00:00","og_image":[{"width":500,"height":1000,"url":"https:\/\/elmejorjamon.es\/wp-content\/uploads\/2023\/07\/fondillonFN-2.jpg","type":"image\/jpeg"}],"twitter_card":"summary_large_image","twitter_site":"@elmejorjamonweb","twitter_misc":{"Tempo di lettura stimato":"1 minuto"},"schema":{"@context":"https:\/\/schema.org","@graph":[{"@type":"WebPage","@id":"https:\/\/elmejorjamon.es\/it\/producto\/vino-fondillon-quo-vadis-solera-1972-2\/","url":"https:\/\/elmejorjamon.es\/it\/producto\/vino-fondillon-quo-vadis-solera-1972-2\/","name":"Vino Fondillon Quo Vadis Solera 1972 - El Mejor Jam\u00f3n","isPartOf":{"@id":"https:\/\/elmejorjamon.es\/#website"},"primaryImageOfPage":{"@id":"https:\/\/elmejorjamon.es\/it\/producto\/vino-fondillon-quo-vadis-solera-1972-2\/#primaryimage"},"image":{"@id":"https:\/\/elmejorjamon.es\/it\/producto\/vino-fondillon-quo-vadis-solera-1972-2\/#primaryimage"},"thumbnailUrl":"https:\/\/elmejorjamon.es\/wp-content\/uploads\/2023\/07\/fondillonFN-2.jpg","datePublished":"2023-07-05T10:53:22+00:00","dateModified":"2025-06-16T08:11:14+00:00","breadcrumb":{"@id":"https:\/\/elmejorjamon.es\/it\/producto\/vino-fondillon-quo-vadis-solera-1972-2\/#breadcrumb"},"inLanguage":"it-IT","potentialAction":[{"@type":"ReadAction","target":["https:\/\/elmejorjamon.es\/it\/producto\/vino-fondillon-quo-vadis-solera-1972-2\/"]}]},{"@type":"ImageObject","inLanguage":"it-IT","@id":"https:\/\/elmejorjamon.es\/it\/producto\/vino-fondillon-quo-vadis-solera-1972-2\/#primaryimage","url":"https:\/\/elmejorjamon.es\/wp-content\/uploads\/2023\/07\/fondillonFN-2.jpg","contentUrl":"https:\/\/elmejorjamon.es\/wp-content\/uploads\/2023\/07\/fondillonFN-2.jpg","width":500,"height":1000},{"@type":"BreadcrumbList","@id":"https:\/\/elmejorjamon.es\/it\/producto\/vino-fondillon-quo-vadis-solera-1972-2\/#breadcrumb","itemListElement":[{"@type":"ListItem","position":1,"name":"Portada","item":"https:\/\/elmejorjamon.es\/it\/"},{"@type":"ListItem","position":2,"name":"Avvio rapido","item":"https:\/\/elmejorjamon.es\/it\/"},{"@type":"ListItem","position":3,"name":"Vino Fondillon Quo Vadis Solera 1972"}]},{"@type":"WebSite","@id":"https:\/\/elmejorjamon.es\/#website","url":"https:\/\/elmejorjamon.es\/","name":"El Mejor Jam\u00f3n","description":"Comprar jamones y embutidos a buen precio","publisher":{"@id":"https:\/\/elmejorjamon.es\/#organization"},"potentialAction":[{"@type":"SearchAction","target":{"@type":"EntryPoint","urlTemplate":"https:\/\/elmejorjamon.es\/?s={search_term_string}"},"query-input":{"@type":"PropertyValueSpecification","valueRequired":true,"valueName":"search_term_string"}}],"inLanguage":"it-IT"},{"@type":"Organization","@id":"https:\/\/elmejorjamon.es\/#organization","name":"El Mejor Jam\u00f3n","url":"https:\/\/elmejorjamon.es\/","logo":{"@type":"ImageObject","inLanguage":"it-IT","@id":"https:\/\/elmejorjamon.es\/#\/schema\/logo\/image\/","url":"https:\/\/elmejorjamon.es\/wp-content\/uploads\/2025\/01\/logocorreos.png","contentUrl":"https:\/\/elmejorjamon.es\/wp-content\/uploads\/2025\/01\/logocorreos.png","width":277,"height":200,"caption":"El Mejor Jam\u00f3n"},"image":{"@id":"https:\/\/elmejorjamon.es\/#\/schema\/logo\/image\/"},"sameAs":["https:\/\/www.facebook.com\/elmejorjamonweb","https:\/\/x.com\/elmejorjamonweb","https:\/\/www.instagram.com\/elmejorjamonweb\/"]}]}},"_links":{"self":[{"href":"https:\/\/elmejorjamon.es\/it\/wp-json\/wp\/v2\/product\/9155","targetHints":{"allow":["GET"]}}],"collection":[{"href":"https:\/\/elmejorjamon.es\/it\/wp-json\/wp\/v2\/product"}],"about":[{"href":"https:\/\/elmejorjamon.es\/it\/wp-json\/wp\/v2\/types\/product"}],"replies":[{"embeddable":true,"href":"https:\/\/elmejorjamon.es\/it\/wp-json\/wp\/v2\/comments?post=9155"}],"wp:featuredmedia":[{"embeddable":true,"href":"https:\/\/elmejorjamon.es\/it\/wp-json\/wp\/v2\/media\/20527"}],"wp:attachment":[{"href":"https:\/\/elmejorjamon.es\/it\/wp-json\/wp\/v2\/media?parent=9155"}],"wp:term":[{"taxonomy":"product_brand","embeddable":true,"href":"https:\/\/elmejorjamon.es\/it\/wp-json\/wp\/v2\/product_brand?post=9155"},{"taxonomy":"product_cat","embeddable":true,"href":"https:\/\/elmejorjamon.es\/it\/wp-json\/wp\/v2\/product_cat?post=9155"},{"taxonomy":"product_tag","embeddable":true,"href":"https:\/\/elmejorjamon.es\/it\/wp-json\/wp\/v2\/product_tag?post=9155"}],"curies":[{"name":"wp","href":"https:\/\/api.w.org\/{rel}","templated":true}]}}