{"id":8779,"date":"2023-01-25T12:51:11","date_gmt":"2023-01-25T11:51:11","guid":{"rendered":"https:\/\/nueva.elmejorjamon.es\/producto\/vino-rosso-palos-de-viento-varieta-monastrell\/"},"modified":"2025-09-29T09:08:45","modified_gmt":"2025-09-29T07:08:45","slug":"vino-rosso-palos-de-viento-varieta-monastrell","status":"publish","type":"product","link":"https:\/\/elmejorjamon.es\/it\/producto\/vino-rosso-palos-de-viento-varieta-monastrell\/","title":{"rendered":"Vino rosso Palos de viento variet\u00e0 Monastrell"},"content":{"rendered":"<p>Vino di Paraje.<\/p>\n<p>Ubicazione: Ca\u00f1ada de la Le\u00f1a, a nord-est del<\/p>\n<p>Provincia di Murcia.<\/p>\n<p>Variet\u00e0: Monastrell<\/p>\n<p>Annata: 2019<\/p>\n<p>Produzione: 1.970 bottiglie.<\/p>\n<p>Vino varietale con certificazione d&#8217;annata e<\/p>\n<p>variet\u00e0.<\/p>\n<p>VITICOLTURA<\/p>\n<p>Agricoltura secca, agricoltura biologica, formazione<\/p>\n<p>in vetro.<\/p>\n<p>Anno di impianto Monastrell: tra il 1980 e il 1990.<\/p>\n<p>Suoli calcarei, ghiaia superficiale,<\/p>\n<p>granulometria franco-argillosa.<\/p>\n<p>Localit\u00e0: pendici della montagna, 650 m. altitudine.<\/p>\n<p>Orientamento nord, clima mediterraneo.<\/p>\n<p>Potatura e vendemmia: Manuale.<\/p>\n<p>ELABORAZIONE<\/p>\n<p>Selezione manuale al tavolo prima dell&#8217;ingresso a<\/p>\n<p>tramoggia diraspatrice.<\/p>\n<p>Carico manuale del raccolto nei magazzini<\/p>\n<p>di fermentazione.<\/p>\n<p>Fermentazione in serbatoi di acciaio inox da 1.500 l<\/p>\n<p>con controllo del freddo.<\/p>\n<p>Follatura manuale e rimontaggi giornalieri<\/p>\n<p>durante la macerazione.<\/p>\n<p>Affinamento misto: rovere da 330 l e 500 l 8 mesi<\/p>\n<p>resto dell&#8217;acciaio inossidabile<\/p>\n<p>Data di imbottigliamento: Febbraio 2021<\/p>\n<p>PRESENTAZIONE<\/p>\n<p>Bottiglia bordolese prestige 0,75 l<\/p>\n<p>Tappo in sughero naturale.<\/p>\n<p>Scatole: 6 unit\u00e0.<\/p>\n<p>ANALISI DELL&#8217;IMBOTTIGLIAMENTO<\/p>\n<p>pH= 3,60<\/p>\n<p>Grado alcolico vol.: 15% vol.<\/p>\n<p>Acidit\u00e0 totale (tartarica) = 5,10 g\/l<\/p>\n<p>Temperatura di servizio: 12-14\u00baC<\/p>\n","protected":false},"excerpt":{"rendered":"<p>Vino rosso Palos de viento variet\u00e0 Monastrell<\/p>\n","protected":false},"featured_media":8741,"comment_status":"open","ping_status":"closed","template":"","meta":{"_et_pb_use_builder":"","_et_pb_old_content":"","_et_gb_content_width":"","_sitemap_exclude":false,"_sitemap_priority":"","_sitemap_frequency":""},"product_brand":[],"product_cat":[97,25,49,145],"product_tag":[],"class_list":{"0":"post-8779","1":"product","2":"type-product","3":"status-publish","4":"has-post-thumbnail","6":"product_cat-bebidas-it","7":"product_cat-home-it","8":"product_cat-tutti-i-prodotti","9":"product_cat-vino-it","10":"product_shipping_class-normal-it","11":"pa_opciones-1unita-it","12":"pa_opciones-scatolada6-it","14":"first","15":"instock","16":"shipping-taxable","17":"purchasable","18":"product-type-variable","19":"has-default-attributes"},"yoast_head":"<!-- This site is optimized with the Yoast SEO plugin v27.4 - https:\/\/yoast.com\/product\/yoast-seo-wordpress\/ -->\n<title>Vino rosso Palos de viento variet\u00e0 Monastrell - El Mejor Jam\u00f3n<\/title>\n<meta name=\"robots\" content=\"index, follow, max-snippet:-1, max-image-preview:large, max-video-preview:-1\" \/>\n<link rel=\"canonical\" href=\"https:\/\/elmejorjamon.es\/it\/producto\/vino-rosso-palos-de-viento-varieta-monastrell\/\" \/>\n<meta property=\"og:locale\" content=\"it_IT\" \/>\n<meta property=\"og:type\" content=\"article\" \/>\n<meta property=\"og:title\" content=\"Vino rosso Palos de viento variet\u00e0 Monastrell - El Mejor Jam\u00f3n\" \/>\n<meta property=\"og:description\" content=\"Vino rosso Palos de viento variet\u00e0 Monastrell\" \/>\n<meta property=\"og:url\" content=\"https:\/\/elmejorjamon.es\/it\/producto\/vino-rosso-palos-de-viento-varieta-monastrell\/\" \/>\n<meta property=\"og:site_name\" content=\"El Mejor Jam\u00f3n\" \/>\n<meta property=\"article:publisher\" content=\"https:\/\/www.facebook.com\/elmejorjamonweb\" \/>\n<meta property=\"article:modified_time\" content=\"2025-09-29T07:08:45+00:00\" \/>\n<meta property=\"og:image\" content=\"https:\/\/elmejorjamon.es\/wp-content\/uploads\/2023\/01\/2348-thickbox_default-Vino-tino-Palos-de-viento-variedad-Monastrell.jpg\" \/>\n\t<meta property=\"og:image:width\" content=\"1100\" \/>\n\t<meta property=\"og:image:height\" content=\"1422\" \/>\n\t<meta property=\"og:image:type\" content=\"image\/jpeg\" \/>\n<meta name=\"twitter:card\" content=\"summary_large_image\" \/>\n<meta name=\"twitter:site\" content=\"@elmejorjamonweb\" \/>\n<meta name=\"twitter:label1\" content=\"Tempo di lettura stimato\" \/>\n\t<meta name=\"twitter:data1\" content=\"1 minuto\" \/>\n<script type=\"application\/ld+json\" class=\"yoast-schema-graph\">{\"@context\":\"https:\\\/\\\/schema.org\",\"@graph\":[{\"@type\":\"WebPage\",\"@id\":\"https:\\\/\\\/elmejorjamon.es\\\/it\\\/producto\\\/vino-rosso-palos-de-viento-varieta-monastrell\\\/\",\"url\":\"https:\\\/\\\/elmejorjamon.es\\\/it\\\/producto\\\/vino-rosso-palos-de-viento-varieta-monastrell\\\/\",\"name\":\"Vino rosso Palos de viento variet\u00e0 Monastrell - El Mejor Jam\u00f3n\",\"isPartOf\":{\"@id\":\"https:\\\/\\\/elmejorjamon.es\\\/#website\"},\"primaryImageOfPage\":{\"@id\":\"https:\\\/\\\/elmejorjamon.es\\\/it\\\/producto\\\/vino-rosso-palos-de-viento-varieta-monastrell\\\/#primaryimage\"},\"image\":{\"@id\":\"https:\\\/\\\/elmejorjamon.es\\\/it\\\/producto\\\/vino-rosso-palos-de-viento-varieta-monastrell\\\/#primaryimage\"},\"thumbnailUrl\":\"https:\\\/\\\/elmejorjamon.es\\\/wp-content\\\/uploads\\\/2023\\\/01\\\/2348-thickbox_default-Vino-tino-Palos-de-viento-variedad-Monastrell.jpg\",\"datePublished\":\"2023-01-25T11:51:11+00:00\",\"dateModified\":\"2025-09-29T07:08:45+00:00\",\"breadcrumb\":{\"@id\":\"https:\\\/\\\/elmejorjamon.es\\\/it\\\/producto\\\/vino-rosso-palos-de-viento-varieta-monastrell\\\/#breadcrumb\"},\"inLanguage\":\"it-IT\",\"potentialAction\":[{\"@type\":\"ReadAction\",\"target\":[\"https:\\\/\\\/elmejorjamon.es\\\/it\\\/producto\\\/vino-rosso-palos-de-viento-varieta-monastrell\\\/\"]}]},{\"@type\":\"ImageObject\",\"inLanguage\":\"it-IT\",\"@id\":\"https:\\\/\\\/elmejorjamon.es\\\/it\\\/producto\\\/vino-rosso-palos-de-viento-varieta-monastrell\\\/#primaryimage\",\"url\":\"https:\\\/\\\/elmejorjamon.es\\\/wp-content\\\/uploads\\\/2023\\\/01\\\/2348-thickbox_default-Vino-tino-Palos-de-viento-variedad-Monastrell.jpg\",\"contentUrl\":\"https:\\\/\\\/elmejorjamon.es\\\/wp-content\\\/uploads\\\/2023\\\/01\\\/2348-thickbox_default-Vino-tino-Palos-de-viento-variedad-Monastrell.jpg\",\"width\":1100,\"height\":1422},{\"@type\":\"BreadcrumbList\",\"@id\":\"https:\\\/\\\/elmejorjamon.es\\\/it\\\/producto\\\/vino-rosso-palos-de-viento-varieta-monastrell\\\/#breadcrumb\",\"itemListElement\":[{\"@type\":\"ListItem\",\"position\":1,\"name\":\"Portada\",\"item\":\"https:\\\/\\\/elmejorjamon.es\\\/it\\\/\"},{\"@type\":\"ListItem\",\"position\":2,\"name\":\"Avvio rapido\",\"item\":\"https:\\\/\\\/elmejorjamon.es\\\/it\\\/\"},{\"@type\":\"ListItem\",\"position\":3,\"name\":\"Vino rosso Palos de viento variet\u00e0 Monastrell\"}]},{\"@type\":\"WebSite\",\"@id\":\"https:\\\/\\\/elmejorjamon.es\\\/#website\",\"url\":\"https:\\\/\\\/elmejorjamon.es\\\/\",\"name\":\"El Mejor Jam\u00f3n\",\"description\":\"Comprar jamones y embutidos a buen precio\",\"publisher\":{\"@id\":\"https:\\\/\\\/elmejorjamon.es\\\/#organization\"},\"potentialAction\":[{\"@type\":\"SearchAction\",\"target\":{\"@type\":\"EntryPoint\",\"urlTemplate\":\"https:\\\/\\\/elmejorjamon.es\\\/?s={search_term_string}\"},\"query-input\":{\"@type\":\"PropertyValueSpecification\",\"valueRequired\":true,\"valueName\":\"search_term_string\"}}],\"inLanguage\":\"it-IT\"},{\"@type\":\"Organization\",\"@id\":\"https:\\\/\\\/elmejorjamon.es\\\/#organization\",\"name\":\"El Mejor Jam\u00f3n\",\"url\":\"https:\\\/\\\/elmejorjamon.es\\\/\",\"logo\":{\"@type\":\"ImageObject\",\"inLanguage\":\"it-IT\",\"@id\":\"https:\\\/\\\/elmejorjamon.es\\\/#\\\/schema\\\/logo\\\/image\\\/\",\"url\":\"https:\\\/\\\/elmejorjamon.es\\\/wp-content\\\/uploads\\\/2025\\\/01\\\/logocorreos.png\",\"contentUrl\":\"https:\\\/\\\/elmejorjamon.es\\\/wp-content\\\/uploads\\\/2025\\\/01\\\/logocorreos.png\",\"width\":277,\"height\":200,\"caption\":\"El Mejor Jam\u00f3n\"},\"image\":{\"@id\":\"https:\\\/\\\/elmejorjamon.es\\\/#\\\/schema\\\/logo\\\/image\\\/\"},\"sameAs\":[\"https:\\\/\\\/www.facebook.com\\\/elmejorjamonweb\",\"https:\\\/\\\/x.com\\\/elmejorjamonweb\",\"https:\\\/\\\/www.instagram.com\\\/elmejorjamonweb\\\/\"]}]}<\/script>\n<!-- \/ Yoast SEO plugin. -->","yoast_head_json":{"title":"Vino rosso Palos de viento variet\u00e0 Monastrell - El Mejor Jam\u00f3n","robots":{"index":"index","follow":"follow","max-snippet":"max-snippet:-1","max-image-preview":"max-image-preview:large","max-video-preview":"max-video-preview:-1"},"canonical":"https:\/\/elmejorjamon.es\/it\/producto\/vino-rosso-palos-de-viento-varieta-monastrell\/","og_locale":"it_IT","og_type":"article","og_title":"Vino rosso Palos de viento variet\u00e0 Monastrell - El Mejor Jam\u00f3n","og_description":"Vino rosso Palos de viento variet\u00e0 Monastrell","og_url":"https:\/\/elmejorjamon.es\/it\/producto\/vino-rosso-palos-de-viento-varieta-monastrell\/","og_site_name":"El Mejor Jam\u00f3n","article_publisher":"https:\/\/www.facebook.com\/elmejorjamonweb","article_modified_time":"2025-09-29T07:08:45+00:00","og_image":[{"width":1100,"height":1422,"url":"https:\/\/elmejorjamon.es\/wp-content\/uploads\/2023\/01\/2348-thickbox_default-Vino-tino-Palos-de-viento-variedad-Monastrell.jpg","type":"image\/jpeg"}],"twitter_card":"summary_large_image","twitter_site":"@elmejorjamonweb","twitter_misc":{"Tempo di lettura stimato":"1 minuto"},"schema":{"@context":"https:\/\/schema.org","@graph":[{"@type":"WebPage","@id":"https:\/\/elmejorjamon.es\/it\/producto\/vino-rosso-palos-de-viento-varieta-monastrell\/","url":"https:\/\/elmejorjamon.es\/it\/producto\/vino-rosso-palos-de-viento-varieta-monastrell\/","name":"Vino rosso Palos de viento variet\u00e0 Monastrell - El Mejor Jam\u00f3n","isPartOf":{"@id":"https:\/\/elmejorjamon.es\/#website"},"primaryImageOfPage":{"@id":"https:\/\/elmejorjamon.es\/it\/producto\/vino-rosso-palos-de-viento-varieta-monastrell\/#primaryimage"},"image":{"@id":"https:\/\/elmejorjamon.es\/it\/producto\/vino-rosso-palos-de-viento-varieta-monastrell\/#primaryimage"},"thumbnailUrl":"https:\/\/elmejorjamon.es\/wp-content\/uploads\/2023\/01\/2348-thickbox_default-Vino-tino-Palos-de-viento-variedad-Monastrell.jpg","datePublished":"2023-01-25T11:51:11+00:00","dateModified":"2025-09-29T07:08:45+00:00","breadcrumb":{"@id":"https:\/\/elmejorjamon.es\/it\/producto\/vino-rosso-palos-de-viento-varieta-monastrell\/#breadcrumb"},"inLanguage":"it-IT","potentialAction":[{"@type":"ReadAction","target":["https:\/\/elmejorjamon.es\/it\/producto\/vino-rosso-palos-de-viento-varieta-monastrell\/"]}]},{"@type":"ImageObject","inLanguage":"it-IT","@id":"https:\/\/elmejorjamon.es\/it\/producto\/vino-rosso-palos-de-viento-varieta-monastrell\/#primaryimage","url":"https:\/\/elmejorjamon.es\/wp-content\/uploads\/2023\/01\/2348-thickbox_default-Vino-tino-Palos-de-viento-variedad-Monastrell.jpg","contentUrl":"https:\/\/elmejorjamon.es\/wp-content\/uploads\/2023\/01\/2348-thickbox_default-Vino-tino-Palos-de-viento-variedad-Monastrell.jpg","width":1100,"height":1422},{"@type":"BreadcrumbList","@id":"https:\/\/elmejorjamon.es\/it\/producto\/vino-rosso-palos-de-viento-varieta-monastrell\/#breadcrumb","itemListElement":[{"@type":"ListItem","position":1,"name":"Portada","item":"https:\/\/elmejorjamon.es\/it\/"},{"@type":"ListItem","position":2,"name":"Avvio rapido","item":"https:\/\/elmejorjamon.es\/it\/"},{"@type":"ListItem","position":3,"name":"Vino rosso Palos de viento variet\u00e0 Monastrell"}]},{"@type":"WebSite","@id":"https:\/\/elmejorjamon.es\/#website","url":"https:\/\/elmejorjamon.es\/","name":"El Mejor Jam\u00f3n","description":"Comprar jamones y embutidos a buen precio","publisher":{"@id":"https:\/\/elmejorjamon.es\/#organization"},"potentialAction":[{"@type":"SearchAction","target":{"@type":"EntryPoint","urlTemplate":"https:\/\/elmejorjamon.es\/?s={search_term_string}"},"query-input":{"@type":"PropertyValueSpecification","valueRequired":true,"valueName":"search_term_string"}}],"inLanguage":"it-IT"},{"@type":"Organization","@id":"https:\/\/elmejorjamon.es\/#organization","name":"El Mejor Jam\u00f3n","url":"https:\/\/elmejorjamon.es\/","logo":{"@type":"ImageObject","inLanguage":"it-IT","@id":"https:\/\/elmejorjamon.es\/#\/schema\/logo\/image\/","url":"https:\/\/elmejorjamon.es\/wp-content\/uploads\/2025\/01\/logocorreos.png","contentUrl":"https:\/\/elmejorjamon.es\/wp-content\/uploads\/2025\/01\/logocorreos.png","width":277,"height":200,"caption":"El Mejor Jam\u00f3n"},"image":{"@id":"https:\/\/elmejorjamon.es\/#\/schema\/logo\/image\/"},"sameAs":["https:\/\/www.facebook.com\/elmejorjamonweb","https:\/\/x.com\/elmejorjamonweb","https:\/\/www.instagram.com\/elmejorjamonweb\/"]}]}},"_links":{"self":[{"href":"https:\/\/elmejorjamon.es\/it\/wp-json\/wp\/v2\/product\/8779","targetHints":{"allow":["GET"]}}],"collection":[{"href":"https:\/\/elmejorjamon.es\/it\/wp-json\/wp\/v2\/product"}],"about":[{"href":"https:\/\/elmejorjamon.es\/it\/wp-json\/wp\/v2\/types\/product"}],"replies":[{"embeddable":true,"href":"https:\/\/elmejorjamon.es\/it\/wp-json\/wp\/v2\/comments?post=8779"}],"wp:featuredmedia":[{"embeddable":true,"href":"https:\/\/elmejorjamon.es\/it\/wp-json\/wp\/v2\/media\/8741"}],"wp:attachment":[{"href":"https:\/\/elmejorjamon.es\/it\/wp-json\/wp\/v2\/media?parent=8779"}],"wp:term":[{"taxonomy":"product_brand","embeddable":true,"href":"https:\/\/elmejorjamon.es\/it\/wp-json\/wp\/v2\/product_brand?post=8779"},{"taxonomy":"product_cat","embeddable":true,"href":"https:\/\/elmejorjamon.es\/it\/wp-json\/wp\/v2\/product_cat?post=8779"},{"taxonomy":"product_tag","embeddable":true,"href":"https:\/\/elmejorjamon.es\/it\/wp-json\/wp\/v2\/product_tag?post=8779"}],"curies":[{"name":"wp","href":"https:\/\/api.w.org\/{rel}","templated":true}]}}