{"id":869,"date":"2010-01-25T16:16:19","date_gmt":"2010-01-25T15:16:19","guid":{"rendered":"https:\/\/nueva.elmejorjamon.es\/producto\/sobrasada-bolles-dulce-mallorca-montuiri-400-gaprox-2\/"},"modified":"2026-02-11T14:02:15","modified_gmt":"2026-02-11T13:02:15","slug":"sobrasada-bolles-dulce-mallorca-montuiri-400-gaprox-2","status":"publish","type":"product","link":"https:\/\/elmejorjamon.es\/it\/producto\/sobrasada-bolles-dulce-mallorca-montuiri-400-gaprox-2\/","title":{"rendered":"Sobrasada Bolles Dulce Mallorca Montuiri 400 g.aprox"},"content":{"rendered":"<p>Sobrasada Bolles Dulce Mallorca Montuiri 400 g.aprox. Il modo tradizionale di consumare la sobrasada de mallorca \u00e8 di spalmarlo su una fetta di pane. Questa forma di consumo ha anche molteplici varianti: una volta che la sobrasada \u00e8 diffusa sul pane, pu\u00f2 essere annaffiata con miele, zucchero o marmellata di albicocche.<\/p>\n<p>Sobrasada Bolles Dulce Mallorca Montuiri 400 g circa.<br \/>\nIngredienti: Pancetta con antiossidanti (E-320 ed E-321) e 92% di carne magra di maiale, paprika, sale e spezie, regolatori di stagionatura (zuccheri), stabilizzanti (E-450 ed E-451), antiossidanti (E-301), conservante E-252 e budello naturale di maiale.<\/p>\n","protected":false},"excerpt":{"rendered":"<p>Sobrasada Bolles Dulce Mallorca Montuiri 400 g.aprox<\/p>\n","protected":false},"featured_media":851,"comment_status":"open","ping_status":"closed","template":"","meta":{"_et_pb_use_builder":"","_et_pb_old_content":"","_et_gb_content_width":"","_sitemap_exclude":false,"_sitemap_priority":"","_sitemap_frequency":""},"product_brand":[],"product_cat":[25,91,49],"product_tag":[],"class_list":{"0":"post-869","1":"product","2":"type-product","3":"status-publish","4":"has-post-thumbnail","6":"product_cat-home-it","7":"product_cat-embutidos-it","8":"product_cat-tutti-i-prodotti","9":"product_shipping_class-normal-it","11":"first","12":"instock","13":"shipping-taxable","14":"purchasable","15":"product-type-simple"},"yoast_head":"<!-- This site is optimized with the Yoast SEO plugin v27.2 - https:\/\/yoast.com\/product\/yoast-seo-wordpress\/ -->\n<title>Sobrasada Bolles Dulce Mallorca Montuiri 400 g.aprox - El Mejor Jam\u00f3n<\/title>\n<meta name=\"robots\" content=\"index, follow, max-snippet:-1, max-image-preview:large, max-video-preview:-1\" \/>\n<link rel=\"canonical\" href=\"https:\/\/elmejorjamon.es\/it\/producto\/sobrasada-bolles-dulce-mallorca-montuiri-400-gaprox-2\/\" \/>\n<meta property=\"og:locale\" content=\"it_IT\" \/>\n<meta property=\"og:type\" content=\"article\" \/>\n<meta property=\"og:title\" content=\"Sobrasada Bolles Dulce Mallorca Montuiri 400 g.aprox - El Mejor Jam\u00f3n\" \/>\n<meta property=\"og:description\" content=\"Sobrasada Bolles Dulce Mallorca Montuiri 400 g.aprox\" \/>\n<meta property=\"og:url\" content=\"https:\/\/elmejorjamon.es\/it\/producto\/sobrasada-bolles-dulce-mallorca-montuiri-400-gaprox-2\/\" \/>\n<meta property=\"og:site_name\" content=\"El Mejor Jam\u00f3n\" \/>\n<meta property=\"article:publisher\" content=\"https:\/\/www.facebook.com\/elmejorjamonweb\" \/>\n<meta property=\"article:modified_time\" content=\"2026-02-11T13:02:15+00:00\" \/>\n<meta property=\"og:image\" content=\"https:\/\/elmejorjamon.es\/wp-content\/uploads\/2010\/01\/1458-thickbox_default-Sobrasada-Payesa-de-Mallorca-Montuiri-400-g.jpg\" \/>\n\t<meta property=\"og:image:width\" content=\"1100\" \/>\n\t<meta property=\"og:image:height\" content=\"1422\" \/>\n\t<meta property=\"og:image:type\" content=\"image\/jpeg\" \/>\n<meta name=\"twitter:card\" content=\"summary_large_image\" \/>\n<meta name=\"twitter:site\" content=\"@elmejorjamonweb\" \/>\n<meta name=\"twitter:label1\" content=\"Tempo di lettura stimato\" \/>\n\t<meta name=\"twitter:data1\" content=\"1 minuto\" \/>\n<script type=\"application\/ld+json\" class=\"yoast-schema-graph\">{\"@context\":\"https:\/\/schema.org\",\"@graph\":[{\"@type\":\"WebPage\",\"@id\":\"https:\/\/elmejorjamon.es\/it\/producto\/sobrasada-bolles-dulce-mallorca-montuiri-400-gaprox-2\/\",\"url\":\"https:\/\/elmejorjamon.es\/it\/producto\/sobrasada-bolles-dulce-mallorca-montuiri-400-gaprox-2\/\",\"name\":\"Sobrasada Bolles Dulce Mallorca Montuiri 400 g.aprox - El Mejor Jam\u00f3n\",\"isPartOf\":{\"@id\":\"https:\/\/elmejorjamon.es\/#website\"},\"primaryImageOfPage\":{\"@id\":\"https:\/\/elmejorjamon.es\/it\/producto\/sobrasada-bolles-dulce-mallorca-montuiri-400-gaprox-2\/#primaryimage\"},\"image\":{\"@id\":\"https:\/\/elmejorjamon.es\/it\/producto\/sobrasada-bolles-dulce-mallorca-montuiri-400-gaprox-2\/#primaryimage\"},\"thumbnailUrl\":\"https:\/\/elmejorjamon.es\/wp-content\/uploads\/2010\/01\/1458-thickbox_default-Sobrasada-Payesa-de-Mallorca-Montuiri-400-g.jpg\",\"datePublished\":\"2010-01-25T15:16:19+00:00\",\"dateModified\":\"2026-02-11T13:02:15+00:00\",\"breadcrumb\":{\"@id\":\"https:\/\/elmejorjamon.es\/it\/producto\/sobrasada-bolles-dulce-mallorca-montuiri-400-gaprox-2\/#breadcrumb\"},\"inLanguage\":\"it-IT\",\"potentialAction\":[{\"@type\":\"ReadAction\",\"target\":[\"https:\/\/elmejorjamon.es\/it\/producto\/sobrasada-bolles-dulce-mallorca-montuiri-400-gaprox-2\/\"]}]},{\"@type\":\"ImageObject\",\"inLanguage\":\"it-IT\",\"@id\":\"https:\/\/elmejorjamon.es\/it\/producto\/sobrasada-bolles-dulce-mallorca-montuiri-400-gaprox-2\/#primaryimage\",\"url\":\"https:\/\/elmejorjamon.es\/wp-content\/uploads\/2010\/01\/1458-thickbox_default-Sobrasada-Payesa-de-Mallorca-Montuiri-400-g.jpg\",\"contentUrl\":\"https:\/\/elmejorjamon.es\/wp-content\/uploads\/2010\/01\/1458-thickbox_default-Sobrasada-Payesa-de-Mallorca-Montuiri-400-g.jpg\",\"width\":1100,\"height\":1422},{\"@type\":\"BreadcrumbList\",\"@id\":\"https:\/\/elmejorjamon.es\/it\/producto\/sobrasada-bolles-dulce-mallorca-montuiri-400-gaprox-2\/#breadcrumb\",\"itemListElement\":[{\"@type\":\"ListItem\",\"position\":1,\"name\":\"Portada\",\"item\":\"https:\/\/elmejorjamon.es\/it\/\"},{\"@type\":\"ListItem\",\"position\":2,\"name\":\"Avvio rapido\",\"item\":\"https:\/\/elmejorjamon.es\/it\/\"},{\"@type\":\"ListItem\",\"position\":3,\"name\":\"Sobrasada Bolles Dulce Mallorca Montuiri 400 g.aprox\"}]},{\"@type\":\"WebSite\",\"@id\":\"https:\/\/elmejorjamon.es\/#website\",\"url\":\"https:\/\/elmejorjamon.es\/\",\"name\":\"El Mejor Jam\u00f3n\",\"description\":\"Comprar jamones y embutidos a buen precio\",\"publisher\":{\"@id\":\"https:\/\/elmejorjamon.es\/#organization\"},\"potentialAction\":[{\"@type\":\"SearchAction\",\"target\":{\"@type\":\"EntryPoint\",\"urlTemplate\":\"https:\/\/elmejorjamon.es\/?s={search_term_string}\"},\"query-input\":{\"@type\":\"PropertyValueSpecification\",\"valueRequired\":true,\"valueName\":\"search_term_string\"}}],\"inLanguage\":\"it-IT\"},{\"@type\":\"Organization\",\"@id\":\"https:\/\/elmejorjamon.es\/#organization\",\"name\":\"El Mejor Jam\u00f3n\",\"url\":\"https:\/\/elmejorjamon.es\/\",\"logo\":{\"@type\":\"ImageObject\",\"inLanguage\":\"it-IT\",\"@id\":\"https:\/\/elmejorjamon.es\/#\/schema\/logo\/image\/\",\"url\":\"https:\/\/elmejorjamon.es\/wp-content\/uploads\/2025\/01\/logocorreos.png\",\"contentUrl\":\"https:\/\/elmejorjamon.es\/wp-content\/uploads\/2025\/01\/logocorreos.png\",\"width\":277,\"height\":200,\"caption\":\"El Mejor Jam\u00f3n\"},\"image\":{\"@id\":\"https:\/\/elmejorjamon.es\/#\/schema\/logo\/image\/\"},\"sameAs\":[\"https:\/\/www.facebook.com\/elmejorjamonweb\",\"https:\/\/x.com\/elmejorjamonweb\",\"https:\/\/www.instagram.com\/elmejorjamonweb\/\"]}]}<\/script>\n<!-- \/ Yoast SEO plugin. -->","yoast_head_json":{"title":"Sobrasada Bolles Dulce Mallorca Montuiri 400 g.aprox - El Mejor Jam\u00f3n","robots":{"index":"index","follow":"follow","max-snippet":"max-snippet:-1","max-image-preview":"max-image-preview:large","max-video-preview":"max-video-preview:-1"},"canonical":"https:\/\/elmejorjamon.es\/it\/producto\/sobrasada-bolles-dulce-mallorca-montuiri-400-gaprox-2\/","og_locale":"it_IT","og_type":"article","og_title":"Sobrasada Bolles Dulce Mallorca Montuiri 400 g.aprox - El Mejor Jam\u00f3n","og_description":"Sobrasada Bolles Dulce Mallorca Montuiri 400 g.aprox","og_url":"https:\/\/elmejorjamon.es\/it\/producto\/sobrasada-bolles-dulce-mallorca-montuiri-400-gaprox-2\/","og_site_name":"El Mejor Jam\u00f3n","article_publisher":"https:\/\/www.facebook.com\/elmejorjamonweb","article_modified_time":"2026-02-11T13:02:15+00:00","og_image":[{"width":1100,"height":1422,"url":"https:\/\/elmejorjamon.es\/wp-content\/uploads\/2010\/01\/1458-thickbox_default-Sobrasada-Payesa-de-Mallorca-Montuiri-400-g.jpg","type":"image\/jpeg"}],"twitter_card":"summary_large_image","twitter_site":"@elmejorjamonweb","twitter_misc":{"Tempo di lettura stimato":"1 minuto"},"schema":{"@context":"https:\/\/schema.org","@graph":[{"@type":"WebPage","@id":"https:\/\/elmejorjamon.es\/it\/producto\/sobrasada-bolles-dulce-mallorca-montuiri-400-gaprox-2\/","url":"https:\/\/elmejorjamon.es\/it\/producto\/sobrasada-bolles-dulce-mallorca-montuiri-400-gaprox-2\/","name":"Sobrasada Bolles Dulce Mallorca Montuiri 400 g.aprox - El Mejor Jam\u00f3n","isPartOf":{"@id":"https:\/\/elmejorjamon.es\/#website"},"primaryImageOfPage":{"@id":"https:\/\/elmejorjamon.es\/it\/producto\/sobrasada-bolles-dulce-mallorca-montuiri-400-gaprox-2\/#primaryimage"},"image":{"@id":"https:\/\/elmejorjamon.es\/it\/producto\/sobrasada-bolles-dulce-mallorca-montuiri-400-gaprox-2\/#primaryimage"},"thumbnailUrl":"https:\/\/elmejorjamon.es\/wp-content\/uploads\/2010\/01\/1458-thickbox_default-Sobrasada-Payesa-de-Mallorca-Montuiri-400-g.jpg","datePublished":"2010-01-25T15:16:19+00:00","dateModified":"2026-02-11T13:02:15+00:00","breadcrumb":{"@id":"https:\/\/elmejorjamon.es\/it\/producto\/sobrasada-bolles-dulce-mallorca-montuiri-400-gaprox-2\/#breadcrumb"},"inLanguage":"it-IT","potentialAction":[{"@type":"ReadAction","target":["https:\/\/elmejorjamon.es\/it\/producto\/sobrasada-bolles-dulce-mallorca-montuiri-400-gaprox-2\/"]}]},{"@type":"ImageObject","inLanguage":"it-IT","@id":"https:\/\/elmejorjamon.es\/it\/producto\/sobrasada-bolles-dulce-mallorca-montuiri-400-gaprox-2\/#primaryimage","url":"https:\/\/elmejorjamon.es\/wp-content\/uploads\/2010\/01\/1458-thickbox_default-Sobrasada-Payesa-de-Mallorca-Montuiri-400-g.jpg","contentUrl":"https:\/\/elmejorjamon.es\/wp-content\/uploads\/2010\/01\/1458-thickbox_default-Sobrasada-Payesa-de-Mallorca-Montuiri-400-g.jpg","width":1100,"height":1422},{"@type":"BreadcrumbList","@id":"https:\/\/elmejorjamon.es\/it\/producto\/sobrasada-bolles-dulce-mallorca-montuiri-400-gaprox-2\/#breadcrumb","itemListElement":[{"@type":"ListItem","position":1,"name":"Portada","item":"https:\/\/elmejorjamon.es\/it\/"},{"@type":"ListItem","position":2,"name":"Avvio rapido","item":"https:\/\/elmejorjamon.es\/it\/"},{"@type":"ListItem","position":3,"name":"Sobrasada Bolles Dulce Mallorca Montuiri 400 g.aprox"}]},{"@type":"WebSite","@id":"https:\/\/elmejorjamon.es\/#website","url":"https:\/\/elmejorjamon.es\/","name":"El Mejor Jam\u00f3n","description":"Comprar jamones y embutidos a buen precio","publisher":{"@id":"https:\/\/elmejorjamon.es\/#organization"},"potentialAction":[{"@type":"SearchAction","target":{"@type":"EntryPoint","urlTemplate":"https:\/\/elmejorjamon.es\/?s={search_term_string}"},"query-input":{"@type":"PropertyValueSpecification","valueRequired":true,"valueName":"search_term_string"}}],"inLanguage":"it-IT"},{"@type":"Organization","@id":"https:\/\/elmejorjamon.es\/#organization","name":"El Mejor Jam\u00f3n","url":"https:\/\/elmejorjamon.es\/","logo":{"@type":"ImageObject","inLanguage":"it-IT","@id":"https:\/\/elmejorjamon.es\/#\/schema\/logo\/image\/","url":"https:\/\/elmejorjamon.es\/wp-content\/uploads\/2025\/01\/logocorreos.png","contentUrl":"https:\/\/elmejorjamon.es\/wp-content\/uploads\/2025\/01\/logocorreos.png","width":277,"height":200,"caption":"El Mejor Jam\u00f3n"},"image":{"@id":"https:\/\/elmejorjamon.es\/#\/schema\/logo\/image\/"},"sameAs":["https:\/\/www.facebook.com\/elmejorjamonweb","https:\/\/x.com\/elmejorjamonweb","https:\/\/www.instagram.com\/elmejorjamonweb\/"]}]}},"_links":{"self":[{"href":"https:\/\/elmejorjamon.es\/it\/wp-json\/wp\/v2\/product\/869","targetHints":{"allow":["GET"]}}],"collection":[{"href":"https:\/\/elmejorjamon.es\/it\/wp-json\/wp\/v2\/product"}],"about":[{"href":"https:\/\/elmejorjamon.es\/it\/wp-json\/wp\/v2\/types\/product"}],"replies":[{"embeddable":true,"href":"https:\/\/elmejorjamon.es\/it\/wp-json\/wp\/v2\/comments?post=869"}],"wp:featuredmedia":[{"embeddable":true,"href":"https:\/\/elmejorjamon.es\/it\/wp-json\/wp\/v2\/media\/851"}],"wp:attachment":[{"href":"https:\/\/elmejorjamon.es\/it\/wp-json\/wp\/v2\/media?parent=869"}],"wp:term":[{"taxonomy":"product_brand","embeddable":true,"href":"https:\/\/elmejorjamon.es\/it\/wp-json\/wp\/v2\/product_brand?post=869"},{"taxonomy":"product_cat","embeddable":true,"href":"https:\/\/elmejorjamon.es\/it\/wp-json\/wp\/v2\/product_cat?post=869"},{"taxonomy":"product_tag","embeddable":true,"href":"https:\/\/elmejorjamon.es\/it\/wp-json\/wp\/v2\/product_tag?post=869"}],"curies":[{"name":"wp","href":"https:\/\/api.w.org\/{rel}","templated":true}]}}