{"id":6791,"date":"2021-04-30T13:12:50","date_gmt":"2021-04-30T12:12:50","guid":{"rendered":"https:\/\/nueva.elmejorjamon.es\/producto\/cava-brut-nature-vina-romale-75-cl-dall-estremadura\/"},"modified":"2021-04-30T13:12:50","modified_gmt":"2021-04-30T12:12:50","slug":"cava-brut-nature-vina-romale-75-cl-dall-estremadura","status":"publish","type":"product","link":"https:\/\/elmejorjamon.es\/it\/producto\/cava-brut-nature-vina-romale-75-cl-dall-estremadura\/","title":{"rendered":"Cava brut nature Vi\u00f1a Romale 75 cl. dall&#8217;Estremadura"},"content":{"rendered":"<p>Elaborazione di un vino base molto fruttato e aromatico delle variet\u00e0 Macabeo e Parellada, accuratamente selezionato dai migliori vigneti del distretto di Almendralejo, mediante raccolta manuale e in cassetta, e dopo una seconda fermentazione in bottiglia con lieviti selezionati con metodo tradizionale, Abbiamo ottenuto questa NATURA BRUT di colore bianco pallido e brillante con una bollicina finissima e persistente, un ottimo corredo di aromi e un palato molto elegante.<\/p>\n<\/p>\n<p>Bianco pallido e brillante con bollicine finissime e persistenti, ottimo insieme di aromi e un palato molto elegante.<\/p>\n<p>Bere ben freddo in un bicchiere Flute.<\/p>\n<p>Tipologia: Cava Brut Nature (D.O. Cava)<\/p>\n<p>Variet\u00e0: 60% Macabeo &#8211; 40% Parellada<\/p>\n<p>Elaborazione: Temperatura di fermentazione: 12-15\u00baC.<\/p>\n<p>Tempo di invecchiamento: 12 mesi.<\/p>\n<p>Temperatura di consumo: 6-8\u00baC<\/p>\n","protected":false},"excerpt":{"rendered":"<p>Cava brut nature Vi\u00f1a Romale 75 cl. dall&#8217;Estremadura<\/p>\n","protected":false},"featured_media":6781,"comment_status":"open","ping_status":"closed","template":"","meta":{"_et_pb_use_builder":"","_et_pb_old_content":"","_et_gb_content_width":"","_sitemap_exclude":false,"_sitemap_priority":"","_sitemap_frequency":""},"product_brand":[],"product_cat":[97,163,25,49],"product_tag":[],"class_list":{"0":"post-6791","1":"product","2":"type-product","3":"status-publish","4":"has-post-thumbnail","6":"product_cat-bebidas-it","7":"product_cat-cava-it","8":"product_cat-home-it","9":"product_cat-tutti-i-prodotti","10":"product_shipping_class-normal-it","12":"first","13":"instock","14":"shipping-taxable","15":"purchasable","16":"product-type-simple"},"yoast_head":"<!-- This site is optimized with the Yoast SEO plugin v27.4 - https:\/\/yoast.com\/product\/yoast-seo-wordpress\/ -->\n<title>Cava brut nature Vi\u00f1a Romale 75 cl. dall&#039;Estremadura - El Mejor Jam\u00f3n<\/title>\n<meta name=\"robots\" content=\"index, follow, max-snippet:-1, max-image-preview:large, max-video-preview:-1\" \/>\n<link rel=\"canonical\" href=\"https:\/\/elmejorjamon.es\/producto\/cava-brut-nature-vina-romale-75-cl-de-extremadura\/\" \/>\n<meta property=\"og:locale\" content=\"it_IT\" \/>\n<meta property=\"og:type\" content=\"article\" \/>\n<meta property=\"og:title\" content=\"Cava brut nature Vi\u00f1a Romale 75 cl. dall&#039;Estremadura - El Mejor Jam\u00f3n\" \/>\n<meta property=\"og:description\" content=\"Cava brut nature Vi\u00f1a Romale 75 cl. dall&#039;Estremadura\" \/>\n<meta property=\"og:url\" content=\"https:\/\/elmejorjamon.es\/producto\/cava-brut-nature-vina-romale-75-cl-de-extremadura\/\" \/>\n<meta property=\"og:site_name\" content=\"El Mejor Jam\u00f3n\" \/>\n<meta property=\"article:publisher\" content=\"https:\/\/www.facebook.com\/elmejorjamonweb\" \/>\n<meta property=\"og:image\" content=\"https:\/\/elmejorjamon.es\/wp-content\/uploads\/2021\/04\/1951-thickbox_default-Cava-brut-nature-Vina-Romale-75-cl.-de-Extremadura.jpg\" \/>\n\t<meta property=\"og:image:width\" content=\"1100\" \/>\n\t<meta property=\"og:image:height\" content=\"1422\" \/>\n\t<meta property=\"og:image:type\" content=\"image\/jpeg\" \/>\n<meta name=\"twitter:card\" content=\"summary_large_image\" \/>\n<meta name=\"twitter:site\" content=\"@elmejorjamonweb\" \/>\n<meta name=\"twitter:label1\" content=\"Tempo di lettura stimato\" \/>\n\t<meta name=\"twitter:data1\" content=\"1 minuto\" \/>\n<script type=\"application\/ld+json\" class=\"yoast-schema-graph\">{\"@context\":\"https:\\\/\\\/schema.org\",\"@graph\":[{\"@type\":\"WebPage\",\"@id\":\"https:\\\/\\\/elmejorjamon.es\\\/producto\\\/cava-brut-nature-vina-romale-75-cl-de-extremadura\\\/\",\"url\":\"https:\\\/\\\/elmejorjamon.es\\\/producto\\\/cava-brut-nature-vina-romale-75-cl-de-extremadura\\\/\",\"name\":\"Cava brut nature Vi\u00f1a Romale 75 cl. dall'Estremadura - El Mejor Jam\u00f3n\",\"isPartOf\":{\"@id\":\"https:\\\/\\\/elmejorjamon.es\\\/#website\"},\"primaryImageOfPage\":{\"@id\":\"https:\\\/\\\/elmejorjamon.es\\\/producto\\\/cava-brut-nature-vina-romale-75-cl-de-extremadura\\\/#primaryimage\"},\"image\":{\"@id\":\"https:\\\/\\\/elmejorjamon.es\\\/producto\\\/cava-brut-nature-vina-romale-75-cl-de-extremadura\\\/#primaryimage\"},\"thumbnailUrl\":\"https:\\\/\\\/elmejorjamon.es\\\/wp-content\\\/uploads\\\/2021\\\/04\\\/1951-thickbox_default-Cava-brut-nature-Vina-Romale-75-cl.-de-Extremadura.jpg\",\"datePublished\":\"2021-04-30T12:12:50+00:00\",\"breadcrumb\":{\"@id\":\"https:\\\/\\\/elmejorjamon.es\\\/producto\\\/cava-brut-nature-vina-romale-75-cl-de-extremadura\\\/#breadcrumb\"},\"inLanguage\":\"it-IT\",\"potentialAction\":[{\"@type\":\"ReadAction\",\"target\":[\"https:\\\/\\\/elmejorjamon.es\\\/producto\\\/cava-brut-nature-vina-romale-75-cl-de-extremadura\\\/\"]}]},{\"@type\":\"ImageObject\",\"inLanguage\":\"it-IT\",\"@id\":\"https:\\\/\\\/elmejorjamon.es\\\/producto\\\/cava-brut-nature-vina-romale-75-cl-de-extremadura\\\/#primaryimage\",\"url\":\"https:\\\/\\\/elmejorjamon.es\\\/wp-content\\\/uploads\\\/2021\\\/04\\\/1951-thickbox_default-Cava-brut-nature-Vina-Romale-75-cl.-de-Extremadura.jpg\",\"contentUrl\":\"https:\\\/\\\/elmejorjamon.es\\\/wp-content\\\/uploads\\\/2021\\\/04\\\/1951-thickbox_default-Cava-brut-nature-Vina-Romale-75-cl.-de-Extremadura.jpg\",\"width\":1100,\"height\":1422,\"caption\":\"Cava brut nature Vi\u00f1a Romale 75 cl. de Extremadura\"},{\"@type\":\"BreadcrumbList\",\"@id\":\"https:\\\/\\\/elmejorjamon.es\\\/producto\\\/cava-brut-nature-vina-romale-75-cl-de-extremadura\\\/#breadcrumb\",\"itemListElement\":[{\"@type\":\"ListItem\",\"position\":1,\"name\":\"Portada\",\"item\":\"https:\\\/\\\/elmejorjamon.es\\\/it\\\/\"},{\"@type\":\"ListItem\",\"position\":2,\"name\":\"Avvio rapido\",\"item\":\"https:\\\/\\\/elmejorjamon.es\\\/it\\\/\"},{\"@type\":\"ListItem\",\"position\":3,\"name\":\"Cava brut nature Vi\u00f1a Romale 75 cl. dall&#8217;Estremadura\"}]},{\"@type\":\"WebSite\",\"@id\":\"https:\\\/\\\/elmejorjamon.es\\\/#website\",\"url\":\"https:\\\/\\\/elmejorjamon.es\\\/\",\"name\":\"El Mejor Jam\u00f3n\",\"description\":\"Comprar jamones y embutidos a buen precio\",\"publisher\":{\"@id\":\"https:\\\/\\\/elmejorjamon.es\\\/#organization\"},\"potentialAction\":[{\"@type\":\"SearchAction\",\"target\":{\"@type\":\"EntryPoint\",\"urlTemplate\":\"https:\\\/\\\/elmejorjamon.es\\\/?s={search_term_string}\"},\"query-input\":{\"@type\":\"PropertyValueSpecification\",\"valueRequired\":true,\"valueName\":\"search_term_string\"}}],\"inLanguage\":\"it-IT\"},{\"@type\":\"Organization\",\"@id\":\"https:\\\/\\\/elmejorjamon.es\\\/#organization\",\"name\":\"El Mejor Jam\u00f3n\",\"url\":\"https:\\\/\\\/elmejorjamon.es\\\/\",\"logo\":{\"@type\":\"ImageObject\",\"inLanguage\":\"it-IT\",\"@id\":\"https:\\\/\\\/elmejorjamon.es\\\/#\\\/schema\\\/logo\\\/image\\\/\",\"url\":\"https:\\\/\\\/elmejorjamon.es\\\/wp-content\\\/uploads\\\/2025\\\/01\\\/logocorreos.png\",\"contentUrl\":\"https:\\\/\\\/elmejorjamon.es\\\/wp-content\\\/uploads\\\/2025\\\/01\\\/logocorreos.png\",\"width\":277,\"height\":200,\"caption\":\"El Mejor Jam\u00f3n\"},\"image\":{\"@id\":\"https:\\\/\\\/elmejorjamon.es\\\/#\\\/schema\\\/logo\\\/image\\\/\"},\"sameAs\":[\"https:\\\/\\\/www.facebook.com\\\/elmejorjamonweb\",\"https:\\\/\\\/x.com\\\/elmejorjamonweb\",\"https:\\\/\\\/www.instagram.com\\\/elmejorjamonweb\\\/\"]}]}<\/script>\n<!-- \/ Yoast SEO plugin. -->","yoast_head_json":{"title":"Cava brut nature Vi\u00f1a Romale 75 cl. dall'Estremadura - El Mejor Jam\u00f3n","robots":{"index":"index","follow":"follow","max-snippet":"max-snippet:-1","max-image-preview":"max-image-preview:large","max-video-preview":"max-video-preview:-1"},"canonical":"https:\/\/elmejorjamon.es\/producto\/cava-brut-nature-vina-romale-75-cl-de-extremadura\/","og_locale":"it_IT","og_type":"article","og_title":"Cava brut nature Vi\u00f1a Romale 75 cl. dall'Estremadura - El Mejor Jam\u00f3n","og_description":"Cava brut nature Vi\u00f1a Romale 75 cl. dall'Estremadura","og_url":"https:\/\/elmejorjamon.es\/producto\/cava-brut-nature-vina-romale-75-cl-de-extremadura\/","og_site_name":"El Mejor Jam\u00f3n","article_publisher":"https:\/\/www.facebook.com\/elmejorjamonweb","og_image":[{"width":1100,"height":1422,"url":"https:\/\/elmejorjamon.es\/wp-content\/uploads\/2021\/04\/1951-thickbox_default-Cava-brut-nature-Vina-Romale-75-cl.-de-Extremadura.jpg","type":"image\/jpeg"}],"twitter_card":"summary_large_image","twitter_site":"@elmejorjamonweb","twitter_misc":{"Tempo di lettura stimato":"1 minuto"},"schema":{"@context":"https:\/\/schema.org","@graph":[{"@type":"WebPage","@id":"https:\/\/elmejorjamon.es\/producto\/cava-brut-nature-vina-romale-75-cl-de-extremadura\/","url":"https:\/\/elmejorjamon.es\/producto\/cava-brut-nature-vina-romale-75-cl-de-extremadura\/","name":"Cava brut nature Vi\u00f1a Romale 75 cl. dall'Estremadura - El Mejor Jam\u00f3n","isPartOf":{"@id":"https:\/\/elmejorjamon.es\/#website"},"primaryImageOfPage":{"@id":"https:\/\/elmejorjamon.es\/producto\/cava-brut-nature-vina-romale-75-cl-de-extremadura\/#primaryimage"},"image":{"@id":"https:\/\/elmejorjamon.es\/producto\/cava-brut-nature-vina-romale-75-cl-de-extremadura\/#primaryimage"},"thumbnailUrl":"https:\/\/elmejorjamon.es\/wp-content\/uploads\/2021\/04\/1951-thickbox_default-Cava-brut-nature-Vina-Romale-75-cl.-de-Extremadura.jpg","datePublished":"2021-04-30T12:12:50+00:00","breadcrumb":{"@id":"https:\/\/elmejorjamon.es\/producto\/cava-brut-nature-vina-romale-75-cl-de-extremadura\/#breadcrumb"},"inLanguage":"it-IT","potentialAction":[{"@type":"ReadAction","target":["https:\/\/elmejorjamon.es\/producto\/cava-brut-nature-vina-romale-75-cl-de-extremadura\/"]}]},{"@type":"ImageObject","inLanguage":"it-IT","@id":"https:\/\/elmejorjamon.es\/producto\/cava-brut-nature-vina-romale-75-cl-de-extremadura\/#primaryimage","url":"https:\/\/elmejorjamon.es\/wp-content\/uploads\/2021\/04\/1951-thickbox_default-Cava-brut-nature-Vina-Romale-75-cl.-de-Extremadura.jpg","contentUrl":"https:\/\/elmejorjamon.es\/wp-content\/uploads\/2021\/04\/1951-thickbox_default-Cava-brut-nature-Vina-Romale-75-cl.-de-Extremadura.jpg","width":1100,"height":1422,"caption":"Cava brut nature Vi\u00f1a Romale 75 cl. de Extremadura"},{"@type":"BreadcrumbList","@id":"https:\/\/elmejorjamon.es\/producto\/cava-brut-nature-vina-romale-75-cl-de-extremadura\/#breadcrumb","itemListElement":[{"@type":"ListItem","position":1,"name":"Portada","item":"https:\/\/elmejorjamon.es\/it\/"},{"@type":"ListItem","position":2,"name":"Avvio rapido","item":"https:\/\/elmejorjamon.es\/it\/"},{"@type":"ListItem","position":3,"name":"Cava brut nature Vi\u00f1a Romale 75 cl. dall&#8217;Estremadura"}]},{"@type":"WebSite","@id":"https:\/\/elmejorjamon.es\/#website","url":"https:\/\/elmejorjamon.es\/","name":"El Mejor Jam\u00f3n","description":"Comprar jamones y embutidos a buen precio","publisher":{"@id":"https:\/\/elmejorjamon.es\/#organization"},"potentialAction":[{"@type":"SearchAction","target":{"@type":"EntryPoint","urlTemplate":"https:\/\/elmejorjamon.es\/?s={search_term_string}"},"query-input":{"@type":"PropertyValueSpecification","valueRequired":true,"valueName":"search_term_string"}}],"inLanguage":"it-IT"},{"@type":"Organization","@id":"https:\/\/elmejorjamon.es\/#organization","name":"El Mejor Jam\u00f3n","url":"https:\/\/elmejorjamon.es\/","logo":{"@type":"ImageObject","inLanguage":"it-IT","@id":"https:\/\/elmejorjamon.es\/#\/schema\/logo\/image\/","url":"https:\/\/elmejorjamon.es\/wp-content\/uploads\/2025\/01\/logocorreos.png","contentUrl":"https:\/\/elmejorjamon.es\/wp-content\/uploads\/2025\/01\/logocorreos.png","width":277,"height":200,"caption":"El Mejor Jam\u00f3n"},"image":{"@id":"https:\/\/elmejorjamon.es\/#\/schema\/logo\/image\/"},"sameAs":["https:\/\/www.facebook.com\/elmejorjamonweb","https:\/\/x.com\/elmejorjamonweb","https:\/\/www.instagram.com\/elmejorjamonweb\/"]}]}},"_links":{"self":[{"href":"https:\/\/elmejorjamon.es\/it\/wp-json\/wp\/v2\/product\/6791","targetHints":{"allow":["GET"]}}],"collection":[{"href":"https:\/\/elmejorjamon.es\/it\/wp-json\/wp\/v2\/product"}],"about":[{"href":"https:\/\/elmejorjamon.es\/it\/wp-json\/wp\/v2\/types\/product"}],"replies":[{"embeddable":true,"href":"https:\/\/elmejorjamon.es\/it\/wp-json\/wp\/v2\/comments?post=6791"}],"wp:featuredmedia":[{"embeddable":true,"href":"https:\/\/elmejorjamon.es\/it\/wp-json\/wp\/v2\/media\/6781"}],"wp:attachment":[{"href":"https:\/\/elmejorjamon.es\/it\/wp-json\/wp\/v2\/media?parent=6791"}],"wp:term":[{"taxonomy":"product_brand","embeddable":true,"href":"https:\/\/elmejorjamon.es\/it\/wp-json\/wp\/v2\/product_brand?post=6791"},{"taxonomy":"product_cat","embeddable":true,"href":"https:\/\/elmejorjamon.es\/it\/wp-json\/wp\/v2\/product_cat?post=6791"},{"taxonomy":"product_tag","embeddable":true,"href":"https:\/\/elmejorjamon.es\/it\/wp-json\/wp\/v2\/product_tag?post=6791"}],"curies":[{"name":"wp","href":"https:\/\/api.w.org\/{rel}","templated":true}]}}