{"id":245,"date":"2025-09-19T09:06:36","date_gmt":"2025-09-19T07:06:36","guid":{"rendered":"https:\/\/nueva.elmejorjamon.es\/?post_type=product&#038;p=245"},"modified":"2025-09-19T09:06:41","modified_gmt":"2025-09-19T07:06:41","slug":"prosciutto-iberico-bellota-monteparra-do-di-75-kg-circa-guijuelo","status":"publish","type":"product","link":"https:\/\/elmejorjamon.es\/it\/producto\/prosciutto-iberico-bellota-monteparra-do-di-75-kg-circa-guijuelo\/","title":{"rendered":"Prosciutto iberico Bellota Monteparra D.O. di Guijuelo"},"content":{"rendered":"<p>Il prosciutto iberico di Bellota D.O. \u00c8 il risultato di un lungo processo che inizia negli stessi prati dove i maiali iberici accuratamente selezionati dai nostri specialisti vagano liberamente, consumando le ghiande che conferiranno gran parte delle loro caratteristiche organolettiche. Successivamente, gi\u00e0 nelle strutture, gli arti posteriori del maiale iberico alimentato a ghianda vengono sottoposti all&#8217;azione del sale e successivamente a un lento processo di essiccazione e maturazione in cantina che conferisce loro il loro carattere speciale. Alla fine del processo, le sue propriet\u00e0 nutrizionali, aromatiche e di consistenza ne evidenziano l&#8217;origine e il cibo, rendendo la nostra produzione una delle pi\u00f9 riconosciute a Guijuelo. La sua qualit\u00e0 \u00e8 anche garantita da un rigoroso processo di analisi da parte del Consiglio Regolatore della Denominazione d&#8217;Origine Guijuelo, che certifica sia la sua idoneit\u00e0 genetica che la sua dieta a base di ghiande. Tempo di indurimento medio: 36 mesi dalla salatura. Gara: certificata da un&#8217;entit\u00e0 di controllo. Cibo: certificato da un ente di certificazione. Fattore di alimentazione: erba e ghianda.<\/p>\n","protected":false},"excerpt":{"rendered":"<p>Prosciutto iberico Bellota Monteparra D.O. di Guijuelo<\/p>\n","protected":false},"featured_media":197,"comment_status":"open","ping_status":"closed","template":"","meta":{"_et_pb_use_builder":"","_et_pb_old_content":"","_et_gb_content_width":"","_sitemap_exclude":false,"_sitemap_priority":"","_sitemap_frequency":""},"product_brand":[],"product_cat":[25,109,49],"product_tag":[],"class_list":{"0":"post-245","1":"product","2":"type-product","3":"status-publish","4":"has-post-thumbnail","6":"product_cat-home-it","7":"product_cat-prosciutti-iberici","8":"product_cat-tutti-i-prodotti","9":"product_shipping_class-normal-it","10":"pa_opciones-92-disossatoeconfezionatosot-it","11":"pa_opciones-interopezzo-it","12":"pa_opciones-e0-tagliatoacoltelloeconfezi-it","13":"pa_peso-7_7_5kg-it","14":"pa_peso-8_8_5kg-it","15":"pa_peso-8kgaprox-it","16":"pa_peso-circa-85-kg","18":"first","19":"instock","20":"shipping-taxable","21":"purchasable","22":"product-type-variable","23":"has-default-attributes"},"yoast_head":"<!-- This site is optimized with the Yoast SEO plugin v27.2 - https:\/\/yoast.com\/product\/yoast-seo-wordpress\/ -->\n<title>Prosciutto iberico Bellota Monteparra D.O. di Guijuelo - El Mejor Jam\u00f3n<\/title>\n<meta name=\"robots\" content=\"index, follow, max-snippet:-1, max-image-preview:large, max-video-preview:-1\" \/>\n<link rel=\"canonical\" href=\"https:\/\/elmejorjamon.es\/it\/producto\/prosciutto-iberico-bellota-monteparra-do-di-75-kg-circa-guijuelo\/\" \/>\n<meta property=\"og:locale\" content=\"it_IT\" \/>\n<meta property=\"og:type\" content=\"article\" \/>\n<meta property=\"og:title\" content=\"Prosciutto iberico Bellota Monteparra D.O. di Guijuelo - El Mejor Jam\u00f3n\" \/>\n<meta property=\"og:description\" content=\"Prosciutto iberico Bellota Monteparra D.O. di Guijuelo\" \/>\n<meta property=\"og:url\" content=\"https:\/\/elmejorjamon.es\/it\/producto\/prosciutto-iberico-bellota-monteparra-do-di-75-kg-circa-guijuelo\/\" \/>\n<meta property=\"og:site_name\" content=\"El Mejor Jam\u00f3n\" \/>\n<meta property=\"article:publisher\" content=\"https:\/\/www.facebook.com\/elmejorjamonweb\" \/>\n<meta property=\"article:modified_time\" content=\"2025-09-19T07:06:41+00:00\" \/>\n<meta property=\"og:image\" content=\"https:\/\/elmejorjamon.es\/wp-content\/uploads\/2007\/11\/1761-thickbox_default-Jamon-de-Bellota-75berico-Monteparra-D.O.-Guijuelo.jpg\" \/>\n\t<meta property=\"og:image:width\" content=\"1100\" \/>\n\t<meta property=\"og:image:height\" content=\"1422\" \/>\n\t<meta property=\"og:image:type\" content=\"image\/jpeg\" \/>\n<meta name=\"twitter:card\" content=\"summary_large_image\" \/>\n<meta name=\"twitter:site\" content=\"@elmejorjamonweb\" \/>\n<meta name=\"twitter:label1\" content=\"Tempo di lettura stimato\" \/>\n\t<meta name=\"twitter:data1\" content=\"1 minuto\" \/>\n<script type=\"application\/ld+json\" class=\"yoast-schema-graph\">{\"@context\":\"https:\/\/schema.org\",\"@graph\":[{\"@type\":\"WebPage\",\"@id\":\"https:\/\/elmejorjamon.es\/it\/producto\/prosciutto-iberico-bellota-monteparra-do-di-75-kg-circa-guijuelo\/\",\"url\":\"https:\/\/elmejorjamon.es\/it\/producto\/prosciutto-iberico-bellota-monteparra-do-di-75-kg-circa-guijuelo\/\",\"name\":\"Prosciutto iberico Bellota Monteparra D.O. di Guijuelo - El Mejor Jam\u00f3n\",\"isPartOf\":{\"@id\":\"https:\/\/elmejorjamon.es\/#website\"},\"primaryImageOfPage\":{\"@id\":\"https:\/\/elmejorjamon.es\/it\/producto\/prosciutto-iberico-bellota-monteparra-do-di-75-kg-circa-guijuelo\/#primaryimage\"},\"image\":{\"@id\":\"https:\/\/elmejorjamon.es\/it\/producto\/prosciutto-iberico-bellota-monteparra-do-di-75-kg-circa-guijuelo\/#primaryimage\"},\"thumbnailUrl\":\"https:\/\/elmejorjamon.es\/wp-content\/uploads\/2007\/11\/1761-thickbox_default-Jamon-de-Bellota-75berico-Monteparra-D.O.-Guijuelo.jpg\",\"datePublished\":\"2025-09-19T07:06:36+00:00\",\"dateModified\":\"2025-09-19T07:06:41+00:00\",\"breadcrumb\":{\"@id\":\"https:\/\/elmejorjamon.es\/it\/producto\/prosciutto-iberico-bellota-monteparra-do-di-75-kg-circa-guijuelo\/#breadcrumb\"},\"inLanguage\":\"it-IT\",\"potentialAction\":[{\"@type\":\"ReadAction\",\"target\":[\"https:\/\/elmejorjamon.es\/it\/producto\/prosciutto-iberico-bellota-monteparra-do-di-75-kg-circa-guijuelo\/\"]}]},{\"@type\":\"ImageObject\",\"inLanguage\":\"it-IT\",\"@id\":\"https:\/\/elmejorjamon.es\/it\/producto\/prosciutto-iberico-bellota-monteparra-do-di-75-kg-circa-guijuelo\/#primaryimage\",\"url\":\"https:\/\/elmejorjamon.es\/wp-content\/uploads\/2007\/11\/1761-thickbox_default-Jamon-de-Bellota-75berico-Monteparra-D.O.-Guijuelo.jpg\",\"contentUrl\":\"https:\/\/elmejorjamon.es\/wp-content\/uploads\/2007\/11\/1761-thickbox_default-Jamon-de-Bellota-75berico-Monteparra-D.O.-Guijuelo.jpg\",\"width\":1100,\"height\":1422},{\"@type\":\"BreadcrumbList\",\"@id\":\"https:\/\/elmejorjamon.es\/it\/producto\/prosciutto-iberico-bellota-monteparra-do-di-75-kg-circa-guijuelo\/#breadcrumb\",\"itemListElement\":[{\"@type\":\"ListItem\",\"position\":1,\"name\":\"Portada\",\"item\":\"https:\/\/elmejorjamon.es\/it\/\"},{\"@type\":\"ListItem\",\"position\":2,\"name\":\"Avvio rapido\",\"item\":\"https:\/\/elmejorjamon.es\/it\/\"},{\"@type\":\"ListItem\",\"position\":3,\"name\":\"Prosciutto iberico Bellota Monteparra D.O. di Guijuelo\"}]},{\"@type\":\"WebSite\",\"@id\":\"https:\/\/elmejorjamon.es\/#website\",\"url\":\"https:\/\/elmejorjamon.es\/\",\"name\":\"El Mejor Jam\u00f3n\",\"description\":\"Comprar jamones y embutidos a buen precio\",\"publisher\":{\"@id\":\"https:\/\/elmejorjamon.es\/#organization\"},\"potentialAction\":[{\"@type\":\"SearchAction\",\"target\":{\"@type\":\"EntryPoint\",\"urlTemplate\":\"https:\/\/elmejorjamon.es\/?s={search_term_string}\"},\"query-input\":{\"@type\":\"PropertyValueSpecification\",\"valueRequired\":true,\"valueName\":\"search_term_string\"}}],\"inLanguage\":\"it-IT\"},{\"@type\":\"Organization\",\"@id\":\"https:\/\/elmejorjamon.es\/#organization\",\"name\":\"El Mejor Jam\u00f3n\",\"url\":\"https:\/\/elmejorjamon.es\/\",\"logo\":{\"@type\":\"ImageObject\",\"inLanguage\":\"it-IT\",\"@id\":\"https:\/\/elmejorjamon.es\/#\/schema\/logo\/image\/\",\"url\":\"https:\/\/elmejorjamon.es\/wp-content\/uploads\/2025\/01\/logocorreos.png\",\"contentUrl\":\"https:\/\/elmejorjamon.es\/wp-content\/uploads\/2025\/01\/logocorreos.png\",\"width\":277,\"height\":200,\"caption\":\"El Mejor Jam\u00f3n\"},\"image\":{\"@id\":\"https:\/\/elmejorjamon.es\/#\/schema\/logo\/image\/\"},\"sameAs\":[\"https:\/\/www.facebook.com\/elmejorjamonweb\",\"https:\/\/x.com\/elmejorjamonweb\",\"https:\/\/www.instagram.com\/elmejorjamonweb\/\"]}]}<\/script>\n<!-- \/ Yoast SEO plugin. -->","yoast_head_json":{"title":"Prosciutto iberico Bellota Monteparra D.O. di Guijuelo - El Mejor Jam\u00f3n","robots":{"index":"index","follow":"follow","max-snippet":"max-snippet:-1","max-image-preview":"max-image-preview:large","max-video-preview":"max-video-preview:-1"},"canonical":"https:\/\/elmejorjamon.es\/it\/producto\/prosciutto-iberico-bellota-monteparra-do-di-75-kg-circa-guijuelo\/","og_locale":"it_IT","og_type":"article","og_title":"Prosciutto iberico Bellota Monteparra D.O. di Guijuelo - El Mejor Jam\u00f3n","og_description":"Prosciutto iberico Bellota Monteparra D.O. di Guijuelo","og_url":"https:\/\/elmejorjamon.es\/it\/producto\/prosciutto-iberico-bellota-monteparra-do-di-75-kg-circa-guijuelo\/","og_site_name":"El Mejor Jam\u00f3n","article_publisher":"https:\/\/www.facebook.com\/elmejorjamonweb","article_modified_time":"2025-09-19T07:06:41+00:00","og_image":[{"width":1100,"height":1422,"url":"https:\/\/elmejorjamon.es\/wp-content\/uploads\/2007\/11\/1761-thickbox_default-Jamon-de-Bellota-75berico-Monteparra-D.O.-Guijuelo.jpg","type":"image\/jpeg"}],"twitter_card":"summary_large_image","twitter_site":"@elmejorjamonweb","twitter_misc":{"Tempo di lettura stimato":"1 minuto"},"schema":{"@context":"https:\/\/schema.org","@graph":[{"@type":"WebPage","@id":"https:\/\/elmejorjamon.es\/it\/producto\/prosciutto-iberico-bellota-monteparra-do-di-75-kg-circa-guijuelo\/","url":"https:\/\/elmejorjamon.es\/it\/producto\/prosciutto-iberico-bellota-monteparra-do-di-75-kg-circa-guijuelo\/","name":"Prosciutto iberico Bellota Monteparra D.O. di Guijuelo - El Mejor Jam\u00f3n","isPartOf":{"@id":"https:\/\/elmejorjamon.es\/#website"},"primaryImageOfPage":{"@id":"https:\/\/elmejorjamon.es\/it\/producto\/prosciutto-iberico-bellota-monteparra-do-di-75-kg-circa-guijuelo\/#primaryimage"},"image":{"@id":"https:\/\/elmejorjamon.es\/it\/producto\/prosciutto-iberico-bellota-monteparra-do-di-75-kg-circa-guijuelo\/#primaryimage"},"thumbnailUrl":"https:\/\/elmejorjamon.es\/wp-content\/uploads\/2007\/11\/1761-thickbox_default-Jamon-de-Bellota-75berico-Monteparra-D.O.-Guijuelo.jpg","datePublished":"2025-09-19T07:06:36+00:00","dateModified":"2025-09-19T07:06:41+00:00","breadcrumb":{"@id":"https:\/\/elmejorjamon.es\/it\/producto\/prosciutto-iberico-bellota-monteparra-do-di-75-kg-circa-guijuelo\/#breadcrumb"},"inLanguage":"it-IT","potentialAction":[{"@type":"ReadAction","target":["https:\/\/elmejorjamon.es\/it\/producto\/prosciutto-iberico-bellota-monteparra-do-di-75-kg-circa-guijuelo\/"]}]},{"@type":"ImageObject","inLanguage":"it-IT","@id":"https:\/\/elmejorjamon.es\/it\/producto\/prosciutto-iberico-bellota-monteparra-do-di-75-kg-circa-guijuelo\/#primaryimage","url":"https:\/\/elmejorjamon.es\/wp-content\/uploads\/2007\/11\/1761-thickbox_default-Jamon-de-Bellota-75berico-Monteparra-D.O.-Guijuelo.jpg","contentUrl":"https:\/\/elmejorjamon.es\/wp-content\/uploads\/2007\/11\/1761-thickbox_default-Jamon-de-Bellota-75berico-Monteparra-D.O.-Guijuelo.jpg","width":1100,"height":1422},{"@type":"BreadcrumbList","@id":"https:\/\/elmejorjamon.es\/it\/producto\/prosciutto-iberico-bellota-monteparra-do-di-75-kg-circa-guijuelo\/#breadcrumb","itemListElement":[{"@type":"ListItem","position":1,"name":"Portada","item":"https:\/\/elmejorjamon.es\/it\/"},{"@type":"ListItem","position":2,"name":"Avvio rapido","item":"https:\/\/elmejorjamon.es\/it\/"},{"@type":"ListItem","position":3,"name":"Prosciutto iberico Bellota Monteparra D.O. di Guijuelo"}]},{"@type":"WebSite","@id":"https:\/\/elmejorjamon.es\/#website","url":"https:\/\/elmejorjamon.es\/","name":"El Mejor Jam\u00f3n","description":"Comprar jamones y embutidos a buen precio","publisher":{"@id":"https:\/\/elmejorjamon.es\/#organization"},"potentialAction":[{"@type":"SearchAction","target":{"@type":"EntryPoint","urlTemplate":"https:\/\/elmejorjamon.es\/?s={search_term_string}"},"query-input":{"@type":"PropertyValueSpecification","valueRequired":true,"valueName":"search_term_string"}}],"inLanguage":"it-IT"},{"@type":"Organization","@id":"https:\/\/elmejorjamon.es\/#organization","name":"El Mejor Jam\u00f3n","url":"https:\/\/elmejorjamon.es\/","logo":{"@type":"ImageObject","inLanguage":"it-IT","@id":"https:\/\/elmejorjamon.es\/#\/schema\/logo\/image\/","url":"https:\/\/elmejorjamon.es\/wp-content\/uploads\/2025\/01\/logocorreos.png","contentUrl":"https:\/\/elmejorjamon.es\/wp-content\/uploads\/2025\/01\/logocorreos.png","width":277,"height":200,"caption":"El Mejor Jam\u00f3n"},"image":{"@id":"https:\/\/elmejorjamon.es\/#\/schema\/logo\/image\/"},"sameAs":["https:\/\/www.facebook.com\/elmejorjamonweb","https:\/\/x.com\/elmejorjamonweb","https:\/\/www.instagram.com\/elmejorjamonweb\/"]}]}},"_links":{"self":[{"href":"https:\/\/elmejorjamon.es\/it\/wp-json\/wp\/v2\/product\/245","targetHints":{"allow":["GET"]}}],"collection":[{"href":"https:\/\/elmejorjamon.es\/it\/wp-json\/wp\/v2\/product"}],"about":[{"href":"https:\/\/elmejorjamon.es\/it\/wp-json\/wp\/v2\/types\/product"}],"replies":[{"embeddable":true,"href":"https:\/\/elmejorjamon.es\/it\/wp-json\/wp\/v2\/comments?post=245"}],"wp:featuredmedia":[{"embeddable":true,"href":"https:\/\/elmejorjamon.es\/it\/wp-json\/wp\/v2\/media\/197"}],"wp:attachment":[{"href":"https:\/\/elmejorjamon.es\/it\/wp-json\/wp\/v2\/media?parent=245"}],"wp:term":[{"taxonomy":"product_brand","embeddable":true,"href":"https:\/\/elmejorjamon.es\/it\/wp-json\/wp\/v2\/product_brand?post=245"},{"taxonomy":"product_cat","embeddable":true,"href":"https:\/\/elmejorjamon.es\/it\/wp-json\/wp\/v2\/product_cat?post=245"},{"taxonomy":"product_tag","embeddable":true,"href":"https:\/\/elmejorjamon.es\/it\/wp-json\/wp\/v2\/product_tag?post=245"}],"curies":[{"name":"wp","href":"https:\/\/api.w.org\/{rel}","templated":true}]}}