{"id":2447,"date":"2013-01-21T23:44:42","date_gmt":"2013-01-21T22:44:42","guid":{"rendered":"https:\/\/nueva.elmejorjamon.es\/producto\/briciole-di-merluzzo-salato-tipo-ling-2-kg\/"},"modified":"2013-01-21T23:44:42","modified_gmt":"2013-01-21T22:44:42","slug":"briciole-di-merluzzo-salato-tipo-ling-2-kg","status":"publish","type":"product","link":"https:\/\/elmejorjamon.es\/it\/producto\/briciole-di-merluzzo-salato-tipo-ling-2-kg\/","title":{"rendered":"Briciole di merluzzo salato tipo ling 2 kg."},"content":{"rendered":"<p>Briciole di merluzzo salato tipo ling 2 kg. Es necessario desalt prodotto prima dissalazione consumirlo.Para merluzzo, la prima cosa da fare \u00e8 rimuovere lo strato di sale sovrastante con un panno umido o sotto il rubinetto, con un filo d&#8217;acqua Le porzioni di merluzzo devono essere dello stesso spessore. Se sono diversi, \u00e8 meglio separarli in un altro contenitore. Mettere il merluzzo con la pelle in un recipiente con acqua fredda e abbondante (almeno tre parti di acqua per ogni parte di merluzzo) nel frigorifero, tra 6 e 8 \u00baC per 4 giorni. Se desalted a una temperatura pi\u00f9 bassa, il processo durer\u00e0 pi\u00f9 a lungo. Se \u00e8 fatto a una temperatura pi\u00f9 alta, la carne perder\u00e0 la consistenza. Durante i due giorni successivi, cambiare l&#8217;acqua solo una volta al giorno, tenendo il contenitore nel frigorifero. Si consiglia di provare il punto di sale, che \u00e8 da gustare. Lasciare asciugare, asciugare con un panno prima della cottura e sei pronto.<\/p>\n","protected":false},"excerpt":{"rendered":"<p>Briciole di merluzzo salato tipo ling 2 kg.<\/p>\n","protected":false},"featured_media":2431,"comment_status":"open","ping_status":"closed","template":"","meta":{"_et_pb_use_builder":"","_et_pb_old_content":"","_et_gb_content_width":"","_sitemap_exclude":false,"_sitemap_priority":"","_sitemap_frequency":""},"product_brand":[],"product_cat":[25,67,49],"product_tag":[],"class_list":{"0":"post-2447","1":"product","2":"type-product","3":"status-publish","4":"has-post-thumbnail","6":"product_cat-home-it","7":"product_cat-pesce-salato","8":"product_cat-tutti-i-prodotti","9":"product_shipping_class-normal-it","11":"first","12":"instock","13":"shipping-taxable","14":"purchasable","15":"product-type-simple"},"yoast_head":"<!-- This site is optimized with the Yoast SEO plugin v27.4 - https:\/\/yoast.com\/product\/yoast-seo-wordpress\/ -->\n<title>Briciole di merluzzo salato tipo ling 2 kg. - El Mejor Jam\u00f3n<\/title>\n<meta name=\"robots\" content=\"index, follow, max-snippet:-1, max-image-preview:large, max-video-preview:-1\" \/>\n<link rel=\"canonical\" href=\"https:\/\/elmejorjamon.es\/it\/producto\/briciole-di-merluzzo-salato-tipo-ling-2-kg\/\" \/>\n<meta property=\"og:locale\" content=\"it_IT\" \/>\n<meta property=\"og:type\" content=\"article\" \/>\n<meta property=\"og:title\" content=\"Briciole di merluzzo salato tipo ling 2 kg. - El Mejor Jam\u00f3n\" \/>\n<meta property=\"og:description\" content=\"Briciole di merluzzo salato tipo ling 2 kg.\" \/>\n<meta property=\"og:url\" content=\"https:\/\/elmejorjamon.es\/it\/producto\/briciole-di-merluzzo-salato-tipo-ling-2-kg\/\" \/>\n<meta property=\"og:site_name\" content=\"El Mejor Jam\u00f3n\" \/>\n<meta property=\"article:publisher\" content=\"https:\/\/www.facebook.com\/elmejorjamonweb\" \/>\n<meta property=\"og:image\" content=\"https:\/\/elmejorjamon.es\/wp-content\/uploads\/2013\/01\/1037-thickbox_default-Migas-de-bacalao-salado-tipo-ling-5-kg.jpg\" \/>\n\t<meta property=\"og:image:width\" content=\"1100\" \/>\n\t<meta property=\"og:image:height\" content=\"1422\" \/>\n\t<meta property=\"og:image:type\" content=\"image\/jpeg\" \/>\n<meta name=\"twitter:card\" content=\"summary_large_image\" \/>\n<meta name=\"twitter:site\" content=\"@elmejorjamonweb\" \/>\n<meta name=\"twitter:label1\" content=\"Tempo di lettura stimato\" \/>\n\t<meta name=\"twitter:data1\" content=\"1 minuto\" \/>\n<script type=\"application\/ld+json\" class=\"yoast-schema-graph\">{\"@context\":\"https:\\\/\\\/schema.org\",\"@graph\":[{\"@type\":\"WebPage\",\"@id\":\"https:\\\/\\\/elmejorjamon.es\\\/it\\\/producto\\\/briciole-di-merluzzo-salato-tipo-ling-2-kg\\\/\",\"url\":\"https:\\\/\\\/elmejorjamon.es\\\/it\\\/producto\\\/briciole-di-merluzzo-salato-tipo-ling-2-kg\\\/\",\"name\":\"Briciole di merluzzo salato tipo ling 2 kg. - El Mejor Jam\u00f3n\",\"isPartOf\":{\"@id\":\"https:\\\/\\\/elmejorjamon.es\\\/#website\"},\"primaryImageOfPage\":{\"@id\":\"https:\\\/\\\/elmejorjamon.es\\\/it\\\/producto\\\/briciole-di-merluzzo-salato-tipo-ling-2-kg\\\/#primaryimage\"},\"image\":{\"@id\":\"https:\\\/\\\/elmejorjamon.es\\\/it\\\/producto\\\/briciole-di-merluzzo-salato-tipo-ling-2-kg\\\/#primaryimage\"},\"thumbnailUrl\":\"https:\\\/\\\/elmejorjamon.es\\\/wp-content\\\/uploads\\\/2013\\\/01\\\/1037-thickbox_default-Migas-de-bacalao-salado-tipo-ling-5-kg.jpg\",\"datePublished\":\"2013-01-21T22:44:42+00:00\",\"breadcrumb\":{\"@id\":\"https:\\\/\\\/elmejorjamon.es\\\/it\\\/producto\\\/briciole-di-merluzzo-salato-tipo-ling-2-kg\\\/#breadcrumb\"},\"inLanguage\":\"it-IT\",\"potentialAction\":[{\"@type\":\"ReadAction\",\"target\":[\"https:\\\/\\\/elmejorjamon.es\\\/it\\\/producto\\\/briciole-di-merluzzo-salato-tipo-ling-2-kg\\\/\"]}]},{\"@type\":\"ImageObject\",\"inLanguage\":\"it-IT\",\"@id\":\"https:\\\/\\\/elmejorjamon.es\\\/it\\\/producto\\\/briciole-di-merluzzo-salato-tipo-ling-2-kg\\\/#primaryimage\",\"url\":\"https:\\\/\\\/elmejorjamon.es\\\/wp-content\\\/uploads\\\/2013\\\/01\\\/1037-thickbox_default-Migas-de-bacalao-salado-tipo-ling-5-kg.jpg\",\"contentUrl\":\"https:\\\/\\\/elmejorjamon.es\\\/wp-content\\\/uploads\\\/2013\\\/01\\\/1037-thickbox_default-Migas-de-bacalao-salado-tipo-ling-5-kg.jpg\",\"width\":1100,\"height\":1422,\"caption\":\"Migas de bacalao salado tipo ling 5 kg.\"},{\"@type\":\"BreadcrumbList\",\"@id\":\"https:\\\/\\\/elmejorjamon.es\\\/it\\\/producto\\\/briciole-di-merluzzo-salato-tipo-ling-2-kg\\\/#breadcrumb\",\"itemListElement\":[{\"@type\":\"ListItem\",\"position\":1,\"name\":\"Portada\",\"item\":\"https:\\\/\\\/elmejorjamon.es\\\/it\\\/\"},{\"@type\":\"ListItem\",\"position\":2,\"name\":\"Avvio rapido\",\"item\":\"https:\\\/\\\/elmejorjamon.es\\\/it\\\/\"},{\"@type\":\"ListItem\",\"position\":3,\"name\":\"Briciole di merluzzo salato tipo ling 2 kg.\"}]},{\"@type\":\"WebSite\",\"@id\":\"https:\\\/\\\/elmejorjamon.es\\\/#website\",\"url\":\"https:\\\/\\\/elmejorjamon.es\\\/\",\"name\":\"El Mejor Jam\u00f3n\",\"description\":\"Comprar jamones y embutidos a buen precio\",\"publisher\":{\"@id\":\"https:\\\/\\\/elmejorjamon.es\\\/#organization\"},\"potentialAction\":[{\"@type\":\"SearchAction\",\"target\":{\"@type\":\"EntryPoint\",\"urlTemplate\":\"https:\\\/\\\/elmejorjamon.es\\\/?s={search_term_string}\"},\"query-input\":{\"@type\":\"PropertyValueSpecification\",\"valueRequired\":true,\"valueName\":\"search_term_string\"}}],\"inLanguage\":\"it-IT\"},{\"@type\":\"Organization\",\"@id\":\"https:\\\/\\\/elmejorjamon.es\\\/#organization\",\"name\":\"El Mejor Jam\u00f3n\",\"url\":\"https:\\\/\\\/elmejorjamon.es\\\/\",\"logo\":{\"@type\":\"ImageObject\",\"inLanguage\":\"it-IT\",\"@id\":\"https:\\\/\\\/elmejorjamon.es\\\/#\\\/schema\\\/logo\\\/image\\\/\",\"url\":\"https:\\\/\\\/elmejorjamon.es\\\/wp-content\\\/uploads\\\/2025\\\/01\\\/logocorreos.png\",\"contentUrl\":\"https:\\\/\\\/elmejorjamon.es\\\/wp-content\\\/uploads\\\/2025\\\/01\\\/logocorreos.png\",\"width\":277,\"height\":200,\"caption\":\"El Mejor Jam\u00f3n\"},\"image\":{\"@id\":\"https:\\\/\\\/elmejorjamon.es\\\/#\\\/schema\\\/logo\\\/image\\\/\"},\"sameAs\":[\"https:\\\/\\\/www.facebook.com\\\/elmejorjamonweb\",\"https:\\\/\\\/x.com\\\/elmejorjamonweb\",\"https:\\\/\\\/www.instagram.com\\\/elmejorjamonweb\\\/\"]}]}<\/script>\n<!-- \/ Yoast SEO plugin. -->","yoast_head_json":{"title":"Briciole di merluzzo salato tipo ling 2 kg. - El Mejor Jam\u00f3n","robots":{"index":"index","follow":"follow","max-snippet":"max-snippet:-1","max-image-preview":"max-image-preview:large","max-video-preview":"max-video-preview:-1"},"canonical":"https:\/\/elmejorjamon.es\/it\/producto\/briciole-di-merluzzo-salato-tipo-ling-2-kg\/","og_locale":"it_IT","og_type":"article","og_title":"Briciole di merluzzo salato tipo ling 2 kg. - El Mejor Jam\u00f3n","og_description":"Briciole di merluzzo salato tipo ling 2 kg.","og_url":"https:\/\/elmejorjamon.es\/it\/producto\/briciole-di-merluzzo-salato-tipo-ling-2-kg\/","og_site_name":"El Mejor Jam\u00f3n","article_publisher":"https:\/\/www.facebook.com\/elmejorjamonweb","og_image":[{"width":1100,"height":1422,"url":"https:\/\/elmejorjamon.es\/wp-content\/uploads\/2013\/01\/1037-thickbox_default-Migas-de-bacalao-salado-tipo-ling-5-kg.jpg","type":"image\/jpeg"}],"twitter_card":"summary_large_image","twitter_site":"@elmejorjamonweb","twitter_misc":{"Tempo di lettura stimato":"1 minuto"},"schema":{"@context":"https:\/\/schema.org","@graph":[{"@type":"WebPage","@id":"https:\/\/elmejorjamon.es\/it\/producto\/briciole-di-merluzzo-salato-tipo-ling-2-kg\/","url":"https:\/\/elmejorjamon.es\/it\/producto\/briciole-di-merluzzo-salato-tipo-ling-2-kg\/","name":"Briciole di merluzzo salato tipo ling 2 kg. - El Mejor Jam\u00f3n","isPartOf":{"@id":"https:\/\/elmejorjamon.es\/#website"},"primaryImageOfPage":{"@id":"https:\/\/elmejorjamon.es\/it\/producto\/briciole-di-merluzzo-salato-tipo-ling-2-kg\/#primaryimage"},"image":{"@id":"https:\/\/elmejorjamon.es\/it\/producto\/briciole-di-merluzzo-salato-tipo-ling-2-kg\/#primaryimage"},"thumbnailUrl":"https:\/\/elmejorjamon.es\/wp-content\/uploads\/2013\/01\/1037-thickbox_default-Migas-de-bacalao-salado-tipo-ling-5-kg.jpg","datePublished":"2013-01-21T22:44:42+00:00","breadcrumb":{"@id":"https:\/\/elmejorjamon.es\/it\/producto\/briciole-di-merluzzo-salato-tipo-ling-2-kg\/#breadcrumb"},"inLanguage":"it-IT","potentialAction":[{"@type":"ReadAction","target":["https:\/\/elmejorjamon.es\/it\/producto\/briciole-di-merluzzo-salato-tipo-ling-2-kg\/"]}]},{"@type":"ImageObject","inLanguage":"it-IT","@id":"https:\/\/elmejorjamon.es\/it\/producto\/briciole-di-merluzzo-salato-tipo-ling-2-kg\/#primaryimage","url":"https:\/\/elmejorjamon.es\/wp-content\/uploads\/2013\/01\/1037-thickbox_default-Migas-de-bacalao-salado-tipo-ling-5-kg.jpg","contentUrl":"https:\/\/elmejorjamon.es\/wp-content\/uploads\/2013\/01\/1037-thickbox_default-Migas-de-bacalao-salado-tipo-ling-5-kg.jpg","width":1100,"height":1422,"caption":"Migas de bacalao salado tipo ling 5 kg."},{"@type":"BreadcrumbList","@id":"https:\/\/elmejorjamon.es\/it\/producto\/briciole-di-merluzzo-salato-tipo-ling-2-kg\/#breadcrumb","itemListElement":[{"@type":"ListItem","position":1,"name":"Portada","item":"https:\/\/elmejorjamon.es\/it\/"},{"@type":"ListItem","position":2,"name":"Avvio rapido","item":"https:\/\/elmejorjamon.es\/it\/"},{"@type":"ListItem","position":3,"name":"Briciole di merluzzo salato tipo ling 2 kg."}]},{"@type":"WebSite","@id":"https:\/\/elmejorjamon.es\/#website","url":"https:\/\/elmejorjamon.es\/","name":"El Mejor Jam\u00f3n","description":"Comprar jamones y embutidos a buen precio","publisher":{"@id":"https:\/\/elmejorjamon.es\/#organization"},"potentialAction":[{"@type":"SearchAction","target":{"@type":"EntryPoint","urlTemplate":"https:\/\/elmejorjamon.es\/?s={search_term_string}"},"query-input":{"@type":"PropertyValueSpecification","valueRequired":true,"valueName":"search_term_string"}}],"inLanguage":"it-IT"},{"@type":"Organization","@id":"https:\/\/elmejorjamon.es\/#organization","name":"El Mejor Jam\u00f3n","url":"https:\/\/elmejorjamon.es\/","logo":{"@type":"ImageObject","inLanguage":"it-IT","@id":"https:\/\/elmejorjamon.es\/#\/schema\/logo\/image\/","url":"https:\/\/elmejorjamon.es\/wp-content\/uploads\/2025\/01\/logocorreos.png","contentUrl":"https:\/\/elmejorjamon.es\/wp-content\/uploads\/2025\/01\/logocorreos.png","width":277,"height":200,"caption":"El Mejor Jam\u00f3n"},"image":{"@id":"https:\/\/elmejorjamon.es\/#\/schema\/logo\/image\/"},"sameAs":["https:\/\/www.facebook.com\/elmejorjamonweb","https:\/\/x.com\/elmejorjamonweb","https:\/\/www.instagram.com\/elmejorjamonweb\/"]}]}},"_links":{"self":[{"href":"https:\/\/elmejorjamon.es\/it\/wp-json\/wp\/v2\/product\/2447","targetHints":{"allow":["GET"]}}],"collection":[{"href":"https:\/\/elmejorjamon.es\/it\/wp-json\/wp\/v2\/product"}],"about":[{"href":"https:\/\/elmejorjamon.es\/it\/wp-json\/wp\/v2\/types\/product"}],"replies":[{"embeddable":true,"href":"https:\/\/elmejorjamon.es\/it\/wp-json\/wp\/v2\/comments?post=2447"}],"wp:featuredmedia":[{"embeddable":true,"href":"https:\/\/elmejorjamon.es\/it\/wp-json\/wp\/v2\/media\/2431"}],"wp:attachment":[{"href":"https:\/\/elmejorjamon.es\/it\/wp-json\/wp\/v2\/media?parent=2447"}],"wp:term":[{"taxonomy":"product_brand","embeddable":true,"href":"https:\/\/elmejorjamon.es\/it\/wp-json\/wp\/v2\/product_brand?post=2447"},{"taxonomy":"product_cat","embeddable":true,"href":"https:\/\/elmejorjamon.es\/it\/wp-json\/wp\/v2\/product_cat?post=2447"},{"taxonomy":"product_tag","embeddable":true,"href":"https:\/\/elmejorjamon.es\/it\/wp-json\/wp\/v2\/product_tag?post=2447"}],"curies":[{"name":"wp","href":"https:\/\/api.w.org\/{rel}","templated":true}]}}