{"id":22167,"date":"2026-04-10T12:51:40","date_gmt":"2026-04-10T10:51:40","guid":{"rendered":"https:\/\/elmejorjamon.es\/?post_type=product&#038;p=22167"},"modified":"2026-04-10T13:17:40","modified_gmt":"2026-04-10T11:17:40","slug":"olio-extra-vergine-di-oliva-pago-francisco-gomez-autore-500-ml","status":"publish","type":"product","link":"https:\/\/elmejorjamon.es\/it\/producto\/olio-extra-vergine-di-oliva-pago-francisco-gomez-autore-500-ml\/","title":{"rendered":"Olio extra vergine di oliva Pago Francisco Gomez autore 500 ml."},"content":{"rendered":"<p>ABBINAMENTI<br \/>\nOlio Extra Vergine di Oliva Gourmet Eccezionale. Ideale per esaltare insalate gourmet, pesce bianco, carpaccio e formaggi freschi. Perfetto da gustare crudo su pane artigianale o come tocco finale per piatti di alta cucina.<\/p>\n<p>VARIET\u00c0: Picual &#8211; Lecciana &#8211; Chiquitita<br \/>\nPRODUZIONE:<br \/>\nNOTE DI DEGUSTAZIONE<\/p>\n<p>Di colore verde dorato intenso e brillante, che riflette freschezza e alta qualit\u00e0. La sua densit\u00e0 medio-alta denota una notevole presenza nel bicchiere e al palato.<\/p>\n<p>Un profumo espressivo ed elegante con una fruttuosit\u00e0 verde media, dove spiccano note fresche di erba appena tagliata, banana, mandorla, carciofo e frutta secca. Si percepiscono sottili sfumature di pomodoro, banana e mela, con un leggero retrogusto speziato che aggiunge complessit\u00e0 e profondit\u00e0.<\/p>\n<p>Al palato, presenta un ingresso vellutato, che evolve in un equilibrio e una persistenza di media amarezza e speziatura, caratteristiche della variet\u00e0 Picual e rafforzate dalla personalit\u00e0 unica delle variet\u00e0 Chiquitita e Lecciana (grano verde ed erba tenera). Il suo retrogusto \u00e8 persistente, con sentori di frutta secca e foglie di pomodoro.<\/p>\n","protected":false},"excerpt":{"rendered":"<p>Olio extra vergine di oliva biologico ecologico Pago Francisco Gomez autore 500 ml.<\/p>\n","protected":false},"featured_media":22173,"comment_status":"open","ping_status":"closed","template":"","meta":{"_et_pb_use_builder":"","_et_pb_old_content":"","_et_gb_content_width":"","_sitemap_exclude":false,"_sitemap_priority":"","_sitemap_frequency":""},"product_brand":[],"product_cat":[25,121,49],"product_tag":[],"class_list":{"0":"post-22167","1":"product","2":"type-product","3":"status-publish","4":"has-post-thumbnail","6":"product_cat-home-it","7":"product_cat-aceites-it","8":"product_cat-tutti-i-prodotti","9":"product_shipping_class-normal-it","11":"first","12":"instock","13":"shipping-taxable","14":"purchasable","15":"product-type-simple"},"yoast_head":"<!-- This site is optimized with the Yoast SEO plugin v27.4 - https:\/\/yoast.com\/product\/yoast-seo-wordpress\/ -->\n<title>Olio extra vergine di oliva Pago Francisco Gomez autore 500 ml. - El Mejor Jam\u00f3n<\/title>\n<meta name=\"description\" content=\"Olio Extra Vergine di Oliva Gourmet. Ideale per esaltare insalate gourmet, pesce bianco, carpaccio e formaggi freschi. Perfetto da gustare crudo su pane\" \/>\n<meta name=\"robots\" content=\"index, follow, max-snippet:-1, max-image-preview:large, max-video-preview:-1\" \/>\n<link rel=\"canonical\" href=\"https:\/\/elmejorjamon.es\/it\/producto\/olio-extra-vergine-di-oliva-pago-francisco-gomez-autore-500-ml\/\" \/>\n<meta property=\"og:locale\" content=\"it_IT\" \/>\n<meta property=\"og:type\" content=\"article\" \/>\n<meta property=\"og:title\" content=\"Olio extra vergine di oliva Pago Francisco Gomez autore 500 ml. - El Mejor Jam\u00f3n\" \/>\n<meta property=\"og:description\" content=\"Olio Extra Vergine di Oliva Gourmet. Ideale per esaltare insalate gourmet, pesce bianco, carpaccio e formaggi freschi. Perfetto da gustare crudo su pane\" \/>\n<meta property=\"og:url\" content=\"https:\/\/elmejorjamon.es\/it\/producto\/olio-extra-vergine-di-oliva-pago-francisco-gomez-autore-500-ml\/\" \/>\n<meta property=\"og:site_name\" content=\"El Mejor Jam\u00f3n\" \/>\n<meta property=\"article:publisher\" content=\"https:\/\/www.facebook.com\/elmejorjamonweb\" \/>\n<meta property=\"article:modified_time\" content=\"2026-04-10T11:17:40+00:00\" \/>\n<meta property=\"og:image\" content=\"https:\/\/elmejorjamon.es\/wp-content\/uploads\/2026\/04\/pago_can.jpg\" \/>\n\t<meta property=\"og:image:width\" content=\"450\" \/>\n\t<meta property=\"og:image:height\" content=\"900\" \/>\n\t<meta property=\"og:image:type\" content=\"image\/jpeg\" \/>\n<meta name=\"twitter:card\" content=\"summary_large_image\" \/>\n<meta name=\"twitter:site\" content=\"@elmejorjamonweb\" \/>\n<meta name=\"twitter:label1\" content=\"Tempo di lettura stimato\" \/>\n\t<meta name=\"twitter:data1\" content=\"1 minuto\" \/>\n<script type=\"application\/ld+json\" class=\"yoast-schema-graph\">{\"@context\":\"https:\\\/\\\/schema.org\",\"@graph\":[{\"@type\":\"WebPage\",\"@id\":\"https:\\\/\\\/elmejorjamon.es\\\/it\\\/producto\\\/olio-extra-vergine-di-oliva-pago-francisco-gomez-autore-500-ml\\\/\",\"url\":\"https:\\\/\\\/elmejorjamon.es\\\/it\\\/producto\\\/olio-extra-vergine-di-oliva-pago-francisco-gomez-autore-500-ml\\\/\",\"name\":\"Olio extra vergine di oliva Pago Francisco Gomez autore 500 ml. - El Mejor Jam\u00f3n\",\"isPartOf\":{\"@id\":\"https:\\\/\\\/elmejorjamon.es\\\/#website\"},\"primaryImageOfPage\":{\"@id\":\"https:\\\/\\\/elmejorjamon.es\\\/it\\\/producto\\\/olio-extra-vergine-di-oliva-pago-francisco-gomez-autore-500-ml\\\/#primaryimage\"},\"image\":{\"@id\":\"https:\\\/\\\/elmejorjamon.es\\\/it\\\/producto\\\/olio-extra-vergine-di-oliva-pago-francisco-gomez-autore-500-ml\\\/#primaryimage\"},\"thumbnailUrl\":\"https:\\\/\\\/elmejorjamon.es\\\/wp-content\\\/uploads\\\/2026\\\/04\\\/pago_can.jpg\",\"datePublished\":\"2026-04-10T10:51:40+00:00\",\"dateModified\":\"2026-04-10T11:17:40+00:00\",\"description\":\"Olio Extra Vergine di Oliva Gourmet. Ideale per esaltare insalate gourmet, pesce bianco, carpaccio e formaggi freschi. Perfetto da gustare crudo su pane\",\"breadcrumb\":{\"@id\":\"https:\\\/\\\/elmejorjamon.es\\\/it\\\/producto\\\/olio-extra-vergine-di-oliva-pago-francisco-gomez-autore-500-ml\\\/#breadcrumb\"},\"inLanguage\":\"it-IT\",\"potentialAction\":[{\"@type\":\"ReadAction\",\"target\":[\"https:\\\/\\\/elmejorjamon.es\\\/it\\\/producto\\\/olio-extra-vergine-di-oliva-pago-francisco-gomez-autore-500-ml\\\/\"]}]},{\"@type\":\"ImageObject\",\"inLanguage\":\"it-IT\",\"@id\":\"https:\\\/\\\/elmejorjamon.es\\\/it\\\/producto\\\/olio-extra-vergine-di-oliva-pago-francisco-gomez-autore-500-ml\\\/#primaryimage\",\"url\":\"https:\\\/\\\/elmejorjamon.es\\\/wp-content\\\/uploads\\\/2026\\\/04\\\/pago_can.jpg\",\"contentUrl\":\"https:\\\/\\\/elmejorjamon.es\\\/wp-content\\\/uploads\\\/2026\\\/04\\\/pago_can.jpg\",\"width\":450,\"height\":900},{\"@type\":\"BreadcrumbList\",\"@id\":\"https:\\\/\\\/elmejorjamon.es\\\/it\\\/producto\\\/olio-extra-vergine-di-oliva-pago-francisco-gomez-autore-500-ml\\\/#breadcrumb\",\"itemListElement\":[{\"@type\":\"ListItem\",\"position\":1,\"name\":\"Portada\",\"item\":\"https:\\\/\\\/elmejorjamon.es\\\/it\\\/\"},{\"@type\":\"ListItem\",\"position\":2,\"name\":\"Avvio rapido\",\"item\":\"https:\\\/\\\/elmejorjamon.es\\\/it\\\/\"},{\"@type\":\"ListItem\",\"position\":3,\"name\":\"Olio extra vergine di oliva Pago Francisco Gomez autore 500 ml.\"}]},{\"@type\":\"WebSite\",\"@id\":\"https:\\\/\\\/elmejorjamon.es\\\/#website\",\"url\":\"https:\\\/\\\/elmejorjamon.es\\\/\",\"name\":\"El Mejor Jam\u00f3n\",\"description\":\"Comprar jamones y embutidos a buen precio\",\"publisher\":{\"@id\":\"https:\\\/\\\/elmejorjamon.es\\\/#organization\"},\"potentialAction\":[{\"@type\":\"SearchAction\",\"target\":{\"@type\":\"EntryPoint\",\"urlTemplate\":\"https:\\\/\\\/elmejorjamon.es\\\/?s={search_term_string}\"},\"query-input\":{\"@type\":\"PropertyValueSpecification\",\"valueRequired\":true,\"valueName\":\"search_term_string\"}}],\"inLanguage\":\"it-IT\"},{\"@type\":\"Organization\",\"@id\":\"https:\\\/\\\/elmejorjamon.es\\\/#organization\",\"name\":\"El Mejor Jam\u00f3n\",\"url\":\"https:\\\/\\\/elmejorjamon.es\\\/\",\"logo\":{\"@type\":\"ImageObject\",\"inLanguage\":\"it-IT\",\"@id\":\"https:\\\/\\\/elmejorjamon.es\\\/#\\\/schema\\\/logo\\\/image\\\/\",\"url\":\"https:\\\/\\\/elmejorjamon.es\\\/wp-content\\\/uploads\\\/2025\\\/01\\\/logocorreos.png\",\"contentUrl\":\"https:\\\/\\\/elmejorjamon.es\\\/wp-content\\\/uploads\\\/2025\\\/01\\\/logocorreos.png\",\"width\":277,\"height\":200,\"caption\":\"El Mejor Jam\u00f3n\"},\"image\":{\"@id\":\"https:\\\/\\\/elmejorjamon.es\\\/#\\\/schema\\\/logo\\\/image\\\/\"},\"sameAs\":[\"https:\\\/\\\/www.facebook.com\\\/elmejorjamonweb\",\"https:\\\/\\\/x.com\\\/elmejorjamonweb\",\"https:\\\/\\\/www.instagram.com\\\/elmejorjamonweb\\\/\"]}]}<\/script>\n<!-- \/ Yoast SEO plugin. -->","yoast_head_json":{"title":"Olio extra vergine di oliva Pago Francisco Gomez autore 500 ml. - El Mejor Jam\u00f3n","description":"Olio Extra Vergine di Oliva Gourmet. Ideale per esaltare insalate gourmet, pesce bianco, carpaccio e formaggi freschi. Perfetto da gustare crudo su pane","robots":{"index":"index","follow":"follow","max-snippet":"max-snippet:-1","max-image-preview":"max-image-preview:large","max-video-preview":"max-video-preview:-1"},"canonical":"https:\/\/elmejorjamon.es\/it\/producto\/olio-extra-vergine-di-oliva-pago-francisco-gomez-autore-500-ml\/","og_locale":"it_IT","og_type":"article","og_title":"Olio extra vergine di oliva Pago Francisco Gomez autore 500 ml. - El Mejor Jam\u00f3n","og_description":"Olio Extra Vergine di Oliva Gourmet. Ideale per esaltare insalate gourmet, pesce bianco, carpaccio e formaggi freschi. Perfetto da gustare crudo su pane","og_url":"https:\/\/elmejorjamon.es\/it\/producto\/olio-extra-vergine-di-oliva-pago-francisco-gomez-autore-500-ml\/","og_site_name":"El Mejor Jam\u00f3n","article_publisher":"https:\/\/www.facebook.com\/elmejorjamonweb","article_modified_time":"2026-04-10T11:17:40+00:00","og_image":[{"width":450,"height":900,"url":"https:\/\/elmejorjamon.es\/wp-content\/uploads\/2026\/04\/pago_can.jpg","type":"image\/jpeg"}],"twitter_card":"summary_large_image","twitter_site":"@elmejorjamonweb","twitter_misc":{"Tempo di lettura stimato":"1 minuto"},"schema":{"@context":"https:\/\/schema.org","@graph":[{"@type":"WebPage","@id":"https:\/\/elmejorjamon.es\/it\/producto\/olio-extra-vergine-di-oliva-pago-francisco-gomez-autore-500-ml\/","url":"https:\/\/elmejorjamon.es\/it\/producto\/olio-extra-vergine-di-oliva-pago-francisco-gomez-autore-500-ml\/","name":"Olio extra vergine di oliva Pago Francisco Gomez autore 500 ml. - El Mejor Jam\u00f3n","isPartOf":{"@id":"https:\/\/elmejorjamon.es\/#website"},"primaryImageOfPage":{"@id":"https:\/\/elmejorjamon.es\/it\/producto\/olio-extra-vergine-di-oliva-pago-francisco-gomez-autore-500-ml\/#primaryimage"},"image":{"@id":"https:\/\/elmejorjamon.es\/it\/producto\/olio-extra-vergine-di-oliva-pago-francisco-gomez-autore-500-ml\/#primaryimage"},"thumbnailUrl":"https:\/\/elmejorjamon.es\/wp-content\/uploads\/2026\/04\/pago_can.jpg","datePublished":"2026-04-10T10:51:40+00:00","dateModified":"2026-04-10T11:17:40+00:00","description":"Olio Extra Vergine di Oliva Gourmet. Ideale per esaltare insalate gourmet, pesce bianco, carpaccio e formaggi freschi. Perfetto da gustare crudo su pane","breadcrumb":{"@id":"https:\/\/elmejorjamon.es\/it\/producto\/olio-extra-vergine-di-oliva-pago-francisco-gomez-autore-500-ml\/#breadcrumb"},"inLanguage":"it-IT","potentialAction":[{"@type":"ReadAction","target":["https:\/\/elmejorjamon.es\/it\/producto\/olio-extra-vergine-di-oliva-pago-francisco-gomez-autore-500-ml\/"]}]},{"@type":"ImageObject","inLanguage":"it-IT","@id":"https:\/\/elmejorjamon.es\/it\/producto\/olio-extra-vergine-di-oliva-pago-francisco-gomez-autore-500-ml\/#primaryimage","url":"https:\/\/elmejorjamon.es\/wp-content\/uploads\/2026\/04\/pago_can.jpg","contentUrl":"https:\/\/elmejorjamon.es\/wp-content\/uploads\/2026\/04\/pago_can.jpg","width":450,"height":900},{"@type":"BreadcrumbList","@id":"https:\/\/elmejorjamon.es\/it\/producto\/olio-extra-vergine-di-oliva-pago-francisco-gomez-autore-500-ml\/#breadcrumb","itemListElement":[{"@type":"ListItem","position":1,"name":"Portada","item":"https:\/\/elmejorjamon.es\/it\/"},{"@type":"ListItem","position":2,"name":"Avvio rapido","item":"https:\/\/elmejorjamon.es\/it\/"},{"@type":"ListItem","position":3,"name":"Olio extra vergine di oliva Pago Francisco Gomez autore 500 ml."}]},{"@type":"WebSite","@id":"https:\/\/elmejorjamon.es\/#website","url":"https:\/\/elmejorjamon.es\/","name":"El Mejor Jam\u00f3n","description":"Comprar jamones y embutidos a buen precio","publisher":{"@id":"https:\/\/elmejorjamon.es\/#organization"},"potentialAction":[{"@type":"SearchAction","target":{"@type":"EntryPoint","urlTemplate":"https:\/\/elmejorjamon.es\/?s={search_term_string}"},"query-input":{"@type":"PropertyValueSpecification","valueRequired":true,"valueName":"search_term_string"}}],"inLanguage":"it-IT"},{"@type":"Organization","@id":"https:\/\/elmejorjamon.es\/#organization","name":"El Mejor Jam\u00f3n","url":"https:\/\/elmejorjamon.es\/","logo":{"@type":"ImageObject","inLanguage":"it-IT","@id":"https:\/\/elmejorjamon.es\/#\/schema\/logo\/image\/","url":"https:\/\/elmejorjamon.es\/wp-content\/uploads\/2025\/01\/logocorreos.png","contentUrl":"https:\/\/elmejorjamon.es\/wp-content\/uploads\/2025\/01\/logocorreos.png","width":277,"height":200,"caption":"El Mejor Jam\u00f3n"},"image":{"@id":"https:\/\/elmejorjamon.es\/#\/schema\/logo\/image\/"},"sameAs":["https:\/\/www.facebook.com\/elmejorjamonweb","https:\/\/x.com\/elmejorjamonweb","https:\/\/www.instagram.com\/elmejorjamonweb\/"]}]}},"_links":{"self":[{"href":"https:\/\/elmejorjamon.es\/it\/wp-json\/wp\/v2\/product\/22167","targetHints":{"allow":["GET"]}}],"collection":[{"href":"https:\/\/elmejorjamon.es\/it\/wp-json\/wp\/v2\/product"}],"about":[{"href":"https:\/\/elmejorjamon.es\/it\/wp-json\/wp\/v2\/types\/product"}],"replies":[{"embeddable":true,"href":"https:\/\/elmejorjamon.es\/it\/wp-json\/wp\/v2\/comments?post=22167"}],"wp:featuredmedia":[{"embeddable":true,"href":"https:\/\/elmejorjamon.es\/it\/wp-json\/wp\/v2\/media\/22173"}],"wp:attachment":[{"href":"https:\/\/elmejorjamon.es\/it\/wp-json\/wp\/v2\/media?parent=22167"}],"wp:term":[{"taxonomy":"product_brand","embeddable":true,"href":"https:\/\/elmejorjamon.es\/it\/wp-json\/wp\/v2\/product_brand?post=22167"},{"taxonomy":"product_cat","embeddable":true,"href":"https:\/\/elmejorjamon.es\/it\/wp-json\/wp\/v2\/product_cat?post=22167"},{"taxonomy":"product_tag","embeddable":true,"href":"https:\/\/elmejorjamon.es\/it\/wp-json\/wp\/v2\/product_tag?post=22167"}],"curies":[{"name":"wp","href":"https:\/\/api.w.org\/{rel}","templated":true}]}}