{"id":21587,"date":"2026-01-23T10:29:02","date_gmt":"2026-01-23T09:29:02","guid":{"rendered":"https:\/\/elmejorjamon.es\/?post_type=product&#038;p=21587"},"modified":"2026-01-23T11:33:09","modified_gmt":"2026-01-23T10:33:09","slug":"acciughe-del-cantabrico-in-olio-doliva-la-castrena-45-unita","status":"publish","type":"product","link":"https:\/\/elmejorjamon.es\/it\/producto\/acciughe-del-cantabrico-in-olio-doliva-la-castrena-45-unita\/","title":{"rendered":"Acciughe del Cantabrico in olio d&#8217;oliva La Castre\u00f1a 45 unit\u00e0"},"content":{"rendered":"<p>Vaschetta da 45 grandi filetti di acciughe del Cantabrico.<\/p>\n<p>Ingredienti: Acciughe (Engraulis encrasicolus) (pesce), olio d&#8217;oliva e sale.<\/p>\n","protected":false},"excerpt":{"rendered":"<p>Acciughe del Cantabrico in olio d&#8217;oliva La Castre\u00f1a 45 unit\u00e0<\/p>\n","protected":false},"featured_media":21599,"comment_status":"open","ping_status":"closed","template":"","meta":{"_et_pb_use_builder":"off","_et_pb_old_content":"Vaschetta da 45 grandi filetti di acciughe del Cantabrico.\r\n\r\nIngredienti: Acciughe (Engraulis encrasicolus) (pesce), olio d'oliva e sale.","_et_gb_content_width":"","_sitemap_exclude":false,"_sitemap_priority":"","_sitemap_frequency":""},"product_brand":[],"product_cat":[187,43,25,49],"product_tag":[],"class_list":{"0":"post-21587","1":"product","2":"type-product","3":"status-publish","4":"has-post-thumbnail","6":"product_cat-acciughe","7":"product_cat-conservas-it","8":"product_cat-home-it","9":"product_cat-tutti-i-prodotti","10":"product_shipping_class-normal-it","12":"first","13":"instock","14":"shipping-taxable","15":"purchasable","16":"product-type-simple"},"yoast_head":"<!-- This site is optimized with the Yoast SEO plugin v27.4 - https:\/\/yoast.com\/product\/yoast-seo-wordpress\/ -->\n<title>Acquistare Acciughe del Cantabrico in olio d&#039;oliva La Castre\u00f1a 45 unit\u00e0 - El Mejor Jam\u00f3n<\/title>\n<meta name=\"description\" content=\"Ingredienti: Acciughe (Engraulis encrasicolus) (pesce), olio d&#039;oliva e sale. Vaschetta da 45 filetti grandi.\" \/>\n<meta name=\"robots\" content=\"index, follow, max-snippet:-1, max-image-preview:large, max-video-preview:-1\" \/>\n<link rel=\"canonical\" href=\"https:\/\/elmejorjamon.es\/it\/producto\/acciughe-del-cantabrico-in-olio-doliva-la-castrena-45-unita\/\" \/>\n<meta property=\"og:locale\" content=\"it_IT\" \/>\n<meta property=\"og:type\" content=\"article\" \/>\n<meta property=\"og:title\" content=\"Acquistare Acciughe del Cantabrico in olio d&#039;oliva La Castre\u00f1a 45 unit\u00e0 - El Mejor Jam\u00f3n\" \/>\n<meta property=\"og:description\" content=\"Ingredienti: Acciughe (Engraulis encrasicolus) (pesce), olio d&#039;oliva e sale. Vaschetta da 45 filetti grandi.\" \/>\n<meta property=\"og:url\" content=\"https:\/\/elmejorjamon.es\/it\/producto\/acciughe-del-cantabrico-in-olio-doliva-la-castrena-45-unita\/\" \/>\n<meta property=\"og:site_name\" content=\"El Mejor Jam\u00f3n\" \/>\n<meta property=\"article:publisher\" content=\"https:\/\/www.facebook.com\/elmejorjamonweb\" \/>\n<meta property=\"article:modified_time\" content=\"2026-01-23T10:33:09+00:00\" \/>\n<meta property=\"og:image\" content=\"https:\/\/elmejorjamon.es\/wp-content\/uploads\/2026\/01\/CANTABRICOCASTRENA.jpg\" \/>\n\t<meta property=\"og:image:width\" content=\"637\" \/>\n\t<meta property=\"og:image:height\" content=\"950\" \/>\n\t<meta property=\"og:image:type\" content=\"image\/jpeg\" \/>\n<meta name=\"twitter:card\" content=\"summary_large_image\" \/>\n<meta name=\"twitter:site\" content=\"@elmejorjamonweb\" \/>\n<meta name=\"twitter:label1\" content=\"Tempo di lettura stimato\" \/>\n\t<meta name=\"twitter:data1\" content=\"1 minuto\" \/>\n<script type=\"application\/ld+json\" class=\"yoast-schema-graph\">{\"@context\":\"https:\\\/\\\/schema.org\",\"@graph\":[{\"@type\":\"WebPage\",\"@id\":\"https:\\\/\\\/elmejorjamon.es\\\/it\\\/producto\\\/acciughe-del-cantabrico-in-olio-doliva-la-castrena-45-unita\\\/\",\"url\":\"https:\\\/\\\/elmejorjamon.es\\\/it\\\/producto\\\/acciughe-del-cantabrico-in-olio-doliva-la-castrena-45-unita\\\/\",\"name\":\"Acquistare Acciughe del Cantabrico in olio d'oliva La Castre\u00f1a 45 unit\u00e0 - El Mejor Jam\u00f3n\",\"isPartOf\":{\"@id\":\"https:\\\/\\\/elmejorjamon.es\\\/#website\"},\"primaryImageOfPage\":{\"@id\":\"https:\\\/\\\/elmejorjamon.es\\\/it\\\/producto\\\/acciughe-del-cantabrico-in-olio-doliva-la-castrena-45-unita\\\/#primaryimage\"},\"image\":{\"@id\":\"https:\\\/\\\/elmejorjamon.es\\\/it\\\/producto\\\/acciughe-del-cantabrico-in-olio-doliva-la-castrena-45-unita\\\/#primaryimage\"},\"thumbnailUrl\":\"https:\\\/\\\/elmejorjamon.es\\\/wp-content\\\/uploads\\\/2026\\\/01\\\/CANTABRICOCASTRENA.jpg\",\"datePublished\":\"2026-01-23T09:29:02+00:00\",\"dateModified\":\"2026-01-23T10:33:09+00:00\",\"description\":\"Ingredienti: Acciughe (Engraulis encrasicolus) (pesce), olio d'oliva e sale. Vaschetta da 45 filetti grandi.\",\"breadcrumb\":{\"@id\":\"https:\\\/\\\/elmejorjamon.es\\\/it\\\/producto\\\/acciughe-del-cantabrico-in-olio-doliva-la-castrena-45-unita\\\/#breadcrumb\"},\"inLanguage\":\"it-IT\",\"potentialAction\":[{\"@type\":\"ReadAction\",\"target\":[\"https:\\\/\\\/elmejorjamon.es\\\/it\\\/producto\\\/acciughe-del-cantabrico-in-olio-doliva-la-castrena-45-unita\\\/\"]}]},{\"@type\":\"ImageObject\",\"inLanguage\":\"it-IT\",\"@id\":\"https:\\\/\\\/elmejorjamon.es\\\/it\\\/producto\\\/acciughe-del-cantabrico-in-olio-doliva-la-castrena-45-unita\\\/#primaryimage\",\"url\":\"https:\\\/\\\/elmejorjamon.es\\\/wp-content\\\/uploads\\\/2026\\\/01\\\/CANTABRICOCASTRENA.jpg\",\"contentUrl\":\"https:\\\/\\\/elmejorjamon.es\\\/wp-content\\\/uploads\\\/2026\\\/01\\\/CANTABRICOCASTRENA.jpg\",\"width\":637,\"height\":950},{\"@type\":\"BreadcrumbList\",\"@id\":\"https:\\\/\\\/elmejorjamon.es\\\/it\\\/producto\\\/acciughe-del-cantabrico-in-olio-doliva-la-castrena-45-unita\\\/#breadcrumb\",\"itemListElement\":[{\"@type\":\"ListItem\",\"position\":1,\"name\":\"Portada\",\"item\":\"https:\\\/\\\/elmejorjamon.es\\\/it\\\/\"},{\"@type\":\"ListItem\",\"position\":2,\"name\":\"Avvio rapido\",\"item\":\"https:\\\/\\\/elmejorjamon.es\\\/it\\\/\"},{\"@type\":\"ListItem\",\"position\":3,\"name\":\"Acciughe del Cantabrico in olio d&#8217;oliva La Castre\u00f1a 45 unit\u00e0\"}]},{\"@type\":\"WebSite\",\"@id\":\"https:\\\/\\\/elmejorjamon.es\\\/#website\",\"url\":\"https:\\\/\\\/elmejorjamon.es\\\/\",\"name\":\"El Mejor Jam\u00f3n\",\"description\":\"Comprar jamones y embutidos a buen precio\",\"publisher\":{\"@id\":\"https:\\\/\\\/elmejorjamon.es\\\/#organization\"},\"potentialAction\":[{\"@type\":\"SearchAction\",\"target\":{\"@type\":\"EntryPoint\",\"urlTemplate\":\"https:\\\/\\\/elmejorjamon.es\\\/?s={search_term_string}\"},\"query-input\":{\"@type\":\"PropertyValueSpecification\",\"valueRequired\":true,\"valueName\":\"search_term_string\"}}],\"inLanguage\":\"it-IT\"},{\"@type\":\"Organization\",\"@id\":\"https:\\\/\\\/elmejorjamon.es\\\/#organization\",\"name\":\"El Mejor Jam\u00f3n\",\"url\":\"https:\\\/\\\/elmejorjamon.es\\\/\",\"logo\":{\"@type\":\"ImageObject\",\"inLanguage\":\"it-IT\",\"@id\":\"https:\\\/\\\/elmejorjamon.es\\\/#\\\/schema\\\/logo\\\/image\\\/\",\"url\":\"https:\\\/\\\/elmejorjamon.es\\\/wp-content\\\/uploads\\\/2025\\\/01\\\/logocorreos.png\",\"contentUrl\":\"https:\\\/\\\/elmejorjamon.es\\\/wp-content\\\/uploads\\\/2025\\\/01\\\/logocorreos.png\",\"width\":277,\"height\":200,\"caption\":\"El Mejor Jam\u00f3n\"},\"image\":{\"@id\":\"https:\\\/\\\/elmejorjamon.es\\\/#\\\/schema\\\/logo\\\/image\\\/\"},\"sameAs\":[\"https:\\\/\\\/www.facebook.com\\\/elmejorjamonweb\",\"https:\\\/\\\/x.com\\\/elmejorjamonweb\",\"https:\\\/\\\/www.instagram.com\\\/elmejorjamonweb\\\/\"]}]}<\/script>\n<!-- \/ Yoast SEO plugin. -->","yoast_head_json":{"title":"Acquistare Acciughe del Cantabrico in olio d'oliva La Castre\u00f1a 45 unit\u00e0 - El Mejor Jam\u00f3n","description":"Ingredienti: Acciughe (Engraulis encrasicolus) (pesce), olio d'oliva e sale. Vaschetta da 45 filetti grandi.","robots":{"index":"index","follow":"follow","max-snippet":"max-snippet:-1","max-image-preview":"max-image-preview:large","max-video-preview":"max-video-preview:-1"},"canonical":"https:\/\/elmejorjamon.es\/it\/producto\/acciughe-del-cantabrico-in-olio-doliva-la-castrena-45-unita\/","og_locale":"it_IT","og_type":"article","og_title":"Acquistare Acciughe del Cantabrico in olio d'oliva La Castre\u00f1a 45 unit\u00e0 - El Mejor Jam\u00f3n","og_description":"Ingredienti: Acciughe (Engraulis encrasicolus) (pesce), olio d'oliva e sale. Vaschetta da 45 filetti grandi.","og_url":"https:\/\/elmejorjamon.es\/it\/producto\/acciughe-del-cantabrico-in-olio-doliva-la-castrena-45-unita\/","og_site_name":"El Mejor Jam\u00f3n","article_publisher":"https:\/\/www.facebook.com\/elmejorjamonweb","article_modified_time":"2026-01-23T10:33:09+00:00","og_image":[{"width":637,"height":950,"url":"https:\/\/elmejorjamon.es\/wp-content\/uploads\/2026\/01\/CANTABRICOCASTRENA.jpg","type":"image\/jpeg"}],"twitter_card":"summary_large_image","twitter_site":"@elmejorjamonweb","twitter_misc":{"Tempo di lettura stimato":"1 minuto"},"schema":{"@context":"https:\/\/schema.org","@graph":[{"@type":"WebPage","@id":"https:\/\/elmejorjamon.es\/it\/producto\/acciughe-del-cantabrico-in-olio-doliva-la-castrena-45-unita\/","url":"https:\/\/elmejorjamon.es\/it\/producto\/acciughe-del-cantabrico-in-olio-doliva-la-castrena-45-unita\/","name":"Acquistare Acciughe del Cantabrico in olio d'oliva La Castre\u00f1a 45 unit\u00e0 - El Mejor Jam\u00f3n","isPartOf":{"@id":"https:\/\/elmejorjamon.es\/#website"},"primaryImageOfPage":{"@id":"https:\/\/elmejorjamon.es\/it\/producto\/acciughe-del-cantabrico-in-olio-doliva-la-castrena-45-unita\/#primaryimage"},"image":{"@id":"https:\/\/elmejorjamon.es\/it\/producto\/acciughe-del-cantabrico-in-olio-doliva-la-castrena-45-unita\/#primaryimage"},"thumbnailUrl":"https:\/\/elmejorjamon.es\/wp-content\/uploads\/2026\/01\/CANTABRICOCASTRENA.jpg","datePublished":"2026-01-23T09:29:02+00:00","dateModified":"2026-01-23T10:33:09+00:00","description":"Ingredienti: Acciughe (Engraulis encrasicolus) (pesce), olio d'oliva e sale. Vaschetta da 45 filetti grandi.","breadcrumb":{"@id":"https:\/\/elmejorjamon.es\/it\/producto\/acciughe-del-cantabrico-in-olio-doliva-la-castrena-45-unita\/#breadcrumb"},"inLanguage":"it-IT","potentialAction":[{"@type":"ReadAction","target":["https:\/\/elmejorjamon.es\/it\/producto\/acciughe-del-cantabrico-in-olio-doliva-la-castrena-45-unita\/"]}]},{"@type":"ImageObject","inLanguage":"it-IT","@id":"https:\/\/elmejorjamon.es\/it\/producto\/acciughe-del-cantabrico-in-olio-doliva-la-castrena-45-unita\/#primaryimage","url":"https:\/\/elmejorjamon.es\/wp-content\/uploads\/2026\/01\/CANTABRICOCASTRENA.jpg","contentUrl":"https:\/\/elmejorjamon.es\/wp-content\/uploads\/2026\/01\/CANTABRICOCASTRENA.jpg","width":637,"height":950},{"@type":"BreadcrumbList","@id":"https:\/\/elmejorjamon.es\/it\/producto\/acciughe-del-cantabrico-in-olio-doliva-la-castrena-45-unita\/#breadcrumb","itemListElement":[{"@type":"ListItem","position":1,"name":"Portada","item":"https:\/\/elmejorjamon.es\/it\/"},{"@type":"ListItem","position":2,"name":"Avvio rapido","item":"https:\/\/elmejorjamon.es\/it\/"},{"@type":"ListItem","position":3,"name":"Acciughe del Cantabrico in olio d&#8217;oliva La Castre\u00f1a 45 unit\u00e0"}]},{"@type":"WebSite","@id":"https:\/\/elmejorjamon.es\/#website","url":"https:\/\/elmejorjamon.es\/","name":"El Mejor Jam\u00f3n","description":"Comprar jamones y embutidos a buen precio","publisher":{"@id":"https:\/\/elmejorjamon.es\/#organization"},"potentialAction":[{"@type":"SearchAction","target":{"@type":"EntryPoint","urlTemplate":"https:\/\/elmejorjamon.es\/?s={search_term_string}"},"query-input":{"@type":"PropertyValueSpecification","valueRequired":true,"valueName":"search_term_string"}}],"inLanguage":"it-IT"},{"@type":"Organization","@id":"https:\/\/elmejorjamon.es\/#organization","name":"El Mejor Jam\u00f3n","url":"https:\/\/elmejorjamon.es\/","logo":{"@type":"ImageObject","inLanguage":"it-IT","@id":"https:\/\/elmejorjamon.es\/#\/schema\/logo\/image\/","url":"https:\/\/elmejorjamon.es\/wp-content\/uploads\/2025\/01\/logocorreos.png","contentUrl":"https:\/\/elmejorjamon.es\/wp-content\/uploads\/2025\/01\/logocorreos.png","width":277,"height":200,"caption":"El Mejor Jam\u00f3n"},"image":{"@id":"https:\/\/elmejorjamon.es\/#\/schema\/logo\/image\/"},"sameAs":["https:\/\/www.facebook.com\/elmejorjamonweb","https:\/\/x.com\/elmejorjamonweb","https:\/\/www.instagram.com\/elmejorjamonweb\/"]}]}},"_links":{"self":[{"href":"https:\/\/elmejorjamon.es\/it\/wp-json\/wp\/v2\/product\/21587","targetHints":{"allow":["GET"]}}],"collection":[{"href":"https:\/\/elmejorjamon.es\/it\/wp-json\/wp\/v2\/product"}],"about":[{"href":"https:\/\/elmejorjamon.es\/it\/wp-json\/wp\/v2\/types\/product"}],"replies":[{"embeddable":true,"href":"https:\/\/elmejorjamon.es\/it\/wp-json\/wp\/v2\/comments?post=21587"}],"wp:featuredmedia":[{"embeddable":true,"href":"https:\/\/elmejorjamon.es\/it\/wp-json\/wp\/v2\/media\/21599"}],"wp:attachment":[{"href":"https:\/\/elmejorjamon.es\/it\/wp-json\/wp\/v2\/media?parent=21587"}],"wp:term":[{"taxonomy":"product_brand","embeddable":true,"href":"https:\/\/elmejorjamon.es\/it\/wp-json\/wp\/v2\/product_brand?post=21587"},{"taxonomy":"product_cat","embeddable":true,"href":"https:\/\/elmejorjamon.es\/it\/wp-json\/wp\/v2\/product_cat?post=21587"},{"taxonomy":"product_tag","embeddable":true,"href":"https:\/\/elmejorjamon.es\/it\/wp-json\/wp\/v2\/product_tag?post=21587"}],"curies":[{"name":"wp","href":"https:\/\/api.w.org\/{rel}","templated":true}]}}