{"id":17746,"date":"2025-02-17T13:15:53","date_gmt":"2025-02-17T12:15:53","guid":{"rendered":"https:\/\/elmejorjamon.es\/?post_type=product&#038;p=17746"},"modified":"2025-02-17T13:15:56","modified_gmt":"2025-02-17T12:15:56","slug":"piccole-sardine-di-cabo-de-penas-ampia-scelta","status":"publish","type":"product","link":"https:\/\/elmejorjamon.es\/it\/producto\/piccole-sardine-di-cabo-de-penas-ampia-scelta\/","title":{"rendered":"Piccole sardine di Cabo de Pe\u00f1as, ampia scelta"},"content":{"rendered":"<p>Piccole sardine di Cabo de Pe\u00f1as, ampia scelta 10-14 RO-150<\/p>\n<div class=\"bloque-peso\">\n<ul>\n<li>PESO NETTO: 140g<\/li>\n<li>PESO SCOLATO: 98g<\/li>\n<\/ul>\n<\/div>\n<p>Sardine accompagnate da olio d&#8217;oliva. Qualit\u00e0 selezionata e confezionata a mano per preservarne la consistenza morbida e il sapore.<\/p>\n<p>Conserviamo le sardine pi\u00f9 tenere e saporite, pescate nel momento ottimale.<\/p>\n<p>Li confezioniamo a mano con cura, in modo artigianale, e li accompagniamo solo con olio d&#8217;oliva di eccellente qualit\u00e0, conservando intatto il loro straordinario sapore originale, la consistenza morbida e l&#8217;alto valore nutrizionale.<\/p>\n<h4 class=\"section-title mt-h4\">Ingredienti<\/h4>\n<p>Sardine, olio d&#8217;oliva e sale.<\/p>\n<h4 class=\"section-title mt-h4\">Elementi differenziali<\/h4>\n<ul class=\"ul-list\">\n<li>Sardine pescate e selezionate nel momento ottimale.<\/li>\n<li>Preparati con cura in modo tradizionale e accompagnati da olio d&#8217;oliva di qualit\u00e0 selezionata.<\/li>\n<li>Confezionato a mano.<\/li>\n<li>Sapore intenso e consistenza morbida e succosa.<\/li>\n<li>Alto valore nutrizionale.<\/li>\n<\/ul>\n<h5>Valori nutrizionali<\/h5>\n<table class=\"table table-sm table-bordered\" style=\"height: 230px;\">\n<thead>\n<tr style=\"height: 23px;\">\n<th style=\"height: 23px; width: 228.111px;\">Informazioni nutrizionali<\/th>\n<th style=\"height: 23px; width: 152.486px;\">per 100 g di peso netto<\/th>\n<th style=\"height: 23px; width: 196.037px;\">per 100 g di peso sgocciolato<\/th>\n<\/tr>\n<\/thead>\n<tbody>\n<tr style=\"height: 23px;\">\n<td class=\"unit\" style=\"height: 23px; width: 228.111px;\">Valore energetico<\/td>\n<td class=\"value\" style=\"height: 23px; width: 152.486px;\">1376 kJ \/ 332 kcal<\/td>\n<td style=\"height: 23px; width: 196.037px;\">955 kJ \/ 229 kcal<\/td>\n<\/tr>\n<tr style=\"height: 23px;\">\n<td class=\"parent_unit\" style=\"height: 23px; width: 228.111px;\">Grassi<\/td>\n<td class=\"parent_value\" style=\"height: 23px; width: 152.486px;\">28,4g<\/td>\n<td style=\"height: 23px; width: 196.037px;\">15,0g<\/td>\n<\/tr>\n<tr style=\"height: 23px;\">\n<td class=\"child_unit\" style=\"height: 23px; width: 228.111px;\">di cui saturi<\/td>\n<td class=\"child_value\" style=\"height: 23px; width: 152.486px;\">5,2g<\/td>\n<td class=\"child_value\" style=\"height: 23px; width: 196.037px;\">3,4g<\/td>\n<\/tr>\n<tr style=\"height: 23px;\">\n<td class=\"child_unit\" style=\"height: 23px; width: 228.111px;\">di cui zuccheri<\/td>\n<td class=\"child_value\" style=\"height: 23px; width: 152.486px;\">0,0g<\/td>\n<td class=\"child_value\" style=\"height: 23px; width: 196.037px;\">0,0g<\/td>\n<\/tr>\n<tr style=\"height: 23px;\">\n<td class=\"unit\" style=\"height: 23px; width: 228.111px;\">Sale<\/td>\n<td class=\"value\" style=\"height: 23px; width: 152.486px;\">1,04g<\/td>\n<td style=\"height: 23px; width: 196.037px;\">1,30g<\/td>\n<\/tr>\n<tr style=\"height: 23px;\">\n<td class=\"unit\" style=\"height: 23px; width: 228.111px;\">Vitamina B12<\/td>\n<td class=\"value\" style=\"height: 23px; width: 152.486px;\"><\/td>\n<td style=\"height: 23px; width: 196.037px;\">4,90 \u00b5g (196% *NRV)<\/td>\n<\/tr>\n<tr style=\"height: 23px;\">\n<td class=\"unit\" style=\"height: 23px; width: 228.111px;\">Vitamina D<\/td>\n<td class=\"value\" style=\"height: 23px; width: 152.486px;\"><\/td>\n<td style=\"height: 23px; width: 196.037px;\">3,75 \u00b5g (75% *NRV)<\/td>\n<\/tr>\n<tr style=\"height: 23px;\">\n<td class=\"unit\" style=\"height: 23px; width: 228.111px;\">Acidi grassi Omega-3 (EPA+DHA)<\/td>\n<td class=\"value\" style=\"height: 23px; width: 152.486px;\"><\/td>\n<td style=\"height: 23px; width: 196.037px;\">1500 mg<\/td>\n<\/tr>\n<tr style=\"height: 23px;\">\n<td class=\"unit\" style=\"height: 23px; width: 228.111px;\">Calcio<\/td>\n<td class=\"value\" style=\"height: 23px; width: 152.486px;\"><\/td>\n<td style=\"height: 23px; width: 196.037px;\">365 mg (46% *NRV)<\/td>\n<\/tr>\n<\/tbody>\n<\/table>\n<p>*NRV: Valori Nutritivi di Riferimento.<\/p>\n","protected":false},"excerpt":{"rendered":"<p>Piccole sardine di Cabo de Pe\u00f1as, ampia scelta 10-14 RO-150<\/p>\n","protected":false},"featured_media":17741,"comment_status":"open","ping_status":"closed","template":"","meta":{"_et_pb_use_builder":"","_et_pb_old_content":"","_et_gb_content_width":"","_sitemap_exclude":false,"_sitemap_priority":"","_sitemap_frequency":""},"product_brand":[],"product_cat":[43,25,247,49],"product_tag":[],"class_list":{"0":"post-17746","1":"product","2":"type-product","3":"status-publish","4":"has-post-thumbnail","6":"product_cat-conservas-it","7":"product_cat-home-it","8":"product_cat-sardine","9":"product_cat-tutti-i-prodotti","10":"product_shipping_class-normal-it","12":"first","13":"outofstock","14":"shipping-taxable","15":"purchasable","16":"product-type-simple"},"yoast_head":"<!-- This site is optimized with the Yoast SEO plugin v27.2 - https:\/\/yoast.com\/product\/yoast-seo-wordpress\/ -->\n<title>Acquistare Piccole sardine di Cabo de Pe\u00f1as, ampia scelta - El Mejor Jam\u00f3n<\/title>\n<meta name=\"description\" content=\"Sardine accompagnate da olio d&#039;oliva. Qualit\u00e0 selezionata e confezionata a mano per preservarne la consistenza morbida e il sapore.El Mejor Jam\u00f3n\" \/>\n<meta name=\"robots\" content=\"index, follow, max-snippet:-1, max-image-preview:large, max-video-preview:-1\" \/>\n<link rel=\"canonical\" href=\"https:\/\/elmejorjamon.es\/it\/producto\/piccole-sardine-di-cabo-de-penas-ampia-scelta\/\" \/>\n<meta property=\"og:locale\" content=\"it_IT\" \/>\n<meta property=\"og:type\" content=\"article\" \/>\n<meta property=\"og:title\" content=\"Acquistare Piccole sardine di Cabo de Pe\u00f1as, ampia scelta - El Mejor Jam\u00f3n\" \/>\n<meta property=\"og:description\" content=\"Sardine accompagnate da olio d&#039;oliva. Qualit\u00e0 selezionata e confezionata a mano per preservarne la consistenza morbida e il sapore.El Mejor Jam\u00f3n\" \/>\n<meta property=\"og:url\" content=\"https:\/\/elmejorjamon.es\/it\/producto\/piccole-sardine-di-cabo-de-penas-ampia-scelta\/\" \/>\n<meta property=\"og:site_name\" content=\"El Mejor Jam\u00f3n\" \/>\n<meta property=\"article:publisher\" content=\"https:\/\/www.facebook.com\/elmejorjamonweb\" \/>\n<meta property=\"article:modified_time\" content=\"2025-02-17T12:15:56+00:00\" \/>\n<meta property=\"og:image\" content=\"https:\/\/elmejorjamon.es\/wp-content\/uploads\/2025\/02\/sardinillascabopenasseleccion7.jpg\" \/>\n\t<meta property=\"og:image:width\" content=\"880\" \/>\n\t<meta property=\"og:image:height\" content=\"610\" \/>\n\t<meta property=\"og:image:type\" content=\"image\/jpeg\" \/>\n<meta name=\"twitter:card\" content=\"summary_large_image\" \/>\n<meta name=\"twitter:site\" content=\"@elmejorjamonweb\" \/>\n<meta name=\"twitter:label1\" content=\"Tempo di lettura stimato\" \/>\n\t<meta name=\"twitter:data1\" content=\"2 minuti\" \/>\n<script type=\"application\/ld+json\" class=\"yoast-schema-graph\">{\"@context\":\"https:\/\/schema.org\",\"@graph\":[{\"@type\":\"WebPage\",\"@id\":\"https:\/\/elmejorjamon.es\/it\/producto\/piccole-sardine-di-cabo-de-penas-ampia-scelta\/\",\"url\":\"https:\/\/elmejorjamon.es\/it\/producto\/piccole-sardine-di-cabo-de-penas-ampia-scelta\/\",\"name\":\"Acquistare Piccole sardine di Cabo de Pe\u00f1as, ampia scelta - El Mejor Jam\u00f3n\",\"isPartOf\":{\"@id\":\"https:\/\/elmejorjamon.es\/#website\"},\"primaryImageOfPage\":{\"@id\":\"https:\/\/elmejorjamon.es\/it\/producto\/piccole-sardine-di-cabo-de-penas-ampia-scelta\/#primaryimage\"},\"image\":{\"@id\":\"https:\/\/elmejorjamon.es\/it\/producto\/piccole-sardine-di-cabo-de-penas-ampia-scelta\/#primaryimage\"},\"thumbnailUrl\":\"https:\/\/elmejorjamon.es\/wp-content\/uploads\/2025\/02\/sardinillascabopenasseleccion7.jpg\",\"datePublished\":\"2025-02-17T12:15:53+00:00\",\"dateModified\":\"2025-02-17T12:15:56+00:00\",\"description\":\"Sardine accompagnate da olio d'oliva. Qualit\u00e0 selezionata e confezionata a mano per preservarne la consistenza morbida e il sapore.El Mejor Jam\u00f3n\",\"breadcrumb\":{\"@id\":\"https:\/\/elmejorjamon.es\/it\/producto\/piccole-sardine-di-cabo-de-penas-ampia-scelta\/#breadcrumb\"},\"inLanguage\":\"it-IT\",\"potentialAction\":[{\"@type\":\"ReadAction\",\"target\":[\"https:\/\/elmejorjamon.es\/it\/producto\/piccole-sardine-di-cabo-de-penas-ampia-scelta\/\"]}]},{\"@type\":\"ImageObject\",\"inLanguage\":\"it-IT\",\"@id\":\"https:\/\/elmejorjamon.es\/it\/producto\/piccole-sardine-di-cabo-de-penas-ampia-scelta\/#primaryimage\",\"url\":\"https:\/\/elmejorjamon.es\/wp-content\/uploads\/2025\/02\/sardinillascabopenasseleccion7.jpg\",\"contentUrl\":\"https:\/\/elmejorjamon.es\/wp-content\/uploads\/2025\/02\/sardinillascabopenasseleccion7.jpg\",\"width\":880,\"height\":610},{\"@type\":\"BreadcrumbList\",\"@id\":\"https:\/\/elmejorjamon.es\/it\/producto\/piccole-sardine-di-cabo-de-penas-ampia-scelta\/#breadcrumb\",\"itemListElement\":[{\"@type\":\"ListItem\",\"position\":1,\"name\":\"Portada\",\"item\":\"https:\/\/elmejorjamon.es\/it\/\"},{\"@type\":\"ListItem\",\"position\":2,\"name\":\"Avvio rapido\",\"item\":\"https:\/\/elmejorjamon.es\/it\/\"},{\"@type\":\"ListItem\",\"position\":3,\"name\":\"Piccole sardine di Cabo de Pe\u00f1as, ampia scelta\"}]},{\"@type\":\"WebSite\",\"@id\":\"https:\/\/elmejorjamon.es\/#website\",\"url\":\"https:\/\/elmejorjamon.es\/\",\"name\":\"El Mejor Jam\u00f3n\",\"description\":\"Comprar jamones y embutidos a buen precio\",\"publisher\":{\"@id\":\"https:\/\/elmejorjamon.es\/#organization\"},\"potentialAction\":[{\"@type\":\"SearchAction\",\"target\":{\"@type\":\"EntryPoint\",\"urlTemplate\":\"https:\/\/elmejorjamon.es\/?s={search_term_string}\"},\"query-input\":{\"@type\":\"PropertyValueSpecification\",\"valueRequired\":true,\"valueName\":\"search_term_string\"}}],\"inLanguage\":\"it-IT\"},{\"@type\":\"Organization\",\"@id\":\"https:\/\/elmejorjamon.es\/#organization\",\"name\":\"El Mejor Jam\u00f3n\",\"url\":\"https:\/\/elmejorjamon.es\/\",\"logo\":{\"@type\":\"ImageObject\",\"inLanguage\":\"it-IT\",\"@id\":\"https:\/\/elmejorjamon.es\/#\/schema\/logo\/image\/\",\"url\":\"https:\/\/elmejorjamon.es\/wp-content\/uploads\/2025\/01\/logocorreos.png\",\"contentUrl\":\"https:\/\/elmejorjamon.es\/wp-content\/uploads\/2025\/01\/logocorreos.png\",\"width\":277,\"height\":200,\"caption\":\"El Mejor Jam\u00f3n\"},\"image\":{\"@id\":\"https:\/\/elmejorjamon.es\/#\/schema\/logo\/image\/\"},\"sameAs\":[\"https:\/\/www.facebook.com\/elmejorjamonweb\",\"https:\/\/x.com\/elmejorjamonweb\",\"https:\/\/www.instagram.com\/elmejorjamonweb\/\"]}]}<\/script>\n<!-- \/ Yoast SEO plugin. -->","yoast_head_json":{"title":"Acquistare Piccole sardine di Cabo de Pe\u00f1as, ampia scelta - El Mejor Jam\u00f3n","description":"Sardine accompagnate da olio d'oliva. Qualit\u00e0 selezionata e confezionata a mano per preservarne la consistenza morbida e il sapore.El Mejor Jam\u00f3n","robots":{"index":"index","follow":"follow","max-snippet":"max-snippet:-1","max-image-preview":"max-image-preview:large","max-video-preview":"max-video-preview:-1"},"canonical":"https:\/\/elmejorjamon.es\/it\/producto\/piccole-sardine-di-cabo-de-penas-ampia-scelta\/","og_locale":"it_IT","og_type":"article","og_title":"Acquistare Piccole sardine di Cabo de Pe\u00f1as, ampia scelta - El Mejor Jam\u00f3n","og_description":"Sardine accompagnate da olio d'oliva. Qualit\u00e0 selezionata e confezionata a mano per preservarne la consistenza morbida e il sapore.El Mejor Jam\u00f3n","og_url":"https:\/\/elmejorjamon.es\/it\/producto\/piccole-sardine-di-cabo-de-penas-ampia-scelta\/","og_site_name":"El Mejor Jam\u00f3n","article_publisher":"https:\/\/www.facebook.com\/elmejorjamonweb","article_modified_time":"2025-02-17T12:15:56+00:00","og_image":[{"width":880,"height":610,"url":"https:\/\/elmejorjamon.es\/wp-content\/uploads\/2025\/02\/sardinillascabopenasseleccion7.jpg","type":"image\/jpeg"}],"twitter_card":"summary_large_image","twitter_site":"@elmejorjamonweb","twitter_misc":{"Tempo di lettura stimato":"2 minuti"},"schema":{"@context":"https:\/\/schema.org","@graph":[{"@type":"WebPage","@id":"https:\/\/elmejorjamon.es\/it\/producto\/piccole-sardine-di-cabo-de-penas-ampia-scelta\/","url":"https:\/\/elmejorjamon.es\/it\/producto\/piccole-sardine-di-cabo-de-penas-ampia-scelta\/","name":"Acquistare Piccole sardine di Cabo de Pe\u00f1as, ampia scelta - El Mejor Jam\u00f3n","isPartOf":{"@id":"https:\/\/elmejorjamon.es\/#website"},"primaryImageOfPage":{"@id":"https:\/\/elmejorjamon.es\/it\/producto\/piccole-sardine-di-cabo-de-penas-ampia-scelta\/#primaryimage"},"image":{"@id":"https:\/\/elmejorjamon.es\/it\/producto\/piccole-sardine-di-cabo-de-penas-ampia-scelta\/#primaryimage"},"thumbnailUrl":"https:\/\/elmejorjamon.es\/wp-content\/uploads\/2025\/02\/sardinillascabopenasseleccion7.jpg","datePublished":"2025-02-17T12:15:53+00:00","dateModified":"2025-02-17T12:15:56+00:00","description":"Sardine accompagnate da olio d'oliva. Qualit\u00e0 selezionata e confezionata a mano per preservarne la consistenza morbida e il sapore.El Mejor Jam\u00f3n","breadcrumb":{"@id":"https:\/\/elmejorjamon.es\/it\/producto\/piccole-sardine-di-cabo-de-penas-ampia-scelta\/#breadcrumb"},"inLanguage":"it-IT","potentialAction":[{"@type":"ReadAction","target":["https:\/\/elmejorjamon.es\/it\/producto\/piccole-sardine-di-cabo-de-penas-ampia-scelta\/"]}]},{"@type":"ImageObject","inLanguage":"it-IT","@id":"https:\/\/elmejorjamon.es\/it\/producto\/piccole-sardine-di-cabo-de-penas-ampia-scelta\/#primaryimage","url":"https:\/\/elmejorjamon.es\/wp-content\/uploads\/2025\/02\/sardinillascabopenasseleccion7.jpg","contentUrl":"https:\/\/elmejorjamon.es\/wp-content\/uploads\/2025\/02\/sardinillascabopenasseleccion7.jpg","width":880,"height":610},{"@type":"BreadcrumbList","@id":"https:\/\/elmejorjamon.es\/it\/producto\/piccole-sardine-di-cabo-de-penas-ampia-scelta\/#breadcrumb","itemListElement":[{"@type":"ListItem","position":1,"name":"Portada","item":"https:\/\/elmejorjamon.es\/it\/"},{"@type":"ListItem","position":2,"name":"Avvio rapido","item":"https:\/\/elmejorjamon.es\/it\/"},{"@type":"ListItem","position":3,"name":"Piccole sardine di Cabo de Pe\u00f1as, ampia scelta"}]},{"@type":"WebSite","@id":"https:\/\/elmejorjamon.es\/#website","url":"https:\/\/elmejorjamon.es\/","name":"El Mejor Jam\u00f3n","description":"Comprar jamones y embutidos a buen precio","publisher":{"@id":"https:\/\/elmejorjamon.es\/#organization"},"potentialAction":[{"@type":"SearchAction","target":{"@type":"EntryPoint","urlTemplate":"https:\/\/elmejorjamon.es\/?s={search_term_string}"},"query-input":{"@type":"PropertyValueSpecification","valueRequired":true,"valueName":"search_term_string"}}],"inLanguage":"it-IT"},{"@type":"Organization","@id":"https:\/\/elmejorjamon.es\/#organization","name":"El Mejor Jam\u00f3n","url":"https:\/\/elmejorjamon.es\/","logo":{"@type":"ImageObject","inLanguage":"it-IT","@id":"https:\/\/elmejorjamon.es\/#\/schema\/logo\/image\/","url":"https:\/\/elmejorjamon.es\/wp-content\/uploads\/2025\/01\/logocorreos.png","contentUrl":"https:\/\/elmejorjamon.es\/wp-content\/uploads\/2025\/01\/logocorreos.png","width":277,"height":200,"caption":"El Mejor Jam\u00f3n"},"image":{"@id":"https:\/\/elmejorjamon.es\/#\/schema\/logo\/image\/"},"sameAs":["https:\/\/www.facebook.com\/elmejorjamonweb","https:\/\/x.com\/elmejorjamonweb","https:\/\/www.instagram.com\/elmejorjamonweb\/"]}]}},"_links":{"self":[{"href":"https:\/\/elmejorjamon.es\/it\/wp-json\/wp\/v2\/product\/17746","targetHints":{"allow":["GET"]}}],"collection":[{"href":"https:\/\/elmejorjamon.es\/it\/wp-json\/wp\/v2\/product"}],"about":[{"href":"https:\/\/elmejorjamon.es\/it\/wp-json\/wp\/v2\/types\/product"}],"replies":[{"embeddable":true,"href":"https:\/\/elmejorjamon.es\/it\/wp-json\/wp\/v2\/comments?post=17746"}],"wp:featuredmedia":[{"embeddable":true,"href":"https:\/\/elmejorjamon.es\/it\/wp-json\/wp\/v2\/media\/17741"}],"wp:attachment":[{"href":"https:\/\/elmejorjamon.es\/it\/wp-json\/wp\/v2\/media?parent=17746"}],"wp:term":[{"taxonomy":"product_brand","embeddable":true,"href":"https:\/\/elmejorjamon.es\/it\/wp-json\/wp\/v2\/product_brand?post=17746"},{"taxonomy":"product_cat","embeddable":true,"href":"https:\/\/elmejorjamon.es\/it\/wp-json\/wp\/v2\/product_cat?post=17746"},{"taxonomy":"product_tag","embeddable":true,"href":"https:\/\/elmejorjamon.es\/it\/wp-json\/wp\/v2\/product_tag?post=17746"}],"curies":[{"name":"wp","href":"https:\/\/api.w.org\/{rel}","templated":true}]}}