{"id":9531,"date":"2023-11-14T08:38:12","date_gmt":"2023-11-14T07:38:12","guid":{"rendered":"https:\/\/nueva.elmejorjamon.es\/producto\/champagne-taittinger-brut-reserve-75cl-2\/"},"modified":"2023-11-14T08:38:12","modified_gmt":"2023-11-14T07:38:12","slug":"champagne-taittinger-brut-reserve-75cl-2","status":"publish","type":"product","link":"https:\/\/elmejorjamon.es\/fr\/producto\/champagne-taittinger-brut-reserve-75cl-2\/","title":{"rendered":"Champagne Taittinger Brut R\u00e9serve 75cl"},"content":{"rendered":"<p>Taittinger Brut R\u00e9serve est un assemblage de Chardonnay, Pinot Noir et Pinot Meunier issus de 35 vignobles et mill\u00e9simes diff\u00e9rents \u00e9lev\u00e9s \u00e0 la perfection.<\/p>\n<\/p>\n<p>Cette forte proportion de Chardonnay et un vieillissement minimum de 3 ans en cave o\u00f9 il atteint son apog\u00e9e de maturit\u00e9 aromatique, font de Taittinger Brut R\u00e9serve un champagne d\u00e9licat et \u00e9quilibr\u00e9, connu dans le monde entier pour sa qualit\u00e9 toujours excellente.<\/p>\n<\/p>\n<p>D\u00c9GUSTATION DE TAITTINGER BRUT R\u00c9SERVE<\/p>\n<p>Taittinger Brut R\u00e9serve est de couleur jaune dor\u00e9. Bulles fines et mousse discr\u00e8te et persistante.<\/p>\n<\/p>\n<p>Le nez est ouvert et expressif, offrant des ar\u00f4mes de fruits et de brioche. Notes de p\u00eache, de fleurs blanches et de vanille.<\/p>\n<\/p>\n<p>En bouche, il est gai, frais et harmonieux. C&rsquo;est un vin d\u00e9licat aux ar\u00f4mes de fruits sucr\u00e9s et de miel.<\/p>\n","protected":false},"excerpt":{"rendered":"<p>Champagne Taittinger Brut R\u00e9serve 75cl<\/p>\n","protected":false},"featured_media":9523,"comment_status":"open","ping_status":"closed","template":"","meta":{"_et_pb_use_builder":"","_et_pb_old_content":"","_et_gb_content_width":"","_sitemap_exclude":false,"_sitemap_priority":"","_sitemap_frequency":""},"product_brand":[],"product_cat":[23,95,173,47],"product_tag":[],"class_list":{"0":"post-9531","1":"product","2":"type-product","3":"status-publish","4":"has-post-thumbnail","6":"product_cat-accueil","7":"product_cat-bebidas-fr","8":"product_cat-champagne-fr","9":"product_cat-tous-les-produits","10":"product_shipping_class-normal-fr","12":"first","13":"instock","14":"shipping-taxable","15":"purchasable","16":"product-type-simple"},"yoast_head":"<!-- This site is optimized with the Yoast SEO plugin v27.2 - https:\/\/yoast.com\/product\/yoast-seo-wordpress\/ -->\n<title>Champagne Taittinger Brut R\u00e9serve 75cl - El Mejor Jam\u00f3n<\/title>\n<meta name=\"robots\" content=\"index, follow, max-snippet:-1, max-image-preview:large, max-video-preview:-1\" \/>\n<link rel=\"canonical\" href=\"https:\/\/elmejorjamon.es\/fr\/producto\/champagne-taittinger-brut-reserve-75cl-2\/\" \/>\n<meta property=\"og:locale\" content=\"fr_FR\" \/>\n<meta property=\"og:type\" content=\"article\" \/>\n<meta property=\"og:title\" content=\"Champagne Taittinger Brut R\u00e9serve 75cl - El Mejor Jam\u00f3n\" \/>\n<meta property=\"og:description\" content=\"Champagne Taittinger Brut R\u00e9serve 75cl\" \/>\n<meta property=\"og:url\" content=\"https:\/\/elmejorjamon.es\/fr\/producto\/champagne-taittinger-brut-reserve-75cl-2\/\" \/>\n<meta property=\"og:site_name\" content=\"El Mejor Jam\u00f3n\" \/>\n<meta property=\"article:publisher\" content=\"https:\/\/www.facebook.com\/elmejorjamonweb\" \/>\n<meta property=\"og:image\" content=\"https:\/\/elmejorjamon.es\/wp-content\/uploads\/2023\/11\/2530-thickbox_default-Champagne-Taittinger-Brut-Reserve-75cl.jpg\" \/>\n\t<meta property=\"og:image:width\" content=\"1100\" \/>\n\t<meta property=\"og:image:height\" content=\"1422\" \/>\n\t<meta property=\"og:image:type\" content=\"image\/jpeg\" \/>\n<meta name=\"twitter:card\" content=\"summary_large_image\" \/>\n<meta name=\"twitter:site\" content=\"@elmejorjamonweb\" \/>\n<meta name=\"twitter:label1\" content=\"Dur\u00e9e de lecture estim\u00e9e\" \/>\n\t<meta name=\"twitter:data1\" content=\"1 minute\" \/>\n<script type=\"application\/ld+json\" class=\"yoast-schema-graph\">{\"@context\":\"https:\/\/schema.org\",\"@graph\":[{\"@type\":\"WebPage\",\"@id\":\"https:\/\/elmejorjamon.es\/fr\/producto\/champagne-taittinger-brut-reserve-75cl-2\/\",\"url\":\"https:\/\/elmejorjamon.es\/fr\/producto\/champagne-taittinger-brut-reserve-75cl-2\/\",\"name\":\"Champagne Taittinger Brut R\u00e9serve 75cl - El Mejor Jam\u00f3n\",\"isPartOf\":{\"@id\":\"https:\/\/elmejorjamon.es\/#website\"},\"primaryImageOfPage\":{\"@id\":\"https:\/\/elmejorjamon.es\/fr\/producto\/champagne-taittinger-brut-reserve-75cl-2\/#primaryimage\"},\"image\":{\"@id\":\"https:\/\/elmejorjamon.es\/fr\/producto\/champagne-taittinger-brut-reserve-75cl-2\/#primaryimage\"},\"thumbnailUrl\":\"https:\/\/elmejorjamon.es\/wp-content\/uploads\/2023\/11\/2530-thickbox_default-Champagne-Taittinger-Brut-Reserve-75cl.jpg\",\"datePublished\":\"2023-11-14T07:38:12+00:00\",\"breadcrumb\":{\"@id\":\"https:\/\/elmejorjamon.es\/fr\/producto\/champagne-taittinger-brut-reserve-75cl-2\/#breadcrumb\"},\"inLanguage\":\"fr-FR\",\"potentialAction\":[{\"@type\":\"ReadAction\",\"target\":[\"https:\/\/elmejorjamon.es\/fr\/producto\/champagne-taittinger-brut-reserve-75cl-2\/\"]}]},{\"@type\":\"ImageObject\",\"inLanguage\":\"fr-FR\",\"@id\":\"https:\/\/elmejorjamon.es\/fr\/producto\/champagne-taittinger-brut-reserve-75cl-2\/#primaryimage\",\"url\":\"https:\/\/elmejorjamon.es\/wp-content\/uploads\/2023\/11\/2530-thickbox_default-Champagne-Taittinger-Brut-Reserve-75cl.jpg\",\"contentUrl\":\"https:\/\/elmejorjamon.es\/wp-content\/uploads\/2023\/11\/2530-thickbox_default-Champagne-Taittinger-Brut-Reserve-75cl.jpg\",\"width\":1100,\"height\":1422,\"caption\":\"Champagne Taittinger Brut R\u00e9serve 75cl\"},{\"@type\":\"BreadcrumbList\",\"@id\":\"https:\/\/elmejorjamon.es\/fr\/producto\/champagne-taittinger-brut-reserve-75cl-2\/#breadcrumb\",\"itemListElement\":[{\"@type\":\"ListItem\",\"position\":1,\"name\":\"Portada\",\"item\":\"https:\/\/elmejorjamon.es\/fr\/\"},{\"@type\":\"ListItem\",\"position\":2,\"name\":\"D\u00e9marrage rapide\",\"item\":\"https:\/\/elmejorjamon.es\/fr\/\"},{\"@type\":\"ListItem\",\"position\":3,\"name\":\"Champagne Taittinger Brut R\u00e9serve 75cl\"}]},{\"@type\":\"WebSite\",\"@id\":\"https:\/\/elmejorjamon.es\/#website\",\"url\":\"https:\/\/elmejorjamon.es\/\",\"name\":\"El Mejor Jam\u00f3n\",\"description\":\"Comprar jamones y embutidos a buen precio\",\"publisher\":{\"@id\":\"https:\/\/elmejorjamon.es\/#organization\"},\"potentialAction\":[{\"@type\":\"SearchAction\",\"target\":{\"@type\":\"EntryPoint\",\"urlTemplate\":\"https:\/\/elmejorjamon.es\/?s={search_term_string}\"},\"query-input\":{\"@type\":\"PropertyValueSpecification\",\"valueRequired\":true,\"valueName\":\"search_term_string\"}}],\"inLanguage\":\"fr-FR\"},{\"@type\":\"Organization\",\"@id\":\"https:\/\/elmejorjamon.es\/#organization\",\"name\":\"El Mejor Jam\u00f3n\",\"url\":\"https:\/\/elmejorjamon.es\/\",\"logo\":{\"@type\":\"ImageObject\",\"inLanguage\":\"fr-FR\",\"@id\":\"https:\/\/elmejorjamon.es\/#\/schema\/logo\/image\/\",\"url\":\"https:\/\/elmejorjamon.es\/wp-content\/uploads\/2025\/01\/logocorreos.png\",\"contentUrl\":\"https:\/\/elmejorjamon.es\/wp-content\/uploads\/2025\/01\/logocorreos.png\",\"width\":277,\"height\":200,\"caption\":\"El Mejor Jam\u00f3n\"},\"image\":{\"@id\":\"https:\/\/elmejorjamon.es\/#\/schema\/logo\/image\/\"},\"sameAs\":[\"https:\/\/www.facebook.com\/elmejorjamonweb\",\"https:\/\/x.com\/elmejorjamonweb\",\"https:\/\/www.instagram.com\/elmejorjamonweb\/\"]}]}<\/script>\n<!-- \/ Yoast SEO plugin. -->","yoast_head_json":{"title":"Champagne Taittinger Brut R\u00e9serve 75cl - El Mejor Jam\u00f3n","robots":{"index":"index","follow":"follow","max-snippet":"max-snippet:-1","max-image-preview":"max-image-preview:large","max-video-preview":"max-video-preview:-1"},"canonical":"https:\/\/elmejorjamon.es\/fr\/producto\/champagne-taittinger-brut-reserve-75cl-2\/","og_locale":"fr_FR","og_type":"article","og_title":"Champagne Taittinger Brut R\u00e9serve 75cl - El Mejor Jam\u00f3n","og_description":"Champagne Taittinger Brut R\u00e9serve 75cl","og_url":"https:\/\/elmejorjamon.es\/fr\/producto\/champagne-taittinger-brut-reserve-75cl-2\/","og_site_name":"El Mejor Jam\u00f3n","article_publisher":"https:\/\/www.facebook.com\/elmejorjamonweb","og_image":[{"width":1100,"height":1422,"url":"https:\/\/elmejorjamon.es\/wp-content\/uploads\/2023\/11\/2530-thickbox_default-Champagne-Taittinger-Brut-Reserve-75cl.jpg","type":"image\/jpeg"}],"twitter_card":"summary_large_image","twitter_site":"@elmejorjamonweb","twitter_misc":{"Dur\u00e9e de lecture estim\u00e9e":"1 minute"},"schema":{"@context":"https:\/\/schema.org","@graph":[{"@type":"WebPage","@id":"https:\/\/elmejorjamon.es\/fr\/producto\/champagne-taittinger-brut-reserve-75cl-2\/","url":"https:\/\/elmejorjamon.es\/fr\/producto\/champagne-taittinger-brut-reserve-75cl-2\/","name":"Champagne Taittinger Brut R\u00e9serve 75cl - El Mejor Jam\u00f3n","isPartOf":{"@id":"https:\/\/elmejorjamon.es\/#website"},"primaryImageOfPage":{"@id":"https:\/\/elmejorjamon.es\/fr\/producto\/champagne-taittinger-brut-reserve-75cl-2\/#primaryimage"},"image":{"@id":"https:\/\/elmejorjamon.es\/fr\/producto\/champagne-taittinger-brut-reserve-75cl-2\/#primaryimage"},"thumbnailUrl":"https:\/\/elmejorjamon.es\/wp-content\/uploads\/2023\/11\/2530-thickbox_default-Champagne-Taittinger-Brut-Reserve-75cl.jpg","datePublished":"2023-11-14T07:38:12+00:00","breadcrumb":{"@id":"https:\/\/elmejorjamon.es\/fr\/producto\/champagne-taittinger-brut-reserve-75cl-2\/#breadcrumb"},"inLanguage":"fr-FR","potentialAction":[{"@type":"ReadAction","target":["https:\/\/elmejorjamon.es\/fr\/producto\/champagne-taittinger-brut-reserve-75cl-2\/"]}]},{"@type":"ImageObject","inLanguage":"fr-FR","@id":"https:\/\/elmejorjamon.es\/fr\/producto\/champagne-taittinger-brut-reserve-75cl-2\/#primaryimage","url":"https:\/\/elmejorjamon.es\/wp-content\/uploads\/2023\/11\/2530-thickbox_default-Champagne-Taittinger-Brut-Reserve-75cl.jpg","contentUrl":"https:\/\/elmejorjamon.es\/wp-content\/uploads\/2023\/11\/2530-thickbox_default-Champagne-Taittinger-Brut-Reserve-75cl.jpg","width":1100,"height":1422,"caption":"Champagne Taittinger Brut R\u00e9serve 75cl"},{"@type":"BreadcrumbList","@id":"https:\/\/elmejorjamon.es\/fr\/producto\/champagne-taittinger-brut-reserve-75cl-2\/#breadcrumb","itemListElement":[{"@type":"ListItem","position":1,"name":"Portada","item":"https:\/\/elmejorjamon.es\/fr\/"},{"@type":"ListItem","position":2,"name":"D\u00e9marrage rapide","item":"https:\/\/elmejorjamon.es\/fr\/"},{"@type":"ListItem","position":3,"name":"Champagne Taittinger Brut R\u00e9serve 75cl"}]},{"@type":"WebSite","@id":"https:\/\/elmejorjamon.es\/#website","url":"https:\/\/elmejorjamon.es\/","name":"El Mejor Jam\u00f3n","description":"Comprar jamones y embutidos a buen precio","publisher":{"@id":"https:\/\/elmejorjamon.es\/#organization"},"potentialAction":[{"@type":"SearchAction","target":{"@type":"EntryPoint","urlTemplate":"https:\/\/elmejorjamon.es\/?s={search_term_string}"},"query-input":{"@type":"PropertyValueSpecification","valueRequired":true,"valueName":"search_term_string"}}],"inLanguage":"fr-FR"},{"@type":"Organization","@id":"https:\/\/elmejorjamon.es\/#organization","name":"El Mejor Jam\u00f3n","url":"https:\/\/elmejorjamon.es\/","logo":{"@type":"ImageObject","inLanguage":"fr-FR","@id":"https:\/\/elmejorjamon.es\/#\/schema\/logo\/image\/","url":"https:\/\/elmejorjamon.es\/wp-content\/uploads\/2025\/01\/logocorreos.png","contentUrl":"https:\/\/elmejorjamon.es\/wp-content\/uploads\/2025\/01\/logocorreos.png","width":277,"height":200,"caption":"El Mejor Jam\u00f3n"},"image":{"@id":"https:\/\/elmejorjamon.es\/#\/schema\/logo\/image\/"},"sameAs":["https:\/\/www.facebook.com\/elmejorjamonweb","https:\/\/x.com\/elmejorjamonweb","https:\/\/www.instagram.com\/elmejorjamonweb\/"]}]}},"_links":{"self":[{"href":"https:\/\/elmejorjamon.es\/fr\/wp-json\/wp\/v2\/product\/9531","targetHints":{"allow":["GET"]}}],"collection":[{"href":"https:\/\/elmejorjamon.es\/fr\/wp-json\/wp\/v2\/product"}],"about":[{"href":"https:\/\/elmejorjamon.es\/fr\/wp-json\/wp\/v2\/types\/product"}],"replies":[{"embeddable":true,"href":"https:\/\/elmejorjamon.es\/fr\/wp-json\/wp\/v2\/comments?post=9531"}],"wp:featuredmedia":[{"embeddable":true,"href":"https:\/\/elmejorjamon.es\/fr\/wp-json\/wp\/v2\/media\/9523"}],"wp:attachment":[{"href":"https:\/\/elmejorjamon.es\/fr\/wp-json\/wp\/v2\/media?parent=9531"}],"wp:term":[{"taxonomy":"product_brand","embeddable":true,"href":"https:\/\/elmejorjamon.es\/fr\/wp-json\/wp\/v2\/product_brand?post=9531"},{"taxonomy":"product_cat","embeddable":true,"href":"https:\/\/elmejorjamon.es\/fr\/wp-json\/wp\/v2\/product_cat?post=9531"},{"taxonomy":"product_tag","embeddable":true,"href":"https:\/\/elmejorjamon.es\/fr\/wp-json\/wp\/v2\/product_tag?post=9531"}],"curies":[{"name":"wp","href":"https:\/\/api.w.org\/{rel}","templated":true}]}}