{"id":9467,"date":"2026-01-27T09:47:33","date_gmt":"2026-01-27T08:47:33","guid":{"rendered":"https:\/\/nueva.elmejorjamon.es\/?post_type=product&#038;p=9467"},"modified":"2026-01-27T09:47:35","modified_gmt":"2026-01-27T08:47:35","slug":"coques-des-rias-de-galice-naturelles-emballees-a-la-main-30-40-pieces-mariscadora","status":"publish","type":"product","link":"https:\/\/elmejorjamon.es\/fr\/producto\/coques-des-rias-de-galice-naturelles-emballees-a-la-main-30-40-pieces-mariscadora\/","title":{"rendered":"Coques des R\u00edas de Galice naturelles emball\u00e9es \u00e0 la main 30\/40 pi\u00e8ces Mariscadora"},"content":{"rendered":"<p>Coques des R\u00edas de Galice naturelles emball\u00e9es \u00e0 la main 30\/40 pi\u00e8ces Mariscadora RR-90<\/p>\n<p>Ingr\u00e9dients\u00a0: Coques (Cerastoderma edule) (mollusques), eau et sel.<\/p>\n<p>VALEURS NUTRITIONNELLES (100\u00a0g)<\/p>\n<p>\u00c9nergie\u00a0: 347\u00a0kJ\/83\u00a0kcal<\/p>\n<p>Mati\u00e8res grasses\u00a0: 1,3\u00a0g<\/p>\n<p>dont acides gras satur\u00e9s\u00a0: 0,1\u00a0g<\/p>\n<p>Glucides\u00a0: 4,1\u00a0g<\/p>\n<p>dont sucres\u00a0: 0,06\u00a0g<\/p>\n<p>Prot\u00e9ines\u00a0: 13,7\u00a0g<\/p>\n<p>Sel\u00a0: 1,47\u00a0g<\/p>\n<p>Prot\u00e9ines\/Prot\u00e9ines 25,7 g<\/p>\n<p>Sel\/Sel 1,75 g<\/p>\n","protected":false},"excerpt":{"rendered":"<p>Coques des R\u00edas de Galice naturelles emball\u00e9es \u00e0 la main 30\/40 pi\u00e8ces Mariscadora<\/p>\n","protected":false},"featured_media":21638,"comment_status":"open","ping_status":"closed","template":"","meta":{"_et_pb_use_builder":"","_et_pb_old_content":"","_et_gb_content_width":"","_sitemap_exclude":false,"_sitemap_priority":"","_sitemap_frequency":""},"product_brand":[],"product_cat":[23,41,155,47],"product_tag":[],"class_list":{"0":"post-9467","1":"product","2":"type-product","3":"status-publish","4":"has-post-thumbnail","6":"product_cat-accueil","7":"product_cat-conserves","8":"product_cat-coques","9":"product_cat-tous-les-produits","10":"product_shipping_class-normal-fr","11":"pa_opciones-1unite-fr","13":"first","14":"instock","15":"shipping-taxable","16":"purchasable","17":"product-type-variable","18":"has-default-attributes"},"yoast_head":"<!-- This site is optimized with the Yoast SEO plugin v27.2 - https:\/\/yoast.com\/product\/yoast-seo-wordpress\/ -->\n<title>Coques des R\u00edas de Galice naturelles emball\u00e9es \u00e0 la main 30\/40 pi\u00e8ces Mariscadora - El Mejor Jam\u00f3n<\/title>\n<meta name=\"description\" content=\"Ingr\u00e9dients\u00a0: Coques (Cerastoderma edule) (mollusques), eau et sel.\" \/>\n<meta name=\"robots\" content=\"index, follow, max-snippet:-1, max-image-preview:large, max-video-preview:-1\" \/>\n<link rel=\"canonical\" href=\"https:\/\/elmejorjamon.es\/fr\/producto\/coques-des-rias-de-galice-naturelles-emballees-a-la-main-30-40-pieces-mariscadora\/\" \/>\n<meta property=\"og:locale\" content=\"fr_FR\" \/>\n<meta property=\"og:type\" content=\"article\" \/>\n<meta property=\"og:title\" content=\"Coques des R\u00edas de Galice naturelles emball\u00e9es \u00e0 la main 30\/40 pi\u00e8ces Mariscadora - El Mejor Jam\u00f3n\" \/>\n<meta property=\"og:description\" content=\"Ingr\u00e9dients\u00a0: Coques (Cerastoderma edule) (mollusques), eau et sel.\" \/>\n<meta property=\"og:url\" content=\"https:\/\/elmejorjamon.es\/fr\/producto\/coques-des-rias-de-galice-naturelles-emballees-a-la-main-30-40-pieces-mariscadora\/\" \/>\n<meta property=\"og:site_name\" content=\"El Mejor Jam\u00f3n\" \/>\n<meta property=\"article:publisher\" content=\"https:\/\/www.facebook.com\/elmejorjamonweb\" \/>\n<meta property=\"article:modified_time\" content=\"2026-01-27T08:47:35+00:00\" \/>\n<meta property=\"og:image\" content=\"https:\/\/elmejorjamon.es\/wp-content\/uploads\/2025\/02\/berberechos3040manomariscadora2.jpg\" \/>\n\t<meta property=\"og:image:width\" content=\"950\" \/>\n\t<meta property=\"og:image:height\" content=\"589\" \/>\n\t<meta property=\"og:image:type\" content=\"image\/jpeg\" \/>\n<meta name=\"twitter:card\" content=\"summary_large_image\" \/>\n<meta name=\"twitter:site\" content=\"@elmejorjamonweb\" \/>\n<meta name=\"twitter:label1\" content=\"Dur\u00e9e de lecture estim\u00e9e\" \/>\n\t<meta name=\"twitter:data1\" content=\"1 minute\" \/>\n<script type=\"application\/ld+json\" class=\"yoast-schema-graph\">{\"@context\":\"https:\/\/schema.org\",\"@graph\":[{\"@type\":\"WebPage\",\"@id\":\"https:\/\/elmejorjamon.es\/fr\/producto\/coques-des-rias-de-galice-naturelles-emballees-a-la-main-30-40-pieces-mariscadora\/\",\"url\":\"https:\/\/elmejorjamon.es\/fr\/producto\/coques-des-rias-de-galice-naturelles-emballees-a-la-main-30-40-pieces-mariscadora\/\",\"name\":\"Coques des R\u00edas de Galice naturelles emball\u00e9es \u00e0 la main 30\/40 pi\u00e8ces Mariscadora - El Mejor Jam\u00f3n\",\"isPartOf\":{\"@id\":\"https:\/\/elmejorjamon.es\/#website\"},\"primaryImageOfPage\":{\"@id\":\"https:\/\/elmejorjamon.es\/fr\/producto\/coques-des-rias-de-galice-naturelles-emballees-a-la-main-30-40-pieces-mariscadora\/#primaryimage\"},\"image\":{\"@id\":\"https:\/\/elmejorjamon.es\/fr\/producto\/coques-des-rias-de-galice-naturelles-emballees-a-la-main-30-40-pieces-mariscadora\/#primaryimage\"},\"thumbnailUrl\":\"https:\/\/elmejorjamon.es\/wp-content\/uploads\/2025\/02\/berberechos3040manomariscadora2.jpg\",\"datePublished\":\"2026-01-27T08:47:33+00:00\",\"dateModified\":\"2026-01-27T08:47:35+00:00\",\"description\":\"Ingr\u00e9dients\u00a0: Coques (Cerastoderma edule) (mollusques), eau et sel.\",\"breadcrumb\":{\"@id\":\"https:\/\/elmejorjamon.es\/fr\/producto\/coques-des-rias-de-galice-naturelles-emballees-a-la-main-30-40-pieces-mariscadora\/#breadcrumb\"},\"inLanguage\":\"fr-FR\",\"potentialAction\":[{\"@type\":\"ReadAction\",\"target\":[\"https:\/\/elmejorjamon.es\/fr\/producto\/coques-des-rias-de-galice-naturelles-emballees-a-la-main-30-40-pieces-mariscadora\/\"]}]},{\"@type\":\"ImageObject\",\"inLanguage\":\"fr-FR\",\"@id\":\"https:\/\/elmejorjamon.es\/fr\/producto\/coques-des-rias-de-galice-naturelles-emballees-a-la-main-30-40-pieces-mariscadora\/#primaryimage\",\"url\":\"https:\/\/elmejorjamon.es\/wp-content\/uploads\/2025\/02\/berberechos3040manomariscadora2.jpg\",\"contentUrl\":\"https:\/\/elmejorjamon.es\/wp-content\/uploads\/2025\/02\/berberechos3040manomariscadora2.jpg\",\"width\":950,\"height\":589},{\"@type\":\"BreadcrumbList\",\"@id\":\"https:\/\/elmejorjamon.es\/fr\/producto\/coques-des-rias-de-galice-naturelles-emballees-a-la-main-30-40-pieces-mariscadora\/#breadcrumb\",\"itemListElement\":[{\"@type\":\"ListItem\",\"position\":1,\"name\":\"Portada\",\"item\":\"https:\/\/elmejorjamon.es\/fr\/\"},{\"@type\":\"ListItem\",\"position\":2,\"name\":\"D\u00e9marrage rapide\",\"item\":\"https:\/\/elmejorjamon.es\/fr\/\"},{\"@type\":\"ListItem\",\"position\":3,\"name\":\"Coques des R\u00edas de Galice naturelles emball\u00e9es \u00e0 la main 30\/40 pi\u00e8ces Mariscadora\"}]},{\"@type\":\"WebSite\",\"@id\":\"https:\/\/elmejorjamon.es\/#website\",\"url\":\"https:\/\/elmejorjamon.es\/\",\"name\":\"El Mejor Jam\u00f3n\",\"description\":\"Comprar jamones y embutidos a buen precio\",\"publisher\":{\"@id\":\"https:\/\/elmejorjamon.es\/#organization\"},\"potentialAction\":[{\"@type\":\"SearchAction\",\"target\":{\"@type\":\"EntryPoint\",\"urlTemplate\":\"https:\/\/elmejorjamon.es\/?s={search_term_string}\"},\"query-input\":{\"@type\":\"PropertyValueSpecification\",\"valueRequired\":true,\"valueName\":\"search_term_string\"}}],\"inLanguage\":\"fr-FR\"},{\"@type\":\"Organization\",\"@id\":\"https:\/\/elmejorjamon.es\/#organization\",\"name\":\"El Mejor Jam\u00f3n\",\"url\":\"https:\/\/elmejorjamon.es\/\",\"logo\":{\"@type\":\"ImageObject\",\"inLanguage\":\"fr-FR\",\"@id\":\"https:\/\/elmejorjamon.es\/#\/schema\/logo\/image\/\",\"url\":\"https:\/\/elmejorjamon.es\/wp-content\/uploads\/2025\/01\/logocorreos.png\",\"contentUrl\":\"https:\/\/elmejorjamon.es\/wp-content\/uploads\/2025\/01\/logocorreos.png\",\"width\":277,\"height\":200,\"caption\":\"El Mejor Jam\u00f3n\"},\"image\":{\"@id\":\"https:\/\/elmejorjamon.es\/#\/schema\/logo\/image\/\"},\"sameAs\":[\"https:\/\/www.facebook.com\/elmejorjamonweb\",\"https:\/\/x.com\/elmejorjamonweb\",\"https:\/\/www.instagram.com\/elmejorjamonweb\/\"]}]}<\/script>\n<!-- \/ Yoast SEO plugin. -->","yoast_head_json":{"title":"Coques des R\u00edas de Galice naturelles emball\u00e9es \u00e0 la main 30\/40 pi\u00e8ces Mariscadora - El Mejor Jam\u00f3n","description":"Ingr\u00e9dients\u00a0: Coques (Cerastoderma edule) (mollusques), eau et sel.","robots":{"index":"index","follow":"follow","max-snippet":"max-snippet:-1","max-image-preview":"max-image-preview:large","max-video-preview":"max-video-preview:-1"},"canonical":"https:\/\/elmejorjamon.es\/fr\/producto\/coques-des-rias-de-galice-naturelles-emballees-a-la-main-30-40-pieces-mariscadora\/","og_locale":"fr_FR","og_type":"article","og_title":"Coques des R\u00edas de Galice naturelles emball\u00e9es \u00e0 la main 30\/40 pi\u00e8ces Mariscadora - El Mejor Jam\u00f3n","og_description":"Ingr\u00e9dients\u00a0: Coques (Cerastoderma edule) (mollusques), eau et sel.","og_url":"https:\/\/elmejorjamon.es\/fr\/producto\/coques-des-rias-de-galice-naturelles-emballees-a-la-main-30-40-pieces-mariscadora\/","og_site_name":"El Mejor Jam\u00f3n","article_publisher":"https:\/\/www.facebook.com\/elmejorjamonweb","article_modified_time":"2026-01-27T08:47:35+00:00","og_image":[{"width":950,"height":589,"url":"https:\/\/elmejorjamon.es\/wp-content\/uploads\/2025\/02\/berberechos3040manomariscadora2.jpg","type":"image\/jpeg"}],"twitter_card":"summary_large_image","twitter_site":"@elmejorjamonweb","twitter_misc":{"Dur\u00e9e de lecture estim\u00e9e":"1 minute"},"schema":{"@context":"https:\/\/schema.org","@graph":[{"@type":"WebPage","@id":"https:\/\/elmejorjamon.es\/fr\/producto\/coques-des-rias-de-galice-naturelles-emballees-a-la-main-30-40-pieces-mariscadora\/","url":"https:\/\/elmejorjamon.es\/fr\/producto\/coques-des-rias-de-galice-naturelles-emballees-a-la-main-30-40-pieces-mariscadora\/","name":"Coques des R\u00edas de Galice naturelles emball\u00e9es \u00e0 la main 30\/40 pi\u00e8ces Mariscadora - El Mejor Jam\u00f3n","isPartOf":{"@id":"https:\/\/elmejorjamon.es\/#website"},"primaryImageOfPage":{"@id":"https:\/\/elmejorjamon.es\/fr\/producto\/coques-des-rias-de-galice-naturelles-emballees-a-la-main-30-40-pieces-mariscadora\/#primaryimage"},"image":{"@id":"https:\/\/elmejorjamon.es\/fr\/producto\/coques-des-rias-de-galice-naturelles-emballees-a-la-main-30-40-pieces-mariscadora\/#primaryimage"},"thumbnailUrl":"https:\/\/elmejorjamon.es\/wp-content\/uploads\/2025\/02\/berberechos3040manomariscadora2.jpg","datePublished":"2026-01-27T08:47:33+00:00","dateModified":"2026-01-27T08:47:35+00:00","description":"Ingr\u00e9dients\u00a0: Coques (Cerastoderma edule) (mollusques), eau et sel.","breadcrumb":{"@id":"https:\/\/elmejorjamon.es\/fr\/producto\/coques-des-rias-de-galice-naturelles-emballees-a-la-main-30-40-pieces-mariscadora\/#breadcrumb"},"inLanguage":"fr-FR","potentialAction":[{"@type":"ReadAction","target":["https:\/\/elmejorjamon.es\/fr\/producto\/coques-des-rias-de-galice-naturelles-emballees-a-la-main-30-40-pieces-mariscadora\/"]}]},{"@type":"ImageObject","inLanguage":"fr-FR","@id":"https:\/\/elmejorjamon.es\/fr\/producto\/coques-des-rias-de-galice-naturelles-emballees-a-la-main-30-40-pieces-mariscadora\/#primaryimage","url":"https:\/\/elmejorjamon.es\/wp-content\/uploads\/2025\/02\/berberechos3040manomariscadora2.jpg","contentUrl":"https:\/\/elmejorjamon.es\/wp-content\/uploads\/2025\/02\/berberechos3040manomariscadora2.jpg","width":950,"height":589},{"@type":"BreadcrumbList","@id":"https:\/\/elmejorjamon.es\/fr\/producto\/coques-des-rias-de-galice-naturelles-emballees-a-la-main-30-40-pieces-mariscadora\/#breadcrumb","itemListElement":[{"@type":"ListItem","position":1,"name":"Portada","item":"https:\/\/elmejorjamon.es\/fr\/"},{"@type":"ListItem","position":2,"name":"D\u00e9marrage rapide","item":"https:\/\/elmejorjamon.es\/fr\/"},{"@type":"ListItem","position":3,"name":"Coques des R\u00edas de Galice naturelles emball\u00e9es \u00e0 la main 30\/40 pi\u00e8ces Mariscadora"}]},{"@type":"WebSite","@id":"https:\/\/elmejorjamon.es\/#website","url":"https:\/\/elmejorjamon.es\/","name":"El Mejor Jam\u00f3n","description":"Comprar jamones y embutidos a buen precio","publisher":{"@id":"https:\/\/elmejorjamon.es\/#organization"},"potentialAction":[{"@type":"SearchAction","target":{"@type":"EntryPoint","urlTemplate":"https:\/\/elmejorjamon.es\/?s={search_term_string}"},"query-input":{"@type":"PropertyValueSpecification","valueRequired":true,"valueName":"search_term_string"}}],"inLanguage":"fr-FR"},{"@type":"Organization","@id":"https:\/\/elmejorjamon.es\/#organization","name":"El Mejor Jam\u00f3n","url":"https:\/\/elmejorjamon.es\/","logo":{"@type":"ImageObject","inLanguage":"fr-FR","@id":"https:\/\/elmejorjamon.es\/#\/schema\/logo\/image\/","url":"https:\/\/elmejorjamon.es\/wp-content\/uploads\/2025\/01\/logocorreos.png","contentUrl":"https:\/\/elmejorjamon.es\/wp-content\/uploads\/2025\/01\/logocorreos.png","width":277,"height":200,"caption":"El Mejor Jam\u00f3n"},"image":{"@id":"https:\/\/elmejorjamon.es\/#\/schema\/logo\/image\/"},"sameAs":["https:\/\/www.facebook.com\/elmejorjamonweb","https:\/\/x.com\/elmejorjamonweb","https:\/\/www.instagram.com\/elmejorjamonweb\/"]}]}},"_links":{"self":[{"href":"https:\/\/elmejorjamon.es\/fr\/wp-json\/wp\/v2\/product\/9467","targetHints":{"allow":["GET"]}}],"collection":[{"href":"https:\/\/elmejorjamon.es\/fr\/wp-json\/wp\/v2\/product"}],"about":[{"href":"https:\/\/elmejorjamon.es\/fr\/wp-json\/wp\/v2\/types\/product"}],"replies":[{"embeddable":true,"href":"https:\/\/elmejorjamon.es\/fr\/wp-json\/wp\/v2\/comments?post=9467"}],"wp:featuredmedia":[{"embeddable":true,"href":"https:\/\/elmejorjamon.es\/fr\/wp-json\/wp\/v2\/media\/21638"}],"wp:attachment":[{"href":"https:\/\/elmejorjamon.es\/fr\/wp-json\/wp\/v2\/media?parent=9467"}],"wp:term":[{"taxonomy":"product_brand","embeddable":true,"href":"https:\/\/elmejorjamon.es\/fr\/wp-json\/wp\/v2\/product_brand?post=9467"},{"taxonomy":"product_cat","embeddable":true,"href":"https:\/\/elmejorjamon.es\/fr\/wp-json\/wp\/v2\/product_cat?post=9467"},{"taxonomy":"product_tag","embeddable":true,"href":"https:\/\/elmejorjamon.es\/fr\/wp-json\/wp\/v2\/product_tag?post=9467"}],"curies":[{"name":"wp","href":"https:\/\/api.w.org\/{rel}","templated":true}]}}