{"id":9177,"date":"2023-07-05T12:12:16","date_gmt":"2023-07-05T11:12:16","guid":{"rendered":"https:\/\/nueva.elmejorjamon.es\/producto\/vin-blanc-edition-or-sauvignon-blanc-francisco-gomez\/"},"modified":"2025-02-18T14:53:33","modified_gmt":"2025-02-18T13:53:33","slug":"vin-blanc-edition-or-sauvignon-blanc-francisco-gomez","status":"publish","type":"product","link":"https:\/\/elmejorjamon.es\/fr\/producto\/vin-blanc-edition-or-sauvignon-blanc-francisco-gomez\/","title":{"rendered":"Vin blanc \u00e9dition or Sauvignon Blanc Francisco Gomez"},"content":{"rendered":"<p>Vin blanc \u00e9dition or Sauvignon Blanc Francisco Gomez<\/p>\n<p>Un luxe exub\u00e9rant et d\u00e9licat, un savoir-faire artisanal et le plus grand respect de notre nature font de ce vin un produit unique et distingu\u00e9. Profitez d&rsquo;un bijou authentique et \u00e9l\u00e9gant qui transformera chaque instant en quelque chose d&rsquo;exclusif. \u00c9labor\u00e9 de mani\u00e8re artisanale, apr\u00e8s une s\u00e9lection exhaustive de nos exquis raisins Sauvignon Blanc, ce vin na\u00eet orn\u00e9 d&rsquo;\u00e9clats d&rsquo;or glamour.<\/p>\n<p>ACCOMPAGNEMENT<\/p>\n<p>Poisson. Fruit de mer. Des oiseaux.<\/p>\n<p>NOTES DE CATA<\/p>\n<p>Les copeaux d&rsquo;or se joignent au ton jaune-vert du vin, formant des \u00e9clats dor\u00e9s.<\/p>\n<p>Au nez, il pr\u00e9sente des ar\u00f4mes de fruits tropicaux et des notes d&rsquo;herbe fra\u00eechement coup\u00e9e.<\/p>\n<p>En bouche c&rsquo;est un vin structur\u00e9 et rond; qui apporte la fra\u00eecheur \u00e0 sa fin.<\/p>\n<p>SERVICE : Nous vous conseillons de le servir froid, autour de 8 \u00b0C.<\/p>\n<p>LAC. VOL. : 13 %<\/p>\n<p>APPELLATION D&rsquo;ORIGINE: Alicante<\/p>\n<p>ELEVAGE : Jeune<\/p>\n<p>C\u00c9PAGES : 100% Sauvignon Blanc<\/p>\n<p>VIGNOBLE:<\/p>\n<p>SOL:<\/p>\n<p>ANCIEN:<\/p>\n<p>PR\u00c9PARATION : Apr\u00e8s avoir press\u00e9 les raisins, le mo\u00fbt fermente \u00e0 13\u00ba C pendant environ 15 jours dans des cuves en acier inoxydable. Une fois la fermentation termin\u00e9e, le vin reste sur ses lies fines pendant un mois.<\/p>\n","protected":false},"excerpt":{"rendered":"<p>Vin blanc \u00e9dition or Sauvignon Blanc Francisco Gomez<\/p>\n","protected":false},"featured_media":9171,"comment_status":"open","ping_status":"closed","template":"","meta":{"_et_pb_use_builder":"","_et_pb_old_content":"","_et_gb_content_width":"","_sitemap_exclude":false,"_sitemap_priority":"","_sitemap_frequency":""},"product_brand":[],"product_cat":[23,95,131,47,143],"product_tag":[],"class_list":{"0":"post-9177","1":"product","2":"type-product","3":"status-publish","4":"has-post-thumbnail","6":"product_cat-accueil","7":"product_cat-bebidas-fr","8":"product_cat-gamme-trivium","9":"product_cat-tous-les-produits","10":"product_cat-vin","11":"product_shipping_class-normal-fr","13":"first","14":"instock","15":"shipping-taxable","16":"purchasable","17":"product-type-simple"},"yoast_head":"<!-- This site is optimized with the Yoast SEO plugin v27.4 - https:\/\/yoast.com\/product\/yoast-seo-wordpress\/ -->\n<title>Vin blanc \u00e9dition or Sauvignon Blanc Francisco Gomez - El Mejor Jam\u00f3n<\/title>\n<meta name=\"robots\" content=\"index, follow, max-snippet:-1, max-image-preview:large, max-video-preview:-1\" \/>\n<link rel=\"canonical\" href=\"https:\/\/elmejorjamon.es\/producto\/vino-blanco-gold-edition-sauvignon-blanc-francisco-gomez\/\" \/>\n<meta property=\"og:locale\" content=\"fr_FR\" \/>\n<meta property=\"og:type\" content=\"article\" \/>\n<meta property=\"og:title\" content=\"Vin blanc \u00e9dition or Sauvignon Blanc Francisco Gomez - El Mejor Jam\u00f3n\" \/>\n<meta property=\"og:description\" content=\"Vin blanc \u00e9dition or Sauvignon Blanc Francisco Gomez\" \/>\n<meta property=\"og:url\" content=\"https:\/\/elmejorjamon.es\/producto\/vino-blanco-gold-edition-sauvignon-blanc-francisco-gomez\/\" \/>\n<meta property=\"og:site_name\" content=\"El Mejor Jam\u00f3n\" \/>\n<meta property=\"article:publisher\" content=\"https:\/\/www.facebook.com\/elmejorjamonweb\" \/>\n<meta property=\"article:modified_time\" content=\"2025-02-18T13:53:33+00:00\" \/>\n<meta property=\"og:image\" content=\"https:\/\/elmejorjamon.es\/wp-content\/uploads\/2023\/07\/2434-thickbox_default-Vino-blanco-gold-edition-Sauvignon-Blanc-Francisco-Gomez.jpg\" \/>\n\t<meta property=\"og:image:width\" content=\"1100\" \/>\n\t<meta property=\"og:image:height\" content=\"1422\" \/>\n\t<meta property=\"og:image:type\" content=\"image\/jpeg\" \/>\n<meta name=\"twitter:card\" content=\"summary_large_image\" \/>\n<meta name=\"twitter:site\" content=\"@elmejorjamonweb\" \/>\n<meta name=\"twitter:label1\" content=\"Dur\u00e9e de lecture estim\u00e9e\" \/>\n\t<meta name=\"twitter:data1\" content=\"1 minute\" \/>\n<script type=\"application\/ld+json\" class=\"yoast-schema-graph\">{\"@context\":\"https:\\\/\\\/schema.org\",\"@graph\":[{\"@type\":\"WebPage\",\"@id\":\"https:\\\/\\\/elmejorjamon.es\\\/producto\\\/vino-blanco-gold-edition-sauvignon-blanc-francisco-gomez\\\/\",\"url\":\"https:\\\/\\\/elmejorjamon.es\\\/producto\\\/vino-blanco-gold-edition-sauvignon-blanc-francisco-gomez\\\/\",\"name\":\"Vin blanc \u00e9dition or Sauvignon Blanc Francisco Gomez - El Mejor Jam\u00f3n\",\"isPartOf\":{\"@id\":\"https:\\\/\\\/elmejorjamon.es\\\/#website\"},\"primaryImageOfPage\":{\"@id\":\"https:\\\/\\\/elmejorjamon.es\\\/producto\\\/vino-blanco-gold-edition-sauvignon-blanc-francisco-gomez\\\/#primaryimage\"},\"image\":{\"@id\":\"https:\\\/\\\/elmejorjamon.es\\\/producto\\\/vino-blanco-gold-edition-sauvignon-blanc-francisco-gomez\\\/#primaryimage\"},\"thumbnailUrl\":\"https:\\\/\\\/elmejorjamon.es\\\/wp-content\\\/uploads\\\/2023\\\/07\\\/2434-thickbox_default-Vino-blanco-gold-edition-Sauvignon-Blanc-Francisco-Gomez.jpg\",\"datePublished\":\"2023-07-05T11:12:16+00:00\",\"dateModified\":\"2025-02-18T13:53:33+00:00\",\"breadcrumb\":{\"@id\":\"https:\\\/\\\/elmejorjamon.es\\\/producto\\\/vino-blanco-gold-edition-sauvignon-blanc-francisco-gomez\\\/#breadcrumb\"},\"inLanguage\":\"fr-FR\",\"potentialAction\":[{\"@type\":\"ReadAction\",\"target\":[\"https:\\\/\\\/elmejorjamon.es\\\/producto\\\/vino-blanco-gold-edition-sauvignon-blanc-francisco-gomez\\\/\"]}]},{\"@type\":\"ImageObject\",\"inLanguage\":\"fr-FR\",\"@id\":\"https:\\\/\\\/elmejorjamon.es\\\/producto\\\/vino-blanco-gold-edition-sauvignon-blanc-francisco-gomez\\\/#primaryimage\",\"url\":\"https:\\\/\\\/elmejorjamon.es\\\/wp-content\\\/uploads\\\/2023\\\/07\\\/2434-thickbox_default-Vino-blanco-gold-edition-Sauvignon-Blanc-Francisco-Gomez.jpg\",\"contentUrl\":\"https:\\\/\\\/elmejorjamon.es\\\/wp-content\\\/uploads\\\/2023\\\/07\\\/2434-thickbox_default-Vino-blanco-gold-edition-Sauvignon-Blanc-Francisco-Gomez.jpg\",\"width\":1100,\"height\":1422},{\"@type\":\"BreadcrumbList\",\"@id\":\"https:\\\/\\\/elmejorjamon.es\\\/producto\\\/vino-blanco-gold-edition-sauvignon-blanc-francisco-gomez\\\/#breadcrumb\",\"itemListElement\":[{\"@type\":\"ListItem\",\"position\":1,\"name\":\"Portada\",\"item\":\"https:\\\/\\\/elmejorjamon.es\\\/fr\\\/\"},{\"@type\":\"ListItem\",\"position\":2,\"name\":\"D\u00e9marrage rapide\",\"item\":\"https:\\\/\\\/elmejorjamon.es\\\/fr\\\/\"},{\"@type\":\"ListItem\",\"position\":3,\"name\":\"Vin blanc \u00e9dition or Sauvignon Blanc Francisco Gomez\"}]},{\"@type\":\"WebSite\",\"@id\":\"https:\\\/\\\/elmejorjamon.es\\\/#website\",\"url\":\"https:\\\/\\\/elmejorjamon.es\\\/\",\"name\":\"El Mejor Jam\u00f3n\",\"description\":\"Comprar jamones y embutidos a buen precio\",\"publisher\":{\"@id\":\"https:\\\/\\\/elmejorjamon.es\\\/#organization\"},\"potentialAction\":[{\"@type\":\"SearchAction\",\"target\":{\"@type\":\"EntryPoint\",\"urlTemplate\":\"https:\\\/\\\/elmejorjamon.es\\\/?s={search_term_string}\"},\"query-input\":{\"@type\":\"PropertyValueSpecification\",\"valueRequired\":true,\"valueName\":\"search_term_string\"}}],\"inLanguage\":\"fr-FR\"},{\"@type\":\"Organization\",\"@id\":\"https:\\\/\\\/elmejorjamon.es\\\/#organization\",\"name\":\"El Mejor Jam\u00f3n\",\"url\":\"https:\\\/\\\/elmejorjamon.es\\\/\",\"logo\":{\"@type\":\"ImageObject\",\"inLanguage\":\"fr-FR\",\"@id\":\"https:\\\/\\\/elmejorjamon.es\\\/#\\\/schema\\\/logo\\\/image\\\/\",\"url\":\"https:\\\/\\\/elmejorjamon.es\\\/wp-content\\\/uploads\\\/2025\\\/01\\\/logocorreos.png\",\"contentUrl\":\"https:\\\/\\\/elmejorjamon.es\\\/wp-content\\\/uploads\\\/2025\\\/01\\\/logocorreos.png\",\"width\":277,\"height\":200,\"caption\":\"El Mejor Jam\u00f3n\"},\"image\":{\"@id\":\"https:\\\/\\\/elmejorjamon.es\\\/#\\\/schema\\\/logo\\\/image\\\/\"},\"sameAs\":[\"https:\\\/\\\/www.facebook.com\\\/elmejorjamonweb\",\"https:\\\/\\\/x.com\\\/elmejorjamonweb\",\"https:\\\/\\\/www.instagram.com\\\/elmejorjamonweb\\\/\"]}]}<\/script>\n<!-- \/ Yoast SEO plugin. -->","yoast_head_json":{"title":"Vin blanc \u00e9dition or Sauvignon Blanc Francisco Gomez - El Mejor Jam\u00f3n","robots":{"index":"index","follow":"follow","max-snippet":"max-snippet:-1","max-image-preview":"max-image-preview:large","max-video-preview":"max-video-preview:-1"},"canonical":"https:\/\/elmejorjamon.es\/producto\/vino-blanco-gold-edition-sauvignon-blanc-francisco-gomez\/","og_locale":"fr_FR","og_type":"article","og_title":"Vin blanc \u00e9dition or Sauvignon Blanc Francisco Gomez - El Mejor Jam\u00f3n","og_description":"Vin blanc \u00e9dition or Sauvignon Blanc Francisco Gomez","og_url":"https:\/\/elmejorjamon.es\/producto\/vino-blanco-gold-edition-sauvignon-blanc-francisco-gomez\/","og_site_name":"El Mejor Jam\u00f3n","article_publisher":"https:\/\/www.facebook.com\/elmejorjamonweb","article_modified_time":"2025-02-18T13:53:33+00:00","og_image":[{"width":1100,"height":1422,"url":"https:\/\/elmejorjamon.es\/wp-content\/uploads\/2023\/07\/2434-thickbox_default-Vino-blanco-gold-edition-Sauvignon-Blanc-Francisco-Gomez.jpg","type":"image\/jpeg"}],"twitter_card":"summary_large_image","twitter_site":"@elmejorjamonweb","twitter_misc":{"Dur\u00e9e de lecture estim\u00e9e":"1 minute"},"schema":{"@context":"https:\/\/schema.org","@graph":[{"@type":"WebPage","@id":"https:\/\/elmejorjamon.es\/producto\/vino-blanco-gold-edition-sauvignon-blanc-francisco-gomez\/","url":"https:\/\/elmejorjamon.es\/producto\/vino-blanco-gold-edition-sauvignon-blanc-francisco-gomez\/","name":"Vin blanc \u00e9dition or Sauvignon Blanc Francisco Gomez - El Mejor Jam\u00f3n","isPartOf":{"@id":"https:\/\/elmejorjamon.es\/#website"},"primaryImageOfPage":{"@id":"https:\/\/elmejorjamon.es\/producto\/vino-blanco-gold-edition-sauvignon-blanc-francisco-gomez\/#primaryimage"},"image":{"@id":"https:\/\/elmejorjamon.es\/producto\/vino-blanco-gold-edition-sauvignon-blanc-francisco-gomez\/#primaryimage"},"thumbnailUrl":"https:\/\/elmejorjamon.es\/wp-content\/uploads\/2023\/07\/2434-thickbox_default-Vino-blanco-gold-edition-Sauvignon-Blanc-Francisco-Gomez.jpg","datePublished":"2023-07-05T11:12:16+00:00","dateModified":"2025-02-18T13:53:33+00:00","breadcrumb":{"@id":"https:\/\/elmejorjamon.es\/producto\/vino-blanco-gold-edition-sauvignon-blanc-francisco-gomez\/#breadcrumb"},"inLanguage":"fr-FR","potentialAction":[{"@type":"ReadAction","target":["https:\/\/elmejorjamon.es\/producto\/vino-blanco-gold-edition-sauvignon-blanc-francisco-gomez\/"]}]},{"@type":"ImageObject","inLanguage":"fr-FR","@id":"https:\/\/elmejorjamon.es\/producto\/vino-blanco-gold-edition-sauvignon-blanc-francisco-gomez\/#primaryimage","url":"https:\/\/elmejorjamon.es\/wp-content\/uploads\/2023\/07\/2434-thickbox_default-Vino-blanco-gold-edition-Sauvignon-Blanc-Francisco-Gomez.jpg","contentUrl":"https:\/\/elmejorjamon.es\/wp-content\/uploads\/2023\/07\/2434-thickbox_default-Vino-blanco-gold-edition-Sauvignon-Blanc-Francisco-Gomez.jpg","width":1100,"height":1422},{"@type":"BreadcrumbList","@id":"https:\/\/elmejorjamon.es\/producto\/vino-blanco-gold-edition-sauvignon-blanc-francisco-gomez\/#breadcrumb","itemListElement":[{"@type":"ListItem","position":1,"name":"Portada","item":"https:\/\/elmejorjamon.es\/fr\/"},{"@type":"ListItem","position":2,"name":"D\u00e9marrage rapide","item":"https:\/\/elmejorjamon.es\/fr\/"},{"@type":"ListItem","position":3,"name":"Vin blanc \u00e9dition or Sauvignon Blanc Francisco Gomez"}]},{"@type":"WebSite","@id":"https:\/\/elmejorjamon.es\/#website","url":"https:\/\/elmejorjamon.es\/","name":"El Mejor Jam\u00f3n","description":"Comprar jamones y embutidos a buen precio","publisher":{"@id":"https:\/\/elmejorjamon.es\/#organization"},"potentialAction":[{"@type":"SearchAction","target":{"@type":"EntryPoint","urlTemplate":"https:\/\/elmejorjamon.es\/?s={search_term_string}"},"query-input":{"@type":"PropertyValueSpecification","valueRequired":true,"valueName":"search_term_string"}}],"inLanguage":"fr-FR"},{"@type":"Organization","@id":"https:\/\/elmejorjamon.es\/#organization","name":"El Mejor Jam\u00f3n","url":"https:\/\/elmejorjamon.es\/","logo":{"@type":"ImageObject","inLanguage":"fr-FR","@id":"https:\/\/elmejorjamon.es\/#\/schema\/logo\/image\/","url":"https:\/\/elmejorjamon.es\/wp-content\/uploads\/2025\/01\/logocorreos.png","contentUrl":"https:\/\/elmejorjamon.es\/wp-content\/uploads\/2025\/01\/logocorreos.png","width":277,"height":200,"caption":"El Mejor Jam\u00f3n"},"image":{"@id":"https:\/\/elmejorjamon.es\/#\/schema\/logo\/image\/"},"sameAs":["https:\/\/www.facebook.com\/elmejorjamonweb","https:\/\/x.com\/elmejorjamonweb","https:\/\/www.instagram.com\/elmejorjamonweb\/"]}]}},"_links":{"self":[{"href":"https:\/\/elmejorjamon.es\/fr\/wp-json\/wp\/v2\/product\/9177","targetHints":{"allow":["GET"]}}],"collection":[{"href":"https:\/\/elmejorjamon.es\/fr\/wp-json\/wp\/v2\/product"}],"about":[{"href":"https:\/\/elmejorjamon.es\/fr\/wp-json\/wp\/v2\/types\/product"}],"replies":[{"embeddable":true,"href":"https:\/\/elmejorjamon.es\/fr\/wp-json\/wp\/v2\/comments?post=9177"}],"wp:featuredmedia":[{"embeddable":true,"href":"https:\/\/elmejorjamon.es\/fr\/wp-json\/wp\/v2\/media\/9171"}],"wp:attachment":[{"href":"https:\/\/elmejorjamon.es\/fr\/wp-json\/wp\/v2\/media?parent=9177"}],"wp:term":[{"taxonomy":"product_brand","embeddable":true,"href":"https:\/\/elmejorjamon.es\/fr\/wp-json\/wp\/v2\/product_brand?post=9177"},{"taxonomy":"product_cat","embeddable":true,"href":"https:\/\/elmejorjamon.es\/fr\/wp-json\/wp\/v2\/product_cat?post=9177"},{"taxonomy":"product_tag","embeddable":true,"href":"https:\/\/elmejorjamon.es\/fr\/wp-json\/wp\/v2\/product_tag?post=9177"}],"curies":[{"name":"wp","href":"https:\/\/api.w.org\/{rel}","templated":true}]}}