{"id":9153,"date":"2023-07-05T11:53:22","date_gmt":"2023-07-05T10:53:22","guid":{"rendered":"https:\/\/nueva.elmejorjamon.es\/producto\/vin-fondillon-quo-vadis-solera-1972\/"},"modified":"2023-07-05T11:53:22","modified_gmt":"2023-07-05T10:53:22","slug":"vin-fondillon-quo-vadis-solera-1972","status":"publish","type":"product","link":"https:\/\/elmejorjamon.es\/fr\/producto\/vin-fondillon-quo-vadis-solera-1972\/","title":{"rendered":"Vin Fondillon Quo Vadis Solera 1972"},"content":{"rendered":"<p>Vin Fondillon Quo Vadis Solera 1972<\/p>\n<\/p>\n<p>Vin g\u00e9n\u00e9reux, unique au monde, avec une personnalit\u00e9 extraordinaire et particuli\u00e8re. Vin historique du d\u00e9but du XIIIe si\u00e8cle, il fut le premier vin \u00e0 son nom, exclusif aux rois et consomm\u00e9 par les grandes figures de l&rsquo;histoire. Il a \u00e9galement voyag\u00e9 dans les premi\u00e8res exp\u00e9ditions autour du monde comme celles de Juan Sebasti\u00e1n Elcano.<\/p>\n<p>Le fondillon d&rsquo;Alicante, notre bijou le plus pr\u00e9cieux. Inclus parmi les cinq vins de luxe d\u00e9clar\u00e9s par l&rsquo;UE.<\/p>\n<p>ACCOMPAGNEMENT<\/p>\n<p>Desserts, chocolat pur et noix, id\u00e9al pour les apr\u00e8s-repas.<\/p>\n<p>NOTES DE CATA<\/p>\n<\/p>\n<p>Couleur ambre et acajou.<\/p>\n<\/p>\n<p>Au nez, il pr\u00e9sente des ar\u00f4mes de noix, de confiture de figues et de cuir.<\/p>\n<\/p>\n<p>Puissant en bouche, il est structur\u00e9 et long en bouche.<\/p>\n<p>SERVICE : Nous vous conseillons de le servir autour de 16 \u00b0C.<\/p>\n<p>LAC. VOL. : 16,0 %<\/p>\n<p>APPELLATION D&rsquo;ORIGINE: Alicante<\/p>\n<p>VIEILLISSEMENT : Vieillissement par Soleras<\/p>\n<p>VARI\u00c9T\u00c9S : 100 % Monastrell en surmaturation<\/p>\n<p>VIGNOBLE:<\/p>\n<p>SOL:<\/p>\n<p>ANCIEN:<\/p>\n<p>\u00c9LABORATION : Il est \u00e9labor\u00e9 uniquement dans des mill\u00e9simes de qualit\u00e9 exceptionnelle \u00e0 partir de raisins m\u00fbris dans le vignoble de la vari\u00e9t\u00e9 Monastrell. Ce sont de tr\u00e8s vieilles vignes caress\u00e9es par l&rsquo;air chaud de la Mare Nostrum et \u00e9lev\u00e9es depuis plus de 30 ans par le syst\u00e8me traditionnel des soleras. Il se caract\u00e9rise par sa forte teneur en alcool, provenant du sucre existant dans le raisin lui-m\u00eame au cours de la maturation dans la m\u00eame plante. Il est totalement naturel, sans sucres ajout\u00e9s.<\/p>\n","protected":false},"excerpt":{"rendered":"<p>Vin Fondillon Quo Vadis Solera 1972<\/p>\n","protected":false},"featured_media":20525,"comment_status":"open","ping_status":"closed","template":"","meta":{"_et_pb_use_builder":"","_et_pb_old_content":"","_et_gb_content_width":"","_sitemap_exclude":false,"_sitemap_priority":"","_sitemap_frequency":""},"product_brand":[],"product_cat":[23,95,131,47,143],"product_tag":[],"class_list":{"0":"post-9153","1":"product","2":"type-product","3":"status-publish","4":"has-post-thumbnail","6":"product_cat-accueil","7":"product_cat-bebidas-fr","8":"product_cat-gamme-trivium","9":"product_cat-tous-les-produits","10":"product_cat-vin","11":"product_shipping_class-normal-fr","13":"first","14":"instock","15":"shipping-taxable","16":"purchasable","17":"product-type-simple"},"yoast_head":"<!-- This site is optimized with the Yoast SEO plugin v27.4 - https:\/\/yoast.com\/product\/yoast-seo-wordpress\/ -->\n<title>Vin Fondillon Quo Vadis Solera 1972 - El Mejor Jam\u00f3n<\/title>\n<meta name=\"robots\" content=\"index, follow, max-snippet:-1, max-image-preview:large, max-video-preview:-1\" \/>\n<link rel=\"canonical\" href=\"https:\/\/elmejorjamon.es\/fr\/producto\/vin-fondillon-quo-vadis-solera-1972\/\" \/>\n<meta property=\"og:locale\" content=\"fr_FR\" \/>\n<meta property=\"og:type\" content=\"article\" \/>\n<meta property=\"og:title\" content=\"Vin Fondillon Quo Vadis Solera 1972 - El Mejor Jam\u00f3n\" \/>\n<meta property=\"og:description\" content=\"Vin Fondillon Quo Vadis Solera 1972\" \/>\n<meta property=\"og:url\" content=\"https:\/\/elmejorjamon.es\/fr\/producto\/vin-fondillon-quo-vadis-solera-1972\/\" \/>\n<meta property=\"og:site_name\" content=\"El Mejor Jam\u00f3n\" \/>\n<meta property=\"article:publisher\" content=\"https:\/\/www.facebook.com\/elmejorjamonweb\" \/>\n<meta property=\"og:image\" content=\"https:\/\/elmejorjamon.es\/wp-content\/uploads\/2023\/07\/fondillonFN-2.jpg\" \/>\n\t<meta property=\"og:image:width\" content=\"500\" \/>\n\t<meta property=\"og:image:height\" content=\"1000\" \/>\n\t<meta property=\"og:image:type\" content=\"image\/jpeg\" \/>\n<meta name=\"twitter:card\" content=\"summary_large_image\" \/>\n<meta name=\"twitter:site\" content=\"@elmejorjamonweb\" \/>\n<meta name=\"twitter:label1\" content=\"Dur\u00e9e de lecture estim\u00e9e\" \/>\n\t<meta name=\"twitter:data1\" content=\"1 minute\" \/>\n<script type=\"application\/ld+json\" class=\"yoast-schema-graph\">{\"@context\":\"https:\\\/\\\/schema.org\",\"@graph\":[{\"@type\":\"WebPage\",\"@id\":\"https:\\\/\\\/elmejorjamon.es\\\/fr\\\/producto\\\/vin-fondillon-quo-vadis-solera-1972\\\/\",\"url\":\"https:\\\/\\\/elmejorjamon.es\\\/fr\\\/producto\\\/vin-fondillon-quo-vadis-solera-1972\\\/\",\"name\":\"Vin Fondillon Quo Vadis Solera 1972 - El Mejor Jam\u00f3n\",\"isPartOf\":{\"@id\":\"https:\\\/\\\/elmejorjamon.es\\\/#website\"},\"primaryImageOfPage\":{\"@id\":\"https:\\\/\\\/elmejorjamon.es\\\/fr\\\/producto\\\/vin-fondillon-quo-vadis-solera-1972\\\/#primaryimage\"},\"image\":{\"@id\":\"https:\\\/\\\/elmejorjamon.es\\\/fr\\\/producto\\\/vin-fondillon-quo-vadis-solera-1972\\\/#primaryimage\"},\"thumbnailUrl\":\"https:\\\/\\\/elmejorjamon.es\\\/wp-content\\\/uploads\\\/2023\\\/07\\\/fondillonFN-2.jpg\",\"datePublished\":\"2023-07-05T10:53:22+00:00\",\"breadcrumb\":{\"@id\":\"https:\\\/\\\/elmejorjamon.es\\\/fr\\\/producto\\\/vin-fondillon-quo-vadis-solera-1972\\\/#breadcrumb\"},\"inLanguage\":\"fr-FR\",\"potentialAction\":[{\"@type\":\"ReadAction\",\"target\":[\"https:\\\/\\\/elmejorjamon.es\\\/fr\\\/producto\\\/vin-fondillon-quo-vadis-solera-1972\\\/\"]}]},{\"@type\":\"ImageObject\",\"inLanguage\":\"fr-FR\",\"@id\":\"https:\\\/\\\/elmejorjamon.es\\\/fr\\\/producto\\\/vin-fondillon-quo-vadis-solera-1972\\\/#primaryimage\",\"url\":\"https:\\\/\\\/elmejorjamon.es\\\/wp-content\\\/uploads\\\/2023\\\/07\\\/fondillonFN-2.jpg\",\"contentUrl\":\"https:\\\/\\\/elmejorjamon.es\\\/wp-content\\\/uploads\\\/2023\\\/07\\\/fondillonFN-2.jpg\",\"width\":500,\"height\":1000},{\"@type\":\"BreadcrumbList\",\"@id\":\"https:\\\/\\\/elmejorjamon.es\\\/fr\\\/producto\\\/vin-fondillon-quo-vadis-solera-1972\\\/#breadcrumb\",\"itemListElement\":[{\"@type\":\"ListItem\",\"position\":1,\"name\":\"Portada\",\"item\":\"https:\\\/\\\/elmejorjamon.es\\\/fr\\\/\"},{\"@type\":\"ListItem\",\"position\":2,\"name\":\"D\u00e9marrage rapide\",\"item\":\"https:\\\/\\\/elmejorjamon.es\\\/fr\\\/\"},{\"@type\":\"ListItem\",\"position\":3,\"name\":\"Vin Fondillon Quo Vadis Solera 1972\"}]},{\"@type\":\"WebSite\",\"@id\":\"https:\\\/\\\/elmejorjamon.es\\\/#website\",\"url\":\"https:\\\/\\\/elmejorjamon.es\\\/\",\"name\":\"El Mejor Jam\u00f3n\",\"description\":\"Comprar jamones y embutidos a buen precio\",\"publisher\":{\"@id\":\"https:\\\/\\\/elmejorjamon.es\\\/#organization\"},\"potentialAction\":[{\"@type\":\"SearchAction\",\"target\":{\"@type\":\"EntryPoint\",\"urlTemplate\":\"https:\\\/\\\/elmejorjamon.es\\\/?s={search_term_string}\"},\"query-input\":{\"@type\":\"PropertyValueSpecification\",\"valueRequired\":true,\"valueName\":\"search_term_string\"}}],\"inLanguage\":\"fr-FR\"},{\"@type\":\"Organization\",\"@id\":\"https:\\\/\\\/elmejorjamon.es\\\/#organization\",\"name\":\"El Mejor Jam\u00f3n\",\"url\":\"https:\\\/\\\/elmejorjamon.es\\\/\",\"logo\":{\"@type\":\"ImageObject\",\"inLanguage\":\"fr-FR\",\"@id\":\"https:\\\/\\\/elmejorjamon.es\\\/#\\\/schema\\\/logo\\\/image\\\/\",\"url\":\"https:\\\/\\\/elmejorjamon.es\\\/wp-content\\\/uploads\\\/2025\\\/01\\\/logocorreos.png\",\"contentUrl\":\"https:\\\/\\\/elmejorjamon.es\\\/wp-content\\\/uploads\\\/2025\\\/01\\\/logocorreos.png\",\"width\":277,\"height\":200,\"caption\":\"El Mejor Jam\u00f3n\"},\"image\":{\"@id\":\"https:\\\/\\\/elmejorjamon.es\\\/#\\\/schema\\\/logo\\\/image\\\/\"},\"sameAs\":[\"https:\\\/\\\/www.facebook.com\\\/elmejorjamonweb\",\"https:\\\/\\\/x.com\\\/elmejorjamonweb\",\"https:\\\/\\\/www.instagram.com\\\/elmejorjamonweb\\\/\"]}]}<\/script>\n<!-- \/ Yoast SEO plugin. -->","yoast_head_json":{"title":"Vin Fondillon Quo Vadis Solera 1972 - El Mejor Jam\u00f3n","robots":{"index":"index","follow":"follow","max-snippet":"max-snippet:-1","max-image-preview":"max-image-preview:large","max-video-preview":"max-video-preview:-1"},"canonical":"https:\/\/elmejorjamon.es\/fr\/producto\/vin-fondillon-quo-vadis-solera-1972\/","og_locale":"fr_FR","og_type":"article","og_title":"Vin Fondillon Quo Vadis Solera 1972 - El Mejor Jam\u00f3n","og_description":"Vin Fondillon Quo Vadis Solera 1972","og_url":"https:\/\/elmejorjamon.es\/fr\/producto\/vin-fondillon-quo-vadis-solera-1972\/","og_site_name":"El Mejor Jam\u00f3n","article_publisher":"https:\/\/www.facebook.com\/elmejorjamonweb","og_image":[{"width":500,"height":1000,"url":"https:\/\/elmejorjamon.es\/wp-content\/uploads\/2023\/07\/fondillonFN-2.jpg","type":"image\/jpeg"}],"twitter_card":"summary_large_image","twitter_site":"@elmejorjamonweb","twitter_misc":{"Dur\u00e9e de lecture estim\u00e9e":"1 minute"},"schema":{"@context":"https:\/\/schema.org","@graph":[{"@type":"WebPage","@id":"https:\/\/elmejorjamon.es\/fr\/producto\/vin-fondillon-quo-vadis-solera-1972\/","url":"https:\/\/elmejorjamon.es\/fr\/producto\/vin-fondillon-quo-vadis-solera-1972\/","name":"Vin Fondillon Quo Vadis Solera 1972 - El Mejor Jam\u00f3n","isPartOf":{"@id":"https:\/\/elmejorjamon.es\/#website"},"primaryImageOfPage":{"@id":"https:\/\/elmejorjamon.es\/fr\/producto\/vin-fondillon-quo-vadis-solera-1972\/#primaryimage"},"image":{"@id":"https:\/\/elmejorjamon.es\/fr\/producto\/vin-fondillon-quo-vadis-solera-1972\/#primaryimage"},"thumbnailUrl":"https:\/\/elmejorjamon.es\/wp-content\/uploads\/2023\/07\/fondillonFN-2.jpg","datePublished":"2023-07-05T10:53:22+00:00","breadcrumb":{"@id":"https:\/\/elmejorjamon.es\/fr\/producto\/vin-fondillon-quo-vadis-solera-1972\/#breadcrumb"},"inLanguage":"fr-FR","potentialAction":[{"@type":"ReadAction","target":["https:\/\/elmejorjamon.es\/fr\/producto\/vin-fondillon-quo-vadis-solera-1972\/"]}]},{"@type":"ImageObject","inLanguage":"fr-FR","@id":"https:\/\/elmejorjamon.es\/fr\/producto\/vin-fondillon-quo-vadis-solera-1972\/#primaryimage","url":"https:\/\/elmejorjamon.es\/wp-content\/uploads\/2023\/07\/fondillonFN-2.jpg","contentUrl":"https:\/\/elmejorjamon.es\/wp-content\/uploads\/2023\/07\/fondillonFN-2.jpg","width":500,"height":1000},{"@type":"BreadcrumbList","@id":"https:\/\/elmejorjamon.es\/fr\/producto\/vin-fondillon-quo-vadis-solera-1972\/#breadcrumb","itemListElement":[{"@type":"ListItem","position":1,"name":"Portada","item":"https:\/\/elmejorjamon.es\/fr\/"},{"@type":"ListItem","position":2,"name":"D\u00e9marrage rapide","item":"https:\/\/elmejorjamon.es\/fr\/"},{"@type":"ListItem","position":3,"name":"Vin Fondillon Quo Vadis Solera 1972"}]},{"@type":"WebSite","@id":"https:\/\/elmejorjamon.es\/#website","url":"https:\/\/elmejorjamon.es\/","name":"El Mejor Jam\u00f3n","description":"Comprar jamones y embutidos a buen precio","publisher":{"@id":"https:\/\/elmejorjamon.es\/#organization"},"potentialAction":[{"@type":"SearchAction","target":{"@type":"EntryPoint","urlTemplate":"https:\/\/elmejorjamon.es\/?s={search_term_string}"},"query-input":{"@type":"PropertyValueSpecification","valueRequired":true,"valueName":"search_term_string"}}],"inLanguage":"fr-FR"},{"@type":"Organization","@id":"https:\/\/elmejorjamon.es\/#organization","name":"El Mejor Jam\u00f3n","url":"https:\/\/elmejorjamon.es\/","logo":{"@type":"ImageObject","inLanguage":"fr-FR","@id":"https:\/\/elmejorjamon.es\/#\/schema\/logo\/image\/","url":"https:\/\/elmejorjamon.es\/wp-content\/uploads\/2025\/01\/logocorreos.png","contentUrl":"https:\/\/elmejorjamon.es\/wp-content\/uploads\/2025\/01\/logocorreos.png","width":277,"height":200,"caption":"El Mejor Jam\u00f3n"},"image":{"@id":"https:\/\/elmejorjamon.es\/#\/schema\/logo\/image\/"},"sameAs":["https:\/\/www.facebook.com\/elmejorjamonweb","https:\/\/x.com\/elmejorjamonweb","https:\/\/www.instagram.com\/elmejorjamonweb\/"]}]}},"_links":{"self":[{"href":"https:\/\/elmejorjamon.es\/fr\/wp-json\/wp\/v2\/product\/9153","targetHints":{"allow":["GET"]}}],"collection":[{"href":"https:\/\/elmejorjamon.es\/fr\/wp-json\/wp\/v2\/product"}],"about":[{"href":"https:\/\/elmejorjamon.es\/fr\/wp-json\/wp\/v2\/types\/product"}],"replies":[{"embeddable":true,"href":"https:\/\/elmejorjamon.es\/fr\/wp-json\/wp\/v2\/comments?post=9153"}],"wp:featuredmedia":[{"embeddable":true,"href":"https:\/\/elmejorjamon.es\/fr\/wp-json\/wp\/v2\/media\/20525"}],"wp:attachment":[{"href":"https:\/\/elmejorjamon.es\/fr\/wp-json\/wp\/v2\/media?parent=9153"}],"wp:term":[{"taxonomy":"product_brand","embeddable":true,"href":"https:\/\/elmejorjamon.es\/fr\/wp-json\/wp\/v2\/product_brand?post=9153"},{"taxonomy":"product_cat","embeddable":true,"href":"https:\/\/elmejorjamon.es\/fr\/wp-json\/wp\/v2\/product_cat?post=9153"},{"taxonomy":"product_tag","embeddable":true,"href":"https:\/\/elmejorjamon.es\/fr\/wp-json\/wp\/v2\/product_tag?post=9153"}],"curies":[{"name":"wp","href":"https:\/\/api.w.org\/{rel}","templated":true}]}}