{"id":9141,"date":"2023-07-05T11:39:51","date_gmt":"2023-07-05T10:39:51","guid":{"rendered":"https:\/\/nueva.elmejorjamon.es\/producto\/fondillon-vin-solera-1988-pago-francisco-gomez\/"},"modified":"2023-07-05T11:39:51","modified_gmt":"2023-07-05T10:39:51","slug":"fondillon-vin-solera-1988-pago-francisco-gomez","status":"publish","type":"product","link":"https:\/\/elmejorjamon.es\/fr\/producto\/fondillon-vin-solera-1988-pago-francisco-gomez\/","title":{"rendered":"Fondillon vin solera 1988 Pago Francisco G\u00f3mez"},"content":{"rendered":"<p>Fondillon vin solera 1988 Pago Francisco G\u00f3mez<\/p>\n<\/p>\n<p>Vin g\u00e9n\u00e9reux, unique au monde, avec une personnalit\u00e9 extraordinaire et particuli\u00e8re. Vin historique du d\u00e9but du XIIIe si\u00e8cle, il fut le premier vin \u00e0 son nom, exclusif aux rois et consomm\u00e9 par les grandes figures de l&rsquo;histoire. Il a \u00e9galement voyag\u00e9 dans les premi\u00e8res exp\u00e9ditions autour du monde comme celles de Juan Sebasti\u00e1n Elcano.<\/p>\n<p>Le fondillon d&rsquo;Alicante, notre bijou le plus pr\u00e9cieux. Inclus parmi les cinq vins de luxe d\u00e9clar\u00e9s par l&rsquo;UE.<\/p>\n<\/p>\n<p>PRODUCTION<\/p>\n<p>Il est \u00e9labor\u00e9 uniquement dans des mill\u00e9simes de qualit\u00e9 exceptionnelle \u00e0 partir de raisins surm\u00fbris dans le vignoble de la vari\u00e9t\u00e9 Monastrell. Ce sont de tr\u00e8s vieilles vignes caress\u00e9es par l&rsquo;air chaud de la Mare Nostrum et \u00e9lev\u00e9es depuis plus de 30 ans par le syst\u00e8me traditionnel des soleras. Il se caract\u00e9rise par sa forte teneur en alcool, provenant du sucre existant dans le raisin lui-m\u00eame au cours de la maturation dans la m\u00eame plante. Il est totalement naturel, sans sucres ajout\u00e9s. Faites \u00e9galement de ce produit un cadeau exclusif et haut de gamme. Sans aucun doute, il peut \u00eatre le cadeau le plus sophistiqu\u00e9 pour surprendre vos proches dans leurs moments les plus sp\u00e9ciaux et dans les occasions les plus exquises : mariages, \u00e9v\u00e9nements d&rsquo;entreprise, f\u00eates des p\u00e8res et des m\u00e8res, No\u00ebl&#8230;<\/p>\n<p>ACCOMPAGNEMENT<\/p>\n<p>Desserts. Chocolat pur. Fruits secs.<\/p>\n<p>NOTES DE CATA<\/p>\n<\/p>\n<p>Couche moyenne couleur ambre et acajou avec des tons de miel.<\/p>\n<\/p>\n<p>Nez tr\u00e8s intense, ar\u00f4mes de raisins secs, pain aux figues, noix.<\/p>\n<\/p>\n<p>En bouche, il est long, persistant, rond et doux, avec des tanins doux.<\/p>\n","protected":false},"excerpt":{"rendered":"<p>Fondillon vin solera 1988 Pago Francisco G\u00f3mez<\/p>\n","protected":false},"featured_media":9121,"comment_status":"open","ping_status":"closed","template":"","meta":{"_et_pb_use_builder":"","_et_pb_old_content":"","_et_gb_content_width":"","_sitemap_exclude":false,"_sitemap_priority":"","_sitemap_frequency":""},"product_brand":[],"product_cat":[23,95,131,47,143],"product_tag":[],"class_list":{"0":"post-9141","1":"product","2":"type-product","3":"status-publish","4":"has-post-thumbnail","6":"product_cat-accueil","7":"product_cat-bebidas-fr","8":"product_cat-gamme-trivium","9":"product_cat-tous-les-produits","10":"product_cat-vin","11":"product_shipping_class-normal-fr","13":"first","14":"instock","15":"shipping-taxable","16":"purchasable","17":"product-type-simple"},"yoast_head":"<!-- This site is optimized with the Yoast SEO plugin v27.4 - https:\/\/yoast.com\/product\/yoast-seo-wordpress\/ -->\n<title>Fondillon vin solera 1988 Pago Francisco G\u00f3mez - El Mejor Jam\u00f3n<\/title>\n<meta name=\"robots\" content=\"index, follow, max-snippet:-1, max-image-preview:large, max-video-preview:-1\" \/>\n<link rel=\"canonical\" href=\"https:\/\/elmejorjamon.es\/fr\/producto\/fondillon-vin-solera-1988-pago-francisco-gomez\/\" \/>\n<meta property=\"og:locale\" content=\"fr_FR\" \/>\n<meta property=\"og:type\" content=\"article\" \/>\n<meta property=\"og:title\" content=\"Fondillon vin solera 1988 Pago Francisco G\u00f3mez - El Mejor Jam\u00f3n\" \/>\n<meta property=\"og:description\" content=\"Fondillon vin solera 1988 Pago Francisco G\u00f3mez\" \/>\n<meta property=\"og:url\" content=\"https:\/\/elmejorjamon.es\/fr\/producto\/fondillon-vin-solera-1988-pago-francisco-gomez\/\" \/>\n<meta property=\"og:site_name\" content=\"El Mejor Jam\u00f3n\" \/>\n<meta property=\"article:publisher\" content=\"https:\/\/www.facebook.com\/elmejorjamonweb\" \/>\n<meta property=\"og:image\" content=\"https:\/\/elmejorjamon.es\/wp-content\/uploads\/2023\/07\/2429-thickbox_default-Vino-fondillon-solera-1988-Pago-Francisco-Gomez.jpg\" \/>\n\t<meta property=\"og:image:width\" content=\"1100\" \/>\n\t<meta property=\"og:image:height\" content=\"1422\" \/>\n\t<meta property=\"og:image:type\" content=\"image\/jpeg\" \/>\n<meta name=\"twitter:card\" content=\"summary_large_image\" \/>\n<meta name=\"twitter:site\" content=\"@elmejorjamonweb\" \/>\n<meta name=\"twitter:label1\" content=\"Dur\u00e9e de lecture estim\u00e9e\" \/>\n\t<meta name=\"twitter:data1\" content=\"1 minute\" \/>\n<script type=\"application\/ld+json\" class=\"yoast-schema-graph\">{\"@context\":\"https:\\\/\\\/schema.org\",\"@graph\":[{\"@type\":\"WebPage\",\"@id\":\"https:\\\/\\\/elmejorjamon.es\\\/fr\\\/producto\\\/fondillon-vin-solera-1988-pago-francisco-gomez\\\/\",\"url\":\"https:\\\/\\\/elmejorjamon.es\\\/fr\\\/producto\\\/fondillon-vin-solera-1988-pago-francisco-gomez\\\/\",\"name\":\"Fondillon vin solera 1988 Pago Francisco G\u00f3mez - El Mejor Jam\u00f3n\",\"isPartOf\":{\"@id\":\"https:\\\/\\\/elmejorjamon.es\\\/#website\"},\"primaryImageOfPage\":{\"@id\":\"https:\\\/\\\/elmejorjamon.es\\\/fr\\\/producto\\\/fondillon-vin-solera-1988-pago-francisco-gomez\\\/#primaryimage\"},\"image\":{\"@id\":\"https:\\\/\\\/elmejorjamon.es\\\/fr\\\/producto\\\/fondillon-vin-solera-1988-pago-francisco-gomez\\\/#primaryimage\"},\"thumbnailUrl\":\"https:\\\/\\\/elmejorjamon.es\\\/wp-content\\\/uploads\\\/2023\\\/07\\\/2429-thickbox_default-Vino-fondillon-solera-1988-Pago-Francisco-Gomez.jpg\",\"datePublished\":\"2023-07-05T10:39:51+00:00\",\"breadcrumb\":{\"@id\":\"https:\\\/\\\/elmejorjamon.es\\\/fr\\\/producto\\\/fondillon-vin-solera-1988-pago-francisco-gomez\\\/#breadcrumb\"},\"inLanguage\":\"fr-FR\",\"potentialAction\":[{\"@type\":\"ReadAction\",\"target\":[\"https:\\\/\\\/elmejorjamon.es\\\/fr\\\/producto\\\/fondillon-vin-solera-1988-pago-francisco-gomez\\\/\"]}]},{\"@type\":\"ImageObject\",\"inLanguage\":\"fr-FR\",\"@id\":\"https:\\\/\\\/elmejorjamon.es\\\/fr\\\/producto\\\/fondillon-vin-solera-1988-pago-francisco-gomez\\\/#primaryimage\",\"url\":\"https:\\\/\\\/elmejorjamon.es\\\/wp-content\\\/uploads\\\/2023\\\/07\\\/2429-thickbox_default-Vino-fondillon-solera-1988-Pago-Francisco-Gomez.jpg\",\"contentUrl\":\"https:\\\/\\\/elmejorjamon.es\\\/wp-content\\\/uploads\\\/2023\\\/07\\\/2429-thickbox_default-Vino-fondillon-solera-1988-Pago-Francisco-Gomez.jpg\",\"width\":1100,\"height\":1422,\"caption\":\"Vino fondillon solera 1988 Pago Francisco G\u00f3mez\"},{\"@type\":\"BreadcrumbList\",\"@id\":\"https:\\\/\\\/elmejorjamon.es\\\/fr\\\/producto\\\/fondillon-vin-solera-1988-pago-francisco-gomez\\\/#breadcrumb\",\"itemListElement\":[{\"@type\":\"ListItem\",\"position\":1,\"name\":\"Portada\",\"item\":\"https:\\\/\\\/elmejorjamon.es\\\/fr\\\/\"},{\"@type\":\"ListItem\",\"position\":2,\"name\":\"D\u00e9marrage rapide\",\"item\":\"https:\\\/\\\/elmejorjamon.es\\\/fr\\\/\"},{\"@type\":\"ListItem\",\"position\":3,\"name\":\"Fondillon vin solera 1988 Pago Francisco G\u00f3mez\"}]},{\"@type\":\"WebSite\",\"@id\":\"https:\\\/\\\/elmejorjamon.es\\\/#website\",\"url\":\"https:\\\/\\\/elmejorjamon.es\\\/\",\"name\":\"El Mejor Jam\u00f3n\",\"description\":\"Comprar jamones y embutidos a buen precio\",\"publisher\":{\"@id\":\"https:\\\/\\\/elmejorjamon.es\\\/#organization\"},\"potentialAction\":[{\"@type\":\"SearchAction\",\"target\":{\"@type\":\"EntryPoint\",\"urlTemplate\":\"https:\\\/\\\/elmejorjamon.es\\\/?s={search_term_string}\"},\"query-input\":{\"@type\":\"PropertyValueSpecification\",\"valueRequired\":true,\"valueName\":\"search_term_string\"}}],\"inLanguage\":\"fr-FR\"},{\"@type\":\"Organization\",\"@id\":\"https:\\\/\\\/elmejorjamon.es\\\/#organization\",\"name\":\"El Mejor Jam\u00f3n\",\"url\":\"https:\\\/\\\/elmejorjamon.es\\\/\",\"logo\":{\"@type\":\"ImageObject\",\"inLanguage\":\"fr-FR\",\"@id\":\"https:\\\/\\\/elmejorjamon.es\\\/#\\\/schema\\\/logo\\\/image\\\/\",\"url\":\"https:\\\/\\\/elmejorjamon.es\\\/wp-content\\\/uploads\\\/2025\\\/01\\\/logocorreos.png\",\"contentUrl\":\"https:\\\/\\\/elmejorjamon.es\\\/wp-content\\\/uploads\\\/2025\\\/01\\\/logocorreos.png\",\"width\":277,\"height\":200,\"caption\":\"El Mejor Jam\u00f3n\"},\"image\":{\"@id\":\"https:\\\/\\\/elmejorjamon.es\\\/#\\\/schema\\\/logo\\\/image\\\/\"},\"sameAs\":[\"https:\\\/\\\/www.facebook.com\\\/elmejorjamonweb\",\"https:\\\/\\\/x.com\\\/elmejorjamonweb\",\"https:\\\/\\\/www.instagram.com\\\/elmejorjamonweb\\\/\"]}]}<\/script>\n<!-- \/ Yoast SEO plugin. -->","yoast_head_json":{"title":"Fondillon vin solera 1988 Pago Francisco G\u00f3mez - El Mejor Jam\u00f3n","robots":{"index":"index","follow":"follow","max-snippet":"max-snippet:-1","max-image-preview":"max-image-preview:large","max-video-preview":"max-video-preview:-1"},"canonical":"https:\/\/elmejorjamon.es\/fr\/producto\/fondillon-vin-solera-1988-pago-francisco-gomez\/","og_locale":"fr_FR","og_type":"article","og_title":"Fondillon vin solera 1988 Pago Francisco G\u00f3mez - El Mejor Jam\u00f3n","og_description":"Fondillon vin solera 1988 Pago Francisco G\u00f3mez","og_url":"https:\/\/elmejorjamon.es\/fr\/producto\/fondillon-vin-solera-1988-pago-francisco-gomez\/","og_site_name":"El Mejor Jam\u00f3n","article_publisher":"https:\/\/www.facebook.com\/elmejorjamonweb","og_image":[{"width":1100,"height":1422,"url":"https:\/\/elmejorjamon.es\/wp-content\/uploads\/2023\/07\/2429-thickbox_default-Vino-fondillon-solera-1988-Pago-Francisco-Gomez.jpg","type":"image\/jpeg"}],"twitter_card":"summary_large_image","twitter_site":"@elmejorjamonweb","twitter_misc":{"Dur\u00e9e de lecture estim\u00e9e":"1 minute"},"schema":{"@context":"https:\/\/schema.org","@graph":[{"@type":"WebPage","@id":"https:\/\/elmejorjamon.es\/fr\/producto\/fondillon-vin-solera-1988-pago-francisco-gomez\/","url":"https:\/\/elmejorjamon.es\/fr\/producto\/fondillon-vin-solera-1988-pago-francisco-gomez\/","name":"Fondillon vin solera 1988 Pago Francisco G\u00f3mez - El Mejor Jam\u00f3n","isPartOf":{"@id":"https:\/\/elmejorjamon.es\/#website"},"primaryImageOfPage":{"@id":"https:\/\/elmejorjamon.es\/fr\/producto\/fondillon-vin-solera-1988-pago-francisco-gomez\/#primaryimage"},"image":{"@id":"https:\/\/elmejorjamon.es\/fr\/producto\/fondillon-vin-solera-1988-pago-francisco-gomez\/#primaryimage"},"thumbnailUrl":"https:\/\/elmejorjamon.es\/wp-content\/uploads\/2023\/07\/2429-thickbox_default-Vino-fondillon-solera-1988-Pago-Francisco-Gomez.jpg","datePublished":"2023-07-05T10:39:51+00:00","breadcrumb":{"@id":"https:\/\/elmejorjamon.es\/fr\/producto\/fondillon-vin-solera-1988-pago-francisco-gomez\/#breadcrumb"},"inLanguage":"fr-FR","potentialAction":[{"@type":"ReadAction","target":["https:\/\/elmejorjamon.es\/fr\/producto\/fondillon-vin-solera-1988-pago-francisco-gomez\/"]}]},{"@type":"ImageObject","inLanguage":"fr-FR","@id":"https:\/\/elmejorjamon.es\/fr\/producto\/fondillon-vin-solera-1988-pago-francisco-gomez\/#primaryimage","url":"https:\/\/elmejorjamon.es\/wp-content\/uploads\/2023\/07\/2429-thickbox_default-Vino-fondillon-solera-1988-Pago-Francisco-Gomez.jpg","contentUrl":"https:\/\/elmejorjamon.es\/wp-content\/uploads\/2023\/07\/2429-thickbox_default-Vino-fondillon-solera-1988-Pago-Francisco-Gomez.jpg","width":1100,"height":1422,"caption":"Vino fondillon solera 1988 Pago Francisco G\u00f3mez"},{"@type":"BreadcrumbList","@id":"https:\/\/elmejorjamon.es\/fr\/producto\/fondillon-vin-solera-1988-pago-francisco-gomez\/#breadcrumb","itemListElement":[{"@type":"ListItem","position":1,"name":"Portada","item":"https:\/\/elmejorjamon.es\/fr\/"},{"@type":"ListItem","position":2,"name":"D\u00e9marrage rapide","item":"https:\/\/elmejorjamon.es\/fr\/"},{"@type":"ListItem","position":3,"name":"Fondillon vin solera 1988 Pago Francisco G\u00f3mez"}]},{"@type":"WebSite","@id":"https:\/\/elmejorjamon.es\/#website","url":"https:\/\/elmejorjamon.es\/","name":"El Mejor Jam\u00f3n","description":"Comprar jamones y embutidos a buen precio","publisher":{"@id":"https:\/\/elmejorjamon.es\/#organization"},"potentialAction":[{"@type":"SearchAction","target":{"@type":"EntryPoint","urlTemplate":"https:\/\/elmejorjamon.es\/?s={search_term_string}"},"query-input":{"@type":"PropertyValueSpecification","valueRequired":true,"valueName":"search_term_string"}}],"inLanguage":"fr-FR"},{"@type":"Organization","@id":"https:\/\/elmejorjamon.es\/#organization","name":"El Mejor Jam\u00f3n","url":"https:\/\/elmejorjamon.es\/","logo":{"@type":"ImageObject","inLanguage":"fr-FR","@id":"https:\/\/elmejorjamon.es\/#\/schema\/logo\/image\/","url":"https:\/\/elmejorjamon.es\/wp-content\/uploads\/2025\/01\/logocorreos.png","contentUrl":"https:\/\/elmejorjamon.es\/wp-content\/uploads\/2025\/01\/logocorreos.png","width":277,"height":200,"caption":"El Mejor Jam\u00f3n"},"image":{"@id":"https:\/\/elmejorjamon.es\/#\/schema\/logo\/image\/"},"sameAs":["https:\/\/www.facebook.com\/elmejorjamonweb","https:\/\/x.com\/elmejorjamonweb","https:\/\/www.instagram.com\/elmejorjamonweb\/"]}]}},"_links":{"self":[{"href":"https:\/\/elmejorjamon.es\/fr\/wp-json\/wp\/v2\/product\/9141","targetHints":{"allow":["GET"]}}],"collection":[{"href":"https:\/\/elmejorjamon.es\/fr\/wp-json\/wp\/v2\/product"}],"about":[{"href":"https:\/\/elmejorjamon.es\/fr\/wp-json\/wp\/v2\/types\/product"}],"replies":[{"embeddable":true,"href":"https:\/\/elmejorjamon.es\/fr\/wp-json\/wp\/v2\/comments?post=9141"}],"wp:featuredmedia":[{"embeddable":true,"href":"https:\/\/elmejorjamon.es\/fr\/wp-json\/wp\/v2\/media\/9121"}],"wp:attachment":[{"href":"https:\/\/elmejorjamon.es\/fr\/wp-json\/wp\/v2\/media?parent=9141"}],"wp:term":[{"taxonomy":"product_brand","embeddable":true,"href":"https:\/\/elmejorjamon.es\/fr\/wp-json\/wp\/v2\/product_brand?post=9141"},{"taxonomy":"product_cat","embeddable":true,"href":"https:\/\/elmejorjamon.es\/fr\/wp-json\/wp\/v2\/product_cat?post=9141"},{"taxonomy":"product_tag","embeddable":true,"href":"https:\/\/elmejorjamon.es\/fr\/wp-json\/wp\/v2\/product_tag?post=9141"}],"curies":[{"name":"wp","href":"https:\/\/api.w.org\/{rel}","templated":true}]}}