{"id":8943,"date":"2023-03-22T11:39:28","date_gmt":"2023-03-22T10:39:28","guid":{"rendered":"https:\/\/nueva.elmejorjamon.es\/producto\/lardons-marines-eresma-25-kg-environ-torreznos-parfait\/"},"modified":"2025-09-04T18:12:28","modified_gmt":"2025-09-04T16:12:28","slug":"lardons-marines-eresma-25-kg-environ-torreznos-parfait","status":"publish","type":"product","link":"https:\/\/elmejorjamon.es\/fr\/producto\/lardons-marines-eresma-25-kg-environ-torreznos-parfait\/","title":{"rendered":"Lardons marin\u00e9s Eresma 2 kg. environ. torreznos parfait"},"content":{"rendered":"<p>Lardons marin\u00e9s Eresma 2 kg. environ. torreznos parfait<\/p>\n<p>Bacon marin\u00e9 pour faire des torreznos croustillants et juteux.<\/p>\n<\/p>\n<p>Ingr\u00e9dients : Lardons de porc Duroc (50% Duroc), sel, sucre, antioxydant E-301, r\u00e9gulateur d&rsquo;acidit\u00e9 E331iii, conservateur E-250, ail, paprika et noix de muscade.<\/p>\n","protected":false},"excerpt":{"rendered":"<p>Lardons marin\u00e9s Eresma 2 kg. environ. torreznos parfait<\/p>\n","protected":false},"featured_media":8931,"comment_status":"open","ping_status":"closed","template":"","meta":{"_et_pb_use_builder":"","_et_pb_old_content":"","_et_gb_content_width":"","_sitemap_exclude":false,"_sitemap_priority":"","_sitemap_frequency":""},"product_brand":[],"product_cat":[23,89,47],"product_tag":[],"class_list":{"0":"post-8943","1":"product","2":"type-product","3":"status-publish","4":"has-post-thumbnail","6":"product_cat-accueil","7":"product_cat-embutidos-fr","8":"product_cat-tous-les-produits","9":"product_shipping_class-normal-fr","11":"first","12":"instock","13":"shipping-taxable","14":"purchasable","15":"product-type-simple"},"yoast_head":"<!-- This site is optimized with the Yoast SEO plugin v27.2 - https:\/\/yoast.com\/product\/yoast-seo-wordpress\/ -->\n<title>Lardons marin\u00e9s Eresma 2 kg. environ. torreznos parfait - El Mejor Jam\u00f3n<\/title>\n<meta name=\"robots\" content=\"index, follow, max-snippet:-1, max-image-preview:large, max-video-preview:-1\" \/>\n<link rel=\"canonical\" href=\"https:\/\/elmejorjamon.es\/fr\/producto\/lardons-marines-eresma-25-kg-environ-torreznos-parfait\/\" \/>\n<meta property=\"og:locale\" content=\"fr_FR\" \/>\n<meta property=\"og:type\" content=\"article\" \/>\n<meta property=\"og:title\" content=\"Lardons marin\u00e9s Eresma 2 kg. environ. torreznos parfait - El Mejor Jam\u00f3n\" \/>\n<meta property=\"og:description\" content=\"Lardons marin\u00e9s Eresma 2 kg. environ. torreznos parfait\" \/>\n<meta property=\"og:url\" content=\"https:\/\/elmejorjamon.es\/fr\/producto\/lardons-marines-eresma-25-kg-environ-torreznos-parfait\/\" \/>\n<meta property=\"og:site_name\" content=\"El Mejor Jam\u00f3n\" \/>\n<meta property=\"article:publisher\" content=\"https:\/\/www.facebook.com\/elmejorjamonweb\" \/>\n<meta property=\"article:modified_time\" content=\"2025-09-04T16:12:28+00:00\" \/>\n<meta property=\"og:image\" content=\"https:\/\/elmejorjamon.es\/wp-content\/uploads\/2023\/03\/2391-thickbox_default-Tocineta-adobada-Eresma-de-2-kg.-aprox.-Torreznos-perfectos.jpg\" \/>\n\t<meta property=\"og:image:width\" content=\"1100\" \/>\n\t<meta property=\"og:image:height\" content=\"1422\" \/>\n\t<meta property=\"og:image:type\" content=\"image\/jpeg\" \/>\n<meta name=\"twitter:card\" content=\"summary_large_image\" \/>\n<meta name=\"twitter:site\" content=\"@elmejorjamonweb\" \/>\n<script type=\"application\/ld+json\" class=\"yoast-schema-graph\">{\"@context\":\"https:\/\/schema.org\",\"@graph\":[{\"@type\":\"WebPage\",\"@id\":\"https:\/\/elmejorjamon.es\/fr\/producto\/lardons-marines-eresma-25-kg-environ-torreznos-parfait\/\",\"url\":\"https:\/\/elmejorjamon.es\/fr\/producto\/lardons-marines-eresma-25-kg-environ-torreznos-parfait\/\",\"name\":\"Lardons marin\u00e9s Eresma 2 kg. environ. torreznos parfait - El Mejor Jam\u00f3n\",\"isPartOf\":{\"@id\":\"https:\/\/elmejorjamon.es\/#website\"},\"primaryImageOfPage\":{\"@id\":\"https:\/\/elmejorjamon.es\/fr\/producto\/lardons-marines-eresma-25-kg-environ-torreznos-parfait\/#primaryimage\"},\"image\":{\"@id\":\"https:\/\/elmejorjamon.es\/fr\/producto\/lardons-marines-eresma-25-kg-environ-torreznos-parfait\/#primaryimage\"},\"thumbnailUrl\":\"https:\/\/elmejorjamon.es\/wp-content\/uploads\/2023\/03\/2391-thickbox_default-Tocineta-adobada-Eresma-de-2-kg.-aprox.-Torreznos-perfectos.jpg\",\"datePublished\":\"2023-03-22T10:39:28+00:00\",\"dateModified\":\"2025-09-04T16:12:28+00:00\",\"breadcrumb\":{\"@id\":\"https:\/\/elmejorjamon.es\/fr\/producto\/lardons-marines-eresma-25-kg-environ-torreznos-parfait\/#breadcrumb\"},\"inLanguage\":\"fr-FR\",\"potentialAction\":[{\"@type\":\"ReadAction\",\"target\":[\"https:\/\/elmejorjamon.es\/fr\/producto\/lardons-marines-eresma-25-kg-environ-torreznos-parfait\/\"]}]},{\"@type\":\"ImageObject\",\"inLanguage\":\"fr-FR\",\"@id\":\"https:\/\/elmejorjamon.es\/fr\/producto\/lardons-marines-eresma-25-kg-environ-torreznos-parfait\/#primaryimage\",\"url\":\"https:\/\/elmejorjamon.es\/wp-content\/uploads\/2023\/03\/2391-thickbox_default-Tocineta-adobada-Eresma-de-2-kg.-aprox.-Torreznos-perfectos.jpg\",\"contentUrl\":\"https:\/\/elmejorjamon.es\/wp-content\/uploads\/2023\/03\/2391-thickbox_default-Tocineta-adobada-Eresma-de-2-kg.-aprox.-Torreznos-perfectos.jpg\",\"width\":1100,\"height\":1422},{\"@type\":\"BreadcrumbList\",\"@id\":\"https:\/\/elmejorjamon.es\/fr\/producto\/lardons-marines-eresma-25-kg-environ-torreznos-parfait\/#breadcrumb\",\"itemListElement\":[{\"@type\":\"ListItem\",\"position\":1,\"name\":\"Portada\",\"item\":\"https:\/\/elmejorjamon.es\/fr\/\"},{\"@type\":\"ListItem\",\"position\":2,\"name\":\"D\u00e9marrage rapide\",\"item\":\"https:\/\/elmejorjamon.es\/fr\/\"},{\"@type\":\"ListItem\",\"position\":3,\"name\":\"Lardons marin\u00e9s Eresma 2 kg. environ. torreznos parfait\"}]},{\"@type\":\"WebSite\",\"@id\":\"https:\/\/elmejorjamon.es\/#website\",\"url\":\"https:\/\/elmejorjamon.es\/\",\"name\":\"El Mejor Jam\u00f3n\",\"description\":\"Comprar jamones y embutidos a buen precio\",\"publisher\":{\"@id\":\"https:\/\/elmejorjamon.es\/#organization\"},\"potentialAction\":[{\"@type\":\"SearchAction\",\"target\":{\"@type\":\"EntryPoint\",\"urlTemplate\":\"https:\/\/elmejorjamon.es\/?s={search_term_string}\"},\"query-input\":{\"@type\":\"PropertyValueSpecification\",\"valueRequired\":true,\"valueName\":\"search_term_string\"}}],\"inLanguage\":\"fr-FR\"},{\"@type\":\"Organization\",\"@id\":\"https:\/\/elmejorjamon.es\/#organization\",\"name\":\"El Mejor Jam\u00f3n\",\"url\":\"https:\/\/elmejorjamon.es\/\",\"logo\":{\"@type\":\"ImageObject\",\"inLanguage\":\"fr-FR\",\"@id\":\"https:\/\/elmejorjamon.es\/#\/schema\/logo\/image\/\",\"url\":\"https:\/\/elmejorjamon.es\/wp-content\/uploads\/2025\/01\/logocorreos.png\",\"contentUrl\":\"https:\/\/elmejorjamon.es\/wp-content\/uploads\/2025\/01\/logocorreos.png\",\"width\":277,\"height\":200,\"caption\":\"El Mejor Jam\u00f3n\"},\"image\":{\"@id\":\"https:\/\/elmejorjamon.es\/#\/schema\/logo\/image\/\"},\"sameAs\":[\"https:\/\/www.facebook.com\/elmejorjamonweb\",\"https:\/\/x.com\/elmejorjamonweb\",\"https:\/\/www.instagram.com\/elmejorjamonweb\/\"]}]}<\/script>\n<!-- \/ Yoast SEO plugin. -->","yoast_head_json":{"title":"Lardons marin\u00e9s Eresma 2 kg. environ. torreznos parfait - El Mejor Jam\u00f3n","robots":{"index":"index","follow":"follow","max-snippet":"max-snippet:-1","max-image-preview":"max-image-preview:large","max-video-preview":"max-video-preview:-1"},"canonical":"https:\/\/elmejorjamon.es\/fr\/producto\/lardons-marines-eresma-25-kg-environ-torreznos-parfait\/","og_locale":"fr_FR","og_type":"article","og_title":"Lardons marin\u00e9s Eresma 2 kg. environ. torreznos parfait - El Mejor Jam\u00f3n","og_description":"Lardons marin\u00e9s Eresma 2 kg. environ. torreznos parfait","og_url":"https:\/\/elmejorjamon.es\/fr\/producto\/lardons-marines-eresma-25-kg-environ-torreznos-parfait\/","og_site_name":"El Mejor Jam\u00f3n","article_publisher":"https:\/\/www.facebook.com\/elmejorjamonweb","article_modified_time":"2025-09-04T16:12:28+00:00","og_image":[{"width":1100,"height":1422,"url":"https:\/\/elmejorjamon.es\/wp-content\/uploads\/2023\/03\/2391-thickbox_default-Tocineta-adobada-Eresma-de-2-kg.-aprox.-Torreznos-perfectos.jpg","type":"image\/jpeg"}],"twitter_card":"summary_large_image","twitter_site":"@elmejorjamonweb","schema":{"@context":"https:\/\/schema.org","@graph":[{"@type":"WebPage","@id":"https:\/\/elmejorjamon.es\/fr\/producto\/lardons-marines-eresma-25-kg-environ-torreznos-parfait\/","url":"https:\/\/elmejorjamon.es\/fr\/producto\/lardons-marines-eresma-25-kg-environ-torreznos-parfait\/","name":"Lardons marin\u00e9s Eresma 2 kg. environ. torreznos parfait - El Mejor Jam\u00f3n","isPartOf":{"@id":"https:\/\/elmejorjamon.es\/#website"},"primaryImageOfPage":{"@id":"https:\/\/elmejorjamon.es\/fr\/producto\/lardons-marines-eresma-25-kg-environ-torreznos-parfait\/#primaryimage"},"image":{"@id":"https:\/\/elmejorjamon.es\/fr\/producto\/lardons-marines-eresma-25-kg-environ-torreznos-parfait\/#primaryimage"},"thumbnailUrl":"https:\/\/elmejorjamon.es\/wp-content\/uploads\/2023\/03\/2391-thickbox_default-Tocineta-adobada-Eresma-de-2-kg.-aprox.-Torreznos-perfectos.jpg","datePublished":"2023-03-22T10:39:28+00:00","dateModified":"2025-09-04T16:12:28+00:00","breadcrumb":{"@id":"https:\/\/elmejorjamon.es\/fr\/producto\/lardons-marines-eresma-25-kg-environ-torreznos-parfait\/#breadcrumb"},"inLanguage":"fr-FR","potentialAction":[{"@type":"ReadAction","target":["https:\/\/elmejorjamon.es\/fr\/producto\/lardons-marines-eresma-25-kg-environ-torreznos-parfait\/"]}]},{"@type":"ImageObject","inLanguage":"fr-FR","@id":"https:\/\/elmejorjamon.es\/fr\/producto\/lardons-marines-eresma-25-kg-environ-torreznos-parfait\/#primaryimage","url":"https:\/\/elmejorjamon.es\/wp-content\/uploads\/2023\/03\/2391-thickbox_default-Tocineta-adobada-Eresma-de-2-kg.-aprox.-Torreznos-perfectos.jpg","contentUrl":"https:\/\/elmejorjamon.es\/wp-content\/uploads\/2023\/03\/2391-thickbox_default-Tocineta-adobada-Eresma-de-2-kg.-aprox.-Torreznos-perfectos.jpg","width":1100,"height":1422},{"@type":"BreadcrumbList","@id":"https:\/\/elmejorjamon.es\/fr\/producto\/lardons-marines-eresma-25-kg-environ-torreznos-parfait\/#breadcrumb","itemListElement":[{"@type":"ListItem","position":1,"name":"Portada","item":"https:\/\/elmejorjamon.es\/fr\/"},{"@type":"ListItem","position":2,"name":"D\u00e9marrage rapide","item":"https:\/\/elmejorjamon.es\/fr\/"},{"@type":"ListItem","position":3,"name":"Lardons marin\u00e9s Eresma 2 kg. environ. torreznos parfait"}]},{"@type":"WebSite","@id":"https:\/\/elmejorjamon.es\/#website","url":"https:\/\/elmejorjamon.es\/","name":"El Mejor Jam\u00f3n","description":"Comprar jamones y embutidos a buen precio","publisher":{"@id":"https:\/\/elmejorjamon.es\/#organization"},"potentialAction":[{"@type":"SearchAction","target":{"@type":"EntryPoint","urlTemplate":"https:\/\/elmejorjamon.es\/?s={search_term_string}"},"query-input":{"@type":"PropertyValueSpecification","valueRequired":true,"valueName":"search_term_string"}}],"inLanguage":"fr-FR"},{"@type":"Organization","@id":"https:\/\/elmejorjamon.es\/#organization","name":"El Mejor Jam\u00f3n","url":"https:\/\/elmejorjamon.es\/","logo":{"@type":"ImageObject","inLanguage":"fr-FR","@id":"https:\/\/elmejorjamon.es\/#\/schema\/logo\/image\/","url":"https:\/\/elmejorjamon.es\/wp-content\/uploads\/2025\/01\/logocorreos.png","contentUrl":"https:\/\/elmejorjamon.es\/wp-content\/uploads\/2025\/01\/logocorreos.png","width":277,"height":200,"caption":"El Mejor Jam\u00f3n"},"image":{"@id":"https:\/\/elmejorjamon.es\/#\/schema\/logo\/image\/"},"sameAs":["https:\/\/www.facebook.com\/elmejorjamonweb","https:\/\/x.com\/elmejorjamonweb","https:\/\/www.instagram.com\/elmejorjamonweb\/"]}]}},"_links":{"self":[{"href":"https:\/\/elmejorjamon.es\/fr\/wp-json\/wp\/v2\/product\/8943","targetHints":{"allow":["GET"]}}],"collection":[{"href":"https:\/\/elmejorjamon.es\/fr\/wp-json\/wp\/v2\/product"}],"about":[{"href":"https:\/\/elmejorjamon.es\/fr\/wp-json\/wp\/v2\/types\/product"}],"replies":[{"embeddable":true,"href":"https:\/\/elmejorjamon.es\/fr\/wp-json\/wp\/v2\/comments?post=8943"}],"wp:featuredmedia":[{"embeddable":true,"href":"https:\/\/elmejorjamon.es\/fr\/wp-json\/wp\/v2\/media\/8931"}],"wp:attachment":[{"href":"https:\/\/elmejorjamon.es\/fr\/wp-json\/wp\/v2\/media?parent=8943"}],"wp:term":[{"taxonomy":"product_brand","embeddable":true,"href":"https:\/\/elmejorjamon.es\/fr\/wp-json\/wp\/v2\/product_brand?post=8943"},{"taxonomy":"product_cat","embeddable":true,"href":"https:\/\/elmejorjamon.es\/fr\/wp-json\/wp\/v2\/product_cat?post=8943"},{"taxonomy":"product_tag","embeddable":true,"href":"https:\/\/elmejorjamon.es\/fr\/wp-json\/wp\/v2\/product_tag?post=8943"}],"curies":[{"name":"wp","href":"https:\/\/api.w.org\/{rel}","templated":true}]}}