{"id":8527,"date":"2022-10-25T10:03:26","date_gmt":"2022-10-25T09:03:26","guid":{"rendered":"https:\/\/nueva.elmejorjamon.es\/producto\/cuteaux-a-l-huile-d-olive-35-pieces-mariscadora\/"},"modified":"2022-10-25T10:03:26","modified_gmt":"2022-10-25T09:03:26","slug":"cuteaux-a-l-huile-d-olive-35-pieces-mariscadora","status":"publish","type":"product","link":"https:\/\/elmejorjamon.es\/fr\/producto\/cuteaux-a-l-huile-d-olive-35-pieces-mariscadora\/","title":{"rendered":"Cuteaux \u00e0 l&rsquo;huile d&rsquo;olive 3\/5 pi\u00e8ces Mariscadora"},"content":{"rendered":"<p>Cuteaux \u00e0 l&rsquo;huile d&rsquo;olive 3\/5 pi\u00e8ces Mariscadora<\/p>\n<p>Ingr\u00e9dients : Couteaux (Mollusques), huile d&rsquo;olive et sel.<\/p>\n","protected":false},"excerpt":{"rendered":"<p>Cuteaux \u00e0 l&rsquo;huile d&rsquo;olive 3\/5 pi\u00e8ces Mariscadora<\/p>\n","protected":false},"featured_media":8517,"comment_status":"open","ping_status":"closed","template":"","meta":{"_et_pb_use_builder":"","_et_pb_old_content":"","_et_gb_content_width":"","_sitemap_exclude":false,"_sitemap_priority":"","_sitemap_frequency":""},"product_brand":[],"product_cat":[23,41,179,47],"product_tag":[],"class_list":{"0":"post-8527","1":"product","2":"type-product","3":"status-publish","4":"has-post-thumbnail","6":"product_cat-accueil","7":"product_cat-conserves","8":"product_cat-couteaux","9":"product_cat-tous-les-produits","10":"product_shipping_class-normal-fr","11":"pa_opciones-1unite-fr","12":"pa_opciones-boitede24unites-fr","14":"first","15":"instock","16":"shipping-taxable","17":"purchasable","18":"product-type-variable","19":"has-default-attributes"},"yoast_head":"<!-- This site is optimized with the Yoast SEO plugin v27.2 - https:\/\/yoast.com\/product\/yoast-seo-wordpress\/ -->\n<title>Cuteaux \u00e0 l&#039;huile d&#039;olive 3\/5 pi\u00e8ces Mariscadora - El Mejor Jam\u00f3n<\/title>\n<meta name=\"robots\" content=\"index, follow, max-snippet:-1, max-image-preview:large, max-video-preview:-1\" \/>\n<link rel=\"canonical\" href=\"https:\/\/elmejorjamon.es\/fr\/producto\/cuteaux-a-l-huile-d-olive-35-pieces-mariscadora\/\" \/>\n<meta property=\"og:locale\" content=\"fr_FR\" \/>\n<meta property=\"og:type\" content=\"article\" \/>\n<meta property=\"og:title\" content=\"Cuteaux \u00e0 l&#039;huile d&#039;olive 3\/5 pi\u00e8ces Mariscadora - El Mejor Jam\u00f3n\" \/>\n<meta property=\"og:description\" content=\"Cuteaux \u00e0 l&#039;huile d&#039;olive 3\/5 pi\u00e8ces Mariscadora\" \/>\n<meta property=\"og:url\" content=\"https:\/\/elmejorjamon.es\/fr\/producto\/cuteaux-a-l-huile-d-olive-35-pieces-mariscadora\/\" \/>\n<meta property=\"og:site_name\" content=\"El Mejor Jam\u00f3n\" \/>\n<meta property=\"article:publisher\" content=\"https:\/\/www.facebook.com\/elmejorjamonweb\" \/>\n<meta property=\"og:image\" content=\"https:\/\/elmejorjamon.es\/wp-content\/uploads\/2022\/10\/2298-thickbox_default-Navajas-de-las-rias-en-aceite-de-oliva-35-piezas-Mariscadora.jpg\" \/>\n\t<meta property=\"og:image:width\" content=\"1100\" \/>\n\t<meta property=\"og:image:height\" content=\"1422\" \/>\n\t<meta property=\"og:image:type\" content=\"image\/jpeg\" \/>\n<meta name=\"twitter:card\" content=\"summary_large_image\" \/>\n<meta name=\"twitter:site\" content=\"@elmejorjamonweb\" \/>\n<script type=\"application\/ld+json\" class=\"yoast-schema-graph\">{\"@context\":\"https:\/\/schema.org\",\"@graph\":[{\"@type\":\"WebPage\",\"@id\":\"https:\/\/elmejorjamon.es\/fr\/producto\/cuteaux-a-l-huile-d-olive-35-pieces-mariscadora\/\",\"url\":\"https:\/\/elmejorjamon.es\/fr\/producto\/cuteaux-a-l-huile-d-olive-35-pieces-mariscadora\/\",\"name\":\"Cuteaux \u00e0 l'huile d'olive 3\/5 pi\u00e8ces Mariscadora - El Mejor Jam\u00f3n\",\"isPartOf\":{\"@id\":\"https:\/\/elmejorjamon.es\/#website\"},\"primaryImageOfPage\":{\"@id\":\"https:\/\/elmejorjamon.es\/fr\/producto\/cuteaux-a-l-huile-d-olive-35-pieces-mariscadora\/#primaryimage\"},\"image\":{\"@id\":\"https:\/\/elmejorjamon.es\/fr\/producto\/cuteaux-a-l-huile-d-olive-35-pieces-mariscadora\/#primaryimage\"},\"thumbnailUrl\":\"https:\/\/elmejorjamon.es\/wp-content\/uploads\/2022\/10\/2298-thickbox_default-Navajas-de-las-rias-en-aceite-de-oliva-35-piezas-Mariscadora.jpg\",\"datePublished\":\"2022-10-25T09:03:26+00:00\",\"breadcrumb\":{\"@id\":\"https:\/\/elmejorjamon.es\/fr\/producto\/cuteaux-a-l-huile-d-olive-35-pieces-mariscadora\/#breadcrumb\"},\"inLanguage\":\"fr-FR\",\"potentialAction\":[{\"@type\":\"ReadAction\",\"target\":[\"https:\/\/elmejorjamon.es\/fr\/producto\/cuteaux-a-l-huile-d-olive-35-pieces-mariscadora\/\"]}]},{\"@type\":\"ImageObject\",\"inLanguage\":\"fr-FR\",\"@id\":\"https:\/\/elmejorjamon.es\/fr\/producto\/cuteaux-a-l-huile-d-olive-35-pieces-mariscadora\/#primaryimage\",\"url\":\"https:\/\/elmejorjamon.es\/wp-content\/uploads\/2022\/10\/2298-thickbox_default-Navajas-de-las-rias-en-aceite-de-oliva-35-piezas-Mariscadora.jpg\",\"contentUrl\":\"https:\/\/elmejorjamon.es\/wp-content\/uploads\/2022\/10\/2298-thickbox_default-Navajas-de-las-rias-en-aceite-de-oliva-35-piezas-Mariscadora.jpg\",\"width\":1100,\"height\":1422},{\"@type\":\"BreadcrumbList\",\"@id\":\"https:\/\/elmejorjamon.es\/fr\/producto\/cuteaux-a-l-huile-d-olive-35-pieces-mariscadora\/#breadcrumb\",\"itemListElement\":[{\"@type\":\"ListItem\",\"position\":1,\"name\":\"Portada\",\"item\":\"https:\/\/elmejorjamon.es\/fr\/\"},{\"@type\":\"ListItem\",\"position\":2,\"name\":\"D\u00e9marrage rapide\",\"item\":\"https:\/\/elmejorjamon.es\/fr\/\"},{\"@type\":\"ListItem\",\"position\":3,\"name\":\"Cuteaux \u00e0 l&#8217;huile d&#8217;olive 3\/5 pi\u00e8ces Mariscadora\"}]},{\"@type\":\"WebSite\",\"@id\":\"https:\/\/elmejorjamon.es\/#website\",\"url\":\"https:\/\/elmejorjamon.es\/\",\"name\":\"El Mejor Jam\u00f3n\",\"description\":\"Comprar jamones y embutidos a buen precio\",\"publisher\":{\"@id\":\"https:\/\/elmejorjamon.es\/#organization\"},\"potentialAction\":[{\"@type\":\"SearchAction\",\"target\":{\"@type\":\"EntryPoint\",\"urlTemplate\":\"https:\/\/elmejorjamon.es\/?s={search_term_string}\"},\"query-input\":{\"@type\":\"PropertyValueSpecification\",\"valueRequired\":true,\"valueName\":\"search_term_string\"}}],\"inLanguage\":\"fr-FR\"},{\"@type\":\"Organization\",\"@id\":\"https:\/\/elmejorjamon.es\/#organization\",\"name\":\"El Mejor Jam\u00f3n\",\"url\":\"https:\/\/elmejorjamon.es\/\",\"logo\":{\"@type\":\"ImageObject\",\"inLanguage\":\"fr-FR\",\"@id\":\"https:\/\/elmejorjamon.es\/#\/schema\/logo\/image\/\",\"url\":\"https:\/\/elmejorjamon.es\/wp-content\/uploads\/2025\/01\/logocorreos.png\",\"contentUrl\":\"https:\/\/elmejorjamon.es\/wp-content\/uploads\/2025\/01\/logocorreos.png\",\"width\":277,\"height\":200,\"caption\":\"El Mejor Jam\u00f3n\"},\"image\":{\"@id\":\"https:\/\/elmejorjamon.es\/#\/schema\/logo\/image\/\"},\"sameAs\":[\"https:\/\/www.facebook.com\/elmejorjamonweb\",\"https:\/\/x.com\/elmejorjamonweb\",\"https:\/\/www.instagram.com\/elmejorjamonweb\/\"]}]}<\/script>\n<!-- \/ Yoast SEO plugin. -->","yoast_head_json":{"title":"Cuteaux \u00e0 l'huile d'olive 3\/5 pi\u00e8ces Mariscadora - El Mejor Jam\u00f3n","robots":{"index":"index","follow":"follow","max-snippet":"max-snippet:-1","max-image-preview":"max-image-preview:large","max-video-preview":"max-video-preview:-1"},"canonical":"https:\/\/elmejorjamon.es\/fr\/producto\/cuteaux-a-l-huile-d-olive-35-pieces-mariscadora\/","og_locale":"fr_FR","og_type":"article","og_title":"Cuteaux \u00e0 l'huile d'olive 3\/5 pi\u00e8ces Mariscadora - El Mejor Jam\u00f3n","og_description":"Cuteaux \u00e0 l'huile d'olive 3\/5 pi\u00e8ces Mariscadora","og_url":"https:\/\/elmejorjamon.es\/fr\/producto\/cuteaux-a-l-huile-d-olive-35-pieces-mariscadora\/","og_site_name":"El Mejor Jam\u00f3n","article_publisher":"https:\/\/www.facebook.com\/elmejorjamonweb","og_image":[{"width":1100,"height":1422,"url":"https:\/\/elmejorjamon.es\/wp-content\/uploads\/2022\/10\/2298-thickbox_default-Navajas-de-las-rias-en-aceite-de-oliva-35-piezas-Mariscadora.jpg","type":"image\/jpeg"}],"twitter_card":"summary_large_image","twitter_site":"@elmejorjamonweb","schema":{"@context":"https:\/\/schema.org","@graph":[{"@type":"WebPage","@id":"https:\/\/elmejorjamon.es\/fr\/producto\/cuteaux-a-l-huile-d-olive-35-pieces-mariscadora\/","url":"https:\/\/elmejorjamon.es\/fr\/producto\/cuteaux-a-l-huile-d-olive-35-pieces-mariscadora\/","name":"Cuteaux \u00e0 l'huile d'olive 3\/5 pi\u00e8ces Mariscadora - El Mejor Jam\u00f3n","isPartOf":{"@id":"https:\/\/elmejorjamon.es\/#website"},"primaryImageOfPage":{"@id":"https:\/\/elmejorjamon.es\/fr\/producto\/cuteaux-a-l-huile-d-olive-35-pieces-mariscadora\/#primaryimage"},"image":{"@id":"https:\/\/elmejorjamon.es\/fr\/producto\/cuteaux-a-l-huile-d-olive-35-pieces-mariscadora\/#primaryimage"},"thumbnailUrl":"https:\/\/elmejorjamon.es\/wp-content\/uploads\/2022\/10\/2298-thickbox_default-Navajas-de-las-rias-en-aceite-de-oliva-35-piezas-Mariscadora.jpg","datePublished":"2022-10-25T09:03:26+00:00","breadcrumb":{"@id":"https:\/\/elmejorjamon.es\/fr\/producto\/cuteaux-a-l-huile-d-olive-35-pieces-mariscadora\/#breadcrumb"},"inLanguage":"fr-FR","potentialAction":[{"@type":"ReadAction","target":["https:\/\/elmejorjamon.es\/fr\/producto\/cuteaux-a-l-huile-d-olive-35-pieces-mariscadora\/"]}]},{"@type":"ImageObject","inLanguage":"fr-FR","@id":"https:\/\/elmejorjamon.es\/fr\/producto\/cuteaux-a-l-huile-d-olive-35-pieces-mariscadora\/#primaryimage","url":"https:\/\/elmejorjamon.es\/wp-content\/uploads\/2022\/10\/2298-thickbox_default-Navajas-de-las-rias-en-aceite-de-oliva-35-piezas-Mariscadora.jpg","contentUrl":"https:\/\/elmejorjamon.es\/wp-content\/uploads\/2022\/10\/2298-thickbox_default-Navajas-de-las-rias-en-aceite-de-oliva-35-piezas-Mariscadora.jpg","width":1100,"height":1422},{"@type":"BreadcrumbList","@id":"https:\/\/elmejorjamon.es\/fr\/producto\/cuteaux-a-l-huile-d-olive-35-pieces-mariscadora\/#breadcrumb","itemListElement":[{"@type":"ListItem","position":1,"name":"Portada","item":"https:\/\/elmejorjamon.es\/fr\/"},{"@type":"ListItem","position":2,"name":"D\u00e9marrage rapide","item":"https:\/\/elmejorjamon.es\/fr\/"},{"@type":"ListItem","position":3,"name":"Cuteaux \u00e0 l&#8217;huile d&#8217;olive 3\/5 pi\u00e8ces Mariscadora"}]},{"@type":"WebSite","@id":"https:\/\/elmejorjamon.es\/#website","url":"https:\/\/elmejorjamon.es\/","name":"El Mejor Jam\u00f3n","description":"Comprar jamones y embutidos a buen precio","publisher":{"@id":"https:\/\/elmejorjamon.es\/#organization"},"potentialAction":[{"@type":"SearchAction","target":{"@type":"EntryPoint","urlTemplate":"https:\/\/elmejorjamon.es\/?s={search_term_string}"},"query-input":{"@type":"PropertyValueSpecification","valueRequired":true,"valueName":"search_term_string"}}],"inLanguage":"fr-FR"},{"@type":"Organization","@id":"https:\/\/elmejorjamon.es\/#organization","name":"El Mejor Jam\u00f3n","url":"https:\/\/elmejorjamon.es\/","logo":{"@type":"ImageObject","inLanguage":"fr-FR","@id":"https:\/\/elmejorjamon.es\/#\/schema\/logo\/image\/","url":"https:\/\/elmejorjamon.es\/wp-content\/uploads\/2025\/01\/logocorreos.png","contentUrl":"https:\/\/elmejorjamon.es\/wp-content\/uploads\/2025\/01\/logocorreos.png","width":277,"height":200,"caption":"El Mejor Jam\u00f3n"},"image":{"@id":"https:\/\/elmejorjamon.es\/#\/schema\/logo\/image\/"},"sameAs":["https:\/\/www.facebook.com\/elmejorjamonweb","https:\/\/x.com\/elmejorjamonweb","https:\/\/www.instagram.com\/elmejorjamonweb\/"]}]}},"_links":{"self":[{"href":"https:\/\/elmejorjamon.es\/fr\/wp-json\/wp\/v2\/product\/8527","targetHints":{"allow":["GET"]}}],"collection":[{"href":"https:\/\/elmejorjamon.es\/fr\/wp-json\/wp\/v2\/product"}],"about":[{"href":"https:\/\/elmejorjamon.es\/fr\/wp-json\/wp\/v2\/types\/product"}],"replies":[{"embeddable":true,"href":"https:\/\/elmejorjamon.es\/fr\/wp-json\/wp\/v2\/comments?post=8527"}],"wp:featuredmedia":[{"embeddable":true,"href":"https:\/\/elmejorjamon.es\/fr\/wp-json\/wp\/v2\/media\/8517"}],"wp:attachment":[{"href":"https:\/\/elmejorjamon.es\/fr\/wp-json\/wp\/v2\/media?parent=8527"}],"wp:term":[{"taxonomy":"product_brand","embeddable":true,"href":"https:\/\/elmejorjamon.es\/fr\/wp-json\/wp\/v2\/product_brand?post=8527"},{"taxonomy":"product_cat","embeddable":true,"href":"https:\/\/elmejorjamon.es\/fr\/wp-json\/wp\/v2\/product_cat?post=8527"},{"taxonomy":"product_tag","embeddable":true,"href":"https:\/\/elmejorjamon.es\/fr\/wp-json\/wp\/v2\/product_tag?post=8527"}],"curies":[{"name":"wp","href":"https:\/\/api.w.org\/{rel}","templated":true}]}}