{"id":7809,"date":"2022-02-02T14:44:28","date_gmt":"2022-02-02T13:44:28","guid":{"rendered":"https:\/\/nueva.elmejorjamon.es\/producto\/12-fromage-umami-du-cerrato-prix-national-14-kg-environ\/"},"modified":"2022-02-02T14:44:28","modified_gmt":"2022-02-02T13:44:28","slug":"12-fromage-umami-du-cerrato-prix-national-14-kg-environ","status":"publish","type":"product","link":"https:\/\/elmejorjamon.es\/fr\/producto\/12-fromage-umami-du-cerrato-prix-national-14-kg-environ\/","title":{"rendered":"1\/2 Fromage Umami du Cerrato prix national 1,4 kg. environ."},"content":{"rendered":"<p>1\/2 Fromage Umami du Cerrato prix national 1,4 kg. environ.<\/p>\n<\/p>\n<p>Le professeur Kikunae Ikeda a d\u00e9couvert qu&rsquo;il y avait une saveur qui ne pouvait pas \u00eatre li\u00e9e aux 4 saveurs classiques. Il s&rsquo;est rendu compte que c&rsquo;\u00e9tait une saveur commune, savoureuse et pr\u00e9sente dans de nombreux aliments. Il l&rsquo;appelait : Umami, un mot japonais qui vient de la combinaison des termes umai qui signifie \u00ab\u00a0d\u00e9licieux\u00a0\u00bb et mi qui signifie \u00ab\u00a0go\u00fbt\u00a0\u00bb, c&rsquo;est-\u00e0-dire go\u00fbt d\u00e9licieux. Aux go\u00fbts de base traditionnels : sucr\u00e9, sal\u00e9, acide et amer, s&rsquo;est ajout\u00e9 le go\u00fbt umami, aussi appel\u00e9 le cinqui\u00e8me go\u00fbt.<\/p>\n<\/p>\n<p>Umami favorise la digestion finale, puisque le cerveau re\u00e7oit des sensations gustatives agr\u00e9ables et succulentes. De plus, il active une plus grande salivation dans la bouche, r\u00e9ussissant \u00e0 am\u00e9liorer la digestion et accentuant cette exp\u00e9rience gustative. L&rsquo;inclusion d&rsquo;umami dans notre alimentation peut \u00eatre essentielle pour cr\u00e9er des repas plus savoureux en r\u00e9duisant la teneur en sel.<\/p>\n<\/p>\n<p>Le Cerrato Umami est un fromage fabriqu\u00e9 \u00e0 partir d&rsquo;un m\u00e9lange de lait de brebis et de vache, pasteuris\u00e9 \u00e0 partir de p\u00e2te press\u00e9e semi-cuite et affin\u00e9 dans des conditions d&rsquo;affinage particuli\u00e8res. P\u00e2te jaune clair ferme et compacte, r\u00e9sultat du m\u00e9lange de lait de vache et de brebis et du temps de maturation. Lorsqu&rsquo;il est coup\u00e9, il pr\u00e9sente de petits yeux in\u00e9galement r\u00e9partis.<\/p>\n<\/p>\n<p>Odeur succulente et intense de notes laiti\u00e8res et sucr\u00e9es. Texture ferme en bouche, l\u00e9g\u00e8rement \u00e9lastique et avec une bonne solubilit\u00e9. Saveur intense o\u00f9 se distingue la saveur umami, accompagn\u00e9e de notes de noix sucr\u00e9es, qui offre un bouquet tr\u00e8s rond. Grande persistance en bouche. Arri\u00e8re-go\u00fbt d&rsquo;umami. Sans aucun doute, un fromage au profil gustatif tr\u00e8s \u00ab\u00a0personnel\u00a0\u00bb.<\/p>\n<\/p>\n<p>Ingr\u00e9dients : Lait pasteuris\u00e9 de vache (min. 70%) et lait de brebis (min. 20%), sel, pr\u00e9sure, stabilisant : chlorure de calcium, conservateur : lysozyme (d\u00e9riv\u00e9 d&rsquo;\u0153ufs) et ferments lactiques.Cro\u00fbte non comestible. Origine du lait Espagne.<\/p>\n","protected":false},"excerpt":{"rendered":"<p>1\/2 Fromage Umami du Cerrato prix national 1,4 kg. environ.<\/p>\n","protected":false},"featured_media":7777,"comment_status":"open","ping_status":"closed","template":"","meta":{"_et_pb_use_builder":"","_et_pb_old_content":"","_et_gb_content_width":"","_sitemap_exclude":false,"_sitemap_priority":"","_sitemap_frequency":""},"product_brand":[],"product_cat":[23,53,47],"product_tag":[],"class_list":{"0":"post-7809","1":"product","2":"type-product","3":"status-publish","4":"has-post-thumbnail","6":"product_cat-accueil","7":"product_cat-quesos-fr","8":"product_cat-tous-les-produits","9":"product_shipping_class-normal-fr","11":"first","12":"instock","13":"shipping-taxable","14":"purchasable","15":"product-type-simple"},"yoast_head":"<!-- This site is optimized with the Yoast SEO plugin v27.4 - https:\/\/yoast.com\/product\/yoast-seo-wordpress\/ -->\n<title>1\/2 Fromage Umami du Cerrato prix national 1,4 kg. environ. - El Mejor Jam\u00f3n<\/title>\n<meta name=\"robots\" content=\"index, follow, max-snippet:-1, max-image-preview:large, max-video-preview:-1\" \/>\n<link rel=\"canonical\" href=\"https:\/\/elmejorjamon.es\/producto\/12-queso-umami-de-cerrato-premio-nacional-14-kg-aprox\/\" \/>\n<meta property=\"og:locale\" content=\"fr_FR\" \/>\n<meta property=\"og:type\" content=\"article\" \/>\n<meta property=\"og:title\" content=\"1\/2 Fromage Umami du Cerrato prix national 1,4 kg. environ. - El Mejor Jam\u00f3n\" \/>\n<meta property=\"og:description\" content=\"1\/2 Fromage Umami du Cerrato prix national 1,4 kg. environ.\" \/>\n<meta property=\"og:url\" content=\"https:\/\/elmejorjamon.es\/producto\/12-queso-umami-de-cerrato-premio-nacional-14-kg-aprox\/\" \/>\n<meta property=\"og:site_name\" content=\"El Mejor Jam\u00f3n\" \/>\n<meta property=\"article:publisher\" content=\"https:\/\/www.facebook.com\/elmejorjamonweb\" \/>\n<meta property=\"og:image\" content=\"https:\/\/elmejorjamon.es\/wp-content\/uploads\/2022\/02\/2161-thickbox_default-12-Queso-Umami-de-Cerrato-premio-nacional-14-kg.-aprox.jpg\" \/>\n\t<meta property=\"og:image:width\" content=\"1100\" \/>\n\t<meta property=\"og:image:height\" content=\"1422\" \/>\n\t<meta property=\"og:image:type\" content=\"image\/jpeg\" \/>\n<meta name=\"twitter:card\" content=\"summary_large_image\" \/>\n<meta name=\"twitter:site\" content=\"@elmejorjamonweb\" \/>\n<meta name=\"twitter:label1\" content=\"Dur\u00e9e de lecture estim\u00e9e\" \/>\n\t<meta name=\"twitter:data1\" content=\"2 minutes\" \/>\n<script type=\"application\/ld+json\" class=\"yoast-schema-graph\">{\"@context\":\"https:\\\/\\\/schema.org\",\"@graph\":[{\"@type\":\"WebPage\",\"@id\":\"https:\\\/\\\/elmejorjamon.es\\\/producto\\\/12-queso-umami-de-cerrato-premio-nacional-14-kg-aprox\\\/\",\"url\":\"https:\\\/\\\/elmejorjamon.es\\\/producto\\\/12-queso-umami-de-cerrato-premio-nacional-14-kg-aprox\\\/\",\"name\":\"1\\\/2 Fromage Umami du Cerrato prix national 1,4 kg. environ. - El Mejor Jam\u00f3n\",\"isPartOf\":{\"@id\":\"https:\\\/\\\/elmejorjamon.es\\\/#website\"},\"primaryImageOfPage\":{\"@id\":\"https:\\\/\\\/elmejorjamon.es\\\/producto\\\/12-queso-umami-de-cerrato-premio-nacional-14-kg-aprox\\\/#primaryimage\"},\"image\":{\"@id\":\"https:\\\/\\\/elmejorjamon.es\\\/producto\\\/12-queso-umami-de-cerrato-premio-nacional-14-kg-aprox\\\/#primaryimage\"},\"thumbnailUrl\":\"https:\\\/\\\/elmejorjamon.es\\\/wp-content\\\/uploads\\\/2022\\\/02\\\/2161-thickbox_default-12-Queso-Umami-de-Cerrato-premio-nacional-14-kg.-aprox.jpg\",\"datePublished\":\"2022-02-02T13:44:28+00:00\",\"breadcrumb\":{\"@id\":\"https:\\\/\\\/elmejorjamon.es\\\/producto\\\/12-queso-umami-de-cerrato-premio-nacional-14-kg-aprox\\\/#breadcrumb\"},\"inLanguage\":\"fr-FR\",\"potentialAction\":[{\"@type\":\"ReadAction\",\"target\":[\"https:\\\/\\\/elmejorjamon.es\\\/producto\\\/12-queso-umami-de-cerrato-premio-nacional-14-kg-aprox\\\/\"]}]},{\"@type\":\"ImageObject\",\"inLanguage\":\"fr-FR\",\"@id\":\"https:\\\/\\\/elmejorjamon.es\\\/producto\\\/12-queso-umami-de-cerrato-premio-nacional-14-kg-aprox\\\/#primaryimage\",\"url\":\"https:\\\/\\\/elmejorjamon.es\\\/wp-content\\\/uploads\\\/2022\\\/02\\\/2161-thickbox_default-12-Queso-Umami-de-Cerrato-premio-nacional-14-kg.-aprox.jpg\",\"contentUrl\":\"https:\\\/\\\/elmejorjamon.es\\\/wp-content\\\/uploads\\\/2022\\\/02\\\/2161-thickbox_default-12-Queso-Umami-de-Cerrato-premio-nacional-14-kg.-aprox.jpg\",\"width\":1100,\"height\":1422,\"caption\":\"1\\\/2 Queso Umami de Cerrato premio nacional 1,4 kg. aprox\"},{\"@type\":\"BreadcrumbList\",\"@id\":\"https:\\\/\\\/elmejorjamon.es\\\/producto\\\/12-queso-umami-de-cerrato-premio-nacional-14-kg-aprox\\\/#breadcrumb\",\"itemListElement\":[{\"@type\":\"ListItem\",\"position\":1,\"name\":\"Portada\",\"item\":\"https:\\\/\\\/elmejorjamon.es\\\/fr\\\/\"},{\"@type\":\"ListItem\",\"position\":2,\"name\":\"D\u00e9marrage rapide\",\"item\":\"https:\\\/\\\/elmejorjamon.es\\\/fr\\\/\"},{\"@type\":\"ListItem\",\"position\":3,\"name\":\"1\\\/2 Fromage Umami du Cerrato prix national 1,4 kg. environ.\"}]},{\"@type\":\"WebSite\",\"@id\":\"https:\\\/\\\/elmejorjamon.es\\\/#website\",\"url\":\"https:\\\/\\\/elmejorjamon.es\\\/\",\"name\":\"El Mejor Jam\u00f3n\",\"description\":\"Comprar jamones y embutidos a buen precio\",\"publisher\":{\"@id\":\"https:\\\/\\\/elmejorjamon.es\\\/#organization\"},\"potentialAction\":[{\"@type\":\"SearchAction\",\"target\":{\"@type\":\"EntryPoint\",\"urlTemplate\":\"https:\\\/\\\/elmejorjamon.es\\\/?s={search_term_string}\"},\"query-input\":{\"@type\":\"PropertyValueSpecification\",\"valueRequired\":true,\"valueName\":\"search_term_string\"}}],\"inLanguage\":\"fr-FR\"},{\"@type\":\"Organization\",\"@id\":\"https:\\\/\\\/elmejorjamon.es\\\/#organization\",\"name\":\"El Mejor Jam\u00f3n\",\"url\":\"https:\\\/\\\/elmejorjamon.es\\\/\",\"logo\":{\"@type\":\"ImageObject\",\"inLanguage\":\"fr-FR\",\"@id\":\"https:\\\/\\\/elmejorjamon.es\\\/#\\\/schema\\\/logo\\\/image\\\/\",\"url\":\"https:\\\/\\\/elmejorjamon.es\\\/wp-content\\\/uploads\\\/2025\\\/01\\\/logocorreos.png\",\"contentUrl\":\"https:\\\/\\\/elmejorjamon.es\\\/wp-content\\\/uploads\\\/2025\\\/01\\\/logocorreos.png\",\"width\":277,\"height\":200,\"caption\":\"El Mejor Jam\u00f3n\"},\"image\":{\"@id\":\"https:\\\/\\\/elmejorjamon.es\\\/#\\\/schema\\\/logo\\\/image\\\/\"},\"sameAs\":[\"https:\\\/\\\/www.facebook.com\\\/elmejorjamonweb\",\"https:\\\/\\\/x.com\\\/elmejorjamonweb\",\"https:\\\/\\\/www.instagram.com\\\/elmejorjamonweb\\\/\"]}]}<\/script>\n<!-- \/ Yoast SEO plugin. -->","yoast_head_json":{"title":"1\/2 Fromage Umami du Cerrato prix national 1,4 kg. environ. - El Mejor Jam\u00f3n","robots":{"index":"index","follow":"follow","max-snippet":"max-snippet:-1","max-image-preview":"max-image-preview:large","max-video-preview":"max-video-preview:-1"},"canonical":"https:\/\/elmejorjamon.es\/producto\/12-queso-umami-de-cerrato-premio-nacional-14-kg-aprox\/","og_locale":"fr_FR","og_type":"article","og_title":"1\/2 Fromage Umami du Cerrato prix national 1,4 kg. environ. - El Mejor Jam\u00f3n","og_description":"1\/2 Fromage Umami du Cerrato prix national 1,4 kg. environ.","og_url":"https:\/\/elmejorjamon.es\/producto\/12-queso-umami-de-cerrato-premio-nacional-14-kg-aprox\/","og_site_name":"El Mejor Jam\u00f3n","article_publisher":"https:\/\/www.facebook.com\/elmejorjamonweb","og_image":[{"width":1100,"height":1422,"url":"https:\/\/elmejorjamon.es\/wp-content\/uploads\/2022\/02\/2161-thickbox_default-12-Queso-Umami-de-Cerrato-premio-nacional-14-kg.-aprox.jpg","type":"image\/jpeg"}],"twitter_card":"summary_large_image","twitter_site":"@elmejorjamonweb","twitter_misc":{"Dur\u00e9e de lecture estim\u00e9e":"2 minutes"},"schema":{"@context":"https:\/\/schema.org","@graph":[{"@type":"WebPage","@id":"https:\/\/elmejorjamon.es\/producto\/12-queso-umami-de-cerrato-premio-nacional-14-kg-aprox\/","url":"https:\/\/elmejorjamon.es\/producto\/12-queso-umami-de-cerrato-premio-nacional-14-kg-aprox\/","name":"1\/2 Fromage Umami du Cerrato prix national 1,4 kg. environ. - El Mejor Jam\u00f3n","isPartOf":{"@id":"https:\/\/elmejorjamon.es\/#website"},"primaryImageOfPage":{"@id":"https:\/\/elmejorjamon.es\/producto\/12-queso-umami-de-cerrato-premio-nacional-14-kg-aprox\/#primaryimage"},"image":{"@id":"https:\/\/elmejorjamon.es\/producto\/12-queso-umami-de-cerrato-premio-nacional-14-kg-aprox\/#primaryimage"},"thumbnailUrl":"https:\/\/elmejorjamon.es\/wp-content\/uploads\/2022\/02\/2161-thickbox_default-12-Queso-Umami-de-Cerrato-premio-nacional-14-kg.-aprox.jpg","datePublished":"2022-02-02T13:44:28+00:00","breadcrumb":{"@id":"https:\/\/elmejorjamon.es\/producto\/12-queso-umami-de-cerrato-premio-nacional-14-kg-aprox\/#breadcrumb"},"inLanguage":"fr-FR","potentialAction":[{"@type":"ReadAction","target":["https:\/\/elmejorjamon.es\/producto\/12-queso-umami-de-cerrato-premio-nacional-14-kg-aprox\/"]}]},{"@type":"ImageObject","inLanguage":"fr-FR","@id":"https:\/\/elmejorjamon.es\/producto\/12-queso-umami-de-cerrato-premio-nacional-14-kg-aprox\/#primaryimage","url":"https:\/\/elmejorjamon.es\/wp-content\/uploads\/2022\/02\/2161-thickbox_default-12-Queso-Umami-de-Cerrato-premio-nacional-14-kg.-aprox.jpg","contentUrl":"https:\/\/elmejorjamon.es\/wp-content\/uploads\/2022\/02\/2161-thickbox_default-12-Queso-Umami-de-Cerrato-premio-nacional-14-kg.-aprox.jpg","width":1100,"height":1422,"caption":"1\/2 Queso Umami de Cerrato premio nacional 1,4 kg. aprox"},{"@type":"BreadcrumbList","@id":"https:\/\/elmejorjamon.es\/producto\/12-queso-umami-de-cerrato-premio-nacional-14-kg-aprox\/#breadcrumb","itemListElement":[{"@type":"ListItem","position":1,"name":"Portada","item":"https:\/\/elmejorjamon.es\/fr\/"},{"@type":"ListItem","position":2,"name":"D\u00e9marrage rapide","item":"https:\/\/elmejorjamon.es\/fr\/"},{"@type":"ListItem","position":3,"name":"1\/2 Fromage Umami du Cerrato prix national 1,4 kg. environ."}]},{"@type":"WebSite","@id":"https:\/\/elmejorjamon.es\/#website","url":"https:\/\/elmejorjamon.es\/","name":"El Mejor Jam\u00f3n","description":"Comprar jamones y embutidos a buen precio","publisher":{"@id":"https:\/\/elmejorjamon.es\/#organization"},"potentialAction":[{"@type":"SearchAction","target":{"@type":"EntryPoint","urlTemplate":"https:\/\/elmejorjamon.es\/?s={search_term_string}"},"query-input":{"@type":"PropertyValueSpecification","valueRequired":true,"valueName":"search_term_string"}}],"inLanguage":"fr-FR"},{"@type":"Organization","@id":"https:\/\/elmejorjamon.es\/#organization","name":"El Mejor Jam\u00f3n","url":"https:\/\/elmejorjamon.es\/","logo":{"@type":"ImageObject","inLanguage":"fr-FR","@id":"https:\/\/elmejorjamon.es\/#\/schema\/logo\/image\/","url":"https:\/\/elmejorjamon.es\/wp-content\/uploads\/2025\/01\/logocorreos.png","contentUrl":"https:\/\/elmejorjamon.es\/wp-content\/uploads\/2025\/01\/logocorreos.png","width":277,"height":200,"caption":"El Mejor Jam\u00f3n"},"image":{"@id":"https:\/\/elmejorjamon.es\/#\/schema\/logo\/image\/"},"sameAs":["https:\/\/www.facebook.com\/elmejorjamonweb","https:\/\/x.com\/elmejorjamonweb","https:\/\/www.instagram.com\/elmejorjamonweb\/"]}]}},"_links":{"self":[{"href":"https:\/\/elmejorjamon.es\/fr\/wp-json\/wp\/v2\/product\/7809","targetHints":{"allow":["GET"]}}],"collection":[{"href":"https:\/\/elmejorjamon.es\/fr\/wp-json\/wp\/v2\/product"}],"about":[{"href":"https:\/\/elmejorjamon.es\/fr\/wp-json\/wp\/v2\/types\/product"}],"replies":[{"embeddable":true,"href":"https:\/\/elmejorjamon.es\/fr\/wp-json\/wp\/v2\/comments?post=7809"}],"wp:featuredmedia":[{"embeddable":true,"href":"https:\/\/elmejorjamon.es\/fr\/wp-json\/wp\/v2\/media\/7777"}],"wp:attachment":[{"href":"https:\/\/elmejorjamon.es\/fr\/wp-json\/wp\/v2\/media?parent=7809"}],"wp:term":[{"taxonomy":"product_brand","embeddable":true,"href":"https:\/\/elmejorjamon.es\/fr\/wp-json\/wp\/v2\/product_brand?post=7809"},{"taxonomy":"product_cat","embeddable":true,"href":"https:\/\/elmejorjamon.es\/fr\/wp-json\/wp\/v2\/product_cat?post=7809"},{"taxonomy":"product_tag","embeddable":true,"href":"https:\/\/elmejorjamon.es\/fr\/wp-json\/wp\/v2\/product_tag?post=7809"}],"curies":[{"name":"wp","href":"https:\/\/api.w.org\/{rel}","templated":true}]}}