{"id":729,"date":"2025-07-15T11:34:07","date_gmt":"2025-07-15T09:34:07","guid":{"rendered":"https:\/\/nueva.elmejorjamon.es\/?post_type=product&#038;p=729"},"modified":"2025-07-15T11:34:11","modified_gmt":"2025-07-15T09:34:11","slug":"bloc-de-foie-gras-de-canard-en-conserve-lou-croquant-200-g","status":"publish","type":"product","link":"https:\/\/elmejorjamon.es\/fr\/producto\/bloc-de-foie-gras-de-canard-en-conserve-lou-croquant-200-g\/","title":{"rendered":"Bloc de Foie Gras de Canard en Conserve Lou Croquant 200 g"},"content":{"rendered":"<p>Produit gourmand \u00e0 la texture exceptionnelle et au go\u00fbt d\u00e9licat, il se distingue par sa polyvalence culinaire. Appr\u00e9ci\u00e9 et reconnu par les grands chefs, il est consid\u00e9r\u00e9 comme un produit d&rsquo;\u00e9picerie fine. Pr\u00e9par\u00e9 traditionnellement avec des ingr\u00e9dients de premi\u00e8re qualit\u00e9, sans additifs, conservateurs ni colorants, le Bloc de Foie Gras de Canard surprend par son attaque puissante et sa longueur en bouche onctueuse. Ingr\u00e9dients : Foie gras de canard, eau, sel, poivre. Marque : Lou Croquant. Origine : France. Poids : 200 g. Produit artisanal.<\/p>\n","protected":false},"excerpt":{"rendered":"<p>Bloc de Foie Gras de Canard en Conserve Lou Croquant 200 g<\/p>\n","protected":false},"featured_media":19900,"comment_status":"open","ping_status":"closed","template":"","meta":{"_et_pb_use_builder":"","_et_pb_old_content":"","_et_gb_content_width":"","_sitemap_exclude":false,"_sitemap_priority":"","_sitemap_frequency":""},"product_brand":[],"product_cat":[23,41,221,47],"product_tag":[],"class_list":{"0":"post-729","1":"product","2":"type-product","3":"status-publish","4":"has-post-thumbnail","6":"product_cat-accueil","7":"product_cat-conserves","8":"product_cat-gourmet-fr","9":"product_cat-tous-les-produits","10":"product_shipping_class-normal-fr","12":"first","13":"instock","14":"shipping-taxable","15":"purchasable","16":"product-type-simple"},"yoast_head":"<!-- This site is optimized with the Yoast SEO plugin v27.4 - https:\/\/yoast.com\/product\/yoast-seo-wordpress\/ -->\n<title>Achat Bloc de Foie Gras de Canard en Conserve Lou Croquant<\/title>\n<meta name=\"description\" content=\"Pr\u00e9par\u00e9 traditionnellement avec des ingr\u00e9dients de premi\u00e8re qualit\u00e9, sans additifs, conservateurs ni colorants Ing: Foie gras de canard, eau, sel, poivre.\" \/>\n<meta name=\"robots\" content=\"index, follow, max-snippet:-1, max-image-preview:large, max-video-preview:-1\" \/>\n<link rel=\"canonical\" href=\"https:\/\/elmejorjamon.es\/fr\/producto\/bloc-de-foie-gras-de-canard-en-conserve-lou-croquant-200-g\/\" \/>\n<meta property=\"og:locale\" content=\"fr_FR\" \/>\n<meta property=\"og:type\" content=\"article\" \/>\n<meta property=\"og:title\" content=\"Achat Bloc de Foie Gras de Canard en Conserve Lou Croquant\" \/>\n<meta property=\"og:description\" content=\"Pr\u00e9par\u00e9 traditionnellement avec des ingr\u00e9dients de premi\u00e8re qualit\u00e9, sans additifs, conservateurs ni colorants Ing: Foie gras de canard, eau, sel, poivre.\" \/>\n<meta property=\"og:url\" content=\"https:\/\/elmejorjamon.es\/fr\/producto\/bloc-de-foie-gras-de-canard-en-conserve-lou-croquant-200-g\/\" \/>\n<meta property=\"og:site_name\" content=\"El Mejor Jam\u00f3n\" \/>\n<meta property=\"article:publisher\" content=\"https:\/\/www.facebook.com\/elmejorjamonweb\" \/>\n<meta property=\"article:modified_time\" content=\"2025-07-15T09:34:11+00:00\" \/>\n<meta property=\"og:image\" content=\"https:\/\/elmejorjamon.es\/wp-content\/uploads\/2025\/02\/foiecroquant.jpg\" \/>\n\t<meta property=\"og:image:width\" content=\"671\" \/>\n\t<meta property=\"og:image:height\" content=\"800\" \/>\n\t<meta property=\"og:image:type\" content=\"image\/jpeg\" \/>\n<meta name=\"twitter:card\" content=\"summary_large_image\" \/>\n<meta name=\"twitter:site\" content=\"@elmejorjamonweb\" \/>\n<meta name=\"twitter:label1\" content=\"Dur\u00e9e de lecture estim\u00e9e\" \/>\n\t<meta name=\"twitter:data1\" content=\"1 minute\" \/>\n<script type=\"application\/ld+json\" class=\"yoast-schema-graph\">{\"@context\":\"https:\\\/\\\/schema.org\",\"@graph\":[{\"@type\":\"WebPage\",\"@id\":\"https:\\\/\\\/elmejorjamon.es\\\/fr\\\/producto\\\/bloc-de-foie-gras-de-canard-en-conserve-lou-croquant-200-g\\\/\",\"url\":\"https:\\\/\\\/elmejorjamon.es\\\/fr\\\/producto\\\/bloc-de-foie-gras-de-canard-en-conserve-lou-croquant-200-g\\\/\",\"name\":\"Achat Bloc de Foie Gras de Canard en Conserve Lou Croquant\",\"isPartOf\":{\"@id\":\"https:\\\/\\\/elmejorjamon.es\\\/#website\"},\"primaryImageOfPage\":{\"@id\":\"https:\\\/\\\/elmejorjamon.es\\\/fr\\\/producto\\\/bloc-de-foie-gras-de-canard-en-conserve-lou-croquant-200-g\\\/#primaryimage\"},\"image\":{\"@id\":\"https:\\\/\\\/elmejorjamon.es\\\/fr\\\/producto\\\/bloc-de-foie-gras-de-canard-en-conserve-lou-croquant-200-g\\\/#primaryimage\"},\"thumbnailUrl\":\"https:\\\/\\\/elmejorjamon.es\\\/wp-content\\\/uploads\\\/2025\\\/02\\\/foiecroquant.jpg\",\"datePublished\":\"2025-07-15T09:34:07+00:00\",\"dateModified\":\"2025-07-15T09:34:11+00:00\",\"description\":\"Pr\u00e9par\u00e9 traditionnellement avec des ingr\u00e9dients de premi\u00e8re qualit\u00e9, sans additifs, conservateurs ni colorants Ing: Foie gras de canard, eau, sel, poivre.\",\"breadcrumb\":{\"@id\":\"https:\\\/\\\/elmejorjamon.es\\\/fr\\\/producto\\\/bloc-de-foie-gras-de-canard-en-conserve-lou-croquant-200-g\\\/#breadcrumb\"},\"inLanguage\":\"fr-FR\",\"potentialAction\":[{\"@type\":\"ReadAction\",\"target\":[\"https:\\\/\\\/elmejorjamon.es\\\/fr\\\/producto\\\/bloc-de-foie-gras-de-canard-en-conserve-lou-croquant-200-g\\\/\"]}]},{\"@type\":\"ImageObject\",\"inLanguage\":\"fr-FR\",\"@id\":\"https:\\\/\\\/elmejorjamon.es\\\/fr\\\/producto\\\/bloc-de-foie-gras-de-canard-en-conserve-lou-croquant-200-g\\\/#primaryimage\",\"url\":\"https:\\\/\\\/elmejorjamon.es\\\/wp-content\\\/uploads\\\/2025\\\/02\\\/foiecroquant.jpg\",\"contentUrl\":\"https:\\\/\\\/elmejorjamon.es\\\/wp-content\\\/uploads\\\/2025\\\/02\\\/foiecroquant.jpg\",\"width\":671,\"height\":800},{\"@type\":\"BreadcrumbList\",\"@id\":\"https:\\\/\\\/elmejorjamon.es\\\/fr\\\/producto\\\/bloc-de-foie-gras-de-canard-en-conserve-lou-croquant-200-g\\\/#breadcrumb\",\"itemListElement\":[{\"@type\":\"ListItem\",\"position\":1,\"name\":\"Portada\",\"item\":\"https:\\\/\\\/elmejorjamon.es\\\/fr\\\/\"},{\"@type\":\"ListItem\",\"position\":2,\"name\":\"D\u00e9marrage rapide\",\"item\":\"https:\\\/\\\/elmejorjamon.es\\\/fr\\\/\"},{\"@type\":\"ListItem\",\"position\":3,\"name\":\"Bloc de Foie Gras de Canard en Conserve Lou Croquant 200 g\"}]},{\"@type\":\"WebSite\",\"@id\":\"https:\\\/\\\/elmejorjamon.es\\\/#website\",\"url\":\"https:\\\/\\\/elmejorjamon.es\\\/\",\"name\":\"El Mejor Jam\u00f3n\",\"description\":\"Comprar jamones y embutidos a buen precio\",\"publisher\":{\"@id\":\"https:\\\/\\\/elmejorjamon.es\\\/#organization\"},\"potentialAction\":[{\"@type\":\"SearchAction\",\"target\":{\"@type\":\"EntryPoint\",\"urlTemplate\":\"https:\\\/\\\/elmejorjamon.es\\\/?s={search_term_string}\"},\"query-input\":{\"@type\":\"PropertyValueSpecification\",\"valueRequired\":true,\"valueName\":\"search_term_string\"}}],\"inLanguage\":\"fr-FR\"},{\"@type\":\"Organization\",\"@id\":\"https:\\\/\\\/elmejorjamon.es\\\/#organization\",\"name\":\"El Mejor Jam\u00f3n\",\"url\":\"https:\\\/\\\/elmejorjamon.es\\\/\",\"logo\":{\"@type\":\"ImageObject\",\"inLanguage\":\"fr-FR\",\"@id\":\"https:\\\/\\\/elmejorjamon.es\\\/#\\\/schema\\\/logo\\\/image\\\/\",\"url\":\"https:\\\/\\\/elmejorjamon.es\\\/wp-content\\\/uploads\\\/2025\\\/01\\\/logocorreos.png\",\"contentUrl\":\"https:\\\/\\\/elmejorjamon.es\\\/wp-content\\\/uploads\\\/2025\\\/01\\\/logocorreos.png\",\"width\":277,\"height\":200,\"caption\":\"El Mejor Jam\u00f3n\"},\"image\":{\"@id\":\"https:\\\/\\\/elmejorjamon.es\\\/#\\\/schema\\\/logo\\\/image\\\/\"},\"sameAs\":[\"https:\\\/\\\/www.facebook.com\\\/elmejorjamonweb\",\"https:\\\/\\\/x.com\\\/elmejorjamonweb\",\"https:\\\/\\\/www.instagram.com\\\/elmejorjamonweb\\\/\"]}]}<\/script>\n<!-- \/ Yoast SEO plugin. -->","yoast_head_json":{"title":"Achat Bloc de Foie Gras de Canard en Conserve Lou Croquant","description":"Pr\u00e9par\u00e9 traditionnellement avec des ingr\u00e9dients de premi\u00e8re qualit\u00e9, sans additifs, conservateurs ni colorants Ing: Foie gras de canard, eau, sel, poivre.","robots":{"index":"index","follow":"follow","max-snippet":"max-snippet:-1","max-image-preview":"max-image-preview:large","max-video-preview":"max-video-preview:-1"},"canonical":"https:\/\/elmejorjamon.es\/fr\/producto\/bloc-de-foie-gras-de-canard-en-conserve-lou-croquant-200-g\/","og_locale":"fr_FR","og_type":"article","og_title":"Achat Bloc de Foie Gras de Canard en Conserve Lou Croquant","og_description":"Pr\u00e9par\u00e9 traditionnellement avec des ingr\u00e9dients de premi\u00e8re qualit\u00e9, sans additifs, conservateurs ni colorants Ing: Foie gras de canard, eau, sel, poivre.","og_url":"https:\/\/elmejorjamon.es\/fr\/producto\/bloc-de-foie-gras-de-canard-en-conserve-lou-croquant-200-g\/","og_site_name":"El Mejor Jam\u00f3n","article_publisher":"https:\/\/www.facebook.com\/elmejorjamonweb","article_modified_time":"2025-07-15T09:34:11+00:00","og_image":[{"width":671,"height":800,"url":"https:\/\/elmejorjamon.es\/wp-content\/uploads\/2025\/02\/foiecroquant.jpg","type":"image\/jpeg"}],"twitter_card":"summary_large_image","twitter_site":"@elmejorjamonweb","twitter_misc":{"Dur\u00e9e de lecture estim\u00e9e":"1 minute"},"schema":{"@context":"https:\/\/schema.org","@graph":[{"@type":"WebPage","@id":"https:\/\/elmejorjamon.es\/fr\/producto\/bloc-de-foie-gras-de-canard-en-conserve-lou-croquant-200-g\/","url":"https:\/\/elmejorjamon.es\/fr\/producto\/bloc-de-foie-gras-de-canard-en-conserve-lou-croquant-200-g\/","name":"Achat Bloc de Foie Gras de Canard en Conserve Lou Croquant","isPartOf":{"@id":"https:\/\/elmejorjamon.es\/#website"},"primaryImageOfPage":{"@id":"https:\/\/elmejorjamon.es\/fr\/producto\/bloc-de-foie-gras-de-canard-en-conserve-lou-croquant-200-g\/#primaryimage"},"image":{"@id":"https:\/\/elmejorjamon.es\/fr\/producto\/bloc-de-foie-gras-de-canard-en-conserve-lou-croquant-200-g\/#primaryimage"},"thumbnailUrl":"https:\/\/elmejorjamon.es\/wp-content\/uploads\/2025\/02\/foiecroquant.jpg","datePublished":"2025-07-15T09:34:07+00:00","dateModified":"2025-07-15T09:34:11+00:00","description":"Pr\u00e9par\u00e9 traditionnellement avec des ingr\u00e9dients de premi\u00e8re qualit\u00e9, sans additifs, conservateurs ni colorants Ing: Foie gras de canard, eau, sel, poivre.","breadcrumb":{"@id":"https:\/\/elmejorjamon.es\/fr\/producto\/bloc-de-foie-gras-de-canard-en-conserve-lou-croquant-200-g\/#breadcrumb"},"inLanguage":"fr-FR","potentialAction":[{"@type":"ReadAction","target":["https:\/\/elmejorjamon.es\/fr\/producto\/bloc-de-foie-gras-de-canard-en-conserve-lou-croquant-200-g\/"]}]},{"@type":"ImageObject","inLanguage":"fr-FR","@id":"https:\/\/elmejorjamon.es\/fr\/producto\/bloc-de-foie-gras-de-canard-en-conserve-lou-croquant-200-g\/#primaryimage","url":"https:\/\/elmejorjamon.es\/wp-content\/uploads\/2025\/02\/foiecroquant.jpg","contentUrl":"https:\/\/elmejorjamon.es\/wp-content\/uploads\/2025\/02\/foiecroquant.jpg","width":671,"height":800},{"@type":"BreadcrumbList","@id":"https:\/\/elmejorjamon.es\/fr\/producto\/bloc-de-foie-gras-de-canard-en-conserve-lou-croquant-200-g\/#breadcrumb","itemListElement":[{"@type":"ListItem","position":1,"name":"Portada","item":"https:\/\/elmejorjamon.es\/fr\/"},{"@type":"ListItem","position":2,"name":"D\u00e9marrage rapide","item":"https:\/\/elmejorjamon.es\/fr\/"},{"@type":"ListItem","position":3,"name":"Bloc de Foie Gras de Canard en Conserve Lou Croquant 200 g"}]},{"@type":"WebSite","@id":"https:\/\/elmejorjamon.es\/#website","url":"https:\/\/elmejorjamon.es\/","name":"El Mejor Jam\u00f3n","description":"Comprar jamones y embutidos a buen precio","publisher":{"@id":"https:\/\/elmejorjamon.es\/#organization"},"potentialAction":[{"@type":"SearchAction","target":{"@type":"EntryPoint","urlTemplate":"https:\/\/elmejorjamon.es\/?s={search_term_string}"},"query-input":{"@type":"PropertyValueSpecification","valueRequired":true,"valueName":"search_term_string"}}],"inLanguage":"fr-FR"},{"@type":"Organization","@id":"https:\/\/elmejorjamon.es\/#organization","name":"El Mejor Jam\u00f3n","url":"https:\/\/elmejorjamon.es\/","logo":{"@type":"ImageObject","inLanguage":"fr-FR","@id":"https:\/\/elmejorjamon.es\/#\/schema\/logo\/image\/","url":"https:\/\/elmejorjamon.es\/wp-content\/uploads\/2025\/01\/logocorreos.png","contentUrl":"https:\/\/elmejorjamon.es\/wp-content\/uploads\/2025\/01\/logocorreos.png","width":277,"height":200,"caption":"El Mejor Jam\u00f3n"},"image":{"@id":"https:\/\/elmejorjamon.es\/#\/schema\/logo\/image\/"},"sameAs":["https:\/\/www.facebook.com\/elmejorjamonweb","https:\/\/x.com\/elmejorjamonweb","https:\/\/www.instagram.com\/elmejorjamonweb\/"]}]}},"_links":{"self":[{"href":"https:\/\/elmejorjamon.es\/fr\/wp-json\/wp\/v2\/product\/729","targetHints":{"allow":["GET"]}}],"collection":[{"href":"https:\/\/elmejorjamon.es\/fr\/wp-json\/wp\/v2\/product"}],"about":[{"href":"https:\/\/elmejorjamon.es\/fr\/wp-json\/wp\/v2\/types\/product"}],"replies":[{"embeddable":true,"href":"https:\/\/elmejorjamon.es\/fr\/wp-json\/wp\/v2\/comments?post=729"}],"wp:featuredmedia":[{"embeddable":true,"href":"https:\/\/elmejorjamon.es\/fr\/wp-json\/wp\/v2\/media\/19900"}],"wp:attachment":[{"href":"https:\/\/elmejorjamon.es\/fr\/wp-json\/wp\/v2\/media?parent=729"}],"wp:term":[{"taxonomy":"product_brand","embeddable":true,"href":"https:\/\/elmejorjamon.es\/fr\/wp-json\/wp\/v2\/product_brand?post=729"},{"taxonomy":"product_cat","embeddable":true,"href":"https:\/\/elmejorjamon.es\/fr\/wp-json\/wp\/v2\/product_cat?post=729"},{"taxonomy":"product_tag","embeddable":true,"href":"https:\/\/elmejorjamon.es\/fr\/wp-json\/wp\/v2\/product_tag?post=729"}],"curies":[{"name":"wp","href":"https:\/\/api.w.org\/{rel}","templated":true}]}}