{"id":6789,"date":"2021-04-30T13:12:50","date_gmt":"2021-04-30T12:12:50","guid":{"rendered":"https:\/\/nueva.elmejorjamon.es\/producto\/cava-brut-nature-vina-romale-75-cl-d-estremadure\/"},"modified":"2021-04-30T13:12:50","modified_gmt":"2021-04-30T12:12:50","slug":"cava-brut-nature-vina-romale-75-cl-d-estremadure","status":"publish","type":"product","link":"https:\/\/elmejorjamon.es\/fr\/producto\/cava-brut-nature-vina-romale-75-cl-d-estremadure\/","title":{"rendered":"Cava brut nature Vi\u00f1a Romale 75 cl. d&rsquo;Estr\u00e9madure"},"content":{"rendered":"<p>Elaboration d&rsquo;un vin de base tr\u00e8s fruit\u00e9 et aromatique \u00e0 partir des c\u00e9pages Macabeo et Parellada, soigneusement s\u00e9lectionn\u00e9s parmi les meilleurs vignobles du district d&rsquo;Almendralejo, par vendanges manuelles et en caisse, et apr\u00e8s une seconde fermentation en bouteille avec des levures s\u00e9lectionn\u00e9es selon la m\u00e9thode traditionnelle, Nous avons obtenu ce BRUT NATURE d&rsquo;une couleur blanche p\u00e2le et brillante avec une bulle tr\u00e8s fine et persistante, un excellent ensemble d&rsquo;ar\u00f4mes et une bouche tr\u00e8s \u00e9l\u00e9gante.<\/p>\n<\/p>\n<p>Blanc p\u00e2le et brillant avec des bulles tr\u00e8s fines et persistantes, un excellent ensemble d&rsquo;ar\u00f4mes et une bouche tr\u00e8s \u00e9l\u00e9gante.<\/p>\n<p>Boire tr\u00e8s froid dans un verre Flute.<\/p>\n<p>Type: Cava Brut Nature (D.O. Cava)<\/p>\n<p>Vari\u00e9t\u00e9: 60% Macabeo &#8211; 40% Parellada<\/p>\n<p>Elaboration: Temp\u00e9rature de fermentation: 12-15\u00baC.<\/p>\n<p>Temps de vieillissement: 12 mois.<\/p>\n<p>Temp\u00e9rature de consommation: 6-8\u00baC<\/p>\n","protected":false},"excerpt":{"rendered":"<p>Cava brut nature Vi\u00f1a Romale 75 cl. d&rsquo;Estr\u00e9madure<\/p>\n","protected":false},"featured_media":6781,"comment_status":"open","ping_status":"closed","template":"","meta":{"_et_pb_use_builder":"","_et_pb_old_content":"","_et_gb_content_width":"","_sitemap_exclude":false,"_sitemap_priority":"","_sitemap_frequency":""},"product_brand":[],"product_cat":[23,95,161,47],"product_tag":[],"class_list":{"0":"post-6789","1":"product","2":"type-product","3":"status-publish","4":"has-post-thumbnail","6":"product_cat-accueil","7":"product_cat-bebidas-fr","8":"product_cat-cava-fr","9":"product_cat-tous-les-produits","10":"product_shipping_class-normal-fr","12":"first","13":"instock","14":"shipping-taxable","15":"purchasable","16":"product-type-simple"},"yoast_head":"<!-- This site is optimized with the Yoast SEO plugin v27.4 - https:\/\/yoast.com\/product\/yoast-seo-wordpress\/ -->\n<title>Cava brut nature Vi\u00f1a Romale 75 cl. d&#039;Estr\u00e9madure - El Mejor Jam\u00f3n<\/title>\n<meta name=\"robots\" content=\"index, follow, max-snippet:-1, max-image-preview:large, max-video-preview:-1\" \/>\n<link rel=\"canonical\" href=\"https:\/\/elmejorjamon.es\/producto\/cava-brut-nature-vina-romale-75-cl-de-extremadura\/\" \/>\n<meta property=\"og:locale\" content=\"fr_FR\" \/>\n<meta property=\"og:type\" content=\"article\" \/>\n<meta property=\"og:title\" content=\"Cava brut nature Vi\u00f1a Romale 75 cl. d&#039;Estr\u00e9madure - El Mejor Jam\u00f3n\" \/>\n<meta property=\"og:description\" content=\"Cava brut nature Vi\u00f1a Romale 75 cl. d&#039;Estr\u00e9madure\" \/>\n<meta property=\"og:url\" content=\"https:\/\/elmejorjamon.es\/producto\/cava-brut-nature-vina-romale-75-cl-de-extremadura\/\" \/>\n<meta property=\"og:site_name\" content=\"El Mejor Jam\u00f3n\" \/>\n<meta property=\"article:publisher\" content=\"https:\/\/www.facebook.com\/elmejorjamonweb\" \/>\n<meta property=\"og:image\" content=\"https:\/\/elmejorjamon.es\/wp-content\/uploads\/2021\/04\/1951-thickbox_default-Cava-brut-nature-Vina-Romale-75-cl.-de-Extremadura.jpg\" \/>\n\t<meta property=\"og:image:width\" content=\"1100\" \/>\n\t<meta property=\"og:image:height\" content=\"1422\" \/>\n\t<meta property=\"og:image:type\" content=\"image\/jpeg\" \/>\n<meta name=\"twitter:card\" content=\"summary_large_image\" \/>\n<meta name=\"twitter:site\" content=\"@elmejorjamonweb\" \/>\n<meta name=\"twitter:label1\" content=\"Dur\u00e9e de lecture estim\u00e9e\" \/>\n\t<meta name=\"twitter:data1\" content=\"1 minute\" \/>\n<script type=\"application\/ld+json\" class=\"yoast-schema-graph\">{\"@context\":\"https:\\\/\\\/schema.org\",\"@graph\":[{\"@type\":\"WebPage\",\"@id\":\"https:\\\/\\\/elmejorjamon.es\\\/producto\\\/cava-brut-nature-vina-romale-75-cl-de-extremadura\\\/\",\"url\":\"https:\\\/\\\/elmejorjamon.es\\\/producto\\\/cava-brut-nature-vina-romale-75-cl-de-extremadura\\\/\",\"name\":\"Cava brut nature Vi\u00f1a Romale 75 cl. d'Estr\u00e9madure - El Mejor Jam\u00f3n\",\"isPartOf\":{\"@id\":\"https:\\\/\\\/elmejorjamon.es\\\/#website\"},\"primaryImageOfPage\":{\"@id\":\"https:\\\/\\\/elmejorjamon.es\\\/producto\\\/cava-brut-nature-vina-romale-75-cl-de-extremadura\\\/#primaryimage\"},\"image\":{\"@id\":\"https:\\\/\\\/elmejorjamon.es\\\/producto\\\/cava-brut-nature-vina-romale-75-cl-de-extremadura\\\/#primaryimage\"},\"thumbnailUrl\":\"https:\\\/\\\/elmejorjamon.es\\\/wp-content\\\/uploads\\\/2021\\\/04\\\/1951-thickbox_default-Cava-brut-nature-Vina-Romale-75-cl.-de-Extremadura.jpg\",\"datePublished\":\"2021-04-30T12:12:50+00:00\",\"breadcrumb\":{\"@id\":\"https:\\\/\\\/elmejorjamon.es\\\/producto\\\/cava-brut-nature-vina-romale-75-cl-de-extremadura\\\/#breadcrumb\"},\"inLanguage\":\"fr-FR\",\"potentialAction\":[{\"@type\":\"ReadAction\",\"target\":[\"https:\\\/\\\/elmejorjamon.es\\\/producto\\\/cava-brut-nature-vina-romale-75-cl-de-extremadura\\\/\"]}]},{\"@type\":\"ImageObject\",\"inLanguage\":\"fr-FR\",\"@id\":\"https:\\\/\\\/elmejorjamon.es\\\/producto\\\/cava-brut-nature-vina-romale-75-cl-de-extremadura\\\/#primaryimage\",\"url\":\"https:\\\/\\\/elmejorjamon.es\\\/wp-content\\\/uploads\\\/2021\\\/04\\\/1951-thickbox_default-Cava-brut-nature-Vina-Romale-75-cl.-de-Extremadura.jpg\",\"contentUrl\":\"https:\\\/\\\/elmejorjamon.es\\\/wp-content\\\/uploads\\\/2021\\\/04\\\/1951-thickbox_default-Cava-brut-nature-Vina-Romale-75-cl.-de-Extremadura.jpg\",\"width\":1100,\"height\":1422,\"caption\":\"Cava brut nature Vi\u00f1a Romale 75 cl. de Extremadura\"},{\"@type\":\"BreadcrumbList\",\"@id\":\"https:\\\/\\\/elmejorjamon.es\\\/producto\\\/cava-brut-nature-vina-romale-75-cl-de-extremadura\\\/#breadcrumb\",\"itemListElement\":[{\"@type\":\"ListItem\",\"position\":1,\"name\":\"Portada\",\"item\":\"https:\\\/\\\/elmejorjamon.es\\\/fr\\\/\"},{\"@type\":\"ListItem\",\"position\":2,\"name\":\"D\u00e9marrage rapide\",\"item\":\"https:\\\/\\\/elmejorjamon.es\\\/fr\\\/\"},{\"@type\":\"ListItem\",\"position\":3,\"name\":\"Cava brut nature Vi\u00f1a Romale 75 cl. d&#8217;Estr\u00e9madure\"}]},{\"@type\":\"WebSite\",\"@id\":\"https:\\\/\\\/elmejorjamon.es\\\/#website\",\"url\":\"https:\\\/\\\/elmejorjamon.es\\\/\",\"name\":\"El Mejor Jam\u00f3n\",\"description\":\"Comprar jamones y embutidos a buen precio\",\"publisher\":{\"@id\":\"https:\\\/\\\/elmejorjamon.es\\\/#organization\"},\"potentialAction\":[{\"@type\":\"SearchAction\",\"target\":{\"@type\":\"EntryPoint\",\"urlTemplate\":\"https:\\\/\\\/elmejorjamon.es\\\/?s={search_term_string}\"},\"query-input\":{\"@type\":\"PropertyValueSpecification\",\"valueRequired\":true,\"valueName\":\"search_term_string\"}}],\"inLanguage\":\"fr-FR\"},{\"@type\":\"Organization\",\"@id\":\"https:\\\/\\\/elmejorjamon.es\\\/#organization\",\"name\":\"El Mejor Jam\u00f3n\",\"url\":\"https:\\\/\\\/elmejorjamon.es\\\/\",\"logo\":{\"@type\":\"ImageObject\",\"inLanguage\":\"fr-FR\",\"@id\":\"https:\\\/\\\/elmejorjamon.es\\\/#\\\/schema\\\/logo\\\/image\\\/\",\"url\":\"https:\\\/\\\/elmejorjamon.es\\\/wp-content\\\/uploads\\\/2025\\\/01\\\/logocorreos.png\",\"contentUrl\":\"https:\\\/\\\/elmejorjamon.es\\\/wp-content\\\/uploads\\\/2025\\\/01\\\/logocorreos.png\",\"width\":277,\"height\":200,\"caption\":\"El Mejor Jam\u00f3n\"},\"image\":{\"@id\":\"https:\\\/\\\/elmejorjamon.es\\\/#\\\/schema\\\/logo\\\/image\\\/\"},\"sameAs\":[\"https:\\\/\\\/www.facebook.com\\\/elmejorjamonweb\",\"https:\\\/\\\/x.com\\\/elmejorjamonweb\",\"https:\\\/\\\/www.instagram.com\\\/elmejorjamonweb\\\/\"]}]}<\/script>\n<!-- \/ Yoast SEO plugin. -->","yoast_head_json":{"title":"Cava brut nature Vi\u00f1a Romale 75 cl. d'Estr\u00e9madure - El Mejor Jam\u00f3n","robots":{"index":"index","follow":"follow","max-snippet":"max-snippet:-1","max-image-preview":"max-image-preview:large","max-video-preview":"max-video-preview:-1"},"canonical":"https:\/\/elmejorjamon.es\/producto\/cava-brut-nature-vina-romale-75-cl-de-extremadura\/","og_locale":"fr_FR","og_type":"article","og_title":"Cava brut nature Vi\u00f1a Romale 75 cl. d'Estr\u00e9madure - El Mejor Jam\u00f3n","og_description":"Cava brut nature Vi\u00f1a Romale 75 cl. d'Estr\u00e9madure","og_url":"https:\/\/elmejorjamon.es\/producto\/cava-brut-nature-vina-romale-75-cl-de-extremadura\/","og_site_name":"El Mejor Jam\u00f3n","article_publisher":"https:\/\/www.facebook.com\/elmejorjamonweb","og_image":[{"width":1100,"height":1422,"url":"https:\/\/elmejorjamon.es\/wp-content\/uploads\/2021\/04\/1951-thickbox_default-Cava-brut-nature-Vina-Romale-75-cl.-de-Extremadura.jpg","type":"image\/jpeg"}],"twitter_card":"summary_large_image","twitter_site":"@elmejorjamonweb","twitter_misc":{"Dur\u00e9e de lecture estim\u00e9e":"1 minute"},"schema":{"@context":"https:\/\/schema.org","@graph":[{"@type":"WebPage","@id":"https:\/\/elmejorjamon.es\/producto\/cava-brut-nature-vina-romale-75-cl-de-extremadura\/","url":"https:\/\/elmejorjamon.es\/producto\/cava-brut-nature-vina-romale-75-cl-de-extremadura\/","name":"Cava brut nature Vi\u00f1a Romale 75 cl. d'Estr\u00e9madure - El Mejor Jam\u00f3n","isPartOf":{"@id":"https:\/\/elmejorjamon.es\/#website"},"primaryImageOfPage":{"@id":"https:\/\/elmejorjamon.es\/producto\/cava-brut-nature-vina-romale-75-cl-de-extremadura\/#primaryimage"},"image":{"@id":"https:\/\/elmejorjamon.es\/producto\/cava-brut-nature-vina-romale-75-cl-de-extremadura\/#primaryimage"},"thumbnailUrl":"https:\/\/elmejorjamon.es\/wp-content\/uploads\/2021\/04\/1951-thickbox_default-Cava-brut-nature-Vina-Romale-75-cl.-de-Extremadura.jpg","datePublished":"2021-04-30T12:12:50+00:00","breadcrumb":{"@id":"https:\/\/elmejorjamon.es\/producto\/cava-brut-nature-vina-romale-75-cl-de-extremadura\/#breadcrumb"},"inLanguage":"fr-FR","potentialAction":[{"@type":"ReadAction","target":["https:\/\/elmejorjamon.es\/producto\/cava-brut-nature-vina-romale-75-cl-de-extremadura\/"]}]},{"@type":"ImageObject","inLanguage":"fr-FR","@id":"https:\/\/elmejorjamon.es\/producto\/cava-brut-nature-vina-romale-75-cl-de-extremadura\/#primaryimage","url":"https:\/\/elmejorjamon.es\/wp-content\/uploads\/2021\/04\/1951-thickbox_default-Cava-brut-nature-Vina-Romale-75-cl.-de-Extremadura.jpg","contentUrl":"https:\/\/elmejorjamon.es\/wp-content\/uploads\/2021\/04\/1951-thickbox_default-Cava-brut-nature-Vina-Romale-75-cl.-de-Extremadura.jpg","width":1100,"height":1422,"caption":"Cava brut nature Vi\u00f1a Romale 75 cl. de Extremadura"},{"@type":"BreadcrumbList","@id":"https:\/\/elmejorjamon.es\/producto\/cava-brut-nature-vina-romale-75-cl-de-extremadura\/#breadcrumb","itemListElement":[{"@type":"ListItem","position":1,"name":"Portada","item":"https:\/\/elmejorjamon.es\/fr\/"},{"@type":"ListItem","position":2,"name":"D\u00e9marrage rapide","item":"https:\/\/elmejorjamon.es\/fr\/"},{"@type":"ListItem","position":3,"name":"Cava brut nature Vi\u00f1a Romale 75 cl. d&#8217;Estr\u00e9madure"}]},{"@type":"WebSite","@id":"https:\/\/elmejorjamon.es\/#website","url":"https:\/\/elmejorjamon.es\/","name":"El Mejor Jam\u00f3n","description":"Comprar jamones y embutidos a buen precio","publisher":{"@id":"https:\/\/elmejorjamon.es\/#organization"},"potentialAction":[{"@type":"SearchAction","target":{"@type":"EntryPoint","urlTemplate":"https:\/\/elmejorjamon.es\/?s={search_term_string}"},"query-input":{"@type":"PropertyValueSpecification","valueRequired":true,"valueName":"search_term_string"}}],"inLanguage":"fr-FR"},{"@type":"Organization","@id":"https:\/\/elmejorjamon.es\/#organization","name":"El Mejor Jam\u00f3n","url":"https:\/\/elmejorjamon.es\/","logo":{"@type":"ImageObject","inLanguage":"fr-FR","@id":"https:\/\/elmejorjamon.es\/#\/schema\/logo\/image\/","url":"https:\/\/elmejorjamon.es\/wp-content\/uploads\/2025\/01\/logocorreos.png","contentUrl":"https:\/\/elmejorjamon.es\/wp-content\/uploads\/2025\/01\/logocorreos.png","width":277,"height":200,"caption":"El Mejor Jam\u00f3n"},"image":{"@id":"https:\/\/elmejorjamon.es\/#\/schema\/logo\/image\/"},"sameAs":["https:\/\/www.facebook.com\/elmejorjamonweb","https:\/\/x.com\/elmejorjamonweb","https:\/\/www.instagram.com\/elmejorjamonweb\/"]}]}},"_links":{"self":[{"href":"https:\/\/elmejorjamon.es\/fr\/wp-json\/wp\/v2\/product\/6789","targetHints":{"allow":["GET"]}}],"collection":[{"href":"https:\/\/elmejorjamon.es\/fr\/wp-json\/wp\/v2\/product"}],"about":[{"href":"https:\/\/elmejorjamon.es\/fr\/wp-json\/wp\/v2\/types\/product"}],"replies":[{"embeddable":true,"href":"https:\/\/elmejorjamon.es\/fr\/wp-json\/wp\/v2\/comments?post=6789"}],"wp:featuredmedia":[{"embeddable":true,"href":"https:\/\/elmejorjamon.es\/fr\/wp-json\/wp\/v2\/media\/6781"}],"wp:attachment":[{"href":"https:\/\/elmejorjamon.es\/fr\/wp-json\/wp\/v2\/media?parent=6789"}],"wp:term":[{"taxonomy":"product_brand","embeddable":true,"href":"https:\/\/elmejorjamon.es\/fr\/wp-json\/wp\/v2\/product_brand?post=6789"},{"taxonomy":"product_cat","embeddable":true,"href":"https:\/\/elmejorjamon.es\/fr\/wp-json\/wp\/v2\/product_cat?post=6789"},{"taxonomy":"product_tag","embeddable":true,"href":"https:\/\/elmejorjamon.es\/fr\/wp-json\/wp\/v2\/product_tag?post=6789"}],"curies":[{"name":"wp","href":"https:\/\/api.w.org\/{rel}","templated":true}]}}