{"id":655,"date":"2007-12-03T19:43:43","date_gmt":"2007-12-03T18:43:43","guid":{"rendered":"https:\/\/nueva.elmejorjamon.es\/producto\/pot-asturien-de-yantar-de-pepe\/"},"modified":"2025-10-28T14:35:24","modified_gmt":"2025-10-28T13:35:24","slug":"pot-asturien-de-yantar-de-pepe","status":"publish","type":"product","link":"https:\/\/elmejorjamon.es\/fr\/producto\/pot-asturien-de-yantar-de-pepe\/","title":{"rendered":"Pot asturien de Yantar de Pepe"},"content":{"rendered":"<p>El Pote asturiano est un rago\u00fbt typique des Asturies \u00e0 base de Fabres des Asturies, de choux, de pommes de terre et de compango (chorizo asturien, boudin noir asturien et lard ib\u00e9rique). L&rsquo;identit\u00e9 de qui est d\u00e9termin\u00e9e par le go\u00fbt du l\u00e9gume, l\u00e9g\u00e8rement acide. Bo\u00eete de pr\u00e9sentation de 430 grs.<\/p>\n<p>Une fois ouvert, consommer dans son int\u00e9gralit\u00e9.<\/p>\n","protected":false},"excerpt":{"rendered":"<p>El Pote asturiano est un rago\u00fbt typique des Asturies \u00e0 base de Fabres des Asturies, de choux, de pommes de terre et de compango (chorizo asturien, boudin noir asturien et lard ib\u00e9rique). L&rsquo;identit\u00e9 de qui est d\u00e9termin\u00e9e par le go\u00fbt du l\u00e9gume, l\u00e9g\u00e8rement acide. Bo\u00eete de pr\u00e9sentation de 430 grs. Une fois ouvert, consommer dans [&hellip;]<\/p>\n","protected":false},"featured_media":633,"comment_status":"open","ping_status":"closed","template":"","meta":{"_et_pb_use_builder":"","_et_pb_old_content":"","_et_gb_content_width":"","_sitemap_exclude":false,"_sitemap_priority":"","_sitemap_frequency":""},"product_brand":[],"product_cat":[23,904,77,47],"product_tag":[],"class_list":{"0":"post-655","1":"product","2":"type-product","3":"status-publish","4":"has-post-thumbnail","6":"product_cat-accueil","7":"product_cat-offres","8":"product_cat-platos-preparados-fr","9":"product_cat-tous-les-produits","10":"product_shipping_class-normal-fr","11":"pa_opciones-1unite-fr","12":"pa_opciones-boitede8unites-fr","14":"first","15":"instock","16":"sale","17":"shipping-taxable","18":"purchasable","19":"product-type-variable","20":"has-default-attributes"},"yoast_head":"<!-- This site is optimized with the Yoast SEO plugin v27.2 - https:\/\/yoast.com\/product\/yoast-seo-wordpress\/ -->\n<title>Pot asturien de Yantar de Pepe - El Mejor Jam\u00f3n<\/title>\n<meta name=\"robots\" content=\"index, follow, max-snippet:-1, max-image-preview:large, max-video-preview:-1\" \/>\n<link rel=\"canonical\" href=\"https:\/\/elmejorjamon.es\/fr\/producto\/pot-asturien-de-yantar-de-pepe\/\" \/>\n<meta property=\"og:locale\" content=\"fr_FR\" \/>\n<meta property=\"og:type\" content=\"article\" \/>\n<meta property=\"og:title\" content=\"Pot asturien de Yantar de Pepe - El Mejor Jam\u00f3n\" \/>\n<meta property=\"og:description\" content=\"El Pote asturiano est un rago\u00fbt typique des Asturies \u00e0 base de Fabres des Asturies, de choux, de pommes de terre et de compango (chorizo asturien, boudin noir asturien et lard ib\u00e9rique). L&rsquo;identit\u00e9 de qui est d\u00e9termin\u00e9e par le go\u00fbt du l\u00e9gume, l\u00e9g\u00e8rement acide. Bo\u00eete de pr\u00e9sentation de 430 grs. Une fois ouvert, consommer dans [&hellip;]\" \/>\n<meta property=\"og:url\" content=\"https:\/\/elmejorjamon.es\/fr\/producto\/pot-asturien-de-yantar-de-pepe\/\" \/>\n<meta property=\"og:site_name\" content=\"El Mejor Jam\u00f3n\" \/>\n<meta property=\"article:publisher\" content=\"https:\/\/www.facebook.com\/elmejorjamonweb\" \/>\n<meta property=\"article:modified_time\" content=\"2025-10-28T13:35:24+00:00\" \/>\n<meta property=\"og:image\" content=\"https:\/\/elmejorjamon.es\/wp-content\/uploads\/2007\/12\/1124-thickbox_default-Pote-Asturiano-de-Yantar-de-Pepe.jpg\" \/>\n\t<meta property=\"og:image:width\" content=\"1100\" \/>\n\t<meta property=\"og:image:height\" content=\"1422\" \/>\n\t<meta property=\"og:image:type\" content=\"image\/jpeg\" \/>\n<meta name=\"twitter:card\" content=\"summary_large_image\" \/>\n<meta name=\"twitter:site\" content=\"@elmejorjamonweb\" \/>\n<meta name=\"twitter:label1\" content=\"Dur\u00e9e de lecture estim\u00e9e\" \/>\n\t<meta name=\"twitter:data1\" content=\"1 minute\" \/>\n<script type=\"application\/ld+json\" class=\"yoast-schema-graph\">{\"@context\":\"https:\/\/schema.org\",\"@graph\":[{\"@type\":\"WebPage\",\"@id\":\"https:\/\/elmejorjamon.es\/fr\/producto\/pot-asturien-de-yantar-de-pepe\/\",\"url\":\"https:\/\/elmejorjamon.es\/fr\/producto\/pot-asturien-de-yantar-de-pepe\/\",\"name\":\"Pot asturien de Yantar de Pepe - El Mejor Jam\u00f3n\",\"isPartOf\":{\"@id\":\"https:\/\/elmejorjamon.es\/#website\"},\"primaryImageOfPage\":{\"@id\":\"https:\/\/elmejorjamon.es\/fr\/producto\/pot-asturien-de-yantar-de-pepe\/#primaryimage\"},\"image\":{\"@id\":\"https:\/\/elmejorjamon.es\/fr\/producto\/pot-asturien-de-yantar-de-pepe\/#primaryimage\"},\"thumbnailUrl\":\"https:\/\/elmejorjamon.es\/wp-content\/uploads\/2007\/12\/1124-thickbox_default-Pote-Asturiano-de-Yantar-de-Pepe.jpg\",\"datePublished\":\"2007-12-03T18:43:43+00:00\",\"dateModified\":\"2025-10-28T13:35:24+00:00\",\"breadcrumb\":{\"@id\":\"https:\/\/elmejorjamon.es\/fr\/producto\/pot-asturien-de-yantar-de-pepe\/#breadcrumb\"},\"inLanguage\":\"fr-FR\",\"potentialAction\":[{\"@type\":\"ReadAction\",\"target\":[\"https:\/\/elmejorjamon.es\/fr\/producto\/pot-asturien-de-yantar-de-pepe\/\"]}]},{\"@type\":\"ImageObject\",\"inLanguage\":\"fr-FR\",\"@id\":\"https:\/\/elmejorjamon.es\/fr\/producto\/pot-asturien-de-yantar-de-pepe\/#primaryimage\",\"url\":\"https:\/\/elmejorjamon.es\/wp-content\/uploads\/2007\/12\/1124-thickbox_default-Pote-Asturiano-de-Yantar-de-Pepe.jpg\",\"contentUrl\":\"https:\/\/elmejorjamon.es\/wp-content\/uploads\/2007\/12\/1124-thickbox_default-Pote-Asturiano-de-Yantar-de-Pepe.jpg\",\"width\":1100,\"height\":1422},{\"@type\":\"BreadcrumbList\",\"@id\":\"https:\/\/elmejorjamon.es\/fr\/producto\/pot-asturien-de-yantar-de-pepe\/#breadcrumb\",\"itemListElement\":[{\"@type\":\"ListItem\",\"position\":1,\"name\":\"Portada\",\"item\":\"https:\/\/elmejorjamon.es\/fr\/\"},{\"@type\":\"ListItem\",\"position\":2,\"name\":\"D\u00e9marrage rapide\",\"item\":\"https:\/\/elmejorjamon.es\/fr\/\"},{\"@type\":\"ListItem\",\"position\":3,\"name\":\"Pot asturien de Yantar de Pepe\"}]},{\"@type\":\"WebSite\",\"@id\":\"https:\/\/elmejorjamon.es\/#website\",\"url\":\"https:\/\/elmejorjamon.es\/\",\"name\":\"El Mejor Jam\u00f3n\",\"description\":\"Comprar jamones y embutidos a buen precio\",\"publisher\":{\"@id\":\"https:\/\/elmejorjamon.es\/#organization\"},\"potentialAction\":[{\"@type\":\"SearchAction\",\"target\":{\"@type\":\"EntryPoint\",\"urlTemplate\":\"https:\/\/elmejorjamon.es\/?s={search_term_string}\"},\"query-input\":{\"@type\":\"PropertyValueSpecification\",\"valueRequired\":true,\"valueName\":\"search_term_string\"}}],\"inLanguage\":\"fr-FR\"},{\"@type\":\"Organization\",\"@id\":\"https:\/\/elmejorjamon.es\/#organization\",\"name\":\"El Mejor Jam\u00f3n\",\"url\":\"https:\/\/elmejorjamon.es\/\",\"logo\":{\"@type\":\"ImageObject\",\"inLanguage\":\"fr-FR\",\"@id\":\"https:\/\/elmejorjamon.es\/#\/schema\/logo\/image\/\",\"url\":\"https:\/\/elmejorjamon.es\/wp-content\/uploads\/2025\/01\/logocorreos.png\",\"contentUrl\":\"https:\/\/elmejorjamon.es\/wp-content\/uploads\/2025\/01\/logocorreos.png\",\"width\":277,\"height\":200,\"caption\":\"El Mejor Jam\u00f3n\"},\"image\":{\"@id\":\"https:\/\/elmejorjamon.es\/#\/schema\/logo\/image\/\"},\"sameAs\":[\"https:\/\/www.facebook.com\/elmejorjamonweb\",\"https:\/\/x.com\/elmejorjamonweb\",\"https:\/\/www.instagram.com\/elmejorjamonweb\/\"]}]}<\/script>\n<!-- \/ Yoast SEO plugin. -->","yoast_head_json":{"title":"Pot asturien de Yantar de Pepe - El Mejor Jam\u00f3n","robots":{"index":"index","follow":"follow","max-snippet":"max-snippet:-1","max-image-preview":"max-image-preview:large","max-video-preview":"max-video-preview:-1"},"canonical":"https:\/\/elmejorjamon.es\/fr\/producto\/pot-asturien-de-yantar-de-pepe\/","og_locale":"fr_FR","og_type":"article","og_title":"Pot asturien de Yantar de Pepe - El Mejor Jam\u00f3n","og_description":"El Pote asturiano est un rago\u00fbt typique des Asturies \u00e0 base de Fabres des Asturies, de choux, de pommes de terre et de compango (chorizo asturien, boudin noir asturien et lard ib\u00e9rique). L&rsquo;identit\u00e9 de qui est d\u00e9termin\u00e9e par le go\u00fbt du l\u00e9gume, l\u00e9g\u00e8rement acide. Bo\u00eete de pr\u00e9sentation de 430 grs. Une fois ouvert, consommer dans [&hellip;]","og_url":"https:\/\/elmejorjamon.es\/fr\/producto\/pot-asturien-de-yantar-de-pepe\/","og_site_name":"El Mejor Jam\u00f3n","article_publisher":"https:\/\/www.facebook.com\/elmejorjamonweb","article_modified_time":"2025-10-28T13:35:24+00:00","og_image":[{"width":1100,"height":1422,"url":"https:\/\/elmejorjamon.es\/wp-content\/uploads\/2007\/12\/1124-thickbox_default-Pote-Asturiano-de-Yantar-de-Pepe.jpg","type":"image\/jpeg"}],"twitter_card":"summary_large_image","twitter_site":"@elmejorjamonweb","twitter_misc":{"Dur\u00e9e de lecture estim\u00e9e":"1 minute"},"schema":{"@context":"https:\/\/schema.org","@graph":[{"@type":"WebPage","@id":"https:\/\/elmejorjamon.es\/fr\/producto\/pot-asturien-de-yantar-de-pepe\/","url":"https:\/\/elmejorjamon.es\/fr\/producto\/pot-asturien-de-yantar-de-pepe\/","name":"Pot asturien de Yantar de Pepe - El Mejor Jam\u00f3n","isPartOf":{"@id":"https:\/\/elmejorjamon.es\/#website"},"primaryImageOfPage":{"@id":"https:\/\/elmejorjamon.es\/fr\/producto\/pot-asturien-de-yantar-de-pepe\/#primaryimage"},"image":{"@id":"https:\/\/elmejorjamon.es\/fr\/producto\/pot-asturien-de-yantar-de-pepe\/#primaryimage"},"thumbnailUrl":"https:\/\/elmejorjamon.es\/wp-content\/uploads\/2007\/12\/1124-thickbox_default-Pote-Asturiano-de-Yantar-de-Pepe.jpg","datePublished":"2007-12-03T18:43:43+00:00","dateModified":"2025-10-28T13:35:24+00:00","breadcrumb":{"@id":"https:\/\/elmejorjamon.es\/fr\/producto\/pot-asturien-de-yantar-de-pepe\/#breadcrumb"},"inLanguage":"fr-FR","potentialAction":[{"@type":"ReadAction","target":["https:\/\/elmejorjamon.es\/fr\/producto\/pot-asturien-de-yantar-de-pepe\/"]}]},{"@type":"ImageObject","inLanguage":"fr-FR","@id":"https:\/\/elmejorjamon.es\/fr\/producto\/pot-asturien-de-yantar-de-pepe\/#primaryimage","url":"https:\/\/elmejorjamon.es\/wp-content\/uploads\/2007\/12\/1124-thickbox_default-Pote-Asturiano-de-Yantar-de-Pepe.jpg","contentUrl":"https:\/\/elmejorjamon.es\/wp-content\/uploads\/2007\/12\/1124-thickbox_default-Pote-Asturiano-de-Yantar-de-Pepe.jpg","width":1100,"height":1422},{"@type":"BreadcrumbList","@id":"https:\/\/elmejorjamon.es\/fr\/producto\/pot-asturien-de-yantar-de-pepe\/#breadcrumb","itemListElement":[{"@type":"ListItem","position":1,"name":"Portada","item":"https:\/\/elmejorjamon.es\/fr\/"},{"@type":"ListItem","position":2,"name":"D\u00e9marrage rapide","item":"https:\/\/elmejorjamon.es\/fr\/"},{"@type":"ListItem","position":3,"name":"Pot asturien de Yantar de Pepe"}]},{"@type":"WebSite","@id":"https:\/\/elmejorjamon.es\/#website","url":"https:\/\/elmejorjamon.es\/","name":"El Mejor Jam\u00f3n","description":"Comprar jamones y embutidos a buen precio","publisher":{"@id":"https:\/\/elmejorjamon.es\/#organization"},"potentialAction":[{"@type":"SearchAction","target":{"@type":"EntryPoint","urlTemplate":"https:\/\/elmejorjamon.es\/?s={search_term_string}"},"query-input":{"@type":"PropertyValueSpecification","valueRequired":true,"valueName":"search_term_string"}}],"inLanguage":"fr-FR"},{"@type":"Organization","@id":"https:\/\/elmejorjamon.es\/#organization","name":"El Mejor Jam\u00f3n","url":"https:\/\/elmejorjamon.es\/","logo":{"@type":"ImageObject","inLanguage":"fr-FR","@id":"https:\/\/elmejorjamon.es\/#\/schema\/logo\/image\/","url":"https:\/\/elmejorjamon.es\/wp-content\/uploads\/2025\/01\/logocorreos.png","contentUrl":"https:\/\/elmejorjamon.es\/wp-content\/uploads\/2025\/01\/logocorreos.png","width":277,"height":200,"caption":"El Mejor Jam\u00f3n"},"image":{"@id":"https:\/\/elmejorjamon.es\/#\/schema\/logo\/image\/"},"sameAs":["https:\/\/www.facebook.com\/elmejorjamonweb","https:\/\/x.com\/elmejorjamonweb","https:\/\/www.instagram.com\/elmejorjamonweb\/"]}]}},"_links":{"self":[{"href":"https:\/\/elmejorjamon.es\/fr\/wp-json\/wp\/v2\/product\/655","targetHints":{"allow":["GET"]}}],"collection":[{"href":"https:\/\/elmejorjamon.es\/fr\/wp-json\/wp\/v2\/product"}],"about":[{"href":"https:\/\/elmejorjamon.es\/fr\/wp-json\/wp\/v2\/types\/product"}],"replies":[{"embeddable":true,"href":"https:\/\/elmejorjamon.es\/fr\/wp-json\/wp\/v2\/comments?post=655"}],"wp:featuredmedia":[{"embeddable":true,"href":"https:\/\/elmejorjamon.es\/fr\/wp-json\/wp\/v2\/media\/633"}],"wp:attachment":[{"href":"https:\/\/elmejorjamon.es\/fr\/wp-json\/wp\/v2\/media?parent=655"}],"wp:term":[{"taxonomy":"product_brand","embeddable":true,"href":"https:\/\/elmejorjamon.es\/fr\/wp-json\/wp\/v2\/product_brand?post=655"},{"taxonomy":"product_cat","embeddable":true,"href":"https:\/\/elmejorjamon.es\/fr\/wp-json\/wp\/v2\/product_cat?post=655"},{"taxonomy":"product_tag","embeddable":true,"href":"https:\/\/elmejorjamon.es\/fr\/wp-json\/wp\/v2\/product_tag?post=655"}],"curies":[{"name":"wp","href":"https:\/\/api.w.org\/{rel}","templated":true}]}}