{"id":6459,"date":"2021-03-23T14:30:13","date_gmt":"2021-03-23T13:30:13","guid":{"rendered":"https:\/\/nueva.elmejorjamon.es\/producto\/mousse-de-homard-alta-cocina-pot-de-115-grammes\/"},"modified":"2025-01-15T13:28:18","modified_gmt":"2025-01-15T12:28:18","slug":"mousse-de-homard-alta-cocina-pot-de-115-grammes","status":"publish","type":"product","link":"https:\/\/elmejorjamon.es\/fr\/producto\/mousse-de-homard-alta-cocina-pot-de-115-grammes\/","title":{"rendered":"Mousse de homard Alta cocina Pot  de 115 grammes."},"content":{"rendered":"<p>Ingr\u00e9dients: Chair de homard (25%), s\u00e9baste (12%), jaune d&rsquo;oeuf, cr\u00e8me (cr\u00e8me: stabilisateur de carragh\u00e9nine) (8%), concentr\u00e9 de tomate (6,5%), prot\u00e9ines de lait (1,9%), sel, sucre (1%) ), lait en poudre (1%), jus de citron (jus de citron conservateur: m\u00e9tabisulfite de potassium), stabilisants: gomme de guar, gomme de xanthane.<\/p>\n","protected":false},"excerpt":{"rendered":"<p>Mousse de homard Alta cocina Pot\u00a0 de 115 grammes.<\/p>\n","protected":false},"featured_media":6453,"comment_status":"open","ping_status":"closed","template":"","meta":{"_et_pb_use_builder":"","_et_pb_old_content":"","_et_gb_content_width":"","_sitemap_exclude":false,"_sitemap_priority":"","_sitemap_frequency":""},"product_brand":[],"product_cat":[23,41,221,47],"product_tag":[],"class_list":{"0":"post-6459","1":"product","2":"type-product","3":"status-publish","4":"has-post-thumbnail","6":"product_cat-accueil","7":"product_cat-conserves","8":"product_cat-gourmet-fr","9":"product_cat-tous-les-produits","10":"product_shipping_class-normal-fr","12":"first","13":"instock","14":"shipping-taxable","15":"purchasable","16":"product-type-simple"},"yoast_head":"<!-- This site is optimized with the Yoast SEO plugin v27.4 - https:\/\/yoast.com\/product\/yoast-seo-wordpress\/ -->\n<title>Mousse de homard Alta cocina Pot de 115 grammes. - El Mejor Jam\u00f3n<\/title>\n<meta name=\"robots\" content=\"index, follow, max-snippet:-1, max-image-preview:large, max-video-preview:-1\" \/>\n<link rel=\"canonical\" href=\"https:\/\/elmejorjamon.es\/producto\/mousse-de-bogavante-alta-cocina-tarro-de-115-gramos\/\" \/>\n<meta property=\"og:locale\" content=\"fr_FR\" \/>\n<meta property=\"og:type\" content=\"article\" \/>\n<meta property=\"og:title\" content=\"Mousse de homard Alta cocina Pot de 115 grammes. - El Mejor Jam\u00f3n\" \/>\n<meta property=\"og:description\" content=\"Mousse de homard Alta cocina Pot\u00a0 de 115 grammes.\" \/>\n<meta property=\"og:url\" content=\"https:\/\/elmejorjamon.es\/producto\/mousse-de-bogavante-alta-cocina-tarro-de-115-gramos\/\" \/>\n<meta property=\"og:site_name\" content=\"El Mejor Jam\u00f3n\" \/>\n<meta property=\"article:publisher\" content=\"https:\/\/www.facebook.com\/elmejorjamonweb\" \/>\n<meta property=\"article:modified_time\" content=\"2025-01-15T12:28:18+00:00\" \/>\n<meta property=\"og:image\" content=\"https:\/\/elmejorjamon.es\/wp-content\/uploads\/2021\/03\/1901-thickbox_default-Mousse-de-bogavante-Alta-cocina-tarro-de-115-gramos.jpg\" \/>\n\t<meta property=\"og:image:width\" content=\"1100\" \/>\n\t<meta property=\"og:image:height\" content=\"1422\" \/>\n\t<meta property=\"og:image:type\" content=\"image\/jpeg\" \/>\n<meta name=\"twitter:card\" content=\"summary_large_image\" \/>\n<meta name=\"twitter:site\" content=\"@elmejorjamonweb\" \/>\n<script type=\"application\/ld+json\" class=\"yoast-schema-graph\">{\"@context\":\"https:\\\/\\\/schema.org\",\"@graph\":[{\"@type\":\"WebPage\",\"@id\":\"https:\\\/\\\/elmejorjamon.es\\\/producto\\\/mousse-de-bogavante-alta-cocina-tarro-de-115-gramos\\\/\",\"url\":\"https:\\\/\\\/elmejorjamon.es\\\/producto\\\/mousse-de-bogavante-alta-cocina-tarro-de-115-gramos\\\/\",\"name\":\"Mousse de homard Alta cocina Pot de 115 grammes. - El Mejor Jam\u00f3n\",\"isPartOf\":{\"@id\":\"https:\\\/\\\/elmejorjamon.es\\\/#website\"},\"primaryImageOfPage\":{\"@id\":\"https:\\\/\\\/elmejorjamon.es\\\/producto\\\/mousse-de-bogavante-alta-cocina-tarro-de-115-gramos\\\/#primaryimage\"},\"image\":{\"@id\":\"https:\\\/\\\/elmejorjamon.es\\\/producto\\\/mousse-de-bogavante-alta-cocina-tarro-de-115-gramos\\\/#primaryimage\"},\"thumbnailUrl\":\"https:\\\/\\\/elmejorjamon.es\\\/wp-content\\\/uploads\\\/2021\\\/03\\\/1901-thickbox_default-Mousse-de-bogavante-Alta-cocina-tarro-de-115-gramos.jpg\",\"datePublished\":\"2021-03-23T13:30:13+00:00\",\"dateModified\":\"2025-01-15T12:28:18+00:00\",\"breadcrumb\":{\"@id\":\"https:\\\/\\\/elmejorjamon.es\\\/producto\\\/mousse-de-bogavante-alta-cocina-tarro-de-115-gramos\\\/#breadcrumb\"},\"inLanguage\":\"fr-FR\",\"potentialAction\":[{\"@type\":\"ReadAction\",\"target\":[\"https:\\\/\\\/elmejorjamon.es\\\/producto\\\/mousse-de-bogavante-alta-cocina-tarro-de-115-gramos\\\/\"]}]},{\"@type\":\"ImageObject\",\"inLanguage\":\"fr-FR\",\"@id\":\"https:\\\/\\\/elmejorjamon.es\\\/producto\\\/mousse-de-bogavante-alta-cocina-tarro-de-115-gramos\\\/#primaryimage\",\"url\":\"https:\\\/\\\/elmejorjamon.es\\\/wp-content\\\/uploads\\\/2021\\\/03\\\/1901-thickbox_default-Mousse-de-bogavante-Alta-cocina-tarro-de-115-gramos.jpg\",\"contentUrl\":\"https:\\\/\\\/elmejorjamon.es\\\/wp-content\\\/uploads\\\/2021\\\/03\\\/1901-thickbox_default-Mousse-de-bogavante-Alta-cocina-tarro-de-115-gramos.jpg\",\"width\":1100,\"height\":1422},{\"@type\":\"BreadcrumbList\",\"@id\":\"https:\\\/\\\/elmejorjamon.es\\\/producto\\\/mousse-de-bogavante-alta-cocina-tarro-de-115-gramos\\\/#breadcrumb\",\"itemListElement\":[{\"@type\":\"ListItem\",\"position\":1,\"name\":\"Portada\",\"item\":\"https:\\\/\\\/elmejorjamon.es\\\/fr\\\/\"},{\"@type\":\"ListItem\",\"position\":2,\"name\":\"D\u00e9marrage rapide\",\"item\":\"https:\\\/\\\/elmejorjamon.es\\\/fr\\\/\"},{\"@type\":\"ListItem\",\"position\":3,\"name\":\"Mousse de homard Alta cocina Pot de 115 grammes.\"}]},{\"@type\":\"WebSite\",\"@id\":\"https:\\\/\\\/elmejorjamon.es\\\/#website\",\"url\":\"https:\\\/\\\/elmejorjamon.es\\\/\",\"name\":\"El Mejor Jam\u00f3n\",\"description\":\"Comprar jamones y embutidos a buen precio\",\"publisher\":{\"@id\":\"https:\\\/\\\/elmejorjamon.es\\\/#organization\"},\"potentialAction\":[{\"@type\":\"SearchAction\",\"target\":{\"@type\":\"EntryPoint\",\"urlTemplate\":\"https:\\\/\\\/elmejorjamon.es\\\/?s={search_term_string}\"},\"query-input\":{\"@type\":\"PropertyValueSpecification\",\"valueRequired\":true,\"valueName\":\"search_term_string\"}}],\"inLanguage\":\"fr-FR\"},{\"@type\":\"Organization\",\"@id\":\"https:\\\/\\\/elmejorjamon.es\\\/#organization\",\"name\":\"El Mejor Jam\u00f3n\",\"url\":\"https:\\\/\\\/elmejorjamon.es\\\/\",\"logo\":{\"@type\":\"ImageObject\",\"inLanguage\":\"fr-FR\",\"@id\":\"https:\\\/\\\/elmejorjamon.es\\\/#\\\/schema\\\/logo\\\/image\\\/\",\"url\":\"https:\\\/\\\/elmejorjamon.es\\\/wp-content\\\/uploads\\\/2025\\\/01\\\/logocorreos.png\",\"contentUrl\":\"https:\\\/\\\/elmejorjamon.es\\\/wp-content\\\/uploads\\\/2025\\\/01\\\/logocorreos.png\",\"width\":277,\"height\":200,\"caption\":\"El Mejor Jam\u00f3n\"},\"image\":{\"@id\":\"https:\\\/\\\/elmejorjamon.es\\\/#\\\/schema\\\/logo\\\/image\\\/\"},\"sameAs\":[\"https:\\\/\\\/www.facebook.com\\\/elmejorjamonweb\",\"https:\\\/\\\/x.com\\\/elmejorjamonweb\",\"https:\\\/\\\/www.instagram.com\\\/elmejorjamonweb\\\/\"]}]}<\/script>\n<!-- \/ Yoast SEO plugin. -->","yoast_head_json":{"title":"Mousse de homard Alta cocina Pot de 115 grammes. - El Mejor Jam\u00f3n","robots":{"index":"index","follow":"follow","max-snippet":"max-snippet:-1","max-image-preview":"max-image-preview:large","max-video-preview":"max-video-preview:-1"},"canonical":"https:\/\/elmejorjamon.es\/producto\/mousse-de-bogavante-alta-cocina-tarro-de-115-gramos\/","og_locale":"fr_FR","og_type":"article","og_title":"Mousse de homard Alta cocina Pot de 115 grammes. - El Mejor Jam\u00f3n","og_description":"Mousse de homard Alta cocina Pot\u00a0 de 115 grammes.","og_url":"https:\/\/elmejorjamon.es\/producto\/mousse-de-bogavante-alta-cocina-tarro-de-115-gramos\/","og_site_name":"El Mejor Jam\u00f3n","article_publisher":"https:\/\/www.facebook.com\/elmejorjamonweb","article_modified_time":"2025-01-15T12:28:18+00:00","og_image":[{"width":1100,"height":1422,"url":"https:\/\/elmejorjamon.es\/wp-content\/uploads\/2021\/03\/1901-thickbox_default-Mousse-de-bogavante-Alta-cocina-tarro-de-115-gramos.jpg","type":"image\/jpeg"}],"twitter_card":"summary_large_image","twitter_site":"@elmejorjamonweb","schema":{"@context":"https:\/\/schema.org","@graph":[{"@type":"WebPage","@id":"https:\/\/elmejorjamon.es\/producto\/mousse-de-bogavante-alta-cocina-tarro-de-115-gramos\/","url":"https:\/\/elmejorjamon.es\/producto\/mousse-de-bogavante-alta-cocina-tarro-de-115-gramos\/","name":"Mousse de homard Alta cocina Pot de 115 grammes. - El Mejor Jam\u00f3n","isPartOf":{"@id":"https:\/\/elmejorjamon.es\/#website"},"primaryImageOfPage":{"@id":"https:\/\/elmejorjamon.es\/producto\/mousse-de-bogavante-alta-cocina-tarro-de-115-gramos\/#primaryimage"},"image":{"@id":"https:\/\/elmejorjamon.es\/producto\/mousse-de-bogavante-alta-cocina-tarro-de-115-gramos\/#primaryimage"},"thumbnailUrl":"https:\/\/elmejorjamon.es\/wp-content\/uploads\/2021\/03\/1901-thickbox_default-Mousse-de-bogavante-Alta-cocina-tarro-de-115-gramos.jpg","datePublished":"2021-03-23T13:30:13+00:00","dateModified":"2025-01-15T12:28:18+00:00","breadcrumb":{"@id":"https:\/\/elmejorjamon.es\/producto\/mousse-de-bogavante-alta-cocina-tarro-de-115-gramos\/#breadcrumb"},"inLanguage":"fr-FR","potentialAction":[{"@type":"ReadAction","target":["https:\/\/elmejorjamon.es\/producto\/mousse-de-bogavante-alta-cocina-tarro-de-115-gramos\/"]}]},{"@type":"ImageObject","inLanguage":"fr-FR","@id":"https:\/\/elmejorjamon.es\/producto\/mousse-de-bogavante-alta-cocina-tarro-de-115-gramos\/#primaryimage","url":"https:\/\/elmejorjamon.es\/wp-content\/uploads\/2021\/03\/1901-thickbox_default-Mousse-de-bogavante-Alta-cocina-tarro-de-115-gramos.jpg","contentUrl":"https:\/\/elmejorjamon.es\/wp-content\/uploads\/2021\/03\/1901-thickbox_default-Mousse-de-bogavante-Alta-cocina-tarro-de-115-gramos.jpg","width":1100,"height":1422},{"@type":"BreadcrumbList","@id":"https:\/\/elmejorjamon.es\/producto\/mousse-de-bogavante-alta-cocina-tarro-de-115-gramos\/#breadcrumb","itemListElement":[{"@type":"ListItem","position":1,"name":"Portada","item":"https:\/\/elmejorjamon.es\/fr\/"},{"@type":"ListItem","position":2,"name":"D\u00e9marrage rapide","item":"https:\/\/elmejorjamon.es\/fr\/"},{"@type":"ListItem","position":3,"name":"Mousse de homard Alta cocina Pot de 115 grammes."}]},{"@type":"WebSite","@id":"https:\/\/elmejorjamon.es\/#website","url":"https:\/\/elmejorjamon.es\/","name":"El Mejor Jam\u00f3n","description":"Comprar jamones y embutidos a buen precio","publisher":{"@id":"https:\/\/elmejorjamon.es\/#organization"},"potentialAction":[{"@type":"SearchAction","target":{"@type":"EntryPoint","urlTemplate":"https:\/\/elmejorjamon.es\/?s={search_term_string}"},"query-input":{"@type":"PropertyValueSpecification","valueRequired":true,"valueName":"search_term_string"}}],"inLanguage":"fr-FR"},{"@type":"Organization","@id":"https:\/\/elmejorjamon.es\/#organization","name":"El Mejor Jam\u00f3n","url":"https:\/\/elmejorjamon.es\/","logo":{"@type":"ImageObject","inLanguage":"fr-FR","@id":"https:\/\/elmejorjamon.es\/#\/schema\/logo\/image\/","url":"https:\/\/elmejorjamon.es\/wp-content\/uploads\/2025\/01\/logocorreos.png","contentUrl":"https:\/\/elmejorjamon.es\/wp-content\/uploads\/2025\/01\/logocorreos.png","width":277,"height":200,"caption":"El Mejor Jam\u00f3n"},"image":{"@id":"https:\/\/elmejorjamon.es\/#\/schema\/logo\/image\/"},"sameAs":["https:\/\/www.facebook.com\/elmejorjamonweb","https:\/\/x.com\/elmejorjamonweb","https:\/\/www.instagram.com\/elmejorjamonweb\/"]}]}},"_links":{"self":[{"href":"https:\/\/elmejorjamon.es\/fr\/wp-json\/wp\/v2\/product\/6459","targetHints":{"allow":["GET"]}}],"collection":[{"href":"https:\/\/elmejorjamon.es\/fr\/wp-json\/wp\/v2\/product"}],"about":[{"href":"https:\/\/elmejorjamon.es\/fr\/wp-json\/wp\/v2\/types\/product"}],"replies":[{"embeddable":true,"href":"https:\/\/elmejorjamon.es\/fr\/wp-json\/wp\/v2\/comments?post=6459"}],"wp:featuredmedia":[{"embeddable":true,"href":"https:\/\/elmejorjamon.es\/fr\/wp-json\/wp\/v2\/media\/6453"}],"wp:attachment":[{"href":"https:\/\/elmejorjamon.es\/fr\/wp-json\/wp\/v2\/media?parent=6459"}],"wp:term":[{"taxonomy":"product_brand","embeddable":true,"href":"https:\/\/elmejorjamon.es\/fr\/wp-json\/wp\/v2\/product_brand?post=6459"},{"taxonomy":"product_cat","embeddable":true,"href":"https:\/\/elmejorjamon.es\/fr\/wp-json\/wp\/v2\/product_cat?post=6459"},{"taxonomy":"product_tag","embeddable":true,"href":"https:\/\/elmejorjamon.es\/fr\/wp-json\/wp\/v2\/product_tag?post=6459"}],"curies":[{"name":"wp","href":"https:\/\/api.w.org\/{rel}","templated":true}]}}