{"id":615,"date":"2007-12-03T19:33:21","date_gmt":"2007-12-03T18:33:21","guid":{"rendered":"https:\/\/nueva.elmejorjamon.es\/producto\/epaule-de-jambon-iberique-monteparra-5-55-kg-aprox\/"},"modified":"2007-12-03T19:33:21","modified_gmt":"2007-12-03T18:33:21","slug":"epaule-de-jambon-iberique-monteparra-5-55-kg-aprox","status":"publish","type":"product","link":"https:\/\/elmejorjamon.es\/fr\/producto\/epaule-de-jambon-iberique-monteparra-5-55-kg-aprox\/","title":{"rendered":"\u00c9paule de jambon ib\u00e9rique Monteparra 5- 5,5 Kg. Aprox."},"content":{"rendered":"<p>Un \u00e9paule ib\u00e9rique entre 5 et 5,5 kilos. De cochons ib\u00e9riques \u00e0 base de piensso et de l\u00e9gumineuses. Les porcs \u00e9lev\u00e9s dans des cl\u00f4tures en libert\u00e9. Pr\u00e9par\u00e9 et s\u00e9ch\u00e9 \u00e0 Guijuelo (Salamanque) dans des s\u00e9choirs naturels. Gu\u00e9ri dans une p\u00e9riode d&rsquo;au moins 20 mois. Qualit\u00e9 certifi\u00e9e<\/p>\n<p>Raised by extensive system. The pigs under this system are integrated into the natural environment, remaining free in all their life stages.<\/p>\n<p><\/p>\n","protected":false},"excerpt":{"rendered":"<p>\u00c9paule de jambon ib\u00e9rique Monteparra 5- 5,5 Kg. Aprox.<\/p>\n","protected":false},"featured_media":17808,"comment_status":"open","ping_status":"closed","template":"","meta":{"_et_pb_use_builder":"","_et_pb_old_content":"","_et_gb_content_width":"","_sitemap_exclude":false,"_sitemap_priority":"","_sitemap_frequency":""},"product_brand":[],"product_cat":[23,113,47],"product_tag":[],"class_list":{"0":"post-615","1":"product","2":"type-product","3":"status-publish","4":"has-post-thumbnail","6":"product_cat-accueil","7":"product_cat-paletillas-ibericas-fr","8":"product_cat-tous-les-produits","9":"product_shipping_class-normal-fr","10":"pa_opciones-60-decoupeaucouteauetemballe-fr","11":"pa_opciones-desosseetemballesousvide59-fr","12":"pa_opciones-pieceentiere-fr","14":"first","15":"instock","16":"shipping-taxable","17":"purchasable","18":"product-type-variable","19":"has-default-attributes"},"yoast_head":"<!-- This site is optimized with the Yoast SEO plugin v27.4 - https:\/\/yoast.com\/product\/yoast-seo-wordpress\/ -->\n<title>\u00c9paule de jambon ib\u00e9rique Monteparra 5- 5,5 Kg. Aprox. - El Mejor Jam\u00f3n<\/title>\n<meta name=\"robots\" content=\"index, follow, max-snippet:-1, max-image-preview:large, max-video-preview:-1\" \/>\n<link rel=\"canonical\" href=\"https:\/\/elmejorjamon.es\/fr\/producto\/epaule-de-jambon-iberique-monteparra-5-55-kg-aprox\/\" \/>\n<meta property=\"og:locale\" content=\"fr_FR\" \/>\n<meta property=\"og:type\" content=\"article\" \/>\n<meta property=\"og:title\" content=\"\u00c9paule de jambon ib\u00e9rique Monteparra 5- 5,5 Kg. Aprox. - El Mejor Jam\u00f3n\" \/>\n<meta property=\"og:description\" content=\"\u00c9paule de jambon ib\u00e9rique Monteparra 5- 5,5 Kg. Aprox.\" \/>\n<meta property=\"og:url\" content=\"https:\/\/elmejorjamon.es\/fr\/producto\/epaule-de-jambon-iberique-monteparra-5-55-kg-aprox\/\" \/>\n<meta property=\"og:site_name\" content=\"El Mejor Jam\u00f3n\" \/>\n<meta property=\"article:publisher\" content=\"https:\/\/www.facebook.com\/elmejorjamonweb\" \/>\n<meta property=\"og:image\" content=\"https:\/\/elmejorjamon.es\/wp-content\/uploads\/2007\/12\/monteparra-jamones-embutidos-guijuelo-paleta-cebo-campo-1.jpg\" \/>\n\t<meta property=\"og:image:width\" content=\"893\" \/>\n\t<meta property=\"og:image:height\" content=\"1000\" \/>\n\t<meta property=\"og:image:type\" content=\"image\/jpeg\" \/>\n<meta name=\"twitter:card\" content=\"summary_large_image\" \/>\n<meta name=\"twitter:site\" content=\"@elmejorjamonweb\" \/>\n<script type=\"application\/ld+json\" class=\"yoast-schema-graph\">{\"@context\":\"https:\\\/\\\/schema.org\",\"@graph\":[{\"@type\":\"WebPage\",\"@id\":\"https:\\\/\\\/elmejorjamon.es\\\/fr\\\/producto\\\/epaule-de-jambon-iberique-monteparra-5-55-kg-aprox\\\/\",\"url\":\"https:\\\/\\\/elmejorjamon.es\\\/fr\\\/producto\\\/epaule-de-jambon-iberique-monteparra-5-55-kg-aprox\\\/\",\"name\":\"\u00c9paule de jambon ib\u00e9rique Monteparra 5- 5,5 Kg. Aprox. - El Mejor Jam\u00f3n\",\"isPartOf\":{\"@id\":\"https:\\\/\\\/elmejorjamon.es\\\/#website\"},\"primaryImageOfPage\":{\"@id\":\"https:\\\/\\\/elmejorjamon.es\\\/fr\\\/producto\\\/epaule-de-jambon-iberique-monteparra-5-55-kg-aprox\\\/#primaryimage\"},\"image\":{\"@id\":\"https:\\\/\\\/elmejorjamon.es\\\/fr\\\/producto\\\/epaule-de-jambon-iberique-monteparra-5-55-kg-aprox\\\/#primaryimage\"},\"thumbnailUrl\":\"https:\\\/\\\/elmejorjamon.es\\\/wp-content\\\/uploads\\\/2007\\\/12\\\/monteparra-jamones-embutidos-guijuelo-paleta-cebo-campo-1.jpg\",\"datePublished\":\"2007-12-03T18:33:21+00:00\",\"breadcrumb\":{\"@id\":\"https:\\\/\\\/elmejorjamon.es\\\/fr\\\/producto\\\/epaule-de-jambon-iberique-monteparra-5-55-kg-aprox\\\/#breadcrumb\"},\"inLanguage\":\"fr-FR\",\"potentialAction\":[{\"@type\":\"ReadAction\",\"target\":[\"https:\\\/\\\/elmejorjamon.es\\\/fr\\\/producto\\\/epaule-de-jambon-iberique-monteparra-5-55-kg-aprox\\\/\"]}]},{\"@type\":\"ImageObject\",\"inLanguage\":\"fr-FR\",\"@id\":\"https:\\\/\\\/elmejorjamon.es\\\/fr\\\/producto\\\/epaule-de-jambon-iberique-monteparra-5-55-kg-aprox\\\/#primaryimage\",\"url\":\"https:\\\/\\\/elmejorjamon.es\\\/wp-content\\\/uploads\\\/2007\\\/12\\\/monteparra-jamones-embutidos-guijuelo-paleta-cebo-campo-1.jpg\",\"contentUrl\":\"https:\\\/\\\/elmejorjamon.es\\\/wp-content\\\/uploads\\\/2007\\\/12\\\/monteparra-jamones-embutidos-guijuelo-paleta-cebo-campo-1.jpg\",\"width\":893,\"height\":1000},{\"@type\":\"BreadcrumbList\",\"@id\":\"https:\\\/\\\/elmejorjamon.es\\\/fr\\\/producto\\\/epaule-de-jambon-iberique-monteparra-5-55-kg-aprox\\\/#breadcrumb\",\"itemListElement\":[{\"@type\":\"ListItem\",\"position\":1,\"name\":\"Portada\",\"item\":\"https:\\\/\\\/elmejorjamon.es\\\/fr\\\/\"},{\"@type\":\"ListItem\",\"position\":2,\"name\":\"D\u00e9marrage rapide\",\"item\":\"https:\\\/\\\/elmejorjamon.es\\\/fr\\\/\"},{\"@type\":\"ListItem\",\"position\":3,\"name\":\"\u00c9paule de jambon ib\u00e9rique Monteparra 5- 5,5 Kg. Aprox.\"}]},{\"@type\":\"WebSite\",\"@id\":\"https:\\\/\\\/elmejorjamon.es\\\/#website\",\"url\":\"https:\\\/\\\/elmejorjamon.es\\\/\",\"name\":\"El Mejor Jam\u00f3n\",\"description\":\"Comprar jamones y embutidos a buen precio\",\"publisher\":{\"@id\":\"https:\\\/\\\/elmejorjamon.es\\\/#organization\"},\"potentialAction\":[{\"@type\":\"SearchAction\",\"target\":{\"@type\":\"EntryPoint\",\"urlTemplate\":\"https:\\\/\\\/elmejorjamon.es\\\/?s={search_term_string}\"},\"query-input\":{\"@type\":\"PropertyValueSpecification\",\"valueRequired\":true,\"valueName\":\"search_term_string\"}}],\"inLanguage\":\"fr-FR\"},{\"@type\":\"Organization\",\"@id\":\"https:\\\/\\\/elmejorjamon.es\\\/#organization\",\"name\":\"El Mejor Jam\u00f3n\",\"url\":\"https:\\\/\\\/elmejorjamon.es\\\/\",\"logo\":{\"@type\":\"ImageObject\",\"inLanguage\":\"fr-FR\",\"@id\":\"https:\\\/\\\/elmejorjamon.es\\\/#\\\/schema\\\/logo\\\/image\\\/\",\"url\":\"https:\\\/\\\/elmejorjamon.es\\\/wp-content\\\/uploads\\\/2025\\\/01\\\/logocorreos.png\",\"contentUrl\":\"https:\\\/\\\/elmejorjamon.es\\\/wp-content\\\/uploads\\\/2025\\\/01\\\/logocorreos.png\",\"width\":277,\"height\":200,\"caption\":\"El Mejor Jam\u00f3n\"},\"image\":{\"@id\":\"https:\\\/\\\/elmejorjamon.es\\\/#\\\/schema\\\/logo\\\/image\\\/\"},\"sameAs\":[\"https:\\\/\\\/www.facebook.com\\\/elmejorjamonweb\",\"https:\\\/\\\/x.com\\\/elmejorjamonweb\",\"https:\\\/\\\/www.instagram.com\\\/elmejorjamonweb\\\/\"]}]}<\/script>\n<!-- \/ Yoast SEO plugin. -->","yoast_head_json":{"title":"\u00c9paule de jambon ib\u00e9rique Monteparra 5- 5,5 Kg. Aprox. - El Mejor Jam\u00f3n","robots":{"index":"index","follow":"follow","max-snippet":"max-snippet:-1","max-image-preview":"max-image-preview:large","max-video-preview":"max-video-preview:-1"},"canonical":"https:\/\/elmejorjamon.es\/fr\/producto\/epaule-de-jambon-iberique-monteparra-5-55-kg-aprox\/","og_locale":"fr_FR","og_type":"article","og_title":"\u00c9paule de jambon ib\u00e9rique Monteparra 5- 5,5 Kg. Aprox. - El Mejor Jam\u00f3n","og_description":"\u00c9paule de jambon ib\u00e9rique Monteparra 5- 5,5 Kg. Aprox.","og_url":"https:\/\/elmejorjamon.es\/fr\/producto\/epaule-de-jambon-iberique-monteparra-5-55-kg-aprox\/","og_site_name":"El Mejor Jam\u00f3n","article_publisher":"https:\/\/www.facebook.com\/elmejorjamonweb","og_image":[{"width":893,"height":1000,"url":"https:\/\/elmejorjamon.es\/wp-content\/uploads\/2007\/12\/monteparra-jamones-embutidos-guijuelo-paleta-cebo-campo-1.jpg","type":"image\/jpeg"}],"twitter_card":"summary_large_image","twitter_site":"@elmejorjamonweb","schema":{"@context":"https:\/\/schema.org","@graph":[{"@type":"WebPage","@id":"https:\/\/elmejorjamon.es\/fr\/producto\/epaule-de-jambon-iberique-monteparra-5-55-kg-aprox\/","url":"https:\/\/elmejorjamon.es\/fr\/producto\/epaule-de-jambon-iberique-monteparra-5-55-kg-aprox\/","name":"\u00c9paule de jambon ib\u00e9rique Monteparra 5- 5,5 Kg. Aprox. - El Mejor Jam\u00f3n","isPartOf":{"@id":"https:\/\/elmejorjamon.es\/#website"},"primaryImageOfPage":{"@id":"https:\/\/elmejorjamon.es\/fr\/producto\/epaule-de-jambon-iberique-monteparra-5-55-kg-aprox\/#primaryimage"},"image":{"@id":"https:\/\/elmejorjamon.es\/fr\/producto\/epaule-de-jambon-iberique-monteparra-5-55-kg-aprox\/#primaryimage"},"thumbnailUrl":"https:\/\/elmejorjamon.es\/wp-content\/uploads\/2007\/12\/monteparra-jamones-embutidos-guijuelo-paleta-cebo-campo-1.jpg","datePublished":"2007-12-03T18:33:21+00:00","breadcrumb":{"@id":"https:\/\/elmejorjamon.es\/fr\/producto\/epaule-de-jambon-iberique-monteparra-5-55-kg-aprox\/#breadcrumb"},"inLanguage":"fr-FR","potentialAction":[{"@type":"ReadAction","target":["https:\/\/elmejorjamon.es\/fr\/producto\/epaule-de-jambon-iberique-monteparra-5-55-kg-aprox\/"]}]},{"@type":"ImageObject","inLanguage":"fr-FR","@id":"https:\/\/elmejorjamon.es\/fr\/producto\/epaule-de-jambon-iberique-monteparra-5-55-kg-aprox\/#primaryimage","url":"https:\/\/elmejorjamon.es\/wp-content\/uploads\/2007\/12\/monteparra-jamones-embutidos-guijuelo-paleta-cebo-campo-1.jpg","contentUrl":"https:\/\/elmejorjamon.es\/wp-content\/uploads\/2007\/12\/monteparra-jamones-embutidos-guijuelo-paleta-cebo-campo-1.jpg","width":893,"height":1000},{"@type":"BreadcrumbList","@id":"https:\/\/elmejorjamon.es\/fr\/producto\/epaule-de-jambon-iberique-monteparra-5-55-kg-aprox\/#breadcrumb","itemListElement":[{"@type":"ListItem","position":1,"name":"Portada","item":"https:\/\/elmejorjamon.es\/fr\/"},{"@type":"ListItem","position":2,"name":"D\u00e9marrage rapide","item":"https:\/\/elmejorjamon.es\/fr\/"},{"@type":"ListItem","position":3,"name":"\u00c9paule de jambon ib\u00e9rique Monteparra 5- 5,5 Kg. Aprox."}]},{"@type":"WebSite","@id":"https:\/\/elmejorjamon.es\/#website","url":"https:\/\/elmejorjamon.es\/","name":"El Mejor Jam\u00f3n","description":"Comprar jamones y embutidos a buen precio","publisher":{"@id":"https:\/\/elmejorjamon.es\/#organization"},"potentialAction":[{"@type":"SearchAction","target":{"@type":"EntryPoint","urlTemplate":"https:\/\/elmejorjamon.es\/?s={search_term_string}"},"query-input":{"@type":"PropertyValueSpecification","valueRequired":true,"valueName":"search_term_string"}}],"inLanguage":"fr-FR"},{"@type":"Organization","@id":"https:\/\/elmejorjamon.es\/#organization","name":"El Mejor Jam\u00f3n","url":"https:\/\/elmejorjamon.es\/","logo":{"@type":"ImageObject","inLanguage":"fr-FR","@id":"https:\/\/elmejorjamon.es\/#\/schema\/logo\/image\/","url":"https:\/\/elmejorjamon.es\/wp-content\/uploads\/2025\/01\/logocorreos.png","contentUrl":"https:\/\/elmejorjamon.es\/wp-content\/uploads\/2025\/01\/logocorreos.png","width":277,"height":200,"caption":"El Mejor Jam\u00f3n"},"image":{"@id":"https:\/\/elmejorjamon.es\/#\/schema\/logo\/image\/"},"sameAs":["https:\/\/www.facebook.com\/elmejorjamonweb","https:\/\/x.com\/elmejorjamonweb","https:\/\/www.instagram.com\/elmejorjamonweb\/"]}]}},"_links":{"self":[{"href":"https:\/\/elmejorjamon.es\/fr\/wp-json\/wp\/v2\/product\/615","targetHints":{"allow":["GET"]}}],"collection":[{"href":"https:\/\/elmejorjamon.es\/fr\/wp-json\/wp\/v2\/product"}],"about":[{"href":"https:\/\/elmejorjamon.es\/fr\/wp-json\/wp\/v2\/types\/product"}],"replies":[{"embeddable":true,"href":"https:\/\/elmejorjamon.es\/fr\/wp-json\/wp\/v2\/comments?post=615"}],"wp:featuredmedia":[{"embeddable":true,"href":"https:\/\/elmejorjamon.es\/fr\/wp-json\/wp\/v2\/media\/17808"}],"wp:attachment":[{"href":"https:\/\/elmejorjamon.es\/fr\/wp-json\/wp\/v2\/media?parent=615"}],"wp:term":[{"taxonomy":"product_brand","embeddable":true,"href":"https:\/\/elmejorjamon.es\/fr\/wp-json\/wp\/v2\/product_brand?post=615"},{"taxonomy":"product_cat","embeddable":true,"href":"https:\/\/elmejorjamon.es\/fr\/wp-json\/wp\/v2\/product_cat?post=615"},{"taxonomy":"product_tag","embeddable":true,"href":"https:\/\/elmejorjamon.es\/fr\/wp-json\/wp\/v2\/product_tag?post=615"}],"curies":[{"name":"wp","href":"https:\/\/api.w.org\/{rel}","templated":true}]}}