{"id":6123,"date":"2020-12-23T12:10:24","date_gmt":"2020-12-23T11:10:24","guid":{"rendered":"https:\/\/nueva.elmejorjamon.es\/producto\/appat-de-champ-de-jambon-monteparra-50-course-iberique\/"},"modified":"2020-12-23T12:10:24","modified_gmt":"2020-12-23T11:10:24","slug":"appat-de-champ-de-jambon-monteparra-50-course-iberique","status":"publish","type":"product","link":"https:\/\/elmejorjamon.es\/fr\/producto\/appat-de-champ-de-jambon-monteparra-50-course-iberique\/","title":{"rendered":"App\u00e2t de champ de Jambon Monteparra 50% Course ib\u00e9rique"},"content":{"rendered":"<p style=\"margin-top:0px;margin-bottom:0.8rem;color:#777777;font-family:Karla, sans-serif;font-size:14px;background-color:#ffffff;\">App\u00e2t de champ de Jambon Monteparra 75% Course ib\u00e9rique<\/p>\n<p style=\"margin-top:0px;margin-bottom:0.8rem;color:#777777;font-family:Karla, sans-serif;font-size:14px;background-color:#ffffff;\">Porcs \u00e9lev\u00e9s en plein air, nourris avec des aliments de haute qualit\u00e9 et nourris avec des herbes et des glands en saison, jambon tr\u00e8s maigre et gras, jambon tr\u00e8s juteux et sucr\u00e9.<\/p>\n<p style=\"margin-top:0px;margin-bottom:0px;color:#777777;font-family:Karla, sans-serif;font-size:14px;background-color:#ffffff;\">S\u00e9ch\u00e9e\u00a0de plus de 36 mois.<\/p>\n<p style=\"margin-top:0px;margin-bottom:0px;color:#777777;font-family:Karla, sans-serif;font-size:14px;background-color:#ffffff;\">\n<p style=\"margin-top:0px;margin-bottom:0px;color:#777777;font-family:Karla, sans-serif;font-size:14px;background-color:#ffffff;\"><span style=\"color:#777777;font-family:Karla, sans-serif;\"><span style=\"font-size:14px;\">\u00c9lev\u00e9 par un syst\u00e8me extensif. Les porcs dans ce syst\u00e8me sont int\u00e9gr\u00e9s dans l&rsquo;environnement naturel, restant libres \u00e0 tous les stades de leur vie.<\/span><\/span><\/p>\n","protected":false},"excerpt":{"rendered":"<p>App\u00e2t de champ de Jambon Monteparra 50% Course ib\u00e9rique<\/p>\n","protected":false},"featured_media":6093,"comment_status":"open","ping_status":"closed","template":"","meta":{"_et_pb_use_builder":"","_et_pb_old_content":"","_et_gb_content_width":"","_sitemap_exclude":false,"_sitemap_priority":"","_sitemap_frequency":""},"product_brand":[],"product_cat":[23,107,47],"product_tag":[],"class_list":{"0":"post-6123","1":"product","2":"type-product","3":"status-publish","4":"has-post-thumbnail","6":"product_cat-accueil","7":"product_cat-jambons-iberiques","8":"product_cat-tous-les-produits","9":"product_shipping_class-normal-fr","10":"pa_opciones-63-decoupeaucouteauetemballe-fr","11":"pa_opciones-desosseetemballesousvide59-fr","12":"pa_opciones-pieceentiere-fr","13":"pa_peso-7_5_8kg-fr","14":"pa_peso-8_5_9kg-fr","15":"pa_peso-environ-85-kg","17":"first","18":"instock","19":"shipping-taxable","20":"purchasable","21":"product-type-variable","22":"has-default-attributes"},"yoast_head":"<!-- This site is optimized with the Yoast SEO plugin v27.2 - https:\/\/yoast.com\/product\/yoast-seo-wordpress\/ -->\n<title>App\u00e2t de champ de Jambon Monteparra 50% Course ib\u00e9rique - El Mejor Jam\u00f3n<\/title>\n<meta name=\"robots\" content=\"index, follow, max-snippet:-1, max-image-preview:large, max-video-preview:-1\" \/>\n<link rel=\"canonical\" href=\"https:\/\/elmejorjamon.es\/fr\/producto\/appat-de-champ-de-jambon-monteparra-50-course-iberique\/\" \/>\n<meta property=\"og:locale\" content=\"fr_FR\" \/>\n<meta property=\"og:type\" content=\"article\" \/>\n<meta property=\"og:title\" content=\"App\u00e2t de champ de Jambon Monteparra 50% Course ib\u00e9rique - El Mejor Jam\u00f3n\" \/>\n<meta property=\"og:description\" content=\"App\u00e2t de champ de Jambon Monteparra 50% Course ib\u00e9rique\" \/>\n<meta property=\"og:url\" content=\"https:\/\/elmejorjamon.es\/fr\/producto\/appat-de-champ-de-jambon-monteparra-50-course-iberique\/\" \/>\n<meta property=\"og:site_name\" content=\"El Mejor Jam\u00f3n\" \/>\n<meta property=\"article:publisher\" content=\"https:\/\/www.facebook.com\/elmejorjamonweb\" \/>\n<meta property=\"og:image\" content=\"https:\/\/elmejorjamon.es\/wp-content\/uploads\/2020\/12\/1818-thickbox_default-Jamon-de-cebo-de-campo-50berico-Monteparra.jpg\" \/>\n\t<meta property=\"og:image:width\" content=\"1100\" \/>\n\t<meta property=\"og:image:height\" content=\"1422\" \/>\n\t<meta property=\"og:image:type\" content=\"image\/jpeg\" \/>\n<meta name=\"twitter:card\" content=\"summary_large_image\" \/>\n<meta name=\"twitter:site\" content=\"@elmejorjamonweb\" \/>\n<script type=\"application\/ld+json\" class=\"yoast-schema-graph\">{\"@context\":\"https:\/\/schema.org\",\"@graph\":[{\"@type\":\"WebPage\",\"@id\":\"https:\/\/elmejorjamon.es\/fr\/producto\/appat-de-champ-de-jambon-monteparra-50-course-iberique\/\",\"url\":\"https:\/\/elmejorjamon.es\/fr\/producto\/appat-de-champ-de-jambon-monteparra-50-course-iberique\/\",\"name\":\"App\u00e2t de champ de Jambon Monteparra 50% Course ib\u00e9rique - El Mejor Jam\u00f3n\",\"isPartOf\":{\"@id\":\"https:\/\/elmejorjamon.es\/#website\"},\"primaryImageOfPage\":{\"@id\":\"https:\/\/elmejorjamon.es\/fr\/producto\/appat-de-champ-de-jambon-monteparra-50-course-iberique\/#primaryimage\"},\"image\":{\"@id\":\"https:\/\/elmejorjamon.es\/fr\/producto\/appat-de-champ-de-jambon-monteparra-50-course-iberique\/#primaryimage\"},\"thumbnailUrl\":\"https:\/\/elmejorjamon.es\/wp-content\/uploads\/2020\/12\/1818-thickbox_default-Jamon-de-cebo-de-campo-50berico-Monteparra.jpg\",\"datePublished\":\"2020-12-23T11:10:24+00:00\",\"breadcrumb\":{\"@id\":\"https:\/\/elmejorjamon.es\/fr\/producto\/appat-de-champ-de-jambon-monteparra-50-course-iberique\/#breadcrumb\"},\"inLanguage\":\"fr-FR\",\"potentialAction\":[{\"@type\":\"ReadAction\",\"target\":[\"https:\/\/elmejorjamon.es\/fr\/producto\/appat-de-champ-de-jambon-monteparra-50-course-iberique\/\"]}]},{\"@type\":\"ImageObject\",\"inLanguage\":\"fr-FR\",\"@id\":\"https:\/\/elmejorjamon.es\/fr\/producto\/appat-de-champ-de-jambon-monteparra-50-course-iberique\/#primaryimage\",\"url\":\"https:\/\/elmejorjamon.es\/wp-content\/uploads\/2020\/12\/1818-thickbox_default-Jamon-de-cebo-de-campo-50berico-Monteparra.jpg\",\"contentUrl\":\"https:\/\/elmejorjamon.es\/wp-content\/uploads\/2020\/12\/1818-thickbox_default-Jamon-de-cebo-de-campo-50berico-Monteparra.jpg\",\"width\":1100,\"height\":1422},{\"@type\":\"BreadcrumbList\",\"@id\":\"https:\/\/elmejorjamon.es\/fr\/producto\/appat-de-champ-de-jambon-monteparra-50-course-iberique\/#breadcrumb\",\"itemListElement\":[{\"@type\":\"ListItem\",\"position\":1,\"name\":\"Portada\",\"item\":\"https:\/\/elmejorjamon.es\/fr\/\"},{\"@type\":\"ListItem\",\"position\":2,\"name\":\"D\u00e9marrage rapide\",\"item\":\"https:\/\/elmejorjamon.es\/fr\/\"},{\"@type\":\"ListItem\",\"position\":3,\"name\":\"App\u00e2t de champ de Jambon Monteparra 50% Course ib\u00e9rique\"}]},{\"@type\":\"WebSite\",\"@id\":\"https:\/\/elmejorjamon.es\/#website\",\"url\":\"https:\/\/elmejorjamon.es\/\",\"name\":\"El Mejor Jam\u00f3n\",\"description\":\"Comprar jamones y embutidos a buen precio\",\"publisher\":{\"@id\":\"https:\/\/elmejorjamon.es\/#organization\"},\"potentialAction\":[{\"@type\":\"SearchAction\",\"target\":{\"@type\":\"EntryPoint\",\"urlTemplate\":\"https:\/\/elmejorjamon.es\/?s={search_term_string}\"},\"query-input\":{\"@type\":\"PropertyValueSpecification\",\"valueRequired\":true,\"valueName\":\"search_term_string\"}}],\"inLanguage\":\"fr-FR\"},{\"@type\":\"Organization\",\"@id\":\"https:\/\/elmejorjamon.es\/#organization\",\"name\":\"El Mejor Jam\u00f3n\",\"url\":\"https:\/\/elmejorjamon.es\/\",\"logo\":{\"@type\":\"ImageObject\",\"inLanguage\":\"fr-FR\",\"@id\":\"https:\/\/elmejorjamon.es\/#\/schema\/logo\/image\/\",\"url\":\"https:\/\/elmejorjamon.es\/wp-content\/uploads\/2025\/01\/logocorreos.png\",\"contentUrl\":\"https:\/\/elmejorjamon.es\/wp-content\/uploads\/2025\/01\/logocorreos.png\",\"width\":277,\"height\":200,\"caption\":\"El Mejor Jam\u00f3n\"},\"image\":{\"@id\":\"https:\/\/elmejorjamon.es\/#\/schema\/logo\/image\/\"},\"sameAs\":[\"https:\/\/www.facebook.com\/elmejorjamonweb\",\"https:\/\/x.com\/elmejorjamonweb\",\"https:\/\/www.instagram.com\/elmejorjamonweb\/\"]}]}<\/script>\n<!-- \/ Yoast SEO plugin. -->","yoast_head_json":{"title":"App\u00e2t de champ de Jambon Monteparra 50% Course ib\u00e9rique - El Mejor Jam\u00f3n","robots":{"index":"index","follow":"follow","max-snippet":"max-snippet:-1","max-image-preview":"max-image-preview:large","max-video-preview":"max-video-preview:-1"},"canonical":"https:\/\/elmejorjamon.es\/fr\/producto\/appat-de-champ-de-jambon-monteparra-50-course-iberique\/","og_locale":"fr_FR","og_type":"article","og_title":"App\u00e2t de champ de Jambon Monteparra 50% Course ib\u00e9rique - El Mejor Jam\u00f3n","og_description":"App\u00e2t de champ de Jambon Monteparra 50% Course ib\u00e9rique","og_url":"https:\/\/elmejorjamon.es\/fr\/producto\/appat-de-champ-de-jambon-monteparra-50-course-iberique\/","og_site_name":"El Mejor Jam\u00f3n","article_publisher":"https:\/\/www.facebook.com\/elmejorjamonweb","og_image":[{"width":1100,"height":1422,"url":"https:\/\/elmejorjamon.es\/wp-content\/uploads\/2020\/12\/1818-thickbox_default-Jamon-de-cebo-de-campo-50berico-Monteparra.jpg","type":"image\/jpeg"}],"twitter_card":"summary_large_image","twitter_site":"@elmejorjamonweb","schema":{"@context":"https:\/\/schema.org","@graph":[{"@type":"WebPage","@id":"https:\/\/elmejorjamon.es\/fr\/producto\/appat-de-champ-de-jambon-monteparra-50-course-iberique\/","url":"https:\/\/elmejorjamon.es\/fr\/producto\/appat-de-champ-de-jambon-monteparra-50-course-iberique\/","name":"App\u00e2t de champ de Jambon Monteparra 50% Course ib\u00e9rique - El Mejor Jam\u00f3n","isPartOf":{"@id":"https:\/\/elmejorjamon.es\/#website"},"primaryImageOfPage":{"@id":"https:\/\/elmejorjamon.es\/fr\/producto\/appat-de-champ-de-jambon-monteparra-50-course-iberique\/#primaryimage"},"image":{"@id":"https:\/\/elmejorjamon.es\/fr\/producto\/appat-de-champ-de-jambon-monteparra-50-course-iberique\/#primaryimage"},"thumbnailUrl":"https:\/\/elmejorjamon.es\/wp-content\/uploads\/2020\/12\/1818-thickbox_default-Jamon-de-cebo-de-campo-50berico-Monteparra.jpg","datePublished":"2020-12-23T11:10:24+00:00","breadcrumb":{"@id":"https:\/\/elmejorjamon.es\/fr\/producto\/appat-de-champ-de-jambon-monteparra-50-course-iberique\/#breadcrumb"},"inLanguage":"fr-FR","potentialAction":[{"@type":"ReadAction","target":["https:\/\/elmejorjamon.es\/fr\/producto\/appat-de-champ-de-jambon-monteparra-50-course-iberique\/"]}]},{"@type":"ImageObject","inLanguage":"fr-FR","@id":"https:\/\/elmejorjamon.es\/fr\/producto\/appat-de-champ-de-jambon-monteparra-50-course-iberique\/#primaryimage","url":"https:\/\/elmejorjamon.es\/wp-content\/uploads\/2020\/12\/1818-thickbox_default-Jamon-de-cebo-de-campo-50berico-Monteparra.jpg","contentUrl":"https:\/\/elmejorjamon.es\/wp-content\/uploads\/2020\/12\/1818-thickbox_default-Jamon-de-cebo-de-campo-50berico-Monteparra.jpg","width":1100,"height":1422},{"@type":"BreadcrumbList","@id":"https:\/\/elmejorjamon.es\/fr\/producto\/appat-de-champ-de-jambon-monteparra-50-course-iberique\/#breadcrumb","itemListElement":[{"@type":"ListItem","position":1,"name":"Portada","item":"https:\/\/elmejorjamon.es\/fr\/"},{"@type":"ListItem","position":2,"name":"D\u00e9marrage rapide","item":"https:\/\/elmejorjamon.es\/fr\/"},{"@type":"ListItem","position":3,"name":"App\u00e2t de champ de Jambon Monteparra 50% Course ib\u00e9rique"}]},{"@type":"WebSite","@id":"https:\/\/elmejorjamon.es\/#website","url":"https:\/\/elmejorjamon.es\/","name":"El Mejor Jam\u00f3n","description":"Comprar jamones y embutidos a buen precio","publisher":{"@id":"https:\/\/elmejorjamon.es\/#organization"},"potentialAction":[{"@type":"SearchAction","target":{"@type":"EntryPoint","urlTemplate":"https:\/\/elmejorjamon.es\/?s={search_term_string}"},"query-input":{"@type":"PropertyValueSpecification","valueRequired":true,"valueName":"search_term_string"}}],"inLanguage":"fr-FR"},{"@type":"Organization","@id":"https:\/\/elmejorjamon.es\/#organization","name":"El Mejor Jam\u00f3n","url":"https:\/\/elmejorjamon.es\/","logo":{"@type":"ImageObject","inLanguage":"fr-FR","@id":"https:\/\/elmejorjamon.es\/#\/schema\/logo\/image\/","url":"https:\/\/elmejorjamon.es\/wp-content\/uploads\/2025\/01\/logocorreos.png","contentUrl":"https:\/\/elmejorjamon.es\/wp-content\/uploads\/2025\/01\/logocorreos.png","width":277,"height":200,"caption":"El Mejor Jam\u00f3n"},"image":{"@id":"https:\/\/elmejorjamon.es\/#\/schema\/logo\/image\/"},"sameAs":["https:\/\/www.facebook.com\/elmejorjamonweb","https:\/\/x.com\/elmejorjamonweb","https:\/\/www.instagram.com\/elmejorjamonweb\/"]}]}},"_links":{"self":[{"href":"https:\/\/elmejorjamon.es\/fr\/wp-json\/wp\/v2\/product\/6123","targetHints":{"allow":["GET"]}}],"collection":[{"href":"https:\/\/elmejorjamon.es\/fr\/wp-json\/wp\/v2\/product"}],"about":[{"href":"https:\/\/elmejorjamon.es\/fr\/wp-json\/wp\/v2\/types\/product"}],"replies":[{"embeddable":true,"href":"https:\/\/elmejorjamon.es\/fr\/wp-json\/wp\/v2\/comments?post=6123"}],"wp:featuredmedia":[{"embeddable":true,"href":"https:\/\/elmejorjamon.es\/fr\/wp-json\/wp\/v2\/media\/6093"}],"wp:attachment":[{"href":"https:\/\/elmejorjamon.es\/fr\/wp-json\/wp\/v2\/media?parent=6123"}],"wp:term":[{"taxonomy":"product_brand","embeddable":true,"href":"https:\/\/elmejorjamon.es\/fr\/wp-json\/wp\/v2\/product_brand?post=6123"},{"taxonomy":"product_cat","embeddable":true,"href":"https:\/\/elmejorjamon.es\/fr\/wp-json\/wp\/v2\/product_cat?post=6123"},{"taxonomy":"product_tag","embeddable":true,"href":"https:\/\/elmejorjamon.es\/fr\/wp-json\/wp\/v2\/product_tag?post=6123"}],"curies":[{"name":"wp","href":"https:\/\/api.w.org\/{rel}","templated":true}]}}