{"id":6003,"date":"2020-02-14T11:32:16","date_gmt":"2020-02-14T10:32:16","guid":{"rendered":"https:\/\/nueva.elmejorjamon.es\/producto\/fromage-de-chevre-seche-a-l-huile-d-olive-vierge-525-gr\/"},"modified":"2025-02-11T15:47:43","modified_gmt":"2025-02-11T14:47:43","slug":"fromage-de-chevre-seche-a-l-huile-d-olive-vierge-525-gr","status":"publish","type":"product","link":"https:\/\/elmejorjamon.es\/fr\/producto\/fromage-de-chevre-seche-a-l-huile-d-olive-vierge-525-gr\/","title":{"rendered":"Fromage de ch\u00e8vre s\u00e9ch\u00e9 \u00e0 l&rsquo;huile d&rsquo;olive vierge 525 gr."},"content":{"rendered":"<p>Composition:<\/p>\n<p>Lait de ch\u00e8vre pasteuris\u00e9.<\/p>\n<p>Origine du lait: Espagne<\/p>\n<p>Allerg\u00e8nes:<\/p>\n<p>Lait et produits laitiers: (lactose).<\/p>\n<p>D\u00e9riv\u00e9 d&rsquo;oeuf: (lysozyme).<\/p>\n<p>Caract\u00e9ristiques nutritionnelles:<\/p>\n<p>Informations nutritionnelles (valeurs moyennes pour 100 g)<\/p>\n<p>Valeur \u00e9nerg\u00e9tique: 1780 Kj (430 Kcal)<\/p>\n<p>Lipides: 38 g<\/p>\n<p>dont satur\u00e9s: 26 g<\/p>\n<p>Glucides: 1 g<\/p>\n<p>dont sucres: 0,5 g<\/p>\n<p>Prot\u00e9ines: 21 g<\/p>\n<p>Sel: 1,5 g<\/p>\n<\/p>\n<p>Consignes de consommation et de conservation:<\/p>\n<p>Retirer du r\u00e9frig\u00e9rateur 15 minutes avant d\u00e9gustation. Pour une utilisation ult\u00e9rieure, recouvrez la coupe d&rsquo;un film plastique pour la prot\u00e9ger de la d\u00e9shydratation du r\u00e9frig\u00e9rateur. \u00c9corce non comestible<\/p>\n","protected":false},"excerpt":{"rendered":"<p>Fromage de ch\u00e8vre s\u00e9ch\u00e9 \u00e0 l&rsquo;huile d&rsquo;olive vierge 525 gr.<\/p>\n","protected":false},"featured_media":5995,"comment_status":"open","ping_status":"closed","template":"","meta":{"_et_pb_use_builder":"","_et_pb_old_content":"","_et_gb_content_width":"","_sitemap_exclude":false,"_sitemap_priority":"","_sitemap_frequency":""},"product_brand":[],"product_cat":[23,53,47],"product_tag":[],"class_list":{"0":"post-6003","1":"product","2":"type-product","3":"status-publish","4":"has-post-thumbnail","6":"product_cat-accueil","7":"product_cat-quesos-fr","8":"product_cat-tous-les-produits","9":"product_shipping_class-normal-fr","11":"first","12":"instock","13":"shipping-taxable","14":"purchasable","15":"product-type-simple"},"yoast_head":"<!-- This site is optimized with the Yoast SEO plugin v27.4 - https:\/\/yoast.com\/product\/yoast-seo-wordpress\/ -->\n<title>Fromage de ch\u00e8vre s\u00e9ch\u00e9 \u00e0 l&#039;huile d&#039;olive vierge 525 gr. - El Mejor Jam\u00f3n<\/title>\n<meta name=\"robots\" content=\"index, follow, max-snippet:-1, max-image-preview:large, max-video-preview:-1\" \/>\n<link rel=\"canonical\" href=\"https:\/\/elmejorjamon.es\/fr\/producto\/fromage-de-chevre-seche-a-l-huile-d-olive-vierge-525-gr\/\" \/>\n<meta property=\"og:locale\" content=\"fr_FR\" \/>\n<meta property=\"og:type\" content=\"article\" \/>\n<meta property=\"og:title\" content=\"Fromage de ch\u00e8vre s\u00e9ch\u00e9 \u00e0 l&#039;huile d&#039;olive vierge 525 gr. - El Mejor Jam\u00f3n\" \/>\n<meta property=\"og:description\" content=\"Fromage de ch\u00e8vre s\u00e9ch\u00e9 \u00e0 l&#039;huile d&#039;olive vierge 525 gr.\" \/>\n<meta property=\"og:url\" content=\"https:\/\/elmejorjamon.es\/fr\/producto\/fromage-de-chevre-seche-a-l-huile-d-olive-vierge-525-gr\/\" \/>\n<meta property=\"og:site_name\" content=\"El Mejor Jam\u00f3n\" \/>\n<meta property=\"article:publisher\" content=\"https:\/\/www.facebook.com\/elmejorjamonweb\" \/>\n<meta property=\"article:modified_time\" content=\"2025-02-11T14:47:43+00:00\" \/>\n<meta property=\"og:image\" content=\"https:\/\/elmejorjamon.es\/wp-content\/uploads\/2020\/02\/1797-thickbox_default-Queso-de-cabra-curado-en-aceite-de-oliva-virgen-525-gr.jpg\" \/>\n\t<meta property=\"og:image:width\" content=\"1100\" \/>\n\t<meta property=\"og:image:height\" content=\"1422\" \/>\n\t<meta property=\"og:image:type\" content=\"image\/jpeg\" \/>\n<meta name=\"twitter:card\" content=\"summary_large_image\" \/>\n<meta name=\"twitter:site\" content=\"@elmejorjamonweb\" \/>\n<script type=\"application\/ld+json\" class=\"yoast-schema-graph\">{\"@context\":\"https:\\\/\\\/schema.org\",\"@graph\":[{\"@type\":\"WebPage\",\"@id\":\"https:\\\/\\\/elmejorjamon.es\\\/fr\\\/producto\\\/fromage-de-chevre-seche-a-l-huile-d-olive-vierge-525-gr\\\/\",\"url\":\"https:\\\/\\\/elmejorjamon.es\\\/fr\\\/producto\\\/fromage-de-chevre-seche-a-l-huile-d-olive-vierge-525-gr\\\/\",\"name\":\"Fromage de ch\u00e8vre s\u00e9ch\u00e9 \u00e0 l'huile d'olive vierge 525 gr. - El Mejor Jam\u00f3n\",\"isPartOf\":{\"@id\":\"https:\\\/\\\/elmejorjamon.es\\\/#website\"},\"primaryImageOfPage\":{\"@id\":\"https:\\\/\\\/elmejorjamon.es\\\/fr\\\/producto\\\/fromage-de-chevre-seche-a-l-huile-d-olive-vierge-525-gr\\\/#primaryimage\"},\"image\":{\"@id\":\"https:\\\/\\\/elmejorjamon.es\\\/fr\\\/producto\\\/fromage-de-chevre-seche-a-l-huile-d-olive-vierge-525-gr\\\/#primaryimage\"},\"thumbnailUrl\":\"https:\\\/\\\/elmejorjamon.es\\\/wp-content\\\/uploads\\\/2020\\\/02\\\/1797-thickbox_default-Queso-de-cabra-curado-en-aceite-de-oliva-virgen-525-gr.jpg\",\"datePublished\":\"2020-02-14T10:32:16+00:00\",\"dateModified\":\"2025-02-11T14:47:43+00:00\",\"breadcrumb\":{\"@id\":\"https:\\\/\\\/elmejorjamon.es\\\/fr\\\/producto\\\/fromage-de-chevre-seche-a-l-huile-d-olive-vierge-525-gr\\\/#breadcrumb\"},\"inLanguage\":\"fr-FR\",\"potentialAction\":[{\"@type\":\"ReadAction\",\"target\":[\"https:\\\/\\\/elmejorjamon.es\\\/fr\\\/producto\\\/fromage-de-chevre-seche-a-l-huile-d-olive-vierge-525-gr\\\/\"]}]},{\"@type\":\"ImageObject\",\"inLanguage\":\"fr-FR\",\"@id\":\"https:\\\/\\\/elmejorjamon.es\\\/fr\\\/producto\\\/fromage-de-chevre-seche-a-l-huile-d-olive-vierge-525-gr\\\/#primaryimage\",\"url\":\"https:\\\/\\\/elmejorjamon.es\\\/wp-content\\\/uploads\\\/2020\\\/02\\\/1797-thickbox_default-Queso-de-cabra-curado-en-aceite-de-oliva-virgen-525-gr.jpg\",\"contentUrl\":\"https:\\\/\\\/elmejorjamon.es\\\/wp-content\\\/uploads\\\/2020\\\/02\\\/1797-thickbox_default-Queso-de-cabra-curado-en-aceite-de-oliva-virgen-525-gr.jpg\",\"width\":1100,\"height\":1422,\"caption\":\"Queso de cabra curado en aceite de oliva virgen 525 gr.\"},{\"@type\":\"BreadcrumbList\",\"@id\":\"https:\\\/\\\/elmejorjamon.es\\\/fr\\\/producto\\\/fromage-de-chevre-seche-a-l-huile-d-olive-vierge-525-gr\\\/#breadcrumb\",\"itemListElement\":[{\"@type\":\"ListItem\",\"position\":1,\"name\":\"Portada\",\"item\":\"https:\\\/\\\/elmejorjamon.es\\\/fr\\\/\"},{\"@type\":\"ListItem\",\"position\":2,\"name\":\"D\u00e9marrage rapide\",\"item\":\"https:\\\/\\\/elmejorjamon.es\\\/fr\\\/\"},{\"@type\":\"ListItem\",\"position\":3,\"name\":\"Fromage de ch\u00e8vre s\u00e9ch\u00e9 \u00e0 l&#8217;huile d&#8217;olive vierge 525 gr.\"}]},{\"@type\":\"WebSite\",\"@id\":\"https:\\\/\\\/elmejorjamon.es\\\/#website\",\"url\":\"https:\\\/\\\/elmejorjamon.es\\\/\",\"name\":\"El Mejor Jam\u00f3n\",\"description\":\"Comprar jamones y embutidos a buen precio\",\"publisher\":{\"@id\":\"https:\\\/\\\/elmejorjamon.es\\\/#organization\"},\"potentialAction\":[{\"@type\":\"SearchAction\",\"target\":{\"@type\":\"EntryPoint\",\"urlTemplate\":\"https:\\\/\\\/elmejorjamon.es\\\/?s={search_term_string}\"},\"query-input\":{\"@type\":\"PropertyValueSpecification\",\"valueRequired\":true,\"valueName\":\"search_term_string\"}}],\"inLanguage\":\"fr-FR\"},{\"@type\":\"Organization\",\"@id\":\"https:\\\/\\\/elmejorjamon.es\\\/#organization\",\"name\":\"El Mejor Jam\u00f3n\",\"url\":\"https:\\\/\\\/elmejorjamon.es\\\/\",\"logo\":{\"@type\":\"ImageObject\",\"inLanguage\":\"fr-FR\",\"@id\":\"https:\\\/\\\/elmejorjamon.es\\\/#\\\/schema\\\/logo\\\/image\\\/\",\"url\":\"https:\\\/\\\/elmejorjamon.es\\\/wp-content\\\/uploads\\\/2025\\\/01\\\/logocorreos.png\",\"contentUrl\":\"https:\\\/\\\/elmejorjamon.es\\\/wp-content\\\/uploads\\\/2025\\\/01\\\/logocorreos.png\",\"width\":277,\"height\":200,\"caption\":\"El Mejor Jam\u00f3n\"},\"image\":{\"@id\":\"https:\\\/\\\/elmejorjamon.es\\\/#\\\/schema\\\/logo\\\/image\\\/\"},\"sameAs\":[\"https:\\\/\\\/www.facebook.com\\\/elmejorjamonweb\",\"https:\\\/\\\/x.com\\\/elmejorjamonweb\",\"https:\\\/\\\/www.instagram.com\\\/elmejorjamonweb\\\/\"]}]}<\/script>\n<!-- \/ Yoast SEO plugin. -->","yoast_head_json":{"title":"Fromage de ch\u00e8vre s\u00e9ch\u00e9 \u00e0 l'huile d'olive vierge 525 gr. - El Mejor Jam\u00f3n","robots":{"index":"index","follow":"follow","max-snippet":"max-snippet:-1","max-image-preview":"max-image-preview:large","max-video-preview":"max-video-preview:-1"},"canonical":"https:\/\/elmejorjamon.es\/fr\/producto\/fromage-de-chevre-seche-a-l-huile-d-olive-vierge-525-gr\/","og_locale":"fr_FR","og_type":"article","og_title":"Fromage de ch\u00e8vre s\u00e9ch\u00e9 \u00e0 l'huile d'olive vierge 525 gr. - El Mejor Jam\u00f3n","og_description":"Fromage de ch\u00e8vre s\u00e9ch\u00e9 \u00e0 l'huile d'olive vierge 525 gr.","og_url":"https:\/\/elmejorjamon.es\/fr\/producto\/fromage-de-chevre-seche-a-l-huile-d-olive-vierge-525-gr\/","og_site_name":"El Mejor Jam\u00f3n","article_publisher":"https:\/\/www.facebook.com\/elmejorjamonweb","article_modified_time":"2025-02-11T14:47:43+00:00","og_image":[{"width":1100,"height":1422,"url":"https:\/\/elmejorjamon.es\/wp-content\/uploads\/2020\/02\/1797-thickbox_default-Queso-de-cabra-curado-en-aceite-de-oliva-virgen-525-gr.jpg","type":"image\/jpeg"}],"twitter_card":"summary_large_image","twitter_site":"@elmejorjamonweb","schema":{"@context":"https:\/\/schema.org","@graph":[{"@type":"WebPage","@id":"https:\/\/elmejorjamon.es\/fr\/producto\/fromage-de-chevre-seche-a-l-huile-d-olive-vierge-525-gr\/","url":"https:\/\/elmejorjamon.es\/fr\/producto\/fromage-de-chevre-seche-a-l-huile-d-olive-vierge-525-gr\/","name":"Fromage de ch\u00e8vre s\u00e9ch\u00e9 \u00e0 l'huile d'olive vierge 525 gr. - El Mejor Jam\u00f3n","isPartOf":{"@id":"https:\/\/elmejorjamon.es\/#website"},"primaryImageOfPage":{"@id":"https:\/\/elmejorjamon.es\/fr\/producto\/fromage-de-chevre-seche-a-l-huile-d-olive-vierge-525-gr\/#primaryimage"},"image":{"@id":"https:\/\/elmejorjamon.es\/fr\/producto\/fromage-de-chevre-seche-a-l-huile-d-olive-vierge-525-gr\/#primaryimage"},"thumbnailUrl":"https:\/\/elmejorjamon.es\/wp-content\/uploads\/2020\/02\/1797-thickbox_default-Queso-de-cabra-curado-en-aceite-de-oliva-virgen-525-gr.jpg","datePublished":"2020-02-14T10:32:16+00:00","dateModified":"2025-02-11T14:47:43+00:00","breadcrumb":{"@id":"https:\/\/elmejorjamon.es\/fr\/producto\/fromage-de-chevre-seche-a-l-huile-d-olive-vierge-525-gr\/#breadcrumb"},"inLanguage":"fr-FR","potentialAction":[{"@type":"ReadAction","target":["https:\/\/elmejorjamon.es\/fr\/producto\/fromage-de-chevre-seche-a-l-huile-d-olive-vierge-525-gr\/"]}]},{"@type":"ImageObject","inLanguage":"fr-FR","@id":"https:\/\/elmejorjamon.es\/fr\/producto\/fromage-de-chevre-seche-a-l-huile-d-olive-vierge-525-gr\/#primaryimage","url":"https:\/\/elmejorjamon.es\/wp-content\/uploads\/2020\/02\/1797-thickbox_default-Queso-de-cabra-curado-en-aceite-de-oliva-virgen-525-gr.jpg","contentUrl":"https:\/\/elmejorjamon.es\/wp-content\/uploads\/2020\/02\/1797-thickbox_default-Queso-de-cabra-curado-en-aceite-de-oliva-virgen-525-gr.jpg","width":1100,"height":1422,"caption":"Queso de cabra curado en aceite de oliva virgen 525 gr."},{"@type":"BreadcrumbList","@id":"https:\/\/elmejorjamon.es\/fr\/producto\/fromage-de-chevre-seche-a-l-huile-d-olive-vierge-525-gr\/#breadcrumb","itemListElement":[{"@type":"ListItem","position":1,"name":"Portada","item":"https:\/\/elmejorjamon.es\/fr\/"},{"@type":"ListItem","position":2,"name":"D\u00e9marrage rapide","item":"https:\/\/elmejorjamon.es\/fr\/"},{"@type":"ListItem","position":3,"name":"Fromage de ch\u00e8vre s\u00e9ch\u00e9 \u00e0 l&#8217;huile d&#8217;olive vierge 525 gr."}]},{"@type":"WebSite","@id":"https:\/\/elmejorjamon.es\/#website","url":"https:\/\/elmejorjamon.es\/","name":"El Mejor Jam\u00f3n","description":"Comprar jamones y embutidos a buen precio","publisher":{"@id":"https:\/\/elmejorjamon.es\/#organization"},"potentialAction":[{"@type":"SearchAction","target":{"@type":"EntryPoint","urlTemplate":"https:\/\/elmejorjamon.es\/?s={search_term_string}"},"query-input":{"@type":"PropertyValueSpecification","valueRequired":true,"valueName":"search_term_string"}}],"inLanguage":"fr-FR"},{"@type":"Organization","@id":"https:\/\/elmejorjamon.es\/#organization","name":"El Mejor Jam\u00f3n","url":"https:\/\/elmejorjamon.es\/","logo":{"@type":"ImageObject","inLanguage":"fr-FR","@id":"https:\/\/elmejorjamon.es\/#\/schema\/logo\/image\/","url":"https:\/\/elmejorjamon.es\/wp-content\/uploads\/2025\/01\/logocorreos.png","contentUrl":"https:\/\/elmejorjamon.es\/wp-content\/uploads\/2025\/01\/logocorreos.png","width":277,"height":200,"caption":"El Mejor Jam\u00f3n"},"image":{"@id":"https:\/\/elmejorjamon.es\/#\/schema\/logo\/image\/"},"sameAs":["https:\/\/www.facebook.com\/elmejorjamonweb","https:\/\/x.com\/elmejorjamonweb","https:\/\/www.instagram.com\/elmejorjamonweb\/"]}]}},"_links":{"self":[{"href":"https:\/\/elmejorjamon.es\/fr\/wp-json\/wp\/v2\/product\/6003","targetHints":{"allow":["GET"]}}],"collection":[{"href":"https:\/\/elmejorjamon.es\/fr\/wp-json\/wp\/v2\/product"}],"about":[{"href":"https:\/\/elmejorjamon.es\/fr\/wp-json\/wp\/v2\/types\/product"}],"replies":[{"embeddable":true,"href":"https:\/\/elmejorjamon.es\/fr\/wp-json\/wp\/v2\/comments?post=6003"}],"wp:featuredmedia":[{"embeddable":true,"href":"https:\/\/elmejorjamon.es\/fr\/wp-json\/wp\/v2\/media\/5995"}],"wp:attachment":[{"href":"https:\/\/elmejorjamon.es\/fr\/wp-json\/wp\/v2\/media?parent=6003"}],"wp:term":[{"taxonomy":"product_brand","embeddable":true,"href":"https:\/\/elmejorjamon.es\/fr\/wp-json\/wp\/v2\/product_brand?post=6003"},{"taxonomy":"product_cat","embeddable":true,"href":"https:\/\/elmejorjamon.es\/fr\/wp-json\/wp\/v2\/product_cat?post=6003"},{"taxonomy":"product_tag","embeddable":true,"href":"https:\/\/elmejorjamon.es\/fr\/wp-json\/wp\/v2\/product_tag?post=6003"}],"curies":[{"name":"wp","href":"https:\/\/api.w.org\/{rel}","templated":true}]}}