{"id":5895,"date":"2020-02-11T11:58:32","date_gmt":"2020-02-11T10:58:32","guid":{"rendered":"https:\/\/nueva.elmejorjamon.es\/producto\/appat-de-jambon-iberique-eresma\/"},"modified":"2025-09-23T14:37:55","modified_gmt":"2025-09-23T12:37:55","slug":"appat-de-jambon-iberique-eresma","status":"publish","type":"product","link":"https:\/\/elmejorjamon.es\/fr\/producto\/appat-de-jambon-iberique-eresma\/","title":{"rendered":"App\u00e2t de jambon ib\u00e9rique Eresma"},"content":{"rendered":"<p>Meilleur jambon d&rsquo;app\u00e2t ib\u00e9rique de S\u00e9govie 2018<\/p>\n<p>Jambon d&rsquo;app\u00e2t ib\u00e9rique (50% race ib\u00e9rique), avec une cure minimale de 24 mois. Cette pi\u00e8ce se distingue par sa saveur \u00e9quilibr\u00e9e, sa d\u00e9licieuse graisse entrelac\u00e9e et par la r\u00e9gularit\u00e9 des morceaux de porcs ib\u00e9riques \u00e9lev\u00e9s dans nos propres fermes. Il a \u00e9t\u00e9 reconnu comme le meilleur jambon ib\u00e9rique de Cebo de S\u00e9govie en 2018 et 2017.<\/p>\n<p>Il a le timbre Tierra de Sabor<\/p>\n<p>Produit certifi\u00e9 par Calicer: PI 0245\/05<\/p>\n<p>Poids approximatif: 7-8 Kg<\/p>\n<p>Produit sans gluten<\/p>\n<p>Produit sans lactose<\/p>\n<p>Gu\u00e9rison: 24 \u00e0 30 mois<\/p>\n<p>Dur\u00e9e de conservation: 18 mois dans des conditions de stockage parfaites<\/p>\n<p>Valeurs nutritionnelles pour 100 grammes<\/p>\n<p>\u00c9nergie 1277 kj \/ 307 kcal<br \/>\nMati\u00e8res grasses 20,2 grammes<br \/>\nDont acides gras satur\u00e9s 7,42 grammes<br \/>\nGlucides 1,16 gramme<br \/>\nDont sucres 0,1 gramme<br \/>\nProt\u00e9ines 30 grammes<br \/>\nSel 4,81 grammes<\/p>\n<p>Ingr\u00e9dients\u00a0: Jambon de Cebo ib\u00e9rique, sel, sucre, conservateurs (E252, E250), correcteur d\u2019acidit\u00e9 E331 (iii), antioxydant E301.<\/p>\n<p>Conseils d\u2019utilisation et de conservation\u00a0: \u00c0 conserver dans un endroit sec et bien ventil\u00e9, \u00e0 une temp\u00e9rature maximale de 18 \u00e0 20\u00a0\u00b0C. \u00c0 consommer \u00e0 une temp\u00e9rature sup\u00e9rieure \u00e0 15\u00a0\u00b0C pour appr\u00e9cier pleinement son ar\u00f4me et sa saveur.<\/p>\n","protected":false},"excerpt":{"rendered":"<p>App\u00e2t de jambon ib\u00e9rique Eresma<\/p>\n","protected":false},"featured_media":5853,"comment_status":"open","ping_status":"closed","template":"","meta":{"_et_pb_use_builder":"","_et_pb_old_content":"","_et_gb_content_width":"","_sitemap_exclude":false,"_sitemap_priority":"","_sitemap_frequency":""},"product_brand":[],"product_cat":[23,107,47],"product_tag":[],"class_list":{"0":"post-5895","1":"product","2":"type-product","3":"status-publish","4":"has-post-thumbnail","6":"product_cat-accueil","7":"product_cat-jambons-iberiques","8":"product_cat-tous-les-produits","9":"product_shipping_class-normal-fr","10":"pa_opciones-63-decoupeaucouteauetemballe-fr","11":"pa_opciones-desosseetemballesousvide59-fr","12":"pa_opciones-pieceentiere-fr","13":"pa_peso-7_5_8kg-fr","14":"pa_peso-8_5kgenviron-fr","15":"pa_peso-9_9_5kg-fr","17":"first","18":"instock","19":"shipping-taxable","20":"purchasable","21":"product-type-variable","22":"has-default-attributes"},"yoast_head":"<!-- This site is optimized with the Yoast SEO plugin v27.4 - https:\/\/yoast.com\/product\/yoast-seo-wordpress\/ -->\n<title>App\u00e2t de jambon ib\u00e9rique Eresma - El Mejor Jam\u00f3n<\/title>\n<meta name=\"robots\" content=\"index, follow, max-snippet:-1, max-image-preview:large, max-video-preview:-1\" \/>\n<link rel=\"canonical\" href=\"https:\/\/elmejorjamon.es\/fr\/producto\/appat-de-jambon-iberique-eresma\/\" \/>\n<meta property=\"og:locale\" content=\"fr_FR\" \/>\n<meta property=\"og:type\" content=\"article\" \/>\n<meta property=\"og:title\" content=\"App\u00e2t de jambon ib\u00e9rique Eresma - El Mejor Jam\u00f3n\" \/>\n<meta property=\"og:description\" content=\"App\u00e2t de jambon ib\u00e9rique Eresma\" \/>\n<meta property=\"og:url\" content=\"https:\/\/elmejorjamon.es\/fr\/producto\/appat-de-jambon-iberique-eresma\/\" \/>\n<meta property=\"og:site_name\" content=\"El Mejor Jam\u00f3n\" \/>\n<meta property=\"article:publisher\" content=\"https:\/\/www.facebook.com\/elmejorjamonweb\" \/>\n<meta property=\"article:modified_time\" content=\"2025-09-23T12:37:55+00:00\" \/>\n<meta property=\"og:image\" content=\"https:\/\/elmejorjamon.es\/wp-content\/uploads\/2020\/02\/2209-thickbox_default-Jamon-de-cebo-50berico-Eresma.jpg\" \/>\n\t<meta property=\"og:image:width\" content=\"1100\" \/>\n\t<meta property=\"og:image:height\" content=\"1422\" \/>\n\t<meta property=\"og:image:type\" content=\"image\/jpeg\" \/>\n<meta name=\"twitter:card\" content=\"summary_large_image\" \/>\n<meta name=\"twitter:site\" content=\"@elmejorjamonweb\" \/>\n<meta name=\"twitter:label1\" content=\"Dur\u00e9e de lecture estim\u00e9e\" \/>\n\t<meta name=\"twitter:data1\" content=\"2 minutes\" \/>\n<script type=\"application\/ld+json\" class=\"yoast-schema-graph\">{\"@context\":\"https:\\\/\\\/schema.org\",\"@graph\":[{\"@type\":\"WebPage\",\"@id\":\"https:\\\/\\\/elmejorjamon.es\\\/fr\\\/producto\\\/appat-de-jambon-iberique-eresma\\\/\",\"url\":\"https:\\\/\\\/elmejorjamon.es\\\/fr\\\/producto\\\/appat-de-jambon-iberique-eresma\\\/\",\"name\":\"App\u00e2t de jambon ib\u00e9rique Eresma - El Mejor Jam\u00f3n\",\"isPartOf\":{\"@id\":\"https:\\\/\\\/elmejorjamon.es\\\/#website\"},\"primaryImageOfPage\":{\"@id\":\"https:\\\/\\\/elmejorjamon.es\\\/fr\\\/producto\\\/appat-de-jambon-iberique-eresma\\\/#primaryimage\"},\"image\":{\"@id\":\"https:\\\/\\\/elmejorjamon.es\\\/fr\\\/producto\\\/appat-de-jambon-iberique-eresma\\\/#primaryimage\"},\"thumbnailUrl\":\"https:\\\/\\\/elmejorjamon.es\\\/wp-content\\\/uploads\\\/2020\\\/02\\\/2209-thickbox_default-Jamon-de-cebo-50berico-Eresma.jpg\",\"datePublished\":\"2020-02-11T10:58:32+00:00\",\"dateModified\":\"2025-09-23T12:37:55+00:00\",\"breadcrumb\":{\"@id\":\"https:\\\/\\\/elmejorjamon.es\\\/fr\\\/producto\\\/appat-de-jambon-iberique-eresma\\\/#breadcrumb\"},\"inLanguage\":\"fr-FR\",\"potentialAction\":[{\"@type\":\"ReadAction\",\"target\":[\"https:\\\/\\\/elmejorjamon.es\\\/fr\\\/producto\\\/appat-de-jambon-iberique-eresma\\\/\"]}]},{\"@type\":\"ImageObject\",\"inLanguage\":\"fr-FR\",\"@id\":\"https:\\\/\\\/elmejorjamon.es\\\/fr\\\/producto\\\/appat-de-jambon-iberique-eresma\\\/#primaryimage\",\"url\":\"https:\\\/\\\/elmejorjamon.es\\\/wp-content\\\/uploads\\\/2020\\\/02\\\/2209-thickbox_default-Jamon-de-cebo-50berico-Eresma.jpg\",\"contentUrl\":\"https:\\\/\\\/elmejorjamon.es\\\/wp-content\\\/uploads\\\/2020\\\/02\\\/2209-thickbox_default-Jamon-de-cebo-50berico-Eresma.jpg\",\"width\":1100,\"height\":1422},{\"@type\":\"BreadcrumbList\",\"@id\":\"https:\\\/\\\/elmejorjamon.es\\\/fr\\\/producto\\\/appat-de-jambon-iberique-eresma\\\/#breadcrumb\",\"itemListElement\":[{\"@type\":\"ListItem\",\"position\":1,\"name\":\"Portada\",\"item\":\"https:\\\/\\\/elmejorjamon.es\\\/fr\\\/\"},{\"@type\":\"ListItem\",\"position\":2,\"name\":\"D\u00e9marrage rapide\",\"item\":\"https:\\\/\\\/elmejorjamon.es\\\/fr\\\/\"},{\"@type\":\"ListItem\",\"position\":3,\"name\":\"App\u00e2t de jambon ib\u00e9rique Eresma\"}]},{\"@type\":\"WebSite\",\"@id\":\"https:\\\/\\\/elmejorjamon.es\\\/#website\",\"url\":\"https:\\\/\\\/elmejorjamon.es\\\/\",\"name\":\"El Mejor Jam\u00f3n\",\"description\":\"Comprar jamones y embutidos a buen precio\",\"publisher\":{\"@id\":\"https:\\\/\\\/elmejorjamon.es\\\/#organization\"},\"potentialAction\":[{\"@type\":\"SearchAction\",\"target\":{\"@type\":\"EntryPoint\",\"urlTemplate\":\"https:\\\/\\\/elmejorjamon.es\\\/?s={search_term_string}\"},\"query-input\":{\"@type\":\"PropertyValueSpecification\",\"valueRequired\":true,\"valueName\":\"search_term_string\"}}],\"inLanguage\":\"fr-FR\"},{\"@type\":\"Organization\",\"@id\":\"https:\\\/\\\/elmejorjamon.es\\\/#organization\",\"name\":\"El Mejor Jam\u00f3n\",\"url\":\"https:\\\/\\\/elmejorjamon.es\\\/\",\"logo\":{\"@type\":\"ImageObject\",\"inLanguage\":\"fr-FR\",\"@id\":\"https:\\\/\\\/elmejorjamon.es\\\/#\\\/schema\\\/logo\\\/image\\\/\",\"url\":\"https:\\\/\\\/elmejorjamon.es\\\/wp-content\\\/uploads\\\/2025\\\/01\\\/logocorreos.png\",\"contentUrl\":\"https:\\\/\\\/elmejorjamon.es\\\/wp-content\\\/uploads\\\/2025\\\/01\\\/logocorreos.png\",\"width\":277,\"height\":200,\"caption\":\"El Mejor Jam\u00f3n\"},\"image\":{\"@id\":\"https:\\\/\\\/elmejorjamon.es\\\/#\\\/schema\\\/logo\\\/image\\\/\"},\"sameAs\":[\"https:\\\/\\\/www.facebook.com\\\/elmejorjamonweb\",\"https:\\\/\\\/x.com\\\/elmejorjamonweb\",\"https:\\\/\\\/www.instagram.com\\\/elmejorjamonweb\\\/\"]}]}<\/script>\n<!-- \/ Yoast SEO plugin. -->","yoast_head_json":{"title":"App\u00e2t de jambon ib\u00e9rique Eresma - El Mejor Jam\u00f3n","robots":{"index":"index","follow":"follow","max-snippet":"max-snippet:-1","max-image-preview":"max-image-preview:large","max-video-preview":"max-video-preview:-1"},"canonical":"https:\/\/elmejorjamon.es\/fr\/producto\/appat-de-jambon-iberique-eresma\/","og_locale":"fr_FR","og_type":"article","og_title":"App\u00e2t de jambon ib\u00e9rique Eresma - El Mejor Jam\u00f3n","og_description":"App\u00e2t de jambon ib\u00e9rique Eresma","og_url":"https:\/\/elmejorjamon.es\/fr\/producto\/appat-de-jambon-iberique-eresma\/","og_site_name":"El Mejor Jam\u00f3n","article_publisher":"https:\/\/www.facebook.com\/elmejorjamonweb","article_modified_time":"2025-09-23T12:37:55+00:00","og_image":[{"width":1100,"height":1422,"url":"https:\/\/elmejorjamon.es\/wp-content\/uploads\/2020\/02\/2209-thickbox_default-Jamon-de-cebo-50berico-Eresma.jpg","type":"image\/jpeg"}],"twitter_card":"summary_large_image","twitter_site":"@elmejorjamonweb","twitter_misc":{"Dur\u00e9e de lecture estim\u00e9e":"2 minutes"},"schema":{"@context":"https:\/\/schema.org","@graph":[{"@type":"WebPage","@id":"https:\/\/elmejorjamon.es\/fr\/producto\/appat-de-jambon-iberique-eresma\/","url":"https:\/\/elmejorjamon.es\/fr\/producto\/appat-de-jambon-iberique-eresma\/","name":"App\u00e2t de jambon ib\u00e9rique Eresma - El Mejor Jam\u00f3n","isPartOf":{"@id":"https:\/\/elmejorjamon.es\/#website"},"primaryImageOfPage":{"@id":"https:\/\/elmejorjamon.es\/fr\/producto\/appat-de-jambon-iberique-eresma\/#primaryimage"},"image":{"@id":"https:\/\/elmejorjamon.es\/fr\/producto\/appat-de-jambon-iberique-eresma\/#primaryimage"},"thumbnailUrl":"https:\/\/elmejorjamon.es\/wp-content\/uploads\/2020\/02\/2209-thickbox_default-Jamon-de-cebo-50berico-Eresma.jpg","datePublished":"2020-02-11T10:58:32+00:00","dateModified":"2025-09-23T12:37:55+00:00","breadcrumb":{"@id":"https:\/\/elmejorjamon.es\/fr\/producto\/appat-de-jambon-iberique-eresma\/#breadcrumb"},"inLanguage":"fr-FR","potentialAction":[{"@type":"ReadAction","target":["https:\/\/elmejorjamon.es\/fr\/producto\/appat-de-jambon-iberique-eresma\/"]}]},{"@type":"ImageObject","inLanguage":"fr-FR","@id":"https:\/\/elmejorjamon.es\/fr\/producto\/appat-de-jambon-iberique-eresma\/#primaryimage","url":"https:\/\/elmejorjamon.es\/wp-content\/uploads\/2020\/02\/2209-thickbox_default-Jamon-de-cebo-50berico-Eresma.jpg","contentUrl":"https:\/\/elmejorjamon.es\/wp-content\/uploads\/2020\/02\/2209-thickbox_default-Jamon-de-cebo-50berico-Eresma.jpg","width":1100,"height":1422},{"@type":"BreadcrumbList","@id":"https:\/\/elmejorjamon.es\/fr\/producto\/appat-de-jambon-iberique-eresma\/#breadcrumb","itemListElement":[{"@type":"ListItem","position":1,"name":"Portada","item":"https:\/\/elmejorjamon.es\/fr\/"},{"@type":"ListItem","position":2,"name":"D\u00e9marrage rapide","item":"https:\/\/elmejorjamon.es\/fr\/"},{"@type":"ListItem","position":3,"name":"App\u00e2t de jambon ib\u00e9rique Eresma"}]},{"@type":"WebSite","@id":"https:\/\/elmejorjamon.es\/#website","url":"https:\/\/elmejorjamon.es\/","name":"El Mejor Jam\u00f3n","description":"Comprar jamones y embutidos a buen precio","publisher":{"@id":"https:\/\/elmejorjamon.es\/#organization"},"potentialAction":[{"@type":"SearchAction","target":{"@type":"EntryPoint","urlTemplate":"https:\/\/elmejorjamon.es\/?s={search_term_string}"},"query-input":{"@type":"PropertyValueSpecification","valueRequired":true,"valueName":"search_term_string"}}],"inLanguage":"fr-FR"},{"@type":"Organization","@id":"https:\/\/elmejorjamon.es\/#organization","name":"El Mejor Jam\u00f3n","url":"https:\/\/elmejorjamon.es\/","logo":{"@type":"ImageObject","inLanguage":"fr-FR","@id":"https:\/\/elmejorjamon.es\/#\/schema\/logo\/image\/","url":"https:\/\/elmejorjamon.es\/wp-content\/uploads\/2025\/01\/logocorreos.png","contentUrl":"https:\/\/elmejorjamon.es\/wp-content\/uploads\/2025\/01\/logocorreos.png","width":277,"height":200,"caption":"El Mejor Jam\u00f3n"},"image":{"@id":"https:\/\/elmejorjamon.es\/#\/schema\/logo\/image\/"},"sameAs":["https:\/\/www.facebook.com\/elmejorjamonweb","https:\/\/x.com\/elmejorjamonweb","https:\/\/www.instagram.com\/elmejorjamonweb\/"]}]}},"_links":{"self":[{"href":"https:\/\/elmejorjamon.es\/fr\/wp-json\/wp\/v2\/product\/5895","targetHints":{"allow":["GET"]}}],"collection":[{"href":"https:\/\/elmejorjamon.es\/fr\/wp-json\/wp\/v2\/product"}],"about":[{"href":"https:\/\/elmejorjamon.es\/fr\/wp-json\/wp\/v2\/types\/product"}],"replies":[{"embeddable":true,"href":"https:\/\/elmejorjamon.es\/fr\/wp-json\/wp\/v2\/comments?post=5895"}],"wp:featuredmedia":[{"embeddable":true,"href":"https:\/\/elmejorjamon.es\/fr\/wp-json\/wp\/v2\/media\/5853"}],"wp:attachment":[{"href":"https:\/\/elmejorjamon.es\/fr\/wp-json\/wp\/v2\/media?parent=5895"}],"wp:term":[{"taxonomy":"product_brand","embeddable":true,"href":"https:\/\/elmejorjamon.es\/fr\/wp-json\/wp\/v2\/product_brand?post=5895"},{"taxonomy":"product_cat","embeddable":true,"href":"https:\/\/elmejorjamon.es\/fr\/wp-json\/wp\/v2\/product_cat?post=5895"},{"taxonomy":"product_tag","embeddable":true,"href":"https:\/\/elmejorjamon.es\/fr\/wp-json\/wp\/v2\/product_tag?post=5895"}],"curies":[{"name":"wp","href":"https:\/\/api.w.org\/{rel}","templated":true}]}}