{"id":4905,"date":"2018-10-31T09:47:24","date_gmt":"2018-10-31T08:47:24","guid":{"rendered":"https:\/\/nueva.elmejorjamon.es\/producto\/epaule-iberique-de-gland-100-iberique-do-guijuelo-salamanca-espagne-de-5-kg-environ\/"},"modified":"2025-01-15T13:33:24","modified_gmt":"2025-01-15T12:33:24","slug":"epaule-iberique-de-gland-100-iberique-do-guijuelo-salamanca-espagne-de-5-kg-environ","status":"publish","type":"product","link":"https:\/\/elmejorjamon.es\/fr\/producto\/epaule-iberique-de-gland-100-iberique-do-guijuelo-salamanca-espagne-de-5-kg-environ\/","title":{"rendered":"\u00c9paule ib\u00e9rique de gland 100% ib\u00e9rique D.O. Guijuelo (Salamanca Espagne) de 5-5,5 kg."},"content":{"rendered":"<p>\u00c9paule ib\u00e9rique 100% gland Monteparra D.O. GUIJUELO La grande majorit\u00e9 des \u00e9leveurs travaillent avec des porcs ib\u00e9riques de race m\u00e9lang\u00e9e, r\u00e9sultat de l\u2019union des porcs ib\u00e9riques de race pure et des porcs Duroc. Ils sont s\u00e9lectionn\u00e9s pour leur plus grande productivit\u00e9 mais donnent lieu \u00e0 des saveurs et des ar\u00f4mes diff\u00e9rents de ceux du porc 100% ib\u00e9rique. Monteparra a s\u00e9lectionn\u00e9 des sp\u00e9cimens de race ib\u00e9rique pure et dispose d\u2019une \u00e9quipe de v\u00e9t\u00e9rinaires et de techniciens agricoles exclusivement d\u00e9di\u00e9s \u00e0 l\u2019\u00e9tude, au soin et au contr\u00f4le de l\u2019animal: le porc 100% ib\u00e9rique. L\u2019\u00e9tiquetage noir indique que le produit est 100% ib\u00e9rique de Bellota et constitue donc un gage d\u2019excellence et de qualit\u00e9. Seuls les produits marqu\u00e9s de l&rsquo;\u00e9tiquette noire peuvent s&rsquo;appeler patte noire.<\/p>\n","protected":false},"excerpt":{"rendered":"<p>\u00c9paule ib\u00e9rique de gland 100% ib\u00e9rique D.O. Guijuelo (Salamanca Espagne) de 5-5,5 kg.\u00a0<\/p>\n","protected":false},"featured_media":20427,"comment_status":"open","ping_status":"closed","template":"","meta":{"_et_pb_use_builder":"","_et_pb_old_content":"","_et_gb_content_width":"","_sitemap_exclude":false,"_sitemap_priority":"","_sitemap_frequency":""},"product_brand":[],"product_cat":[23,113,47],"product_tag":[],"class_list":{"0":"post-4905","1":"product","2":"type-product","3":"status-publish","4":"has-post-thumbnail","6":"product_cat-accueil","7":"product_cat-paletillas-ibericas-fr","8":"product_cat-tous-les-produits","9":"product_shipping_class-normal-fr","10":"pa_opciones-60-decoupeaucouteauetemballe-fr","11":"pa_opciones-desosseetemballesousvide59-fr","12":"pa_opciones-pieceentiere-fr","14":"first","15":"instock","16":"shipping-taxable","17":"purchasable","18":"product-type-variable","19":"has-default-attributes"},"yoast_head":"<!-- This site is optimized with the Yoast SEO plugin v27.4 - https:\/\/yoast.com\/product\/yoast-seo-wordpress\/ -->\n<title>\u00c9paule ib\u00e9rique de gland 100% ib\u00e9rique D.O. Guijuelo (Salamanca Espagne) de 5-5,5 kg. - El Mejor Jam\u00f3n<\/title>\n<meta name=\"robots\" content=\"index, follow, max-snippet:-1, max-image-preview:large, max-video-preview:-1\" \/>\n<link rel=\"canonical\" href=\"https:\/\/elmejorjamon.es\/fr\/producto\/epaule-iberique-de-gland-100-iberique-do-guijuelo-salamanca-espagne-de-5-kg-environ\/\" \/>\n<meta property=\"og:locale\" content=\"fr_FR\" \/>\n<meta property=\"og:type\" content=\"article\" \/>\n<meta property=\"og:title\" content=\"\u00c9paule ib\u00e9rique de gland 100% ib\u00e9rique D.O. Guijuelo (Salamanca Espagne) de 5-5,5 kg. - El Mejor Jam\u00f3n\" \/>\n<meta property=\"og:description\" content=\"\u00c9paule ib\u00e9rique de gland 100% ib\u00e9rique D.O. Guijuelo (Salamanca Espagne) de 5-5,5 kg.\u00a0\" \/>\n<meta property=\"og:url\" content=\"https:\/\/elmejorjamon.es\/fr\/producto\/epaule-iberique-de-gland-100-iberique-do-guijuelo-salamanca-espagne-de-5-kg-environ\/\" \/>\n<meta property=\"og:site_name\" content=\"El Mejor Jam\u00f3n\" \/>\n<meta property=\"article:publisher\" content=\"https:\/\/www.facebook.com\/elmejorjamonweb\" \/>\n<meta property=\"article:modified_time\" content=\"2025-01-15T12:33:24+00:00\" \/>\n<meta property=\"og:image\" content=\"https:\/\/elmejorjamon.es\/wp-content\/uploads\/2018\/10\/2139-thickbox_default-Paleta-de-bellota-100berico-D.O.-Guijuelo-de-5-55-kg.jpg\" \/>\n\t<meta property=\"og:image:width\" content=\"1100\" \/>\n\t<meta property=\"og:image:height\" content=\"1422\" \/>\n\t<meta property=\"og:image:type\" content=\"image\/jpeg\" \/>\n<meta name=\"twitter:card\" content=\"summary_large_image\" \/>\n<meta name=\"twitter:site\" content=\"@elmejorjamonweb\" \/>\n<meta name=\"twitter:label1\" content=\"Dur\u00e9e de lecture estim\u00e9e\" \/>\n\t<meta name=\"twitter:data1\" content=\"1 minute\" \/>\n<script type=\"application\/ld+json\" class=\"yoast-schema-graph\">{\"@context\":\"https:\\\/\\\/schema.org\",\"@graph\":[{\"@type\":\"WebPage\",\"@id\":\"https:\\\/\\\/elmejorjamon.es\\\/fr\\\/producto\\\/epaule-iberique-de-gland-100-iberique-do-guijuelo-salamanca-espagne-de-5-kg-environ\\\/\",\"url\":\"https:\\\/\\\/elmejorjamon.es\\\/fr\\\/producto\\\/epaule-iberique-de-gland-100-iberique-do-guijuelo-salamanca-espagne-de-5-kg-environ\\\/\",\"name\":\"\u00c9paule ib\u00e9rique de gland 100% ib\u00e9rique D.O. Guijuelo (Salamanca Espagne) de 5-5,5 kg. - El Mejor Jam\u00f3n\",\"isPartOf\":{\"@id\":\"https:\\\/\\\/elmejorjamon.es\\\/#website\"},\"primaryImageOfPage\":{\"@id\":\"https:\\\/\\\/elmejorjamon.es\\\/fr\\\/producto\\\/epaule-iberique-de-gland-100-iberique-do-guijuelo-salamanca-espagne-de-5-kg-environ\\\/#primaryimage\"},\"image\":{\"@id\":\"https:\\\/\\\/elmejorjamon.es\\\/fr\\\/producto\\\/epaule-iberique-de-gland-100-iberique-do-guijuelo-salamanca-espagne-de-5-kg-environ\\\/#primaryimage\"},\"thumbnailUrl\":\"https:\\\/\\\/elmejorjamon.es\\\/wp-content\\\/uploads\\\/2018\\\/10\\\/paleta1002.jpg\",\"datePublished\":\"2018-10-31T08:47:24+00:00\",\"dateModified\":\"2025-01-15T12:33:24+00:00\",\"breadcrumb\":{\"@id\":\"https:\\\/\\\/elmejorjamon.es\\\/fr\\\/producto\\\/epaule-iberique-de-gland-100-iberique-do-guijuelo-salamanca-espagne-de-5-kg-environ\\\/#breadcrumb\"},\"inLanguage\":\"fr-FR\",\"potentialAction\":[{\"@type\":\"ReadAction\",\"target\":[\"https:\\\/\\\/elmejorjamon.es\\\/fr\\\/producto\\\/epaule-iberique-de-gland-100-iberique-do-guijuelo-salamanca-espagne-de-5-kg-environ\\\/\"]}]},{\"@type\":\"ImageObject\",\"inLanguage\":\"fr-FR\",\"@id\":\"https:\\\/\\\/elmejorjamon.es\\\/fr\\\/producto\\\/epaule-iberique-de-gland-100-iberique-do-guijuelo-salamanca-espagne-de-5-kg-environ\\\/#primaryimage\",\"url\":\"https:\\\/\\\/elmejorjamon.es\\\/wp-content\\\/uploads\\\/2018\\\/10\\\/paleta1002.jpg\",\"contentUrl\":\"https:\\\/\\\/elmejorjamon.es\\\/wp-content\\\/uploads\\\/2018\\\/10\\\/paleta1002.jpg\",\"width\":503,\"height\":1096},{\"@type\":\"BreadcrumbList\",\"@id\":\"https:\\\/\\\/elmejorjamon.es\\\/fr\\\/producto\\\/epaule-iberique-de-gland-100-iberique-do-guijuelo-salamanca-espagne-de-5-kg-environ\\\/#breadcrumb\",\"itemListElement\":[{\"@type\":\"ListItem\",\"position\":1,\"name\":\"Portada\",\"item\":\"https:\\\/\\\/elmejorjamon.es\\\/fr\\\/\"},{\"@type\":\"ListItem\",\"position\":2,\"name\":\"D\u00e9marrage rapide\",\"item\":\"https:\\\/\\\/elmejorjamon.es\\\/fr\\\/\"},{\"@type\":\"ListItem\",\"position\":3,\"name\":\"\u00c9paule ib\u00e9rique de gland 100% ib\u00e9rique D.O. Guijuelo (Salamanca Espagne) de 5-5,5 kg.\"}]},{\"@type\":\"WebSite\",\"@id\":\"https:\\\/\\\/elmejorjamon.es\\\/#website\",\"url\":\"https:\\\/\\\/elmejorjamon.es\\\/\",\"name\":\"El Mejor Jam\u00f3n\",\"description\":\"Comprar jamones y embutidos a buen precio\",\"publisher\":{\"@id\":\"https:\\\/\\\/elmejorjamon.es\\\/#organization\"},\"potentialAction\":[{\"@type\":\"SearchAction\",\"target\":{\"@type\":\"EntryPoint\",\"urlTemplate\":\"https:\\\/\\\/elmejorjamon.es\\\/?s={search_term_string}\"},\"query-input\":{\"@type\":\"PropertyValueSpecification\",\"valueRequired\":true,\"valueName\":\"search_term_string\"}}],\"inLanguage\":\"fr-FR\"},{\"@type\":\"Organization\",\"@id\":\"https:\\\/\\\/elmejorjamon.es\\\/#organization\",\"name\":\"El Mejor Jam\u00f3n\",\"url\":\"https:\\\/\\\/elmejorjamon.es\\\/\",\"logo\":{\"@type\":\"ImageObject\",\"inLanguage\":\"fr-FR\",\"@id\":\"https:\\\/\\\/elmejorjamon.es\\\/#\\\/schema\\\/logo\\\/image\\\/\",\"url\":\"https:\\\/\\\/elmejorjamon.es\\\/wp-content\\\/uploads\\\/2025\\\/01\\\/logocorreos.png\",\"contentUrl\":\"https:\\\/\\\/elmejorjamon.es\\\/wp-content\\\/uploads\\\/2025\\\/01\\\/logocorreos.png\",\"width\":277,\"height\":200,\"caption\":\"El Mejor Jam\u00f3n\"},\"image\":{\"@id\":\"https:\\\/\\\/elmejorjamon.es\\\/#\\\/schema\\\/logo\\\/image\\\/\"},\"sameAs\":[\"https:\\\/\\\/www.facebook.com\\\/elmejorjamonweb\",\"https:\\\/\\\/x.com\\\/elmejorjamonweb\",\"https:\\\/\\\/www.instagram.com\\\/elmejorjamonweb\\\/\"]}]}<\/script>\n<!-- \/ Yoast SEO plugin. -->","yoast_head_json":{"title":"\u00c9paule ib\u00e9rique de gland 100% ib\u00e9rique D.O. Guijuelo (Salamanca Espagne) de 5-5,5 kg. - El Mejor Jam\u00f3n","robots":{"index":"index","follow":"follow","max-snippet":"max-snippet:-1","max-image-preview":"max-image-preview:large","max-video-preview":"max-video-preview:-1"},"canonical":"https:\/\/elmejorjamon.es\/fr\/producto\/epaule-iberique-de-gland-100-iberique-do-guijuelo-salamanca-espagne-de-5-kg-environ\/","og_locale":"fr_FR","og_type":"article","og_title":"\u00c9paule ib\u00e9rique de gland 100% ib\u00e9rique D.O. Guijuelo (Salamanca Espagne) de 5-5,5 kg. - El Mejor Jam\u00f3n","og_description":"\u00c9paule ib\u00e9rique de gland 100% ib\u00e9rique D.O. Guijuelo (Salamanca Espagne) de 5-5,5 kg.\u00a0","og_url":"https:\/\/elmejorjamon.es\/fr\/producto\/epaule-iberique-de-gland-100-iberique-do-guijuelo-salamanca-espagne-de-5-kg-environ\/","og_site_name":"El Mejor Jam\u00f3n","article_publisher":"https:\/\/www.facebook.com\/elmejorjamonweb","article_modified_time":"2025-01-15T12:33:24+00:00","og_image":[{"width":1100,"height":1422,"url":"https:\/\/elmejorjamon.es\/wp-content\/uploads\/2018\/10\/2139-thickbox_default-Paleta-de-bellota-100berico-D.O.-Guijuelo-de-5-55-kg.jpg","type":"image\/jpeg"}],"twitter_card":"summary_large_image","twitter_site":"@elmejorjamonweb","twitter_misc":{"Dur\u00e9e de lecture estim\u00e9e":"1 minute"},"schema":{"@context":"https:\/\/schema.org","@graph":[{"@type":"WebPage","@id":"https:\/\/elmejorjamon.es\/fr\/producto\/epaule-iberique-de-gland-100-iberique-do-guijuelo-salamanca-espagne-de-5-kg-environ\/","url":"https:\/\/elmejorjamon.es\/fr\/producto\/epaule-iberique-de-gland-100-iberique-do-guijuelo-salamanca-espagne-de-5-kg-environ\/","name":"\u00c9paule ib\u00e9rique de gland 100% ib\u00e9rique D.O. Guijuelo (Salamanca Espagne) de 5-5,5 kg. - El Mejor Jam\u00f3n","isPartOf":{"@id":"https:\/\/elmejorjamon.es\/#website"},"primaryImageOfPage":{"@id":"https:\/\/elmejorjamon.es\/fr\/producto\/epaule-iberique-de-gland-100-iberique-do-guijuelo-salamanca-espagne-de-5-kg-environ\/#primaryimage"},"image":{"@id":"https:\/\/elmejorjamon.es\/fr\/producto\/epaule-iberique-de-gland-100-iberique-do-guijuelo-salamanca-espagne-de-5-kg-environ\/#primaryimage"},"thumbnailUrl":"https:\/\/elmejorjamon.es\/wp-content\/uploads\/2018\/10\/paleta1002.jpg","datePublished":"2018-10-31T08:47:24+00:00","dateModified":"2025-01-15T12:33:24+00:00","breadcrumb":{"@id":"https:\/\/elmejorjamon.es\/fr\/producto\/epaule-iberique-de-gland-100-iberique-do-guijuelo-salamanca-espagne-de-5-kg-environ\/#breadcrumb"},"inLanguage":"fr-FR","potentialAction":[{"@type":"ReadAction","target":["https:\/\/elmejorjamon.es\/fr\/producto\/epaule-iberique-de-gland-100-iberique-do-guijuelo-salamanca-espagne-de-5-kg-environ\/"]}]},{"@type":"ImageObject","inLanguage":"fr-FR","@id":"https:\/\/elmejorjamon.es\/fr\/producto\/epaule-iberique-de-gland-100-iberique-do-guijuelo-salamanca-espagne-de-5-kg-environ\/#primaryimage","url":"https:\/\/elmejorjamon.es\/wp-content\/uploads\/2018\/10\/paleta1002.jpg","contentUrl":"https:\/\/elmejorjamon.es\/wp-content\/uploads\/2018\/10\/paleta1002.jpg","width":503,"height":1096},{"@type":"BreadcrumbList","@id":"https:\/\/elmejorjamon.es\/fr\/producto\/epaule-iberique-de-gland-100-iberique-do-guijuelo-salamanca-espagne-de-5-kg-environ\/#breadcrumb","itemListElement":[{"@type":"ListItem","position":1,"name":"Portada","item":"https:\/\/elmejorjamon.es\/fr\/"},{"@type":"ListItem","position":2,"name":"D\u00e9marrage rapide","item":"https:\/\/elmejorjamon.es\/fr\/"},{"@type":"ListItem","position":3,"name":"\u00c9paule ib\u00e9rique de gland 100% ib\u00e9rique D.O. Guijuelo (Salamanca Espagne) de 5-5,5 kg."}]},{"@type":"WebSite","@id":"https:\/\/elmejorjamon.es\/#website","url":"https:\/\/elmejorjamon.es\/","name":"El Mejor Jam\u00f3n","description":"Comprar jamones y embutidos a buen precio","publisher":{"@id":"https:\/\/elmejorjamon.es\/#organization"},"potentialAction":[{"@type":"SearchAction","target":{"@type":"EntryPoint","urlTemplate":"https:\/\/elmejorjamon.es\/?s={search_term_string}"},"query-input":{"@type":"PropertyValueSpecification","valueRequired":true,"valueName":"search_term_string"}}],"inLanguage":"fr-FR"},{"@type":"Organization","@id":"https:\/\/elmejorjamon.es\/#organization","name":"El Mejor Jam\u00f3n","url":"https:\/\/elmejorjamon.es\/","logo":{"@type":"ImageObject","inLanguage":"fr-FR","@id":"https:\/\/elmejorjamon.es\/#\/schema\/logo\/image\/","url":"https:\/\/elmejorjamon.es\/wp-content\/uploads\/2025\/01\/logocorreos.png","contentUrl":"https:\/\/elmejorjamon.es\/wp-content\/uploads\/2025\/01\/logocorreos.png","width":277,"height":200,"caption":"El Mejor Jam\u00f3n"},"image":{"@id":"https:\/\/elmejorjamon.es\/#\/schema\/logo\/image\/"},"sameAs":["https:\/\/www.facebook.com\/elmejorjamonweb","https:\/\/x.com\/elmejorjamonweb","https:\/\/www.instagram.com\/elmejorjamonweb\/"]}]}},"_links":{"self":[{"href":"https:\/\/elmejorjamon.es\/fr\/wp-json\/wp\/v2\/product\/4905","targetHints":{"allow":["GET"]}}],"collection":[{"href":"https:\/\/elmejorjamon.es\/fr\/wp-json\/wp\/v2\/product"}],"about":[{"href":"https:\/\/elmejorjamon.es\/fr\/wp-json\/wp\/v2\/types\/product"}],"replies":[{"embeddable":true,"href":"https:\/\/elmejorjamon.es\/fr\/wp-json\/wp\/v2\/comments?post=4905"}],"wp:featuredmedia":[{"embeddable":true,"href":"https:\/\/elmejorjamon.es\/fr\/wp-json\/wp\/v2\/media\/20427"}],"wp:attachment":[{"href":"https:\/\/elmejorjamon.es\/fr\/wp-json\/wp\/v2\/media?parent=4905"}],"wp:term":[{"taxonomy":"product_brand","embeddable":true,"href":"https:\/\/elmejorjamon.es\/fr\/wp-json\/wp\/v2\/product_brand?post=4905"},{"taxonomy":"product_cat","embeddable":true,"href":"https:\/\/elmejorjamon.es\/fr\/wp-json\/wp\/v2\/product_cat?post=4905"},{"taxonomy":"product_tag","embeddable":true,"href":"https:\/\/elmejorjamon.es\/fr\/wp-json\/wp\/v2\/product_tag?post=4905"}],"curies":[{"name":"wp","href":"https:\/\/api.w.org\/{rel}","templated":true}]}}