{"id":4407,"date":"2018-05-08T09:54:15","date_gmt":"2018-05-08T07:54:15","guid":{"rendered":"https:\/\/nueva.elmejorjamon.es\/producto\/saucisse-epice-en-fer-a-cheval-fait-cruz-maison-3-kg-approximatif\/"},"modified":"2018-05-08T09:54:15","modified_gmt":"2018-05-08T08:54:15","slug":"saucisse-epice-en-fer-a-cheval-fait-cruz-maison-3-kg-approximatif","status":"publish","type":"product","link":"https:\/\/elmejorjamon.es\/fr\/producto\/saucisse-epice-en-fer-a-cheval-fait-cruz-maison-3-kg-approximatif\/","title":{"rendered":"Saucisse \u00e9pic\u00e9 en fer \u00e0 cheval fait Cruz maison 3 kg. approximatif."},"content":{"rendered":"<p>Saucisse \u00e9pic\u00e9\u00a0en fer \u00e0 cheval fait Cruz maison 3 kg. approximatif.<br \/>Chorizo fait maison est un produit sans additifs, ni conservateurs artificiels. Sa gu\u00e9rison lente et naturelle en fait un produit sans acidit\u00e9.<br \/>Il a une saveur tr\u00e8s appr\u00e9ci\u00e9e, \u00e0 la fois dans la vari\u00e9t\u00e9 de sucr\u00e9 comme dans celle de \u00e9pic\u00e9.<\/p>\n","protected":false},"excerpt":{"rendered":"<p>Saucisse \u00e9pic\u00e9\u00a0en fer \u00e0 cheval fait Cruz maison 3 kg. approximatif.<\/p>\n","protected":false},"featured_media":4399,"comment_status":"open","ping_status":"closed","template":"","meta":{"_et_pb_use_builder":"","_et_pb_old_content":"","_et_gb_content_width":"","_sitemap_exclude":false,"_sitemap_priority":"","_sitemap_frequency":""},"product_brand":[],"product_cat":[23,89,47],"product_tag":[],"class_list":{"0":"post-4407","1":"product","2":"type-product","3":"status-publish","4":"has-post-thumbnail","6":"product_cat-accueil","7":"product_cat-embutidos-fr","8":"product_cat-tous-les-produits","9":"product_shipping_class-normal-fr","11":"first","12":"instock","13":"shipping-taxable","14":"purchasable","15":"product-type-simple"},"yoast_head":"<!-- This site is optimized with the Yoast SEO plugin v27.2 - https:\/\/yoast.com\/product\/yoast-seo-wordpress\/ -->\n<title>Saucisse \u00e9pic\u00e9 en fer \u00e0 cheval fait Cruz maison 3 kg. approximatif. - El Mejor Jam\u00f3n<\/title>\n<meta name=\"robots\" content=\"index, follow, max-snippet:-1, max-image-preview:large, max-video-preview:-1\" \/>\n<link rel=\"canonical\" href=\"https:\/\/elmejorjamon.es\/fr\/producto\/saucisse-epice-en-fer-a-cheval-fait-cruz-maison-3-kg-approximatif\/\" \/>\n<meta property=\"og:locale\" content=\"fr_FR\" \/>\n<meta property=\"og:type\" content=\"article\" \/>\n<meta property=\"og:title\" content=\"Saucisse \u00e9pic\u00e9 en fer \u00e0 cheval fait Cruz maison 3 kg. approximatif. - El Mejor Jam\u00f3n\" \/>\n<meta property=\"og:description\" content=\"Saucisse \u00e9pic\u00e9\u00a0en fer \u00e0 cheval fait Cruz maison 3 kg. approximatif.\" \/>\n<meta property=\"og:url\" content=\"https:\/\/elmejorjamon.es\/fr\/producto\/saucisse-epice-en-fer-a-cheval-fait-cruz-maison-3-kg-approximatif\/\" \/>\n<meta property=\"og:site_name\" content=\"El Mejor Jam\u00f3n\" \/>\n<meta property=\"article:publisher\" content=\"https:\/\/www.facebook.com\/elmejorjamonweb\" \/>\n<meta property=\"article:modified_time\" content=\"2018-05-08T08:54:15+00:00\" \/>\n<meta property=\"og:image\" content=\"https:\/\/elmejorjamon.es\/wp-content\/uploads\/2018\/05\/1348-thickbox_default-Chorizo-dulce-casero-de-herradura-Cruz-bandeja-de-3-kg.-aproximado.jpg\" \/>\n\t<meta property=\"og:image:width\" content=\"1100\" \/>\n\t<meta property=\"og:image:height\" content=\"1422\" \/>\n\t<meta property=\"og:image:type\" content=\"image\/jpeg\" \/>\n<meta name=\"twitter:card\" content=\"summary_large_image\" \/>\n<meta name=\"twitter:site\" content=\"@elmejorjamonweb\" \/>\n<script type=\"application\/ld+json\" class=\"yoast-schema-graph\">{\"@context\":\"https:\/\/schema.org\",\"@graph\":[{\"@type\":\"WebPage\",\"@id\":\"https:\/\/elmejorjamon.es\/fr\/producto\/saucisse-epice-en-fer-a-cheval-fait-cruz-maison-3-kg-approximatif\/\",\"url\":\"https:\/\/elmejorjamon.es\/fr\/producto\/saucisse-epice-en-fer-a-cheval-fait-cruz-maison-3-kg-approximatif\/\",\"name\":\"Saucisse \u00e9pic\u00e9 en fer \u00e0 cheval fait Cruz maison 3 kg. approximatif. - El Mejor Jam\u00f3n\",\"isPartOf\":{\"@id\":\"https:\/\/elmejorjamon.es\/#website\"},\"primaryImageOfPage\":{\"@id\":\"https:\/\/elmejorjamon.es\/fr\/producto\/saucisse-epice-en-fer-a-cheval-fait-cruz-maison-3-kg-approximatif\/#primaryimage\"},\"image\":{\"@id\":\"https:\/\/elmejorjamon.es\/fr\/producto\/saucisse-epice-en-fer-a-cheval-fait-cruz-maison-3-kg-approximatif\/#primaryimage\"},\"thumbnailUrl\":\"https:\/\/elmejorjamon.es\/wp-content\/uploads\/2018\/05\/1348-thickbox_default-Chorizo-dulce-casero-de-herradura-Cruz-bandeja-de-3-kg.-aproximado.jpg\",\"datePublished\":\"2018-05-08T07:54:15+00:00\",\"dateModified\":\"2018-05-08T08:54:15+00:00\",\"breadcrumb\":{\"@id\":\"https:\/\/elmejorjamon.es\/fr\/producto\/saucisse-epice-en-fer-a-cheval-fait-cruz-maison-3-kg-approximatif\/#breadcrumb\"},\"inLanguage\":\"fr-FR\",\"potentialAction\":[{\"@type\":\"ReadAction\",\"target\":[\"https:\/\/elmejorjamon.es\/fr\/producto\/saucisse-epice-en-fer-a-cheval-fait-cruz-maison-3-kg-approximatif\/\"]}]},{\"@type\":\"ImageObject\",\"inLanguage\":\"fr-FR\",\"@id\":\"https:\/\/elmejorjamon.es\/fr\/producto\/saucisse-epice-en-fer-a-cheval-fait-cruz-maison-3-kg-approximatif\/#primaryimage\",\"url\":\"https:\/\/elmejorjamon.es\/wp-content\/uploads\/2018\/05\/1348-thickbox_default-Chorizo-dulce-casero-de-herradura-Cruz-bandeja-de-3-kg.-aproximado.jpg\",\"contentUrl\":\"https:\/\/elmejorjamon.es\/wp-content\/uploads\/2018\/05\/1348-thickbox_default-Chorizo-dulce-casero-de-herradura-Cruz-bandeja-de-3-kg.-aproximado.jpg\",\"width\":1100,\"height\":1422,\"caption\":\"Chorizo dulce casero de herradura Cruz bandeja de 3 kg. aproximado.\"},{\"@type\":\"BreadcrumbList\",\"@id\":\"https:\/\/elmejorjamon.es\/fr\/producto\/saucisse-epice-en-fer-a-cheval-fait-cruz-maison-3-kg-approximatif\/#breadcrumb\",\"itemListElement\":[{\"@type\":\"ListItem\",\"position\":1,\"name\":\"Portada\",\"item\":\"https:\/\/elmejorjamon.es\/fr\/\"},{\"@type\":\"ListItem\",\"position\":2,\"name\":\"D\u00e9marrage rapide\",\"item\":\"https:\/\/elmejorjamon.es\/fr\/\"},{\"@type\":\"ListItem\",\"position\":3,\"name\":\"Saucisse \u00e9pic\u00e9 en fer \u00e0 cheval fait Cruz maison 3 kg. approximatif.\"}]},{\"@type\":\"WebSite\",\"@id\":\"https:\/\/elmejorjamon.es\/#website\",\"url\":\"https:\/\/elmejorjamon.es\/\",\"name\":\"El Mejor Jam\u00f3n\",\"description\":\"Comprar jamones y embutidos a buen precio\",\"publisher\":{\"@id\":\"https:\/\/elmejorjamon.es\/#organization\"},\"potentialAction\":[{\"@type\":\"SearchAction\",\"target\":{\"@type\":\"EntryPoint\",\"urlTemplate\":\"https:\/\/elmejorjamon.es\/?s={search_term_string}\"},\"query-input\":{\"@type\":\"PropertyValueSpecification\",\"valueRequired\":true,\"valueName\":\"search_term_string\"}}],\"inLanguage\":\"fr-FR\"},{\"@type\":\"Organization\",\"@id\":\"https:\/\/elmejorjamon.es\/#organization\",\"name\":\"El Mejor Jam\u00f3n\",\"url\":\"https:\/\/elmejorjamon.es\/\",\"logo\":{\"@type\":\"ImageObject\",\"inLanguage\":\"fr-FR\",\"@id\":\"https:\/\/elmejorjamon.es\/#\/schema\/logo\/image\/\",\"url\":\"https:\/\/elmejorjamon.es\/wp-content\/uploads\/2025\/01\/logocorreos.png\",\"contentUrl\":\"https:\/\/elmejorjamon.es\/wp-content\/uploads\/2025\/01\/logocorreos.png\",\"width\":277,\"height\":200,\"caption\":\"El Mejor Jam\u00f3n\"},\"image\":{\"@id\":\"https:\/\/elmejorjamon.es\/#\/schema\/logo\/image\/\"},\"sameAs\":[\"https:\/\/www.facebook.com\/elmejorjamonweb\",\"https:\/\/x.com\/elmejorjamonweb\",\"https:\/\/www.instagram.com\/elmejorjamonweb\/\"]}]}<\/script>\n<!-- \/ Yoast SEO plugin. -->","yoast_head_json":{"title":"Saucisse \u00e9pic\u00e9 en fer \u00e0 cheval fait Cruz maison 3 kg. approximatif. - El Mejor Jam\u00f3n","robots":{"index":"index","follow":"follow","max-snippet":"max-snippet:-1","max-image-preview":"max-image-preview:large","max-video-preview":"max-video-preview:-1"},"canonical":"https:\/\/elmejorjamon.es\/fr\/producto\/saucisse-epice-en-fer-a-cheval-fait-cruz-maison-3-kg-approximatif\/","og_locale":"fr_FR","og_type":"article","og_title":"Saucisse \u00e9pic\u00e9 en fer \u00e0 cheval fait Cruz maison 3 kg. approximatif. - El Mejor Jam\u00f3n","og_description":"Saucisse \u00e9pic\u00e9\u00a0en fer \u00e0 cheval fait Cruz maison 3 kg. approximatif.","og_url":"https:\/\/elmejorjamon.es\/fr\/producto\/saucisse-epice-en-fer-a-cheval-fait-cruz-maison-3-kg-approximatif\/","og_site_name":"El Mejor Jam\u00f3n","article_publisher":"https:\/\/www.facebook.com\/elmejorjamonweb","article_modified_time":"2018-05-08T08:54:15+00:00","og_image":[{"width":1100,"height":1422,"url":"https:\/\/elmejorjamon.es\/wp-content\/uploads\/2018\/05\/1348-thickbox_default-Chorizo-dulce-casero-de-herradura-Cruz-bandeja-de-3-kg.-aproximado.jpg","type":"image\/jpeg"}],"twitter_card":"summary_large_image","twitter_site":"@elmejorjamonweb","schema":{"@context":"https:\/\/schema.org","@graph":[{"@type":"WebPage","@id":"https:\/\/elmejorjamon.es\/fr\/producto\/saucisse-epice-en-fer-a-cheval-fait-cruz-maison-3-kg-approximatif\/","url":"https:\/\/elmejorjamon.es\/fr\/producto\/saucisse-epice-en-fer-a-cheval-fait-cruz-maison-3-kg-approximatif\/","name":"Saucisse \u00e9pic\u00e9 en fer \u00e0 cheval fait Cruz maison 3 kg. approximatif. - El Mejor Jam\u00f3n","isPartOf":{"@id":"https:\/\/elmejorjamon.es\/#website"},"primaryImageOfPage":{"@id":"https:\/\/elmejorjamon.es\/fr\/producto\/saucisse-epice-en-fer-a-cheval-fait-cruz-maison-3-kg-approximatif\/#primaryimage"},"image":{"@id":"https:\/\/elmejorjamon.es\/fr\/producto\/saucisse-epice-en-fer-a-cheval-fait-cruz-maison-3-kg-approximatif\/#primaryimage"},"thumbnailUrl":"https:\/\/elmejorjamon.es\/wp-content\/uploads\/2018\/05\/1348-thickbox_default-Chorizo-dulce-casero-de-herradura-Cruz-bandeja-de-3-kg.-aproximado.jpg","datePublished":"2018-05-08T07:54:15+00:00","dateModified":"2018-05-08T08:54:15+00:00","breadcrumb":{"@id":"https:\/\/elmejorjamon.es\/fr\/producto\/saucisse-epice-en-fer-a-cheval-fait-cruz-maison-3-kg-approximatif\/#breadcrumb"},"inLanguage":"fr-FR","potentialAction":[{"@type":"ReadAction","target":["https:\/\/elmejorjamon.es\/fr\/producto\/saucisse-epice-en-fer-a-cheval-fait-cruz-maison-3-kg-approximatif\/"]}]},{"@type":"ImageObject","inLanguage":"fr-FR","@id":"https:\/\/elmejorjamon.es\/fr\/producto\/saucisse-epice-en-fer-a-cheval-fait-cruz-maison-3-kg-approximatif\/#primaryimage","url":"https:\/\/elmejorjamon.es\/wp-content\/uploads\/2018\/05\/1348-thickbox_default-Chorizo-dulce-casero-de-herradura-Cruz-bandeja-de-3-kg.-aproximado.jpg","contentUrl":"https:\/\/elmejorjamon.es\/wp-content\/uploads\/2018\/05\/1348-thickbox_default-Chorizo-dulce-casero-de-herradura-Cruz-bandeja-de-3-kg.-aproximado.jpg","width":1100,"height":1422,"caption":"Chorizo dulce casero de herradura Cruz bandeja de 3 kg. aproximado."},{"@type":"BreadcrumbList","@id":"https:\/\/elmejorjamon.es\/fr\/producto\/saucisse-epice-en-fer-a-cheval-fait-cruz-maison-3-kg-approximatif\/#breadcrumb","itemListElement":[{"@type":"ListItem","position":1,"name":"Portada","item":"https:\/\/elmejorjamon.es\/fr\/"},{"@type":"ListItem","position":2,"name":"D\u00e9marrage rapide","item":"https:\/\/elmejorjamon.es\/fr\/"},{"@type":"ListItem","position":3,"name":"Saucisse \u00e9pic\u00e9 en fer \u00e0 cheval fait Cruz maison 3 kg. approximatif."}]},{"@type":"WebSite","@id":"https:\/\/elmejorjamon.es\/#website","url":"https:\/\/elmejorjamon.es\/","name":"El Mejor Jam\u00f3n","description":"Comprar jamones y embutidos a buen precio","publisher":{"@id":"https:\/\/elmejorjamon.es\/#organization"},"potentialAction":[{"@type":"SearchAction","target":{"@type":"EntryPoint","urlTemplate":"https:\/\/elmejorjamon.es\/?s={search_term_string}"},"query-input":{"@type":"PropertyValueSpecification","valueRequired":true,"valueName":"search_term_string"}}],"inLanguage":"fr-FR"},{"@type":"Organization","@id":"https:\/\/elmejorjamon.es\/#organization","name":"El Mejor Jam\u00f3n","url":"https:\/\/elmejorjamon.es\/","logo":{"@type":"ImageObject","inLanguage":"fr-FR","@id":"https:\/\/elmejorjamon.es\/#\/schema\/logo\/image\/","url":"https:\/\/elmejorjamon.es\/wp-content\/uploads\/2025\/01\/logocorreos.png","contentUrl":"https:\/\/elmejorjamon.es\/wp-content\/uploads\/2025\/01\/logocorreos.png","width":277,"height":200,"caption":"El Mejor Jam\u00f3n"},"image":{"@id":"https:\/\/elmejorjamon.es\/#\/schema\/logo\/image\/"},"sameAs":["https:\/\/www.facebook.com\/elmejorjamonweb","https:\/\/x.com\/elmejorjamonweb","https:\/\/www.instagram.com\/elmejorjamonweb\/"]}]}},"_links":{"self":[{"href":"https:\/\/elmejorjamon.es\/fr\/wp-json\/wp\/v2\/product\/4407","targetHints":{"allow":["GET"]}}],"collection":[{"href":"https:\/\/elmejorjamon.es\/fr\/wp-json\/wp\/v2\/product"}],"about":[{"href":"https:\/\/elmejorjamon.es\/fr\/wp-json\/wp\/v2\/types\/product"}],"replies":[{"embeddable":true,"href":"https:\/\/elmejorjamon.es\/fr\/wp-json\/wp\/v2\/comments?post=4407"}],"wp:featuredmedia":[{"embeddable":true,"href":"https:\/\/elmejorjamon.es\/fr\/wp-json\/wp\/v2\/media\/4399"}],"wp:attachment":[{"href":"https:\/\/elmejorjamon.es\/fr\/wp-json\/wp\/v2\/media?parent=4407"}],"wp:term":[{"taxonomy":"product_brand","embeddable":true,"href":"https:\/\/elmejorjamon.es\/fr\/wp-json\/wp\/v2\/product_brand?post=4407"},{"taxonomy":"product_cat","embeddable":true,"href":"https:\/\/elmejorjamon.es\/fr\/wp-json\/wp\/v2\/product_cat?post=4407"},{"taxonomy":"product_tag","embeddable":true,"href":"https:\/\/elmejorjamon.es\/fr\/wp-json\/wp\/v2\/product_tag?post=4407"}],"curies":[{"name":"wp","href":"https:\/\/api.w.org\/{rel}","templated":true}]}}