{"id":3981,"date":"2018-02-07T09:21:43","date_gmt":"2018-02-07T08:21:43","guid":{"rendered":"https:\/\/nueva.elmejorjamon.es\/producto\/jambon-iberique-monteparra-100-gland\/"},"modified":"2018-02-07T09:21:43","modified_gmt":"2018-02-07T08:21:43","slug":"jambon-iberique-monteparra-100-gland","status":"publish","type":"product","link":"https:\/\/elmejorjamon.es\/fr\/producto\/jambon-iberique-monteparra-100-gland\/","title":{"rendered":"Jambon ib\u00e9rique Monteparra 100% gland."},"content":{"rendered":"<p>Jambon ib\u00e9rique Monteparra 100% gland.<\/p>\n<p>La grande majorit\u00e9 des \u00e9leveurs travaille avec des porcs ib\u00e9riques de races mixtes, r\u00e9sultat de l&rsquo;union de porcs ib\u00e9riques de race pure et de porcs Duroc. Ils sont s\u00e9lectionn\u00e9s pour leur plus grande productivit\u00e9 mais donnent des saveurs et des ar\u00f4mes diff\u00e9rents de ceux du porc 100% ib\u00e9rique. Monteparra a s\u00e9lectionn\u00e9 des sp\u00e9cimens de pure race ib\u00e9rique et dispose d&rsquo;une \u00e9quipe de v\u00e9t\u00e9rinaires et de techniciens agricoles exclusivement d\u00e9di\u00e9s \u00e0 l&rsquo;\u00e9tude, au soin et au contr\u00f4le de l&rsquo;animal: le porc 100% ib\u00e9rique. L&rsquo;\u00e9tiquetage noir reconna\u00eet le produit comme 100% Iberico de Bellota et, par cons\u00e9quent, c&rsquo;est aussi une garantie d&rsquo;excellence et de qualit\u00e9. Seuls les produits marqu\u00e9s avec l&rsquo;\u00e9tiquette noire peuvent \u00eatre appel\u00e9s patte noire.<\/p>\n","protected":false},"excerpt":{"rendered":"<p>Jambon ib\u00e9rique Monteparra 100% gland kg.<\/p>\n","protected":false},"featured_media":3933,"comment_status":"open","ping_status":"closed","template":"","meta":{"_et_pb_use_builder":"","_et_pb_old_content":"","_et_gb_content_width":"","_sitemap_exclude":false,"_sitemap_priority":"","_sitemap_frequency":""},"product_brand":[],"product_cat":[23,107,47],"product_tag":[],"class_list":{"0":"post-3981","1":"product","2":"type-product","3":"status-publish","4":"has-post-thumbnail","6":"product_cat-accueil","7":"product_cat-jambons-iberiques","8":"product_cat-tous-les-produits","9":"product_shipping_class-normal-fr","10":"pa_opciones-63-decoupeaucouteauetemballe-fr","11":"pa_opciones-desosseetemballesousvide59-fr","12":"pa_opciones-pieceentiere-fr","13":"pa_peso-8kgaprox-fr","14":"pa_peso-9kgaprox-fr","15":"pa_peso-environ-85-kg","17":"first","18":"instock","19":"shipping-taxable","20":"purchasable","21":"product-type-variable","22":"has-default-attributes"},"yoast_head":"<!-- This site is optimized with the Yoast SEO plugin v27.4 - https:\/\/yoast.com\/product\/yoast-seo-wordpress\/ -->\n<title>Jambon ib\u00e9rique Monteparra 100% gland. - El Mejor Jam\u00f3n<\/title>\n<meta name=\"robots\" content=\"index, follow, max-snippet:-1, max-image-preview:large, max-video-preview:-1\" \/>\n<link rel=\"canonical\" href=\"https:\/\/elmejorjamon.es\/fr\/producto\/jambon-iberique-monteparra-100-gland\/\" \/>\n<meta property=\"og:locale\" content=\"fr_FR\" \/>\n<meta property=\"og:type\" content=\"article\" \/>\n<meta property=\"og:title\" content=\"Jambon ib\u00e9rique Monteparra 100% gland. - El Mejor Jam\u00f3n\" \/>\n<meta property=\"og:description\" content=\"Jambon ib\u00e9rique Monteparra 100% gland kg.\" \/>\n<meta property=\"og:url\" content=\"https:\/\/elmejorjamon.es\/fr\/producto\/jambon-iberique-monteparra-100-gland\/\" \/>\n<meta property=\"og:site_name\" content=\"El Mejor Jam\u00f3n\" \/>\n<meta property=\"article:publisher\" content=\"https:\/\/www.facebook.com\/elmejorjamonweb\" \/>\n<meta property=\"og:image\" content=\"https:\/\/elmejorjamon.es\/wp-content\/uploads\/2018\/02\/1762-thickbox_default-Jamon-de-bellota-100berico-Monteparra-D.O.-Guijuelo.jpg\" \/>\n\t<meta property=\"og:image:width\" content=\"1100\" \/>\n\t<meta property=\"og:image:height\" content=\"1422\" \/>\n\t<meta property=\"og:image:type\" content=\"image\/jpeg\" \/>\n<meta name=\"twitter:card\" content=\"summary_large_image\" \/>\n<meta name=\"twitter:site\" content=\"@elmejorjamonweb\" \/>\n<meta name=\"twitter:label1\" content=\"Dur\u00e9e de lecture estim\u00e9e\" \/>\n\t<meta name=\"twitter:data1\" content=\"1 minute\" \/>\n<script type=\"application\/ld+json\" class=\"yoast-schema-graph\">{\"@context\":\"https:\\\/\\\/schema.org\",\"@graph\":[{\"@type\":\"WebPage\",\"@id\":\"https:\\\/\\\/elmejorjamon.es\\\/fr\\\/producto\\\/jambon-iberique-monteparra-100-gland\\\/\",\"url\":\"https:\\\/\\\/elmejorjamon.es\\\/fr\\\/producto\\\/jambon-iberique-monteparra-100-gland\\\/\",\"name\":\"Jambon ib\u00e9rique Monteparra 100% gland. - El Mejor Jam\u00f3n\",\"isPartOf\":{\"@id\":\"https:\\\/\\\/elmejorjamon.es\\\/#website\"},\"primaryImageOfPage\":{\"@id\":\"https:\\\/\\\/elmejorjamon.es\\\/fr\\\/producto\\\/jambon-iberique-monteparra-100-gland\\\/#primaryimage\"},\"image\":{\"@id\":\"https:\\\/\\\/elmejorjamon.es\\\/fr\\\/producto\\\/jambon-iberique-monteparra-100-gland\\\/#primaryimage\"},\"thumbnailUrl\":\"https:\\\/\\\/elmejorjamon.es\\\/wp-content\\\/uploads\\\/2018\\\/02\\\/1762-thickbox_default-Jamon-de-bellota-100berico-Monteparra-D.O.-Guijuelo.jpg\",\"datePublished\":\"2018-02-07T08:21:43+00:00\",\"breadcrumb\":{\"@id\":\"https:\\\/\\\/elmejorjamon.es\\\/fr\\\/producto\\\/jambon-iberique-monteparra-100-gland\\\/#breadcrumb\"},\"inLanguage\":\"fr-FR\",\"potentialAction\":[{\"@type\":\"ReadAction\",\"target\":[\"https:\\\/\\\/elmejorjamon.es\\\/fr\\\/producto\\\/jambon-iberique-monteparra-100-gland\\\/\"]}]},{\"@type\":\"ImageObject\",\"inLanguage\":\"fr-FR\",\"@id\":\"https:\\\/\\\/elmejorjamon.es\\\/fr\\\/producto\\\/jambon-iberique-monteparra-100-gland\\\/#primaryimage\",\"url\":\"https:\\\/\\\/elmejorjamon.es\\\/wp-content\\\/uploads\\\/2018\\\/02\\\/1762-thickbox_default-Jamon-de-bellota-100berico-Monteparra-D.O.-Guijuelo.jpg\",\"contentUrl\":\"https:\\\/\\\/elmejorjamon.es\\\/wp-content\\\/uploads\\\/2018\\\/02\\\/1762-thickbox_default-Jamon-de-bellota-100berico-Monteparra-D.O.-Guijuelo.jpg\",\"width\":1100,\"height\":1422},{\"@type\":\"BreadcrumbList\",\"@id\":\"https:\\\/\\\/elmejorjamon.es\\\/fr\\\/producto\\\/jambon-iberique-monteparra-100-gland\\\/#breadcrumb\",\"itemListElement\":[{\"@type\":\"ListItem\",\"position\":1,\"name\":\"Portada\",\"item\":\"https:\\\/\\\/elmejorjamon.es\\\/fr\\\/\"},{\"@type\":\"ListItem\",\"position\":2,\"name\":\"D\u00e9marrage rapide\",\"item\":\"https:\\\/\\\/elmejorjamon.es\\\/fr\\\/\"},{\"@type\":\"ListItem\",\"position\":3,\"name\":\"Jambon ib\u00e9rique Monteparra 100% gland.\"}]},{\"@type\":\"WebSite\",\"@id\":\"https:\\\/\\\/elmejorjamon.es\\\/#website\",\"url\":\"https:\\\/\\\/elmejorjamon.es\\\/\",\"name\":\"El Mejor Jam\u00f3n\",\"description\":\"Comprar jamones y embutidos a buen precio\",\"publisher\":{\"@id\":\"https:\\\/\\\/elmejorjamon.es\\\/#organization\"},\"potentialAction\":[{\"@type\":\"SearchAction\",\"target\":{\"@type\":\"EntryPoint\",\"urlTemplate\":\"https:\\\/\\\/elmejorjamon.es\\\/?s={search_term_string}\"},\"query-input\":{\"@type\":\"PropertyValueSpecification\",\"valueRequired\":true,\"valueName\":\"search_term_string\"}}],\"inLanguage\":\"fr-FR\"},{\"@type\":\"Organization\",\"@id\":\"https:\\\/\\\/elmejorjamon.es\\\/#organization\",\"name\":\"El Mejor Jam\u00f3n\",\"url\":\"https:\\\/\\\/elmejorjamon.es\\\/\",\"logo\":{\"@type\":\"ImageObject\",\"inLanguage\":\"fr-FR\",\"@id\":\"https:\\\/\\\/elmejorjamon.es\\\/#\\\/schema\\\/logo\\\/image\\\/\",\"url\":\"https:\\\/\\\/elmejorjamon.es\\\/wp-content\\\/uploads\\\/2025\\\/01\\\/logocorreos.png\",\"contentUrl\":\"https:\\\/\\\/elmejorjamon.es\\\/wp-content\\\/uploads\\\/2025\\\/01\\\/logocorreos.png\",\"width\":277,\"height\":200,\"caption\":\"El Mejor Jam\u00f3n\"},\"image\":{\"@id\":\"https:\\\/\\\/elmejorjamon.es\\\/#\\\/schema\\\/logo\\\/image\\\/\"},\"sameAs\":[\"https:\\\/\\\/www.facebook.com\\\/elmejorjamonweb\",\"https:\\\/\\\/x.com\\\/elmejorjamonweb\",\"https:\\\/\\\/www.instagram.com\\\/elmejorjamonweb\\\/\"]}]}<\/script>\n<!-- \/ Yoast SEO plugin. -->","yoast_head_json":{"title":"Jambon ib\u00e9rique Monteparra 100% gland. - El Mejor Jam\u00f3n","robots":{"index":"index","follow":"follow","max-snippet":"max-snippet:-1","max-image-preview":"max-image-preview:large","max-video-preview":"max-video-preview:-1"},"canonical":"https:\/\/elmejorjamon.es\/fr\/producto\/jambon-iberique-monteparra-100-gland\/","og_locale":"fr_FR","og_type":"article","og_title":"Jambon ib\u00e9rique Monteparra 100% gland. - El Mejor Jam\u00f3n","og_description":"Jambon ib\u00e9rique Monteparra 100% gland kg.","og_url":"https:\/\/elmejorjamon.es\/fr\/producto\/jambon-iberique-monteparra-100-gland\/","og_site_name":"El Mejor Jam\u00f3n","article_publisher":"https:\/\/www.facebook.com\/elmejorjamonweb","og_image":[{"width":1100,"height":1422,"url":"https:\/\/elmejorjamon.es\/wp-content\/uploads\/2018\/02\/1762-thickbox_default-Jamon-de-bellota-100berico-Monteparra-D.O.-Guijuelo.jpg","type":"image\/jpeg"}],"twitter_card":"summary_large_image","twitter_site":"@elmejorjamonweb","twitter_misc":{"Dur\u00e9e de lecture estim\u00e9e":"1 minute"},"schema":{"@context":"https:\/\/schema.org","@graph":[{"@type":"WebPage","@id":"https:\/\/elmejorjamon.es\/fr\/producto\/jambon-iberique-monteparra-100-gland\/","url":"https:\/\/elmejorjamon.es\/fr\/producto\/jambon-iberique-monteparra-100-gland\/","name":"Jambon ib\u00e9rique Monteparra 100% gland. - El Mejor Jam\u00f3n","isPartOf":{"@id":"https:\/\/elmejorjamon.es\/#website"},"primaryImageOfPage":{"@id":"https:\/\/elmejorjamon.es\/fr\/producto\/jambon-iberique-monteparra-100-gland\/#primaryimage"},"image":{"@id":"https:\/\/elmejorjamon.es\/fr\/producto\/jambon-iberique-monteparra-100-gland\/#primaryimage"},"thumbnailUrl":"https:\/\/elmejorjamon.es\/wp-content\/uploads\/2018\/02\/1762-thickbox_default-Jamon-de-bellota-100berico-Monteparra-D.O.-Guijuelo.jpg","datePublished":"2018-02-07T08:21:43+00:00","breadcrumb":{"@id":"https:\/\/elmejorjamon.es\/fr\/producto\/jambon-iberique-monteparra-100-gland\/#breadcrumb"},"inLanguage":"fr-FR","potentialAction":[{"@type":"ReadAction","target":["https:\/\/elmejorjamon.es\/fr\/producto\/jambon-iberique-monteparra-100-gland\/"]}]},{"@type":"ImageObject","inLanguage":"fr-FR","@id":"https:\/\/elmejorjamon.es\/fr\/producto\/jambon-iberique-monteparra-100-gland\/#primaryimage","url":"https:\/\/elmejorjamon.es\/wp-content\/uploads\/2018\/02\/1762-thickbox_default-Jamon-de-bellota-100berico-Monteparra-D.O.-Guijuelo.jpg","contentUrl":"https:\/\/elmejorjamon.es\/wp-content\/uploads\/2018\/02\/1762-thickbox_default-Jamon-de-bellota-100berico-Monteparra-D.O.-Guijuelo.jpg","width":1100,"height":1422},{"@type":"BreadcrumbList","@id":"https:\/\/elmejorjamon.es\/fr\/producto\/jambon-iberique-monteparra-100-gland\/#breadcrumb","itemListElement":[{"@type":"ListItem","position":1,"name":"Portada","item":"https:\/\/elmejorjamon.es\/fr\/"},{"@type":"ListItem","position":2,"name":"D\u00e9marrage rapide","item":"https:\/\/elmejorjamon.es\/fr\/"},{"@type":"ListItem","position":3,"name":"Jambon ib\u00e9rique Monteparra 100% gland."}]},{"@type":"WebSite","@id":"https:\/\/elmejorjamon.es\/#website","url":"https:\/\/elmejorjamon.es\/","name":"El Mejor Jam\u00f3n","description":"Comprar jamones y embutidos a buen precio","publisher":{"@id":"https:\/\/elmejorjamon.es\/#organization"},"potentialAction":[{"@type":"SearchAction","target":{"@type":"EntryPoint","urlTemplate":"https:\/\/elmejorjamon.es\/?s={search_term_string}"},"query-input":{"@type":"PropertyValueSpecification","valueRequired":true,"valueName":"search_term_string"}}],"inLanguage":"fr-FR"},{"@type":"Organization","@id":"https:\/\/elmejorjamon.es\/#organization","name":"El Mejor Jam\u00f3n","url":"https:\/\/elmejorjamon.es\/","logo":{"@type":"ImageObject","inLanguage":"fr-FR","@id":"https:\/\/elmejorjamon.es\/#\/schema\/logo\/image\/","url":"https:\/\/elmejorjamon.es\/wp-content\/uploads\/2025\/01\/logocorreos.png","contentUrl":"https:\/\/elmejorjamon.es\/wp-content\/uploads\/2025\/01\/logocorreos.png","width":277,"height":200,"caption":"El Mejor Jam\u00f3n"},"image":{"@id":"https:\/\/elmejorjamon.es\/#\/schema\/logo\/image\/"},"sameAs":["https:\/\/www.facebook.com\/elmejorjamonweb","https:\/\/x.com\/elmejorjamonweb","https:\/\/www.instagram.com\/elmejorjamonweb\/"]}]}},"_links":{"self":[{"href":"https:\/\/elmejorjamon.es\/fr\/wp-json\/wp\/v2\/product\/3981","targetHints":{"allow":["GET"]}}],"collection":[{"href":"https:\/\/elmejorjamon.es\/fr\/wp-json\/wp\/v2\/product"}],"about":[{"href":"https:\/\/elmejorjamon.es\/fr\/wp-json\/wp\/v2\/types\/product"}],"replies":[{"embeddable":true,"href":"https:\/\/elmejorjamon.es\/fr\/wp-json\/wp\/v2\/comments?post=3981"}],"wp:featuredmedia":[{"embeddable":true,"href":"https:\/\/elmejorjamon.es\/fr\/wp-json\/wp\/v2\/media\/3933"}],"wp:attachment":[{"href":"https:\/\/elmejorjamon.es\/fr\/wp-json\/wp\/v2\/media?parent=3981"}],"wp:term":[{"taxonomy":"product_brand","embeddable":true,"href":"https:\/\/elmejorjamon.es\/fr\/wp-json\/wp\/v2\/product_brand?post=3981"},{"taxonomy":"product_cat","embeddable":true,"href":"https:\/\/elmejorjamon.es\/fr\/wp-json\/wp\/v2\/product_cat?post=3981"},{"taxonomy":"product_tag","embeddable":true,"href":"https:\/\/elmejorjamon.es\/fr\/wp-json\/wp\/v2\/product_tag?post=3981"}],"curies":[{"name":"wp","href":"https:\/\/api.w.org\/{rel}","templated":true}]}}