{"id":3501,"date":"2017-10-15T19:11:16","date_gmt":"2017-10-15T17:11:16","guid":{"rendered":"https:\/\/nueva.elmejorjamon.es\/producto\/filets-d-anchois-codesa-rr-50-gold-series\/"},"modified":"2017-10-15T19:11:16","modified_gmt":"2017-10-15T18:11:16","slug":"filets-d-anchois-codesa-rr-50-gold-series","status":"publish","type":"product","link":"https:\/\/elmejorjamon.es\/fr\/producto\/filets-d-anchois-codesa-rr-50-gold-series\/","title":{"rendered":"Filets d&rsquo;anchois Codesa RR-50 Gold Series"},"content":{"rendered":"<p>Filets d&rsquo;anchois Codesa RR-50 Gold Series.<\/p>\n<p>La s\u00e9rie Gold est faite avec Bocarte \/ Boquer\u00f3n de la p\u00eache CERCO acquise dans les ports de p\u00eache de la mer Cantabrique dans les mois d&rsquo;Avril et Mai, o\u00f9 nous s\u00e9lectionnons les meilleurs articles pour leur taille et leur fra\u00eecheur, Apr\u00e8s avoir \u00e9t\u00e9 trait\u00e9 en MARIN SALT pendant Nos phytoth\u00e9rapeutes \u00e9laborent de mani\u00e8re artisanale les filets app\u00e9tissants qui seront finalement couverts par AO de premi\u00e8re qualit\u00e9 dans une large gamme de formats de HAUTE QUALIT\u00c9.<\/p>\n","protected":false},"excerpt":{"rendered":"<p>Filets d&rsquo;anchois Codesa RR-50 Gold Series. La s\u00e9rie Gold est faite avec Bocarte \/ Boquer\u00f3n de la p\u00eache CERCO acquise dans les ports de p\u00eache de la mer Cantabrique dans les mois d&rsquo;Avril et Mai, o\u00f9 nous s\u00e9lectionnons les meilleurs articles pour leur taille et leur fra\u00eecheur, Apr\u00e8s avoir \u00e9t\u00e9 trait\u00e9 en MARIN SALT pendant [&hellip;]<\/p>\n","protected":false},"featured_media":16494,"comment_status":"open","ping_status":"closed","template":"","meta":{"_et_pb_use_builder":"","_et_pb_old_content":"","_et_gb_content_width":"","_sitemap_exclude":false,"_sitemap_priority":"","_sitemap_frequency":""},"product_brand":[],"product_cat":[23,185,41,47],"product_tag":[],"class_list":{"0":"post-3501","1":"product","2":"type-product","3":"status-publish","4":"has-post-thumbnail","6":"product_cat-accueil","7":"product_cat-anchois","8":"product_cat-conserves","9":"product_cat-tous-les-produits","10":"product_shipping_class-normal-fr","11":"pa_opciones-1unite-fr","12":"pa_opciones-boitede10unites-fr","13":"pa_opciones-boite-de-48-unites","15":"first","16":"instock","17":"shipping-taxable","18":"purchasable","19":"product-type-variable","20":"has-default-attributes"},"yoast_head":"<!-- This site is optimized with the Yoast SEO plugin v27.4 - https:\/\/yoast.com\/product\/yoast-seo-wordpress\/ -->\n<title>Filets d&#039;anchois Codesa RR-50 Gold Series - El Mejor Jam\u00f3n<\/title>\n<meta name=\"robots\" content=\"index, follow, max-snippet:-1, max-image-preview:large, max-video-preview:-1\" \/>\n<link rel=\"canonical\" href=\"https:\/\/elmejorjamon.es\/producto\/filetes-de-anchoa-codesa-rr-50-serie-oro\/\" \/>\n<meta property=\"og:locale\" content=\"fr_FR\" \/>\n<meta property=\"og:type\" content=\"article\" \/>\n<meta property=\"og:title\" content=\"Filets d&#039;anchois Codesa RR-50 Gold Series - El Mejor Jam\u00f3n\" \/>\n<meta property=\"og:description\" content=\"Filets d&rsquo;anchois Codesa RR-50 Gold Series. La s\u00e9rie Gold est faite avec Bocarte \/ Boquer\u00f3n de la p\u00eache CERCO acquise dans les ports de p\u00eache de la mer Cantabrique dans les mois d&rsquo;Avril et Mai, o\u00f9 nous s\u00e9lectionnons les meilleurs articles pour leur taille et leur fra\u00eecheur, Apr\u00e8s avoir \u00e9t\u00e9 trait\u00e9 en MARIN SALT pendant [&hellip;]\" \/>\n<meta property=\"og:url\" content=\"https:\/\/elmejorjamon.es\/producto\/filetes-de-anchoa-codesa-rr-50-serie-oro\/\" \/>\n<meta property=\"og:site_name\" content=\"El Mejor Jam\u00f3n\" \/>\n<meta property=\"article:publisher\" content=\"https:\/\/www.facebook.com\/elmejorjamonweb\" \/>\n<meta property=\"article:modified_time\" content=\"2017-10-15T18:11:16+00:00\" \/>\n<meta property=\"og:image\" content=\"https:\/\/elmejorjamon.es\/wp-content\/uploads\/2017\/10\/2645-thickbox_default-Filetes-de-anchoa-Codesa-RR-50-Serie-Oro.jpg\" \/>\n\t<meta property=\"og:image:width\" content=\"1100\" \/>\n\t<meta property=\"og:image:height\" content=\"1422\" \/>\n\t<meta property=\"og:image:type\" content=\"image\/jpeg\" \/>\n<meta name=\"twitter:card\" content=\"summary_large_image\" \/>\n<meta name=\"twitter:site\" content=\"@elmejorjamonweb\" \/>\n<script type=\"application\/ld+json\" class=\"yoast-schema-graph\">{\"@context\":\"https:\\\/\\\/schema.org\",\"@graph\":[{\"@type\":\"WebPage\",\"@id\":\"https:\\\/\\\/elmejorjamon.es\\\/producto\\\/filetes-de-anchoa-codesa-rr-50-serie-oro\\\/\",\"url\":\"https:\\\/\\\/elmejorjamon.es\\\/producto\\\/filetes-de-anchoa-codesa-rr-50-serie-oro\\\/\",\"name\":\"Filets d'anchois Codesa RR-50 Gold Series - El Mejor Jam\u00f3n\",\"isPartOf\":{\"@id\":\"https:\\\/\\\/elmejorjamon.es\\\/#website\"},\"primaryImageOfPage\":{\"@id\":\"https:\\\/\\\/elmejorjamon.es\\\/producto\\\/filetes-de-anchoa-codesa-rr-50-serie-oro\\\/#primaryimage\"},\"image\":{\"@id\":\"https:\\\/\\\/elmejorjamon.es\\\/producto\\\/filetes-de-anchoa-codesa-rr-50-serie-oro\\\/#primaryimage\"},\"thumbnailUrl\":\"https:\\\/\\\/elmejorjamon.es\\\/wp-content\\\/uploads\\\/2017\\\/10\\\/2645-thickbox_default-Filetes-de-anchoa-Codesa-RR-50-Serie-Oro.jpg\",\"datePublished\":\"2017-10-15T17:11:16+00:00\",\"dateModified\":\"2017-10-15T18:11:16+00:00\",\"breadcrumb\":{\"@id\":\"https:\\\/\\\/elmejorjamon.es\\\/producto\\\/filetes-de-anchoa-codesa-rr-50-serie-oro\\\/#breadcrumb\"},\"inLanguage\":\"fr-FR\",\"potentialAction\":[{\"@type\":\"ReadAction\",\"target\":[\"https:\\\/\\\/elmejorjamon.es\\\/producto\\\/filetes-de-anchoa-codesa-rr-50-serie-oro\\\/\"]}]},{\"@type\":\"ImageObject\",\"inLanguage\":\"fr-FR\",\"@id\":\"https:\\\/\\\/elmejorjamon.es\\\/producto\\\/filetes-de-anchoa-codesa-rr-50-serie-oro\\\/#primaryimage\",\"url\":\"https:\\\/\\\/elmejorjamon.es\\\/wp-content\\\/uploads\\\/2017\\\/10\\\/2645-thickbox_default-Filetes-de-anchoa-Codesa-RR-50-Serie-Oro.jpg\",\"contentUrl\":\"https:\\\/\\\/elmejorjamon.es\\\/wp-content\\\/uploads\\\/2017\\\/10\\\/2645-thickbox_default-Filetes-de-anchoa-Codesa-RR-50-Serie-Oro.jpg\",\"width\":1100,\"height\":1422},{\"@type\":\"BreadcrumbList\",\"@id\":\"https:\\\/\\\/elmejorjamon.es\\\/producto\\\/filetes-de-anchoa-codesa-rr-50-serie-oro\\\/#breadcrumb\",\"itemListElement\":[{\"@type\":\"ListItem\",\"position\":1,\"name\":\"Portada\",\"item\":\"https:\\\/\\\/elmejorjamon.es\\\/fr\\\/\"},{\"@type\":\"ListItem\",\"position\":2,\"name\":\"D\u00e9marrage rapide\",\"item\":\"https:\\\/\\\/elmejorjamon.es\\\/fr\\\/\"},{\"@type\":\"ListItem\",\"position\":3,\"name\":\"Filets d&#8217;anchois Codesa RR-50 Gold Series\"}]},{\"@type\":\"WebSite\",\"@id\":\"https:\\\/\\\/elmejorjamon.es\\\/#website\",\"url\":\"https:\\\/\\\/elmejorjamon.es\\\/\",\"name\":\"El Mejor Jam\u00f3n\",\"description\":\"Comprar jamones y embutidos a buen precio\",\"publisher\":{\"@id\":\"https:\\\/\\\/elmejorjamon.es\\\/#organization\"},\"potentialAction\":[{\"@type\":\"SearchAction\",\"target\":{\"@type\":\"EntryPoint\",\"urlTemplate\":\"https:\\\/\\\/elmejorjamon.es\\\/?s={search_term_string}\"},\"query-input\":{\"@type\":\"PropertyValueSpecification\",\"valueRequired\":true,\"valueName\":\"search_term_string\"}}],\"inLanguage\":\"fr-FR\"},{\"@type\":\"Organization\",\"@id\":\"https:\\\/\\\/elmejorjamon.es\\\/#organization\",\"name\":\"El Mejor Jam\u00f3n\",\"url\":\"https:\\\/\\\/elmejorjamon.es\\\/\",\"logo\":{\"@type\":\"ImageObject\",\"inLanguage\":\"fr-FR\",\"@id\":\"https:\\\/\\\/elmejorjamon.es\\\/#\\\/schema\\\/logo\\\/image\\\/\",\"url\":\"https:\\\/\\\/elmejorjamon.es\\\/wp-content\\\/uploads\\\/2025\\\/01\\\/logocorreos.png\",\"contentUrl\":\"https:\\\/\\\/elmejorjamon.es\\\/wp-content\\\/uploads\\\/2025\\\/01\\\/logocorreos.png\",\"width\":277,\"height\":200,\"caption\":\"El Mejor Jam\u00f3n\"},\"image\":{\"@id\":\"https:\\\/\\\/elmejorjamon.es\\\/#\\\/schema\\\/logo\\\/image\\\/\"},\"sameAs\":[\"https:\\\/\\\/www.facebook.com\\\/elmejorjamonweb\",\"https:\\\/\\\/x.com\\\/elmejorjamonweb\",\"https:\\\/\\\/www.instagram.com\\\/elmejorjamonweb\\\/\"]}]}<\/script>\n<!-- \/ Yoast SEO plugin. -->","yoast_head_json":{"title":"Filets d'anchois Codesa RR-50 Gold Series - El Mejor Jam\u00f3n","robots":{"index":"index","follow":"follow","max-snippet":"max-snippet:-1","max-image-preview":"max-image-preview:large","max-video-preview":"max-video-preview:-1"},"canonical":"https:\/\/elmejorjamon.es\/producto\/filetes-de-anchoa-codesa-rr-50-serie-oro\/","og_locale":"fr_FR","og_type":"article","og_title":"Filets d'anchois Codesa RR-50 Gold Series - El Mejor Jam\u00f3n","og_description":"Filets d&rsquo;anchois Codesa RR-50 Gold Series. La s\u00e9rie Gold est faite avec Bocarte \/ Boquer\u00f3n de la p\u00eache CERCO acquise dans les ports de p\u00eache de la mer Cantabrique dans les mois d&rsquo;Avril et Mai, o\u00f9 nous s\u00e9lectionnons les meilleurs articles pour leur taille et leur fra\u00eecheur, Apr\u00e8s avoir \u00e9t\u00e9 trait\u00e9 en MARIN SALT pendant [&hellip;]","og_url":"https:\/\/elmejorjamon.es\/producto\/filetes-de-anchoa-codesa-rr-50-serie-oro\/","og_site_name":"El Mejor Jam\u00f3n","article_publisher":"https:\/\/www.facebook.com\/elmejorjamonweb","article_modified_time":"2017-10-15T18:11:16+00:00","og_image":[{"width":1100,"height":1422,"url":"https:\/\/elmejorjamon.es\/wp-content\/uploads\/2017\/10\/2645-thickbox_default-Filetes-de-anchoa-Codesa-RR-50-Serie-Oro.jpg","type":"image\/jpeg"}],"twitter_card":"summary_large_image","twitter_site":"@elmejorjamonweb","schema":{"@context":"https:\/\/schema.org","@graph":[{"@type":"WebPage","@id":"https:\/\/elmejorjamon.es\/producto\/filetes-de-anchoa-codesa-rr-50-serie-oro\/","url":"https:\/\/elmejorjamon.es\/producto\/filetes-de-anchoa-codesa-rr-50-serie-oro\/","name":"Filets d'anchois Codesa RR-50 Gold Series - El Mejor Jam\u00f3n","isPartOf":{"@id":"https:\/\/elmejorjamon.es\/#website"},"primaryImageOfPage":{"@id":"https:\/\/elmejorjamon.es\/producto\/filetes-de-anchoa-codesa-rr-50-serie-oro\/#primaryimage"},"image":{"@id":"https:\/\/elmejorjamon.es\/producto\/filetes-de-anchoa-codesa-rr-50-serie-oro\/#primaryimage"},"thumbnailUrl":"https:\/\/elmejorjamon.es\/wp-content\/uploads\/2017\/10\/2645-thickbox_default-Filetes-de-anchoa-Codesa-RR-50-Serie-Oro.jpg","datePublished":"2017-10-15T17:11:16+00:00","dateModified":"2017-10-15T18:11:16+00:00","breadcrumb":{"@id":"https:\/\/elmejorjamon.es\/producto\/filetes-de-anchoa-codesa-rr-50-serie-oro\/#breadcrumb"},"inLanguage":"fr-FR","potentialAction":[{"@type":"ReadAction","target":["https:\/\/elmejorjamon.es\/producto\/filetes-de-anchoa-codesa-rr-50-serie-oro\/"]}]},{"@type":"ImageObject","inLanguage":"fr-FR","@id":"https:\/\/elmejorjamon.es\/producto\/filetes-de-anchoa-codesa-rr-50-serie-oro\/#primaryimage","url":"https:\/\/elmejorjamon.es\/wp-content\/uploads\/2017\/10\/2645-thickbox_default-Filetes-de-anchoa-Codesa-RR-50-Serie-Oro.jpg","contentUrl":"https:\/\/elmejorjamon.es\/wp-content\/uploads\/2017\/10\/2645-thickbox_default-Filetes-de-anchoa-Codesa-RR-50-Serie-Oro.jpg","width":1100,"height":1422},{"@type":"BreadcrumbList","@id":"https:\/\/elmejorjamon.es\/producto\/filetes-de-anchoa-codesa-rr-50-serie-oro\/#breadcrumb","itemListElement":[{"@type":"ListItem","position":1,"name":"Portada","item":"https:\/\/elmejorjamon.es\/fr\/"},{"@type":"ListItem","position":2,"name":"D\u00e9marrage rapide","item":"https:\/\/elmejorjamon.es\/fr\/"},{"@type":"ListItem","position":3,"name":"Filets d&#8217;anchois Codesa RR-50 Gold Series"}]},{"@type":"WebSite","@id":"https:\/\/elmejorjamon.es\/#website","url":"https:\/\/elmejorjamon.es\/","name":"El Mejor Jam\u00f3n","description":"Comprar jamones y embutidos a buen precio","publisher":{"@id":"https:\/\/elmejorjamon.es\/#organization"},"potentialAction":[{"@type":"SearchAction","target":{"@type":"EntryPoint","urlTemplate":"https:\/\/elmejorjamon.es\/?s={search_term_string}"},"query-input":{"@type":"PropertyValueSpecification","valueRequired":true,"valueName":"search_term_string"}}],"inLanguage":"fr-FR"},{"@type":"Organization","@id":"https:\/\/elmejorjamon.es\/#organization","name":"El Mejor Jam\u00f3n","url":"https:\/\/elmejorjamon.es\/","logo":{"@type":"ImageObject","inLanguage":"fr-FR","@id":"https:\/\/elmejorjamon.es\/#\/schema\/logo\/image\/","url":"https:\/\/elmejorjamon.es\/wp-content\/uploads\/2025\/01\/logocorreos.png","contentUrl":"https:\/\/elmejorjamon.es\/wp-content\/uploads\/2025\/01\/logocorreos.png","width":277,"height":200,"caption":"El Mejor Jam\u00f3n"},"image":{"@id":"https:\/\/elmejorjamon.es\/#\/schema\/logo\/image\/"},"sameAs":["https:\/\/www.facebook.com\/elmejorjamonweb","https:\/\/x.com\/elmejorjamonweb","https:\/\/www.instagram.com\/elmejorjamonweb\/"]}]}},"_links":{"self":[{"href":"https:\/\/elmejorjamon.es\/fr\/wp-json\/wp\/v2\/product\/3501","targetHints":{"allow":["GET"]}}],"collection":[{"href":"https:\/\/elmejorjamon.es\/fr\/wp-json\/wp\/v2\/product"}],"about":[{"href":"https:\/\/elmejorjamon.es\/fr\/wp-json\/wp\/v2\/types\/product"}],"replies":[{"embeddable":true,"href":"https:\/\/elmejorjamon.es\/fr\/wp-json\/wp\/v2\/comments?post=3501"}],"wp:featuredmedia":[{"embeddable":true,"href":"https:\/\/elmejorjamon.es\/fr\/wp-json\/wp\/v2\/media\/16494"}],"wp:attachment":[{"href":"https:\/\/elmejorjamon.es\/fr\/wp-json\/wp\/v2\/media?parent=3501"}],"wp:term":[{"taxonomy":"product_brand","embeddable":true,"href":"https:\/\/elmejorjamon.es\/fr\/wp-json\/wp\/v2\/product_brand?post=3501"},{"taxonomy":"product_cat","embeddable":true,"href":"https:\/\/elmejorjamon.es\/fr\/wp-json\/wp\/v2\/product_cat?post=3501"},{"taxonomy":"product_tag","embeddable":true,"href":"https:\/\/elmejorjamon.es\/fr\/wp-json\/wp\/v2\/product_tag?post=3501"}],"curies":[{"name":"wp","href":"https:\/\/api.w.org\/{rel}","templated":true}]}}