{"id":2841,"date":"2015-03-11T22:07:07","date_gmt":"2015-03-11T21:07:07","guid":{"rendered":"https:\/\/nueva.elmejorjamon.es\/producto\/confiture-de-figue-pot-en-verre-exito-275-g\/"},"modified":"2015-03-11T22:07:07","modified_gmt":"2015-03-11T21:07:07","slug":"confiture-de-figue-pot-en-verre-exito-275-g","status":"publish","type":"product","link":"https:\/\/elmejorjamon.es\/fr\/producto\/confiture-de-figue-pot-en-verre-exito-275-g\/","title":{"rendered":"Confiture de Figue Pot en verre Exito 275 g."},"content":{"rendered":"<p>Confiture de figues Pot de verre Exito 275 g. La confiture de figues pr\u00e9serve la texture de ce fruit dans son degr\u00e9 maximum de maturation. En le go\u00fbtant seul dans la bouche, il inonde les organes sensoriels d&rsquo;ar\u00f4me et de saveur de fruit. Accompagnement id\u00e9al aux caill\u00e9s et aux yaourts ou comme garniture de diff\u00e9rents desserts pour en rehausser la saveur.<\/p>\n","protected":false},"excerpt":{"rendered":"<p>Confiture de figues Pot de verre Exito 275 g. La confiture de figues pr\u00e9serve la texture de ce fruit dans son degr\u00e9 maximum de maturation. En le go\u00fbtant seul dans la bouche, il inonde les organes sensoriels d&rsquo;ar\u00f4me et de saveur de fruit. Accompagnement id\u00e9al aux caill\u00e9s et aux yaourts ou comme garniture de diff\u00e9rents [&hellip;]<\/p>\n","protected":false},"featured_media":2827,"comment_status":"open","ping_status":"closed","template":"","meta":{"_et_pb_use_builder":"","_et_pb_old_content":"","_et_gb_content_width":"","_sitemap_exclude":false,"_sitemap_priority":"","_sitemap_frequency":""},"product_brand":[],"product_cat":[23,257,41,47],"product_tag":[],"class_list":{"0":"post-2841","1":"product","2":"type-product","3":"status-publish","4":"has-post-thumbnail","6":"product_cat-accueil","7":"product_cat-confitures","8":"product_cat-conserves","9":"product_cat-tous-les-produits","10":"product_shipping_class-normal-fr","12":"first","13":"outofstock","14":"shipping-taxable","15":"purchasable","16":"product-type-simple"},"yoast_head":"<!-- This site is optimized with the Yoast SEO plugin v27.4 - https:\/\/yoast.com\/product\/yoast-seo-wordpress\/ -->\n<title>Confiture de Figue Pot en verre Exito 275 g. - El Mejor Jam\u00f3n<\/title>\n<meta name=\"robots\" content=\"index, follow, max-snippet:-1, max-image-preview:large, max-video-preview:-1\" \/>\n<link rel=\"canonical\" href=\"https:\/\/elmejorjamon.es\/fr\/producto\/confiture-de-figue-pot-en-verre-exito-275-g\/\" \/>\n<meta property=\"og:locale\" content=\"fr_FR\" \/>\n<meta property=\"og:type\" content=\"article\" \/>\n<meta property=\"og:title\" content=\"Confiture de Figue Pot en verre Exito 275 g. - El Mejor Jam\u00f3n\" \/>\n<meta property=\"og:description\" content=\"Confiture de figues Pot de verre Exito 275 g. La confiture de figues pr\u00e9serve la texture de ce fruit dans son degr\u00e9 maximum de maturation. En le go\u00fbtant seul dans la bouche, il inonde les organes sensoriels d&rsquo;ar\u00f4me et de saveur de fruit. Accompagnement id\u00e9al aux caill\u00e9s et aux yaourts ou comme garniture de diff\u00e9rents [&hellip;]\" \/>\n<meta property=\"og:url\" content=\"https:\/\/elmejorjamon.es\/fr\/producto\/confiture-de-figue-pot-en-verre-exito-275-g\/\" \/>\n<meta property=\"og:site_name\" content=\"El Mejor Jam\u00f3n\" \/>\n<meta property=\"article:publisher\" content=\"https:\/\/www.facebook.com\/elmejorjamonweb\" \/>\n<meta property=\"og:image\" content=\"https:\/\/elmejorjamon.es\/wp-content\/uploads\/2015\/03\/1501-thickbox_default-Confitura-de-higos-Exito-tarro-de-cristal-275-g.jpg\" \/>\n\t<meta property=\"og:image:width\" content=\"1100\" \/>\n\t<meta property=\"og:image:height\" content=\"1422\" \/>\n\t<meta property=\"og:image:type\" content=\"image\/jpeg\" \/>\n<meta name=\"twitter:card\" content=\"summary_large_image\" \/>\n<meta name=\"twitter:site\" content=\"@elmejorjamonweb\" \/>\n<script type=\"application\/ld+json\" class=\"yoast-schema-graph\">{\"@context\":\"https:\\\/\\\/schema.org\",\"@graph\":[{\"@type\":\"WebPage\",\"@id\":\"https:\\\/\\\/elmejorjamon.es\\\/fr\\\/producto\\\/confiture-de-figue-pot-en-verre-exito-275-g\\\/\",\"url\":\"https:\\\/\\\/elmejorjamon.es\\\/fr\\\/producto\\\/confiture-de-figue-pot-en-verre-exito-275-g\\\/\",\"name\":\"Confiture de Figue Pot en verre Exito 275 g. - El Mejor Jam\u00f3n\",\"isPartOf\":{\"@id\":\"https:\\\/\\\/elmejorjamon.es\\\/#website\"},\"primaryImageOfPage\":{\"@id\":\"https:\\\/\\\/elmejorjamon.es\\\/fr\\\/producto\\\/confiture-de-figue-pot-en-verre-exito-275-g\\\/#primaryimage\"},\"image\":{\"@id\":\"https:\\\/\\\/elmejorjamon.es\\\/fr\\\/producto\\\/confiture-de-figue-pot-en-verre-exito-275-g\\\/#primaryimage\"},\"thumbnailUrl\":\"https:\\\/\\\/elmejorjamon.es\\\/wp-content\\\/uploads\\\/2015\\\/03\\\/1501-thickbox_default-Confitura-de-higos-Exito-tarro-de-cristal-275-g.jpg\",\"datePublished\":\"2015-03-11T21:07:07+00:00\",\"breadcrumb\":{\"@id\":\"https:\\\/\\\/elmejorjamon.es\\\/fr\\\/producto\\\/confiture-de-figue-pot-en-verre-exito-275-g\\\/#breadcrumb\"},\"inLanguage\":\"fr-FR\",\"potentialAction\":[{\"@type\":\"ReadAction\",\"target\":[\"https:\\\/\\\/elmejorjamon.es\\\/fr\\\/producto\\\/confiture-de-figue-pot-en-verre-exito-275-g\\\/\"]}]},{\"@type\":\"ImageObject\",\"inLanguage\":\"fr-FR\",\"@id\":\"https:\\\/\\\/elmejorjamon.es\\\/fr\\\/producto\\\/confiture-de-figue-pot-en-verre-exito-275-g\\\/#primaryimage\",\"url\":\"https:\\\/\\\/elmejorjamon.es\\\/wp-content\\\/uploads\\\/2015\\\/03\\\/1501-thickbox_default-Confitura-de-higos-Exito-tarro-de-cristal-275-g.jpg\",\"contentUrl\":\"https:\\\/\\\/elmejorjamon.es\\\/wp-content\\\/uploads\\\/2015\\\/03\\\/1501-thickbox_default-Confitura-de-higos-Exito-tarro-de-cristal-275-g.jpg\",\"width\":1100,\"height\":1422,\"caption\":\"Confitura de higos Exito tarro de cristal 275 g.\"},{\"@type\":\"BreadcrumbList\",\"@id\":\"https:\\\/\\\/elmejorjamon.es\\\/fr\\\/producto\\\/confiture-de-figue-pot-en-verre-exito-275-g\\\/#breadcrumb\",\"itemListElement\":[{\"@type\":\"ListItem\",\"position\":1,\"name\":\"Portada\",\"item\":\"https:\\\/\\\/elmejorjamon.es\\\/fr\\\/\"},{\"@type\":\"ListItem\",\"position\":2,\"name\":\"D\u00e9marrage rapide\",\"item\":\"https:\\\/\\\/elmejorjamon.es\\\/fr\\\/\"},{\"@type\":\"ListItem\",\"position\":3,\"name\":\"Confiture de Figue Pot en verre Exito 275 g.\"}]},{\"@type\":\"WebSite\",\"@id\":\"https:\\\/\\\/elmejorjamon.es\\\/#website\",\"url\":\"https:\\\/\\\/elmejorjamon.es\\\/\",\"name\":\"El Mejor Jam\u00f3n\",\"description\":\"Comprar jamones y embutidos a buen precio\",\"publisher\":{\"@id\":\"https:\\\/\\\/elmejorjamon.es\\\/#organization\"},\"potentialAction\":[{\"@type\":\"SearchAction\",\"target\":{\"@type\":\"EntryPoint\",\"urlTemplate\":\"https:\\\/\\\/elmejorjamon.es\\\/?s={search_term_string}\"},\"query-input\":{\"@type\":\"PropertyValueSpecification\",\"valueRequired\":true,\"valueName\":\"search_term_string\"}}],\"inLanguage\":\"fr-FR\"},{\"@type\":\"Organization\",\"@id\":\"https:\\\/\\\/elmejorjamon.es\\\/#organization\",\"name\":\"El Mejor Jam\u00f3n\",\"url\":\"https:\\\/\\\/elmejorjamon.es\\\/\",\"logo\":{\"@type\":\"ImageObject\",\"inLanguage\":\"fr-FR\",\"@id\":\"https:\\\/\\\/elmejorjamon.es\\\/#\\\/schema\\\/logo\\\/image\\\/\",\"url\":\"https:\\\/\\\/elmejorjamon.es\\\/wp-content\\\/uploads\\\/2025\\\/01\\\/logocorreos.png\",\"contentUrl\":\"https:\\\/\\\/elmejorjamon.es\\\/wp-content\\\/uploads\\\/2025\\\/01\\\/logocorreos.png\",\"width\":277,\"height\":200,\"caption\":\"El Mejor Jam\u00f3n\"},\"image\":{\"@id\":\"https:\\\/\\\/elmejorjamon.es\\\/#\\\/schema\\\/logo\\\/image\\\/\"},\"sameAs\":[\"https:\\\/\\\/www.facebook.com\\\/elmejorjamonweb\",\"https:\\\/\\\/x.com\\\/elmejorjamonweb\",\"https:\\\/\\\/www.instagram.com\\\/elmejorjamonweb\\\/\"]}]}<\/script>\n<!-- \/ Yoast SEO plugin. -->","yoast_head_json":{"title":"Confiture de Figue Pot en verre Exito 275 g. - El Mejor Jam\u00f3n","robots":{"index":"index","follow":"follow","max-snippet":"max-snippet:-1","max-image-preview":"max-image-preview:large","max-video-preview":"max-video-preview:-1"},"canonical":"https:\/\/elmejorjamon.es\/fr\/producto\/confiture-de-figue-pot-en-verre-exito-275-g\/","og_locale":"fr_FR","og_type":"article","og_title":"Confiture de Figue Pot en verre Exito 275 g. - El Mejor Jam\u00f3n","og_description":"Confiture de figues Pot de verre Exito 275 g. La confiture de figues pr\u00e9serve la texture de ce fruit dans son degr\u00e9 maximum de maturation. En le go\u00fbtant seul dans la bouche, il inonde les organes sensoriels d&rsquo;ar\u00f4me et de saveur de fruit. Accompagnement id\u00e9al aux caill\u00e9s et aux yaourts ou comme garniture de diff\u00e9rents [&hellip;]","og_url":"https:\/\/elmejorjamon.es\/fr\/producto\/confiture-de-figue-pot-en-verre-exito-275-g\/","og_site_name":"El Mejor Jam\u00f3n","article_publisher":"https:\/\/www.facebook.com\/elmejorjamonweb","og_image":[{"width":1100,"height":1422,"url":"https:\/\/elmejorjamon.es\/wp-content\/uploads\/2015\/03\/1501-thickbox_default-Confitura-de-higos-Exito-tarro-de-cristal-275-g.jpg","type":"image\/jpeg"}],"twitter_card":"summary_large_image","twitter_site":"@elmejorjamonweb","schema":{"@context":"https:\/\/schema.org","@graph":[{"@type":"WebPage","@id":"https:\/\/elmejorjamon.es\/fr\/producto\/confiture-de-figue-pot-en-verre-exito-275-g\/","url":"https:\/\/elmejorjamon.es\/fr\/producto\/confiture-de-figue-pot-en-verre-exito-275-g\/","name":"Confiture de Figue Pot en verre Exito 275 g. - El Mejor Jam\u00f3n","isPartOf":{"@id":"https:\/\/elmejorjamon.es\/#website"},"primaryImageOfPage":{"@id":"https:\/\/elmejorjamon.es\/fr\/producto\/confiture-de-figue-pot-en-verre-exito-275-g\/#primaryimage"},"image":{"@id":"https:\/\/elmejorjamon.es\/fr\/producto\/confiture-de-figue-pot-en-verre-exito-275-g\/#primaryimage"},"thumbnailUrl":"https:\/\/elmejorjamon.es\/wp-content\/uploads\/2015\/03\/1501-thickbox_default-Confitura-de-higos-Exito-tarro-de-cristal-275-g.jpg","datePublished":"2015-03-11T21:07:07+00:00","breadcrumb":{"@id":"https:\/\/elmejorjamon.es\/fr\/producto\/confiture-de-figue-pot-en-verre-exito-275-g\/#breadcrumb"},"inLanguage":"fr-FR","potentialAction":[{"@type":"ReadAction","target":["https:\/\/elmejorjamon.es\/fr\/producto\/confiture-de-figue-pot-en-verre-exito-275-g\/"]}]},{"@type":"ImageObject","inLanguage":"fr-FR","@id":"https:\/\/elmejorjamon.es\/fr\/producto\/confiture-de-figue-pot-en-verre-exito-275-g\/#primaryimage","url":"https:\/\/elmejorjamon.es\/wp-content\/uploads\/2015\/03\/1501-thickbox_default-Confitura-de-higos-Exito-tarro-de-cristal-275-g.jpg","contentUrl":"https:\/\/elmejorjamon.es\/wp-content\/uploads\/2015\/03\/1501-thickbox_default-Confitura-de-higos-Exito-tarro-de-cristal-275-g.jpg","width":1100,"height":1422,"caption":"Confitura de higos Exito tarro de cristal 275 g."},{"@type":"BreadcrumbList","@id":"https:\/\/elmejorjamon.es\/fr\/producto\/confiture-de-figue-pot-en-verre-exito-275-g\/#breadcrumb","itemListElement":[{"@type":"ListItem","position":1,"name":"Portada","item":"https:\/\/elmejorjamon.es\/fr\/"},{"@type":"ListItem","position":2,"name":"D\u00e9marrage rapide","item":"https:\/\/elmejorjamon.es\/fr\/"},{"@type":"ListItem","position":3,"name":"Confiture de Figue Pot en verre Exito 275 g."}]},{"@type":"WebSite","@id":"https:\/\/elmejorjamon.es\/#website","url":"https:\/\/elmejorjamon.es\/","name":"El Mejor Jam\u00f3n","description":"Comprar jamones y embutidos a buen precio","publisher":{"@id":"https:\/\/elmejorjamon.es\/#organization"},"potentialAction":[{"@type":"SearchAction","target":{"@type":"EntryPoint","urlTemplate":"https:\/\/elmejorjamon.es\/?s={search_term_string}"},"query-input":{"@type":"PropertyValueSpecification","valueRequired":true,"valueName":"search_term_string"}}],"inLanguage":"fr-FR"},{"@type":"Organization","@id":"https:\/\/elmejorjamon.es\/#organization","name":"El Mejor Jam\u00f3n","url":"https:\/\/elmejorjamon.es\/","logo":{"@type":"ImageObject","inLanguage":"fr-FR","@id":"https:\/\/elmejorjamon.es\/#\/schema\/logo\/image\/","url":"https:\/\/elmejorjamon.es\/wp-content\/uploads\/2025\/01\/logocorreos.png","contentUrl":"https:\/\/elmejorjamon.es\/wp-content\/uploads\/2025\/01\/logocorreos.png","width":277,"height":200,"caption":"El Mejor Jam\u00f3n"},"image":{"@id":"https:\/\/elmejorjamon.es\/#\/schema\/logo\/image\/"},"sameAs":["https:\/\/www.facebook.com\/elmejorjamonweb","https:\/\/x.com\/elmejorjamonweb","https:\/\/www.instagram.com\/elmejorjamonweb\/"]}]}},"_links":{"self":[{"href":"https:\/\/elmejorjamon.es\/fr\/wp-json\/wp\/v2\/product\/2841","targetHints":{"allow":["GET"]}}],"collection":[{"href":"https:\/\/elmejorjamon.es\/fr\/wp-json\/wp\/v2\/product"}],"about":[{"href":"https:\/\/elmejorjamon.es\/fr\/wp-json\/wp\/v2\/types\/product"}],"replies":[{"embeddable":true,"href":"https:\/\/elmejorjamon.es\/fr\/wp-json\/wp\/v2\/comments?post=2841"}],"wp:featuredmedia":[{"embeddable":true,"href":"https:\/\/elmejorjamon.es\/fr\/wp-json\/wp\/v2\/media\/2827"}],"wp:attachment":[{"href":"https:\/\/elmejorjamon.es\/fr\/wp-json\/wp\/v2\/media?parent=2841"}],"wp:term":[{"taxonomy":"product_brand","embeddable":true,"href":"https:\/\/elmejorjamon.es\/fr\/wp-json\/wp\/v2\/product_brand?post=2841"},{"taxonomy":"product_cat","embeddable":true,"href":"https:\/\/elmejorjamon.es\/fr\/wp-json\/wp\/v2\/product_cat?post=2841"},{"taxonomy":"product_tag","embeddable":true,"href":"https:\/\/elmejorjamon.es\/fr\/wp-json\/wp\/v2\/product_tag?post=2841"}],"curies":[{"name":"wp","href":"https:\/\/api.w.org\/{rel}","templated":true}]}}