{"id":2805,"date":"2014-09-28T18:51:32","date_gmt":"2014-09-28T16:51:32","guid":{"rendered":"https:\/\/nueva.elmejorjamon.es\/producto\/filets-d-anchois-codesa-710-pieces-serie-limitee\/"},"modified":"2026-02-14T11:09:59","modified_gmt":"2026-02-14T10:09:59","slug":"filets-d-anchois-codesa-710-pieces-serie-limitee","status":"publish","type":"product","link":"https:\/\/elmejorjamon.es\/fr\/producto\/filets-d-anchois-codesa-710-pieces-serie-limitee\/","title":{"rendered":"Filets d&rsquo;anchois Codesa 7\/10 pi\u00e8ces s\u00e9rie limit\u00e9e."},"content":{"rendered":"<p>Filets d&rsquo;anchois Codesa 7\/10 pi\u00e8ces s\u00e9rie limit\u00e9e.<\/p>\n<p>La S\u00e9rie Limit\u00e9e est \u00e9labor\u00e9e avec la s\u00e9lection des plus grands CALIBRES de Bocarte \/ boquer\u00f3n s\u00e9lectionn\u00e9s dans les prises d&rsquo;ALBA acquises dans les ports maritimes du Golfe de Gascogne aux mois d&rsquo;avril et de mai, moment o\u00f9 le Bocarte \/ Boquer\u00f3n atteint sa qualit\u00e9 maximale pour l&rsquo;\u00e9laboration du Salage, qui sera durci en cave pendant une ann\u00e9e en moyenne. Plus tard, il est \u00e9labor\u00e9 dans des filets app\u00e9tissants d&rsquo;une mani\u00e8re totalement artisanale o\u00f9 seulement quelques mains expertes de filets cantabriques pourront les dorloter et les \u00e9laborer dans de petites PRODUCTIONS LIMIT\u00c9ES o\u00f9 la QUALIT\u00c9 MAXIMALE pr\u00e9vaudra sur la quantit\u00e9. Enfin, ils seront accueillis par l&rsquo;un des meilleurs AOVEmedalla d&rsquo;or \u00e0 la meilleure huile du monde en 2012, 2013 et 2015 qui fera un match parfait pour les palais les plus exigeants.<\/p>\n","protected":false},"excerpt":{"rendered":"<p>Filets d&rsquo;anchois Codesa 7\/10 pi\u00e8ces s\u00e9rie limit\u00e9e. La S\u00e9rie Limit\u00e9e est \u00e9labor\u00e9e avec la s\u00e9lection des plus grands CALIBRES de Bocarte \/ boquer\u00f3n s\u00e9lectionn\u00e9s dans les prises d&rsquo;ALBA acquises dans les ports maritimes du Golfe de Gascogne aux mois d&rsquo;avril et de mai, moment o\u00f9 le Bocarte \/ Boquer\u00f3n atteint sa qualit\u00e9 maximale pour l&rsquo;\u00e9laboration [&hellip;]<\/p>\n","protected":false},"featured_media":2793,"comment_status":"open","ping_status":"closed","template":"","meta":{"_et_pb_use_builder":"","_et_pb_old_content":"","_et_gb_content_width":"","_sitemap_exclude":false,"_sitemap_priority":"","_sitemap_frequency":""},"product_brand":[],"product_cat":[23,185,41,47],"product_tag":[],"class_list":{"0":"post-2805","1":"product","2":"type-product","3":"status-publish","4":"has-post-thumbnail","6":"product_cat-accueil","7":"product_cat-anchois","8":"product_cat-conserves","9":"product_cat-tous-les-produits","10":"product_shipping_class-normal-fr","11":"pa_opciones-1unite-fr","12":"pa_opciones-boitede24unites-fr","14":"first","15":"instock","16":"shipping-taxable","17":"purchasable","18":"product-type-variable","19":"has-default-attributes"},"yoast_head":"<!-- This site is optimized with the Yoast SEO plugin v27.2 - https:\/\/yoast.com\/product\/yoast-seo-wordpress\/ -->\n<title>Filets d&#039;anchois Codesa 7\/10 pi\u00e8ces s\u00e9rie limit\u00e9e. - El Mejor Jam\u00f3n<\/title>\n<meta name=\"robots\" content=\"index, follow, max-snippet:-1, max-image-preview:large, max-video-preview:-1\" \/>\n<link rel=\"canonical\" href=\"https:\/\/elmejorjamon.es\/fr\/producto\/filets-d-anchois-codesa-710-pieces-serie-limitee\/\" \/>\n<meta property=\"og:locale\" content=\"fr_FR\" \/>\n<meta property=\"og:type\" content=\"article\" \/>\n<meta property=\"og:title\" content=\"Filets d&#039;anchois Codesa 7\/10 pi\u00e8ces s\u00e9rie limit\u00e9e. - El Mejor Jam\u00f3n\" \/>\n<meta property=\"og:description\" content=\"Filets d&rsquo;anchois Codesa 7\/10 pi\u00e8ces s\u00e9rie limit\u00e9e. La S\u00e9rie Limit\u00e9e est \u00e9labor\u00e9e avec la s\u00e9lection des plus grands CALIBRES de Bocarte \/ boquer\u00f3n s\u00e9lectionn\u00e9s dans les prises d&rsquo;ALBA acquises dans les ports maritimes du Golfe de Gascogne aux mois d&rsquo;avril et de mai, moment o\u00f9 le Bocarte \/ Boquer\u00f3n atteint sa qualit\u00e9 maximale pour l&rsquo;\u00e9laboration [&hellip;]\" \/>\n<meta property=\"og:url\" content=\"https:\/\/elmejorjamon.es\/fr\/producto\/filets-d-anchois-codesa-710-pieces-serie-limitee\/\" \/>\n<meta property=\"og:site_name\" content=\"El Mejor Jam\u00f3n\" \/>\n<meta property=\"article:publisher\" content=\"https:\/\/www.facebook.com\/elmejorjamonweb\" \/>\n<meta property=\"article:modified_time\" content=\"2026-02-14T10:09:59+00:00\" \/>\n<meta property=\"og:image\" content=\"https:\/\/elmejorjamon.es\/wp-content\/uploads\/2014\/09\/2630-thickbox_default-Filetes-de-anchoa-Codesa-16-lin.-negra-limitada.jpg\" \/>\n\t<meta property=\"og:image:width\" content=\"1100\" \/>\n\t<meta property=\"og:image:height\" content=\"1422\" \/>\n\t<meta property=\"og:image:type\" content=\"image\/jpeg\" \/>\n<meta name=\"twitter:card\" content=\"summary_large_image\" \/>\n<meta name=\"twitter:site\" content=\"@elmejorjamonweb\" \/>\n<meta name=\"twitter:label1\" content=\"Dur\u00e9e de lecture estim\u00e9e\" \/>\n\t<meta name=\"twitter:data1\" content=\"1 minute\" \/>\n<script type=\"application\/ld+json\" class=\"yoast-schema-graph\">{\"@context\":\"https:\/\/schema.org\",\"@graph\":[{\"@type\":\"WebPage\",\"@id\":\"https:\/\/elmejorjamon.es\/fr\/producto\/filets-d-anchois-codesa-710-pieces-serie-limitee\/\",\"url\":\"https:\/\/elmejorjamon.es\/fr\/producto\/filets-d-anchois-codesa-710-pieces-serie-limitee\/\",\"name\":\"Filets d'anchois Codesa 7\/10 pi\u00e8ces s\u00e9rie limit\u00e9e. - El Mejor Jam\u00f3n\",\"isPartOf\":{\"@id\":\"https:\/\/elmejorjamon.es\/#website\"},\"primaryImageOfPage\":{\"@id\":\"https:\/\/elmejorjamon.es\/fr\/producto\/filets-d-anchois-codesa-710-pieces-serie-limitee\/#primaryimage\"},\"image\":{\"@id\":\"https:\/\/elmejorjamon.es\/fr\/producto\/filets-d-anchois-codesa-710-pieces-serie-limitee\/#primaryimage\"},\"thumbnailUrl\":\"https:\/\/elmejorjamon.es\/wp-content\/uploads\/2014\/09\/2630-thickbox_default-Filetes-de-anchoa-Codesa-16-lin.-negra-limitada.jpg\",\"datePublished\":\"2014-09-28T16:51:32+00:00\",\"dateModified\":\"2026-02-14T10:09:59+00:00\",\"breadcrumb\":{\"@id\":\"https:\/\/elmejorjamon.es\/fr\/producto\/filets-d-anchois-codesa-710-pieces-serie-limitee\/#breadcrumb\"},\"inLanguage\":\"fr-FR\",\"potentialAction\":[{\"@type\":\"ReadAction\",\"target\":[\"https:\/\/elmejorjamon.es\/fr\/producto\/filets-d-anchois-codesa-710-pieces-serie-limitee\/\"]}]},{\"@type\":\"ImageObject\",\"inLanguage\":\"fr-FR\",\"@id\":\"https:\/\/elmejorjamon.es\/fr\/producto\/filets-d-anchois-codesa-710-pieces-serie-limitee\/#primaryimage\",\"url\":\"https:\/\/elmejorjamon.es\/wp-content\/uploads\/2014\/09\/2630-thickbox_default-Filetes-de-anchoa-Codesa-16-lin.-negra-limitada.jpg\",\"contentUrl\":\"https:\/\/elmejorjamon.es\/wp-content\/uploads\/2014\/09\/2630-thickbox_default-Filetes-de-anchoa-Codesa-16-lin.-negra-limitada.jpg\",\"width\":1100,\"height\":1422},{\"@type\":\"BreadcrumbList\",\"@id\":\"https:\/\/elmejorjamon.es\/fr\/producto\/filets-d-anchois-codesa-710-pieces-serie-limitee\/#breadcrumb\",\"itemListElement\":[{\"@type\":\"ListItem\",\"position\":1,\"name\":\"Portada\",\"item\":\"https:\/\/elmejorjamon.es\/fr\/\"},{\"@type\":\"ListItem\",\"position\":2,\"name\":\"D\u00e9marrage rapide\",\"item\":\"https:\/\/elmejorjamon.es\/fr\/\"},{\"@type\":\"ListItem\",\"position\":3,\"name\":\"Filets d&#8217;anchois Codesa 7\/10 pi\u00e8ces s\u00e9rie limit\u00e9e.\"}]},{\"@type\":\"WebSite\",\"@id\":\"https:\/\/elmejorjamon.es\/#website\",\"url\":\"https:\/\/elmejorjamon.es\/\",\"name\":\"El Mejor Jam\u00f3n\",\"description\":\"Comprar jamones y embutidos a buen precio\",\"publisher\":{\"@id\":\"https:\/\/elmejorjamon.es\/#organization\"},\"potentialAction\":[{\"@type\":\"SearchAction\",\"target\":{\"@type\":\"EntryPoint\",\"urlTemplate\":\"https:\/\/elmejorjamon.es\/?s={search_term_string}\"},\"query-input\":{\"@type\":\"PropertyValueSpecification\",\"valueRequired\":true,\"valueName\":\"search_term_string\"}}],\"inLanguage\":\"fr-FR\"},{\"@type\":\"Organization\",\"@id\":\"https:\/\/elmejorjamon.es\/#organization\",\"name\":\"El Mejor Jam\u00f3n\",\"url\":\"https:\/\/elmejorjamon.es\/\",\"logo\":{\"@type\":\"ImageObject\",\"inLanguage\":\"fr-FR\",\"@id\":\"https:\/\/elmejorjamon.es\/#\/schema\/logo\/image\/\",\"url\":\"https:\/\/elmejorjamon.es\/wp-content\/uploads\/2025\/01\/logocorreos.png\",\"contentUrl\":\"https:\/\/elmejorjamon.es\/wp-content\/uploads\/2025\/01\/logocorreos.png\",\"width\":277,\"height\":200,\"caption\":\"El Mejor Jam\u00f3n\"},\"image\":{\"@id\":\"https:\/\/elmejorjamon.es\/#\/schema\/logo\/image\/\"},\"sameAs\":[\"https:\/\/www.facebook.com\/elmejorjamonweb\",\"https:\/\/x.com\/elmejorjamonweb\",\"https:\/\/www.instagram.com\/elmejorjamonweb\/\"]}]}<\/script>\n<!-- \/ Yoast SEO plugin. -->","yoast_head_json":{"title":"Filets d'anchois Codesa 7\/10 pi\u00e8ces s\u00e9rie limit\u00e9e. - El Mejor Jam\u00f3n","robots":{"index":"index","follow":"follow","max-snippet":"max-snippet:-1","max-image-preview":"max-image-preview:large","max-video-preview":"max-video-preview:-1"},"canonical":"https:\/\/elmejorjamon.es\/fr\/producto\/filets-d-anchois-codesa-710-pieces-serie-limitee\/","og_locale":"fr_FR","og_type":"article","og_title":"Filets d'anchois Codesa 7\/10 pi\u00e8ces s\u00e9rie limit\u00e9e. - El Mejor Jam\u00f3n","og_description":"Filets d&rsquo;anchois Codesa 7\/10 pi\u00e8ces s\u00e9rie limit\u00e9e. La S\u00e9rie Limit\u00e9e est \u00e9labor\u00e9e avec la s\u00e9lection des plus grands CALIBRES de Bocarte \/ boquer\u00f3n s\u00e9lectionn\u00e9s dans les prises d&rsquo;ALBA acquises dans les ports maritimes du Golfe de Gascogne aux mois d&rsquo;avril et de mai, moment o\u00f9 le Bocarte \/ Boquer\u00f3n atteint sa qualit\u00e9 maximale pour l&rsquo;\u00e9laboration [&hellip;]","og_url":"https:\/\/elmejorjamon.es\/fr\/producto\/filets-d-anchois-codesa-710-pieces-serie-limitee\/","og_site_name":"El Mejor Jam\u00f3n","article_publisher":"https:\/\/www.facebook.com\/elmejorjamonweb","article_modified_time":"2026-02-14T10:09:59+00:00","og_image":[{"width":1100,"height":1422,"url":"https:\/\/elmejorjamon.es\/wp-content\/uploads\/2014\/09\/2630-thickbox_default-Filetes-de-anchoa-Codesa-16-lin.-negra-limitada.jpg","type":"image\/jpeg"}],"twitter_card":"summary_large_image","twitter_site":"@elmejorjamonweb","twitter_misc":{"Dur\u00e9e de lecture estim\u00e9e":"1 minute"},"schema":{"@context":"https:\/\/schema.org","@graph":[{"@type":"WebPage","@id":"https:\/\/elmejorjamon.es\/fr\/producto\/filets-d-anchois-codesa-710-pieces-serie-limitee\/","url":"https:\/\/elmejorjamon.es\/fr\/producto\/filets-d-anchois-codesa-710-pieces-serie-limitee\/","name":"Filets d'anchois Codesa 7\/10 pi\u00e8ces s\u00e9rie limit\u00e9e. - El Mejor Jam\u00f3n","isPartOf":{"@id":"https:\/\/elmejorjamon.es\/#website"},"primaryImageOfPage":{"@id":"https:\/\/elmejorjamon.es\/fr\/producto\/filets-d-anchois-codesa-710-pieces-serie-limitee\/#primaryimage"},"image":{"@id":"https:\/\/elmejorjamon.es\/fr\/producto\/filets-d-anchois-codesa-710-pieces-serie-limitee\/#primaryimage"},"thumbnailUrl":"https:\/\/elmejorjamon.es\/wp-content\/uploads\/2014\/09\/2630-thickbox_default-Filetes-de-anchoa-Codesa-16-lin.-negra-limitada.jpg","datePublished":"2014-09-28T16:51:32+00:00","dateModified":"2026-02-14T10:09:59+00:00","breadcrumb":{"@id":"https:\/\/elmejorjamon.es\/fr\/producto\/filets-d-anchois-codesa-710-pieces-serie-limitee\/#breadcrumb"},"inLanguage":"fr-FR","potentialAction":[{"@type":"ReadAction","target":["https:\/\/elmejorjamon.es\/fr\/producto\/filets-d-anchois-codesa-710-pieces-serie-limitee\/"]}]},{"@type":"ImageObject","inLanguage":"fr-FR","@id":"https:\/\/elmejorjamon.es\/fr\/producto\/filets-d-anchois-codesa-710-pieces-serie-limitee\/#primaryimage","url":"https:\/\/elmejorjamon.es\/wp-content\/uploads\/2014\/09\/2630-thickbox_default-Filetes-de-anchoa-Codesa-16-lin.-negra-limitada.jpg","contentUrl":"https:\/\/elmejorjamon.es\/wp-content\/uploads\/2014\/09\/2630-thickbox_default-Filetes-de-anchoa-Codesa-16-lin.-negra-limitada.jpg","width":1100,"height":1422},{"@type":"BreadcrumbList","@id":"https:\/\/elmejorjamon.es\/fr\/producto\/filets-d-anchois-codesa-710-pieces-serie-limitee\/#breadcrumb","itemListElement":[{"@type":"ListItem","position":1,"name":"Portada","item":"https:\/\/elmejorjamon.es\/fr\/"},{"@type":"ListItem","position":2,"name":"D\u00e9marrage rapide","item":"https:\/\/elmejorjamon.es\/fr\/"},{"@type":"ListItem","position":3,"name":"Filets d&#8217;anchois Codesa 7\/10 pi\u00e8ces s\u00e9rie limit\u00e9e."}]},{"@type":"WebSite","@id":"https:\/\/elmejorjamon.es\/#website","url":"https:\/\/elmejorjamon.es\/","name":"El Mejor Jam\u00f3n","description":"Comprar jamones y embutidos a buen precio","publisher":{"@id":"https:\/\/elmejorjamon.es\/#organization"},"potentialAction":[{"@type":"SearchAction","target":{"@type":"EntryPoint","urlTemplate":"https:\/\/elmejorjamon.es\/?s={search_term_string}"},"query-input":{"@type":"PropertyValueSpecification","valueRequired":true,"valueName":"search_term_string"}}],"inLanguage":"fr-FR"},{"@type":"Organization","@id":"https:\/\/elmejorjamon.es\/#organization","name":"El Mejor Jam\u00f3n","url":"https:\/\/elmejorjamon.es\/","logo":{"@type":"ImageObject","inLanguage":"fr-FR","@id":"https:\/\/elmejorjamon.es\/#\/schema\/logo\/image\/","url":"https:\/\/elmejorjamon.es\/wp-content\/uploads\/2025\/01\/logocorreos.png","contentUrl":"https:\/\/elmejorjamon.es\/wp-content\/uploads\/2025\/01\/logocorreos.png","width":277,"height":200,"caption":"El Mejor Jam\u00f3n"},"image":{"@id":"https:\/\/elmejorjamon.es\/#\/schema\/logo\/image\/"},"sameAs":["https:\/\/www.facebook.com\/elmejorjamonweb","https:\/\/x.com\/elmejorjamonweb","https:\/\/www.instagram.com\/elmejorjamonweb\/"]}]}},"_links":{"self":[{"href":"https:\/\/elmejorjamon.es\/fr\/wp-json\/wp\/v2\/product\/2805","targetHints":{"allow":["GET"]}}],"collection":[{"href":"https:\/\/elmejorjamon.es\/fr\/wp-json\/wp\/v2\/product"}],"about":[{"href":"https:\/\/elmejorjamon.es\/fr\/wp-json\/wp\/v2\/types\/product"}],"replies":[{"embeddable":true,"href":"https:\/\/elmejorjamon.es\/fr\/wp-json\/wp\/v2\/comments?post=2805"}],"wp:featuredmedia":[{"embeddable":true,"href":"https:\/\/elmejorjamon.es\/fr\/wp-json\/wp\/v2\/media\/2793"}],"wp:attachment":[{"href":"https:\/\/elmejorjamon.es\/fr\/wp-json\/wp\/v2\/media?parent=2805"}],"wp:term":[{"taxonomy":"product_brand","embeddable":true,"href":"https:\/\/elmejorjamon.es\/fr\/wp-json\/wp\/v2\/product_brand?post=2805"},{"taxonomy":"product_cat","embeddable":true,"href":"https:\/\/elmejorjamon.es\/fr\/wp-json\/wp\/v2\/product_cat?post=2805"},{"taxonomy":"product_tag","embeddable":true,"href":"https:\/\/elmejorjamon.es\/fr\/wp-json\/wp\/v2\/product_tag?post=2805"}],"curies":[{"name":"wp","href":"https:\/\/api.w.org\/{rel}","templated":true}]}}