{"id":2715,"date":"2013-11-23T19:54:04","date_gmt":"2013-11-23T18:54:04","guid":{"rendered":"https:\/\/nueva.elmejorjamon.es\/producto\/jambon-iberique-de-50-monteparra-guijuelo\/"},"modified":"2025-03-26T10:57:16","modified_gmt":"2025-03-26T09:57:16","slug":"jambon-iberique-de-50-monteparra-guijuelo","status":"publish","type":"product","link":"https:\/\/elmejorjamon.es\/fr\/producto\/jambon-iberique-de-50-monteparra-guijuelo\/","title":{"rendered":"Jambon ib\u00e9rique de 50% Monteparra Guijuelo"},"content":{"rendered":"<p>\u00a0Jambon ib\u00e9rique de 50% Monteparra Guijuelo<\/p>\n<p>Propre porc de ferme \u00e0 Guijuelo. Cicatrisant de plus de 30 mois, nourri avec les meilleurs aliments pour donner un go\u00fbt sucr\u00e9 et caract\u00e9ristique de Guijuelo.Pata \u00e9tir\u00e9 avec \u00e9clat et graisse entrelac\u00e9e.<\/p>\n<p>Syst\u00e8me semi-intensif. En g\u00e9n\u00e9ral, ce syst\u00e8me d&rsquo;exploitation est un syst\u00e8me mixte, dans lequel les animaux profitent de plusieurs heures par jour d&rsquo;exploitation en plein air, tandis qu&rsquo;\u00e0 d&rsquo;autres moments ou moments ils sont gard\u00e9s dans des espaces clos (\u00e9curies) soumis \u00e0 une alimentation intensive.<\/p>\n","protected":false},"excerpt":{"rendered":"<p>Jambon ib\u00e9rique de 50% Monteparra Guijuelo<\/p>\n","protected":false},"featured_media":2679,"comment_status":"open","ping_status":"closed","template":"","meta":{"_et_pb_use_builder":"","_et_pb_old_content":"","_et_gb_content_width":"","_sitemap_exclude":false,"_sitemap_priority":"","_sitemap_frequency":""},"product_brand":[],"product_cat":[23,107,47],"product_tag":[],"class_list":{"0":"post-2715","1":"product","2":"type-product","3":"status-publish","4":"has-post-thumbnail","6":"product_cat-accueil","7":"product_cat-jambons-iberiques","8":"product_cat-tous-les-produits","9":"product_shipping_class-normal-fr","10":"pa_opciones-63-decoupeaucouteauetemballe-fr","11":"pa_opciones-desosseetemballesousvide59-fr","12":"pa_opciones-pieceentiere-fr","13":"pa_peso-7_5_8kg-fr","14":"pa_peso-8_5_9kg-fr","15":"pa_peso-environ-85-kg","17":"first","18":"instock","19":"shipping-taxable","20":"purchasable","21":"product-type-variable","22":"has-default-attributes"},"yoast_head":"<!-- This site is optimized with the Yoast SEO plugin v27.4 - https:\/\/yoast.com\/product\/yoast-seo-wordpress\/ -->\n<title>Jambon ib\u00e9rique de 50% Monteparra Guijuelo - El Mejor Jam\u00f3n<\/title>\n<meta name=\"robots\" content=\"index, follow, max-snippet:-1, max-image-preview:large, max-video-preview:-1\" \/>\n<link rel=\"canonical\" href=\"https:\/\/elmejorjamon.es\/fr\/producto\/jambon-iberique-de-50-monteparra-guijuelo\/\" \/>\n<meta property=\"og:locale\" content=\"fr_FR\" \/>\n<meta property=\"og:type\" content=\"article\" \/>\n<meta property=\"og:title\" content=\"Jambon ib\u00e9rique de 50% Monteparra Guijuelo - El Mejor Jam\u00f3n\" \/>\n<meta property=\"og:description\" content=\"Jambon ib\u00e9rique de 50% Monteparra Guijuelo\" \/>\n<meta property=\"og:url\" content=\"https:\/\/elmejorjamon.es\/fr\/producto\/jambon-iberique-de-50-monteparra-guijuelo\/\" \/>\n<meta property=\"og:site_name\" content=\"El Mejor Jam\u00f3n\" \/>\n<meta property=\"article:publisher\" content=\"https:\/\/www.facebook.com\/elmejorjamonweb\" \/>\n<meta property=\"article:modified_time\" content=\"2025-03-26T09:57:16+00:00\" \/>\n<meta property=\"og:image\" content=\"https:\/\/elmejorjamon.es\/wp-content\/uploads\/2013\/11\/2590-thickbox_default-Jamon-de-cebo-50berico-Monteparra.jpg\" \/>\n\t<meta property=\"og:image:width\" content=\"1100\" \/>\n\t<meta property=\"og:image:height\" content=\"1422\" \/>\n\t<meta property=\"og:image:type\" content=\"image\/jpeg\" \/>\n<meta name=\"twitter:card\" content=\"summary_large_image\" \/>\n<meta name=\"twitter:site\" content=\"@elmejorjamonweb\" \/>\n<script type=\"application\/ld+json\" class=\"yoast-schema-graph\">{\"@context\":\"https:\\\/\\\/schema.org\",\"@graph\":[{\"@type\":\"WebPage\",\"@id\":\"https:\\\/\\\/elmejorjamon.es\\\/fr\\\/producto\\\/jambon-iberique-de-50-monteparra-guijuelo\\\/\",\"url\":\"https:\\\/\\\/elmejorjamon.es\\\/fr\\\/producto\\\/jambon-iberique-de-50-monteparra-guijuelo\\\/\",\"name\":\"Jambon ib\u00e9rique de 50% Monteparra Guijuelo - El Mejor Jam\u00f3n\",\"isPartOf\":{\"@id\":\"https:\\\/\\\/elmejorjamon.es\\\/#website\"},\"primaryImageOfPage\":{\"@id\":\"https:\\\/\\\/elmejorjamon.es\\\/fr\\\/producto\\\/jambon-iberique-de-50-monteparra-guijuelo\\\/#primaryimage\"},\"image\":{\"@id\":\"https:\\\/\\\/elmejorjamon.es\\\/fr\\\/producto\\\/jambon-iberique-de-50-monteparra-guijuelo\\\/#primaryimage\"},\"thumbnailUrl\":\"https:\\\/\\\/elmejorjamon.es\\\/wp-content\\\/uploads\\\/2013\\\/11\\\/2590-thickbox_default-Jamon-de-cebo-50berico-Monteparra.jpg\",\"datePublished\":\"2013-11-23T18:54:04+00:00\",\"dateModified\":\"2025-03-26T09:57:16+00:00\",\"breadcrumb\":{\"@id\":\"https:\\\/\\\/elmejorjamon.es\\\/fr\\\/producto\\\/jambon-iberique-de-50-monteparra-guijuelo\\\/#breadcrumb\"},\"inLanguage\":\"fr-FR\",\"potentialAction\":[{\"@type\":\"ReadAction\",\"target\":[\"https:\\\/\\\/elmejorjamon.es\\\/fr\\\/producto\\\/jambon-iberique-de-50-monteparra-guijuelo\\\/\"]}]},{\"@type\":\"ImageObject\",\"inLanguage\":\"fr-FR\",\"@id\":\"https:\\\/\\\/elmejorjamon.es\\\/fr\\\/producto\\\/jambon-iberique-de-50-monteparra-guijuelo\\\/#primaryimage\",\"url\":\"https:\\\/\\\/elmejorjamon.es\\\/wp-content\\\/uploads\\\/2013\\\/11\\\/2590-thickbox_default-Jamon-de-cebo-50berico-Monteparra.jpg\",\"contentUrl\":\"https:\\\/\\\/elmejorjamon.es\\\/wp-content\\\/uploads\\\/2013\\\/11\\\/2590-thickbox_default-Jamon-de-cebo-50berico-Monteparra.jpg\",\"width\":1100,\"height\":1422},{\"@type\":\"BreadcrumbList\",\"@id\":\"https:\\\/\\\/elmejorjamon.es\\\/fr\\\/producto\\\/jambon-iberique-de-50-monteparra-guijuelo\\\/#breadcrumb\",\"itemListElement\":[{\"@type\":\"ListItem\",\"position\":1,\"name\":\"Portada\",\"item\":\"https:\\\/\\\/elmejorjamon.es\\\/fr\\\/\"},{\"@type\":\"ListItem\",\"position\":2,\"name\":\"D\u00e9marrage rapide\",\"item\":\"https:\\\/\\\/elmejorjamon.es\\\/fr\\\/\"},{\"@type\":\"ListItem\",\"position\":3,\"name\":\"Jambon ib\u00e9rique de 50% Monteparra Guijuelo\"}]},{\"@type\":\"WebSite\",\"@id\":\"https:\\\/\\\/elmejorjamon.es\\\/#website\",\"url\":\"https:\\\/\\\/elmejorjamon.es\\\/\",\"name\":\"El Mejor Jam\u00f3n\",\"description\":\"Comprar jamones y embutidos a buen precio\",\"publisher\":{\"@id\":\"https:\\\/\\\/elmejorjamon.es\\\/#organization\"},\"potentialAction\":[{\"@type\":\"SearchAction\",\"target\":{\"@type\":\"EntryPoint\",\"urlTemplate\":\"https:\\\/\\\/elmejorjamon.es\\\/?s={search_term_string}\"},\"query-input\":{\"@type\":\"PropertyValueSpecification\",\"valueRequired\":true,\"valueName\":\"search_term_string\"}}],\"inLanguage\":\"fr-FR\"},{\"@type\":\"Organization\",\"@id\":\"https:\\\/\\\/elmejorjamon.es\\\/#organization\",\"name\":\"El Mejor Jam\u00f3n\",\"url\":\"https:\\\/\\\/elmejorjamon.es\\\/\",\"logo\":{\"@type\":\"ImageObject\",\"inLanguage\":\"fr-FR\",\"@id\":\"https:\\\/\\\/elmejorjamon.es\\\/#\\\/schema\\\/logo\\\/image\\\/\",\"url\":\"https:\\\/\\\/elmejorjamon.es\\\/wp-content\\\/uploads\\\/2025\\\/01\\\/logocorreos.png\",\"contentUrl\":\"https:\\\/\\\/elmejorjamon.es\\\/wp-content\\\/uploads\\\/2025\\\/01\\\/logocorreos.png\",\"width\":277,\"height\":200,\"caption\":\"El Mejor Jam\u00f3n\"},\"image\":{\"@id\":\"https:\\\/\\\/elmejorjamon.es\\\/#\\\/schema\\\/logo\\\/image\\\/\"},\"sameAs\":[\"https:\\\/\\\/www.facebook.com\\\/elmejorjamonweb\",\"https:\\\/\\\/x.com\\\/elmejorjamonweb\",\"https:\\\/\\\/www.instagram.com\\\/elmejorjamonweb\\\/\"]}]}<\/script>\n<!-- \/ Yoast SEO plugin. -->","yoast_head_json":{"title":"Jambon ib\u00e9rique de 50% Monteparra Guijuelo - El Mejor Jam\u00f3n","robots":{"index":"index","follow":"follow","max-snippet":"max-snippet:-1","max-image-preview":"max-image-preview:large","max-video-preview":"max-video-preview:-1"},"canonical":"https:\/\/elmejorjamon.es\/fr\/producto\/jambon-iberique-de-50-monteparra-guijuelo\/","og_locale":"fr_FR","og_type":"article","og_title":"Jambon ib\u00e9rique de 50% Monteparra Guijuelo - El Mejor Jam\u00f3n","og_description":"Jambon ib\u00e9rique de 50% Monteparra Guijuelo","og_url":"https:\/\/elmejorjamon.es\/fr\/producto\/jambon-iberique-de-50-monteparra-guijuelo\/","og_site_name":"El Mejor Jam\u00f3n","article_publisher":"https:\/\/www.facebook.com\/elmejorjamonweb","article_modified_time":"2025-03-26T09:57:16+00:00","og_image":[{"width":1100,"height":1422,"url":"https:\/\/elmejorjamon.es\/wp-content\/uploads\/2013\/11\/2590-thickbox_default-Jamon-de-cebo-50berico-Monteparra.jpg","type":"image\/jpeg"}],"twitter_card":"summary_large_image","twitter_site":"@elmejorjamonweb","schema":{"@context":"https:\/\/schema.org","@graph":[{"@type":"WebPage","@id":"https:\/\/elmejorjamon.es\/fr\/producto\/jambon-iberique-de-50-monteparra-guijuelo\/","url":"https:\/\/elmejorjamon.es\/fr\/producto\/jambon-iberique-de-50-monteparra-guijuelo\/","name":"Jambon ib\u00e9rique de 50% Monteparra Guijuelo - El Mejor Jam\u00f3n","isPartOf":{"@id":"https:\/\/elmejorjamon.es\/#website"},"primaryImageOfPage":{"@id":"https:\/\/elmejorjamon.es\/fr\/producto\/jambon-iberique-de-50-monteparra-guijuelo\/#primaryimage"},"image":{"@id":"https:\/\/elmejorjamon.es\/fr\/producto\/jambon-iberique-de-50-monteparra-guijuelo\/#primaryimage"},"thumbnailUrl":"https:\/\/elmejorjamon.es\/wp-content\/uploads\/2013\/11\/2590-thickbox_default-Jamon-de-cebo-50berico-Monteparra.jpg","datePublished":"2013-11-23T18:54:04+00:00","dateModified":"2025-03-26T09:57:16+00:00","breadcrumb":{"@id":"https:\/\/elmejorjamon.es\/fr\/producto\/jambon-iberique-de-50-monteparra-guijuelo\/#breadcrumb"},"inLanguage":"fr-FR","potentialAction":[{"@type":"ReadAction","target":["https:\/\/elmejorjamon.es\/fr\/producto\/jambon-iberique-de-50-monteparra-guijuelo\/"]}]},{"@type":"ImageObject","inLanguage":"fr-FR","@id":"https:\/\/elmejorjamon.es\/fr\/producto\/jambon-iberique-de-50-monteparra-guijuelo\/#primaryimage","url":"https:\/\/elmejorjamon.es\/wp-content\/uploads\/2013\/11\/2590-thickbox_default-Jamon-de-cebo-50berico-Monteparra.jpg","contentUrl":"https:\/\/elmejorjamon.es\/wp-content\/uploads\/2013\/11\/2590-thickbox_default-Jamon-de-cebo-50berico-Monteparra.jpg","width":1100,"height":1422},{"@type":"BreadcrumbList","@id":"https:\/\/elmejorjamon.es\/fr\/producto\/jambon-iberique-de-50-monteparra-guijuelo\/#breadcrumb","itemListElement":[{"@type":"ListItem","position":1,"name":"Portada","item":"https:\/\/elmejorjamon.es\/fr\/"},{"@type":"ListItem","position":2,"name":"D\u00e9marrage rapide","item":"https:\/\/elmejorjamon.es\/fr\/"},{"@type":"ListItem","position":3,"name":"Jambon ib\u00e9rique de 50% Monteparra Guijuelo"}]},{"@type":"WebSite","@id":"https:\/\/elmejorjamon.es\/#website","url":"https:\/\/elmejorjamon.es\/","name":"El Mejor Jam\u00f3n","description":"Comprar jamones y embutidos a buen precio","publisher":{"@id":"https:\/\/elmejorjamon.es\/#organization"},"potentialAction":[{"@type":"SearchAction","target":{"@type":"EntryPoint","urlTemplate":"https:\/\/elmejorjamon.es\/?s={search_term_string}"},"query-input":{"@type":"PropertyValueSpecification","valueRequired":true,"valueName":"search_term_string"}}],"inLanguage":"fr-FR"},{"@type":"Organization","@id":"https:\/\/elmejorjamon.es\/#organization","name":"El Mejor Jam\u00f3n","url":"https:\/\/elmejorjamon.es\/","logo":{"@type":"ImageObject","inLanguage":"fr-FR","@id":"https:\/\/elmejorjamon.es\/#\/schema\/logo\/image\/","url":"https:\/\/elmejorjamon.es\/wp-content\/uploads\/2025\/01\/logocorreos.png","contentUrl":"https:\/\/elmejorjamon.es\/wp-content\/uploads\/2025\/01\/logocorreos.png","width":277,"height":200,"caption":"El Mejor Jam\u00f3n"},"image":{"@id":"https:\/\/elmejorjamon.es\/#\/schema\/logo\/image\/"},"sameAs":["https:\/\/www.facebook.com\/elmejorjamonweb","https:\/\/x.com\/elmejorjamonweb","https:\/\/www.instagram.com\/elmejorjamonweb\/"]}]}},"_links":{"self":[{"href":"https:\/\/elmejorjamon.es\/fr\/wp-json\/wp\/v2\/product\/2715","targetHints":{"allow":["GET"]}}],"collection":[{"href":"https:\/\/elmejorjamon.es\/fr\/wp-json\/wp\/v2\/product"}],"about":[{"href":"https:\/\/elmejorjamon.es\/fr\/wp-json\/wp\/v2\/types\/product"}],"replies":[{"embeddable":true,"href":"https:\/\/elmejorjamon.es\/fr\/wp-json\/wp\/v2\/comments?post=2715"}],"wp:featuredmedia":[{"embeddable":true,"href":"https:\/\/elmejorjamon.es\/fr\/wp-json\/wp\/v2\/media\/2679"}],"wp:attachment":[{"href":"https:\/\/elmejorjamon.es\/fr\/wp-json\/wp\/v2\/media?parent=2715"}],"wp:term":[{"taxonomy":"product_brand","embeddable":true,"href":"https:\/\/elmejorjamon.es\/fr\/wp-json\/wp\/v2\/product_brand?post=2715"},{"taxonomy":"product_cat","embeddable":true,"href":"https:\/\/elmejorjamon.es\/fr\/wp-json\/wp\/v2\/product_cat?post=2715"},{"taxonomy":"product_tag","embeddable":true,"href":"https:\/\/elmejorjamon.es\/fr\/wp-json\/wp\/v2\/product_tag?post=2715"}],"curies":[{"name":"wp","href":"https:\/\/api.w.org\/{rel}","templated":true}]}}